{"id":2,"date":"2018-08-05T12:32:05","date_gmt":"2018-08-05T17:32:05","guid":{"rendered":"http:\/\/eco-regalos.com\/colombia\/?page_id=2"},"modified":"2026-04-07T13:03:27","modified_gmt":"2026-04-07T18:03:27","slug":"regalos-ecologicos-corporativos-y-papel-semilla-personalizado","status":"publish","type":"page","link":"https:\/\/eco-regalos.com\/Colombia\/regalos-ecologicos-corporativos-y-papel-semilla-personalizado\/","title":{"rendered":"eco regalos \u00ae"},"content":{"rendered":"<h4><strong>Regalos Ecol\u00f3gicos Corporativos y papel semilla personalizado. eco regalos\u00ae<\/strong><\/h4>\n<p><strong>eco regalos<\/strong>\u00ae, l\u00edder en el desarrollo de <strong>Regalos Ecol\u00f3gicos Corporativos y papel semilla personalizado<\/strong>.\u00a0 <strong>eco regalos<\/strong>\u00ae es la empresa l\u00edder en la fabricaci\u00f3n de <strong>regalos corporativos germinables<\/strong> en Colombia y Per\u00fa.<\/p>\n<p>Somos <strong>fabricantes directos<\/strong>, desarrollamos <strong>etiquetas y empaques germinables<\/strong> para productos, material POP y de oficina.<\/p>\n<p>En <strong>eco regalos<\/strong>\u00ae somos innovadores y nos dedicamos al desarrollo permanentemente productos e insumos germinables como las\u00a0 escarapelas y material para eventos y para la industria en general.<\/p>\n<p>El objetivo es que los insumos como empaques y etiquetas se siembren para germinar una planta.<\/p>\n<p>Con esta acci\u00f3n se pretende disminuir la basura y aportar ox\u00edgeno a trav\u00e9s de la siembra de las tarjetas, etiquetas y empaques.<\/p>\n<p>Nuestros clientes son empresas que se preocupan por el cuidado del medioambiente y por incluir en sus productos, campa\u00f1as y eventos, productos responsables y que generen conciencia del cuidado ambiental.<\/p>\n<p>Adicional contamos en nuestro portafolio tambi\u00e9n con mini plantas, kits de siembra y papel semilla y productos elaborados en papel plantable.<\/p>\n<p data-start=\"1666\" data-end=\"1722\">Dise\u00f1amos <strong data-start=\"1676\" data-end=\"1716\">regalos empresariales personalizados<\/strong> para:<\/p>\n<ul data-start=\"1723\" data-end=\"1888\">\n<li data-start=\"1723\" data-end=\"1748\">\n<p data-start=\"1725\" data-end=\"1748\">Campa\u00f1as corporativas<\/p>\n<\/li>\n<li data-start=\"1749\" data-end=\"1783\">\n<p data-start=\"1751\" data-end=\"1783\">Eventos y ferias empresariales<\/p>\n<\/li>\n<li data-start=\"1784\" data-end=\"1821\">\n<p data-start=\"1786\" data-end=\"1821\">Programas de sostenibilidad y ESG<\/p>\n<\/li>\n<li data-start=\"1822\" data-end=\"1852\">\n<p data-start=\"1824\" data-end=\"1852\">Comunicaci\u00f3n institucional<\/p>\n<\/li>\n<li data-start=\"1853\" data-end=\"1888\">\n<p data-start=\"1855\" data-end=\"1888\">Relacionamiento con comunidades<\/p>\n<\/li>\n<\/ul>\n<p data-start=\"1890\" data-end=\"1944\">Nuestros productos no se desechan: <strong data-start=\"1925\" data-end=\"1943\">se transforman<\/strong>.<\/p>\n<h4><strong>HISTORIA<\/strong><\/h4>\n<p>Con m\u00e1s de 20 a\u00f1os de experiencia en el desarrollo de regalos corporativos ecologicos,\u00a0 <strong>millones\u00a0<\/strong>de personas han vivido la experiencia de sembrar una planta a trav\u00e9s de nuestros productos.<\/p>\n<p><strong>eco regalos \u00ae<\/strong>\u00a0desde su creaci\u00f3n ha mantenido el lema <strong><em>no regales basura, regala vida<\/em><\/strong>. Este principio se ha fortalecido y complementado a lo largo de estos\u00a0<strong>a\u00f1os<\/strong>\u00a0a trav\u00e9s del desarrollo de nuevos productos.<\/p>\n<p>La empresa inicia labores desarrollando <a href=\"http:\/\/eco-regalos.com\/colombia\/\"><em><strong>regalos corporativos<\/strong><\/em><\/a> que generan conciencia ambiental y que proponen vivir una experiencia vital al sembrar, germinar y cuidar una planta.<\/p>\n<p>Con este concepto las empresas comprometidas con el medio ambiente comenzaron hacer visibles sus pol\u00edticas de protecci\u00f3n al mismo a trav\u00e9s de nuestros regalos.<\/p>\n<p>Es de esta manera se genera una ola de pensamiento verde y responsable que en este momento ya est\u00e1 en nuestra consciencia colectiva.<\/p>\n<h4>Regalos Ecol\u00f3gicos Corporativos<\/h4>\n<p>Teniendo en cuenta esta experiencia, el prop\u00f3sito de la empresa se orient\u00f3 en la elaboraci\u00f3n de productos de consumo industrial como las etiquetas y empaques para productos que se desechan para convertirlos en una planta que produce ox\u00edgeno.<\/p>\n<p>Es as\u00ed como comenzamos a desarrollar las <strong>etiquetas<\/strong> y <strong>empaques germinables.\u00a0\u00a0<\/strong> Con este nuevo proyecto comenzamos a cumplir con el objetivo de transformar la basura que deja un producto, en un \u00e1rbol que aporta una linda experiencia, genera conciencia y aporta ox\u00edgeno.<\/p>\n<p>Posterior a esto y con el mismo objetivo desarrollamos insumos para la industria, material para oficina, eventos y otros como las escarapelas germinables.<\/p>\n<p>En el caso de estas \u00faltimas la experiencia es muy significativa puesto que cada evento deja mucha basura.\u00a0 Las escarapelas se siembran y germina un \u00e1rbol o una huerta creando un contexto ambiental positivo y reforzando la imagen del evento.<\/p>\n<p>Con este mismo concepto hemos desarrollado portavasos , separadores de libros, calendarios, tarjetas personales, invitaciones y otros germinables.<\/p>\n<h4>Regalos empresariales con vida<\/h4>\n<p>Nuestros productos son innovadores, originales y generan conciencia, esto es lo que ha posibilitado que desde el principio y en la actualidad, continuemos siendo la empresa l\u00edder en el desarrollo de regalos, productos e insumos germinables.<\/p>\n<p>Con el paso del tiempo nuestro portafolio se ha ampliado ofreciendo plantas vivas y miniaturas como las suculentas, mini huertas y bons\u00e1i.<\/p>\n<p>Con respecto a los <a href=\"http:\/\/eco-regalos.com\/colombia\/\"><strong>regalos corporativos<\/strong><\/a>, la experiencia de nuestra empresa ha sido muy positiva.<\/p>\n<p>Las campa\u00f1as son totalmente exitosas debido al mensaje y a la interacci\u00f3n con el producto.\u00a0 El usuario vive una experiencia permanente germinando y cuidando una planta.<\/p>\n<p>La recordaci\u00f3n de la marca se extiende en el tiempo a trav\u00e9s de esta experiencia.\u00a0 Es por esto que desde esa perspectiva desarrollamos\u00a0 kits de siembra de bons\u00e1i y mini huertas.<\/p>\n<p>El prop\u00f3sito es vivir una experiencia inolvidable a la vez que se va posicionando la marca como una marca positiva para el medioambiente.<\/p>\n<p>Regala responsable, otro de nuestros principios: cuando hacemos un regalo lo que pretendemos es mandar un mensaje o generar la recordaci\u00f3n de algo.<\/p>\n<p>Los e<strong>co regalos \u00ae\u00a0<\/strong> adem\u00e1s de cumplir con esta funci\u00f3n son en s\u00ed mismos un mensaje, los <strong>regalos ecol\u00f3gicos<\/strong> invitan a ser responsables, conscientes, a llevar un estilo de vida \u00a0enmarcado en valores y en la pr\u00e1ctica de actividades saludables y gratificantes.<\/p>\n<h5><strong>SOPORTE T\u00c9CNICO Y ACOMPA\u00d1AMIENTO<\/strong><\/h5>\n<p>Para e<strong>co-regalos \u00ae<\/strong>\u00a0es muy importante que todas las plantas que entrega a sus clientes germinen y que cada persona que adquiera un producto de nuestra empresa pueda disfrutar de una linda experiencia, por esta raz\u00f3n todos nuestros productos incluyen un programa de soporte t\u00e9cnico como pol\u00edtica de calidad y de servicio al cliente.<\/p>\n<p>Al recibir un producto de e<strong>co -regalos \u00ae<\/strong>\u00a0adem\u00e1s de adquirir un producto de calidad, se adquiere una experiencia de vida con un acompa\u00f1amiento en cualquier etapa del proceso.<br \/>\n<strong>\u00a0<\/strong><\/p>\n<h4>C\u00f3mo<b>\u00a0funciona<\/b>\u00a0el soporte <span style=\"font-size: 13.28px;\">t\u00e9cnico<\/span>\u00a0de eco regalos\u00ae<\/h4>\n<p>Se debe inscribir el producto en nuestro sitio WEB antes de la siembra para recibir en el correo instrucciones, recomendaciones y asesor\u00eda en cada etapa de las plantas: siembra, germinaci\u00f3n y desarrollo.<\/p>\n<p>Este correo se recibe de forma peri\u00f3dica y de acuerdo a la edad en que se encuentre la planta, brindando informaci\u00f3n valiosa en el momento adecuado y correspondiente al proceso de cada planta.<\/p>\n<p>Si surge algunas duda se puede responder a alguno de estos correos y un experto acompa\u00f1ar\u00e1 y resolver\u00e1 todas las dudas de cada usuario.<\/p>\n<p>Para realizar la inscripci\u00f3n se debe ingresar a www.eco-regalos.com\/soporte y seguir las instrucciones.<\/p>\n<p>Toda la informaci\u00f3n que enviamos es acerca de los cuidados, el mantenimientos, fungicidas, cosechas, podas y todo lo relacionado con la plantita.<\/p>\n<p>Todas nuestras recomendaciones son verdes, es decir, consejos saludables y org\u00e1nicos para el manejo de la planta. \u00a0Por ejemplo, ense\u00f1amos a preparar fungicidas con plantas como el ajo y la Citronela o abonos preparados con el Calcio o Potasio de residuos de alimentos entre otros.<\/p>\n<h5><strong>COMERCIALIZACI\u00d3N<\/strong><\/h5>\n<p>Todos nuestros Regalos Ecol\u00f3gicos Corporativos, eco regalos\u00ae,\u00a0 se han utilizado en campa\u00f1as muy exitosas debido al mensaje que transmiten y a los sentimientos positivos que generan.<\/p>\n<p>Adem\u00e1s son l\u00fadicos e involucran una actividad diaria gratificante que lleva a recordar la marca con mucha simpat\u00eda.<\/p>\n<p>Es por esta raz\u00f3n que peque\u00f1as, medianas y grandes empresas escogen nuestros productos para sus campa\u00f1as m\u00e1s sensibles y significativas depositando su confianza en nuestra empresa y en los diez a\u00f1os de experiencia que tenemos en el desarrollo y elaboraci\u00f3n de los elementos comunicativos con los que desean reflejar su mejor imagen.<\/p>\n<p>Todo este impacto tambi\u00e9n se ha visto reflejado en el aumento de intermediarios que se suscriben para comercializar nuestros productos.<\/p>\n<p>Por esta raz\u00f3n implementamos la plataforma de intermediarios a la cual acceden las empresas de publicidad, comercializadores de art\u00edculos promocionales, tiendas de regalos y puntos de ventas entre otros; en la cual cada intermediario autorizado dispone de todas las herramientas para ejercer una labor comercial competitiva.<\/p>\n<p>Entre los beneficios tenemos descuentos, soporte t\u00e9cnico, muestrario sin costo entre otros.<\/p>\n<p><strong>Regalos Ecol\u00f3gicos Corporativos<\/strong> llenos de vida!<\/p>\n","protected":false},"excerpt":{"rendered":"<p>Regalos Ecol\u00f3gicos Corporativos y papel semilla personalizado. eco regalos\u00ae eco regalos\u00ae, l\u00edder en el desarrollo de Regalos Ecol\u00f3gicos Corporativos y papel semilla personalizado.\u00a0 eco regalos\u00ae es la empresa l\u00edder en la fabricaci\u00f3n de regalos corporativos germinables en Colombia y Per\u00fa. Somos fabricantes directos, desarrollamos etiquetas y empaques germinables para productos, material POP y de oficina. En eco regalos\u00ae somos innovadores y nos dedicamos al desarrollo permanentemente productos e insumos germinables como las\u00a0 escarapelas y material para eventos y para la industria en general. El objetivo es que los insumos como&hellip;<\/p>\n","protected":false},"author":1,"featured_media":0,"parent":0,"menu_order":0,"comment_status":"closed","ping_status":"closed","template":"","meta":{"_sitemap_exclude":false,"_sitemap_priority":"","_sitemap_frequency":"","footnotes":""},"class_list":["post-2","page","type-page","status-publish","hentry"],"yoast_head":"<!-- This site is optimized with the Yoast SEO Premium plugin v27.4 (Yoast SEO v27.4) - https:\/\/yoast.com\/product\/yoast-seo-premium-wordpress\/ -->\n<title>Regalos Ecol\u00f3gicos Corporativos y papel semilla personalizado<\/title>\n<meta name=\"description\" content=\"Regalos Ecol\u00f3gicos Corporativos y papel semilla personalizado. eco regalos\u00ae Colombia y Per\u00fa. L\u00edder en regalos ecologicos corporativos.\" \/>\n<meta name=\"robots\" content=\"index, follow, max-snippet:-1, max-image-preview:large, max-video-preview:-1\" \/>\n<link rel=\"canonical\" href=\"https:\/\/eco-regalos.com\/Colombia\/regalos-ecologicos-corporativos-y-papel-semilla-personalizado\/\" \/>\n<meta property=\"og:locale\" content=\"es_ES\" \/>\n<meta property=\"og:type\" content=\"article\" \/>\n<meta property=\"og:title\" content=\"eco regalos \u00ae\" \/>\n<meta property=\"og:description\" content=\"Regalos Ecol\u00f3gicos Corporativos y papel semilla personalizado. eco regalos\u00ae Colombia y Per\u00fa. L\u00edder en regalos ecologicos corporativos.\" \/>\n<meta property=\"og:url\" content=\"https:\/\/eco-regalos.com\/Colombia\/regalos-ecologicos-corporativos-y-papel-semilla-personalizado\/\" \/>\n<meta property=\"og:site_name\" content=\"Productos Germinables y papel semilla\" \/>\n<meta property=\"article:modified_time\" content=\"2026-04-07T18:03:27+00:00\" \/>\n<meta name=\"twitter:card\" content=\"summary_large_image\" \/>\n<meta name=\"twitter:label1\" content=\"Tiempo de lectura\" \/>\n\t<meta name=\"twitter:data1\" content=\"6 minutos\" \/>\n<script type=\"application\/ld+json\" class=\"yoast-schema-graph\">{\"@context\":\"https:\\\/\\\/schema.org\",\"@graph\":[{\"@type\":\"WebPage\",\"@id\":\"https:\\\/\\\/eco-regalos.com\\\/Colombia\\\/regalos-ecologicos-corporativos-y-papel-semilla-personalizado\\\/\",\"url\":\"https:\\\/\\\/eco-regalos.com\\\/Colombia\\\/regalos-ecologicos-corporativos-y-papel-semilla-personalizado\\\/\",\"name\":\"Regalos Ecol\u00f3gicos Corporativos y papel semilla personalizado\",\"isPartOf\":{\"@id\":\"https:\\\/\\\/eco-regalos.com\\\/Colombia\\\/#website\"},\"datePublished\":\"2018-08-05T17:32:05+00:00\",\"dateModified\":\"2026-04-07T18:03:27+00:00\",\"description\":\"Regalos Ecol\u00f3gicos Corporativos y papel semilla personalizado. eco regalos\u00ae Colombia y Per\u00fa. L\u00edder en regalos ecologicos corporativos.\",\"breadcrumb\":{\"@id\":\"https:\\\/\\\/eco-regalos.com\\\/Colombia\\\/regalos-ecologicos-corporativos-y-papel-semilla-personalizado\\\/#breadcrumb\"},\"inLanguage\":\"es\",\"potentialAction\":[{\"@type\":\"ReadAction\",\"target\":[\"https:\\\/\\\/eco-regalos.com\\\/Colombia\\\/regalos-ecologicos-corporativos-y-papel-semilla-personalizado\\\/\"]}]},{\"@type\":\"BreadcrumbList\",\"@id\":\"https:\\\/\\\/eco-regalos.com\\\/Colombia\\\/regalos-ecologicos-corporativos-y-papel-semilla-personalizado\\\/#breadcrumb\",\"itemListElement\":[{\"@type\":\"ListItem\",\"position\":1,\"name\":\"Portada\",\"item\":\"https:\\\/\\\/eco-regalos.com\\\/Colombia\\\/\"},{\"@type\":\"ListItem\",\"position\":2,\"name\":\"eco regalos \u00ae\"}]},{\"@type\":\"WebSite\",\"@id\":\"https:\\\/\\\/eco-regalos.com\\\/Colombia\\\/#website\",\"url\":\"https:\\\/\\\/eco-regalos.com\\\/Colombia\\\/\",\"name\":\"Eco Regalos - Merchandising Ecol\u00f3gico\",\"description\":\"\",\"publisher\":{\"@id\":\"https:\\\/\\\/eco-regalos.com\\\/Colombia\\\/#organization\"},\"alternateName\":\"eco-regalos.com\",\"potentialAction\":[{\"@type\":\"SearchAction\",\"target\":{\"@type\":\"EntryPoint\",\"urlTemplate\":\"https:\\\/\\\/eco-regalos.com\\\/Colombia\\\/?s={search_term_string}\"},\"query-input\":{\"@type\":\"PropertyValueSpecification\",\"valueRequired\":true,\"valueName\":\"search_term_string\"}}],\"inLanguage\":\"es\"},{\"@type\":[\"Organization\",\"Place\"],\"@id\":\"https:\\\/\\\/eco-regalos.com\\\/Colombia\\\/#organization\",\"name\":\"Eco Regalos\",\"url\":\"https:\\\/\\\/eco-regalos.com\\\/Colombia\\\/\",\"logo\":{\"@id\":\"https:\\\/\\\/eco-regalos.com\\\/Colombia\\\/regalos-ecologicos-corporativos-y-papel-semilla-personalizado\\\/#local-main-organization-logo\"},\"image\":{\"@id\":\"https:\\\/\\\/eco-regalos.com\\\/Colombia\\\/regalos-ecologicos-corporativos-y-papel-semilla-personalizado\\\/#local-main-organization-logo\"},\"telephone\":[],\"openingHoursSpecification\":[{\"@type\":\"OpeningHoursSpecification\",\"dayOfWeek\":[\"Sunday\",\"Monday\",\"Tuesday\",\"Wednesday\",\"Thursday\",\"Friday\",\"Saturday\"],\"opens\":\"09:00\",\"closes\":\"17:00\"}]},{\"@type\":\"ImageObject\",\"inLanguage\":\"es\",\"@id\":\"https:\\\/\\\/eco-regalos.com\\\/Colombia\\\/regalos-ecologicos-corporativos-y-papel-semilla-personalizado\\\/#local-main-organization-logo\",\"url\":\"https:\\\/\\\/eco-regalos.com\\\/Colombia\\\/wp-content\\\/uploads\\\/2020\\\/08\\\/logo-2015-con-slogan.jpg\",\"contentUrl\":\"https:\\\/\\\/eco-regalos.com\\\/Colombia\\\/wp-content\\\/uploads\\\/2020\\\/08\\\/logo-2015-con-slogan.jpg\",\"width\":1461,\"height\":1121,\"caption\":\"Eco Regalos\"}]}<\/script>\n<!-- \/ Yoast SEO Premium plugin. -->","yoast_head_json":{"title":"Regalos Ecol\u00f3gicos Corporativos y papel semilla personalizado","description":"Regalos Ecol\u00f3gicos Corporativos y papel semilla personalizado. eco regalos\u00ae Colombia y Per\u00fa. L\u00edder en regalos ecologicos corporativos.","robots":{"index":"index","follow":"follow","max-snippet":"max-snippet:-1","max-image-preview":"max-image-preview:large","max-video-preview":"max-video-preview:-1"},"canonical":"https:\/\/eco-regalos.com\/Colombia\/regalos-ecologicos-corporativos-y-papel-semilla-personalizado\/","og_locale":"es_ES","og_type":"article","og_title":"eco regalos \u00ae","og_description":"Regalos Ecol\u00f3gicos Corporativos y papel semilla personalizado. eco regalos\u00ae Colombia y Per\u00fa. L\u00edder en regalos ecologicos corporativos.","og_url":"https:\/\/eco-regalos.com\/Colombia\/regalos-ecologicos-corporativos-y-papel-semilla-personalizado\/","og_site_name":"Productos Germinables y papel semilla","article_modified_time":"2026-04-07T18:03:27+00:00","twitter_card":"summary_large_image","twitter_misc":{"Tiempo de lectura":"6 minutos"},"schema":{"@context":"https:\/\/schema.org","@graph":[{"@type":"WebPage","@id":"https:\/\/eco-regalos.com\/Colombia\/regalos-ecologicos-corporativos-y-papel-semilla-personalizado\/","url":"https:\/\/eco-regalos.com\/Colombia\/regalos-ecologicos-corporativos-y-papel-semilla-personalizado\/","name":"Regalos Ecol\u00f3gicos Corporativos y papel semilla personalizado","isPartOf":{"@id":"https:\/\/eco-regalos.com\/Colombia\/#website"},"datePublished":"2018-08-05T17:32:05+00:00","dateModified":"2026-04-07T18:03:27+00:00","description":"Regalos Ecol\u00f3gicos Corporativos y papel semilla personalizado. eco regalos\u00ae Colombia y Per\u00fa. L\u00edder en regalos ecologicos corporativos.","breadcrumb":{"@id":"https:\/\/eco-regalos.com\/Colombia\/regalos-ecologicos-corporativos-y-papel-semilla-personalizado\/#breadcrumb"},"inLanguage":"es","potentialAction":[{"@type":"ReadAction","target":["https:\/\/eco-regalos.com\/Colombia\/regalos-ecologicos-corporativos-y-papel-semilla-personalizado\/"]}]},{"@type":"BreadcrumbList","@id":"https:\/\/eco-regalos.com\/Colombia\/regalos-ecologicos-corporativos-y-papel-semilla-personalizado\/#breadcrumb","itemListElement":[{"@type":"ListItem","position":1,"name":"Portada","item":"https:\/\/eco-regalos.com\/Colombia\/"},{"@type":"ListItem","position":2,"name":"eco regalos \u00ae"}]},{"@type":"WebSite","@id":"https:\/\/eco-regalos.com\/Colombia\/#website","url":"https:\/\/eco-regalos.com\/Colombia\/","name":"Eco Regalos - Merchandising Ecol\u00f3gico","description":"","publisher":{"@id":"https:\/\/eco-regalos.com\/Colombia\/#organization"},"alternateName":"eco-regalos.com","potentialAction":[{"@type":"SearchAction","target":{"@type":"EntryPoint","urlTemplate":"https:\/\/eco-regalos.com\/Colombia\/?s={search_term_string}"},"query-input":{"@type":"PropertyValueSpecification","valueRequired":true,"valueName":"search_term_string"}}],"inLanguage":"es"},{"@type":["Organization","Place"],"@id":"https:\/\/eco-regalos.com\/Colombia\/#organization","name":"Eco Regalos","url":"https:\/\/eco-regalos.com\/Colombia\/","logo":{"@id":"https:\/\/eco-regalos.com\/Colombia\/regalos-ecologicos-corporativos-y-papel-semilla-personalizado\/#local-main-organization-logo"},"image":{"@id":"https:\/\/eco-regalos.com\/Colombia\/regalos-ecologicos-corporativos-y-papel-semilla-personalizado\/#local-main-organization-logo"},"telephone":[],"openingHoursSpecification":[{"@type":"OpeningHoursSpecification","dayOfWeek":["Sunday","Monday","Tuesday","Wednesday","Thursday","Friday","Saturday"],"opens":"09:00","closes":"17:00"}]},{"@type":"ImageObject","inLanguage":"es","@id":"https:\/\/eco-regalos.com\/Colombia\/regalos-ecologicos-corporativos-y-papel-semilla-personalizado\/#local-main-organization-logo","url":"https:\/\/eco-regalos.com\/Colombia\/wp-content\/uploads\/2020\/08\/logo-2015-con-slogan.jpg","contentUrl":"https:\/\/eco-regalos.com\/Colombia\/wp-content\/uploads\/2020\/08\/logo-2015-con-slogan.jpg","width":1461,"height":1121,"caption":"Eco Regalos"}]}},"_links":{"self":[{"href":"https:\/\/eco-regalos.com\/Colombia\/wp-json\/wp\/v2\/pages\/2","targetHints":{"allow":["GET"]}}],"collection":[{"href":"https:\/\/eco-regalos.com\/Colombia\/wp-json\/wp\/v2\/pages"}],"about":[{"href":"https:\/\/eco-regalos.com\/Colombia\/wp-json\/wp\/v2\/types\/page"}],"author":[{"embeddable":true,"href":"https:\/\/eco-regalos.com\/Colombia\/wp-json\/wp\/v2\/users\/1"}],"replies":[{"embeddable":true,"href":"https:\/\/eco-regalos.com\/Colombia\/wp-json\/wp\/v2\/comments?post=2"}],"version-history":[{"count":36,"href":"https:\/\/eco-regalos.com\/Colombia\/wp-json\/wp\/v2\/pages\/2\/revisions"}],"predecessor-version":[{"id":6662,"href":"https:\/\/eco-regalos.com\/Colombia\/wp-json\/wp\/v2\/pages\/2\/revisions\/6662"}],"wp:attachment":[{"href":"https:\/\/eco-regalos.com\/Colombia\/wp-json\/wp\/v2\/media?parent=2"}],"curies":[{"name":"wp","href":"https:\/\/api.w.org\/{rel}","templated":true}]}}