{"id":637,"date":"2018-08-08T15:14:34","date_gmt":"2018-08-08T20:14:34","guid":{"rendered":"http:\/\/eco-regalos.com\/colombia\/?page_id=637"},"modified":"2024-02-20T16:34:08","modified_gmt":"2024-02-20T21:34:08","slug":"politica-de-privacidad","status":"publish","type":"page","link":"https:\/\/eco-regalos.com\/Colombia\/politica-de-privacidad\/","title":{"rendered":"Pol\u00edtica de privacidad"},"content":{"rendered":"<p><span style=\"color: #000000; font-family: Arial, Helvetica, sans-serif; font-size: large;\"><strong>Pol\u00edtica de Privacidad<\/strong><\/span><\/p>\n<p><span style=\"color: #333333; font-family: Arial, Helvetica, sans-serif; font-size: small;\">En\u00a0<strong>PlantaTusSentimientos.com<\/strong>\u00a0reconocemos que la privacidad es importante. Valoramos a nuestros clientes y respetamos su privacidad. Por ello, hemos creado esta pol\u00edtica de privacidad del email para demostrar nuestro compromiso a su privacidad y la protecci\u00f3n de su informaci\u00f3n. Por favor lea el siguiente documento para conocer m\u00e1s sobre nuestra pol\u00edtica de privacidad.<\/span><\/p>\n<p align=\"justify\"><span style=\"color: #333333; font-family: Arial, Helvetica, sans-serif; font-size: small;\"><strong>Por qu\u00e9 Ud. recibi\u00f3 un email nuestro?<\/strong><\/span><\/p>\n<p align=\"justify\"><span style=\"color: #333333; font-family: Arial, Helvetica, sans-serif; font-size: small;\">Si usted recibi\u00f3 un email de parte nuestra, es porque su direcci\u00f3n email consta como alguien que puede recibir emails, que ha compartido su email con nosotros con el prop\u00f3sito de recibir informaci\u00f3n en el futuro, se encuentra registrado o existe alguna relaci\u00f3n entre Ud. y nosotros. Respetamos su tiempo y atenci\u00f3n controlando la frecuencia con la que enviamos nuestros emails.<\/span><\/p>\n<p align=\"justify\"><span style=\"color: #333333; font-family: Arial, Helvetica, sans-serif; font-size: small;\"><strong>Qu\u00e9 tipo de informaci\u00f3n colectamos?<\/strong><\/span><\/p>\n<p align=\"justify\"><span style=\"color: #333333; font-family: Arial, Helvetica, sans-serif; font-size: small;\">Este sitio web no ofrece a sus visitantes la opci\u00f3n de suministrar informaci\u00f3n personal. Informaci\u00f3n personal no es colectada a trav\u00e9s de este sitio.<\/span><\/p>\n<p align=\"justify\"><span style=\"color: #333333; font-family: Arial, Helvetica, sans-serif; font-size: small;\">Este sitio usa Google Analytics para analizar el sitio web, que incluye el almacenamiento y procesamiento de informaci\u00f3n tal como que buscador y que palabras clave utilizo para encontrar e ingresar a este sitio. Google Analytics utiliza tanto cookies y web beacons para recopilar informaci\u00f3n. \u201cCookies\u201d son peque\u00f1os archivos texto que contienen una cadena de caracteres alfanum\u00e9rica usados para asociar una acci\u00f3n tomada por el buscador con su correspondiente secuencia de acciones. \u201cWeb beacons\u201d son peque\u00f1as cadenas de c\u00f3digo HTML que es colocado en la p\u00e1gina web, algunas veces son llamados \u201cGIFs limpios\u201d (Formato de Intercambio de Gr\u00e1ficos) o \u201cetiquetas pixel\u201d. Web beacons son regularmente utilizados en conjunto con los cookies.<\/span><\/p>\n<p align=\"justify\"><span style=\"color: #333333; font-family: Arial, Helvetica, sans-serif; font-size: small;\"><strong>C\u00f3mo utilizamos y compartimos su informaci\u00f3n personal?<\/strong><\/span><\/p>\n<p align=\"justify\"><span style=\"color: #333333; font-family: Arial, Helvetica, sans-serif; font-size: small;\">Nosotros no compartimos, vendemos o rentamos su direcci\u00f3n email o informaci\u00f3n personal a otras compa\u00f1\u00edas.\u00a0<strong>PlantaTusSentimientos.com<\/strong>\u00a0solo compartir\u00e1 informaci\u00f3n personal con sus subsidiarias o si\u00a0<strong>PlantaTusSentimientos.com<\/strong>\u00a0se llega a ver envuelta en una fusi\u00f3n, adquisici\u00f3n, insolvencia o venta de activos.<\/span><\/p>\n<p align=\"justify\"><span style=\"color: #333333; font-family: Arial, Helvetica, sans-serif; font-size: small;\"><strong>Qu\u00e9 puede hacer para dejar de recibir nuestros emails?<\/strong><\/span><\/p>\n<p align=\"justify\"><span style=\"color: #333333; font-family: Arial, Helvetica, sans-serif; font-size: small;\">Cada email enviado contiene una forma sencilla, automatizada para cesar de recibir nuestros emails. Si usted desea hacer esto, simplemente siga las instrucciones localizadas al final de cualquier email.<\/span><\/p>\n<p align=\"justify\"><span style=\"color: #333333; font-family: Arial, Helvetica, sans-serif; font-size: small;\">Para remover su nombre de nuestra lista de marketing, siga las instrucciones abajo indicadas:<\/span><\/p>\n<p align=\"justify\"><span style=\"color: #333333; font-family: Arial, Helvetica, sans-serif; font-size: small;\">\u2022 De clic sobre el enlace de \u00abdesuscribir\u00bb localizado en todos los emails promocionales, de esta manera usted se desuscribe autom\u00e1tica e inmediatamente de nuestra lista de correos.<\/span><\/p>\n<p align=\"justify\"><span style=\"color: #333333; font-family: Arial, Helvetica, sans-serif; font-size: small;\">\u2022 Envi\u00e9 un email en blanco a\u00a0<a href=\"mailto:desuscribir@PlantaTusSentimientos.com\">desuscribir@PlantaTusSentimientos.com<\/a><br \/>\n<strong>Nota:\u00a0<\/strong>Toda solicitud de parar de enviar email promocionales tramitada por este medio ser\u00e1n realizados en un lapso de hasta 10 d\u00edas laborables.<\/span><\/p>\n<p align=\"justify\"><span style=\"color: #333333; font-family: Arial, Helvetica, sans-serif; font-size: small;\"><strong>Enlaces a otros sitios web<\/strong><\/span><\/p>\n<p align=\"justify\"><span style=\"color: #333333; font-family: Arial, Helvetica, sans-serif; font-size: small;\">Este sitio web no contiene enlaces hacia otros sitios web, ni usamos banners o piezas publicitarias de otras empresas.<\/span><\/p>\n<p align=\"justify\"><span style=\"color: #333333; font-family: Arial, Helvetica, sans-serif; font-size: small;\"><strong>Cambios a esta pol\u00edtica<\/strong><\/span><\/p>\n<p align=\"justify\"><span style=\"color: #333333; font-family: Arial, Helvetica, sans-serif; font-size: small;\"><strong>PlantaTusSentimientos.com<\/strong>\u00a0puede cambiar esta pol\u00edtica de privacidad con el tiempo. Nosotros publicaremos la versi\u00f3n mas reciente de nuestra pol\u00edtica de privacidad en nuestra p\u00e1gina\u00a0www.PlantaTusSentimientos.com\/PoliticaPrivacidad.html<\/span><\/p>\n<p align=\"justify\"><span style=\"color: #333333; font-family: Arial, Helvetica, sans-serif; font-size: small;\"><strong>Preguntas al respecto de privacidad<\/strong><\/span><\/p>\n<p align=\"justify\"><span style=\"color: #333333; font-family: Arial, Helvetica, sans-serif; font-size: small;\">Si tiene alguna pregunta adicional al respecto de la pol\u00edtica de privacidad de este sitio, envi\u00e9 un email a\u00a0<a href=\"mailto:Soporte@PlantaTusSentimientos.com\">Soporte@PlantaTusSentimientos.com<\/a>, si\u00e9ntase libre de contactarnos a trav\u00e9s de nuestro sitio web, ll\u00e1menos al<strong>\u00a0(571) 8623031\u00a0<\/strong>o escribanos a:<a href=\"mailto:info@PlantaTusSentimientos.com%20\">\u00a0info<\/a>@plantatussentimientos.com<\/span><\/p>\n","protected":false},"excerpt":{"rendered":"<p>Pol\u00edtica de Privacidad En\u00a0PlantaTusSentimientos.com\u00a0reconocemos que la privacidad es importante. Valoramos a nuestros clientes y respetamos su privacidad. Por ello, hemos creado esta pol\u00edtica de privacidad del email para demostrar nuestro compromiso a su privacidad y la protecci\u00f3n de su informaci\u00f3n. Por favor lea el siguiente documento para conocer m\u00e1s sobre nuestra pol\u00edtica de privacidad. Por qu\u00e9 Ud. recibi\u00f3 un email nuestro? Si usted recibi\u00f3 un email de parte nuestra, es porque su direcci\u00f3n email consta como alguien que puede recibir emails, que ha compartido su email con nosotros con el&hellip;<\/p>\n","protected":false},"author":1,"featured_media":0,"parent":0,"menu_order":0,"comment_status":"closed","ping_status":"closed","template":"","meta":{"_sitemap_exclude":false,"_sitemap_priority":"","_sitemap_frequency":"","footnotes":""},"class_list":["post-637","page","type-page","status-publish","hentry"],"yoast_head":"<!-- This site is optimized with the Yoast SEO Premium plugin v27.4 (Yoast SEO v27.4) - https:\/\/yoast.com\/product\/yoast-seo-premium-wordpress\/ -->\n<title>Regalos Ecologicos Corporativos y papel semilla<\/title>\n<meta name=\"description\" content=\"Regalos personalizados en Colombia. Kits de siembra, papel semilla, tarjetas e invitaciones sembrables y germinables.\" \/>\n<meta name=\"robots\" content=\"index, follow, max-snippet:-1, max-image-preview:large, max-video-preview:-1\" \/>\n<link rel=\"canonical\" href=\"https:\/\/eco-regalos.com\/Colombia\/politica-de-privacidad\/\" \/>\n<meta property=\"og:locale\" content=\"es_ES\" \/>\n<meta property=\"og:type\" content=\"article\" \/>\n<meta property=\"og:title\" content=\"Pol\u00edtica de privacidad\" \/>\n<meta property=\"og:description\" content=\"Regalos personalizados en Colombia. Kits de siembra, papel semilla, tarjetas e invitaciones sembrables y germinables.\" \/>\n<meta property=\"og:url\" content=\"https:\/\/eco-regalos.com\/Colombia\/politica-de-privacidad\/\" \/>\n<meta property=\"og:site_name\" content=\"Productos Germinables y papel semilla\" \/>\n<meta property=\"article:modified_time\" content=\"2024-02-20T21:34:08+00:00\" \/>\n<meta name=\"twitter:card\" content=\"summary_large_image\" \/>\n<meta name=\"twitter:label1\" content=\"Tiempo de lectura\" \/>\n\t<meta name=\"twitter:data1\" content=\"3 minutos\" \/>\n<script type=\"application\/ld+json\" class=\"yoast-schema-graph\">{\"@context\":\"https:\\\/\\\/schema.org\",\"@graph\":[{\"@type\":\"WebPage\",\"@id\":\"https:\\\/\\\/eco-regalos.com\\\/Colombia\\\/politica-de-privacidad\\\/\",\"url\":\"https:\\\/\\\/eco-regalos.com\\\/Colombia\\\/politica-de-privacidad\\\/\",\"name\":\"Regalos Ecologicos Corporativos y papel semilla\",\"isPartOf\":{\"@id\":\"https:\\\/\\\/eco-regalos.com\\\/Colombia\\\/#website\"},\"datePublished\":\"2018-08-08T20:14:34+00:00\",\"dateModified\":\"2024-02-20T21:34:08+00:00\",\"description\":\"Regalos personalizados en Colombia. Kits de siembra, papel semilla, tarjetas e invitaciones sembrables y germinables.\",\"breadcrumb\":{\"@id\":\"https:\\\/\\\/eco-regalos.com\\\/Colombia\\\/politica-de-privacidad\\\/#breadcrumb\"},\"inLanguage\":\"es\",\"potentialAction\":[{\"@type\":\"ReadAction\",\"target\":[\"https:\\\/\\\/eco-regalos.com\\\/Colombia\\\/politica-de-privacidad\\\/\"]}]},{\"@type\":\"BreadcrumbList\",\"@id\":\"https:\\\/\\\/eco-regalos.com\\\/Colombia\\\/politica-de-privacidad\\\/#breadcrumb\",\"itemListElement\":[{\"@type\":\"ListItem\",\"position\":1,\"name\":\"Portada\",\"item\":\"https:\\\/\\\/eco-regalos.com\\\/Colombia\\\/\"},{\"@type\":\"ListItem\",\"position\":2,\"name\":\"Pol\u00edtica de privacidad\"}]},{\"@type\":\"WebSite\",\"@id\":\"https:\\\/\\\/eco-regalos.com\\\/Colombia\\\/#website\",\"url\":\"https:\\\/\\\/eco-regalos.com\\\/Colombia\\\/\",\"name\":\"Eco Regalos - Merchandising Ecol\u00f3gico\",\"description\":\"\",\"publisher\":{\"@id\":\"https:\\\/\\\/eco-regalos.com\\\/Colombia\\\/#organization\"},\"alternateName\":\"eco-regalos.com\",\"potentialAction\":[{\"@type\":\"SearchAction\",\"target\":{\"@type\":\"EntryPoint\",\"urlTemplate\":\"https:\\\/\\\/eco-regalos.com\\\/Colombia\\\/?s={search_term_string}\"},\"query-input\":{\"@type\":\"PropertyValueSpecification\",\"valueRequired\":true,\"valueName\":\"search_term_string\"}}],\"inLanguage\":\"es\"},{\"@type\":[\"Organization\",\"Place\"],\"@id\":\"https:\\\/\\\/eco-regalos.com\\\/Colombia\\\/#organization\",\"name\":\"Eco Regalos\",\"url\":\"https:\\\/\\\/eco-regalos.com\\\/Colombia\\\/\",\"logo\":{\"@id\":\"https:\\\/\\\/eco-regalos.com\\\/Colombia\\\/politica-de-privacidad\\\/#local-main-organization-logo\"},\"image\":{\"@id\":\"https:\\\/\\\/eco-regalos.com\\\/Colombia\\\/politica-de-privacidad\\\/#local-main-organization-logo\"},\"telephone\":[],\"openingHoursSpecification\":[{\"@type\":\"OpeningHoursSpecification\",\"dayOfWeek\":[\"Sunday\",\"Monday\",\"Tuesday\",\"Wednesday\",\"Thursday\",\"Friday\",\"Saturday\"],\"opens\":\"09:00\",\"closes\":\"17:00\"}]},{\"@type\":\"ImageObject\",\"inLanguage\":\"es\",\"@id\":\"https:\\\/\\\/eco-regalos.com\\\/Colombia\\\/politica-de-privacidad\\\/#local-main-organization-logo\",\"url\":\"https:\\\/\\\/eco-regalos.com\\\/Colombia\\\/wp-content\\\/uploads\\\/2020\\\/08\\\/logo-2015-con-slogan.jpg\",\"contentUrl\":\"https:\\\/\\\/eco-regalos.com\\\/Colombia\\\/wp-content\\\/uploads\\\/2020\\\/08\\\/logo-2015-con-slogan.jpg\",\"width\":1461,\"height\":1121,\"caption\":\"Eco Regalos\"}]}<\/script>\n<!-- \/ Yoast SEO Premium plugin. -->","yoast_head_json":{"title":"Regalos Ecologicos Corporativos y papel semilla","description":"Regalos personalizados en Colombia. Kits de siembra, papel semilla, tarjetas e invitaciones sembrables y germinables.","robots":{"index":"index","follow":"follow","max-snippet":"max-snippet:-1","max-image-preview":"max-image-preview:large","max-video-preview":"max-video-preview:-1"},"canonical":"https:\/\/eco-regalos.com\/Colombia\/politica-de-privacidad\/","og_locale":"es_ES","og_type":"article","og_title":"Pol\u00edtica de privacidad","og_description":"Regalos personalizados en Colombia. Kits de siembra, papel semilla, tarjetas e invitaciones sembrables y germinables.","og_url":"https:\/\/eco-regalos.com\/Colombia\/politica-de-privacidad\/","og_site_name":"Productos Germinables y papel semilla","article_modified_time":"2024-02-20T21:34:08+00:00","twitter_card":"summary_large_image","twitter_misc":{"Tiempo de lectura":"3 minutos"},"schema":{"@context":"https:\/\/schema.org","@graph":[{"@type":"WebPage","@id":"https:\/\/eco-regalos.com\/Colombia\/politica-de-privacidad\/","url":"https:\/\/eco-regalos.com\/Colombia\/politica-de-privacidad\/","name":"Regalos Ecologicos Corporativos y papel semilla","isPartOf":{"@id":"https:\/\/eco-regalos.com\/Colombia\/#website"},"datePublished":"2018-08-08T20:14:34+00:00","dateModified":"2024-02-20T21:34:08+00:00","description":"Regalos personalizados en Colombia. Kits de siembra, papel semilla, tarjetas e invitaciones sembrables y germinables.","breadcrumb":{"@id":"https:\/\/eco-regalos.com\/Colombia\/politica-de-privacidad\/#breadcrumb"},"inLanguage":"es","potentialAction":[{"@type":"ReadAction","target":["https:\/\/eco-regalos.com\/Colombia\/politica-de-privacidad\/"]}]},{"@type":"BreadcrumbList","@id":"https:\/\/eco-regalos.com\/Colombia\/politica-de-privacidad\/#breadcrumb","itemListElement":[{"@type":"ListItem","position":1,"name":"Portada","item":"https:\/\/eco-regalos.com\/Colombia\/"},{"@type":"ListItem","position":2,"name":"Pol\u00edtica de privacidad"}]},{"@type":"WebSite","@id":"https:\/\/eco-regalos.com\/Colombia\/#website","url":"https:\/\/eco-regalos.com\/Colombia\/","name":"Eco Regalos - Merchandising Ecol\u00f3gico","description":"","publisher":{"@id":"https:\/\/eco-regalos.com\/Colombia\/#organization"},"alternateName":"eco-regalos.com","potentialAction":[{"@type":"SearchAction","target":{"@type":"EntryPoint","urlTemplate":"https:\/\/eco-regalos.com\/Colombia\/?s={search_term_string}"},"query-input":{"@type":"PropertyValueSpecification","valueRequired":true,"valueName":"search_term_string"}}],"inLanguage":"es"},{"@type":["Organization","Place"],"@id":"https:\/\/eco-regalos.com\/Colombia\/#organization","name":"Eco Regalos","url":"https:\/\/eco-regalos.com\/Colombia\/","logo":{"@id":"https:\/\/eco-regalos.com\/Colombia\/politica-de-privacidad\/#local-main-organization-logo"},"image":{"@id":"https:\/\/eco-regalos.com\/Colombia\/politica-de-privacidad\/#local-main-organization-logo"},"telephone":[],"openingHoursSpecification":[{"@type":"OpeningHoursSpecification","dayOfWeek":["Sunday","Monday","Tuesday","Wednesday","Thursday","Friday","Saturday"],"opens":"09:00","closes":"17:00"}]},{"@type":"ImageObject","inLanguage":"es","@id":"https:\/\/eco-regalos.com\/Colombia\/politica-de-privacidad\/#local-main-organization-logo","url":"https:\/\/eco-regalos.com\/Colombia\/wp-content\/uploads\/2020\/08\/logo-2015-con-slogan.jpg","contentUrl":"https:\/\/eco-regalos.com\/Colombia\/wp-content\/uploads\/2020\/08\/logo-2015-con-slogan.jpg","width":1461,"height":1121,"caption":"Eco Regalos"}]}},"_links":{"self":[{"href":"https:\/\/eco-regalos.com\/Colombia\/wp-json\/wp\/v2\/pages\/637","targetHints":{"allow":["GET"]}}],"collection":[{"href":"https:\/\/eco-regalos.com\/Colombia\/wp-json\/wp\/v2\/pages"}],"about":[{"href":"https:\/\/eco-regalos.com\/Colombia\/wp-json\/wp\/v2\/types\/page"}],"author":[{"embeddable":true,"href":"https:\/\/eco-regalos.com\/Colombia\/wp-json\/wp\/v2\/users\/1"}],"replies":[{"embeddable":true,"href":"https:\/\/eco-regalos.com\/Colombia\/wp-json\/wp\/v2\/comments?post=637"}],"version-history":[{"count":3,"href":"https:\/\/eco-regalos.com\/Colombia\/wp-json\/wp\/v2\/pages\/637\/revisions"}],"predecessor-version":[{"id":3297,"href":"https:\/\/eco-regalos.com\/Colombia\/wp-json\/wp\/v2\/pages\/637\/revisions\/3297"}],"wp:attachment":[{"href":"https:\/\/eco-regalos.com\/Colombia\/wp-json\/wp\/v2\/media?parent=637"}],"curies":[{"name":"wp","href":"https:\/\/api.w.org\/{rel}","templated":true}]}}