{"id":6381,"date":"2025-07-03T14:49:57","date_gmt":"2025-07-03T19:49:57","guid":{"rendered":"http:\/\/eco-regalos.com\/colombia\/?page_id=6381"},"modified":"2026-01-22T14:24:42","modified_gmt":"2026-01-22T19:24:42","slug":"catalogo-eco_regalos","status":"publish","type":"page","link":"https:\/\/eco-regalos.com\/Colombia\/catalogo-eco_regalos\/","title":{"rendered":"Cat\u00e1logo Eco-regalos Corporativos"},"content":{"rendered":"\n<p>Regalos Ecologicos Corporativos y papel semilla.<\/p>\n\n\n\n<p class=\"has-text-align-left\">Te presentamos nuestro Cat\u00e1logo Eco-regalos.  \u00bfPor qu\u00e9 elegir regalos corporativos ecol\u00f3gicos?\u201d<\/p>\n\n\n\n<p class=\"has-text-align-left\">Elegir <strong>regalos ecol\u00f3gicos<\/strong> es una decisi\u00f3n consciente que va m\u00e1s all\u00e1 de un obsequio. Es una forma de comunicar valores, coherencia y compromiso con el futuro.<\/p>\n\n\n\n<p class=\"has-text-align-left\">A diferencia de los regalos convencionales, los <strong>regalos ecol\u00f3gicos y sostenibles<\/strong> no generan residuos innecesarios: est\u00e1n dise\u00f1ados para <strong>transformarse<\/strong>, no para desecharse.<\/p>\n\n\n\n<h3 class=\"wp-block-heading\">1\ufe0f\u20e3 Comunican compromiso real con el medioambiente<\/h3>\n\n\n\n<p>Los regalos ecol\u00f3gicos reducen el impacto ambiental y reflejan acciones concretas, no solo discursos. Son coherentes con pol\u00edticas de sostenibilidad, ESG y responsabilidad social.<\/p>\n\n\n\n<h3 class=\"wp-block-heading\">2\ufe0f\u20e3 Generan mayor recordaci\u00f3n de marca<\/h3>\n\n\n\n<p>Un regalo que se siembra, germina y crece permanece en el tiempo. Cada brote refuerza el recuerdo de quien lo entreg\u00f3, creando una conexi\u00f3n duradera con la marca.<\/p>\n\n\n\n<h3 class=\"wp-block-heading\">3\ufe0f\u20e3 Conectan emocionalmente con las personas<\/h3>\n\n\n\n<p>La experiencia de sembrar despierta valores como cuidado, paciencia y esperanza. Esto genera una relaci\u00f3n m\u00e1s profunda y positiva que un objeto desechable.<\/p>\n\n\n\n<h3 class=\"wp-block-heading\">4\ufe0f\u20e3 Refuerzan la imagen de innovaci\u00f3n<\/h3>\n\n\n\n<p>Las marcas que eligen regalos ecol\u00f3gicos se perciben como innovadoras, responsables y alineadas con las nuevas tendencias de consumo consciente.<\/p>\n\n\n\n<h3 class=\"wp-block-heading\">5\ufe0f\u20e3 Son ideales para empresas y campa\u00f1as con prop\u00f3sito<\/h3>\n\n\n\n<p>Los regalos ecol\u00f3gicos se integran f\u00e1cilmente a:<\/p>\n\n\n\n<ul class=\"wp-block-list\">\n<li>campa\u00f1as corporativas<\/li>\n\n\n\n<li>eventos y ferias<\/li>\n\n\n\n<li>programas de sostenibilidad<\/li>\n\n\n\n<li>comunicaci\u00f3n institucional<\/li>\n\n\n\n<li>educaci\u00f3n y cultura organizacional<\/li>\n<\/ul>\n\n\n\n<h3 class=\"wp-block-heading\">6\ufe0f\u20e3 Transforman un obsequio en una experiencia<\/h3>\n\n\n\n<p>M\u00e1s que un objeto, son una <strong>experiencia de vida<\/strong>. Un regalo doble: primero comunica, luego crece.<\/p>\n\n\n\n<div data-wp-interactive=\"core\/file\" class=\"wp-block-file\"><object data-wp-bind--hidden=\"!state.hasPdfPreview\" hidden class=\"wp-block-file__embed\" data=\"http:\/\/eco-regalos.com\/colombia\/wp-content\/uploads\/2025\/09\/Catalogo_2025-Eco-regalos.pdf\" type=\"application\/pdf\" style=\"width:100%;height:820px\" aria-label=\"Incrustado de Catalogo_2025 Eco-regalos.\"><\/object><a id=\"wp-block-file--media-bb918760-2afd-46c4-b909-369ad5372cc8\" href=\"http:\/\/eco-regalos.com\/colombia\/wp-content\/uploads\/2025\/09\/Catalogo_2025-Eco-regalos.pdf\">Catalogo_2025 Eco-regalos<\/a><a href=\"http:\/\/eco-regalos.com\/colombia\/wp-content\/uploads\/2025\/09\/Catalogo_2025-Eco-regalos.pdf\" class=\"wp-block-file__button wp-element-button\" download aria-describedby=\"wp-block-file--media-bb918760-2afd-46c4-b909-369ad5372cc8\">Descarga<\/a><\/div>\n\n\n\n<p><\/p>\n","protected":false},"excerpt":{"rendered":"<p>Regalos Ecologicos Corporativos y papel semilla. Te presentamos nuestro Cat\u00e1logo Eco-regalos. \u00bfPor qu\u00e9 elegir regalos corporativos ecol\u00f3gicos?\u201d Elegir regalos ecol\u00f3gicos es una decisi\u00f3n consciente que va m\u00e1s all\u00e1 de un obsequio. Es una forma de comunicar valores, coherencia y compromiso con el futuro. A diferencia de los regalos convencionales, los regalos ecol\u00f3gicos y sostenibles no generan residuos innecesarios: est\u00e1n dise\u00f1ados para transformarse, no para desecharse. 1\ufe0f\u20e3 Comunican compromiso real con el medioambiente Los regalos ecol\u00f3gicos reducen el impacto ambiental y reflejan acciones concretas, no solo discursos. Son coherentes con pol\u00edticas&hellip;<\/p>\n","protected":false},"author":4,"featured_media":6519,"parent":0,"menu_order":0,"comment_status":"closed","ping_status":"closed","template":"","meta":{"_sitemap_exclude":false,"_sitemap_priority":"","_sitemap_frequency":"","footnotes":""},"class_list":["post-6381","page","type-page","status-publish","has-post-thumbnail","hentry"],"yoast_head":"<!-- This site is optimized with the Yoast SEO Premium plugin v27.4 (Yoast SEO v27.4) - https:\/\/yoast.com\/product\/yoast-seo-premium-wordpress\/ -->\n<title>Regalos Ecologicos Corporativos y papel semilla<\/title>\n<meta name=\"description\" content=\"Regalos Ecologicos Corporativos y papel semilla. Kits de siembra, papel semilla, tarjetas e invitaciones sembrables y germinables.\" \/>\n<meta name=\"robots\" content=\"index, follow, max-snippet:-1, max-image-preview:large, max-video-preview:-1\" \/>\n<link rel=\"canonical\" href=\"https:\/\/eco-regalos.com\/Colombia\/catalogo-eco_regalos\/\" \/>\n<meta property=\"og:locale\" content=\"es_ES\" \/>\n<meta property=\"og:type\" content=\"article\" \/>\n<meta property=\"og:title\" content=\"Cat\u00e1logo Eco-regalos Corporativos\" \/>\n<meta property=\"og:description\" content=\"Regalos Ecologicos Corporativos y papel semilla. Kits de siembra, papel semilla, tarjetas e invitaciones sembrables y germinables.\" \/>\n<meta property=\"og:url\" content=\"https:\/\/eco-regalos.com\/Colombia\/catalogo-eco_regalos\/\" \/>\n<meta property=\"og:site_name\" content=\"Productos Germinables y papel semilla\" \/>\n<meta property=\"article:modified_time\" content=\"2026-01-22T19:24:42+00:00\" \/>\n<meta property=\"og:image\" content=\"https:\/\/eco-regalos.com\/Colombia\/wp-content\/uploads\/2018\/08\/IMG_20180827_194817-copia-1.jpg\" \/>\n\t<meta property=\"og:image:width\" content=\"720\" \/>\n\t<meta property=\"og:image:height\" content=\"714\" \/>\n\t<meta property=\"og:image:type\" content=\"image\/jpeg\" \/>\n<meta name=\"twitter:card\" content=\"summary_large_image\" \/>\n<meta name=\"twitter:label1\" content=\"Tiempo de lectura\" \/>\n\t<meta name=\"twitter:data1\" content=\"2 minutos\" \/>\n<script type=\"application\/ld+json\" class=\"yoast-schema-graph\">{\"@context\":\"https:\\\/\\\/schema.org\",\"@graph\":[{\"@type\":\"WebPage\",\"@id\":\"https:\\\/\\\/eco-regalos.com\\\/Colombia\\\/catalogo-eco_regalos\\\/\",\"url\":\"https:\\\/\\\/eco-regalos.com\\\/Colombia\\\/catalogo-eco_regalos\\\/\",\"name\":\"Regalos Ecologicos Corporativos y papel semilla\",\"isPartOf\":{\"@id\":\"https:\\\/\\\/eco-regalos.com\\\/Colombia\\\/#website\"},\"primaryImageOfPage\":{\"@id\":\"https:\\\/\\\/eco-regalos.com\\\/Colombia\\\/catalogo-eco_regalos\\\/#primaryimage\"},\"image\":{\"@id\":\"https:\\\/\\\/eco-regalos.com\\\/Colombia\\\/catalogo-eco_regalos\\\/#primaryimage\"},\"thumbnailUrl\":\"https:\\\/\\\/eco-regalos.com\\\/Colombia\\\/wp-content\\\/uploads\\\/2018\\\/08\\\/IMG_20180827_194817-copia-1.jpg\",\"datePublished\":\"2025-07-03T19:49:57+00:00\",\"dateModified\":\"2026-01-22T19:24:42+00:00\",\"description\":\"Regalos Ecologicos Corporativos y papel semilla. Kits de siembra, papel semilla, tarjetas e invitaciones sembrables y germinables.\",\"breadcrumb\":{\"@id\":\"https:\\\/\\\/eco-regalos.com\\\/Colombia\\\/catalogo-eco_regalos\\\/#breadcrumb\"},\"inLanguage\":\"es\",\"potentialAction\":[{\"@type\":\"ReadAction\",\"target\":[\"https:\\\/\\\/eco-regalos.com\\\/Colombia\\\/catalogo-eco_regalos\\\/\"]}]},{\"@type\":\"ImageObject\",\"inLanguage\":\"es\",\"@id\":\"https:\\\/\\\/eco-regalos.com\\\/Colombia\\\/catalogo-eco_regalos\\\/#primaryimage\",\"url\":\"https:\\\/\\\/eco-regalos.com\\\/Colombia\\\/wp-content\\\/uploads\\\/2018\\\/08\\\/IMG_20180827_194817-copia-1.jpg\",\"contentUrl\":\"https:\\\/\\\/eco-regalos.com\\\/Colombia\\\/wp-content\\\/uploads\\\/2018\\\/08\\\/IMG_20180827_194817-copia-1.jpg\",\"width\":720,\"height\":714,\"caption\":\"Regalos Corporativos Ecologicos\"},{\"@type\":\"BreadcrumbList\",\"@id\":\"https:\\\/\\\/eco-regalos.com\\\/Colombia\\\/catalogo-eco_regalos\\\/#breadcrumb\",\"itemListElement\":[{\"@type\":\"ListItem\",\"position\":1,\"name\":\"Portada\",\"item\":\"https:\\\/\\\/eco-regalos.com\\\/Colombia\\\/\"},{\"@type\":\"ListItem\",\"position\":2,\"name\":\"Cat\u00e1logo Eco-regalos Corporativos\"}]},{\"@type\":\"WebSite\",\"@id\":\"https:\\\/\\\/eco-regalos.com\\\/Colombia\\\/#website\",\"url\":\"https:\\\/\\\/eco-regalos.com\\\/Colombia\\\/\",\"name\":\"Eco Regalos - Merchandising Ecol\u00f3gico\",\"description\":\"\",\"publisher\":{\"@id\":\"https:\\\/\\\/eco-regalos.com\\\/Colombia\\\/#organization\"},\"alternateName\":\"eco-regalos.com\",\"potentialAction\":[{\"@type\":\"SearchAction\",\"target\":{\"@type\":\"EntryPoint\",\"urlTemplate\":\"https:\\\/\\\/eco-regalos.com\\\/Colombia\\\/?s={search_term_string}\"},\"query-input\":{\"@type\":\"PropertyValueSpecification\",\"valueRequired\":true,\"valueName\":\"search_term_string\"}}],\"inLanguage\":\"es\"},{\"@type\":[\"Organization\",\"Place\"],\"@id\":\"https:\\\/\\\/eco-regalos.com\\\/Colombia\\\/#organization\",\"name\":\"Eco Regalos\",\"url\":\"https:\\\/\\\/eco-regalos.com\\\/Colombia\\\/\",\"logo\":{\"@id\":\"https:\\\/\\\/eco-regalos.com\\\/Colombia\\\/catalogo-eco_regalos\\\/#local-main-organization-logo\"},\"image\":{\"@id\":\"https:\\\/\\\/eco-regalos.com\\\/Colombia\\\/catalogo-eco_regalos\\\/#local-main-organization-logo\"},\"telephone\":[],\"openingHoursSpecification\":[{\"@type\":\"OpeningHoursSpecification\",\"dayOfWeek\":[\"Sunday\",\"Monday\",\"Tuesday\",\"Wednesday\",\"Thursday\",\"Friday\",\"Saturday\"],\"opens\":\"09:00\",\"closes\":\"17:00\"}]},{\"@type\":\"ImageObject\",\"inLanguage\":\"es\",\"@id\":\"https:\\\/\\\/eco-regalos.com\\\/Colombia\\\/catalogo-eco_regalos\\\/#local-main-organization-logo\",\"url\":\"https:\\\/\\\/eco-regalos.com\\\/Colombia\\\/wp-content\\\/uploads\\\/2020\\\/08\\\/logo-2015-con-slogan.jpg\",\"contentUrl\":\"https:\\\/\\\/eco-regalos.com\\\/Colombia\\\/wp-content\\\/uploads\\\/2020\\\/08\\\/logo-2015-con-slogan.jpg\",\"width\":1461,\"height\":1121,\"caption\":\"Eco Regalos\"}]}<\/script>\n<!-- \/ Yoast SEO Premium plugin. -->","yoast_head_json":{"title":"Regalos Ecologicos Corporativos y papel semilla","description":"Regalos Ecologicos Corporativos y papel semilla. Kits de siembra, papel semilla, tarjetas e invitaciones sembrables y germinables.","robots":{"index":"index","follow":"follow","max-snippet":"max-snippet:-1","max-image-preview":"max-image-preview:large","max-video-preview":"max-video-preview:-1"},"canonical":"https:\/\/eco-regalos.com\/Colombia\/catalogo-eco_regalos\/","og_locale":"es_ES","og_type":"article","og_title":"Cat\u00e1logo Eco-regalos Corporativos","og_description":"Regalos Ecologicos Corporativos y papel semilla. Kits de siembra, papel semilla, tarjetas e invitaciones sembrables y germinables.","og_url":"https:\/\/eco-regalos.com\/Colombia\/catalogo-eco_regalos\/","og_site_name":"Productos Germinables y papel semilla","article_modified_time":"2026-01-22T19:24:42+00:00","og_image":[{"width":720,"height":714,"url":"https:\/\/eco-regalos.com\/Colombia\/wp-content\/uploads\/2018\/08\/IMG_20180827_194817-copia-1.jpg","type":"image\/jpeg"}],"twitter_card":"summary_large_image","twitter_misc":{"Tiempo de lectura":"2 minutos"},"schema":{"@context":"https:\/\/schema.org","@graph":[{"@type":"WebPage","@id":"https:\/\/eco-regalos.com\/Colombia\/catalogo-eco_regalos\/","url":"https:\/\/eco-regalos.com\/Colombia\/catalogo-eco_regalos\/","name":"Regalos Ecologicos Corporativos y papel semilla","isPartOf":{"@id":"https:\/\/eco-regalos.com\/Colombia\/#website"},"primaryImageOfPage":{"@id":"https:\/\/eco-regalos.com\/Colombia\/catalogo-eco_regalos\/#primaryimage"},"image":{"@id":"https:\/\/eco-regalos.com\/Colombia\/catalogo-eco_regalos\/#primaryimage"},"thumbnailUrl":"https:\/\/eco-regalos.com\/Colombia\/wp-content\/uploads\/2018\/08\/IMG_20180827_194817-copia-1.jpg","datePublished":"2025-07-03T19:49:57+00:00","dateModified":"2026-01-22T19:24:42+00:00","description":"Regalos Ecologicos Corporativos y papel semilla. Kits de siembra, papel semilla, tarjetas e invitaciones sembrables y germinables.","breadcrumb":{"@id":"https:\/\/eco-regalos.com\/Colombia\/catalogo-eco_regalos\/#breadcrumb"},"inLanguage":"es","potentialAction":[{"@type":"ReadAction","target":["https:\/\/eco-regalos.com\/Colombia\/catalogo-eco_regalos\/"]}]},{"@type":"ImageObject","inLanguage":"es","@id":"https:\/\/eco-regalos.com\/Colombia\/catalogo-eco_regalos\/#primaryimage","url":"https:\/\/eco-regalos.com\/Colombia\/wp-content\/uploads\/2018\/08\/IMG_20180827_194817-copia-1.jpg","contentUrl":"https:\/\/eco-regalos.com\/Colombia\/wp-content\/uploads\/2018\/08\/IMG_20180827_194817-copia-1.jpg","width":720,"height":714,"caption":"Regalos Corporativos Ecologicos"},{"@type":"BreadcrumbList","@id":"https:\/\/eco-regalos.com\/Colombia\/catalogo-eco_regalos\/#breadcrumb","itemListElement":[{"@type":"ListItem","position":1,"name":"Portada","item":"https:\/\/eco-regalos.com\/Colombia\/"},{"@type":"ListItem","position":2,"name":"Cat\u00e1logo Eco-regalos Corporativos"}]},{"@type":"WebSite","@id":"https:\/\/eco-regalos.com\/Colombia\/#website","url":"https:\/\/eco-regalos.com\/Colombia\/","name":"Eco Regalos - Merchandising Ecol\u00f3gico","description":"","publisher":{"@id":"https:\/\/eco-regalos.com\/Colombia\/#organization"},"alternateName":"eco-regalos.com","potentialAction":[{"@type":"SearchAction","target":{"@type":"EntryPoint","urlTemplate":"https:\/\/eco-regalos.com\/Colombia\/?s={search_term_string}"},"query-input":{"@type":"PropertyValueSpecification","valueRequired":true,"valueName":"search_term_string"}}],"inLanguage":"es"},{"@type":["Organization","Place"],"@id":"https:\/\/eco-regalos.com\/Colombia\/#organization","name":"Eco Regalos","url":"https:\/\/eco-regalos.com\/Colombia\/","logo":{"@id":"https:\/\/eco-regalos.com\/Colombia\/catalogo-eco_regalos\/#local-main-organization-logo"},"image":{"@id":"https:\/\/eco-regalos.com\/Colombia\/catalogo-eco_regalos\/#local-main-organization-logo"},"telephone":[],"openingHoursSpecification":[{"@type":"OpeningHoursSpecification","dayOfWeek":["Sunday","Monday","Tuesday","Wednesday","Thursday","Friday","Saturday"],"opens":"09:00","closes":"17:00"}]},{"@type":"ImageObject","inLanguage":"es","@id":"https:\/\/eco-regalos.com\/Colombia\/catalogo-eco_regalos\/#local-main-organization-logo","url":"https:\/\/eco-regalos.com\/Colombia\/wp-content\/uploads\/2020\/08\/logo-2015-con-slogan.jpg","contentUrl":"https:\/\/eco-regalos.com\/Colombia\/wp-content\/uploads\/2020\/08\/logo-2015-con-slogan.jpg","width":1461,"height":1121,"caption":"Eco Regalos"}]}},"_links":{"self":[{"href":"https:\/\/eco-regalos.com\/Colombia\/wp-json\/wp\/v2\/pages\/6381","targetHints":{"allow":["GET"]}}],"collection":[{"href":"https:\/\/eco-regalos.com\/Colombia\/wp-json\/wp\/v2\/pages"}],"about":[{"href":"https:\/\/eco-regalos.com\/Colombia\/wp-json\/wp\/v2\/types\/page"}],"author":[{"embeddable":true,"href":"https:\/\/eco-regalos.com\/Colombia\/wp-json\/wp\/v2\/users\/4"}],"replies":[{"embeddable":true,"href":"https:\/\/eco-regalos.com\/Colombia\/wp-json\/wp\/v2\/comments?post=6381"}],"version-history":[{"count":5,"href":"https:\/\/eco-regalos.com\/Colombia\/wp-json\/wp\/v2\/pages\/6381\/revisions"}],"predecessor-version":[{"id":6656,"href":"https:\/\/eco-regalos.com\/Colombia\/wp-json\/wp\/v2\/pages\/6381\/revisions\/6656"}],"wp:featuredmedia":[{"embeddable":true,"href":"https:\/\/eco-regalos.com\/Colombia\/wp-json\/wp\/v2\/media\/6519"}],"wp:attachment":[{"href":"https:\/\/eco-regalos.com\/Colombia\/wp-json\/wp\/v2\/media?parent=6381"}],"curies":[{"name":"wp","href":"https:\/\/api.w.org\/{rel}","templated":true}]}}