{"id":1529,"date":"2019-03-20T09:16:08","date_gmt":"2019-03-20T14:16:08","guid":{"rendered":"http:\/\/eco-regalos.com\/colombia\/?post_type=product&#038;p=1529"},"modified":"2026-02-23T09:54:39","modified_gmt":"2026-02-23T14:54:39","slug":"kit-de-siembra-bonsai-flores-o-huerta-personalizado","status":"publish","type":"product","link":"https:\/\/eco-regalos.com\/Colombia\/producto\/kit-de-siembra-bonsai-flores-o-huerta-personalizado\/","title":{"rendered":"Kit de siembra bosque de Bons\u00e1i, flores o huerta de especias"},"content":{"rendered":"<h4><strong>Kit de siembra bosque de Bons\u00e1i, flores o huerta.\u00a0<\/strong><\/h4>\n<p><strong>Kit de siembra<\/strong> personalizado para <em><strong>regalos corporativos<\/strong><\/em>.\u00a0 Contiene tres latas para germinar bons\u00e1i o huertas en soporte de madera para fijar en la pared.\u00a0 Se entrega personalizado.\u00a0 Este es un <strong>regalo ecol\u00f3gico<\/strong> ideal porque permite la interacci\u00f3n permanente con un producto vivo que aporta ox\u00edgeno y una linda experiencia de cuidado y responsabilidad.<\/p>\n<p>El <strong>Kit de siembra<\/strong> de bonsai, flores o huertas contiene chazos para fijar el soporte de madera a la pared.\u00a0 Es ideal para un <b>regalo ecol\u00f3gico corporativo<\/b>.<\/p>\n<h5><strong>Sorprende a tus clientes con un lindo regalo empresarial.<\/strong><\/h5>\n<p>Cultivar un bosque de bons\u00e1i es disfrutar de la experiencia de cuidar, querer y ver crecer los arbolitos.<\/p>\n<p>Los arbolitos pueden permanecer en la lata o puedes trasplantar a una matera plana y hacer un lindo bosque.<\/p>\n<p>El\u00a0<strong>kit de siembra <\/strong>es el <b>regalo ecol\u00f3gico ideal,<\/b>\u00a0es f\u00e1cil y divertido, solo agregas agua y eventualmente debes podar sus ramas.<\/p>\n<p>Es el <strong>regalo corporativo<\/strong> ideal por la experiencia que brinda cuidar a un ser vivo desde peque\u00f1o, verlo crecer y desarrollarse igual que sucede en una empresa.<\/p>\n<h5><strong>El Kit de siembra para germinar un bosque o una huerta es muy decorativo y entretenido.<\/strong><\/h5>\n<p>Con este <strong>Kit de siembra<\/strong> se vive una experiencia muy relajante y placentera la cultivar \u00e1rboles para bonsai, flores o plantas para cosechar una huerta.<\/p>\n<p><strong>Especies disponibles para el\u00a0kit de siembra:<\/strong><\/p>\n<p>Bosque de bonsai: Guayac\u00e1n, acacia y pino navide\u00f1o.<\/p>\n<p>Flores: campanilla, besitos y cosmos.<\/p>\n<p>Huerta: Albahaca, tomate y cebolla<\/p>\n<p>Destapa cada lata (sistema abre f\u00e1cil) y agrega agua todos los d\u00edas.<\/p>\n<p>Coloca el soporte de madera en la pared o en un balc\u00f3n, es muy decorativo.<\/p>\n<p>Da cada lata va a germinar uno o varios bons\u00e1i, o sea que vas a obtener tres especies y de cada especie uno o varios arbolitos.<\/p>\n<p>Se pueden trasplantar a matera plana o se pueden dejar en la lata.\u00a0 En la lata se desarrollan muy bien y son unos lindos \u00e1rboles miniatura que te van a acompa\u00f1ar muchos a\u00f1os dependiendo de tus cuidados.<\/p>\n<p>Lo m\u00e1s especial es que a\u00f1o tras a\u00f1o vas a verlos crecer, engrosar y desarrollarse.<\/p>\n<p><iframe title=\"Huerta Personalizada eco regalos\u00ae www.eco-regalos.com\" width=\"640\" height=\"360\" src=\"https:\/\/www.youtube.com\/embed\/wfc9yFVQ9kc?feature=oembed\" frameborder=\"0\" allow=\"accelerometer; autoplay; clipboard-write; encrypted-media; gyroscope; picture-in-picture; web-share\" referrerpolicy=\"strict-origin-when-cross-origin\" allowfullscreen><\/iframe><\/p>\n<h5><strong>El kit de siembra contiene<\/strong>:<\/h5>\n<ul>\n<li>Soporte en madera para fijar a la pared<\/li>\n<li>3 plantas enlatados para germinar bonsai, flores o huertas.<\/li>\n<\/ul>\n<h5>Opciones de <span style=\"font-size: 14px;\">personalizaci\u00f3n del <strong>kit de siembra<\/strong><\/span>:<\/h5>\n<p>El <strong>kit de siembra<\/strong> se entrega <strong>personalizado<\/strong> con el logo y en el dise\u00f1o de la lata as\u00ed:<\/p>\n<ul>\n<li>Etiqueta full color alrededor de cada lata que contiene el <strong> kit de siembra<\/strong><\/li>\n<\/ul>\n<h5>eco regalos \u00ae similares<\/h5>\n<p><strong><a href=\"https:\/\/eco-regalos.com\/movil\/producto\/huerta-de-especias-en-caja-de-madera-personalizada\/\">Huerta en caj\u00f3n de madera<\/a> I <a href=\"https:\/\/eco-regalos.com\/movil\/producto\/kit-para-germinar-un-jardin-de-flores-con-soporte-de-madera\/\">Un jard\u00edn muy especial en matera de madera<\/a> I<\/strong><\/p>\n<p style=\"text-align: right;\"><strong><a href=\"http:\/\/caem.org.co\/ConveniosCARCAEM\/huellacarbono\/\">eco regalos \u00ae te invita a cuidar el planeta, haz clic y calcula tu huella de carbono para que cada d\u00eda la reduzcas con conciencia.<\/a><\/strong><\/p>\n<h5><strong>Importante<\/strong>:<\/h5>\n<p>Las semillas las manejamos pre plantadas en un ecogerminador.<br \/>\nEsto por la seguridad del usuario debido a que la semilla tiene fungicidas y por la seguridad del producto para garantizar su germinaci\u00f3n. Con la semilla pre plantada el usuario no manipula la semilla.<\/p>\n<p>Adicional, la semilla es fija.\u00a0 En la mayor\u00eda de lo casos la germinaci\u00f3n no es exitosa debido a que la semilla se va al fondo y se pudre porque no logra recibir luz y calor suficiente para su germinaci\u00f3n.<\/p>\n","protected":false},"excerpt":{"rendered":"<p>Kit de siembra personalizado para germinar una huerta. Incluye tres eco latas con plantas.<\/p>\n","protected":false},"featured_media":7641,"comment_status":"open","ping_status":"closed","template":"","meta":{"_sitemap_exclude":false,"_sitemap_priority":"","_sitemap_frequency":""},"product_brand":[],"product_cat":[584],"product_tag":[],"class_list":{"0":"post-1529","1":"product","2":"type-product","3":"status-publish","4":"has-post-thumbnail","6":"product_cat-kits-de-siembra","8":"first","9":"instock","10":"taxable","11":"shipping-taxable","12":"purchasable","13":"product-type-simple"},"yoast_head":"<!-- This site is optimized with the Yoast SEO Premium plugin v27.4 (Yoast SEO v27.4) - https:\/\/yoast.com\/product\/yoast-seo-premium-wordpress\/ -->\n<title>Kit de siembra Bons\u00e1i, flores o huerta personalizado<\/title>\n<meta name=\"description\" content=\"Kit de siembra Bons\u00e1i o huerta personalizado. Incluye tres plantas en lata sellada y matera de madera. El regalo ecol\u00f3gico corporativo ideal.\" \/>\n<meta name=\"robots\" content=\"index, follow, max-snippet:-1, max-image-preview:large, max-video-preview:-1\" \/>\n<link rel=\"canonical\" href=\"https:\/\/eco-regalos.com\/Colombia\/producto\/kit-de-siembra-bonsai-flores-o-huerta-personalizado\/\" \/>\n<meta property=\"og:locale\" content=\"es_ES\" \/>\n<meta property=\"og:type\" content=\"article\" \/>\n<meta property=\"og:title\" content=\"Kit de siembra bosque de Bons\u00e1i, flores o huerta de especias\" \/>\n<meta property=\"og:description\" content=\"Kit de siembra Bons\u00e1i o huerta personalizado. Incluye tres plantas en lata sellada y matera de madera. El regalo ecol\u00f3gico corporativo ideal.\" \/>\n<meta property=\"og:url\" content=\"https:\/\/eco-regalos.com\/Colombia\/producto\/kit-de-siembra-bonsai-flores-o-huerta-personalizado\/\" \/>\n<meta property=\"og:site_name\" content=\"Productos Germinables y papel semilla\" \/>\n<meta property=\"article:modified_time\" content=\"2026-02-23T14:54:39+00:00\" \/>\n<meta property=\"og:image\" content=\"https:\/\/eco-regalos.com\/Colombia\/wp-content\/uploads\/2026\/02\/huerta_regalos_corporativos_papel_semilla_GERMINABLE_PLANTABLE_SEMBRABLE_ECOLOGICO_CARTULINA_PAPELES_ECO-cuarto_10-01-01-e1737787470702.jpg\" \/>\n\t<meta property=\"og:image:width\" content=\"1654\" \/>\n\t<meta property=\"og:image:height\" content=\"1480\" \/>\n\t<meta property=\"og:image:type\" content=\"image\/jpeg\" \/>\n<meta name=\"twitter:card\" content=\"summary_large_image\" \/>\n<meta name=\"twitter:label1\" content=\"Tiempo de lectura\" \/>\n\t<meta name=\"twitter:data1\" content=\"3 minutos\" \/>\n<script type=\"application\/ld+json\" class=\"yoast-schema-graph\">{\"@context\":\"https:\\\/\\\/schema.org\",\"@graph\":[{\"@type\":\"WebPage\",\"@id\":\"https:\\\/\\\/eco-regalos.com\\\/Colombia\\\/producto\\\/kit-de-siembra-bonsai-flores-o-huerta-personalizado\\\/\",\"url\":\"https:\\\/\\\/eco-regalos.com\\\/Colombia\\\/producto\\\/kit-de-siembra-bonsai-flores-o-huerta-personalizado\\\/\",\"name\":\"Kit de siembra Bons\u00e1i, flores o huerta personalizado\",\"isPartOf\":{\"@id\":\"https:\\\/\\\/eco-regalos.com\\\/Colombia\\\/#website\"},\"primaryImageOfPage\":{\"@id\":\"https:\\\/\\\/eco-regalos.com\\\/Colombia\\\/producto\\\/kit-de-siembra-bonsai-flores-o-huerta-personalizado\\\/#primaryimage\"},\"image\":{\"@id\":\"https:\\\/\\\/eco-regalos.com\\\/Colombia\\\/producto\\\/kit-de-siembra-bonsai-flores-o-huerta-personalizado\\\/#primaryimage\"},\"thumbnailUrl\":\"https:\\\/\\\/eco-regalos.com\\\/Colombia\\\/wp-content\\\/uploads\\\/2026\\\/02\\\/huerta_regalos_corporativos_papel_semilla_GERMINABLE_PLANTABLE_SEMBRABLE_ECOLOGICO_CARTULINA_PAPELES_ECO-cuarto_10-01-01-e1737787470702.jpg\",\"datePublished\":\"2019-03-20T14:16:08+00:00\",\"dateModified\":\"2026-02-23T14:54:39+00:00\",\"description\":\"Kit de siembra Bons\u00e1i o huerta personalizado. Incluye tres plantas en lata sellada y matera de madera. El regalo ecol\u00f3gico corporativo ideal.\",\"breadcrumb\":{\"@id\":\"https:\\\/\\\/eco-regalos.com\\\/Colombia\\\/producto\\\/kit-de-siembra-bonsai-flores-o-huerta-personalizado\\\/#breadcrumb\"},\"inLanguage\":\"es\",\"potentialAction\":[{\"@type\":\"ReadAction\",\"target\":[\"https:\\\/\\\/eco-regalos.com\\\/Colombia\\\/producto\\\/kit-de-siembra-bonsai-flores-o-huerta-personalizado\\\/\"]}]},{\"@type\":\"ImageObject\",\"inLanguage\":\"es\",\"@id\":\"https:\\\/\\\/eco-regalos.com\\\/Colombia\\\/producto\\\/kit-de-siembra-bonsai-flores-o-huerta-personalizado\\\/#primaryimage\",\"url\":\"https:\\\/\\\/eco-regalos.com\\\/Colombia\\\/wp-content\\\/uploads\\\/2026\\\/02\\\/huerta_regalos_corporativos_papel_semilla_GERMINABLE_PLANTABLE_SEMBRABLE_ECOLOGICO_CARTULINA_PAPELES_ECO-cuarto_10-01-01-e1737787470702.jpg\",\"contentUrl\":\"https:\\\/\\\/eco-regalos.com\\\/Colombia\\\/wp-content\\\/uploads\\\/2026\\\/02\\\/huerta_regalos_corporativos_papel_semilla_GERMINABLE_PLANTABLE_SEMBRABLE_ECOLOGICO_CARTULINA_PAPELES_ECO-cuarto_10-01-01-e1737787470702.jpg\",\"width\":1654,\"height\":1480},{\"@type\":\"BreadcrumbList\",\"@id\":\"https:\\\/\\\/eco-regalos.com\\\/Colombia\\\/producto\\\/kit-de-siembra-bonsai-flores-o-huerta-personalizado\\\/#breadcrumb\",\"itemListElement\":[{\"@type\":\"ListItem\",\"position\":1,\"name\":\"Portada\",\"item\":\"https:\\\/\\\/eco-regalos.com\\\/Colombia\\\/\"},{\"@type\":\"ListItem\",\"position\":2,\"name\":\"Productos germinables para campa\u00f1as ambientalmente responsables\",\"item\":\"https:\\\/\\\/eco-regalos.com\\\/Colombia\\\/catalogo_eco_regalos\\\/\"},{\"@type\":\"ListItem\",\"position\":3,\"name\":\"Kit de siembra bosque de Bons\u00e1i, flores o huerta de especias\"}]},{\"@type\":\"WebSite\",\"@id\":\"https:\\\/\\\/eco-regalos.com\\\/Colombia\\\/#website\",\"url\":\"https:\\\/\\\/eco-regalos.com\\\/Colombia\\\/\",\"name\":\"Eco Regalos - Merchandising Ecol\u00f3gico\",\"description\":\"\",\"publisher\":{\"@id\":\"https:\\\/\\\/eco-regalos.com\\\/Colombia\\\/#organization\"},\"alternateName\":\"eco-regalos.com\",\"potentialAction\":[{\"@type\":\"SearchAction\",\"target\":{\"@type\":\"EntryPoint\",\"urlTemplate\":\"https:\\\/\\\/eco-regalos.com\\\/Colombia\\\/?s={search_term_string}\"},\"query-input\":{\"@type\":\"PropertyValueSpecification\",\"valueRequired\":true,\"valueName\":\"search_term_string\"}}],\"inLanguage\":\"es\"},{\"@type\":[\"Organization\",\"Place\"],\"@id\":\"https:\\\/\\\/eco-regalos.com\\\/Colombia\\\/#organization\",\"name\":\"Eco Regalos\",\"url\":\"https:\\\/\\\/eco-regalos.com\\\/Colombia\\\/\",\"logo\":{\"@id\":\"https:\\\/\\\/eco-regalos.com\\\/Colombia\\\/producto\\\/kit-de-siembra-bonsai-flores-o-huerta-personalizado\\\/#local-main-organization-logo\"},\"image\":{\"@id\":\"https:\\\/\\\/eco-regalos.com\\\/Colombia\\\/producto\\\/kit-de-siembra-bonsai-flores-o-huerta-personalizado\\\/#local-main-organization-logo\"},\"telephone\":[],\"openingHoursSpecification\":[{\"@type\":\"OpeningHoursSpecification\",\"dayOfWeek\":[\"Sunday\",\"Monday\",\"Tuesday\",\"Wednesday\",\"Thursday\",\"Friday\",\"Saturday\"],\"opens\":\"09:00\",\"closes\":\"17:00\"}]},{\"@type\":\"ImageObject\",\"inLanguage\":\"es\",\"@id\":\"https:\\\/\\\/eco-regalos.com\\\/Colombia\\\/producto\\\/kit-de-siembra-bonsai-flores-o-huerta-personalizado\\\/#local-main-organization-logo\",\"url\":\"https:\\\/\\\/eco-regalos.com\\\/Colombia\\\/wp-content\\\/uploads\\\/2020\\\/08\\\/logo-2015-con-slogan.jpg\",\"contentUrl\":\"https:\\\/\\\/eco-regalos.com\\\/Colombia\\\/wp-content\\\/uploads\\\/2020\\\/08\\\/logo-2015-con-slogan.jpg\",\"width\":1461,\"height\":1121,\"caption\":\"Eco Regalos\"}]}<\/script>\n<!-- \/ Yoast SEO Premium plugin. -->","yoast_head_json":{"title":"Kit de siembra Bons\u00e1i, flores o huerta personalizado","description":"Kit de siembra Bons\u00e1i o huerta personalizado. Incluye tres plantas en lata sellada y matera de madera. El regalo ecol\u00f3gico corporativo ideal.","robots":{"index":"index","follow":"follow","max-snippet":"max-snippet:-1","max-image-preview":"max-image-preview:large","max-video-preview":"max-video-preview:-1"},"canonical":"https:\/\/eco-regalos.com\/Colombia\/producto\/kit-de-siembra-bonsai-flores-o-huerta-personalizado\/","og_locale":"es_ES","og_type":"article","og_title":"Kit de siembra bosque de Bons\u00e1i, flores o huerta de especias","og_description":"Kit de siembra Bons\u00e1i o huerta personalizado. Incluye tres plantas en lata sellada y matera de madera. El regalo ecol\u00f3gico corporativo ideal.","og_url":"https:\/\/eco-regalos.com\/Colombia\/producto\/kit-de-siembra-bonsai-flores-o-huerta-personalizado\/","og_site_name":"Productos Germinables y papel semilla","article_modified_time":"2026-02-23T14:54:39+00:00","og_image":[{"width":1654,"height":1480,"url":"https:\/\/eco-regalos.com\/Colombia\/wp-content\/uploads\/2026\/02\/huerta_regalos_corporativos_papel_semilla_GERMINABLE_PLANTABLE_SEMBRABLE_ECOLOGICO_CARTULINA_PAPELES_ECO-cuarto_10-01-01-e1737787470702.jpg","type":"image\/jpeg"}],"twitter_card":"summary_large_image","twitter_misc":{"Tiempo de lectura":"3 minutos"},"schema":{"@context":"https:\/\/schema.org","@graph":[{"@type":"WebPage","@id":"https:\/\/eco-regalos.com\/Colombia\/producto\/kit-de-siembra-bonsai-flores-o-huerta-personalizado\/","url":"https:\/\/eco-regalos.com\/Colombia\/producto\/kit-de-siembra-bonsai-flores-o-huerta-personalizado\/","name":"Kit de siembra Bons\u00e1i, flores o huerta personalizado","isPartOf":{"@id":"https:\/\/eco-regalos.com\/Colombia\/#website"},"primaryImageOfPage":{"@id":"https:\/\/eco-regalos.com\/Colombia\/producto\/kit-de-siembra-bonsai-flores-o-huerta-personalizado\/#primaryimage"},"image":{"@id":"https:\/\/eco-regalos.com\/Colombia\/producto\/kit-de-siembra-bonsai-flores-o-huerta-personalizado\/#primaryimage"},"thumbnailUrl":"https:\/\/eco-regalos.com\/Colombia\/wp-content\/uploads\/2026\/02\/huerta_regalos_corporativos_papel_semilla_GERMINABLE_PLANTABLE_SEMBRABLE_ECOLOGICO_CARTULINA_PAPELES_ECO-cuarto_10-01-01-e1737787470702.jpg","datePublished":"2019-03-20T14:16:08+00:00","dateModified":"2026-02-23T14:54:39+00:00","description":"Kit de siembra Bons\u00e1i o huerta personalizado. Incluye tres plantas en lata sellada y matera de madera. El regalo ecol\u00f3gico corporativo ideal.","breadcrumb":{"@id":"https:\/\/eco-regalos.com\/Colombia\/producto\/kit-de-siembra-bonsai-flores-o-huerta-personalizado\/#breadcrumb"},"inLanguage":"es","potentialAction":[{"@type":"ReadAction","target":["https:\/\/eco-regalos.com\/Colombia\/producto\/kit-de-siembra-bonsai-flores-o-huerta-personalizado\/"]}]},{"@type":"ImageObject","inLanguage":"es","@id":"https:\/\/eco-regalos.com\/Colombia\/producto\/kit-de-siembra-bonsai-flores-o-huerta-personalizado\/#primaryimage","url":"https:\/\/eco-regalos.com\/Colombia\/wp-content\/uploads\/2026\/02\/huerta_regalos_corporativos_papel_semilla_GERMINABLE_PLANTABLE_SEMBRABLE_ECOLOGICO_CARTULINA_PAPELES_ECO-cuarto_10-01-01-e1737787470702.jpg","contentUrl":"https:\/\/eco-regalos.com\/Colombia\/wp-content\/uploads\/2026\/02\/huerta_regalos_corporativos_papel_semilla_GERMINABLE_PLANTABLE_SEMBRABLE_ECOLOGICO_CARTULINA_PAPELES_ECO-cuarto_10-01-01-e1737787470702.jpg","width":1654,"height":1480},{"@type":"BreadcrumbList","@id":"https:\/\/eco-regalos.com\/Colombia\/producto\/kit-de-siembra-bonsai-flores-o-huerta-personalizado\/#breadcrumb","itemListElement":[{"@type":"ListItem","position":1,"name":"Portada","item":"https:\/\/eco-regalos.com\/Colombia\/"},{"@type":"ListItem","position":2,"name":"Productos germinables para campa\u00f1as ambientalmente responsables","item":"https:\/\/eco-regalos.com\/Colombia\/catalogo_eco_regalos\/"},{"@type":"ListItem","position":3,"name":"Kit de siembra bosque de Bons\u00e1i, flores o huerta de especias"}]},{"@type":"WebSite","@id":"https:\/\/eco-regalos.com\/Colombia\/#website","url":"https:\/\/eco-regalos.com\/Colombia\/","name":"Eco Regalos - Merchandising Ecol\u00f3gico","description":"","publisher":{"@id":"https:\/\/eco-regalos.com\/Colombia\/#organization"},"alternateName":"eco-regalos.com","potentialAction":[{"@type":"SearchAction","target":{"@type":"EntryPoint","urlTemplate":"https:\/\/eco-regalos.com\/Colombia\/?s={search_term_string}"},"query-input":{"@type":"PropertyValueSpecification","valueRequired":true,"valueName":"search_term_string"}}],"inLanguage":"es"},{"@type":["Organization","Place"],"@id":"https:\/\/eco-regalos.com\/Colombia\/#organization","name":"Eco Regalos","url":"https:\/\/eco-regalos.com\/Colombia\/","logo":{"@id":"https:\/\/eco-regalos.com\/Colombia\/producto\/kit-de-siembra-bonsai-flores-o-huerta-personalizado\/#local-main-organization-logo"},"image":{"@id":"https:\/\/eco-regalos.com\/Colombia\/producto\/kit-de-siembra-bonsai-flores-o-huerta-personalizado\/#local-main-organization-logo"},"telephone":[],"openingHoursSpecification":[{"@type":"OpeningHoursSpecification","dayOfWeek":["Sunday","Monday","Tuesday","Wednesday","Thursday","Friday","Saturday"],"opens":"09:00","closes":"17:00"}]},{"@type":"ImageObject","inLanguage":"es","@id":"https:\/\/eco-regalos.com\/Colombia\/producto\/kit-de-siembra-bonsai-flores-o-huerta-personalizado\/#local-main-organization-logo","url":"https:\/\/eco-regalos.com\/Colombia\/wp-content\/uploads\/2020\/08\/logo-2015-con-slogan.jpg","contentUrl":"https:\/\/eco-regalos.com\/Colombia\/wp-content\/uploads\/2020\/08\/logo-2015-con-slogan.jpg","width":1461,"height":1121,"caption":"Eco Regalos"}]}},"_links":{"self":[{"href":"https:\/\/eco-regalos.com\/Colombia\/wp-json\/wp\/v2\/product\/1529","targetHints":{"allow":["GET"]}}],"collection":[{"href":"https:\/\/eco-regalos.com\/Colombia\/wp-json\/wp\/v2\/product"}],"about":[{"href":"https:\/\/eco-regalos.com\/Colombia\/wp-json\/wp\/v2\/types\/product"}],"replies":[{"embeddable":true,"href":"https:\/\/eco-regalos.com\/Colombia\/wp-json\/wp\/v2\/comments?post=1529"}],"wp:featuredmedia":[{"embeddable":true,"href":"https:\/\/eco-regalos.com\/Colombia\/wp-json\/wp\/v2\/media\/7641"}],"wp:attachment":[{"href":"https:\/\/eco-regalos.com\/Colombia\/wp-json\/wp\/v2\/media?parent=1529"}],"wp:term":[{"taxonomy":"product_brand","embeddable":true,"href":"https:\/\/eco-regalos.com\/Colombia\/wp-json\/wp\/v2\/product_brand?post=1529"},{"taxonomy":"product_cat","embeddable":true,"href":"https:\/\/eco-regalos.com\/Colombia\/wp-json\/wp\/v2\/product_cat?post=1529"},{"taxonomy":"product_tag","embeddable":true,"href":"https:\/\/eco-regalos.com\/Colombia\/wp-json\/wp\/v2\/product_tag?post=1529"}],"curies":[{"name":"wp","href":"https:\/\/api.w.org\/{rel}","templated":true}]}}