{"id":1659,"date":"2019-06-05T11:24:16","date_gmt":"2019-06-05T16:24:16","guid":{"rendered":"http:\/\/eco-regalos.com\/colombia\/?post_type=product&#038;p=1659"},"modified":"2026-02-23T09:53:25","modified_gmt":"2026-02-23T14:53:25","slug":"tarjeta-de-presentacion-germinable-con-desprendible","status":"publish","type":"product","link":"https:\/\/eco-regalos.com\/Colombia\/producto\/tarjeta-de-presentacion-germinable-con-desprendible\/","title":{"rendered":"Tarjeta de presentaci\u00f3n con desprendible GERMINABLE"},"content":{"rendered":"<p><strong>Tarjeta de presentaci\u00f3n Germinable con desprendible.<\/strong><\/p>\n<p>Tarjeta de presentaci\u00f3n elaborada con <strong>papel semilla <\/strong>tama\u00f1o 9.0 cm x 5.0 cm con desprendible para sembrar y germinar una planta.<\/p>\n<p>La tarjeta tiene un desprendible para sembrar y conservar la informaci\u00f3n en el resto de la tarjeta.<\/p>\n<p>Esta es una opci\u00f3n para agregarle valor a tus tarjetas de presentaci\u00f3n.<\/p>\n<p>Es una manera muy ecol\u00f3gica, responsable y novedosa de presentar tu portafolio.<\/p>\n<p><strong>TU TARJETA DE PRESENTACI\u00d3N ES ECOL\u00d3GICA PORQUE:<\/strong><\/p>\n<ol>\n<li>Siembra y germina una planta que produce ox\u00edgeno.<\/li>\n<li>Elabora peque\u00f1as cantidades sin desperdicio de papel en tarjetas que no vas a usar.<\/li>\n<li>El proceso de elaboraci\u00f3n de la tarjeta es de bajo consumo en agua que se recicla.<\/li>\n<li>Utiliza tintas ecol\u00f3gicas.<\/li>\n<\/ol>\n<p style=\"text-align: center;\"><strong>Tu tarjeta es un \u00e1rbol!!!<\/strong><\/p>\n<p>Elaboradas en <strong>papel semilla<\/strong>.\u00a0 El <strong>papel semilla<\/strong> es un sustrato con germinaci\u00f3n garantizada.<\/p>\n<p><strong>PERSONALIZACI\u00d3N:<\/strong><\/p>\n<p><strong>Tama\u00f1o<\/strong>: 9.0 x 5.0<\/p>\n<p>Impresi\u00f3n full color en ambos lados reservando un espacio atr\u00e1s para las instrucciones.<\/p>\n<p>El papel semilla es un sustrato de germinaci\u00f3n, por lo tanto se encoge en su proceso aprox en un 4%<\/p>\n<p><strong>Especies disponibles:<\/strong><\/p>\n<ul>\n<li><strong>Arboles para bons\u00e1i:<\/strong><\/li>\n<li>Guayac\u00e1n, Pino y Acacia.<\/li>\n<li><\/li>\n<li><strong>Huerta:<\/strong><\/li>\n<li>Tomate, Cebolla, Cilantro, Albahaca.<\/li>\n<li><\/li>\n<\/ul>\n<p><b>OTRAS OPCIONES DE TARJETAS DE PRESENTACI\u00d3N GERMINABLE:<\/b><\/p>\n<p><a href=\"https:\/\/eco-regalos.com\/movil\/producto\/tarjetas-de-presentacion-plantables-y-germinables\/\">Tarjeta\u00a0 de presentaci\u00f3n con c\u00f3digo QR I<\/a> <a href=\"https:\/\/eco-regalos.com\/movil\/producto\/tarjetas-en-papel-semilla-plantable-y-germinable-personalizadas\/\">Tarjeta de presentaci\u00f3n tama\u00f1o 9.0 x 5.0<\/a><\/p>\n<p style=\"text-align: center;\"><strong><a href=\"http:\/\/caem.org.co\/ConveniosCARCAEM\/huellacarbono\/\">Te invitamos a cuidar el planeta, haz clic y calcula tu huella de carbono para que cada d\u00eda la reduzcas con conciencia.<\/a><\/strong><\/p>\n","protected":false},"excerpt":{"rendered":"<p style=\"text-align: center;\"><strong>Solicita cotizaci\u00f3n con precio mayorista para cantidades superiores a 5.000 unidades:<\/strong><\/p>\n<p style=\"text-align: center;\"><a href=\"mailto:comercialecoregalos@gmail.com\" target=\"_blank\" rel=\"noopener\">comercialecoregalos@gmail.com<\/a><\/p>\n<p><strong>Tarjeta de presentaci\u00f3n Germinable con desprendible<\/strong><\/p>\n<p style=\"text-align: center;\"><span style=\"color: #ff6600;\"><strong>Siembra una parte de tu tarjeta de presentaci\u00f3n y germina un \u00e1rbol para que hagas un lindo bons\u00e1i!!<\/strong><\/span><\/p>\n<p>https:\/\/youtu.be\/yqDWJaf573k<\/p>\n","protected":false},"featured_media":8087,"comment_status":"open","ping_status":"closed","template":"","meta":{"_sitemap_exclude":false,"_sitemap_priority":"","_sitemap_frequency":""},"product_brand":[],"product_cat":[579],"product_tag":[],"class_list":{"0":"post-1659","1":"product","2":"type-product","3":"status-publish","4":"has-post-thumbnail","6":"product_cat-papel-semilla","8":"first","9":"instock","10":"taxable","11":"shipping-taxable","12":"purchasable","13":"product-type-simple"},"yoast_head":"<!-- This site is optimized with the Yoast SEO Premium plugin v27.4 (Yoast SEO v27.4) - https:\/\/yoast.com\/product\/yoast-seo-premium-wordpress\/ -->\n<title>Tarjeta de presentaci\u00f3n Germinable con desprendible.<\/title>\n<meta name=\"description\" content=\"Tarjeta de presentaci\u00f3n Germinable. Incluye un desprendible para sembrar y germinar un \u00e1rbol. La tarjeta se conserva con tus datos.\" \/>\n<meta name=\"robots\" content=\"index, follow, max-snippet:-1, max-image-preview:large, max-video-preview:-1\" \/>\n<link rel=\"canonical\" href=\"https:\/\/eco-regalos.com\/Colombia\/producto\/tarjeta-de-presentacion-germinable-con-desprendible\/\" \/>\n<meta property=\"og:locale\" content=\"es_ES\" \/>\n<meta property=\"og:type\" content=\"article\" \/>\n<meta property=\"og:title\" content=\"Tarjeta de presentaci\u00f3n con desprendible GERMINABLE\" \/>\n<meta property=\"og:description\" content=\"Tarjeta de presentaci\u00f3n Germinable. Incluye un desprendible para sembrar y germinar un \u00e1rbol. La tarjeta se conserva con tus datos.\" \/>\n<meta property=\"og:url\" content=\"https:\/\/eco-regalos.com\/Colombia\/producto\/tarjeta-de-presentacion-germinable-con-desprendible\/\" \/>\n<meta property=\"og:site_name\" content=\"Merchandising Ecol\u00f3gico\" \/>\n<meta property=\"article:modified_time\" content=\"2026-02-23T14:53:25+00:00\" \/>\n<meta property=\"og:image\" content=\"https:\/\/eco-regalos.com\/Colombia\/wp-content\/uploads\/2026\/02\/ps2-01.jpg\" \/>\n\t<meta property=\"og:image:width\" content=\"398\" \/>\n\t<meta property=\"og:image:height\" content=\"300\" \/>\n\t<meta property=\"og:image:type\" content=\"image\/jpeg\" \/>\n<meta name=\"twitter:card\" content=\"summary_large_image\" \/>\n<meta name=\"twitter:label1\" content=\"Tiempo de lectura\" \/>\n\t<meta name=\"twitter:data1\" content=\"2 minutos\" \/>\n<script type=\"application\/ld+json\" class=\"yoast-schema-graph\">{\"@context\":\"https:\\\/\\\/schema.org\",\"@graph\":[{\"@type\":\"WebPage\",\"@id\":\"https:\\\/\\\/eco-regalos.com\\\/Colombia\\\/producto\\\/tarjeta-de-presentacion-germinable-con-desprendible\\\/\",\"url\":\"https:\\\/\\\/eco-regalos.com\\\/Colombia\\\/producto\\\/tarjeta-de-presentacion-germinable-con-desprendible\\\/\",\"name\":\"Tarjeta de presentaci\u00f3n Germinable con desprendible.\",\"isPartOf\":{\"@id\":\"https:\\\/\\\/eco-regalos.com\\\/Colombia\\\/#website\"},\"primaryImageOfPage\":{\"@id\":\"https:\\\/\\\/eco-regalos.com\\\/Colombia\\\/producto\\\/tarjeta-de-presentacion-germinable-con-desprendible\\\/#primaryimage\"},\"image\":{\"@id\":\"https:\\\/\\\/eco-regalos.com\\\/Colombia\\\/producto\\\/tarjeta-de-presentacion-germinable-con-desprendible\\\/#primaryimage\"},\"thumbnailUrl\":\"https:\\\/\\\/eco-regalos.com\\\/Colombia\\\/wp-content\\\/uploads\\\/2026\\\/02\\\/ps2-01.jpg\",\"datePublished\":\"2019-06-05T16:24:16+00:00\",\"dateModified\":\"2026-02-23T14:53:25+00:00\",\"description\":\"Tarjeta de presentaci\u00f3n Germinable. Incluye un desprendible para sembrar y germinar un \u00e1rbol. La tarjeta se conserva con tus datos.\",\"breadcrumb\":{\"@id\":\"https:\\\/\\\/eco-regalos.com\\\/Colombia\\\/producto\\\/tarjeta-de-presentacion-germinable-con-desprendible\\\/#breadcrumb\"},\"inLanguage\":\"es\",\"potentialAction\":[{\"@type\":\"ReadAction\",\"target\":[\"https:\\\/\\\/eco-regalos.com\\\/Colombia\\\/producto\\\/tarjeta-de-presentacion-germinable-con-desprendible\\\/\"]}]},{\"@type\":\"ImageObject\",\"inLanguage\":\"es\",\"@id\":\"https:\\\/\\\/eco-regalos.com\\\/Colombia\\\/producto\\\/tarjeta-de-presentacion-germinable-con-desprendible\\\/#primaryimage\",\"url\":\"https:\\\/\\\/eco-regalos.com\\\/Colombia\\\/wp-content\\\/uploads\\\/2026\\\/02\\\/ps2-01.jpg\",\"contentUrl\":\"https:\\\/\\\/eco-regalos.com\\\/Colombia\\\/wp-content\\\/uploads\\\/2026\\\/02\\\/ps2-01.jpg\",\"width\":398,\"height\":300},{\"@type\":\"BreadcrumbList\",\"@id\":\"https:\\\/\\\/eco-regalos.com\\\/Colombia\\\/producto\\\/tarjeta-de-presentacion-germinable-con-desprendible\\\/#breadcrumb\",\"itemListElement\":[{\"@type\":\"ListItem\",\"position\":1,\"name\":\"Portada\",\"item\":\"https:\\\/\\\/eco-regalos.com\\\/Colombia\\\/\"},{\"@type\":\"ListItem\",\"position\":2,\"name\":\"Productos germinables para campa\u00f1as ambientalmente responsables\",\"item\":\"https:\\\/\\\/eco-regalos.com\\\/Colombia\\\/catalogo_eco_regalos\\\/\"},{\"@type\":\"ListItem\",\"position\":3,\"name\":\"Tarjeta de presentaci\u00f3n con desprendible GERMINABLE\"}]},{\"@type\":\"WebSite\",\"@id\":\"https:\\\/\\\/eco-regalos.com\\\/Colombia\\\/#website\",\"url\":\"https:\\\/\\\/eco-regalos.com\\\/Colombia\\\/\",\"name\":\"Eco Regalos - Merchandising Ecol\u00f3gico\",\"description\":\"Papel Semilla\",\"publisher\":{\"@id\":\"https:\\\/\\\/eco-regalos.com\\\/Colombia\\\/#organization\"},\"alternateName\":\"eco-regalos.com\",\"potentialAction\":[{\"@type\":\"SearchAction\",\"target\":{\"@type\":\"EntryPoint\",\"urlTemplate\":\"https:\\\/\\\/eco-regalos.com\\\/Colombia\\\/?s={search_term_string}\"},\"query-input\":{\"@type\":\"PropertyValueSpecification\",\"valueRequired\":true,\"valueName\":\"search_term_string\"}}],\"inLanguage\":\"es\"},{\"@type\":[\"Organization\",\"Place\"],\"@id\":\"https:\\\/\\\/eco-regalos.com\\\/Colombia\\\/#organization\",\"name\":\"Eco Regalos\",\"url\":\"https:\\\/\\\/eco-regalos.com\\\/Colombia\\\/\",\"logo\":{\"@id\":\"https:\\\/\\\/eco-regalos.com\\\/Colombia\\\/producto\\\/tarjeta-de-presentacion-germinable-con-desprendible\\\/#local-main-organization-logo\"},\"image\":{\"@id\":\"https:\\\/\\\/eco-regalos.com\\\/Colombia\\\/producto\\\/tarjeta-de-presentacion-germinable-con-desprendible\\\/#local-main-organization-logo\"},\"telephone\":[],\"openingHoursSpecification\":[{\"@type\":\"OpeningHoursSpecification\",\"dayOfWeek\":[\"Sunday\",\"Monday\",\"Tuesday\",\"Wednesday\",\"Thursday\",\"Friday\",\"Saturday\"],\"opens\":\"09:00\",\"closes\":\"17:00\"}]},{\"@type\":\"ImageObject\",\"inLanguage\":\"es\",\"@id\":\"https:\\\/\\\/eco-regalos.com\\\/Colombia\\\/producto\\\/tarjeta-de-presentacion-germinable-con-desprendible\\\/#local-main-organization-logo\",\"url\":\"https:\\\/\\\/eco-regalos.com\\\/Colombia\\\/wp-content\\\/uploads\\\/2020\\\/08\\\/logo-2015-con-slogan.jpg\",\"contentUrl\":\"https:\\\/\\\/eco-regalos.com\\\/Colombia\\\/wp-content\\\/uploads\\\/2020\\\/08\\\/logo-2015-con-slogan.jpg\",\"width\":1461,\"height\":1121,\"caption\":\"Eco Regalos\"}]}<\/script>\n<!-- \/ Yoast SEO Premium plugin. -->","yoast_head_json":{"title":"Tarjeta de presentaci\u00f3n Germinable con desprendible.","description":"Tarjeta de presentaci\u00f3n Germinable. Incluye un desprendible para sembrar y germinar un \u00e1rbol. La tarjeta se conserva con tus datos.","robots":{"index":"index","follow":"follow","max-snippet":"max-snippet:-1","max-image-preview":"max-image-preview:large","max-video-preview":"max-video-preview:-1"},"canonical":"https:\/\/eco-regalos.com\/Colombia\/producto\/tarjeta-de-presentacion-germinable-con-desprendible\/","og_locale":"es_ES","og_type":"article","og_title":"Tarjeta de presentaci\u00f3n con desprendible GERMINABLE","og_description":"Tarjeta de presentaci\u00f3n Germinable. Incluye un desprendible para sembrar y germinar un \u00e1rbol. La tarjeta se conserva con tus datos.","og_url":"https:\/\/eco-regalos.com\/Colombia\/producto\/tarjeta-de-presentacion-germinable-con-desprendible\/","og_site_name":"Merchandising Ecol\u00f3gico","article_modified_time":"2026-02-23T14:53:25+00:00","og_image":[{"width":398,"height":300,"url":"https:\/\/eco-regalos.com\/Colombia\/wp-content\/uploads\/2026\/02\/ps2-01.jpg","type":"image\/jpeg"}],"twitter_card":"summary_large_image","twitter_misc":{"Tiempo de lectura":"2 minutos"},"schema":{"@context":"https:\/\/schema.org","@graph":[{"@type":"WebPage","@id":"https:\/\/eco-regalos.com\/Colombia\/producto\/tarjeta-de-presentacion-germinable-con-desprendible\/","url":"https:\/\/eco-regalos.com\/Colombia\/producto\/tarjeta-de-presentacion-germinable-con-desprendible\/","name":"Tarjeta de presentaci\u00f3n Germinable con desprendible.","isPartOf":{"@id":"https:\/\/eco-regalos.com\/Colombia\/#website"},"primaryImageOfPage":{"@id":"https:\/\/eco-regalos.com\/Colombia\/producto\/tarjeta-de-presentacion-germinable-con-desprendible\/#primaryimage"},"image":{"@id":"https:\/\/eco-regalos.com\/Colombia\/producto\/tarjeta-de-presentacion-germinable-con-desprendible\/#primaryimage"},"thumbnailUrl":"https:\/\/eco-regalos.com\/Colombia\/wp-content\/uploads\/2026\/02\/ps2-01.jpg","datePublished":"2019-06-05T16:24:16+00:00","dateModified":"2026-02-23T14:53:25+00:00","description":"Tarjeta de presentaci\u00f3n Germinable. Incluye un desprendible para sembrar y germinar un \u00e1rbol. La tarjeta se conserva con tus datos.","breadcrumb":{"@id":"https:\/\/eco-regalos.com\/Colombia\/producto\/tarjeta-de-presentacion-germinable-con-desprendible\/#breadcrumb"},"inLanguage":"es","potentialAction":[{"@type":"ReadAction","target":["https:\/\/eco-regalos.com\/Colombia\/producto\/tarjeta-de-presentacion-germinable-con-desprendible\/"]}]},{"@type":"ImageObject","inLanguage":"es","@id":"https:\/\/eco-regalos.com\/Colombia\/producto\/tarjeta-de-presentacion-germinable-con-desprendible\/#primaryimage","url":"https:\/\/eco-regalos.com\/Colombia\/wp-content\/uploads\/2026\/02\/ps2-01.jpg","contentUrl":"https:\/\/eco-regalos.com\/Colombia\/wp-content\/uploads\/2026\/02\/ps2-01.jpg","width":398,"height":300},{"@type":"BreadcrumbList","@id":"https:\/\/eco-regalos.com\/Colombia\/producto\/tarjeta-de-presentacion-germinable-con-desprendible\/#breadcrumb","itemListElement":[{"@type":"ListItem","position":1,"name":"Portada","item":"https:\/\/eco-regalos.com\/Colombia\/"},{"@type":"ListItem","position":2,"name":"Productos germinables para campa\u00f1as ambientalmente responsables","item":"https:\/\/eco-regalos.com\/Colombia\/catalogo_eco_regalos\/"},{"@type":"ListItem","position":3,"name":"Tarjeta de presentaci\u00f3n con desprendible GERMINABLE"}]},{"@type":"WebSite","@id":"https:\/\/eco-regalos.com\/Colombia\/#website","url":"https:\/\/eco-regalos.com\/Colombia\/","name":"Eco Regalos - Merchandising Ecol\u00f3gico","description":"Papel Semilla","publisher":{"@id":"https:\/\/eco-regalos.com\/Colombia\/#organization"},"alternateName":"eco-regalos.com","potentialAction":[{"@type":"SearchAction","target":{"@type":"EntryPoint","urlTemplate":"https:\/\/eco-regalos.com\/Colombia\/?s={search_term_string}"},"query-input":{"@type":"PropertyValueSpecification","valueRequired":true,"valueName":"search_term_string"}}],"inLanguage":"es"},{"@type":["Organization","Place"],"@id":"https:\/\/eco-regalos.com\/Colombia\/#organization","name":"Eco Regalos","url":"https:\/\/eco-regalos.com\/Colombia\/","logo":{"@id":"https:\/\/eco-regalos.com\/Colombia\/producto\/tarjeta-de-presentacion-germinable-con-desprendible\/#local-main-organization-logo"},"image":{"@id":"https:\/\/eco-regalos.com\/Colombia\/producto\/tarjeta-de-presentacion-germinable-con-desprendible\/#local-main-organization-logo"},"telephone":[],"openingHoursSpecification":[{"@type":"OpeningHoursSpecification","dayOfWeek":["Sunday","Monday","Tuesday","Wednesday","Thursday","Friday","Saturday"],"opens":"09:00","closes":"17:00"}]},{"@type":"ImageObject","inLanguage":"es","@id":"https:\/\/eco-regalos.com\/Colombia\/producto\/tarjeta-de-presentacion-germinable-con-desprendible\/#local-main-organization-logo","url":"https:\/\/eco-regalos.com\/Colombia\/wp-content\/uploads\/2020\/08\/logo-2015-con-slogan.jpg","contentUrl":"https:\/\/eco-regalos.com\/Colombia\/wp-content\/uploads\/2020\/08\/logo-2015-con-slogan.jpg","width":1461,"height":1121,"caption":"Eco Regalos"}]}},"_links":{"self":[{"href":"https:\/\/eco-regalos.com\/Colombia\/wp-json\/wp\/v2\/product\/1659","targetHints":{"allow":["GET"]}}],"collection":[{"href":"https:\/\/eco-regalos.com\/Colombia\/wp-json\/wp\/v2\/product"}],"about":[{"href":"https:\/\/eco-regalos.com\/Colombia\/wp-json\/wp\/v2\/types\/product"}],"replies":[{"embeddable":true,"href":"https:\/\/eco-regalos.com\/Colombia\/wp-json\/wp\/v2\/comments?post=1659"}],"wp:featuredmedia":[{"embeddable":true,"href":"https:\/\/eco-regalos.com\/Colombia\/wp-json\/wp\/v2\/media\/8087"}],"wp:attachment":[{"href":"https:\/\/eco-regalos.com\/Colombia\/wp-json\/wp\/v2\/media?parent=1659"}],"wp:term":[{"taxonomy":"product_brand","embeddable":true,"href":"https:\/\/eco-regalos.com\/Colombia\/wp-json\/wp\/v2\/product_brand?post=1659"},{"taxonomy":"product_cat","embeddable":true,"href":"https:\/\/eco-regalos.com\/Colombia\/wp-json\/wp\/v2\/product_cat?post=1659"},{"taxonomy":"product_tag","embeddable":true,"href":"https:\/\/eco-regalos.com\/Colombia\/wp-json\/wp\/v2\/product_tag?post=1659"}],"curies":[{"name":"wp","href":"https:\/\/api.w.org\/{rel}","templated":true}]}}