{"id":1670,"date":"2019-06-05T16:10:34","date_gmt":"2019-06-05T21:10:34","guid":{"rendered":"http:\/\/eco-regalos.com\/colombia\/?post_type=product&#038;p=1670"},"modified":"2026-02-23T09:52:55","modified_gmt":"2026-02-23T14:52:55","slug":"papel-semilla-plantable-para-imprimir-troquelar-y-doblar","status":"publish","type":"product","link":"https:\/\/eco-regalos.com\/Colombia\/producto\/papel-semilla-plantable-para-imprimir-troquelar-y-doblar\/","title":{"rendered":"Papel Semilla Germinable Carta.  Paquete 10 hojas"},"content":{"rendered":"<h4><strong class=\"Yjhzub\" data-complete=\"true\" data-processed=\"true\" aria-owns=\"action-menu-parent-container\">Papel Semilla Plantable para Imprimir: Comunicados con Valor Especial e Impresiones Sostenibles<\/strong><\/h4>\n<h5 class=\"Y3BBE\" data-hveid=\"CAEICBAA\" data-complete=\"true\" data-processed=\"true\"><strong class=\"Yjhzub\" data-complete=\"true\" data-processed=\"true\">Impresiones con Prop\u00f3sito: El Momento de Evolucionar la Papeler\u00eda Convencional<\/strong><\/h5>\n<p class=\"Y3BBE\" data-hveid=\"CAEICBAA\" data-complete=\"true\" data-processed=\"true\">Ya sea para una tarjeta de agradecimiento, el <em class=\"eujQNb\" data-complete=\"true\" data-processed=\"true\">packaging<\/em>\u00a0de un producto liviano o una invitaci\u00f3n a mano, nuestro papel semilla es el lienzo perfecto para la\u00a0<strong class=\"Yjhzub\" data-complete=\"true\" data-processed=\"true\">creatividad responsable<\/strong>. Es un insumo que se ha posicionado como l\u00edder en el sector promocional debido al impacto positivo que genera: la asociaci\u00f3n de la marca con la vida y el cuidado del medioambiente.<\/p>\n<h5 class=\"Y3BBE\" data-hveid=\"CAEICRAA\" data-complete=\"true\" data-processed=\"true\"><strong class=\"Yjhzub\" data-complete=\"true\" data-processed=\"true\">Ventajas Estrat\u00e9gicas y T\u00e9cnicas:<\/strong><\/h5>\n<ul class=\"KsbFXc U6u95\" data-complete=\"true\" data-processed=\"true\">\n<li data-hveid=\"CAEIChAA\" data-complete=\"true\" data-sae=\"\"><span class=\"T286Pc\" data-sfc-cp=\"\" data-complete=\"true\"><strong class=\"Yjhzub\" data-complete=\"true\">Facilidad de Uso y Versatilidad:<\/strong>\u00a0Ideal para uso en impresoras Inkjet (se recomienda hacer pruebas previas, ya que puede variar seg\u00fan el modelo). Permite troquelar figuras (corazones, \u00e1rboles) o elaborar empaques germinables con facilidad, sin da\u00f1ar la semilla.<\/span><\/li>\n<li data-hveid=\"CAEIChAA\" data-complete=\"true\" data-sae=\"\"><\/li>\n<li data-hveid=\"CAEIChAB\" data-complete=\"true\" data-sae=\"\"><span class=\"T286Pc\" data-sfc-cp=\"\" data-complete=\"true\"><strong class=\"Yjhzub\" data-complete=\"true\">Comunicados con Valor Especial:<\/strong>\u00a0Cada impresi\u00f3n deja de ser un simple papel para convertirse en un proyecto de siembra. El usuario final disfruta de una experiencia gratificante y divertida que prolonga el mensaje original por semanas.<\/span><\/li>\n<li data-hveid=\"CAEIChAB\" data-complete=\"true\" data-sae=\"\"><\/li>\n<li data-hveid=\"CAEIChAC\" data-complete=\"true\" data-sae=\"\"><span class=\"T286Pc\" data-sfc-cp=\"\" data-complete=\"true\"><strong class=\"Yjhzub\" data-complete=\"true\">Indicadores de Sostenibilidad Individual:<\/strong> El uso de este papel genera conciencia ambiental al demostrar que un \u00abresiduo\u00bb puede transformarse en una planta que aporta ox\u00edgeno y vida al planeta.<\/span><\/li>\n<li data-hveid=\"CAEIChAC\" data-complete=\"true\" data-sae=\"\"><\/li>\n<\/ul>\n<div class=\"Y3BBE\" data-sfc-cp=\"\" data-hveid=\"CAEICxAA\" data-complete=\"true\" data-processed=\"true\"><strong class=\"Yjhzub\" data-complete=\"true\" data-processed=\"true\">Especies Disponibles y Calidad:<\/strong><br data-serialized-params=\"[]\" data-complete=\"true\" data-processed=\"true\" \/>Ofrecemos papel de alta calidad en color blanco o natural, cargado con semillas de huerta de f\u00e1cil germinaci\u00f3n:\u00a0<strong class=\"Yjhzub\" data-complete=\"true\" data-processed=\"true\">Zanahoria, Perejil y Lechuga<\/strong>, garantizando un 90% de \u00e9xito en la siembra.<\/div>\n<div class=\"Y3BBE\" data-sfc-cp=\"\" data-hveid=\"CAEIEhAA\" data-complete=\"true\" data-processed=\"true\"><\/div>\n<p><iframe title=\"Papel semilla para imprimir en Colombia.  www.eco-regalos.com\" width=\"640\" height=\"480\" src=\"https:\/\/www.youtube.com\/embed\/e2ulI8Ao_M4?feature=oembed\" frameborder=\"0\" allow=\"accelerometer; autoplay; clipboard-write; encrypted-media; gyroscope; picture-in-picture; web-share\" referrerpolicy=\"strict-origin-when-cross-origin\" allowfullscreen><\/iframe><\/p>\n<h5 class=\"Fsg96\" data-complete=\"true\" data-processed=\"true\">Ficha T\u00e9cnica y Usos<\/h5>\n<ul class=\"KsbFXc U6u95\" data-complete=\"true\" data-processed=\"true\">\n<li data-hveid=\"CAEIDhAA\" data-complete=\"true\" data-sae=\"\"><span class=\"T286Pc\" data-sfc-cp=\"\" data-complete=\"true\"><strong class=\"Yjhzub\" data-complete=\"true\">Material:<\/strong>\u00a0Papel semilla de alta calidad (100% compostable y biodegradable).<\/span><\/li>\n<li data-hveid=\"CAEIDhAB\" data-complete=\"true\" data-sae=\"\"><span class=\"T286Pc\" data-sfc-cp=\"\" data-complete=\"true\"><strong class=\"Yjhzub\" data-complete=\"true\">Color:<\/strong>\u00a0Blanco natural o Kraft.<\/span><\/li>\n<li data-hveid=\"CAEIDhAC\" data-complete=\"true\" data-sae=\"\"><span class=\"T286Pc\" data-sfc-cp=\"\" data-complete=\"true\"><strong class=\"Yjhzub\" data-complete=\"true\">Tasa de Germinaci\u00f3n:<\/strong>\u00a090% garantizado (alta viabilidad).<\/span><\/li>\n<li data-hveid=\"CAEIDhAD\" data-complete=\"true\" data-sae=\"\"><span class=\"T286Pc\" data-sfc-cp=\"\" data-complete=\"true\"><strong class=\"Yjhzub\" data-complete=\"true\">Compatibilidad:<\/strong>\u00a0Impresoras Inkjet (inyecci\u00f3n de tinta).<\/span><\/li>\n<li data-hveid=\"CAEIDhAE\" data-complete=\"true\" data-sae=\"\"><span class=\"T286Pc\" data-sfc-cp=\"\" data-complete=\"true\"><strong class=\"Yjhzub\" data-complete=\"true\">Usos:<\/strong> Tarjetas de presentaci\u00f3n, invitaciones, volantes, etiquetas para productos, insertos y manualidades sostenibles.<\/span><\/li>\n<li data-hveid=\"CAEIDhAE\" data-complete=\"true\" data-sae=\"\"><\/li>\n<li data-hveid=\"CAEIDhAE\" data-complete=\"true\" data-sae=\"\">\n<h5>Gu\u00eda de Siembra: Un Acto Responsable<\/h5>\n<\/li>\n<\/ul>\n<div class=\"Y3BBE\" data-sfc-cp=\"\" data-hveid=\"CAEIERAA\" data-complete=\"true\" data-processed=\"true\">El proceso es una invitaci\u00f3n al cuidado: siembra el papel superficialmente en tierra compostable, riega a diario y disfruta de la experiencia de ver crecer tu propia huerta en 3 a 5 semanas.<\/div>\n<div data-sfc-cp=\"\" data-hveid=\"CAEIERAA\" data-complete=\"true\" data-processed=\"true\"><\/div>\n<div class=\"Y3BBE\" data-sfc-cp=\"\" data-hveid=\"CAEIEhAA\" data-complete=\"true\" data-processed=\"true\"><strong class=\"Yjhzub\" data-complete=\"true\" data-processed=\"true\" aria-owns=\"action-menu-parent-container\">\u00a1Somos l\u00edderes en fabricaci\u00f3n! Adquiere nuestro papel semilla y comienza a crear comunicados que importan, crecen y respiran<\/strong><\/div>\n<p style=\"text-align: center;\"><strong><a href=\"https:\/\/eco-regalos.com\/movil\/categoria-producto\/tarjetas-etiquetas-papel-semilla\/\">Tarjetas en papel germinable I Etiquetas en papel germinable I<\/a><\/strong><\/p>\n<p><strong><a href=\"https:\/\/eco-regalos.com\/movil\/categoria-producto\/papel-semilla-por-paquete-para-imprimir-troquelar-escribir-y-doblar\/\">I Papel semilla tama\u00f1o carta, cuarto y tabloide<\/a> I<\/strong><\/p>\n<p>Este producto est\u00e1 disponible en<strong>\u00a0<a href=\"https:\/\/eco-regalos.com\/movil\/producto\/tarjetas-semilla-plantables-y-germinables-personalizadas\/\">papel PREMIUM tama\u00f1o 10 cm x 13 cm:<\/a>\u00a0\u00a0<\/strong><\/p>\n<div class=\"woocommerce-tabs wc-tabs-wrapper\">\n<div id=\"tab-description\" class=\"woocommerce-Tabs-panel woocommerce-Tabs-panel--description panel entry-content wc-tab\" role=\"tabpanel\" aria-labelledby=\"tab-title-description\">\n<p>Impression por un lado. (recomendable)<\/p>\n<p>Germinaci\u00f3n aprox. 90%<\/p>\n<p><strong><a href=\"https:\/\/eco-regalos.com\/movil\/comunicate-con-nosotros\/\">Clic para cotizar 2.0<\/a><\/strong><strong><a href=\"https:\/\/eco-regalos.com\/movil\/comunicate-con-nosotros\/\">00 hojas en adelante.<\/a><\/strong><\/p>\n<p style=\"text-align: center;\"><strong><a href=\"http:\/\/caem.org.co\/ConveniosCARCAEM\/huellacarbono\/\">Te invitamos a cuidar el planeta, haz clic y calcula tu huella de carbono para que cada d\u00eda la reduzcas con conciencia.<\/a><\/strong><\/p>\n<\/div>\n<\/div>\n<section class=\"related products\"><\/section>\n","protected":false},"excerpt":{"rendered":"<h4><strong class=\"Yjhzub\" data-complete=\"true\" data-processed=\"true\" aria-owns=\"action-menu-parent-container\">Papel Semilla Plantable para Imprimir: Comunicados con Valor Especial e Impresiones Sostenibles<\/strong><\/h4>\n<p><strong class=\"Yjhzub\" data-complete=\"true\" data-processed=\"true\">Transforma tu impresora en un generador de vida.<\/strong>\u00a0Nuestro papel semilla plantable (blanco o natural) es la soluci\u00f3n m\u00e1s efectiva para crear\u00a0<strong class=\"Yjhzub\" data-complete=\"true\" data-processed=\"true\">invitaciones, tarjetas personales y volantes 100% sostenibles<\/strong>\u00a0desde casa u oficina. Con una\u00a0<strong class=\"Yjhzub\" data-complete=\"true\" data-processed=\"true\">germinaci\u00f3n garantizada del 90%<\/strong>, este insumo de\u00a0<strong class=\"Yjhzub\" data-complete=\"true\" data-processed=\"true\">econom\u00eda circular<\/strong>\u00a0permite troquelar, doblar y plegar sin afectar la viabilidad de las semillas. Es la herramienta ideal para marcas y usuarios que buscan que sus comunicados dejen de ser basura y se conviertan en huertas de lechuga, perejil o zanahoria.<\/p>\n","protected":false},"featured_media":7799,"comment_status":"open","ping_status":"closed","template":"","meta":{"_sitemap_exclude":false,"_sitemap_priority":"","_sitemap_frequency":""},"product_brand":[],"product_cat":[579],"product_tag":[],"class_list":{"0":"post-1670","1":"product","2":"type-product","3":"status-publish","4":"has-post-thumbnail","6":"product_cat-papel-semilla","8":"first","9":"instock","10":"purchasable","11":"product-type-simple"},"yoast_head":"<!-- This site is optimized with the Yoast SEO Premium plugin v27.4 (Yoast SEO v27.4) - https:\/\/yoast.com\/product\/yoast-seo-premium-wordpress\/ -->\n<title>Papel semilla plantable para imprimir, troquelar y doblar<\/title>\n<meta name=\"description\" content=\"Papel semilla plantable para imprimir, troquelar y doblar. Ideal para elaborar tarjetas, calendarios o figuras sembrables para insertos.\" \/>\n<meta name=\"robots\" content=\"index, follow, max-snippet:-1, max-image-preview:large, max-video-preview:-1\" \/>\n<link rel=\"canonical\" href=\"https:\/\/eco-regalos.com\/Colombia\/producto\/papel-semilla-plantable-para-imprimir-troquelar-y-doblar\/\" \/>\n<meta property=\"og:locale\" content=\"es_ES\" \/>\n<meta property=\"og:type\" content=\"article\" \/>\n<meta property=\"og:title\" content=\"Papel Semilla Germinable Carta. Paquete 10 hojas\" \/>\n<meta property=\"og:description\" content=\"Papel semilla plantable para imprimir, troquelar y doblar. Ideal para elaborar tarjetas, calendarios o figuras sembrables para insertos.\" \/>\n<meta property=\"og:url\" content=\"https:\/\/eco-regalos.com\/Colombia\/producto\/papel-semilla-plantable-para-imprimir-troquelar-y-doblar\/\" \/>\n<meta property=\"og:site_name\" content=\"Merchandising Ecol\u00f3gico\" \/>\n<meta property=\"article:modified_time\" content=\"2026-02-23T14:52:55+00:00\" \/>\n<meta property=\"og:image\" content=\"https:\/\/eco-regalos.com\/Colombia\/wp-content\/uploads\/2026\/02\/papel_semilla_GERMINABLE_PLANTABLE_SEMBRABLE_ECOLOGICO_CARTULINA_PAPELES_ECO-01-e1737752869676.jpg\" \/>\n\t<meta property=\"og:image:width\" content=\"1705\" \/>\n\t<meta property=\"og:image:height\" content=\"1342\" \/>\n\t<meta property=\"og:image:type\" content=\"image\/jpeg\" \/>\n<meta name=\"twitter:card\" content=\"summary_large_image\" \/>\n<meta name=\"twitter:label1\" content=\"Tiempo de lectura\" \/>\n\t<meta name=\"twitter:data1\" content=\"3 minutos\" \/>\n<script type=\"application\/ld+json\" class=\"yoast-schema-graph\">{\"@context\":\"https:\\\/\\\/schema.org\",\"@graph\":[{\"@type\":\"WebPage\",\"@id\":\"https:\\\/\\\/eco-regalos.com\\\/Colombia\\\/producto\\\/papel-semilla-plantable-para-imprimir-troquelar-y-doblar\\\/\",\"url\":\"https:\\\/\\\/eco-regalos.com\\\/Colombia\\\/producto\\\/papel-semilla-plantable-para-imprimir-troquelar-y-doblar\\\/\",\"name\":\"Papel semilla plantable para imprimir, troquelar y doblar\",\"isPartOf\":{\"@id\":\"https:\\\/\\\/eco-regalos.com\\\/Colombia\\\/#website\"},\"primaryImageOfPage\":{\"@id\":\"https:\\\/\\\/eco-regalos.com\\\/Colombia\\\/producto\\\/papel-semilla-plantable-para-imprimir-troquelar-y-doblar\\\/#primaryimage\"},\"image\":{\"@id\":\"https:\\\/\\\/eco-regalos.com\\\/Colombia\\\/producto\\\/papel-semilla-plantable-para-imprimir-troquelar-y-doblar\\\/#primaryimage\"},\"thumbnailUrl\":\"https:\\\/\\\/eco-regalos.com\\\/Colombia\\\/wp-content\\\/uploads\\\/2026\\\/02\\\/papel_semilla_GERMINABLE_PLANTABLE_SEMBRABLE_ECOLOGICO_CARTULINA_PAPELES_ECO-01-e1737752869676.jpg\",\"datePublished\":\"2019-06-05T21:10:34+00:00\",\"dateModified\":\"2026-02-23T14:52:55+00:00\",\"description\":\"Papel semilla plantable para imprimir, troquelar y doblar. Ideal para elaborar tarjetas, calendarios o figuras sembrables para insertos.\",\"breadcrumb\":{\"@id\":\"https:\\\/\\\/eco-regalos.com\\\/Colombia\\\/producto\\\/papel-semilla-plantable-para-imprimir-troquelar-y-doblar\\\/#breadcrumb\"},\"inLanguage\":\"es\",\"potentialAction\":[{\"@type\":\"ReadAction\",\"target\":[\"https:\\\/\\\/eco-regalos.com\\\/Colombia\\\/producto\\\/papel-semilla-plantable-para-imprimir-troquelar-y-doblar\\\/\"]}]},{\"@type\":\"ImageObject\",\"inLanguage\":\"es\",\"@id\":\"https:\\\/\\\/eco-regalos.com\\\/Colombia\\\/producto\\\/papel-semilla-plantable-para-imprimir-troquelar-y-doblar\\\/#primaryimage\",\"url\":\"https:\\\/\\\/eco-regalos.com\\\/Colombia\\\/wp-content\\\/uploads\\\/2026\\\/02\\\/papel_semilla_GERMINABLE_PLANTABLE_SEMBRABLE_ECOLOGICO_CARTULINA_PAPELES_ECO-01-e1737752869676.jpg\",\"contentUrl\":\"https:\\\/\\\/eco-regalos.com\\\/Colombia\\\/wp-content\\\/uploads\\\/2026\\\/02\\\/papel_semilla_GERMINABLE_PLANTABLE_SEMBRABLE_ECOLOGICO_CARTULINA_PAPELES_ECO-01-e1737752869676.jpg\",\"width\":1705,\"height\":1342},{\"@type\":\"BreadcrumbList\",\"@id\":\"https:\\\/\\\/eco-regalos.com\\\/Colombia\\\/producto\\\/papel-semilla-plantable-para-imprimir-troquelar-y-doblar\\\/#breadcrumb\",\"itemListElement\":[{\"@type\":\"ListItem\",\"position\":1,\"name\":\"Portada\",\"item\":\"https:\\\/\\\/eco-regalos.com\\\/Colombia\\\/\"},{\"@type\":\"ListItem\",\"position\":2,\"name\":\"Productos germinables para campa\u00f1as ambientalmente responsables\",\"item\":\"https:\\\/\\\/eco-regalos.com\\\/Colombia\\\/catalogo_eco_regalos\\\/\"},{\"@type\":\"ListItem\",\"position\":3,\"name\":\"Papel Semilla Germinable Carta. Paquete 10 hojas\"}]},{\"@type\":\"WebSite\",\"@id\":\"https:\\\/\\\/eco-regalos.com\\\/Colombia\\\/#website\",\"url\":\"https:\\\/\\\/eco-regalos.com\\\/Colombia\\\/\",\"name\":\"Eco Regalos - Merchandising Ecol\u00f3gico\",\"description\":\"Papel Semilla\",\"publisher\":{\"@id\":\"https:\\\/\\\/eco-regalos.com\\\/Colombia\\\/#organization\"},\"alternateName\":\"eco-regalos.com\",\"potentialAction\":[{\"@type\":\"SearchAction\",\"target\":{\"@type\":\"EntryPoint\",\"urlTemplate\":\"https:\\\/\\\/eco-regalos.com\\\/Colombia\\\/?s={search_term_string}\"},\"query-input\":{\"@type\":\"PropertyValueSpecification\",\"valueRequired\":true,\"valueName\":\"search_term_string\"}}],\"inLanguage\":\"es\"},{\"@type\":[\"Organization\",\"Place\"],\"@id\":\"https:\\\/\\\/eco-regalos.com\\\/Colombia\\\/#organization\",\"name\":\"Eco Regalos\",\"url\":\"https:\\\/\\\/eco-regalos.com\\\/Colombia\\\/\",\"logo\":{\"@id\":\"https:\\\/\\\/eco-regalos.com\\\/Colombia\\\/producto\\\/papel-semilla-plantable-para-imprimir-troquelar-y-doblar\\\/#local-main-organization-logo\"},\"image\":{\"@id\":\"https:\\\/\\\/eco-regalos.com\\\/Colombia\\\/producto\\\/papel-semilla-plantable-para-imprimir-troquelar-y-doblar\\\/#local-main-organization-logo\"},\"telephone\":[],\"openingHoursSpecification\":[{\"@type\":\"OpeningHoursSpecification\",\"dayOfWeek\":[\"Sunday\",\"Monday\",\"Tuesday\",\"Wednesday\",\"Thursday\",\"Friday\",\"Saturday\"],\"opens\":\"09:00\",\"closes\":\"17:00\"}]},{\"@type\":\"ImageObject\",\"inLanguage\":\"es\",\"@id\":\"https:\\\/\\\/eco-regalos.com\\\/Colombia\\\/producto\\\/papel-semilla-plantable-para-imprimir-troquelar-y-doblar\\\/#local-main-organization-logo\",\"url\":\"https:\\\/\\\/eco-regalos.com\\\/Colombia\\\/wp-content\\\/uploads\\\/2020\\\/08\\\/logo-2015-con-slogan.jpg\",\"contentUrl\":\"https:\\\/\\\/eco-regalos.com\\\/Colombia\\\/wp-content\\\/uploads\\\/2020\\\/08\\\/logo-2015-con-slogan.jpg\",\"width\":1461,\"height\":1121,\"caption\":\"Eco Regalos\"}]}<\/script>\n<!-- \/ Yoast SEO Premium plugin. -->","yoast_head_json":{"title":"Papel semilla plantable para imprimir, troquelar y doblar","description":"Papel semilla plantable para imprimir, troquelar y doblar. Ideal para elaborar tarjetas, calendarios o figuras sembrables para insertos.","robots":{"index":"index","follow":"follow","max-snippet":"max-snippet:-1","max-image-preview":"max-image-preview:large","max-video-preview":"max-video-preview:-1"},"canonical":"https:\/\/eco-regalos.com\/Colombia\/producto\/papel-semilla-plantable-para-imprimir-troquelar-y-doblar\/","og_locale":"es_ES","og_type":"article","og_title":"Papel Semilla Germinable Carta. Paquete 10 hojas","og_description":"Papel semilla plantable para imprimir, troquelar y doblar. Ideal para elaborar tarjetas, calendarios o figuras sembrables para insertos.","og_url":"https:\/\/eco-regalos.com\/Colombia\/producto\/papel-semilla-plantable-para-imprimir-troquelar-y-doblar\/","og_site_name":"Merchandising Ecol\u00f3gico","article_modified_time":"2026-02-23T14:52:55+00:00","og_image":[{"width":1705,"height":1342,"url":"https:\/\/eco-regalos.com\/Colombia\/wp-content\/uploads\/2026\/02\/papel_semilla_GERMINABLE_PLANTABLE_SEMBRABLE_ECOLOGICO_CARTULINA_PAPELES_ECO-01-e1737752869676.jpg","type":"image\/jpeg"}],"twitter_card":"summary_large_image","twitter_misc":{"Tiempo de lectura":"3 minutos"},"schema":{"@context":"https:\/\/schema.org","@graph":[{"@type":"WebPage","@id":"https:\/\/eco-regalos.com\/Colombia\/producto\/papel-semilla-plantable-para-imprimir-troquelar-y-doblar\/","url":"https:\/\/eco-regalos.com\/Colombia\/producto\/papel-semilla-plantable-para-imprimir-troquelar-y-doblar\/","name":"Papel semilla plantable para imprimir, troquelar y doblar","isPartOf":{"@id":"https:\/\/eco-regalos.com\/Colombia\/#website"},"primaryImageOfPage":{"@id":"https:\/\/eco-regalos.com\/Colombia\/producto\/papel-semilla-plantable-para-imprimir-troquelar-y-doblar\/#primaryimage"},"image":{"@id":"https:\/\/eco-regalos.com\/Colombia\/producto\/papel-semilla-plantable-para-imprimir-troquelar-y-doblar\/#primaryimage"},"thumbnailUrl":"https:\/\/eco-regalos.com\/Colombia\/wp-content\/uploads\/2026\/02\/papel_semilla_GERMINABLE_PLANTABLE_SEMBRABLE_ECOLOGICO_CARTULINA_PAPELES_ECO-01-e1737752869676.jpg","datePublished":"2019-06-05T21:10:34+00:00","dateModified":"2026-02-23T14:52:55+00:00","description":"Papel semilla plantable para imprimir, troquelar y doblar. Ideal para elaborar tarjetas, calendarios o figuras sembrables para insertos.","breadcrumb":{"@id":"https:\/\/eco-regalos.com\/Colombia\/producto\/papel-semilla-plantable-para-imprimir-troquelar-y-doblar\/#breadcrumb"},"inLanguage":"es","potentialAction":[{"@type":"ReadAction","target":["https:\/\/eco-regalos.com\/Colombia\/producto\/papel-semilla-plantable-para-imprimir-troquelar-y-doblar\/"]}]},{"@type":"ImageObject","inLanguage":"es","@id":"https:\/\/eco-regalos.com\/Colombia\/producto\/papel-semilla-plantable-para-imprimir-troquelar-y-doblar\/#primaryimage","url":"https:\/\/eco-regalos.com\/Colombia\/wp-content\/uploads\/2026\/02\/papel_semilla_GERMINABLE_PLANTABLE_SEMBRABLE_ECOLOGICO_CARTULINA_PAPELES_ECO-01-e1737752869676.jpg","contentUrl":"https:\/\/eco-regalos.com\/Colombia\/wp-content\/uploads\/2026\/02\/papel_semilla_GERMINABLE_PLANTABLE_SEMBRABLE_ECOLOGICO_CARTULINA_PAPELES_ECO-01-e1737752869676.jpg","width":1705,"height":1342},{"@type":"BreadcrumbList","@id":"https:\/\/eco-regalos.com\/Colombia\/producto\/papel-semilla-plantable-para-imprimir-troquelar-y-doblar\/#breadcrumb","itemListElement":[{"@type":"ListItem","position":1,"name":"Portada","item":"https:\/\/eco-regalos.com\/Colombia\/"},{"@type":"ListItem","position":2,"name":"Productos germinables para campa\u00f1as ambientalmente responsables","item":"https:\/\/eco-regalos.com\/Colombia\/catalogo_eco_regalos\/"},{"@type":"ListItem","position":3,"name":"Papel Semilla Germinable Carta. Paquete 10 hojas"}]},{"@type":"WebSite","@id":"https:\/\/eco-regalos.com\/Colombia\/#website","url":"https:\/\/eco-regalos.com\/Colombia\/","name":"Eco Regalos - Merchandising Ecol\u00f3gico","description":"Papel Semilla","publisher":{"@id":"https:\/\/eco-regalos.com\/Colombia\/#organization"},"alternateName":"eco-regalos.com","potentialAction":[{"@type":"SearchAction","target":{"@type":"EntryPoint","urlTemplate":"https:\/\/eco-regalos.com\/Colombia\/?s={search_term_string}"},"query-input":{"@type":"PropertyValueSpecification","valueRequired":true,"valueName":"search_term_string"}}],"inLanguage":"es"},{"@type":["Organization","Place"],"@id":"https:\/\/eco-regalos.com\/Colombia\/#organization","name":"Eco Regalos","url":"https:\/\/eco-regalos.com\/Colombia\/","logo":{"@id":"https:\/\/eco-regalos.com\/Colombia\/producto\/papel-semilla-plantable-para-imprimir-troquelar-y-doblar\/#local-main-organization-logo"},"image":{"@id":"https:\/\/eco-regalos.com\/Colombia\/producto\/papel-semilla-plantable-para-imprimir-troquelar-y-doblar\/#local-main-organization-logo"},"telephone":[],"openingHoursSpecification":[{"@type":"OpeningHoursSpecification","dayOfWeek":["Sunday","Monday","Tuesday","Wednesday","Thursday","Friday","Saturday"],"opens":"09:00","closes":"17:00"}]},{"@type":"ImageObject","inLanguage":"es","@id":"https:\/\/eco-regalos.com\/Colombia\/producto\/papel-semilla-plantable-para-imprimir-troquelar-y-doblar\/#local-main-organization-logo","url":"https:\/\/eco-regalos.com\/Colombia\/wp-content\/uploads\/2020\/08\/logo-2015-con-slogan.jpg","contentUrl":"https:\/\/eco-regalos.com\/Colombia\/wp-content\/uploads\/2020\/08\/logo-2015-con-slogan.jpg","width":1461,"height":1121,"caption":"Eco Regalos"}]}},"_links":{"self":[{"href":"https:\/\/eco-regalos.com\/Colombia\/wp-json\/wp\/v2\/product\/1670","targetHints":{"allow":["GET"]}}],"collection":[{"href":"https:\/\/eco-regalos.com\/Colombia\/wp-json\/wp\/v2\/product"}],"about":[{"href":"https:\/\/eco-regalos.com\/Colombia\/wp-json\/wp\/v2\/types\/product"}],"replies":[{"embeddable":true,"href":"https:\/\/eco-regalos.com\/Colombia\/wp-json\/wp\/v2\/comments?post=1670"}],"wp:featuredmedia":[{"embeddable":true,"href":"https:\/\/eco-regalos.com\/Colombia\/wp-json\/wp\/v2\/media\/7799"}],"wp:attachment":[{"href":"https:\/\/eco-regalos.com\/Colombia\/wp-json\/wp\/v2\/media?parent=1670"}],"wp:term":[{"taxonomy":"product_brand","embeddable":true,"href":"https:\/\/eco-regalos.com\/Colombia\/wp-json\/wp\/v2\/product_brand?post=1670"},{"taxonomy":"product_cat","embeddable":true,"href":"https:\/\/eco-regalos.com\/Colombia\/wp-json\/wp\/v2\/product_cat?post=1670"},{"taxonomy":"product_tag","embeddable":true,"href":"https:\/\/eco-regalos.com\/Colombia\/wp-json\/wp\/v2\/product_tag?post=1670"}],"curies":[{"name":"wp","href":"https:\/\/api.w.org\/{rel}","templated":true}]}}