{"id":1675,"date":"2019-06-05T16:53:26","date_gmt":"2019-06-05T21:53:26","guid":{"rendered":"http:\/\/eco-regalos.com\/colombia\/?post_type=product&#038;p=1675"},"modified":"2026-02-23T09:52:44","modified_gmt":"2026-02-23T14:52:44","slug":"papel-semilla-plantable-por-paquete-disponible-en-varios-tamanos","status":"publish","type":"product","link":"https:\/\/eco-regalos.com\/Colombia\/producto\/papel-semilla-plantable-por-paquete-disponible-en-varios-tamanos\/","title":{"rendered":"Papel Semilla Germinable Tabloide.  Paquete 10 hojas"},"content":{"rendered":"<h4><strong class=\"Yjhzub\" data-complete=\"true\" data-processed=\"true\" aria-owns=\"action-menu-parent-container\">Paquete de Papel Semilla Tabloide: Insumo Premium para Impresiones Sostenibles y Cero Residuos<\/strong><\/h4>\n<ul>\n<li style=\"list-style-type: none;\">\n<ul>\n<li class=\"woocommerce-product-details__short-description\">\n<h5 class=\"Y3BBE\" data-hveid=\"CAEICBAA\" data-complete=\"true\" data-processed=\"true\"><strong class=\"Yjhzub\" data-complete=\"true\" data-processed=\"true\">Papeler\u00eda Viva: El Poder de la Regeneraci\u00f3n en tus Manos<\/strong><\/h5>\n<\/li>\n<li class=\"woocommerce-product-details__short-description\">\n<p class=\"Y3BBE\" data-hveid=\"CAEICBAA\" data-complete=\"true\" data-processed=\"true\">El cambio hacia una <strong class=\"Yjhzub\" data-complete=\"true\" data-processed=\"true\">marca responsable<\/strong>\u00a0comienza con los materiales que utilizas. Nuestro papel semilla por paquete ofrece la versatilidad necesaria para proyectos de alto impacto visual y ambiental. Al elegir este sustrato, est\u00e1s integrando un mensaje de\u00a0<strong class=\"Yjhzub\" data-complete=\"true\" data-processed=\"true\">bienestar<\/strong> y cuidado en cada pieza que entregas.<\/p>\n<\/li>\n<li><\/li>\n<li class=\"woocommerce-product-details__short-description\">\n<div class=\"Y3BBE\" data-sfc-cp=\"\" data-hveid=\"CAEICBAA\" data-complete=\"true\" data-processed=\"true\"><\/div>\n<h5 class=\"Y3BBE\" data-hveid=\"CAEICRAA\" data-complete=\"true\" data-processed=\"true\"><strong class=\"Yjhzub\" data-complete=\"true\" data-processed=\"true\">Beneficios Estrat\u00e9gicos y T\u00e9cnicos:<\/strong><\/h5>\n<ul class=\"KsbFXc U6u95\" data-complete=\"true\" data-processed=\"true\">\n<li data-hveid=\"CAEIChAA\" data-complete=\"true\" data-sae=\"\"><span class=\"T286Pc\" data-sfc-cp=\"\" data-complete=\"true\"><strong class=\"Yjhzub\" data-complete=\"true\">Formato Tabloide para Mayor Rendimiento:<\/strong>\u00a0Ideal para troquelar m\u00faltiples figuras, elaborar cajas para productos livianos o dise\u00f1ar insertos publicitarios de gran formato.<\/span><\/li>\n<li data-hveid=\"CAEIChAA\" data-complete=\"true\" data-sae=\"\"><\/li>\n<li data-hveid=\"CAEIChAB\" data-complete=\"true\" data-sae=\"\"><span class=\"T286Pc\" data-sfc-cp=\"\" data-complete=\"true\"><strong class=\"Yjhzub\" data-complete=\"true\">Compatibilidad y Creatividad:<\/strong>\u00a0Apto para impresoras\u00a0<strong class=\"Yjhzub\" data-complete=\"true\">Inkjet<\/strong>\u00a0(inyecci\u00f3n de tinta), permitiendo una producci\u00f3n \u00e1gil de tarjetas personales y corporativas. Su flexibilidad permite plegarlo y cortarlo sin afectar la viabilidad de las semillas.<\/span><\/li>\n<li data-hveid=\"CAEIChAB\" data-complete=\"true\" data-sae=\"\"><\/li>\n<li data-hveid=\"CAEIChAC\" data-complete=\"true\" data-sae=\"\"><span class=\"T286Pc\" data-sfc-cp=\"\" data-complete=\"true\"><strong class=\"Yjhzub\" data-complete=\"true\">Indicadores de Gesti\u00f3n Ambiental (SGA):<\/strong>\u00a0Utilizar este papel permite a las empresas y emprendedores reportar una reducci\u00f3n real en la generaci\u00f3n de desechos, transformando el material POP en\u00a0<strong class=\"Yjhzub\" data-complete=\"true\">producci\u00f3n de ox\u00edgeno<\/strong>.<\/span><\/li>\n<li data-hveid=\"CAEIChAC\" data-complete=\"true\" data-sae=\"\"><\/li>\n<\/ul>\n<div class=\"Y3BBE\" data-sfc-cp=\"\" data-hveid=\"CAEICxAA\" data-complete=\"true\" data-processed=\"true\"><strong class=\"Yjhzub\" data-complete=\"true\" data-processed=\"true\">Experiencia Interactiva:<\/strong><br data-serialized-params=\"[]\" data-complete=\"true\" data-processed=\"true\" \/>M\u00e1s all\u00e1 de la impresi\u00f3n, este papel invita a la escritura manual y al dibujo de mensajes que luego cobran vida. Es una herramienta poderosa para din\u00e1micas de grupo o mensajes personales donde el papel semilla se convierte en el veh\u00edculo de una\u00a0<strong class=\"Yjhzub\" data-complete=\"true\" data-processed=\"true\">experiencia bot\u00e1nica inolvidable<\/strong>.<\/div>\n<div class=\"Fsg96\" data-sfc-cp=\"\" data-complete=\"true\" data-processed=\"true\"><\/div>\n<h5 class=\"Fsg96\" data-complete=\"true\" data-processed=\"true\">Ficha T\u00e9cnica<\/h5>\n<ul class=\"KsbFXc U6u95\" data-complete=\"true\" data-processed=\"true\">\n<li data-hveid=\"CAEIDhAA\" data-complete=\"true\" data-sae=\"\"><span class=\"T286Pc\" data-sfc-cp=\"\" data-complete=\"true\"><strong class=\"Yjhzub\" data-complete=\"true\">Presentaci\u00f3n:<\/strong>\u00a0Paquete de 10 hojas (Tama\u00f1o Tabloide).<\/span><\/li>\n<li data-hveid=\"CAEIDhAB\" data-complete=\"true\" data-sae=\"\"><span class=\"T286Pc\" data-sfc-cp=\"\" data-complete=\"true\"><strong class=\"Yjhzub\" data-complete=\"true\">Especies de Huerta:<\/strong>\u00a0Mezcla seleccionada de Zanahoria, Perejil y Lechuga.<\/span><\/li>\n<li data-hveid=\"CAEIDhAC\" data-complete=\"true\" data-sae=\"\"><span class=\"T286Pc\" data-sfc-cp=\"\" data-complete=\"true\"><strong class=\"Yjhzub\" data-complete=\"true\">Funcionalidad:<\/strong>\u00a0Papel semilla para imprimir, troquelar, plegar y sembrar.<\/span><\/li>\n<li data-hveid=\"CAEIDhAD\" data-complete=\"true\" data-sae=\"\"><span class=\"T286Pc\" data-sfc-cp=\"\" data-complete=\"true\"><strong class=\"Yjhzub\" data-complete=\"true\">Compatibilidad:<\/strong>\u00a0Impresi\u00f3n Inkjet (se recomiendan pruebas previas) y escritura manual.<\/span><\/li>\n<li data-hveid=\"CAEIDhAE\" data-complete=\"true\" data-sae=\"\"><span class=\"T286Pc\" data-sfc-cp=\"\" data-complete=\"true\"><strong class=\"Yjhzub\" data-complete=\"true\">Sostenibilidad:<\/strong>\u00a0Insumo\u00a0<strong class=\"Yjhzub\" data-complete=\"true\">100% compostable<\/strong>, biodegradable y libre de qu\u00edmicos t\u00f3xicos.<\/span><button class=\"rBl3me\" tabindex=\"0\" data-amic=\"true\" data-icl-uuid=\"b56c1ee8-fefe-4375-b8ff-bea47203a0ea\" aria-label=\"Ver v\u00ednculos relacionados\" data-wiz-attrbind=\"disabled=wgt0kd_37\/C5gNJc;aria-label=wgt0kd_37\/bOjMyf;class=wgt0kd_37\/UpSNec\" data-ved=\"2ahUKEwia8Yvg1eiSAxXQSzABHYrGMDQQye0OegYIAQgOEAU\"><\/button><\/li>\n<\/ul>\n<div class=\"Fsg96\" data-sfc-cp=\"\" data-complete=\"true\" data-processed=\"true\"><\/div>\n<h5 class=\"Fsg96\" data-complete=\"true\" data-processed=\"true\">Gu\u00eda de Siembra: Un Ciclo de Doble Vida<\/h5>\n<div class=\"Y3BBE\" data-sfc-cp=\"\" data-hveid=\"CAEIERAA\" data-processed=\"true\" data-complete=\"true\">El proceso es un ejercicio de conciencia: una vez cumplida su funci\u00f3n informativa, el papel se siembra en tierra limpia y se riega a diario. En pocas semanas, el sustrato se biodegrada para dar paso a una huerta fresca, demostrando que tu marca cree en un futuro con\u00a0<strong class=\"Yjhzub\" data-complete=\"true\" data-processed=\"true\">Cero Residuos<\/strong>.<\/div>\n<\/li>\n<li><\/li>\n<li class=\"woocommerce-product-details__short-description\">\n<div class=\"Y3BBE\" data-sfc-cp=\"\" data-hveid=\"CAEIERAA\" data-processed=\"true\" data-complete=\"true\"><\/div>\n<div class=\"Y3BBE\" data-sfc-cp=\"\" data-hveid=\"CAEIEhAA\" data-complete=\"true\" data-processed=\"true\"><strong class=\"Yjhzub\" data-complete=\"true\" data-processed=\"true\">\u00a1Somos fabricantes l\u00edderes! Adquiere tu paquete de papel semilla y lidera la evoluci\u00f3n de la papeler\u00eda convencional hacia una comunicaci\u00f3n que respira y crece.<\/strong><\/div>\n<p style=\"text-align: center;\">\n<\/li>\n<li class=\"woocommerce-product-details__short-description\">\n<p style=\"text-align: center;\"><strong><a href=\"https:\/\/eco-regalos.com\/movil\/comunicate-con-nosotros\/\">Clic para cotizar 2.0<\/a><\/strong><strong><a href=\"https:\/\/eco-regalos.com\/movil\/comunicate-con-nosotros\/\">00 hojas en adelante<\/a>\u00a0<\/strong><\/p>\n<\/li>\n<li class=\"woocommerce-product-details__short-description\">\n<p style=\"text-align: center;\"><strong><a href=\"https:\/\/eco-regalos.com\/movil\/categoria-producto\/tarjetas-etiquetas-papel-semilla\/\">Tarjetas en papel germinable I Etiquetas en papel germinable I<\/a><\/strong><\/p>\n<ul>\n<li style=\"text-align: center;\"><strong><a href=\"https:\/\/eco-regalos.com\/movil\/categoria-producto\/papel-semilla-por-paquete-para-imprimir-troquelar-escribir-y-doblar\/\">Papel semilla tama\u00f1o carta, cuarto y tabloide<\/a>\u00a0I<\/strong><\/li>\n<\/ul>\n<p style=\"text-align: center;\">\n<\/li>\n<li style=\"text-align: center;\"><strong><a href=\"http:\/\/caem.org.co\/ConveniosCARCAEM\/huellacarbono\/\">Te invitamos a cuidar el planeta, haz clic y calcula tu huella de carbono para que cada d\u00eda la reduzcas con conciencia.<\/a><\/strong><\/li>\n<\/ul>\n<\/li>\n<\/ul>\n","protected":false},"excerpt":{"rendered":"<h4><strong class=\"Yjhzub\" data-complete=\"true\" data-processed=\"true\" aria-owns=\"action-menu-parent-container\">Paquete de Papel Semilla Tabloide: Insumo Premium para Impresiones Sostenibles y Cero Residuos<\/strong><\/h4>\n<p><strong class=\"Yjhzub\" data-complete=\"true\" data-processed=\"true\">Crea vida a gran escala.<\/strong>\u00a0Nuestro paquete de 10 hojas tama\u00f1o tabloide es la soluci\u00f3n definitiva para elaborar\u00a0<strong class=\"Yjhzub\" data-complete=\"true\" data-processed=\"true\">invitaciones, empaques livianos y volantes germinables<\/strong>\u00a0desde la comodidad de tu casa u oficina. Con una\u00a0<strong class=\"Yjhzub\" data-complete=\"true\" data-processed=\"true\">germinaci\u00f3n garantizada<\/strong>, este papel semilla permite plegar y troquelar sin l\u00edmites creativos. Es el insumo de\u00a0<strong class=\"Yjhzub\" data-complete=\"true\" data-processed=\"true\">econom\u00eda circular<\/strong>\u00a0perfecto para que tu papeler\u00eda deje de ser basura y se transforme en una huerta de lechuga, perejil o zanahoria, fortaleciendo tu\u00a0<strong class=\"Yjhzub\" data-complete=\"true\" data-processed=\"true\">reputaci\u00f3n de marca responsable<\/strong>.<\/p>\n","protected":false},"featured_media":7827,"comment_status":"open","ping_status":"closed","template":"","meta":{"_sitemap_exclude":false,"_sitemap_priority":"","_sitemap_frequency":""},"product_brand":[],"product_cat":[579],"product_tag":[],"class_list":{"0":"post-1675","1":"product","2":"type-product","3":"status-publish","4":"has-post-thumbnail","6":"product_cat-papel-semilla","8":"first","9":"instock","10":"purchasable","11":"product-type-simple"},"yoast_head":"<!-- This site is optimized with the Yoast SEO Premium plugin v27.4 (Yoast SEO v27.4) - https:\/\/yoast.com\/product\/yoast-seo-premium-wordpress\/ -->\n<title>Papel semilla plantable por paquete. Disponible en varios tama\u00f1os.<\/title>\n<meta name=\"description\" content=\"Papel semilla plantable por paquete para imprimir, plegar y troquelar. Ideal para elaboraci\u00f3n de tarjetas, empaques, etiquetas y otros.\" \/>\n<meta name=\"robots\" content=\"index, follow, max-snippet:-1, max-image-preview:large, max-video-preview:-1\" \/>\n<link rel=\"canonical\" href=\"https:\/\/eco-regalos.com\/Colombia\/producto\/papel-semilla-plantable-por-paquete-disponible-en-varios-tamanos\/\" \/>\n<meta property=\"og:locale\" content=\"es_ES\" \/>\n<meta property=\"og:type\" content=\"article\" \/>\n<meta property=\"og:title\" content=\"Papel Semilla Germinable Tabloide. Paquete 10 hojas\" \/>\n<meta property=\"og:description\" content=\"Papel semilla plantable por paquete para imprimir, plegar y troquelar. Ideal para elaboraci\u00f3n de tarjetas, empaques, etiquetas y otros.\" \/>\n<meta property=\"og:url\" content=\"https:\/\/eco-regalos.com\/Colombia\/producto\/papel-semilla-plantable-por-paquete-disponible-en-varios-tamanos\/\" \/>\n<meta property=\"og:site_name\" content=\"Merchandising Ecol\u00f3gico\" \/>\n<meta property=\"article:modified_time\" content=\"2026-02-23T14:52:44+00:00\" \/>\n<meta property=\"og:image\" content=\"https:\/\/eco-regalos.com\/Colombia\/wp-content\/uploads\/2026\/02\/papel_semilla_GERMINABLE_PLANTABLE_SEMBRABLE_ECOLOGICO_CARTULINA_PAPELES_ECO-01_tabloide_10-01.jpg\" \/>\n\t<meta property=\"og:image:width\" content=\"1738\" \/>\n\t<meta property=\"og:image:height\" content=\"1350\" \/>\n\t<meta property=\"og:image:type\" content=\"image\/jpeg\" \/>\n<meta name=\"twitter:card\" content=\"summary_large_image\" \/>\n<meta name=\"twitter:label1\" content=\"Tiempo de lectura\" \/>\n\t<meta name=\"twitter:data1\" content=\"2 minutos\" \/>\n<script type=\"application\/ld+json\" class=\"yoast-schema-graph\">{\"@context\":\"https:\\\/\\\/schema.org\",\"@graph\":[{\"@type\":\"WebPage\",\"@id\":\"https:\\\/\\\/eco-regalos.com\\\/Colombia\\\/producto\\\/papel-semilla-plantable-por-paquete-disponible-en-varios-tamanos\\\/\",\"url\":\"https:\\\/\\\/eco-regalos.com\\\/Colombia\\\/producto\\\/papel-semilla-plantable-por-paquete-disponible-en-varios-tamanos\\\/\",\"name\":\"Papel semilla plantable por paquete. Disponible en varios tama\u00f1os.\",\"isPartOf\":{\"@id\":\"https:\\\/\\\/eco-regalos.com\\\/Colombia\\\/#website\"},\"primaryImageOfPage\":{\"@id\":\"https:\\\/\\\/eco-regalos.com\\\/Colombia\\\/producto\\\/papel-semilla-plantable-por-paquete-disponible-en-varios-tamanos\\\/#primaryimage\"},\"image\":{\"@id\":\"https:\\\/\\\/eco-regalos.com\\\/Colombia\\\/producto\\\/papel-semilla-plantable-por-paquete-disponible-en-varios-tamanos\\\/#primaryimage\"},\"thumbnailUrl\":\"https:\\\/\\\/eco-regalos.com\\\/Colombia\\\/wp-content\\\/uploads\\\/2026\\\/02\\\/papel_semilla_GERMINABLE_PLANTABLE_SEMBRABLE_ECOLOGICO_CARTULINA_PAPELES_ECO-01_tabloide_10-01.jpg\",\"datePublished\":\"2019-06-05T21:53:26+00:00\",\"dateModified\":\"2026-02-23T14:52:44+00:00\",\"description\":\"Papel semilla plantable por paquete para imprimir, plegar y troquelar. Ideal para elaboraci\u00f3n de tarjetas, empaques, etiquetas y otros.\",\"breadcrumb\":{\"@id\":\"https:\\\/\\\/eco-regalos.com\\\/Colombia\\\/producto\\\/papel-semilla-plantable-por-paquete-disponible-en-varios-tamanos\\\/#breadcrumb\"},\"inLanguage\":\"es\",\"potentialAction\":[{\"@type\":\"ReadAction\",\"target\":[\"https:\\\/\\\/eco-regalos.com\\\/Colombia\\\/producto\\\/papel-semilla-plantable-por-paquete-disponible-en-varios-tamanos\\\/\"]}]},{\"@type\":\"ImageObject\",\"inLanguage\":\"es\",\"@id\":\"https:\\\/\\\/eco-regalos.com\\\/Colombia\\\/producto\\\/papel-semilla-plantable-por-paquete-disponible-en-varios-tamanos\\\/#primaryimage\",\"url\":\"https:\\\/\\\/eco-regalos.com\\\/Colombia\\\/wp-content\\\/uploads\\\/2026\\\/02\\\/papel_semilla_GERMINABLE_PLANTABLE_SEMBRABLE_ECOLOGICO_CARTULINA_PAPELES_ECO-01_tabloide_10-01.jpg\",\"contentUrl\":\"https:\\\/\\\/eco-regalos.com\\\/Colombia\\\/wp-content\\\/uploads\\\/2026\\\/02\\\/papel_semilla_GERMINABLE_PLANTABLE_SEMBRABLE_ECOLOGICO_CARTULINA_PAPELES_ECO-01_tabloide_10-01.jpg\",\"width\":1738,\"height\":1350},{\"@type\":\"BreadcrumbList\",\"@id\":\"https:\\\/\\\/eco-regalos.com\\\/Colombia\\\/producto\\\/papel-semilla-plantable-por-paquete-disponible-en-varios-tamanos\\\/#breadcrumb\",\"itemListElement\":[{\"@type\":\"ListItem\",\"position\":1,\"name\":\"Portada\",\"item\":\"https:\\\/\\\/eco-regalos.com\\\/Colombia\\\/\"},{\"@type\":\"ListItem\",\"position\":2,\"name\":\"Productos germinables para campa\u00f1as ambientalmente responsables\",\"item\":\"https:\\\/\\\/eco-regalos.com\\\/Colombia\\\/catalogo_eco_regalos\\\/\"},{\"@type\":\"ListItem\",\"position\":3,\"name\":\"Papel Semilla Germinable Tabloide. Paquete 10 hojas\"}]},{\"@type\":\"WebSite\",\"@id\":\"https:\\\/\\\/eco-regalos.com\\\/Colombia\\\/#website\",\"url\":\"https:\\\/\\\/eco-regalos.com\\\/Colombia\\\/\",\"name\":\"Eco Regalos - Merchandising Ecol\u00f3gico\",\"description\":\"Papel Semilla\",\"publisher\":{\"@id\":\"https:\\\/\\\/eco-regalos.com\\\/Colombia\\\/#organization\"},\"alternateName\":\"eco-regalos.com\",\"potentialAction\":[{\"@type\":\"SearchAction\",\"target\":{\"@type\":\"EntryPoint\",\"urlTemplate\":\"https:\\\/\\\/eco-regalos.com\\\/Colombia\\\/?s={search_term_string}\"},\"query-input\":{\"@type\":\"PropertyValueSpecification\",\"valueRequired\":true,\"valueName\":\"search_term_string\"}}],\"inLanguage\":\"es\"},{\"@type\":[\"Organization\",\"Place\"],\"@id\":\"https:\\\/\\\/eco-regalos.com\\\/Colombia\\\/#organization\",\"name\":\"Eco Regalos\",\"url\":\"https:\\\/\\\/eco-regalos.com\\\/Colombia\\\/\",\"logo\":{\"@id\":\"https:\\\/\\\/eco-regalos.com\\\/Colombia\\\/producto\\\/papel-semilla-plantable-por-paquete-disponible-en-varios-tamanos\\\/#local-main-organization-logo\"},\"image\":{\"@id\":\"https:\\\/\\\/eco-regalos.com\\\/Colombia\\\/producto\\\/papel-semilla-plantable-por-paquete-disponible-en-varios-tamanos\\\/#local-main-organization-logo\"},\"telephone\":[],\"openingHoursSpecification\":[{\"@type\":\"OpeningHoursSpecification\",\"dayOfWeek\":[\"Sunday\",\"Monday\",\"Tuesday\",\"Wednesday\",\"Thursday\",\"Friday\",\"Saturday\"],\"opens\":\"09:00\",\"closes\":\"17:00\"}]},{\"@type\":\"ImageObject\",\"inLanguage\":\"es\",\"@id\":\"https:\\\/\\\/eco-regalos.com\\\/Colombia\\\/producto\\\/papel-semilla-plantable-por-paquete-disponible-en-varios-tamanos\\\/#local-main-organization-logo\",\"url\":\"https:\\\/\\\/eco-regalos.com\\\/Colombia\\\/wp-content\\\/uploads\\\/2020\\\/08\\\/logo-2015-con-slogan.jpg\",\"contentUrl\":\"https:\\\/\\\/eco-regalos.com\\\/Colombia\\\/wp-content\\\/uploads\\\/2020\\\/08\\\/logo-2015-con-slogan.jpg\",\"width\":1461,\"height\":1121,\"caption\":\"Eco Regalos\"}]}<\/script>\n<!-- \/ Yoast SEO Premium plugin. -->","yoast_head_json":{"title":"Papel semilla plantable por paquete. Disponible en varios tama\u00f1os.","description":"Papel semilla plantable por paquete para imprimir, plegar y troquelar. Ideal para elaboraci\u00f3n de tarjetas, empaques, etiquetas y otros.","robots":{"index":"index","follow":"follow","max-snippet":"max-snippet:-1","max-image-preview":"max-image-preview:large","max-video-preview":"max-video-preview:-1"},"canonical":"https:\/\/eco-regalos.com\/Colombia\/producto\/papel-semilla-plantable-por-paquete-disponible-en-varios-tamanos\/","og_locale":"es_ES","og_type":"article","og_title":"Papel Semilla Germinable Tabloide. Paquete 10 hojas","og_description":"Papel semilla plantable por paquete para imprimir, plegar y troquelar. Ideal para elaboraci\u00f3n de tarjetas, empaques, etiquetas y otros.","og_url":"https:\/\/eco-regalos.com\/Colombia\/producto\/papel-semilla-plantable-por-paquete-disponible-en-varios-tamanos\/","og_site_name":"Merchandising Ecol\u00f3gico","article_modified_time":"2026-02-23T14:52:44+00:00","og_image":[{"width":1738,"height":1350,"url":"https:\/\/eco-regalos.com\/Colombia\/wp-content\/uploads\/2026\/02\/papel_semilla_GERMINABLE_PLANTABLE_SEMBRABLE_ECOLOGICO_CARTULINA_PAPELES_ECO-01_tabloide_10-01.jpg","type":"image\/jpeg"}],"twitter_card":"summary_large_image","twitter_misc":{"Tiempo de lectura":"2 minutos"},"schema":{"@context":"https:\/\/schema.org","@graph":[{"@type":"WebPage","@id":"https:\/\/eco-regalos.com\/Colombia\/producto\/papel-semilla-plantable-por-paquete-disponible-en-varios-tamanos\/","url":"https:\/\/eco-regalos.com\/Colombia\/producto\/papel-semilla-plantable-por-paquete-disponible-en-varios-tamanos\/","name":"Papel semilla plantable por paquete. Disponible en varios tama\u00f1os.","isPartOf":{"@id":"https:\/\/eco-regalos.com\/Colombia\/#website"},"primaryImageOfPage":{"@id":"https:\/\/eco-regalos.com\/Colombia\/producto\/papel-semilla-plantable-por-paquete-disponible-en-varios-tamanos\/#primaryimage"},"image":{"@id":"https:\/\/eco-regalos.com\/Colombia\/producto\/papel-semilla-plantable-por-paquete-disponible-en-varios-tamanos\/#primaryimage"},"thumbnailUrl":"https:\/\/eco-regalos.com\/Colombia\/wp-content\/uploads\/2026\/02\/papel_semilla_GERMINABLE_PLANTABLE_SEMBRABLE_ECOLOGICO_CARTULINA_PAPELES_ECO-01_tabloide_10-01.jpg","datePublished":"2019-06-05T21:53:26+00:00","dateModified":"2026-02-23T14:52:44+00:00","description":"Papel semilla plantable por paquete para imprimir, plegar y troquelar. Ideal para elaboraci\u00f3n de tarjetas, empaques, etiquetas y otros.","breadcrumb":{"@id":"https:\/\/eco-regalos.com\/Colombia\/producto\/papel-semilla-plantable-por-paquete-disponible-en-varios-tamanos\/#breadcrumb"},"inLanguage":"es","potentialAction":[{"@type":"ReadAction","target":["https:\/\/eco-regalos.com\/Colombia\/producto\/papel-semilla-plantable-por-paquete-disponible-en-varios-tamanos\/"]}]},{"@type":"ImageObject","inLanguage":"es","@id":"https:\/\/eco-regalos.com\/Colombia\/producto\/papel-semilla-plantable-por-paquete-disponible-en-varios-tamanos\/#primaryimage","url":"https:\/\/eco-regalos.com\/Colombia\/wp-content\/uploads\/2026\/02\/papel_semilla_GERMINABLE_PLANTABLE_SEMBRABLE_ECOLOGICO_CARTULINA_PAPELES_ECO-01_tabloide_10-01.jpg","contentUrl":"https:\/\/eco-regalos.com\/Colombia\/wp-content\/uploads\/2026\/02\/papel_semilla_GERMINABLE_PLANTABLE_SEMBRABLE_ECOLOGICO_CARTULINA_PAPELES_ECO-01_tabloide_10-01.jpg","width":1738,"height":1350},{"@type":"BreadcrumbList","@id":"https:\/\/eco-regalos.com\/Colombia\/producto\/papel-semilla-plantable-por-paquete-disponible-en-varios-tamanos\/#breadcrumb","itemListElement":[{"@type":"ListItem","position":1,"name":"Portada","item":"https:\/\/eco-regalos.com\/Colombia\/"},{"@type":"ListItem","position":2,"name":"Productos germinables para campa\u00f1as ambientalmente responsables","item":"https:\/\/eco-regalos.com\/Colombia\/catalogo_eco_regalos\/"},{"@type":"ListItem","position":3,"name":"Papel Semilla Germinable Tabloide. Paquete 10 hojas"}]},{"@type":"WebSite","@id":"https:\/\/eco-regalos.com\/Colombia\/#website","url":"https:\/\/eco-regalos.com\/Colombia\/","name":"Eco Regalos - Merchandising Ecol\u00f3gico","description":"Papel Semilla","publisher":{"@id":"https:\/\/eco-regalos.com\/Colombia\/#organization"},"alternateName":"eco-regalos.com","potentialAction":[{"@type":"SearchAction","target":{"@type":"EntryPoint","urlTemplate":"https:\/\/eco-regalos.com\/Colombia\/?s={search_term_string}"},"query-input":{"@type":"PropertyValueSpecification","valueRequired":true,"valueName":"search_term_string"}}],"inLanguage":"es"},{"@type":["Organization","Place"],"@id":"https:\/\/eco-regalos.com\/Colombia\/#organization","name":"Eco Regalos","url":"https:\/\/eco-regalos.com\/Colombia\/","logo":{"@id":"https:\/\/eco-regalos.com\/Colombia\/producto\/papel-semilla-plantable-por-paquete-disponible-en-varios-tamanos\/#local-main-organization-logo"},"image":{"@id":"https:\/\/eco-regalos.com\/Colombia\/producto\/papel-semilla-plantable-por-paquete-disponible-en-varios-tamanos\/#local-main-organization-logo"},"telephone":[],"openingHoursSpecification":[{"@type":"OpeningHoursSpecification","dayOfWeek":["Sunday","Monday","Tuesday","Wednesday","Thursday","Friday","Saturday"],"opens":"09:00","closes":"17:00"}]},{"@type":"ImageObject","inLanguage":"es","@id":"https:\/\/eco-regalos.com\/Colombia\/producto\/papel-semilla-plantable-por-paquete-disponible-en-varios-tamanos\/#local-main-organization-logo","url":"https:\/\/eco-regalos.com\/Colombia\/wp-content\/uploads\/2020\/08\/logo-2015-con-slogan.jpg","contentUrl":"https:\/\/eco-regalos.com\/Colombia\/wp-content\/uploads\/2020\/08\/logo-2015-con-slogan.jpg","width":1461,"height":1121,"caption":"Eco Regalos"}]}},"_links":{"self":[{"href":"https:\/\/eco-regalos.com\/Colombia\/wp-json\/wp\/v2\/product\/1675","targetHints":{"allow":["GET"]}}],"collection":[{"href":"https:\/\/eco-regalos.com\/Colombia\/wp-json\/wp\/v2\/product"}],"about":[{"href":"https:\/\/eco-regalos.com\/Colombia\/wp-json\/wp\/v2\/types\/product"}],"replies":[{"embeddable":true,"href":"https:\/\/eco-regalos.com\/Colombia\/wp-json\/wp\/v2\/comments?post=1675"}],"wp:featuredmedia":[{"embeddable":true,"href":"https:\/\/eco-regalos.com\/Colombia\/wp-json\/wp\/v2\/media\/7827"}],"wp:attachment":[{"href":"https:\/\/eco-regalos.com\/Colombia\/wp-json\/wp\/v2\/media?parent=1675"}],"wp:term":[{"taxonomy":"product_brand","embeddable":true,"href":"https:\/\/eco-regalos.com\/Colombia\/wp-json\/wp\/v2\/product_brand?post=1675"},{"taxonomy":"product_cat","embeddable":true,"href":"https:\/\/eco-regalos.com\/Colombia\/wp-json\/wp\/v2\/product_cat?post=1675"},{"taxonomy":"product_tag","embeddable":true,"href":"https:\/\/eco-regalos.com\/Colombia\/wp-json\/wp\/v2\/product_tag?post=1675"}],"curies":[{"name":"wp","href":"https:\/\/api.w.org\/{rel}","templated":true}]}}