{"id":1676,"date":"2019-06-05T17:02:17","date_gmt":"2019-06-05T22:02:17","guid":{"rendered":"http:\/\/eco-regalos.com\/colombia\/?post_type=product&#038;p=1676"},"modified":"2026-02-23T09:52:32","modified_gmt":"2026-02-23T14:52:32","slug":"papel-semilla-plantable-y-germinable-en-paquete-en-diferentes-tamanos","status":"publish","type":"product","link":"https:\/\/eco-regalos.com\/Colombia\/producto\/papel-semilla-plantable-y-germinable-en-paquete-en-diferentes-tamanos\/","title":{"rendered":"Papel Semilla Germinable Cuarto.  Paquete 25 hojas"},"content":{"rendered":"<p><strong>Papel semilla plantable y germinable<\/strong><\/p>\n<p><strong>Papel con semillas<\/strong> para sembrar y cosechar huertas.<\/p>\n<p><strong>Tama\u00f1o:<\/strong> cuarto.<\/p>\n<p>Paquete de 25 hojas tama\u00f1o cuarto de <strong>papel semilla<\/strong>.<\/p>\n<p>Elabora r\u00e1pidamente desde tu casa u oficina invitaciones, tarjetas personales, volantes.\u00a0 Incluso permite el desarrollo de regalos creativos en <strong>papel germinable.<\/strong><\/p>\n<p>Desde ahora tus tarjetas, volantes, etiquetas para productos, regalos y otros dejan de ser basura para convertirse en una planta que genera ox\u00edgeno.\u00a0 Adem\u00e1s que est\u00e1s obsequiando una linda experiencia.<\/p>\n<p>Siembra el papel semilla para germinar una planta.<\/p>\n<h5>Ideal para troquelar figuras que son utilizados como insertos en tarjetas, folletos y revistas.<\/h5>\n<ul>\n<li>Se puede plegar y troquelar sin afectar la germinaci\u00f3n.<\/li>\n<li>Puede ser impreso en impresora digital o por litograf\u00eda. (no es apta para impresora laser)<\/li>\n<li>Se recomienda hacer pruebas porque cambia de impresora a impresora.<\/li>\n<li>Tambi\u00e9n puedes elaborar tarjetas escritas a mano con lapicero o rotuladores.<\/li>\n<li><\/li>\n<li>\n<h5><strong>Usos del Papel semilla germinable<\/strong><\/h5>\n<\/li>\n<li>Elaboraci\u00f3n de tarjetas, calendarios, invitaciones, regalos<\/li>\n<li>Plegado de empaques y cajas para productos livianos<\/li>\n<li>Troquelado de figuras germinables.<\/li>\n<li>\n<p><figure id=\"attachment_5265\" aria-describedby=\"caption-attachment-5265\" style=\"width: 300px\" class=\"wp-caption aligncenter\"><a href=\"https:\/\/eco-regalos.com\/movil\/wp-content\/uploads\/2019\/06\/impresion_papel_semilla1.jpg\"><img loading=\"lazy\" decoding=\"async\" loading=\"lazy\" class=\"eco-fade-img\" class=\"size-medium wp-image-5265\" src=\"https:\/\/eco-regalos.com\/movil\/wp-content\/uploads\/2019\/06\/impresion_papel_semilla1-300x217.jpg\" alt=\"Impresion en papel semilla flexible tama\u00f1o cuarto\" width=\"300\" height=\"217\" srcset=\"https:\/\/eco-regalos.com\/Colombia\/wp-content\/uploads\/2019\/06\/impresion_papel_semilla1-300x217.jpg 300w, https:\/\/eco-regalos.com\/Colombia\/wp-content\/uploads\/2019\/06\/impresion_papel_semilla1.jpg 400w\" sizes=\"auto, (max-width: 300px) 100vw, 300px\" \/><\/a><figcaption id=\"caption-attachment-5265\" class=\"wp-caption-text\">Impresi\u00f3n en papel semilla flexible tama\u00f1o cuarto<\/figcaption><\/figure><\/li>\n<li><\/li>\n<li>\n<h5><strong>Especies disponibles en papel semilla plantable y germinable:<\/strong><\/h5>\n<\/li>\n<li>Zanahoria, perejil y Lechuga.\n<ul>\n<li><\/li>\n<li class=\"woocommerce-product-details__short-description\"><b>Germinaci\u00f3n:\u00a0<\/b>70% \u2013 90%.Disponible en color blanco o color natural.<br \/>\n<h5 style=\"text-align: left;\"><\/h5>\n<\/li>\n<li>\n<h5>Generalidades del papel semilla:<\/h5>\n<\/li>\n<li>El\u00a0<em><strong>papel con semillas<\/strong> <\/em>es una de la m\u00e1s recientes innovaciones en el \u00e1mbito de la papeler\u00eda responsable y sostenible. Se elabora a partir de<strong> materiales reciclados y ecol\u00f3gicos<\/strong>.<\/li>\n<li>En el caso de nuestro papel semilla, se utiliza papel reciclado desechado por empresas, por lo que <strong>no es necesario talar ni un solo \u00e1rbol<\/strong> para su fabricaci\u00f3n<strong>.<\/strong> Tampoco se utilizan qu\u00edmicos t\u00f3xicos durante el proceso de producci\u00f3n.\u00a0 Adem\u00e1s,\u00a0<b>como valor adicional, contiene semillas en su <\/b><span style=\"font-size: 14px;\"><b>elaboraci\u00f3n<\/b><\/span><b>.<\/b><\/li>\n<li><\/li>\n<li class=\"woocommerce-product-details__short-description\">\n<h5 style=\"text-align: left;\">Eco-regalos similares:<\/h5>\n<\/li>\n<li class=\"woocommerce-product-details__short-description\">\n<p style=\"text-align: center;\"><strong><a href=\"https:\/\/eco-regalos.com\/movil\/categoria-producto\/tarjetas-etiquetas-papel-semilla\/\">Tarjetas en papel germinable I Etiquetas en papel germinable I<\/a><\/strong><\/p>\n<\/li>\n<li style=\"text-align: center;\">I<strong> <a href=\"https:\/\/eco-regalos.com\/movil\/categoria-producto\/papel-semilla-por-paquete-para-imprimir-troquelar-escribir-y-doblar\/\">Papel semilla tama\u00f1o carta, cuarto y tabloide<\/a>\u00a0I<\/strong><\/li>\n<li style=\"text-align: center;\"><\/li>\n<li style=\"text-align: center;\"><strong><a href=\"http:\/\/caem.org.co\/ConveniosCARCAEM\/huellacarbono\/\">Te invitamos a cuidar el planeta, haz clic y calcula tu huella de carbono para que cada d\u00eda la reduzcas con conciencia.<\/a><\/strong><\/li>\n<\/ul>\n<\/li>\n<\/ul>\n","protected":false},"excerpt":{"rendered":"<p><strong>\u00a0<\/strong><\/p>\n","protected":false},"featured_media":7820,"comment_status":"open","ping_status":"closed","template":"","meta":{"_sitemap_exclude":false,"_sitemap_priority":"","_sitemap_frequency":""},"product_brand":[],"product_cat":[579],"product_tag":[],"class_list":{"0":"post-1676","1":"product","2":"type-product","3":"status-publish","4":"has-post-thumbnail","6":"product_cat-papel-semilla","8":"first","9":"instock","10":"purchasable","11":"product-type-simple"},"yoast_head":"<!-- This site is optimized with the Yoast SEO Premium plugin v27.4 (Yoast SEO v27.4) - https:\/\/yoast.com\/product\/yoast-seo-premium-wordpress\/ -->\n<title>Papel semilla plantable y germinable en paquete en diferentes tama\u00f1os<\/title>\n<meta name=\"description\" content=\"Papel semilla plantable y germinable en paquete en diferentes tama\u00f1os. Papel semilla ideal para elaborar tarjetas, figuras y empaques.\" \/>\n<meta name=\"robots\" content=\"index, follow, max-snippet:-1, max-image-preview:large, max-video-preview:-1\" \/>\n<link rel=\"canonical\" href=\"https:\/\/eco-regalos.com\/Colombia\/producto\/papel-semilla-plantable-y-germinable-en-paquete-en-diferentes-tamanos\/\" \/>\n<meta property=\"og:locale\" content=\"es_ES\" \/>\n<meta property=\"og:type\" content=\"article\" \/>\n<meta property=\"og:title\" content=\"Papel Semilla Germinable Cuarto. Paquete 25 hojas\" \/>\n<meta property=\"og:description\" content=\"Papel semilla plantable y germinable en paquete en diferentes tama\u00f1os. Papel semilla ideal para elaborar tarjetas, figuras y empaques.\" \/>\n<meta property=\"og:url\" content=\"https:\/\/eco-regalos.com\/Colombia\/producto\/papel-semilla-plantable-y-germinable-en-paquete-en-diferentes-tamanos\/\" \/>\n<meta property=\"og:site_name\" content=\"Merchandising Ecol\u00f3gico\" \/>\n<meta property=\"article:modified_time\" content=\"2026-02-23T14:52:32+00:00\" \/>\n<meta property=\"og:image\" content=\"https:\/\/eco-regalos.com\/Colombia\/wp-content\/uploads\/2026\/02\/papel_semilla_GERMINABLE_PLANTABLE_SEMBRABLE_ECOLOGICO_CARTULINA_PAPELES_ECO-cuarto_50-01.jpg\" \/>\n\t<meta property=\"og:image:width\" content=\"1738\" \/>\n\t<meta property=\"og:image:height\" content=\"1350\" \/>\n\t<meta property=\"og:image:type\" content=\"image\/jpeg\" \/>\n<meta name=\"twitter:card\" content=\"summary_large_image\" \/>\n<meta name=\"twitter:label1\" content=\"Tiempo de lectura\" \/>\n\t<meta name=\"twitter:data1\" content=\"2 minutos\" \/>\n<script type=\"application\/ld+json\" class=\"yoast-schema-graph\">{\"@context\":\"https:\\\/\\\/schema.org\",\"@graph\":[{\"@type\":\"WebPage\",\"@id\":\"https:\\\/\\\/eco-regalos.com\\\/Colombia\\\/producto\\\/papel-semilla-plantable-y-germinable-en-paquete-en-diferentes-tamanos\\\/\",\"url\":\"https:\\\/\\\/eco-regalos.com\\\/Colombia\\\/producto\\\/papel-semilla-plantable-y-germinable-en-paquete-en-diferentes-tamanos\\\/\",\"name\":\"Papel semilla plantable y germinable en paquete en diferentes tama\u00f1os\",\"isPartOf\":{\"@id\":\"https:\\\/\\\/eco-regalos.com\\\/Colombia\\\/#website\"},\"primaryImageOfPage\":{\"@id\":\"https:\\\/\\\/eco-regalos.com\\\/Colombia\\\/producto\\\/papel-semilla-plantable-y-germinable-en-paquete-en-diferentes-tamanos\\\/#primaryimage\"},\"image\":{\"@id\":\"https:\\\/\\\/eco-regalos.com\\\/Colombia\\\/producto\\\/papel-semilla-plantable-y-germinable-en-paquete-en-diferentes-tamanos\\\/#primaryimage\"},\"thumbnailUrl\":\"https:\\\/\\\/eco-regalos.com\\\/Colombia\\\/wp-content\\\/uploads\\\/2026\\\/02\\\/papel_semilla_GERMINABLE_PLANTABLE_SEMBRABLE_ECOLOGICO_CARTULINA_PAPELES_ECO-cuarto_50-01.jpg\",\"datePublished\":\"2019-06-05T22:02:17+00:00\",\"dateModified\":\"2026-02-23T14:52:32+00:00\",\"description\":\"Papel semilla plantable y germinable en paquete en diferentes tama\u00f1os. Papel semilla ideal para elaborar tarjetas, figuras y empaques.\",\"breadcrumb\":{\"@id\":\"https:\\\/\\\/eco-regalos.com\\\/Colombia\\\/producto\\\/papel-semilla-plantable-y-germinable-en-paquete-en-diferentes-tamanos\\\/#breadcrumb\"},\"inLanguage\":\"es\",\"potentialAction\":[{\"@type\":\"ReadAction\",\"target\":[\"https:\\\/\\\/eco-regalos.com\\\/Colombia\\\/producto\\\/papel-semilla-plantable-y-germinable-en-paquete-en-diferentes-tamanos\\\/\"]}]},{\"@type\":\"ImageObject\",\"inLanguage\":\"es\",\"@id\":\"https:\\\/\\\/eco-regalos.com\\\/Colombia\\\/producto\\\/papel-semilla-plantable-y-germinable-en-paquete-en-diferentes-tamanos\\\/#primaryimage\",\"url\":\"https:\\\/\\\/eco-regalos.com\\\/Colombia\\\/wp-content\\\/uploads\\\/2026\\\/02\\\/papel_semilla_GERMINABLE_PLANTABLE_SEMBRABLE_ECOLOGICO_CARTULINA_PAPELES_ECO-cuarto_50-01.jpg\",\"contentUrl\":\"https:\\\/\\\/eco-regalos.com\\\/Colombia\\\/wp-content\\\/uploads\\\/2026\\\/02\\\/papel_semilla_GERMINABLE_PLANTABLE_SEMBRABLE_ECOLOGICO_CARTULINA_PAPELES_ECO-cuarto_50-01.jpg\",\"width\":1738,\"height\":1350},{\"@type\":\"BreadcrumbList\",\"@id\":\"https:\\\/\\\/eco-regalos.com\\\/Colombia\\\/producto\\\/papel-semilla-plantable-y-germinable-en-paquete-en-diferentes-tamanos\\\/#breadcrumb\",\"itemListElement\":[{\"@type\":\"ListItem\",\"position\":1,\"name\":\"Portada\",\"item\":\"https:\\\/\\\/eco-regalos.com\\\/Colombia\\\/\"},{\"@type\":\"ListItem\",\"position\":2,\"name\":\"Productos germinables para campa\u00f1as ambientalmente responsables\",\"item\":\"https:\\\/\\\/eco-regalos.com\\\/Colombia\\\/catalogo_eco_regalos\\\/\"},{\"@type\":\"ListItem\",\"position\":3,\"name\":\"Papel Semilla Germinable Cuarto. Paquete 25 hojas\"}]},{\"@type\":\"WebSite\",\"@id\":\"https:\\\/\\\/eco-regalos.com\\\/Colombia\\\/#website\",\"url\":\"https:\\\/\\\/eco-regalos.com\\\/Colombia\\\/\",\"name\":\"Eco Regalos - Merchandising Ecol\u00f3gico\",\"description\":\"Papel Semilla\",\"publisher\":{\"@id\":\"https:\\\/\\\/eco-regalos.com\\\/Colombia\\\/#organization\"},\"alternateName\":\"eco-regalos.com\",\"potentialAction\":[{\"@type\":\"SearchAction\",\"target\":{\"@type\":\"EntryPoint\",\"urlTemplate\":\"https:\\\/\\\/eco-regalos.com\\\/Colombia\\\/?s={search_term_string}\"},\"query-input\":{\"@type\":\"PropertyValueSpecification\",\"valueRequired\":true,\"valueName\":\"search_term_string\"}}],\"inLanguage\":\"es\"},{\"@type\":[\"Organization\",\"Place\"],\"@id\":\"https:\\\/\\\/eco-regalos.com\\\/Colombia\\\/#organization\",\"name\":\"Eco Regalos\",\"url\":\"https:\\\/\\\/eco-regalos.com\\\/Colombia\\\/\",\"logo\":{\"@id\":\"https:\\\/\\\/eco-regalos.com\\\/Colombia\\\/producto\\\/papel-semilla-plantable-y-germinable-en-paquete-en-diferentes-tamanos\\\/#local-main-organization-logo\"},\"image\":{\"@id\":\"https:\\\/\\\/eco-regalos.com\\\/Colombia\\\/producto\\\/papel-semilla-plantable-y-germinable-en-paquete-en-diferentes-tamanos\\\/#local-main-organization-logo\"},\"telephone\":[],\"openingHoursSpecification\":[{\"@type\":\"OpeningHoursSpecification\",\"dayOfWeek\":[\"Sunday\",\"Monday\",\"Tuesday\",\"Wednesday\",\"Thursday\",\"Friday\",\"Saturday\"],\"opens\":\"09:00\",\"closes\":\"17:00\"}]},{\"@type\":\"ImageObject\",\"inLanguage\":\"es\",\"@id\":\"https:\\\/\\\/eco-regalos.com\\\/Colombia\\\/producto\\\/papel-semilla-plantable-y-germinable-en-paquete-en-diferentes-tamanos\\\/#local-main-organization-logo\",\"url\":\"https:\\\/\\\/eco-regalos.com\\\/Colombia\\\/wp-content\\\/uploads\\\/2020\\\/08\\\/logo-2015-con-slogan.jpg\",\"contentUrl\":\"https:\\\/\\\/eco-regalos.com\\\/Colombia\\\/wp-content\\\/uploads\\\/2020\\\/08\\\/logo-2015-con-slogan.jpg\",\"width\":1461,\"height\":1121,\"caption\":\"Eco Regalos\"}]}<\/script>\n<!-- \/ Yoast SEO Premium plugin. -->","yoast_head_json":{"title":"Papel semilla plantable y germinable en paquete en diferentes tama\u00f1os","description":"Papel semilla plantable y germinable en paquete en diferentes tama\u00f1os. Papel semilla ideal para elaborar tarjetas, figuras y empaques.","robots":{"index":"index","follow":"follow","max-snippet":"max-snippet:-1","max-image-preview":"max-image-preview:large","max-video-preview":"max-video-preview:-1"},"canonical":"https:\/\/eco-regalos.com\/Colombia\/producto\/papel-semilla-plantable-y-germinable-en-paquete-en-diferentes-tamanos\/","og_locale":"es_ES","og_type":"article","og_title":"Papel Semilla Germinable Cuarto. Paquete 25 hojas","og_description":"Papel semilla plantable y germinable en paquete en diferentes tama\u00f1os. Papel semilla ideal para elaborar tarjetas, figuras y empaques.","og_url":"https:\/\/eco-regalos.com\/Colombia\/producto\/papel-semilla-plantable-y-germinable-en-paquete-en-diferentes-tamanos\/","og_site_name":"Merchandising Ecol\u00f3gico","article_modified_time":"2026-02-23T14:52:32+00:00","og_image":[{"width":1738,"height":1350,"url":"https:\/\/eco-regalos.com\/Colombia\/wp-content\/uploads\/2026\/02\/papel_semilla_GERMINABLE_PLANTABLE_SEMBRABLE_ECOLOGICO_CARTULINA_PAPELES_ECO-cuarto_50-01.jpg","type":"image\/jpeg"}],"twitter_card":"summary_large_image","twitter_misc":{"Tiempo de lectura":"2 minutos"},"schema":{"@context":"https:\/\/schema.org","@graph":[{"@type":"WebPage","@id":"https:\/\/eco-regalos.com\/Colombia\/producto\/papel-semilla-plantable-y-germinable-en-paquete-en-diferentes-tamanos\/","url":"https:\/\/eco-regalos.com\/Colombia\/producto\/papel-semilla-plantable-y-germinable-en-paquete-en-diferentes-tamanos\/","name":"Papel semilla plantable y germinable en paquete en diferentes tama\u00f1os","isPartOf":{"@id":"https:\/\/eco-regalos.com\/Colombia\/#website"},"primaryImageOfPage":{"@id":"https:\/\/eco-regalos.com\/Colombia\/producto\/papel-semilla-plantable-y-germinable-en-paquete-en-diferentes-tamanos\/#primaryimage"},"image":{"@id":"https:\/\/eco-regalos.com\/Colombia\/producto\/papel-semilla-plantable-y-germinable-en-paquete-en-diferentes-tamanos\/#primaryimage"},"thumbnailUrl":"https:\/\/eco-regalos.com\/Colombia\/wp-content\/uploads\/2026\/02\/papel_semilla_GERMINABLE_PLANTABLE_SEMBRABLE_ECOLOGICO_CARTULINA_PAPELES_ECO-cuarto_50-01.jpg","datePublished":"2019-06-05T22:02:17+00:00","dateModified":"2026-02-23T14:52:32+00:00","description":"Papel semilla plantable y germinable en paquete en diferentes tama\u00f1os. Papel semilla ideal para elaborar tarjetas, figuras y empaques.","breadcrumb":{"@id":"https:\/\/eco-regalos.com\/Colombia\/producto\/papel-semilla-plantable-y-germinable-en-paquete-en-diferentes-tamanos\/#breadcrumb"},"inLanguage":"es","potentialAction":[{"@type":"ReadAction","target":["https:\/\/eco-regalos.com\/Colombia\/producto\/papel-semilla-plantable-y-germinable-en-paquete-en-diferentes-tamanos\/"]}]},{"@type":"ImageObject","inLanguage":"es","@id":"https:\/\/eco-regalos.com\/Colombia\/producto\/papel-semilla-plantable-y-germinable-en-paquete-en-diferentes-tamanos\/#primaryimage","url":"https:\/\/eco-regalos.com\/Colombia\/wp-content\/uploads\/2026\/02\/papel_semilla_GERMINABLE_PLANTABLE_SEMBRABLE_ECOLOGICO_CARTULINA_PAPELES_ECO-cuarto_50-01.jpg","contentUrl":"https:\/\/eco-regalos.com\/Colombia\/wp-content\/uploads\/2026\/02\/papel_semilla_GERMINABLE_PLANTABLE_SEMBRABLE_ECOLOGICO_CARTULINA_PAPELES_ECO-cuarto_50-01.jpg","width":1738,"height":1350},{"@type":"BreadcrumbList","@id":"https:\/\/eco-regalos.com\/Colombia\/producto\/papel-semilla-plantable-y-germinable-en-paquete-en-diferentes-tamanos\/#breadcrumb","itemListElement":[{"@type":"ListItem","position":1,"name":"Portada","item":"https:\/\/eco-regalos.com\/Colombia\/"},{"@type":"ListItem","position":2,"name":"Productos germinables para campa\u00f1as ambientalmente responsables","item":"https:\/\/eco-regalos.com\/Colombia\/catalogo_eco_regalos\/"},{"@type":"ListItem","position":3,"name":"Papel Semilla Germinable Cuarto. Paquete 25 hojas"}]},{"@type":"WebSite","@id":"https:\/\/eco-regalos.com\/Colombia\/#website","url":"https:\/\/eco-regalos.com\/Colombia\/","name":"Eco Regalos - Merchandising Ecol\u00f3gico","description":"Papel Semilla","publisher":{"@id":"https:\/\/eco-regalos.com\/Colombia\/#organization"},"alternateName":"eco-regalos.com","potentialAction":[{"@type":"SearchAction","target":{"@type":"EntryPoint","urlTemplate":"https:\/\/eco-regalos.com\/Colombia\/?s={search_term_string}"},"query-input":{"@type":"PropertyValueSpecification","valueRequired":true,"valueName":"search_term_string"}}],"inLanguage":"es"},{"@type":["Organization","Place"],"@id":"https:\/\/eco-regalos.com\/Colombia\/#organization","name":"Eco Regalos","url":"https:\/\/eco-regalos.com\/Colombia\/","logo":{"@id":"https:\/\/eco-regalos.com\/Colombia\/producto\/papel-semilla-plantable-y-germinable-en-paquete-en-diferentes-tamanos\/#local-main-organization-logo"},"image":{"@id":"https:\/\/eco-regalos.com\/Colombia\/producto\/papel-semilla-plantable-y-germinable-en-paquete-en-diferentes-tamanos\/#local-main-organization-logo"},"telephone":[],"openingHoursSpecification":[{"@type":"OpeningHoursSpecification","dayOfWeek":["Sunday","Monday","Tuesday","Wednesday","Thursday","Friday","Saturday"],"opens":"09:00","closes":"17:00"}]},{"@type":"ImageObject","inLanguage":"es","@id":"https:\/\/eco-regalos.com\/Colombia\/producto\/papel-semilla-plantable-y-germinable-en-paquete-en-diferentes-tamanos\/#local-main-organization-logo","url":"https:\/\/eco-regalos.com\/Colombia\/wp-content\/uploads\/2020\/08\/logo-2015-con-slogan.jpg","contentUrl":"https:\/\/eco-regalos.com\/Colombia\/wp-content\/uploads\/2020\/08\/logo-2015-con-slogan.jpg","width":1461,"height":1121,"caption":"Eco Regalos"}]}},"_links":{"self":[{"href":"https:\/\/eco-regalos.com\/Colombia\/wp-json\/wp\/v2\/product\/1676","targetHints":{"allow":["GET"]}}],"collection":[{"href":"https:\/\/eco-regalos.com\/Colombia\/wp-json\/wp\/v2\/product"}],"about":[{"href":"https:\/\/eco-regalos.com\/Colombia\/wp-json\/wp\/v2\/types\/product"}],"replies":[{"embeddable":true,"href":"https:\/\/eco-regalos.com\/Colombia\/wp-json\/wp\/v2\/comments?post=1676"}],"wp:featuredmedia":[{"embeddable":true,"href":"https:\/\/eco-regalos.com\/Colombia\/wp-json\/wp\/v2\/media\/7820"}],"wp:attachment":[{"href":"https:\/\/eco-regalos.com\/Colombia\/wp-json\/wp\/v2\/media?parent=1676"}],"wp:term":[{"taxonomy":"product_brand","embeddable":true,"href":"https:\/\/eco-regalos.com\/Colombia\/wp-json\/wp\/v2\/product_brand?post=1676"},{"taxonomy":"product_cat","embeddable":true,"href":"https:\/\/eco-regalos.com\/Colombia\/wp-json\/wp\/v2\/product_cat?post=1676"},{"taxonomy":"product_tag","embeddable":true,"href":"https:\/\/eco-regalos.com\/Colombia\/wp-json\/wp\/v2\/product_tag?post=1676"}],"curies":[{"name":"wp","href":"https:\/\/api.w.org\/{rel}","templated":true}]}}