{"id":1792,"date":"2019-08-14T11:37:55","date_gmt":"2019-08-14T16:37:55","guid":{"rendered":"http:\/\/eco-regalos.com\/colombia\/?post_type=product&#038;p=1792"},"modified":"2026-02-23T09:51:49","modified_gmt":"2026-02-23T14:51:49","slug":"boton-publicitario-germinable-para-eventos-siembra-y-germina-plantas","status":"publish","type":"product","link":"https:\/\/eco-regalos.com\/Colombia\/producto\/boton-publicitario-germinable-para-eventos-siembra-y-germina-plantas\/","title":{"rendered":"Bot\u00f3n Publicitario Germinable"},"content":{"rendered":"<p><strong>Bot\u00f3n Publicitario Germinable para eventos<\/strong><\/p>\n<p>Bot\u00f3n en <b>cart\u00f3n Germinable<\/b> personalizado para sembrar y germinar una planta.\u00a0 El bot\u00f3n <strong>germinable<\/strong> hace parte de los regalos ecol\u00f3gicos de larga duraci\u00f3n debido a que la planta que se obtiene al sembrarlo prolonga el mensaje.<\/p>\n<p>El bot\u00f3n <strong>germinable<\/strong> publicitario se coloca en la camiseta o solapa con el gancho que incluye el producto.<\/p>\n<p>Se entrega con su dise\u00f1o en el frente del bot\u00f3n y en la parte de atr\u00e1s se encuentran las instrucciones de siembra.<\/p>\n<p>Tama\u00f1o: 5 cm de di\u00e1metro. (incluye gancho)<\/p>\n<p><strong>Calidad:<\/strong> <strong><span style=\"color: #ff9900;\">PREMIUM<\/span><\/strong><\/p>\n<p><strong>Personalizaci\u00f3n:<\/strong> Full color ambos lados<\/p>\n<p><strong>Germinaci\u00f3n<\/strong>: 100%<\/p>\n<p>Disponible tambi\u00e9n en 10 cm de di\u00e1metro.<\/p>\n<figure id=\"attachment_5509\" aria-describedby=\"caption-attachment-5509\" style=\"width: 300px\" class=\"wp-caption alignleft\"><a href=\"https:\/\/eco-regalos.com\/movil\/wp-content\/uploads\/2019\/08\/boton_publicitario2.jpg\"><img loading=\"lazy\" decoding=\"async\" loading=\"lazy\" class=\"eco-fade-img\" class=\"size-medium wp-image-5509\" src=\"https:\/\/eco-regalos.com\/movil\/wp-content\/uploads\/2019\/08\/boton_publicitario2-300x243.jpg\" alt=\"Boton Publicitario\" width=\"300\" height=\"243\" srcset=\"https:\/\/eco-regalos.com\/Colombia\/wp-content\/uploads\/2019\/08\/boton_publicitario2-300x243.jpg 300w, https:\/\/eco-regalos.com\/Colombia\/wp-content\/uploads\/2019\/08\/boton_publicitario2.jpg 400w\" sizes=\"auto, (max-width: 300px) 100vw, 300px\" \/><\/a><figcaption id=\"caption-attachment-5509\" class=\"wp-caption-text\">Boton Publicitario<\/figcaption><\/figure>\n<p>&nbsp;<\/p>\n<p>&nbsp;<\/p>\n<p>&nbsp;<\/p>\n<p>&nbsp;<\/p>\n<p>&nbsp;<\/p>\n<p>&nbsp;<\/p>\n<p>&nbsp;<\/p>\n<p>&nbsp;<\/p>\n<p>Ideal para eventos corporativos, seminarios, congresos,\u00a0 campa\u00f1as pol\u00edticas entre otros.<\/p>\n<p>Con el <strong>bot\u00f3n Publicitario Germinable <\/strong>para eventos tu marca se hace visible por su compromiso ambiental.<\/p>\n<p>Prepara tu evento de manera responsable e invita a otros a cuidar el planeta a trav\u00e9s de tu evento y material de <strong>merchandising<\/strong>.<\/p>\n<p>El bot\u00f3n <strong>germinable<\/strong> se convierte en un \u00e1rbol.\u00a0 Con el bot\u00f3n <strong>germinable<\/strong> el evento aporta ox\u00edgeno al germinar uno o varios \u00e1rboles por participantes y de igual manera genera conciencia ambiental en todos los participantes.<\/p>\n<p>La marca se asocia a una acci\u00f3n responsable lo que conlleva a una simpat\u00eda adicional por parte de los asistentes.<\/p>\n<p style=\"text-align: center;\"><span style=\"color: #3366ff;\"><strong>eco regalos \u00ae relacionados:<\/strong><\/span><\/p>\n<p style=\"text-align: center;\"><a href=\"https:\/\/eco-regalos.com\/movil\/producto\/escarapelas-en-papel-semilla-sembrables-y-germinables\/\">Escarapela germinable<\/a> I <a href=\"https:\/\/eco-regalos.com\/movil\/producto\/separador-de-libros-sembrable-y-germinable-personalizado\/\">Separador de libros germinable<\/a> I <a href=\"https:\/\/eco-regalos.com\/movil\/producto\/lapiz-semilla-personalizado-germinable-para-regalo\/\">L\u00e1piz semilla<\/a> I<\/p>\n<ul>\n<li>\n<p style=\"text-align: center;\"><strong><a href=\"http:\/\/caem.org.co\/ConveniosCARCAEM\/huellacarbono\/\">Te invitamos a cuidar el planeta, haz clic y calcula tu huella de carbono para que cada d\u00eda la reduzcas con conciencia.<\/a><\/strong><\/p>\n<\/li>\n<\/ul>\n","protected":false},"excerpt":{"rendered":"<h4><strong>Tarjetas en papel Germinable <span style=\"color: #ff6600;\">PREMIUM<\/span><\/strong><\/h4>\n<ul>\n<li><strong>Germinaci\u00f3n<\/strong>: 100%<\/li>\n<li><strong>Calibre<\/strong>: R\u00edgido- grueso<\/li>\n<li><strong>Personalizaci\u00f3n<\/strong>: Impresi\u00f3n full color ambos lados.<\/li>\n<\/ul>\n<p style=\"text-align: center;\"><span style=\"color: #ff6600;\"><strong>Siembra tu bot\u00f3n en papel semilla y vive una linda experiencia !!<\/strong><\/span><\/p>\n<p>https:\/\/youtu.be\/yqDWJaf573k<\/p>\n","protected":false},"featured_media":7142,"comment_status":"open","ping_status":"closed","template":"","meta":{"_sitemap_exclude":false,"_sitemap_priority":"","_sitemap_frequency":""},"product_brand":[],"product_cat":[579],"product_tag":[],"class_list":{"0":"post-1792","1":"product","2":"type-product","3":"status-publish","4":"has-post-thumbnail","6":"product_cat-papel-semilla","8":"first","9":"instock","10":"taxable","11":"shipping-taxable","12":"purchasable","13":"product-type-simple"},"yoast_head":"<!-- This site is optimized with the Yoast SEO Premium plugin v27.4 (Yoast SEO v27.4) - https:\/\/yoast.com\/product\/yoast-seo-premium-wordpress\/ -->\n<title>Bot\u00f3n Publicitario Germinable para eventos. Siembra y germina plantas.<\/title>\n<meta name=\"description\" content=\"Bot\u00f3n Publicitario Germinable para eventos. Despu\u00e9s del evento, el bot\u00f3n se siembra para germinar \u00e1rboles, flores y huertas.\" \/>\n<meta name=\"robots\" content=\"index, follow, max-snippet:-1, max-image-preview:large, max-video-preview:-1\" \/>\n<link rel=\"canonical\" href=\"https:\/\/eco-regalos.com\/Colombia\/producto\/boton-publicitario-germinable-para-eventos-siembra-y-germina-plantas\/\" \/>\n<meta property=\"og:locale\" content=\"es_ES\" \/>\n<meta property=\"og:type\" content=\"article\" \/>\n<meta property=\"og:title\" content=\"Bot\u00f3n Publicitario Germinable\" \/>\n<meta property=\"og:description\" content=\"Bot\u00f3n Publicitario Germinable para eventos. Despu\u00e9s del evento, el bot\u00f3n se siembra para germinar \u00e1rboles, flores y huertas.\" \/>\n<meta property=\"og:url\" content=\"https:\/\/eco-regalos.com\/Colombia\/producto\/boton-publicitario-germinable-para-eventos-siembra-y-germina-plantas\/\" \/>\n<meta property=\"og:site_name\" content=\"Merchandising Ecol\u00f3gico\" \/>\n<meta property=\"article:modified_time\" content=\"2026-02-23T14:51:49+00:00\" \/>\n<meta property=\"og:image\" content=\"https:\/\/eco-regalos.com\/Colombia\/wp-content\/uploads\/2026\/02\/pines-germinables.boton_.jpg\" \/>\n\t<meta property=\"og:image:width\" content=\"299\" \/>\n\t<meta property=\"og:image:height\" content=\"297\" \/>\n\t<meta property=\"og:image:type\" content=\"image\/jpeg\" \/>\n<meta name=\"twitter:card\" content=\"summary_large_image\" \/>\n<meta name=\"twitter:label1\" content=\"Tiempo de lectura\" \/>\n\t<meta name=\"twitter:data1\" content=\"2 minutos\" \/>\n<script type=\"application\/ld+json\" class=\"yoast-schema-graph\">{\"@context\":\"https:\\\/\\\/schema.org\",\"@graph\":[{\"@type\":\"WebPage\",\"@id\":\"https:\\\/\\\/eco-regalos.com\\\/Colombia\\\/producto\\\/boton-publicitario-germinable-para-eventos-siembra-y-germina-plantas\\\/\",\"url\":\"https:\\\/\\\/eco-regalos.com\\\/Colombia\\\/producto\\\/boton-publicitario-germinable-para-eventos-siembra-y-germina-plantas\\\/\",\"name\":\"Bot\u00f3n Publicitario Germinable para eventos. Siembra y germina plantas.\",\"isPartOf\":{\"@id\":\"https:\\\/\\\/eco-regalos.com\\\/Colombia\\\/#website\"},\"primaryImageOfPage\":{\"@id\":\"https:\\\/\\\/eco-regalos.com\\\/Colombia\\\/producto\\\/boton-publicitario-germinable-para-eventos-siembra-y-germina-plantas\\\/#primaryimage\"},\"image\":{\"@id\":\"https:\\\/\\\/eco-regalos.com\\\/Colombia\\\/producto\\\/boton-publicitario-germinable-para-eventos-siembra-y-germina-plantas\\\/#primaryimage\"},\"thumbnailUrl\":\"https:\\\/\\\/eco-regalos.com\\\/Colombia\\\/wp-content\\\/uploads\\\/2026\\\/02\\\/pines-germinables.boton_.jpg\",\"datePublished\":\"2019-08-14T16:37:55+00:00\",\"dateModified\":\"2026-02-23T14:51:49+00:00\",\"description\":\"Bot\u00f3n Publicitario Germinable para eventos. Despu\u00e9s del evento, el bot\u00f3n se siembra para germinar \u00e1rboles, flores y huertas.\",\"breadcrumb\":{\"@id\":\"https:\\\/\\\/eco-regalos.com\\\/Colombia\\\/producto\\\/boton-publicitario-germinable-para-eventos-siembra-y-germina-plantas\\\/#breadcrumb\"},\"inLanguage\":\"es\",\"potentialAction\":[{\"@type\":\"ReadAction\",\"target\":[\"https:\\\/\\\/eco-regalos.com\\\/Colombia\\\/producto\\\/boton-publicitario-germinable-para-eventos-siembra-y-germina-plantas\\\/\"]}]},{\"@type\":\"ImageObject\",\"inLanguage\":\"es\",\"@id\":\"https:\\\/\\\/eco-regalos.com\\\/Colombia\\\/producto\\\/boton-publicitario-germinable-para-eventos-siembra-y-germina-plantas\\\/#primaryimage\",\"url\":\"https:\\\/\\\/eco-regalos.com\\\/Colombia\\\/wp-content\\\/uploads\\\/2026\\\/02\\\/pines-germinables.boton_.jpg\",\"contentUrl\":\"https:\\\/\\\/eco-regalos.com\\\/Colombia\\\/wp-content\\\/uploads\\\/2026\\\/02\\\/pines-germinables.boton_.jpg\",\"width\":299,\"height\":297},{\"@type\":\"BreadcrumbList\",\"@id\":\"https:\\\/\\\/eco-regalos.com\\\/Colombia\\\/producto\\\/boton-publicitario-germinable-para-eventos-siembra-y-germina-plantas\\\/#breadcrumb\",\"itemListElement\":[{\"@type\":\"ListItem\",\"position\":1,\"name\":\"Portada\",\"item\":\"https:\\\/\\\/eco-regalos.com\\\/Colombia\\\/\"},{\"@type\":\"ListItem\",\"position\":2,\"name\":\"Productos germinables para campa\u00f1as ambientalmente responsables\",\"item\":\"https:\\\/\\\/eco-regalos.com\\\/Colombia\\\/catalogo_eco_regalos\\\/\"},{\"@type\":\"ListItem\",\"position\":3,\"name\":\"Bot\u00f3n Publicitario Germinable\"}]},{\"@type\":\"WebSite\",\"@id\":\"https:\\\/\\\/eco-regalos.com\\\/Colombia\\\/#website\",\"url\":\"https:\\\/\\\/eco-regalos.com\\\/Colombia\\\/\",\"name\":\"Eco Regalos - Merchandising Ecol\u00f3gico\",\"description\":\"Papel Semilla\",\"publisher\":{\"@id\":\"https:\\\/\\\/eco-regalos.com\\\/Colombia\\\/#organization\"},\"alternateName\":\"eco-regalos.com\",\"potentialAction\":[{\"@type\":\"SearchAction\",\"target\":{\"@type\":\"EntryPoint\",\"urlTemplate\":\"https:\\\/\\\/eco-regalos.com\\\/Colombia\\\/?s={search_term_string}\"},\"query-input\":{\"@type\":\"PropertyValueSpecification\",\"valueRequired\":true,\"valueName\":\"search_term_string\"}}],\"inLanguage\":\"es\"},{\"@type\":[\"Organization\",\"Place\"],\"@id\":\"https:\\\/\\\/eco-regalos.com\\\/Colombia\\\/#organization\",\"name\":\"Eco Regalos\",\"url\":\"https:\\\/\\\/eco-regalos.com\\\/Colombia\\\/\",\"logo\":{\"@id\":\"https:\\\/\\\/eco-regalos.com\\\/Colombia\\\/producto\\\/boton-publicitario-germinable-para-eventos-siembra-y-germina-plantas\\\/#local-main-organization-logo\"},\"image\":{\"@id\":\"https:\\\/\\\/eco-regalos.com\\\/Colombia\\\/producto\\\/boton-publicitario-germinable-para-eventos-siembra-y-germina-plantas\\\/#local-main-organization-logo\"},\"telephone\":[],\"openingHoursSpecification\":[{\"@type\":\"OpeningHoursSpecification\",\"dayOfWeek\":[\"Sunday\",\"Monday\",\"Tuesday\",\"Wednesday\",\"Thursday\",\"Friday\",\"Saturday\"],\"opens\":\"09:00\",\"closes\":\"17:00\"}]},{\"@type\":\"ImageObject\",\"inLanguage\":\"es\",\"@id\":\"https:\\\/\\\/eco-regalos.com\\\/Colombia\\\/producto\\\/boton-publicitario-germinable-para-eventos-siembra-y-germina-plantas\\\/#local-main-organization-logo\",\"url\":\"https:\\\/\\\/eco-regalos.com\\\/Colombia\\\/wp-content\\\/uploads\\\/2020\\\/08\\\/logo-2015-con-slogan.jpg\",\"contentUrl\":\"https:\\\/\\\/eco-regalos.com\\\/Colombia\\\/wp-content\\\/uploads\\\/2020\\\/08\\\/logo-2015-con-slogan.jpg\",\"width\":1461,\"height\":1121,\"caption\":\"Eco Regalos\"}]}<\/script>\n<!-- \/ Yoast SEO Premium plugin. -->","yoast_head_json":{"title":"Bot\u00f3n Publicitario Germinable para eventos. Siembra y germina plantas.","description":"Bot\u00f3n Publicitario Germinable para eventos. Despu\u00e9s del evento, el bot\u00f3n se siembra para germinar \u00e1rboles, flores y huertas.","robots":{"index":"index","follow":"follow","max-snippet":"max-snippet:-1","max-image-preview":"max-image-preview:large","max-video-preview":"max-video-preview:-1"},"canonical":"https:\/\/eco-regalos.com\/Colombia\/producto\/boton-publicitario-germinable-para-eventos-siembra-y-germina-plantas\/","og_locale":"es_ES","og_type":"article","og_title":"Bot\u00f3n Publicitario Germinable","og_description":"Bot\u00f3n Publicitario Germinable para eventos. Despu\u00e9s del evento, el bot\u00f3n se siembra para germinar \u00e1rboles, flores y huertas.","og_url":"https:\/\/eco-regalos.com\/Colombia\/producto\/boton-publicitario-germinable-para-eventos-siembra-y-germina-plantas\/","og_site_name":"Merchandising Ecol\u00f3gico","article_modified_time":"2026-02-23T14:51:49+00:00","og_image":[{"width":299,"height":297,"url":"https:\/\/eco-regalos.com\/Colombia\/wp-content\/uploads\/2026\/02\/pines-germinables.boton_.jpg","type":"image\/jpeg"}],"twitter_card":"summary_large_image","twitter_misc":{"Tiempo de lectura":"2 minutos"},"schema":{"@context":"https:\/\/schema.org","@graph":[{"@type":"WebPage","@id":"https:\/\/eco-regalos.com\/Colombia\/producto\/boton-publicitario-germinable-para-eventos-siembra-y-germina-plantas\/","url":"https:\/\/eco-regalos.com\/Colombia\/producto\/boton-publicitario-germinable-para-eventos-siembra-y-germina-plantas\/","name":"Bot\u00f3n Publicitario Germinable para eventos. Siembra y germina plantas.","isPartOf":{"@id":"https:\/\/eco-regalos.com\/Colombia\/#website"},"primaryImageOfPage":{"@id":"https:\/\/eco-regalos.com\/Colombia\/producto\/boton-publicitario-germinable-para-eventos-siembra-y-germina-plantas\/#primaryimage"},"image":{"@id":"https:\/\/eco-regalos.com\/Colombia\/producto\/boton-publicitario-germinable-para-eventos-siembra-y-germina-plantas\/#primaryimage"},"thumbnailUrl":"https:\/\/eco-regalos.com\/Colombia\/wp-content\/uploads\/2026\/02\/pines-germinables.boton_.jpg","datePublished":"2019-08-14T16:37:55+00:00","dateModified":"2026-02-23T14:51:49+00:00","description":"Bot\u00f3n Publicitario Germinable para eventos. Despu\u00e9s del evento, el bot\u00f3n se siembra para germinar \u00e1rboles, flores y huertas.","breadcrumb":{"@id":"https:\/\/eco-regalos.com\/Colombia\/producto\/boton-publicitario-germinable-para-eventos-siembra-y-germina-plantas\/#breadcrumb"},"inLanguage":"es","potentialAction":[{"@type":"ReadAction","target":["https:\/\/eco-regalos.com\/Colombia\/producto\/boton-publicitario-germinable-para-eventos-siembra-y-germina-plantas\/"]}]},{"@type":"ImageObject","inLanguage":"es","@id":"https:\/\/eco-regalos.com\/Colombia\/producto\/boton-publicitario-germinable-para-eventos-siembra-y-germina-plantas\/#primaryimage","url":"https:\/\/eco-regalos.com\/Colombia\/wp-content\/uploads\/2026\/02\/pines-germinables.boton_.jpg","contentUrl":"https:\/\/eco-regalos.com\/Colombia\/wp-content\/uploads\/2026\/02\/pines-germinables.boton_.jpg","width":299,"height":297},{"@type":"BreadcrumbList","@id":"https:\/\/eco-regalos.com\/Colombia\/producto\/boton-publicitario-germinable-para-eventos-siembra-y-germina-plantas\/#breadcrumb","itemListElement":[{"@type":"ListItem","position":1,"name":"Portada","item":"https:\/\/eco-regalos.com\/Colombia\/"},{"@type":"ListItem","position":2,"name":"Productos germinables para campa\u00f1as ambientalmente responsables","item":"https:\/\/eco-regalos.com\/Colombia\/catalogo_eco_regalos\/"},{"@type":"ListItem","position":3,"name":"Bot\u00f3n Publicitario Germinable"}]},{"@type":"WebSite","@id":"https:\/\/eco-regalos.com\/Colombia\/#website","url":"https:\/\/eco-regalos.com\/Colombia\/","name":"Eco Regalos - Merchandising Ecol\u00f3gico","description":"Papel Semilla","publisher":{"@id":"https:\/\/eco-regalos.com\/Colombia\/#organization"},"alternateName":"eco-regalos.com","potentialAction":[{"@type":"SearchAction","target":{"@type":"EntryPoint","urlTemplate":"https:\/\/eco-regalos.com\/Colombia\/?s={search_term_string}"},"query-input":{"@type":"PropertyValueSpecification","valueRequired":true,"valueName":"search_term_string"}}],"inLanguage":"es"},{"@type":["Organization","Place"],"@id":"https:\/\/eco-regalos.com\/Colombia\/#organization","name":"Eco Regalos","url":"https:\/\/eco-regalos.com\/Colombia\/","logo":{"@id":"https:\/\/eco-regalos.com\/Colombia\/producto\/boton-publicitario-germinable-para-eventos-siembra-y-germina-plantas\/#local-main-organization-logo"},"image":{"@id":"https:\/\/eco-regalos.com\/Colombia\/producto\/boton-publicitario-germinable-para-eventos-siembra-y-germina-plantas\/#local-main-organization-logo"},"telephone":[],"openingHoursSpecification":[{"@type":"OpeningHoursSpecification","dayOfWeek":["Sunday","Monday","Tuesday","Wednesday","Thursday","Friday","Saturday"],"opens":"09:00","closes":"17:00"}]},{"@type":"ImageObject","inLanguage":"es","@id":"https:\/\/eco-regalos.com\/Colombia\/producto\/boton-publicitario-germinable-para-eventos-siembra-y-germina-plantas\/#local-main-organization-logo","url":"https:\/\/eco-regalos.com\/Colombia\/wp-content\/uploads\/2020\/08\/logo-2015-con-slogan.jpg","contentUrl":"https:\/\/eco-regalos.com\/Colombia\/wp-content\/uploads\/2020\/08\/logo-2015-con-slogan.jpg","width":1461,"height":1121,"caption":"Eco Regalos"}]}},"_links":{"self":[{"href":"https:\/\/eco-regalos.com\/Colombia\/wp-json\/wp\/v2\/product\/1792","targetHints":{"allow":["GET"]}}],"collection":[{"href":"https:\/\/eco-regalos.com\/Colombia\/wp-json\/wp\/v2\/product"}],"about":[{"href":"https:\/\/eco-regalos.com\/Colombia\/wp-json\/wp\/v2\/types\/product"}],"replies":[{"embeddable":true,"href":"https:\/\/eco-regalos.com\/Colombia\/wp-json\/wp\/v2\/comments?post=1792"}],"wp:featuredmedia":[{"embeddable":true,"href":"https:\/\/eco-regalos.com\/Colombia\/wp-json\/wp\/v2\/media\/7142"}],"wp:attachment":[{"href":"https:\/\/eco-regalos.com\/Colombia\/wp-json\/wp\/v2\/media?parent=1792"}],"wp:term":[{"taxonomy":"product_brand","embeddable":true,"href":"https:\/\/eco-regalos.com\/Colombia\/wp-json\/wp\/v2\/product_brand?post=1792"},{"taxonomy":"product_cat","embeddable":true,"href":"https:\/\/eco-regalos.com\/Colombia\/wp-json\/wp\/v2\/product_cat?post=1792"},{"taxonomy":"product_tag","embeddable":true,"href":"https:\/\/eco-regalos.com\/Colombia\/wp-json\/wp\/v2\/product_tag?post=1792"}],"curies":[{"name":"wp","href":"https:\/\/api.w.org\/{rel}","templated":true}]}}