{"id":383,"date":"2018-08-07T12:29:35","date_gmt":"2018-08-07T17:29:35","guid":{"rendered":"http:\/\/eco-regalos.com\/colombia\/?post_type=product&#038;p=383"},"modified":"2026-02-23T10:00:44","modified_gmt":"2026-02-23T15:00:44","slug":"separador-de-libros-sembrable-y-germinable-personalizado","status":"publish","type":"product","link":"https:\/\/eco-regalos.com\/Colombia\/producto\/separador-de-libros-sembrable-y-germinable-personalizado\/","title":{"rendered":"Separador de libros germinable PREMIUM"},"content":{"rendered":"<h5>Separador de libros sembrable en papel semilla personalizado.<\/h5>\n<p><strong>El separador de libros germinable<\/strong> est\u00e1 elaborado en papel semilla Premium y es una linda opci\u00f3n para los regalos ecol\u00f3gicos.\u00a0 Tiene un desprendible para sembrar y germinar una planta\u00a0 Se entrega personalizado por ambos lados.<\/p>\n<p>Puedes seleccionar la semilla que desees entre bons\u00e1i, flores o especias.<\/p>\n<p>Solo desprende un pedazo para sembrarlo y el separador lo conservas.<\/p>\n<p>El <strong>separador de libros en papel semilla<\/strong> es un lindo <strong>regalo ecol\u00f3gico<\/strong> debido a que se siembra una parte para obtener una planta que vas a cuidar y de igual manera se conserva la otra parte con el mensaje.\u00a0 este mensaje se vuelve permanente al usarlo como marca p\u00e1gina en tus libros.\u00a0 Un eco regalo con mucho significado.<\/p>\n<h5>Caracter\u00edsticas:<\/h5>\n<ul>\n<li><strong>Germinaci\u00f3n<\/strong>: 100%<\/li>\n<li><strong>Calibre<\/strong>: R\u00edgido- grueso<\/li>\n<li><strong>Personalizaci\u00f3n<\/strong>: Impresi\u00f3n full color ambos lados.<\/li>\n<li><\/li>\n<\/ul>\n<p>El dise\u00f1o es 100% personalizado ambos lados, full color.<\/p>\n<p>Tama\u00f1o: \u00a020 cm x 5 cm<\/p>\n<p>Cord\u00f3n en fibra natural adicional: $ 210 antes de IVA.<\/p>\n<figure id=\"attachment_1763\" aria-describedby=\"caption-attachment-1763\" style=\"width: 233px\" class=\"wp-caption aligncenter\"><a href=\"https:\/\/eco-regalos.com\/movil\/wp-content\/uploads\/2018\/08\/WhatsApp-Image-2019-08-06-at-11.11.30-AM.jpeg\"><img loading=\"lazy\" decoding=\"async\" loading=\"lazy\" class=\"eco-fade-img\" class=\"wp-image-1763 size-medium\" src=\"https:\/\/eco-regalos.com\/movil\/wp-content\/uploads\/2018\/08\/WhatsApp-Image-2019-08-06-at-11.11.30-AM-233x300.jpeg\" alt=\"Separador de libros en papel semilla\" width=\"233\" height=\"300\" srcset=\"https:\/\/eco-regalos.com\/Colombia\/wp-content\/uploads\/2018\/08\/WhatsApp-Image-2019-08-06-at-11.11.30-AM-233x300.jpeg 233w, https:\/\/eco-regalos.com\/Colombia\/wp-content\/uploads\/2018\/08\/WhatsApp-Image-2019-08-06-at-11.11.30-AM-600x771.jpeg 600w, https:\/\/eco-regalos.com\/Colombia\/wp-content\/uploads\/2018\/08\/WhatsApp-Image-2019-08-06-at-11.11.30-AM-768x987.jpeg 768w, https:\/\/eco-regalos.com\/Colombia\/wp-content\/uploads\/2018\/08\/WhatsApp-Image-2019-08-06-at-11.11.30-AM-797x1024.jpeg 797w, https:\/\/eco-regalos.com\/Colombia\/wp-content\/uploads\/2018\/08\/WhatsApp-Image-2019-08-06-at-11.11.30-AM.jpeg 996w\" sizes=\"auto, (max-width: 233px) 100vw, 233px\" \/><\/a><figcaption id=\"caption-attachment-1763\" class=\"wp-caption-text\">Siembra y germina arboles<\/figcaption><\/figure>\n<figure id=\"attachment_1764\" aria-describedby=\"caption-attachment-1764\" style=\"width: 225px\" class=\"wp-caption aligncenter\"><a href=\"https:\/\/eco-regalos.com\/movil\/wp-content\/uploads\/2018\/08\/WhatsApp-Image-2019-08-06-at-11.11.36-AM-1.jpeg\"><img loading=\"lazy\" decoding=\"async\" loading=\"lazy\" class=\"eco-fade-img\" class=\"wp-image-1764 size-medium\" src=\"https:\/\/eco-regalos.com\/movil\/wp-content\/uploads\/2018\/08\/WhatsApp-Image-2019-08-06-at-11.11.36-AM-1-225x300.jpeg\" alt=\"Marcador de libros\" width=\"225\" height=\"300\" srcset=\"https:\/\/eco-regalos.com\/Colombia\/wp-content\/uploads\/2018\/08\/WhatsApp-Image-2019-08-06-at-11.11.36-AM-1-225x300.jpeg 225w, https:\/\/eco-regalos.com\/Colombia\/wp-content\/uploads\/2018\/08\/WhatsApp-Image-2019-08-06-at-11.11.36-AM-1-600x800.jpeg 600w, https:\/\/eco-regalos.com\/Colombia\/wp-content\/uploads\/2018\/08\/WhatsApp-Image-2019-08-06-at-11.11.36-AM-1-768x1024.jpeg 768w, https:\/\/eco-regalos.com\/Colombia\/wp-content\/uploads\/2018\/08\/WhatsApp-Image-2019-08-06-at-11.11.36-AM-1.jpeg 780w\" sizes=\"auto, (max-width: 225px) 100vw, 225px\" \/><\/a><figcaption id=\"caption-attachment-1764\" class=\"wp-caption-text\">Papel semilla la mejor opci\u00f3n en regalos ecol\u00f3gicos<\/figcaption><\/figure>\n<p style=\"text-align: center;\"><span style=\"color: #ff6600;\"><strong>Siembra el desprendible de tu separador de libros germinable y en poco tiempo obtendr\u00e1s un lindo arbolito para que comiences tu bons\u00e1i.<\/strong><\/span><\/p>\n<p><iframe title=\"Siembra papel semilla\" width=\"640\" height=\"480\" src=\"https:\/\/www.youtube.com\/embed\/yqDWJaf573k?feature=oembed\" frameborder=\"0\" allow=\"accelerometer; autoplay; clipboard-write; encrypted-media; gyroscope; picture-in-picture; web-share\" referrerpolicy=\"strict-origin-when-cross-origin\" allowfullscreen><\/iframe><\/p>\n<p>418<\/p>\n<h5>Opciones de personalizaci\u00f3n:<\/h5>\n<p>Full color por ambos lados.\u00a0 Se reserva la parte de atr\u00e1s del desprendible para las instrucciones.<\/p>\n<p>El papel semilla es un sustrato de germinaci\u00f3n, por lo tanto se encoge en su proceso aprox en un 4%<\/p>\n\n<h5>eco regalos \u00ae similares:<\/h5>\n<p><a href=\"https:\/\/eco-regalos.com\/movil\/categoria-producto\/bolsas-y-empaques-germinables-a-la-medida-para-productos\/\">Empaques germinables<\/a> I <a href=\"https:\/\/eco-regalos.com\/movil\/categoria-producto\/tarjetas-etiquetas-papel-semilla\/\">Tarjetas y etiquetas germinables<\/a> I<\/p>\n<p style=\"text-align: center;\"><strong><a href=\"http:\/\/caem.org.co\/ConveniosCARCAEM\/huellacarbono\/\">Te invitamos a cuidar el planeta, haz clic y calcula tu huella de carbono para que cada d\u00eda la reduzcas con conciencia.<\/a><\/strong><\/p>\n<p><iframe title=\"Separador de libros germinable. (marca paginas) www.eco-regalos.com\" width=\"640\" height=\"480\" src=\"https:\/\/www.youtube.com\/embed\/z98ZnYd3Luw?feature=oembed\" frameborder=\"0\" allow=\"accelerometer; autoplay; clipboard-write; encrypted-media; gyroscope; picture-in-picture; web-share\" referrerpolicy=\"strict-origin-when-cross-origin\" allowfullscreen><\/iframe><\/p>\n","protected":false},"excerpt":{"rendered":"<h4><strong>Separador de libros en papel germinable PREMIUM<\/strong><\/h4>\n<div class=\"otQkpb\" role=\"heading\" aria-level=\"3\" data-animation-nesting=\"\" data-sfc-cp=\"\" data-complete=\"true\" data-processed=\"true\" data-sae=\"\"><strong class=\"Yjhzub\" data-complete=\"true\">Separador de Libros en papel germinable PREMIUM: Marca tu lectura, siembra un futuro.<\/strong><\/div>\n<div class=\"Y3BBE\" data-sfc-cp=\"\" data-hveid=\"CAEIAxAA\" data-processed=\"true\" data-complete=\"true\">Eleva la reputaci\u00f3n de tu empresa con un producto que une cultura y naturaleza. Este\u00a0<strong class=\"Yjhzub\" data-complete=\"true\">separador de libros en papel semilla Premium<\/strong>\u00a0es m\u00e1s que un art\u00edculo promocional; es un s\u00edmbolo de crecimiento. Dise\u00f1ado estrat\u00e9gicamente, permite a tus clientes desprender una parte del papel para\u00a0<strong class=\"Yjhzub\" data-complete=\"true\">sembrar flores, especias o \u00e1rboles <\/strong>mientras conservan el cuerpo principal como un marcador permanente con tu marca.<\/div>\n<ul>\n<li><\/li>\n<li><\/li>\n<\/ul>\n<p>&nbsp;<\/p>\n","protected":false},"featured_media":7900,"comment_status":"open","ping_status":"closed","template":"","meta":{"_sitemap_exclude":false,"_sitemap_priority":"","_sitemap_frequency":""},"product_brand":[],"product_cat":[579],"product_tag":[],"class_list":{"0":"post-383","1":"product","2":"type-product","3":"status-publish","4":"has-post-thumbnail","6":"product_cat-papel-semilla","8":"first","9":"instock","10":"taxable","11":"shipping-taxable","12":"purchasable","13":"product-type-simple"},"yoast_head":"<!-- This site is optimized with the Yoast SEO Premium plugin v27.4 (Yoast SEO v27.4) - https:\/\/yoast.com\/product\/yoast-seo-premium-wordpress\/ -->\n<title>Separador de libros sembrable y germinable personalizado.<\/title>\n<meta name=\"description\" content=\"Separador de libros sembrable y germinable personalizado elaborado en papel semilla. Siembra y cultiva una planta. Conserva el separador.\" \/>\n<meta name=\"robots\" content=\"index, follow, max-snippet:-1, max-image-preview:large, max-video-preview:-1\" \/>\n<link rel=\"canonical\" href=\"https:\/\/eco-regalos.com\/movil\" \/>\n<meta property=\"og:locale\" content=\"es_ES\" \/>\n<meta property=\"og:type\" content=\"article\" \/>\n<meta property=\"og:title\" content=\"Separador de libros germinable PREMIUM\" \/>\n<meta property=\"og:description\" content=\"Separador de libros sembrable y germinable personalizado elaborado en papel semilla. Siembra y cultiva una planta. Conserva el separador.\" \/>\n<meta property=\"og:url\" content=\"https:\/\/eco-regalos.com\/movil\" \/>\n<meta property=\"og:site_name\" content=\"Merchandising Ecol\u00f3gico\" \/>\n<meta property=\"article:modified_time\" content=\"2026-02-23T15:00:44+00:00\" \/>\n<meta property=\"og:image\" content=\"https:\/\/eco-regalos.com\/Colombia\/wp-content\/uploads\/2026\/02\/separador_libros_sembrable20-1.jpg\" \/>\n\t<meta property=\"og:image:width\" content=\"400\" \/>\n\t<meta property=\"og:image:height\" content=\"302\" \/>\n\t<meta property=\"og:image:type\" content=\"image\/jpeg\" \/>\n<meta name=\"twitter:card\" content=\"summary_large_image\" \/>\n<meta name=\"twitter:label1\" content=\"Tiempo de lectura\" \/>\n\t<meta name=\"twitter:data1\" content=\"2 minutos\" \/>\n<script type=\"application\/ld+json\" class=\"yoast-schema-graph\">{\"@context\":\"https:\\\/\\\/schema.org\",\"@graph\":[{\"@type\":\"WebPage\",\"@id\":\"https:\\\/\\\/eco-regalos.com\\\/Colombia\\\/producto\\\/separador-de-libros-sembrable-y-germinable-personalizado\\\/\",\"url\":\"https:\\\/\\\/eco-regalos.com\\\/movil\",\"name\":\"Separador de libros sembrable y germinable personalizado.\",\"isPartOf\":{\"@id\":\"https:\\\/\\\/eco-regalos.com\\\/Colombia\\\/#website\"},\"primaryImageOfPage\":{\"@id\":\"https:\\\/\\\/eco-regalos.com\\\/movil#primaryimage\"},\"image\":{\"@id\":\"https:\\\/\\\/eco-regalos.com\\\/movil#primaryimage\"},\"thumbnailUrl\":\"https:\\\/\\\/eco-regalos.com\\\/Colombia\\\/wp-content\\\/uploads\\\/2026\\\/02\\\/separador_libros_sembrable20-1.jpg\",\"datePublished\":\"2018-08-07T17:29:35+00:00\",\"dateModified\":\"2026-02-23T15:00:44+00:00\",\"description\":\"Separador de libros sembrable y germinable personalizado elaborado en papel semilla. Siembra y cultiva una planta. Conserva el separador.\",\"breadcrumb\":{\"@id\":\"https:\\\/\\\/eco-regalos.com\\\/movil#breadcrumb\"},\"inLanguage\":\"es\",\"potentialAction\":[{\"@type\":\"ReadAction\",\"target\":[\"https:\\\/\\\/eco-regalos.com\\\/movil\"]}]},{\"@type\":\"ImageObject\",\"inLanguage\":\"es\",\"@id\":\"https:\\\/\\\/eco-regalos.com\\\/movil#primaryimage\",\"url\":\"https:\\\/\\\/eco-regalos.com\\\/Colombia\\\/wp-content\\\/uploads\\\/2026\\\/02\\\/separador_libros_sembrable20-1.jpg\",\"contentUrl\":\"https:\\\/\\\/eco-regalos.com\\\/Colombia\\\/wp-content\\\/uploads\\\/2026\\\/02\\\/separador_libros_sembrable20-1.jpg\",\"width\":400,\"height\":302,\"caption\":\"Marca paginas germinable\"},{\"@type\":\"BreadcrumbList\",\"@id\":\"https:\\\/\\\/eco-regalos.com\\\/movil#breadcrumb\",\"itemListElement\":[{\"@type\":\"ListItem\",\"position\":1,\"name\":\"Portada\",\"item\":\"https:\\\/\\\/eco-regalos.com\\\/Colombia\\\/\"},{\"@type\":\"ListItem\",\"position\":2,\"name\":\"Productos germinables para campa\u00f1as ambientalmente responsables\",\"item\":\"https:\\\/\\\/eco-regalos.com\\\/Colombia\\\/catalogo_eco_regalos\\\/\"},{\"@type\":\"ListItem\",\"position\":3,\"name\":\"Separador de libros germinable PREMIUM\"}]},{\"@type\":\"WebSite\",\"@id\":\"https:\\\/\\\/eco-regalos.com\\\/Colombia\\\/#website\",\"url\":\"https:\\\/\\\/eco-regalos.com\\\/Colombia\\\/\",\"name\":\"Eco Regalos - Merchandising Ecol\u00f3gico\",\"description\":\"Papel Semilla\",\"publisher\":{\"@id\":\"https:\\\/\\\/eco-regalos.com\\\/Colombia\\\/#organization\"},\"alternateName\":\"eco-regalos.com\",\"potentialAction\":[{\"@type\":\"SearchAction\",\"target\":{\"@type\":\"EntryPoint\",\"urlTemplate\":\"https:\\\/\\\/eco-regalos.com\\\/Colombia\\\/?s={search_term_string}\"},\"query-input\":{\"@type\":\"PropertyValueSpecification\",\"valueRequired\":true,\"valueName\":\"search_term_string\"}}],\"inLanguage\":\"es\"},{\"@type\":[\"Organization\",\"Place\"],\"@id\":\"https:\\\/\\\/eco-regalos.com\\\/Colombia\\\/#organization\",\"name\":\"Eco Regalos\",\"url\":\"https:\\\/\\\/eco-regalos.com\\\/Colombia\\\/\",\"logo\":{\"@id\":\"https:\\\/\\\/eco-regalos.com\\\/movil#local-main-organization-logo\"},\"image\":{\"@id\":\"https:\\\/\\\/eco-regalos.com\\\/movil#local-main-organization-logo\"},\"telephone\":[],\"openingHoursSpecification\":[{\"@type\":\"OpeningHoursSpecification\",\"dayOfWeek\":[\"Sunday\",\"Monday\",\"Tuesday\",\"Wednesday\",\"Thursday\",\"Friday\",\"Saturday\"],\"opens\":\"09:00\",\"closes\":\"17:00\"}]},{\"@type\":\"ImageObject\",\"inLanguage\":\"es\",\"@id\":\"https:\\\/\\\/eco-regalos.com\\\/movil#local-main-organization-logo\",\"url\":\"https:\\\/\\\/eco-regalos.com\\\/Colombia\\\/wp-content\\\/uploads\\\/2020\\\/08\\\/logo-2015-con-slogan.jpg\",\"contentUrl\":\"https:\\\/\\\/eco-regalos.com\\\/Colombia\\\/wp-content\\\/uploads\\\/2020\\\/08\\\/logo-2015-con-slogan.jpg\",\"width\":1461,\"height\":1121,\"caption\":\"Eco Regalos\"}]}<\/script>\n<!-- \/ Yoast SEO Premium plugin. -->","yoast_head_json":{"title":"Separador de libros sembrable y germinable personalizado.","description":"Separador de libros sembrable y germinable personalizado elaborado en papel semilla. Siembra y cultiva una planta. Conserva el separador.","robots":{"index":"index","follow":"follow","max-snippet":"max-snippet:-1","max-image-preview":"max-image-preview:large","max-video-preview":"max-video-preview:-1"},"canonical":"https:\/\/eco-regalos.com\/movil","og_locale":"es_ES","og_type":"article","og_title":"Separador de libros germinable PREMIUM","og_description":"Separador de libros sembrable y germinable personalizado elaborado en papel semilla. Siembra y cultiva una planta. Conserva el separador.","og_url":"https:\/\/eco-regalos.com\/movil","og_site_name":"Merchandising Ecol\u00f3gico","article_modified_time":"2026-02-23T15:00:44+00:00","og_image":[{"width":400,"height":302,"url":"https:\/\/eco-regalos.com\/Colombia\/wp-content\/uploads\/2026\/02\/separador_libros_sembrable20-1.jpg","type":"image\/jpeg"}],"twitter_card":"summary_large_image","twitter_misc":{"Tiempo de lectura":"2 minutos"},"schema":{"@context":"https:\/\/schema.org","@graph":[{"@type":"WebPage","@id":"https:\/\/eco-regalos.com\/Colombia\/producto\/separador-de-libros-sembrable-y-germinable-personalizado\/","url":"https:\/\/eco-regalos.com\/movil","name":"Separador de libros sembrable y germinable personalizado.","isPartOf":{"@id":"https:\/\/eco-regalos.com\/Colombia\/#website"},"primaryImageOfPage":{"@id":"https:\/\/eco-regalos.com\/movil#primaryimage"},"image":{"@id":"https:\/\/eco-regalos.com\/movil#primaryimage"},"thumbnailUrl":"https:\/\/eco-regalos.com\/Colombia\/wp-content\/uploads\/2026\/02\/separador_libros_sembrable20-1.jpg","datePublished":"2018-08-07T17:29:35+00:00","dateModified":"2026-02-23T15:00:44+00:00","description":"Separador de libros sembrable y germinable personalizado elaborado en papel semilla. Siembra y cultiva una planta. Conserva el separador.","breadcrumb":{"@id":"https:\/\/eco-regalos.com\/movil#breadcrumb"},"inLanguage":"es","potentialAction":[{"@type":"ReadAction","target":["https:\/\/eco-regalos.com\/movil"]}]},{"@type":"ImageObject","inLanguage":"es","@id":"https:\/\/eco-regalos.com\/movil#primaryimage","url":"https:\/\/eco-regalos.com\/Colombia\/wp-content\/uploads\/2026\/02\/separador_libros_sembrable20-1.jpg","contentUrl":"https:\/\/eco-regalos.com\/Colombia\/wp-content\/uploads\/2026\/02\/separador_libros_sembrable20-1.jpg","width":400,"height":302,"caption":"Marca paginas germinable"},{"@type":"BreadcrumbList","@id":"https:\/\/eco-regalos.com\/movil#breadcrumb","itemListElement":[{"@type":"ListItem","position":1,"name":"Portada","item":"https:\/\/eco-regalos.com\/Colombia\/"},{"@type":"ListItem","position":2,"name":"Productos germinables para campa\u00f1as ambientalmente responsables","item":"https:\/\/eco-regalos.com\/Colombia\/catalogo_eco_regalos\/"},{"@type":"ListItem","position":3,"name":"Separador de libros germinable PREMIUM"}]},{"@type":"WebSite","@id":"https:\/\/eco-regalos.com\/Colombia\/#website","url":"https:\/\/eco-regalos.com\/Colombia\/","name":"Eco Regalos - Merchandising Ecol\u00f3gico","description":"Papel Semilla","publisher":{"@id":"https:\/\/eco-regalos.com\/Colombia\/#organization"},"alternateName":"eco-regalos.com","potentialAction":[{"@type":"SearchAction","target":{"@type":"EntryPoint","urlTemplate":"https:\/\/eco-regalos.com\/Colombia\/?s={search_term_string}"},"query-input":{"@type":"PropertyValueSpecification","valueRequired":true,"valueName":"search_term_string"}}],"inLanguage":"es"},{"@type":["Organization","Place"],"@id":"https:\/\/eco-regalos.com\/Colombia\/#organization","name":"Eco Regalos","url":"https:\/\/eco-regalos.com\/Colombia\/","logo":{"@id":"https:\/\/eco-regalos.com\/movil#local-main-organization-logo"},"image":{"@id":"https:\/\/eco-regalos.com\/movil#local-main-organization-logo"},"telephone":[],"openingHoursSpecification":[{"@type":"OpeningHoursSpecification","dayOfWeek":["Sunday","Monday","Tuesday","Wednesday","Thursday","Friday","Saturday"],"opens":"09:00","closes":"17:00"}]},{"@type":"ImageObject","inLanguage":"es","@id":"https:\/\/eco-regalos.com\/movil#local-main-organization-logo","url":"https:\/\/eco-regalos.com\/Colombia\/wp-content\/uploads\/2020\/08\/logo-2015-con-slogan.jpg","contentUrl":"https:\/\/eco-regalos.com\/Colombia\/wp-content\/uploads\/2020\/08\/logo-2015-con-slogan.jpg","width":1461,"height":1121,"caption":"Eco Regalos"}]}},"_links":{"self":[{"href":"https:\/\/eco-regalos.com\/Colombia\/wp-json\/wp\/v2\/product\/383","targetHints":{"allow":["GET"]}}],"collection":[{"href":"https:\/\/eco-regalos.com\/Colombia\/wp-json\/wp\/v2\/product"}],"about":[{"href":"https:\/\/eco-regalos.com\/Colombia\/wp-json\/wp\/v2\/types\/product"}],"replies":[{"embeddable":true,"href":"https:\/\/eco-regalos.com\/Colombia\/wp-json\/wp\/v2\/comments?post=383"}],"wp:featuredmedia":[{"embeddable":true,"href":"https:\/\/eco-regalos.com\/Colombia\/wp-json\/wp\/v2\/media\/7900"}],"wp:attachment":[{"href":"https:\/\/eco-regalos.com\/Colombia\/wp-json\/wp\/v2\/media?parent=383"}],"wp:term":[{"taxonomy":"product_brand","embeddable":true,"href":"https:\/\/eco-regalos.com\/Colombia\/wp-json\/wp\/v2\/product_brand?post=383"},{"taxonomy":"product_cat","embeddable":true,"href":"https:\/\/eco-regalos.com\/Colombia\/wp-json\/wp\/v2\/product_cat?post=383"},{"taxonomy":"product_tag","embeddable":true,"href":"https:\/\/eco-regalos.com\/Colombia\/wp-json\/wp\/v2\/product_tag?post=383"}],"curies":[{"name":"wp","href":"https:\/\/api.w.org\/{rel}","templated":true}]}}