{"id":399,"date":"2018-08-07T12:40:46","date_gmt":"2018-08-07T17:40:46","guid":{"rendered":"http:\/\/eco-regalos.com\/colombia\/?post_type=product&#038;p=399"},"modified":"2026-02-23T10:00:11","modified_gmt":"2026-02-23T15:00:11","slug":"rompecabezas-sembrables-y-germinables-personalizados","status":"publish","type":"product","link":"https:\/\/eco-regalos.com\/Colombia\/producto\/rompecabezas-sembrables-y-germinables-personalizados\/","title":{"rendered":"Rompecabezas sembrables enlatados en ecolata"},"content":{"rendered":"<h4><strong class=\"Yjhzub\" data-complete=\"true\" data-processed=\"true\" aria-owns=\"action-menu-parent-container\">Rompecabezas Sembrable en Lata Ecol\u00f3gica: Experiencia L\u00fadica y Aprendizaje Ambiental<\/strong><\/h4>\n<h5 class=\"Y3BBE\" data-hveid=\"CAEICBAA\" data-complete=\"true\" data-processed=\"true\"><strong class=\"Yjhzub\" data-complete=\"true\" data-processed=\"true\">Juego, Aprendizaje y Vida: La Experiencia del \u00abDoble Regalo\u00bb<\/strong><\/h5>\n<p class=\"Y3BBE\" data-hveid=\"CAEICBAA\" data-complete=\"true\" data-processed=\"true\">En el mundo de los regalos corporativos, la interacci\u00f3n es clave. El rompecabezas sembrable ofrece un viaje en dos fases: primero, el desaf\u00edo de armar el dise\u00f1o para revelar el mensaje completo; segundo, la acci\u00f3n gratificante de sembrar cada pieza para ver nacer la vida.<\/p>\n<h5 class=\"Y3BBE\" data-hveid=\"CAEICRAA\" data-complete=\"true\" data-processed=\"true\"><strong class=\"Yjhzub\" data-complete=\"true\" data-processed=\"true\">Beneficios Estrat\u00e9gicos para tu Marca Responsable:<\/strong><\/h5>\n<ul class=\"KsbFXc U6u95\" data-complete=\"true\" data-processed=\"true\">\n<li data-hveid=\"CAEIChAA\" data-complete=\"true\" data-sae=\"\"><span class=\"T286Pc\" data-sfc-cp=\"\" data-complete=\"true\"><strong class=\"Yjhzub\" data-complete=\"true\">Experiencia L\u00fadica y Bienestar:<\/strong>\u00a0Motiva la interacci\u00f3n activa con el producto. Armar el rompecabezas es un ejercicio mental y, posteriormente, el cuidado de la planta es una actividad de\u00a0<strong class=\"Yjhzub\" data-complete=\"true\">bienestar<\/strong>\u00a0que reduce el estr\u00e9s y fomenta la paciencia.<\/span><\/li>\n<li data-hveid=\"CAEIChAA\" data-complete=\"true\" data-sae=\"\"><\/li>\n<li data-hveid=\"CAEIChAB\" data-complete=\"true\" data-sae=\"\"><span class=\"T286Pc\" data-sfc-cp=\"\" data-complete=\"true\"><strong class=\"Yjhzub\" data-complete=\"true\">Aprendizaje y Buenas Pr\u00e1cticas:<\/strong>\u00a0Es una herramienta educativa poderosa. Demuestra de manera tangible c\u00f3mo un \u00abresiduo\u00bb (el papel del rompecabezas) se integra en la\u00a0<strong class=\"Yjhzub\" data-complete=\"true\">econom\u00eda circular<\/strong>\u00a0y se convierte en un ser vivo que aporta ox\u00edgeno.<\/span><\/li>\n<li data-hveid=\"CAEIChAB\" data-complete=\"true\" data-sae=\"\"><\/li>\n<li data-hveid=\"CAEIChAC\" data-complete=\"true\" data-sae=\"\"><span class=\"T286Pc\" data-sfc-cp=\"\" data-complete=\"true\"><strong class=\"Yjhzub\" data-complete=\"true\">Fidelizaci\u00f3n y Recordaci\u00f3n:<\/strong> La experiencia prolongada a trav\u00e9s del cuidado de la planta (huerta o \u00e1rbol) asegura que el mensaje de tu marca perdure en el tiempo, generando una asociaci\u00f3n positiva y duradera con la responsabilidad ambiental.<\/span><\/li>\n<li data-hveid=\"CAEIChAC\" data-complete=\"true\" data-sae=\"\"><\/li>\n<\/ul>\n<h5 class=\"Y3BBE\" data-hveid=\"CAEICxAA\" data-complete=\"true\" data-processed=\"true\"><strong class=\"Yjhzub\" data-complete=\"true\" data-processed=\"true\">Personalizaci\u00f3n Total y Versatilidad de Empaque:<\/strong><\/h5>\n<ul class=\"KsbFXc U6u95\" data-complete=\"true\" data-processed=\"true\">\n<li data-hveid=\"CAEIDBAA\" data-complete=\"true\" data-sae=\"\"><span class=\"T286Pc\" data-sfc-cp=\"\" data-complete=\"true\"><strong class=\"Yjhzub\" data-complete=\"true\">En la Lata Ecol\u00f3gica:<\/strong>\u00a0Empaque de hojalata con apertura abre f\u00e1cil y tapa pl\u00e1stica para conservaci\u00f3n, 100% personalizable con tu dise\u00f1o full color.<\/span><\/li>\n<li data-hveid=\"CAEIDBAA\" data-complete=\"true\" data-sae=\"\"><\/li>\n<li data-hveid=\"CAEIDBAB\" data-complete=\"true\" data-sae=\"\"><span class=\"T286Pc\" data-sfc-cp=\"\" data-complete=\"true\"><strong class=\"Yjhzub\" data-complete=\"true\">En el Rompecabezas:<\/strong>\u00a0Cada una de las 12 piezas (tama\u00f1o total 13&#215;10 cm) lleva tu mensaje o logo impreso.<\/span><\/li>\n<li data-hveid=\"CAEIDBAC\" data-complete=\"true\" data-sae=\"\"><span class=\"T286Pc\" data-sfc-cp=\"\" data-complete=\"true\"><strong class=\"Yjhzub\" data-complete=\"true\">Opci\u00f3n Eco-Sachet:<\/strong> Disponible tambi\u00e9n en bolsa de cartulina de ca\u00f1a de az\u00facar, que sirve como soporte de germinaci\u00f3n alternativo.<\/span><\/li>\n<\/ul>\n<div class=\"Fsg96\" data-sfc-cp=\"\" data-complete=\"true\" data-processed=\"true\"><\/div>\n<div class=\"Fsg96\" data-sfc-cp=\"\" data-complete=\"true\" data-processed=\"true\"><\/div>\n<figure id=\"attachment_4446\" aria-describedby=\"caption-attachment-4446\" style=\"width: 400px\" class=\"wp-caption aligncenter\"><img loading=\"lazy\" decoding=\"async\" loading=\"lazy\" class=\"eco-fade-img\" class=\"size-full wp-image-4446\" src=\"https:\/\/eco-regalos.com\/movil\/wp-content\/uploads\/2018\/08\/urbaser.jpg\" alt=\"rompecabezas germinables\" width=\"400\" height=\"313\" srcset=\"https:\/\/eco-regalos.com\/Colombia\/wp-content\/uploads\/2018\/08\/urbaser.jpg 400w, https:\/\/eco-regalos.com\/Colombia\/wp-content\/uploads\/2018\/08\/urbaser-300x235.jpg 300w\" sizes=\"auto, (max-width: 400px) 100vw, 400px\" \/><figcaption id=\"caption-attachment-4446\" class=\"wp-caption-text\">Cada pieza se siembra para germinar una planta.<\/figcaption><\/figure>\n<ul>\n<li>\n<h5 class=\"otQkpb\" role=\"heading\" aria-level=\"3\" data-complete=\"true\" data-processed=\"true\">Ficha T\u00e9cnica y Fabricaci\u00f3n<\/h5>\n<ul class=\"KsbFXc U6u95\" data-complete=\"true\" data-processed=\"true\">\n<li data-hveid=\"CAEIDxAA\" data-complete=\"true\" data-sae=\"\"><span class=\"T286Pc\" data-sfc-cp=\"\" data-complete=\"true\"><strong class=\"Yjhzub\" data-complete=\"true\">Producto:<\/strong>\u00a0Rompecabezas de 12 piezas en papel semilla plantable.<\/span><\/li>\n<li data-hveid=\"CAEIDxAB\" data-complete=\"true\" data-sae=\"\"><span class=\"T286Pc\" data-sfc-cp=\"\" data-complete=\"true\"><strong class=\"Yjhzub\" data-complete=\"true\">Tama\u00f1o Rompecabezas:<\/strong>\u00a013 cm x 10 cm.<\/span><\/li>\n<li data-hveid=\"CAEIDxAC\" data-complete=\"true\" data-sae=\"\"><span class=\"T286Pc\" data-sfc-cp=\"\" data-complete=\"true\"><strong class=\"Yjhzub\" data-complete=\"true\">Empaque:<\/strong>\u00a0Lata ecol\u00f3gica (6 cm x 6.5 cm) con sistema abre f\u00e1cil y tapa pl\u00e1stica.<\/span><\/li>\n<li data-hveid=\"CAEIDxAD\" data-complete=\"true\" data-sae=\"\"><span class=\"T286Pc\" data-sfc-cp=\"\" data-complete=\"true\"><strong class=\"Yjhzub\" data-complete=\"true\">Especies Disponibles:<\/strong>\u00a0Huerta (tomate, albahaca, cilantro) o \u00c1rboles (guayac\u00e1n, acacia).<\/span><\/li>\n<li data-hveid=\"CAEIDxAE\" data-complete=\"true\" data-sae=\"\"><span class=\"T286Pc\" data-sfc-cp=\"\" data-complete=\"true\"><strong class=\"Yjhzub\" data-complete=\"true\">Personalizaci\u00f3n B2B:<\/strong>\u00a0Full color en etiqueta de lata y en el rompecabezas (elaboramos a medida para campa\u00f1as espec\u00edficas).<\/span><\/li>\n<li data-hveid=\"CAEIDxAF\" data-complete=\"true\" data-sae=\"\"><span class=\"T286Pc\" data-sfc-cp=\"\" data-complete=\"true\"><strong class=\"Yjhzub\" data-complete=\"true\">Sostenibilidad:<\/strong>\u00a0Materiales\u00a0<strong class=\"Yjhzub\" data-complete=\"true\">compostables<\/strong>, reciclables y generadores de ox\u00edgeno.<\/span><\/li>\n<\/ul>\n<div class=\"Fsg96\" data-sfc-cp=\"\" data-complete=\"true\" data-processed=\"true\"><\/div>\n<h5 class=\"Fsg96\" data-complete=\"true\" data-processed=\"true\">Gu\u00eda de Siembra: El Ritual del Aprendizaje<\/h5>\n<div class=\"Y3BBE\" data-sfc-cp=\"\" data-hveid=\"CAEIEhAA\" data-complete=\"true\" data-processed=\"true\">Es muy sencillo: arma el rompecabezas, luego siembra cada pieza en tierra limpia, riega diariamente y espera a que la magia de la vida comience. En 3 a 5 semanas, las piezas desaparecen para dar paso a las plantas, demostrando que tu marca lidera con el ejemplo en\u00a0<strong class=\"Yjhzub\" data-complete=\"true\" data-processed=\"true\">buenas pr\u00e1cticas ambientales<\/strong>.<\/div>\n<\/li>\n<li><\/li>\n<li>\n<div class=\"Y3BBE\" data-sfc-cp=\"\" data-hveid=\"CAEIEhAA\" data-complete=\"true\" data-processed=\"true\"><\/div>\n<div class=\"Y3BBE\" data-sfc-cp=\"\" data-hveid=\"CAEIExAA\" data-complete=\"true\" data-processed=\"true\"><strong class=\"Yjhzub\" data-complete=\"true\" data-processed=\"true\">\u00a1Somos fabricantes l\u00edderes en experiencias de marketing vivo! Convierte tu pr\u00f3xima campa\u00f1a en un juego que cultiva la conciencia y el bienestar.<\/strong><\/div>\n<\/li>\n<\/ul>\n<h4 style=\"text-align: center;\"><\/h4>\n<h3 style=\"text-align: center;\"><em><strong>Rompecabezas (sin lata) o en otro empaque.<\/strong><\/em><\/h3>\n<p>El <strong>rompecabezas germinable<\/strong> se encuentra disponible en bolsa de cartulina de ca\u00f1a de az\u00facar impermeabilizada que sirve de soporte para la germinaci\u00f3n.\u00a0 Adicional puede solicitar el sustrato de germinaci\u00f3n para armar un kit con el <strong>rompecabezas germinable<\/strong>.<\/p>\n<p><strong>Rompecabezas germinable <\/strong>en bolsa de cartulina de ca\u00f1a de az\u00facar y sustrato de coco para germinaci\u00f3n.<\/p>\n<p><iframe title=\"Siembra papel semilla\" width=\"640\" height=\"480\" src=\"https:\/\/www.youtube.com\/embed\/yqDWJaf573k?feature=oembed\" frameborder=\"0\" allow=\"accelerometer; autoplay; clipboard-write; encrypted-media; gyroscope; picture-in-picture; web-share\" referrerpolicy=\"strict-origin-when-cross-origin\" allowfullscreen><\/iframe><\/p>\n\n<p><strong>Eco-regalos<\/strong> similares:<\/p>\n<p style=\"text-align: left;\"><a href=\"https:\/\/eco-regalos.com\/movil\/producto\/plantas-enlatadas-para-regalos-corporativos-arboles-flores-y-huertas\/\"><strong>Plantas<\/strong> <strong>enlatadas<\/strong><\/a> I <a href=\"https:\/\/eco-regalos.com\/movil\/producto\/suculentas-en-lata-ecologica-personalizada-en-caja-de-cana-de-azucar\/\">Suculentas en lata<\/a> I<\/p>\n<p style=\"text-align: center;\"><strong><a href=\"http:\/\/caem.org.co\/ConveniosCARCAEM\/huellacarbono\/\">Te invitamos a cuidar el planeta, haz clic y calcula tu huella de carbono para que cada d\u00eda la reduzcas con conciencia.<\/a><\/strong><\/p>\n","protected":false},"excerpt":{"rendered":"<div data-sfc-cp=\"\" data-hveid=\"CAEIBRAA\" data-complete=\"true\" data-processed=\"true\">\n<h4><strong class=\"Yjhzub\" data-complete=\"true\" data-processed=\"true\" aria-owns=\"action-menu-parent-container\">Rompecabezas Sembrable en Lata Ecol\u00f3gica: Experiencia L\u00fadica y Aprendizaje Ambiental<\/strong><\/h4>\n<\/div>\n<div class=\"Y3BBE\" data-sfc-cp=\"\" data-hveid=\"CAEIBRAA\" data-complete=\"true\" data-processed=\"true\"><strong class=\"Yjhzub\" data-complete=\"true\" data-processed=\"true\">Arma el mensaje, siembra las piezas.<\/strong>\u00a0Nuestro rompecabezas germinable en lata es un regalo novedoso y original que motiva la\u00a0<strong class=\"Yjhzub\" data-complete=\"true\" data-processed=\"true\">interacci\u00f3n<\/strong>\u00a0y el\u00a0<strong class=\"Yjhzub\" data-complete=\"true\" data-processed=\"true\">aprendizaje<\/strong>\u00a0sobre buenas pr\u00e1cticas ambientales. Cada pieza de este rompecabezas de 12 unidades se siembra para germinar una huerta o un \u00e1rbol. Es un\u00a0<strong class=\"Yjhzub\" data-complete=\"true\" data-processed=\"true\">eco-regalo\u00ae<\/strong>\u00a0completo y l\u00fadico que asocia tu marca con el\u00a0<strong class=\"Yjhzub\" data-complete=\"true\" data-processed=\"true\">bienestar<\/strong>, la creatividad y la\u00a0<strong class=\"Yjhzub\" data-complete=\"true\" data-processed=\"true\">econom\u00eda circular<\/strong>, garantizando una recordaci\u00f3n de marca inolvidable.<\/div>\n","protected":false},"featured_media":7880,"comment_status":"open","ping_status":"closed","template":"","meta":{"_sitemap_exclude":false,"_sitemap_priority":"","_sitemap_frequency":""},"product_brand":[],"product_cat":[584],"product_tag":[],"class_list":{"0":"post-399","1":"product","2":"type-product","3":"status-publish","4":"has-post-thumbnail","6":"product_cat-kits-de-siembra","8":"first","9":"instock","10":"taxable","11":"shipping-taxable","12":"purchasable","13":"product-type-simple"},"yoast_head":"<!-- This site is optimized with the Yoast SEO Premium plugin v27.4 (Yoast SEO v27.4) - https:\/\/yoast.com\/product\/yoast-seo-premium-wordpress\/ -->\n<title>Rompecabezas sembrables y germinables personalizados<\/title>\n<meta name=\"description\" content=\"Rompecabezas sembrables y germinables personalizados. Regalo en lata ecol\u00f3gica. Conoce nuestro catalogo de regalos novedosos.\" \/>\n<meta name=\"robots\" content=\"index, follow, max-snippet:-1, max-image-preview:large, max-video-preview:-1\" \/>\n<link rel=\"canonical\" href=\"https:\/\/eco-regalos.com\/Colombia\/producto\/rompecabezas-sembrables-y-germinables-personalizados\/\" \/>\n<meta property=\"og:locale\" content=\"es_ES\" \/>\n<meta property=\"og:type\" content=\"article\" \/>\n<meta property=\"og:title\" content=\"Rompecabezas sembrables enlatados en ecolata\" \/>\n<meta property=\"og:description\" content=\"Rompecabezas sembrables y germinables personalizados. Regalo en lata ecol\u00f3gica. Conoce nuestro catalogo de regalos novedosos.\" \/>\n<meta property=\"og:url\" content=\"https:\/\/eco-regalos.com\/Colombia\/producto\/rompecabezas-sembrables-y-germinables-personalizados\/\" \/>\n<meta property=\"og:site_name\" content=\"Productos Germinables y papel semilla\" \/>\n<meta property=\"article:modified_time\" content=\"2026-02-23T15:00:11+00:00\" \/>\n<meta property=\"og:image\" content=\"https:\/\/eco-regalos.com\/Colombia\/wp-content\/uploads\/2026\/02\/IMG_20200813_103523-scaled-1.jpg\" \/>\n\t<meta property=\"og:image:width\" content=\"2560\" \/>\n\t<meta property=\"og:image:height\" content=\"1993\" \/>\n\t<meta property=\"og:image:type\" content=\"image\/jpeg\" \/>\n<meta name=\"twitter:card\" content=\"summary_large_image\" \/>\n<meta name=\"twitter:label1\" content=\"Tiempo de lectura\" \/>\n\t<meta name=\"twitter:data1\" content=\"3 minutos\" \/>\n<script type=\"application\/ld+json\" class=\"yoast-schema-graph\">{\"@context\":\"https:\\\/\\\/schema.org\",\"@graph\":[{\"@type\":\"WebPage\",\"@id\":\"https:\\\/\\\/eco-regalos.com\\\/Colombia\\\/producto\\\/rompecabezas-sembrables-y-germinables-personalizados\\\/\",\"url\":\"https:\\\/\\\/eco-regalos.com\\\/Colombia\\\/producto\\\/rompecabezas-sembrables-y-germinables-personalizados\\\/\",\"name\":\"Rompecabezas sembrables y germinables personalizados\",\"isPartOf\":{\"@id\":\"https:\\\/\\\/eco-regalos.com\\\/Colombia\\\/#website\"},\"primaryImageOfPage\":{\"@id\":\"https:\\\/\\\/eco-regalos.com\\\/Colombia\\\/producto\\\/rompecabezas-sembrables-y-germinables-personalizados\\\/#primaryimage\"},\"image\":{\"@id\":\"https:\\\/\\\/eco-regalos.com\\\/Colombia\\\/producto\\\/rompecabezas-sembrables-y-germinables-personalizados\\\/#primaryimage\"},\"thumbnailUrl\":\"https:\\\/\\\/eco-regalos.com\\\/Colombia\\\/wp-content\\\/uploads\\\/2026\\\/02\\\/IMG_20200813_103523-scaled-1.jpg\",\"datePublished\":\"2018-08-07T17:40:46+00:00\",\"dateModified\":\"2026-02-23T15:00:11+00:00\",\"description\":\"Rompecabezas sembrables y germinables personalizados. Regalo en lata ecol\u00f3gica. Conoce nuestro catalogo de regalos novedosos.\",\"breadcrumb\":{\"@id\":\"https:\\\/\\\/eco-regalos.com\\\/Colombia\\\/producto\\\/rompecabezas-sembrables-y-germinables-personalizados\\\/#breadcrumb\"},\"inLanguage\":\"es\",\"potentialAction\":[{\"@type\":\"ReadAction\",\"target\":[\"https:\\\/\\\/eco-regalos.com\\\/Colombia\\\/producto\\\/rompecabezas-sembrables-y-germinables-personalizados\\\/\"]}]},{\"@type\":\"ImageObject\",\"inLanguage\":\"es\",\"@id\":\"https:\\\/\\\/eco-regalos.com\\\/Colombia\\\/producto\\\/rompecabezas-sembrables-y-germinables-personalizados\\\/#primaryimage\",\"url\":\"https:\\\/\\\/eco-regalos.com\\\/Colombia\\\/wp-content\\\/uploads\\\/2026\\\/02\\\/IMG_20200813_103523-scaled-1.jpg\",\"contentUrl\":\"https:\\\/\\\/eco-regalos.com\\\/Colombia\\\/wp-content\\\/uploads\\\/2026\\\/02\\\/IMG_20200813_103523-scaled-1.jpg\",\"width\":2560,\"height\":1993},{\"@type\":\"BreadcrumbList\",\"@id\":\"https:\\\/\\\/eco-regalos.com\\\/Colombia\\\/producto\\\/rompecabezas-sembrables-y-germinables-personalizados\\\/#breadcrumb\",\"itemListElement\":[{\"@type\":\"ListItem\",\"position\":1,\"name\":\"Portada\",\"item\":\"https:\\\/\\\/eco-regalos.com\\\/Colombia\\\/\"},{\"@type\":\"ListItem\",\"position\":2,\"name\":\"Productos germinables para campa\u00f1as ambientalmente responsables\",\"item\":\"https:\\\/\\\/eco-regalos.com\\\/Colombia\\\/catalogo_eco_regalos\\\/\"},{\"@type\":\"ListItem\",\"position\":3,\"name\":\"Rompecabezas sembrables enlatados en ecolata\"}]},{\"@type\":\"WebSite\",\"@id\":\"https:\\\/\\\/eco-regalos.com\\\/Colombia\\\/#website\",\"url\":\"https:\\\/\\\/eco-regalos.com\\\/Colombia\\\/\",\"name\":\"Eco Regalos - Merchandising Ecol\u00f3gico\",\"description\":\"\",\"publisher\":{\"@id\":\"https:\\\/\\\/eco-regalos.com\\\/Colombia\\\/#organization\"},\"alternateName\":\"eco-regalos.com\",\"potentialAction\":[{\"@type\":\"SearchAction\",\"target\":{\"@type\":\"EntryPoint\",\"urlTemplate\":\"https:\\\/\\\/eco-regalos.com\\\/Colombia\\\/?s={search_term_string}\"},\"query-input\":{\"@type\":\"PropertyValueSpecification\",\"valueRequired\":true,\"valueName\":\"search_term_string\"}}],\"inLanguage\":\"es\"},{\"@type\":[\"Organization\",\"Place\"],\"@id\":\"https:\\\/\\\/eco-regalos.com\\\/Colombia\\\/#organization\",\"name\":\"Eco Regalos\",\"url\":\"https:\\\/\\\/eco-regalos.com\\\/Colombia\\\/\",\"logo\":{\"@id\":\"https:\\\/\\\/eco-regalos.com\\\/Colombia\\\/producto\\\/rompecabezas-sembrables-y-germinables-personalizados\\\/#local-main-organization-logo\"},\"image\":{\"@id\":\"https:\\\/\\\/eco-regalos.com\\\/Colombia\\\/producto\\\/rompecabezas-sembrables-y-germinables-personalizados\\\/#local-main-organization-logo\"},\"telephone\":[],\"openingHoursSpecification\":[{\"@type\":\"OpeningHoursSpecification\",\"dayOfWeek\":[\"Sunday\",\"Monday\",\"Tuesday\",\"Wednesday\",\"Thursday\",\"Friday\",\"Saturday\"],\"opens\":\"09:00\",\"closes\":\"17:00\"}]},{\"@type\":\"ImageObject\",\"inLanguage\":\"es\",\"@id\":\"https:\\\/\\\/eco-regalos.com\\\/Colombia\\\/producto\\\/rompecabezas-sembrables-y-germinables-personalizados\\\/#local-main-organization-logo\",\"url\":\"https:\\\/\\\/eco-regalos.com\\\/Colombia\\\/wp-content\\\/uploads\\\/2020\\\/08\\\/logo-2015-con-slogan.jpg\",\"contentUrl\":\"https:\\\/\\\/eco-regalos.com\\\/Colombia\\\/wp-content\\\/uploads\\\/2020\\\/08\\\/logo-2015-con-slogan.jpg\",\"width\":1461,\"height\":1121,\"caption\":\"Eco Regalos\"}]}<\/script>\n<!-- \/ Yoast SEO Premium plugin. -->","yoast_head_json":{"title":"Rompecabezas sembrables y germinables personalizados","description":"Rompecabezas sembrables y germinables personalizados. Regalo en lata ecol\u00f3gica. Conoce nuestro catalogo de regalos novedosos.","robots":{"index":"index","follow":"follow","max-snippet":"max-snippet:-1","max-image-preview":"max-image-preview:large","max-video-preview":"max-video-preview:-1"},"canonical":"https:\/\/eco-regalos.com\/Colombia\/producto\/rompecabezas-sembrables-y-germinables-personalizados\/","og_locale":"es_ES","og_type":"article","og_title":"Rompecabezas sembrables enlatados en ecolata","og_description":"Rompecabezas sembrables y germinables personalizados. Regalo en lata ecol\u00f3gica. Conoce nuestro catalogo de regalos novedosos.","og_url":"https:\/\/eco-regalos.com\/Colombia\/producto\/rompecabezas-sembrables-y-germinables-personalizados\/","og_site_name":"Productos Germinables y papel semilla","article_modified_time":"2026-02-23T15:00:11+00:00","og_image":[{"width":2560,"height":1993,"url":"https:\/\/eco-regalos.com\/Colombia\/wp-content\/uploads\/2026\/02\/IMG_20200813_103523-scaled-1.jpg","type":"image\/jpeg"}],"twitter_card":"summary_large_image","twitter_misc":{"Tiempo de lectura":"3 minutos"},"schema":{"@context":"https:\/\/schema.org","@graph":[{"@type":"WebPage","@id":"https:\/\/eco-regalos.com\/Colombia\/producto\/rompecabezas-sembrables-y-germinables-personalizados\/","url":"https:\/\/eco-regalos.com\/Colombia\/producto\/rompecabezas-sembrables-y-germinables-personalizados\/","name":"Rompecabezas sembrables y germinables personalizados","isPartOf":{"@id":"https:\/\/eco-regalos.com\/Colombia\/#website"},"primaryImageOfPage":{"@id":"https:\/\/eco-regalos.com\/Colombia\/producto\/rompecabezas-sembrables-y-germinables-personalizados\/#primaryimage"},"image":{"@id":"https:\/\/eco-regalos.com\/Colombia\/producto\/rompecabezas-sembrables-y-germinables-personalizados\/#primaryimage"},"thumbnailUrl":"https:\/\/eco-regalos.com\/Colombia\/wp-content\/uploads\/2026\/02\/IMG_20200813_103523-scaled-1.jpg","datePublished":"2018-08-07T17:40:46+00:00","dateModified":"2026-02-23T15:00:11+00:00","description":"Rompecabezas sembrables y germinables personalizados. Regalo en lata ecol\u00f3gica. Conoce nuestro catalogo de regalos novedosos.","breadcrumb":{"@id":"https:\/\/eco-regalos.com\/Colombia\/producto\/rompecabezas-sembrables-y-germinables-personalizados\/#breadcrumb"},"inLanguage":"es","potentialAction":[{"@type":"ReadAction","target":["https:\/\/eco-regalos.com\/Colombia\/producto\/rompecabezas-sembrables-y-germinables-personalizados\/"]}]},{"@type":"ImageObject","inLanguage":"es","@id":"https:\/\/eco-regalos.com\/Colombia\/producto\/rompecabezas-sembrables-y-germinables-personalizados\/#primaryimage","url":"https:\/\/eco-regalos.com\/Colombia\/wp-content\/uploads\/2026\/02\/IMG_20200813_103523-scaled-1.jpg","contentUrl":"https:\/\/eco-regalos.com\/Colombia\/wp-content\/uploads\/2026\/02\/IMG_20200813_103523-scaled-1.jpg","width":2560,"height":1993},{"@type":"BreadcrumbList","@id":"https:\/\/eco-regalos.com\/Colombia\/producto\/rompecabezas-sembrables-y-germinables-personalizados\/#breadcrumb","itemListElement":[{"@type":"ListItem","position":1,"name":"Portada","item":"https:\/\/eco-regalos.com\/Colombia\/"},{"@type":"ListItem","position":2,"name":"Productos germinables para campa\u00f1as ambientalmente responsables","item":"https:\/\/eco-regalos.com\/Colombia\/catalogo_eco_regalos\/"},{"@type":"ListItem","position":3,"name":"Rompecabezas sembrables enlatados en ecolata"}]},{"@type":"WebSite","@id":"https:\/\/eco-regalos.com\/Colombia\/#website","url":"https:\/\/eco-regalos.com\/Colombia\/","name":"Eco Regalos - Merchandising Ecol\u00f3gico","description":"","publisher":{"@id":"https:\/\/eco-regalos.com\/Colombia\/#organization"},"alternateName":"eco-regalos.com","potentialAction":[{"@type":"SearchAction","target":{"@type":"EntryPoint","urlTemplate":"https:\/\/eco-regalos.com\/Colombia\/?s={search_term_string}"},"query-input":{"@type":"PropertyValueSpecification","valueRequired":true,"valueName":"search_term_string"}}],"inLanguage":"es"},{"@type":["Organization","Place"],"@id":"https:\/\/eco-regalos.com\/Colombia\/#organization","name":"Eco Regalos","url":"https:\/\/eco-regalos.com\/Colombia\/","logo":{"@id":"https:\/\/eco-regalos.com\/Colombia\/producto\/rompecabezas-sembrables-y-germinables-personalizados\/#local-main-organization-logo"},"image":{"@id":"https:\/\/eco-regalos.com\/Colombia\/producto\/rompecabezas-sembrables-y-germinables-personalizados\/#local-main-organization-logo"},"telephone":[],"openingHoursSpecification":[{"@type":"OpeningHoursSpecification","dayOfWeek":["Sunday","Monday","Tuesday","Wednesday","Thursday","Friday","Saturday"],"opens":"09:00","closes":"17:00"}]},{"@type":"ImageObject","inLanguage":"es","@id":"https:\/\/eco-regalos.com\/Colombia\/producto\/rompecabezas-sembrables-y-germinables-personalizados\/#local-main-organization-logo","url":"https:\/\/eco-regalos.com\/Colombia\/wp-content\/uploads\/2020\/08\/logo-2015-con-slogan.jpg","contentUrl":"https:\/\/eco-regalos.com\/Colombia\/wp-content\/uploads\/2020\/08\/logo-2015-con-slogan.jpg","width":1461,"height":1121,"caption":"Eco Regalos"}]}},"_links":{"self":[{"href":"https:\/\/eco-regalos.com\/Colombia\/wp-json\/wp\/v2\/product\/399","targetHints":{"allow":["GET"]}}],"collection":[{"href":"https:\/\/eco-regalos.com\/Colombia\/wp-json\/wp\/v2\/product"}],"about":[{"href":"https:\/\/eco-regalos.com\/Colombia\/wp-json\/wp\/v2\/types\/product"}],"replies":[{"embeddable":true,"href":"https:\/\/eco-regalos.com\/Colombia\/wp-json\/wp\/v2\/comments?post=399"}],"wp:featuredmedia":[{"embeddable":true,"href":"https:\/\/eco-regalos.com\/Colombia\/wp-json\/wp\/v2\/media\/7880"}],"wp:attachment":[{"href":"https:\/\/eco-regalos.com\/Colombia\/wp-json\/wp\/v2\/media?parent=399"}],"wp:term":[{"taxonomy":"product_brand","embeddable":true,"href":"https:\/\/eco-regalos.com\/Colombia\/wp-json\/wp\/v2\/product_brand?post=399"},{"taxonomy":"product_cat","embeddable":true,"href":"https:\/\/eco-regalos.com\/Colombia\/wp-json\/wp\/v2\/product_cat?post=399"},{"taxonomy":"product_tag","embeddable":true,"href":"https:\/\/eco-regalos.com\/Colombia\/wp-json\/wp\/v2\/product_tag?post=399"}],"curies":[{"name":"wp","href":"https:\/\/api.w.org\/{rel}","templated":true}]}}