{"id":429,"date":"2018-08-07T13:37:32","date_gmt":"2018-08-07T18:37:32","guid":{"rendered":"http:\/\/eco-regalos.com\/colombia\/?post_type=product&#038;p=429"},"modified":"2026-02-25T00:17:24","modified_gmt":"2026-02-25T05:17:24","slug":"cabeza-de-pasto-personalizado-para-merchandising-ecologico","status":"publish","type":"product","link":"https:\/\/eco-regalos.com\/Colombia\/producto\/cabeza-de-pasto-personalizado-para-merchandising-ecologico\/","title":{"rendered":"Cabeza de pasto personalizado"},"content":{"rendered":"<h4 class=\"otQkpb\" role=\"heading\" aria-level=\"3\" data-complete=\"true\" data-processed=\"true\">Mu\u00f1eco Cabeza de Pasto: Educaci\u00f3n, Emoci\u00f3n y Vida<\/h4>\n<div class=\"Y3BBE\" data-sfc-cp=\"\" data-hveid=\"CAEIBBAA\" data-complete=\"true\" data-processed=\"true\">Transforma la relaci\u00f3n con tus clientes y colaboradores a trav\u00e9s de sentimientos positivos, el aprendizaje con nuestro <strong class=\"Yjhzub\" data-complete=\"true\" data-processed=\"true\">Mu\u00f1eco Cabeza de Pasto, u<\/strong>n desarrollo exclusivo <strong class=\"Yjhzub\" data-complete=\"true\" data-processed=\"true\">de Eco-Regalos\u00ae<\/strong>.<\/div>\n<div data-sfc-cp=\"\" data-hveid=\"CAEIBBAA\" data-complete=\"true\" data-processed=\"true\"><\/div>\n<div class=\"Y3BBE\" data-sfc-cp=\"\" data-hveid=\"CAEIBBAA\" data-complete=\"true\" data-processed=\"true\">Este\u00a0<strong class=\"Yjhzub\" data-complete=\"true\" data-processed=\"true\">biogerminador personalizado<\/strong> es mucho m\u00e1s que un objeto decorativo; es una herramienta educativa que fomenta el cuidado y la <strong class=\"Yjhzub\" data-complete=\"true\" data-processed=\"true\">conexi\u00f3n emocional<\/strong> con la naturaleza, convirti\u00e9ndose en el embajador perfecto de tu marca en hogares y oficinas.<\/div>\n<div data-sfc-cp=\"\" data-hveid=\"CAEIBBAA\" data-complete=\"true\" data-processed=\"true\"><\/div>\n<div class=\"Y3BBE\" data-sfc-cp=\"\" data-hveid=\"CAEIBRAA\" data-processed=\"true\" data-complete=\"true\">Al integrar estos personajes en tus campa\u00f1as, generas una\u00a0<strong class=\"Yjhzub\" data-complete=\"true\" data-processed=\"true\">interacci\u00f3n prolongada<\/strong> inigualable. Ver c\u00f3mo le \u00abcrece el pelo\u00bb tras el riego diario crea una experiencia divertida y memorable<\/div>\n<div class=\"Fsg96\" data-sfc-cp=\"\" data-complete=\"true\" data-processed=\"true\"><\/div>\n<h5 class=\"otQkpb\" role=\"heading\" aria-level=\"3\" data-complete=\"true\" data-processed=\"true\">\u00abPonte la Camiseta\u00bb: Identidad Corporativa con Prop\u00f3sito<\/h5>\n<div class=\"Y3BBE\" data-sfc-cp=\"\" data-hveid=\"CAEIBxAA\" data-complete=\"true\" data-processed=\"true\">Este\u00a0<strong class=\"Yjhzub\" data-complete=\"true\" data-processed=\"true\">Regalo Ecol\u00f3gico Corporativo,<\/strong> es una estrategia ganadora para fortalecer el sentido de pertenencia. Al personalizar la \u00abcamiseta\u00bb del mu\u00f1eco con tu logo, materializas el mensaje de compromiso institucional de una forma creativa y viva.<\/div>\n<div role=\"heading\" aria-level=\"3\" data-animation-nesting=\"\" data-sfc-cp=\"\" data-complete=\"true\" data-processed=\"true\" data-sae=\"\"><\/div>\n<h5 class=\"otQkpb\" role=\"heading\" aria-level=\"3\" data-complete=\"true\" data-processed=\"true\">Caracter\u00edsticas del Biogerminador Eco-Regalos\u00ae<\/h5>\n<ul class=\"KsbFXc U6u95\" data-complete=\"true\" data-processed=\"true\">\n<li class=\"dF3vjf\" data-hveid=\"CAEICRAA\" data-complete=\"true\" data-sae=\"\"><span class=\"T286Pc\" data-sfc-cp=\"\" data-complete=\"true\"><strong class=\"Yjhzub\" data-complete=\"true\">Dise\u00f1o Interactivo:<\/strong>\u00a0Al regar la cabeza, en 1 o 2 semanas comienza a brotar el \u00abpelo\u00bb (planta), que puede ser liso, crespo o en puntas seg\u00fan la especie.<\/span><\/li>\n<li class=\"dF3vjf\" data-hveid=\"CAEICRAB\" data-complete=\"true\" data-sae=\"\"><span class=\"T286Pc\" data-sfc-cp=\"\" data-complete=\"true\"><strong class=\"Yjhzub\" data-complete=\"true\">Experiencia L\u00fadica:<\/strong> Permite cortar, peinar y ver crecer al personaje d\u00eda a d\u00eda, ideal para campa\u00f1as educativas.<\/span><\/li>\n<li data-hveid=\"CAEICRAB\" data-complete=\"true\" data-sae=\"\"><\/li>\n<li class=\"dF3vjf\" data-hveid=\"CAEICRAC\" data-complete=\"true\" data-sae=\"\"><span class=\"T286Pc\" data-sfc-cp=\"\" data-complete=\"true\"><strong class=\"Yjhzub\" data-complete=\"true\">Personalizaci\u00f3n a Medida:<\/strong><\/span>\n<ul class=\"KsbFXc U6u95\" data-complete=\"true\">\n<li class=\"dF3vjf\" data-hveid=\"CAEICRAD\" data-complete=\"true\" data-sae=\"\"><span class=\"T286Pc\" data-sfc-cp=\"\" data-complete=\"true\"><strong class=\"Yjhzub\" data-complete=\"true\">Desde 50 unidades:<\/strong>\u00a0Tu logo o mensaje en la camiseta (Estrategia \u00abPonerse la Camiseta\u00bb).<\/span><\/li>\n<li class=\"dF3vjf\" data-hveid=\"CAEICRAE\" data-complete=\"true\" data-sae=\"\"><span class=\"T286Pc\" data-sfc-cp=\"\" data-complete=\"true\"><strong class=\"Yjhzub\" data-complete=\"true\">Desde 200 unidades:<\/strong>\u00a0Dise\u00f1o 100% personalizado con la forma de tu\u00a0<strong class=\"Yjhzub\" data-complete=\"true\">Dummy o personaje corporativo<\/strong>.<\/span><\/li>\n<\/ul>\n<\/li>\n<li class=\"dF3vjf\" data-hveid=\"CAEICRAF\" data-complete=\"true\" data-sae=\"\"><span class=\"T286Pc\" data-sfc-cp=\"\" data-complete=\"true\"><strong class=\"Yjhzub\" data-complete=\"true\">Impacto Cero Residuos:<\/strong> Materiales biodegradables que respetan el ciclo de la vida.<\/span><\/li>\n<\/ul>\n<div class=\"Fsg96\" data-sfc-cp=\"\" data-complete=\"true\" data-processed=\"true\"><\/div>\n<h5 class=\"otQkpb\" role=\"heading\" aria-level=\"3\" data-complete=\"true\" data-processed=\"true\">El Ciclo del Cuidado: Aprender Sembrando<\/h5>\n<div class=\"Y3BBE\" data-sfc-cp=\"\" data-hveid=\"CAEIDBAA\" data-complete=\"true\" data-processed=\"true\">El\u00a0<strong class=\"Yjhzub\" data-complete=\"true\" data-processed=\"true\">Mu\u00f1eco Cabeza de Pasto<\/strong> ense\u00f1a valores fundamentales:<\/div>\n<ol class=\"IaGLZe VimKh\" data-complete=\"true\" data-processed=\"true\">\n<li class=\"dF3vjf\" data-hveid=\"CAEIDRAA\" data-complete=\"true\" data-sae=\"\"><span class=\"T286Pc\" data-sfc-cp=\"\" data-complete=\"true\"><strong class=\"Yjhzub\" data-complete=\"true\">Riego:<\/strong>\u00a0Estimula la responsabilidad del cuidado diario.<\/span><\/li>\n<li class=\"dF3vjf\" data-hveid=\"CAEIDRAB\" data-complete=\"true\" data-sae=\"\"><span class=\"T286Pc\" data-sfc-cp=\"\" data-complete=\"true\"><strong class=\"Yjhzub\" data-complete=\"true\">Observaci\u00f3n:<\/strong>\u00a0Conecta emocionalmente al usuario con el milagro del crecimiento.<\/span><\/li>\n<li class=\"dF3vjf\" data-hveid=\"CAEIDRAC\" data-complete=\"true\" data-sae=\"\"><span class=\"T286Pc\" data-sfc-cp=\"\" data-complete=\"true\"><strong class=\"Yjhzub\" data-complete=\"true\">Creatividad:<\/strong> Invita a interactuar con la planta mediante cortes de \u00abpelo\u00bb y peinados \u00fanicos.<\/span><\/li>\n<\/ol>\n<div class=\"Fsg96\" data-sfc-cp=\"\" data-complete=\"true\" data-processed=\"true\"><\/div>\n<div class=\"Fsg96\" data-sfc-cp=\"\" data-complete=\"true\" data-processed=\"true\"><\/div>\n<p style=\"text-align: center;\"><strong>ECO-REGALOS SIMILARES<\/strong><\/p>\n<p style=\"text-align: center;\"><a href=\"https:\/\/eco-regalos.com\/movil\/producto\/kit-infantil-de-siembra-mi-primera-huerta-para-cultivar-en-casa\/\">Mi primera huerta<\/a> I<\/p>\n<p style=\"text-align: center;\"><strong><a href=\"http:\/\/caem.org.co\/ConveniosCARCAEM\/huellacarbono\/\">Te invitamos a cuidar el planeta, haz clic y calcula tu huella de carbono para que cada d\u00eda la reduzcas con conciencia.<\/a><\/strong><\/p>\n","protected":false},"excerpt":{"rendered":"<h4 class=\"otQkpb\" role=\"heading\" aria-level=\"3\" data-complete=\"true\" data-processed=\"true\"><strong class=\"Yjhzub\" data-complete=\"true\">Cabeza de Pasto Personalizado: Educaci\u00f3n Ambiental que Cobra Vida.<\/strong><\/h4>\n<div class=\"Y3BBE\" data-sfc-cp=\"\" data-hveid=\"CAEIBBAA\" data-complete=\"true\" data-processed=\"true\">Siembra valores y cosecha el futuro con el\u00a0<strong class=\"Yjhzub\" data-complete=\"true\">biogerminador interactivo<\/strong>\u00a0m\u00e1s divertido del mercado. Nuestra\u00a0<strong class=\"Yjhzub\" data-complete=\"true\">Cabeza de Pasto personalizada<\/strong>\u00a0es mucho m\u00e1s que un regalo; es una\u00a0<strong class=\"Yjhzub\" data-complete=\"true\">herramienta educativa sostenible<\/strong> que ense\u00f1a a los ni\u00f1os la importancia del cuidado del medio ambiente y el ciclo de la vida de una forma creativa y significativa.<\/div>\n","protected":false},"featured_media":7175,"comment_status":"open","ping_status":"closed","template":"","meta":{"_sitemap_exclude":false,"_sitemap_priority":"","_sitemap_frequency":""},"product_brand":[],"product_cat":[584],"product_tag":[],"class_list":{"0":"post-429","1":"product","2":"type-product","3":"status-publish","4":"has-post-thumbnail","6":"product_cat-kits-de-siembra","8":"first","9":"instock","10":"taxable","11":"shipping-taxable","12":"purchasable","13":"product-type-simple"},"yoast_head":"<!-- This site is optimized with the Yoast SEO Premium plugin v27.3 (Yoast SEO v27.3) - https:\/\/yoast.com\/product\/yoast-seo-premium-wordpress\/ -->\n<title>Cabeza de pasto personalizado para merchandising ecologico<\/title>\n<meta name=\"description\" content=\"Cabeza de pasto personalizado para merchandising ecologico. Se entrega personalizado con el log en la camiseta. Agrega agua y crecen plantas.\" \/>\n<meta name=\"robots\" content=\"index, follow, max-snippet:-1, max-image-preview:large, max-video-preview:-1\" \/>\n<link rel=\"canonical\" href=\"https:\/\/eco-regalos.com\/Colombia\/producto\/cabeza-de-pasto-personalizado-para-merchandising-ecologico\/\" \/>\n<meta property=\"og:locale\" content=\"es_ES\" \/>\n<meta property=\"og:type\" content=\"article\" \/>\n<meta property=\"og:title\" content=\"Cabeza de pasto personalizado\" \/>\n<meta property=\"og:description\" content=\"Cabeza de pasto personalizado para merchandising ecologico. Se entrega personalizado con el log en la camiseta. Agrega agua y crecen plantas.\" \/>\n<meta property=\"og:url\" content=\"https:\/\/eco-regalos.com\/Colombia\/producto\/cabeza-de-pasto-personalizado-para-merchandising-ecologico\/\" \/>\n<meta property=\"og:site_name\" content=\"Productos Germinables y papel semilla\" \/>\n<meta property=\"article:modified_time\" content=\"2026-02-25T05:17:24+00:00\" \/>\n<meta property=\"og:image\" content=\"https:\/\/eco-regalos.com\/Colombia\/wp-content\/uploads\/2026\/02\/gr_cabeza_de_pasto3.jpg\" \/>\n\t<meta property=\"og:image:width\" content=\"400\" \/>\n\t<meta property=\"og:image:height\" content=\"300\" \/>\n\t<meta property=\"og:image:type\" content=\"image\/jpeg\" \/>\n<meta name=\"twitter:card\" content=\"summary_large_image\" \/>\n<meta name=\"twitter:label1\" content=\"Tiempo de lectura\" \/>\n\t<meta name=\"twitter:data1\" content=\"2 minutos\" \/>\n<script type=\"application\/ld+json\" class=\"yoast-schema-graph\">{\"@context\":\"https:\\\/\\\/schema.org\",\"@graph\":[{\"@type\":\"WebPage\",\"@id\":\"https:\\\/\\\/eco-regalos.com\\\/Colombia\\\/producto\\\/cabeza-de-pasto-personalizado-para-merchandising-ecologico\\\/\",\"url\":\"https:\\\/\\\/eco-regalos.com\\\/Colombia\\\/producto\\\/cabeza-de-pasto-personalizado-para-merchandising-ecologico\\\/\",\"name\":\"Cabeza de pasto personalizado para merchandising ecologico\",\"isPartOf\":{\"@id\":\"https:\\\/\\\/eco-regalos.com\\\/Colombia\\\/#website\"},\"primaryImageOfPage\":{\"@id\":\"https:\\\/\\\/eco-regalos.com\\\/Colombia\\\/producto\\\/cabeza-de-pasto-personalizado-para-merchandising-ecologico\\\/#primaryimage\"},\"image\":{\"@id\":\"https:\\\/\\\/eco-regalos.com\\\/Colombia\\\/producto\\\/cabeza-de-pasto-personalizado-para-merchandising-ecologico\\\/#primaryimage\"},\"thumbnailUrl\":\"https:\\\/\\\/eco-regalos.com\\\/Colombia\\\/wp-content\\\/uploads\\\/2026\\\/02\\\/gr_cabeza_de_pasto3.jpg\",\"datePublished\":\"2018-08-07T18:37:32+00:00\",\"dateModified\":\"2026-02-25T05:17:24+00:00\",\"description\":\"Cabeza de pasto personalizado para merchandising ecologico. Se entrega personalizado con el log en la camiseta. Agrega agua y crecen plantas.\",\"breadcrumb\":{\"@id\":\"https:\\\/\\\/eco-regalos.com\\\/Colombia\\\/producto\\\/cabeza-de-pasto-personalizado-para-merchandising-ecologico\\\/#breadcrumb\"},\"inLanguage\":\"es\",\"potentialAction\":[{\"@type\":\"ReadAction\",\"target\":[\"https:\\\/\\\/eco-regalos.com\\\/Colombia\\\/producto\\\/cabeza-de-pasto-personalizado-para-merchandising-ecologico\\\/\"]}]},{\"@type\":\"ImageObject\",\"inLanguage\":\"es\",\"@id\":\"https:\\\/\\\/eco-regalos.com\\\/Colombia\\\/producto\\\/cabeza-de-pasto-personalizado-para-merchandising-ecologico\\\/#primaryimage\",\"url\":\"https:\\\/\\\/eco-regalos.com\\\/Colombia\\\/wp-content\\\/uploads\\\/2026\\\/02\\\/gr_cabeza_de_pasto3.jpg\",\"contentUrl\":\"https:\\\/\\\/eco-regalos.com\\\/Colombia\\\/wp-content\\\/uploads\\\/2026\\\/02\\\/gr_cabeza_de_pasto3.jpg\",\"width\":400,\"height\":300},{\"@type\":\"BreadcrumbList\",\"@id\":\"https:\\\/\\\/eco-regalos.com\\\/Colombia\\\/producto\\\/cabeza-de-pasto-personalizado-para-merchandising-ecologico\\\/#breadcrumb\",\"itemListElement\":[{\"@type\":\"ListItem\",\"position\":1,\"name\":\"Portada\",\"item\":\"https:\\\/\\\/eco-regalos.com\\\/Colombia\\\/\"},{\"@type\":\"ListItem\",\"position\":2,\"name\":\"Productos germinables para campa\u00f1as ambientalmente responsables\",\"item\":\"https:\\\/\\\/eco-regalos.com\\\/Colombia\\\/catalogo_eco_regalos\\\/\"},{\"@type\":\"ListItem\",\"position\":3,\"name\":\"Cabeza de pasto personalizado\"}]},{\"@type\":\"WebSite\",\"@id\":\"https:\\\/\\\/eco-regalos.com\\\/Colombia\\\/#website\",\"url\":\"https:\\\/\\\/eco-regalos.com\\\/Colombia\\\/\",\"name\":\"Eco Regalos - Merchandising Ecol\u00f3gico\",\"description\":\"\",\"publisher\":{\"@id\":\"https:\\\/\\\/eco-regalos.com\\\/Colombia\\\/#organization\"},\"alternateName\":\"eco-regalos.com\",\"potentialAction\":[{\"@type\":\"SearchAction\",\"target\":{\"@type\":\"EntryPoint\",\"urlTemplate\":\"https:\\\/\\\/eco-regalos.com\\\/Colombia\\\/?s={search_term_string}\"},\"query-input\":{\"@type\":\"PropertyValueSpecification\",\"valueRequired\":true,\"valueName\":\"search_term_string\"}}],\"inLanguage\":\"es\"},{\"@type\":[\"Organization\",\"Place\"],\"@id\":\"https:\\\/\\\/eco-regalos.com\\\/Colombia\\\/#organization\",\"name\":\"Eco Regalos\",\"url\":\"https:\\\/\\\/eco-regalos.com\\\/Colombia\\\/\",\"logo\":{\"@id\":\"https:\\\/\\\/eco-regalos.com\\\/Colombia\\\/producto\\\/cabeza-de-pasto-personalizado-para-merchandising-ecologico\\\/#local-main-organization-logo\"},\"image\":{\"@id\":\"https:\\\/\\\/eco-regalos.com\\\/Colombia\\\/producto\\\/cabeza-de-pasto-personalizado-para-merchandising-ecologico\\\/#local-main-organization-logo\"},\"telephone\":[],\"openingHoursSpecification\":[{\"@type\":\"OpeningHoursSpecification\",\"dayOfWeek\":[\"Sunday\",\"Monday\",\"Tuesday\",\"Wednesday\",\"Thursday\",\"Friday\",\"Saturday\"],\"opens\":\"09:00\",\"closes\":\"17:00\"}]},{\"@type\":\"ImageObject\",\"inLanguage\":\"es\",\"@id\":\"https:\\\/\\\/eco-regalos.com\\\/Colombia\\\/producto\\\/cabeza-de-pasto-personalizado-para-merchandising-ecologico\\\/#local-main-organization-logo\",\"url\":\"https:\\\/\\\/eco-regalos.com\\\/Colombia\\\/wp-content\\\/uploads\\\/2020\\\/08\\\/logo-2015-con-slogan.jpg\",\"contentUrl\":\"https:\\\/\\\/eco-regalos.com\\\/Colombia\\\/wp-content\\\/uploads\\\/2020\\\/08\\\/logo-2015-con-slogan.jpg\",\"width\":1461,\"height\":1121,\"caption\":\"Eco Regalos\"}]}<\/script>\n<!-- \/ Yoast SEO Premium plugin. -->","yoast_head_json":{"title":"Cabeza de pasto personalizado para merchandising ecologico","description":"Cabeza de pasto personalizado para merchandising ecologico. Se entrega personalizado con el log en la camiseta. Agrega agua y crecen plantas.","robots":{"index":"index","follow":"follow","max-snippet":"max-snippet:-1","max-image-preview":"max-image-preview:large","max-video-preview":"max-video-preview:-1"},"canonical":"https:\/\/eco-regalos.com\/Colombia\/producto\/cabeza-de-pasto-personalizado-para-merchandising-ecologico\/","og_locale":"es_ES","og_type":"article","og_title":"Cabeza de pasto personalizado","og_description":"Cabeza de pasto personalizado para merchandising ecologico. Se entrega personalizado con el log en la camiseta. Agrega agua y crecen plantas.","og_url":"https:\/\/eco-regalos.com\/Colombia\/producto\/cabeza-de-pasto-personalizado-para-merchandising-ecologico\/","og_site_name":"Productos Germinables y papel semilla","article_modified_time":"2026-02-25T05:17:24+00:00","og_image":[{"width":400,"height":300,"url":"https:\/\/eco-regalos.com\/Colombia\/wp-content\/uploads\/2026\/02\/gr_cabeza_de_pasto3.jpg","type":"image\/jpeg"}],"twitter_card":"summary_large_image","twitter_misc":{"Tiempo de lectura":"2 minutos"},"schema":{"@context":"https:\/\/schema.org","@graph":[{"@type":"WebPage","@id":"https:\/\/eco-regalos.com\/Colombia\/producto\/cabeza-de-pasto-personalizado-para-merchandising-ecologico\/","url":"https:\/\/eco-regalos.com\/Colombia\/producto\/cabeza-de-pasto-personalizado-para-merchandising-ecologico\/","name":"Cabeza de pasto personalizado para merchandising ecologico","isPartOf":{"@id":"https:\/\/eco-regalos.com\/Colombia\/#website"},"primaryImageOfPage":{"@id":"https:\/\/eco-regalos.com\/Colombia\/producto\/cabeza-de-pasto-personalizado-para-merchandising-ecologico\/#primaryimage"},"image":{"@id":"https:\/\/eco-regalos.com\/Colombia\/producto\/cabeza-de-pasto-personalizado-para-merchandising-ecologico\/#primaryimage"},"thumbnailUrl":"https:\/\/eco-regalos.com\/Colombia\/wp-content\/uploads\/2026\/02\/gr_cabeza_de_pasto3.jpg","datePublished":"2018-08-07T18:37:32+00:00","dateModified":"2026-02-25T05:17:24+00:00","description":"Cabeza de pasto personalizado para merchandising ecologico. Se entrega personalizado con el log en la camiseta. Agrega agua y crecen plantas.","breadcrumb":{"@id":"https:\/\/eco-regalos.com\/Colombia\/producto\/cabeza-de-pasto-personalizado-para-merchandising-ecologico\/#breadcrumb"},"inLanguage":"es","potentialAction":[{"@type":"ReadAction","target":["https:\/\/eco-regalos.com\/Colombia\/producto\/cabeza-de-pasto-personalizado-para-merchandising-ecologico\/"]}]},{"@type":"ImageObject","inLanguage":"es","@id":"https:\/\/eco-regalos.com\/Colombia\/producto\/cabeza-de-pasto-personalizado-para-merchandising-ecologico\/#primaryimage","url":"https:\/\/eco-regalos.com\/Colombia\/wp-content\/uploads\/2026\/02\/gr_cabeza_de_pasto3.jpg","contentUrl":"https:\/\/eco-regalos.com\/Colombia\/wp-content\/uploads\/2026\/02\/gr_cabeza_de_pasto3.jpg","width":400,"height":300},{"@type":"BreadcrumbList","@id":"https:\/\/eco-regalos.com\/Colombia\/producto\/cabeza-de-pasto-personalizado-para-merchandising-ecologico\/#breadcrumb","itemListElement":[{"@type":"ListItem","position":1,"name":"Portada","item":"https:\/\/eco-regalos.com\/Colombia\/"},{"@type":"ListItem","position":2,"name":"Productos germinables para campa\u00f1as ambientalmente responsables","item":"https:\/\/eco-regalos.com\/Colombia\/catalogo_eco_regalos\/"},{"@type":"ListItem","position":3,"name":"Cabeza de pasto personalizado"}]},{"@type":"WebSite","@id":"https:\/\/eco-regalos.com\/Colombia\/#website","url":"https:\/\/eco-regalos.com\/Colombia\/","name":"Eco Regalos - Merchandising Ecol\u00f3gico","description":"","publisher":{"@id":"https:\/\/eco-regalos.com\/Colombia\/#organization"},"alternateName":"eco-regalos.com","potentialAction":[{"@type":"SearchAction","target":{"@type":"EntryPoint","urlTemplate":"https:\/\/eco-regalos.com\/Colombia\/?s={search_term_string}"},"query-input":{"@type":"PropertyValueSpecification","valueRequired":true,"valueName":"search_term_string"}}],"inLanguage":"es"},{"@type":["Organization","Place"],"@id":"https:\/\/eco-regalos.com\/Colombia\/#organization","name":"Eco Regalos","url":"https:\/\/eco-regalos.com\/Colombia\/","logo":{"@id":"https:\/\/eco-regalos.com\/Colombia\/producto\/cabeza-de-pasto-personalizado-para-merchandising-ecologico\/#local-main-organization-logo"},"image":{"@id":"https:\/\/eco-regalos.com\/Colombia\/producto\/cabeza-de-pasto-personalizado-para-merchandising-ecologico\/#local-main-organization-logo"},"telephone":[],"openingHoursSpecification":[{"@type":"OpeningHoursSpecification","dayOfWeek":["Sunday","Monday","Tuesday","Wednesday","Thursday","Friday","Saturday"],"opens":"09:00","closes":"17:00"}]},{"@type":"ImageObject","inLanguage":"es","@id":"https:\/\/eco-regalos.com\/Colombia\/producto\/cabeza-de-pasto-personalizado-para-merchandising-ecologico\/#local-main-organization-logo","url":"https:\/\/eco-regalos.com\/Colombia\/wp-content\/uploads\/2020\/08\/logo-2015-con-slogan.jpg","contentUrl":"https:\/\/eco-regalos.com\/Colombia\/wp-content\/uploads\/2020\/08\/logo-2015-con-slogan.jpg","width":1461,"height":1121,"caption":"Eco Regalos"}]}},"_links":{"self":[{"href":"https:\/\/eco-regalos.com\/Colombia\/wp-json\/wp\/v2\/product\/429","targetHints":{"allow":["GET"]}}],"collection":[{"href":"https:\/\/eco-regalos.com\/Colombia\/wp-json\/wp\/v2\/product"}],"about":[{"href":"https:\/\/eco-regalos.com\/Colombia\/wp-json\/wp\/v2\/types\/product"}],"replies":[{"embeddable":true,"href":"https:\/\/eco-regalos.com\/Colombia\/wp-json\/wp\/v2\/comments?post=429"}],"wp:featuredmedia":[{"embeddable":true,"href":"https:\/\/eco-regalos.com\/Colombia\/wp-json\/wp\/v2\/media\/7175"}],"wp:attachment":[{"href":"https:\/\/eco-regalos.com\/Colombia\/wp-json\/wp\/v2\/media?parent=429"}],"wp:term":[{"taxonomy":"product_brand","embeddable":true,"href":"https:\/\/eco-regalos.com\/Colombia\/wp-json\/wp\/v2\/product_brand?post=429"},{"taxonomy":"product_cat","embeddable":true,"href":"https:\/\/eco-regalos.com\/Colombia\/wp-json\/wp\/v2\/product_cat?post=429"},{"taxonomy":"product_tag","embeddable":true,"href":"https:\/\/eco-regalos.com\/Colombia\/wp-json\/wp\/v2\/product_tag?post=429"}],"curies":[{"name":"wp","href":"https:\/\/api.w.org\/{rel}","templated":true}]}}