{"id":438,"date":"2018-08-07T13:41:21","date_gmt":"2018-08-07T18:41:21","guid":{"rendered":"http:\/\/eco-regalos.com\/colombia\/?post_type=product&#038;p=438"},"modified":"2026-02-23T09:59:19","modified_gmt":"2026-02-23T14:59:19","slug":"236","status":"publish","type":"product","link":"https:\/\/eco-regalos.com\/Colombia\/producto\/236\/","title":{"rendered":"Edici\u00f3n Limitada: Cabeza de Pasto en Cer\u00e1mica Decorativa. \u00a1\u00daltimas Unidades!"},"content":{"rendered":"<h4 class=\"Y3BBE\" data-hveid=\"CAEIAxAA\" data-complete=\"true\" data-processed=\"true\"><strong class=\"Yjhzub\" data-complete=\"true\" data-processed=\"true\">Edici\u00f3n Limitada: Cabeza de Pasto en Cer\u00e1mica Decorativa. \u00a1\u00daltimas Unidades!<\/strong><\/h4>\n<div data-sfc-cp=\"\" data-hveid=\"CAEIAxAA\" data-complete=\"true\" data-processed=\"true\"><strong class=\"Yjhzub\" data-complete=\"true\" data-processed=\"true\">Pieza de Colecci\u00f3n: La Fusi\u00f3n de Arte y Naturaleza.<\/strong><\/div>\n<div data-sfc-cp=\"\" data-hveid=\"CAEIAxAA\" data-complete=\"true\" data-processed=\"true\">\n<div class=\"Y3BBE\" data-sfc-cp=\"\" data-hveid=\"CAEICBAA\" data-complete=\"true\" data-processed=\"true\">Esta <strong class=\"Yjhzub\" data-complete=\"true\" data-processed=\"true\">edici\u00f3n limitada<\/strong> de la Cabeza de Pasto est\u00e1 dise\u00f1ada para aquellos clientes que buscan algo m\u00e1s que un regalo corporativo: buscan una pieza de colecci\u00f3n.\u00a0 Es un objeto de dise\u00f1o de interiores que, adem\u00e1s de ser est\u00e9tico, ofrece una experiencia viva.<\/div>\n<div data-sfc-cp=\"\" data-hveid=\"CAEICBAA\" data-complete=\"true\" data-processed=\"true\"><\/div>\n<ul class=\"KsbFXc U6u95\" data-complete=\"true\" data-processed=\"true\">\n<li data-hveid=\"CAEIChAA\" data-complete=\"true\" data-sae=\"\"><span class=\"T286Pc\" data-sfc-cp=\"\" data-complete=\"true\"><strong class=\"Yjhzub\" data-complete=\"true\">Dise\u00f1o \u00danico:<\/strong> La disponibilidad de posiciones y el acabado en cer\u00e1mica convierten cada pieza en un objeto de valor.<\/span><\/li>\n<li data-hveid=\"CAEIChAC\" data-complete=\"true\" data-sae=\"\"><span class=\"T286Pc\" data-sfc-cp=\"\" data-complete=\"true\"><strong class=\"Yjhzub\" data-complete=\"true\">Decoraci\u00f3n Sostenible:<\/strong> Dirigido a un p\u00fablico que valora la est\u00e9tica consciente.<\/span><\/li>\n<\/ul>\n<div class=\"Y3BBE\" data-sfc-cp=\"\" data-hveid=\"CAEICxAA\" data-complete=\"true\" data-processed=\"true\" aria-owns=\"action-menu-parent-container\"><\/div>\n<\/div>\n<div data-sfc-cp=\"\" data-hveid=\"CAEIAxAA\" data-complete=\"true\" data-processed=\"true\"><\/div>\n<p style=\"text-align: center;\"><img loading=\"lazy\" decoding=\"async\" loading=\"lazy\" class=\"eco-fade-img\" class=\"alignnone size-medium wp-image-440\" src=\"https:\/\/eco-regalos.com\/movil\/wp-content\/uploads\/2018\/08\/cabeza-de-pasto-con-logo3-300x224.jpg\" alt=\"\" width=\"300\" height=\"224\" srcset=\"https:\/\/eco-regalos.com\/Colombia\/wp-content\/uploads\/2018\/08\/cabeza-de-pasto-con-logo3-300x225.jpg 300w, https:\/\/eco-regalos.com\/Colombia\/wp-content\/uploads\/2018\/08\/cabeza-de-pasto-con-logo3.jpg 400w\" sizes=\"auto, (max-width: 300px) 100vw, 300px\" \/> <img loading=\"lazy\" decoding=\"async\" loading=\"lazy\" class=\"eco-fade-img\" class=\"alignnone size-medium wp-image-1050\" src=\"https:\/\/eco-regalos.com\/movil\/wp-content\/uploads\/2018\/08\/cabeza_de_pasto_ceramica_1-300x221.jpg\" alt=\"\" width=\"300\" height=\"221\" srcset=\"https:\/\/eco-regalos.com\/Colombia\/wp-content\/uploads\/2018\/08\/cabeza_de_pasto_ceramica_1-300x221.jpg 300w, https:\/\/eco-regalos.com\/Colombia\/wp-content\/uploads\/2018\/08\/cabeza_de_pasto_ceramica_1.jpg 400w\" sizes=\"auto, (max-width: 300px) 100vw, 300px\" \/> <img loading=\"lazy\" decoding=\"async\" loading=\"lazy\" class=\"eco-fade-img\" class=\"alignnone size-medium wp-image-1049\" src=\"https:\/\/eco-regalos.com\/movil\/wp-content\/uploads\/2018\/08\/cabeza-de-pasto-nutressa-300x225.jpg\" alt=\"\" width=\"300\" height=\"225\" srcset=\"https:\/\/eco-regalos.com\/Colombia\/wp-content\/uploads\/2018\/08\/cabeza-de-pasto-nutressa-300x225.jpg 300w, https:\/\/eco-regalos.com\/Colombia\/wp-content\/uploads\/2018\/08\/cabeza-de-pasto-nutressa.jpg 400w\" sizes=\"auto, (max-width: 300px) 100vw, 300px\" \/><\/p>\n<p>&nbsp;<\/p>\n<p>Debes consultar disponibilidad de las posiciones del cabeza de pasto.<\/p>\n<ul>\n<li>El pasto comienza su crecimiento en una semana, al crecer se poda con tijeras.<\/li>\n<li>Incluye personalizaci\u00f3n full color en una cara de la caja.<\/li>\n<li>Tampograf\u00eda directa en la cer\u00e1mica (adicional).<\/li>\n<li><strong>Tama\u00f1o<\/strong>: 8 cm de alto o acostado.<\/li>\n<\/ul>\n","protected":false},"excerpt":{"rendered":"<div data-sfc-cp=\"\" data-hveid=\"CAEIBRAA\" data-complete=\"true\" data-processed=\"true\">\n<h4 class=\"Y3BBE\" data-hveid=\"CAEIAxAA\" data-complete=\"true\" data-processed=\"true\"><strong class=\"Yjhzub\" data-complete=\"true\" data-processed=\"true\">Edici\u00f3n Limitada: Cabeza de Pasto en Cer\u00e1mica Decorativa. \u00a1\u00daltimas Unidades!<\/strong><\/h4>\n<\/div>\n<div class=\"Y3BBE\" data-sfc-cp=\"\" data-hveid=\"CAEIBRAA\" data-complete=\"true\" data-processed=\"true\"><strong class=\"Yjhzub\" data-complete=\"true\" data-processed=\"true\">Exclusivo: El Icono de Decoraci\u00f3n Sostenible que no Volver\u00e1.<\/strong><br data-serialized-params=\"[]\" data-complete=\"true\" data-processed=\"true\" \/>Hazte con la\u00a0<strong class=\"Yjhzub\" data-complete=\"true\" data-processed=\"true\">Edici\u00f3n Limitada<\/strong>\u00a0de nuestra Cabeza de Pasto en cer\u00e1mica (8 cm). Un objeto de dise\u00f1o l\u00fadico y decorativo que aporta\u00a0<strong class=\"Yjhzub\" data-complete=\"true\" data-processed=\"true\">bienestar<\/strong>\u00a0y un toque verde a cualquier escritorio. Esta pieza \u00fanica, que cobra vida al regarla, ya no se fabricar\u00e1 m\u00e1s. Es tu \u00faltima oportunidad para adquirir un elemento de\u00a0<strong class=\"Yjhzub\" data-complete=\"true\" data-processed=\"true\">decoraci\u00f3n sostenible<\/strong> que asocia tu marca con la exclusividad y la conciencia ambiental.<\/div>\n<div class=\"Fsg96\" data-sfc-cp=\"\" data-complete=\"true\" data-processed=\"true\"><\/div>\n","protected":false},"featured_media":7159,"comment_status":"open","ping_status":"closed","template":"","meta":{"_sitemap_exclude":false,"_sitemap_priority":"","_sitemap_frequency":""},"product_brand":[],"product_cat":[584],"product_tag":[],"class_list":{"0":"post-438","1":"product","2":"type-product","3":"status-publish","4":"has-post-thumbnail","6":"product_cat-kits-de-siembra","8":"first","9":"instock","10":"taxable","11":"shipping-taxable","12":"purchasable","13":"product-type-simple"},"yoast_head":"<!-- This site is optimized with the Yoast SEO Premium plugin v27.5 (Yoast SEO v27.5) - https:\/\/yoast.com\/product\/yoast-seo-premium-wordpress\/ -->\n<title>Edici\u00f3n Limitada: Cabeza de Pasto en Cer\u00e1mica Decorativa. \u00a1\u00daltimas Unidades! - Merchandising Ecol\u00f3gico<\/title>\n<meta name=\"robots\" content=\"index, follow, max-snippet:-1, max-image-preview:large, max-video-preview:-1\" \/>\n<link rel=\"canonical\" href=\"https:\/\/eco-regalos.com\/Colombia\/producto\/236\/\" \/>\n<meta property=\"og:locale\" content=\"es_ES\" \/>\n<meta property=\"og:type\" content=\"article\" \/>\n<meta property=\"og:title\" content=\"Edici\u00f3n Limitada: Cabeza de Pasto en Cer\u00e1mica Decorativa. \u00a1\u00daltimas Unidades!\" \/>\n<meta property=\"og:description\" content=\"Edici\u00f3n Limitada: Cabeza de Pasto en Cer\u00e1mica Decorativa. \u00a1\u00daltimas Unidades!  Exclusivo: El Icono de Decoraci\u00f3n Sostenible que no Volver\u00e1.Hazte con la\u00a0Edici\u00f3n Limitada\u00a0de nuestra Cabeza de Pasto en cer\u00e1mica (8 cm). Un objeto de dise\u00f1o l\u00fadico y decorativo que aporta\u00a0bienestar\u00a0y un toque verde a cualquier escritorio. Esta pieza \u00fanica, que cobra vida al regarla, ya no se fabricar\u00e1 m\u00e1s. Es tu \u00faltima oportunidad para adquirir un elemento de\u00a0decoraci\u00f3n sostenible que asocia tu marca con la exclusividad y la conciencia ambiental.\" \/>\n<meta property=\"og:url\" content=\"https:\/\/eco-regalos.com\/Colombia\/producto\/236\/\" \/>\n<meta property=\"og:site_name\" content=\"Merchandising Ecol\u00f3gico\" \/>\n<meta property=\"article:modified_time\" content=\"2026-02-23T14:59:19+00:00\" \/>\n<meta property=\"og:image\" content=\"https:\/\/eco-regalos.com\/Colombia\/wp-content\/uploads\/2026\/02\/cabeza-de-pasto-ceramica-con-caja-nutresa-1.jpg\" \/>\n\t<meta property=\"og:image:width\" content=\"400\" \/>\n\t<meta property=\"og:image:height\" content=\"300\" \/>\n\t<meta property=\"og:image:type\" content=\"image\/jpeg\" \/>\n<meta name=\"twitter:card\" content=\"summary_large_image\" \/>\n<meta name=\"twitter:label1\" content=\"Tiempo de lectura\" \/>\n\t<meta name=\"twitter:data1\" content=\"2 minutos\" \/>\n<script type=\"application\/ld+json\" class=\"yoast-schema-graph\">{\"@context\":\"https:\\\/\\\/schema.org\",\"@graph\":[{\"@type\":\"WebPage\",\"@id\":\"https:\\\/\\\/eco-regalos.com\\\/Colombia\\\/producto\\\/236\\\/\",\"url\":\"https:\\\/\\\/eco-regalos.com\\\/Colombia\\\/producto\\\/236\\\/\",\"name\":\"Edici\u00f3n Limitada: Cabeza de Pasto en Cer\u00e1mica Decorativa. \u00a1\u00daltimas Unidades! - Merchandising Ecol\u00f3gico\",\"isPartOf\":{\"@id\":\"https:\\\/\\\/eco-regalos.com\\\/Colombia\\\/#website\"},\"primaryImageOfPage\":{\"@id\":\"https:\\\/\\\/eco-regalos.com\\\/Colombia\\\/producto\\\/236\\\/#primaryimage\"},\"image\":{\"@id\":\"https:\\\/\\\/eco-regalos.com\\\/Colombia\\\/producto\\\/236\\\/#primaryimage\"},\"thumbnailUrl\":\"https:\\\/\\\/eco-regalos.com\\\/Colombia\\\/wp-content\\\/uploads\\\/2026\\\/02\\\/cabeza-de-pasto-ceramica-con-caja-nutresa-1.jpg\",\"datePublished\":\"2018-08-07T18:41:21+00:00\",\"dateModified\":\"2026-02-23T14:59:19+00:00\",\"breadcrumb\":{\"@id\":\"https:\\\/\\\/eco-regalos.com\\\/Colombia\\\/producto\\\/236\\\/#breadcrumb\"},\"inLanguage\":\"es\",\"potentialAction\":[{\"@type\":\"ReadAction\",\"target\":[\"https:\\\/\\\/eco-regalos.com\\\/Colombia\\\/producto\\\/236\\\/\"]}]},{\"@type\":\"ImageObject\",\"inLanguage\":\"es\",\"@id\":\"https:\\\/\\\/eco-regalos.com\\\/Colombia\\\/producto\\\/236\\\/#primaryimage\",\"url\":\"https:\\\/\\\/eco-regalos.com\\\/Colombia\\\/wp-content\\\/uploads\\\/2026\\\/02\\\/cabeza-de-pasto-ceramica-con-caja-nutresa-1.jpg\",\"contentUrl\":\"https:\\\/\\\/eco-regalos.com\\\/Colombia\\\/wp-content\\\/uploads\\\/2026\\\/02\\\/cabeza-de-pasto-ceramica-con-caja-nutresa-1.jpg\",\"width\":400,\"height\":300},{\"@type\":\"BreadcrumbList\",\"@id\":\"https:\\\/\\\/eco-regalos.com\\\/Colombia\\\/producto\\\/236\\\/#breadcrumb\",\"itemListElement\":[{\"@type\":\"ListItem\",\"position\":1,\"name\":\"Portada\",\"item\":\"https:\\\/\\\/eco-regalos.com\\\/Colombia\\\/\"},{\"@type\":\"ListItem\",\"position\":2,\"name\":\"Productos germinables para campa\u00f1as ambientalmente responsables\",\"item\":\"https:\\\/\\\/eco-regalos.com\\\/Colombia\\\/catalogo_eco_regalos\\\/\"},{\"@type\":\"ListItem\",\"position\":3,\"name\":\"Edici\u00f3n Limitada: Cabeza de Pasto en Cer\u00e1mica Decorativa. \u00a1\u00daltimas Unidades!\"}]},{\"@type\":\"WebSite\",\"@id\":\"https:\\\/\\\/eco-regalos.com\\\/Colombia\\\/#website\",\"url\":\"https:\\\/\\\/eco-regalos.com\\\/Colombia\\\/\",\"name\":\"Eco Regalos - Merchandising Ecol\u00f3gico\",\"description\":\"Papel Semilla\",\"publisher\":{\"@id\":\"https:\\\/\\\/eco-regalos.com\\\/Colombia\\\/#organization\"},\"alternateName\":\"eco-regalos.com\",\"potentialAction\":[{\"@type\":\"SearchAction\",\"target\":{\"@type\":\"EntryPoint\",\"urlTemplate\":\"https:\\\/\\\/eco-regalos.com\\\/Colombia\\\/?s={search_term_string}\"},\"query-input\":{\"@type\":\"PropertyValueSpecification\",\"valueRequired\":true,\"valueName\":\"search_term_string\"}}],\"inLanguage\":\"es\"},{\"@type\":[\"Organization\",\"Place\"],\"@id\":\"https:\\\/\\\/eco-regalos.com\\\/Colombia\\\/#organization\",\"name\":\"Eco Regalos\",\"url\":\"https:\\\/\\\/eco-regalos.com\\\/Colombia\\\/\",\"logo\":{\"@id\":\"https:\\\/\\\/eco-regalos.com\\\/Colombia\\\/producto\\\/236\\\/#local-main-organization-logo\"},\"image\":{\"@id\":\"https:\\\/\\\/eco-regalos.com\\\/Colombia\\\/producto\\\/236\\\/#local-main-organization-logo\"},\"telephone\":[],\"openingHoursSpecification\":[{\"@type\":\"OpeningHoursSpecification\",\"dayOfWeek\":[\"Sunday\",\"Monday\",\"Tuesday\",\"Wednesday\",\"Thursday\",\"Friday\",\"Saturday\"],\"opens\":\"09:00\",\"closes\":\"17:00\"}]},{\"@type\":\"ImageObject\",\"inLanguage\":\"es\",\"@id\":\"https:\\\/\\\/eco-regalos.com\\\/Colombia\\\/producto\\\/236\\\/#local-main-organization-logo\",\"url\":\"https:\\\/\\\/eco-regalos.com\\\/Colombia\\\/wp-content\\\/uploads\\\/2020\\\/08\\\/logo-2015-con-slogan.jpg\",\"contentUrl\":\"https:\\\/\\\/eco-regalos.com\\\/Colombia\\\/wp-content\\\/uploads\\\/2020\\\/08\\\/logo-2015-con-slogan.jpg\",\"width\":1461,\"height\":1121,\"caption\":\"Eco Regalos\"}]}<\/script>\n<!-- \/ Yoast SEO Premium plugin. -->","yoast_head_json":{"title":"Edici\u00f3n Limitada: Cabeza de Pasto en Cer\u00e1mica Decorativa. \u00a1\u00daltimas Unidades! - Merchandising Ecol\u00f3gico","robots":{"index":"index","follow":"follow","max-snippet":"max-snippet:-1","max-image-preview":"max-image-preview:large","max-video-preview":"max-video-preview:-1"},"canonical":"https:\/\/eco-regalos.com\/Colombia\/producto\/236\/","og_locale":"es_ES","og_type":"article","og_title":"Edici\u00f3n Limitada: Cabeza de Pasto en Cer\u00e1mica Decorativa. \u00a1\u00daltimas Unidades!","og_description":"Edici\u00f3n Limitada: Cabeza de Pasto en Cer\u00e1mica Decorativa. \u00a1\u00daltimas Unidades!  Exclusivo: El Icono de Decoraci\u00f3n Sostenible que no Volver\u00e1.Hazte con la\u00a0Edici\u00f3n Limitada\u00a0de nuestra Cabeza de Pasto en cer\u00e1mica (8 cm). Un objeto de dise\u00f1o l\u00fadico y decorativo que aporta\u00a0bienestar\u00a0y un toque verde a cualquier escritorio. Esta pieza \u00fanica, que cobra vida al regarla, ya no se fabricar\u00e1 m\u00e1s. Es tu \u00faltima oportunidad para adquirir un elemento de\u00a0decoraci\u00f3n sostenible que asocia tu marca con la exclusividad y la conciencia ambiental.","og_url":"https:\/\/eco-regalos.com\/Colombia\/producto\/236\/","og_site_name":"Merchandising Ecol\u00f3gico","article_modified_time":"2026-02-23T14:59:19+00:00","og_image":[{"width":400,"height":300,"url":"https:\/\/eco-regalos.com\/Colombia\/wp-content\/uploads\/2026\/02\/cabeza-de-pasto-ceramica-con-caja-nutresa-1.jpg","type":"image\/jpeg"}],"twitter_card":"summary_large_image","twitter_misc":{"Tiempo de lectura":"2 minutos"},"schema":{"@context":"https:\/\/schema.org","@graph":[{"@type":"WebPage","@id":"https:\/\/eco-regalos.com\/Colombia\/producto\/236\/","url":"https:\/\/eco-regalos.com\/Colombia\/producto\/236\/","name":"Edici\u00f3n Limitada: Cabeza de Pasto en Cer\u00e1mica Decorativa. \u00a1\u00daltimas Unidades! - Merchandising Ecol\u00f3gico","isPartOf":{"@id":"https:\/\/eco-regalos.com\/Colombia\/#website"},"primaryImageOfPage":{"@id":"https:\/\/eco-regalos.com\/Colombia\/producto\/236\/#primaryimage"},"image":{"@id":"https:\/\/eco-regalos.com\/Colombia\/producto\/236\/#primaryimage"},"thumbnailUrl":"https:\/\/eco-regalos.com\/Colombia\/wp-content\/uploads\/2026\/02\/cabeza-de-pasto-ceramica-con-caja-nutresa-1.jpg","datePublished":"2018-08-07T18:41:21+00:00","dateModified":"2026-02-23T14:59:19+00:00","breadcrumb":{"@id":"https:\/\/eco-regalos.com\/Colombia\/producto\/236\/#breadcrumb"},"inLanguage":"es","potentialAction":[{"@type":"ReadAction","target":["https:\/\/eco-regalos.com\/Colombia\/producto\/236\/"]}]},{"@type":"ImageObject","inLanguage":"es","@id":"https:\/\/eco-regalos.com\/Colombia\/producto\/236\/#primaryimage","url":"https:\/\/eco-regalos.com\/Colombia\/wp-content\/uploads\/2026\/02\/cabeza-de-pasto-ceramica-con-caja-nutresa-1.jpg","contentUrl":"https:\/\/eco-regalos.com\/Colombia\/wp-content\/uploads\/2026\/02\/cabeza-de-pasto-ceramica-con-caja-nutresa-1.jpg","width":400,"height":300},{"@type":"BreadcrumbList","@id":"https:\/\/eco-regalos.com\/Colombia\/producto\/236\/#breadcrumb","itemListElement":[{"@type":"ListItem","position":1,"name":"Portada","item":"https:\/\/eco-regalos.com\/Colombia\/"},{"@type":"ListItem","position":2,"name":"Productos germinables para campa\u00f1as ambientalmente responsables","item":"https:\/\/eco-regalos.com\/Colombia\/catalogo_eco_regalos\/"},{"@type":"ListItem","position":3,"name":"Edici\u00f3n Limitada: Cabeza de Pasto en Cer\u00e1mica Decorativa. \u00a1\u00daltimas Unidades!"}]},{"@type":"WebSite","@id":"https:\/\/eco-regalos.com\/Colombia\/#website","url":"https:\/\/eco-regalos.com\/Colombia\/","name":"Eco Regalos - Merchandising Ecol\u00f3gico","description":"Papel Semilla","publisher":{"@id":"https:\/\/eco-regalos.com\/Colombia\/#organization"},"alternateName":"eco-regalos.com","potentialAction":[{"@type":"SearchAction","target":{"@type":"EntryPoint","urlTemplate":"https:\/\/eco-regalos.com\/Colombia\/?s={search_term_string}"},"query-input":{"@type":"PropertyValueSpecification","valueRequired":true,"valueName":"search_term_string"}}],"inLanguage":"es"},{"@type":["Organization","Place"],"@id":"https:\/\/eco-regalos.com\/Colombia\/#organization","name":"Eco Regalos","url":"https:\/\/eco-regalos.com\/Colombia\/","logo":{"@id":"https:\/\/eco-regalos.com\/Colombia\/producto\/236\/#local-main-organization-logo"},"image":{"@id":"https:\/\/eco-regalos.com\/Colombia\/producto\/236\/#local-main-organization-logo"},"telephone":[],"openingHoursSpecification":[{"@type":"OpeningHoursSpecification","dayOfWeek":["Sunday","Monday","Tuesday","Wednesday","Thursday","Friday","Saturday"],"opens":"09:00","closes":"17:00"}]},{"@type":"ImageObject","inLanguage":"es","@id":"https:\/\/eco-regalos.com\/Colombia\/producto\/236\/#local-main-organization-logo","url":"https:\/\/eco-regalos.com\/Colombia\/wp-content\/uploads\/2020\/08\/logo-2015-con-slogan.jpg","contentUrl":"https:\/\/eco-regalos.com\/Colombia\/wp-content\/uploads\/2020\/08\/logo-2015-con-slogan.jpg","width":1461,"height":1121,"caption":"Eco Regalos"}]}},"_links":{"self":[{"href":"https:\/\/eco-regalos.com\/Colombia\/wp-json\/wp\/v2\/product\/438","targetHints":{"allow":["GET"]}}],"collection":[{"href":"https:\/\/eco-regalos.com\/Colombia\/wp-json\/wp\/v2\/product"}],"about":[{"href":"https:\/\/eco-regalos.com\/Colombia\/wp-json\/wp\/v2\/types\/product"}],"replies":[{"embeddable":true,"href":"https:\/\/eco-regalos.com\/Colombia\/wp-json\/wp\/v2\/comments?post=438"}],"wp:featuredmedia":[{"embeddable":true,"href":"https:\/\/eco-regalos.com\/Colombia\/wp-json\/wp\/v2\/media\/7159"}],"wp:attachment":[{"href":"https:\/\/eco-regalos.com\/Colombia\/wp-json\/wp\/v2\/media?parent=438"}],"wp:term":[{"taxonomy":"product_brand","embeddable":true,"href":"https:\/\/eco-regalos.com\/Colombia\/wp-json\/wp\/v2\/product_brand?post=438"},{"taxonomy":"product_cat","embeddable":true,"href":"https:\/\/eco-regalos.com\/Colombia\/wp-json\/wp\/v2\/product_cat?post=438"},{"taxonomy":"product_tag","embeddable":true,"href":"https:\/\/eco-regalos.com\/Colombia\/wp-json\/wp\/v2\/product_tag?post=438"}],"curies":[{"name":"wp","href":"https:\/\/api.w.org\/{rel}","templated":true}]}}