{"id":4525,"date":"2021-10-09T11:01:27","date_gmt":"2021-10-09T16:01:27","guid":{"rendered":"http:\/\/eco-regalos.com\/colombia\/?post_type=product&#038;p=4525"},"modified":"2026-02-25T00:59:24","modified_gmt":"2026-02-25T05:59:24","slug":"bonsai-en-matera-de-barro-con-medallon-de-madera-marcado","status":"publish","type":"product","link":"https:\/\/eco-regalos.com\/Colombia\/producto\/bonsai-en-matera-de-barro-con-medallon-de-madera-marcado\/","title":{"rendered":"Bons\u00e1i en matera de barro con guacal"},"content":{"rendered":"<h4><strong class=\"Yjhzub\" data-complete=\"true\" data-processed=\"true\" aria-owns=\"action-menu-parent-container\">Bons\u00e1i en Matera de Barro: Regalo Corporativo Sostenible y Vivo<\/strong><\/h4>\n<h5 class=\"Y3BBE\" data-hveid=\"CAEICBAA\" data-complete=\"true\" data-processed=\"true\"><strong class=\"Yjhzub\" data-complete=\"true\" data-processed=\"true\" aria-owns=\"action-menu-parent-container\">Bons\u00e1i Personalizado: La Experiencia de Cuidado que Fortalece tu Marca<\/strong><\/h5>\n<div class=\"Y3BBE\" data-sfc-cp=\"\" data-hveid=\"CAEICRAA\" data-complete=\"true\" data-processed=\"true\">Un <strong>bons\u00e1i<\/strong> no es un objeto; es una promesa de\u00a0<strong class=\"Yjhzub\" data-complete=\"true\" data-processed=\"true\">sostenibilidad y cuidado<\/strong>. Este <strong>regalo ecol\u00f3gico<\/strong> especial genera una conexi\u00f3n emocional \u00fanica entre el \u00e1rbol y su due\u00f1o, asegurando una recordaci\u00f3n de marca que perdura por a\u00f1os, no d\u00edas.<\/div>\n<div style=\"text-align: center;\" data-sfc-cp=\"\" data-hveid=\"CAEICRAA\" data-complete=\"true\" data-processed=\"true\">\n<figure id=\"attachment_4475\" aria-describedby=\"caption-attachment-4475\" style=\"width: 300px\" class=\"wp-caption aligncenter\"><a href=\"https:\/\/eco-regalos.com\/movil\/wp-content\/uploads\/2021\/09\/carbonero.jpg\"><img loading=\"lazy\" decoding=\"async\" loading=\"lazy\" class=\"eco-fade-img\" class=\"wp-image-4475 size-medium\" title=\"Bonsai en matera de barro\" src=\"https:\/\/eco-regalos.com\/Colombia\/wp-content\/uploads\/2021\/09\/carbonero-300x231.jpg\" alt=\"Bonsai para Regalos Corporativos\" width=\"300\" height=\"231\" srcset=\"https:\/\/eco-regalos.com\/Colombia\/wp-content\/uploads\/2021\/09\/carbonero-300x231.jpg 300w, https:\/\/eco-regalos.com\/Colombia\/wp-content\/uploads\/2021\/09\/carbonero.jpg 400w\" sizes=\"auto, (max-width: 300px) 100vw, 300px\" \/><\/a><figcaption id=\"caption-attachment-4475\" class=\"wp-caption-text\"><strong>Bonsai para Regalos Corporativos<\/strong><\/figcaption><\/figure>\n<\/div>\n<div data-sfc-cp=\"\" data-hveid=\"CAEICRAA\" data-complete=\"true\" data-processed=\"true\"><\/div>\n<h5 class=\"Y3BBE\" data-hveid=\"CAEIChAA\" data-complete=\"true\" data-processed=\"true\"><strong class=\"Yjhzub\" data-complete=\"true\" data-processed=\"true\">Beneficios Clave para tu Estrategia de Marca Responsable:<\/strong><\/h5>\n<ul class=\"KsbFXc U6u95\" data-complete=\"true\" data-processed=\"true\">\n<li data-hveid=\"CAEICxAA\" data-complete=\"true\" data-sae=\"\"><span class=\"T286Pc\" data-sfc-cp=\"\" data-complete=\"true\"><strong class=\"Yjhzub\" data-complete=\"true\">Sostenibilidad y Medioambiente:<\/strong>\u00a0Utilizamos materiales 100% naturales. La matera de barro cocido y el guacal de transporte en madera de pino son empaques ecol\u00f3gicos y funcionales.<\/span><\/li>\n<li data-hveid=\"CAEICxAA\" data-complete=\"true\" data-sae=\"\"><\/li>\n<li data-hveid=\"CAEICxAB\" data-complete=\"true\" data-sae=\"\"><span class=\"T286Pc\" data-sfc-cp=\"\" data-complete=\"true\"><strong class=\"Yjhzub\" data-complete=\"true\">Bienestar y Salud:<\/strong>\u00a0La pr\u00e1ctica del cuidado del bons\u00e1i (arte milenario) genera una experiencia personal que brinda calma,\u00a0<strong class=\"Yjhzub\" data-complete=\"true\">bienestar<\/strong>\u00a0y salud mental, atributos que tu marca adoptar\u00e1.<\/span><\/li>\n<li data-hveid=\"CAEICxAB\" data-complete=\"true\" data-sae=\"\"><\/li>\n<li data-hveid=\"CAEICxAC\" data-complete=\"true\" data-sae=\"\"><span class=\"T286Pc\" data-sfc-cp=\"\" data-complete=\"true\"><strong class=\"Yjhzub\" data-complete=\"true\">Log\u00edstica Inteligente:<\/strong> El guacal de pino tiene un dise\u00f1o original y pr\u00e1ctico, avalado por todas las empresas transportadoras, garantizando la entrega perfecta en todo el territorio nacional.<\/span><\/li>\n<li data-hveid=\"CAEICxAC\" data-complete=\"true\" data-sae=\"\"><\/li>\n<\/ul>\n<h5 class=\"Y3BBE\" data-hveid=\"CAEIDBAA\" data-complete=\"true\" data-processed=\"true\"><strong class=\"Yjhzub\" data-complete=\"true\" data-processed=\"true\">Detalles del regalo ecol\u00f3gico:<\/strong><\/h5>\n<ul class=\"KsbFXc U6u95\" data-complete=\"true\" data-processed=\"true\">\n<li data-hveid=\"CAEIDRAA\" data-complete=\"true\" data-sae=\"\"><span class=\"T286Pc\" data-sfc-cp=\"\" data-complete=\"true\"><strong class=\"Yjhzub\" data-complete=\"true\">Especies Disponibles:<\/strong>\u00a0Guayac\u00e1n, Carbonero, Pino y otras especies nativas.<\/span><\/li>\n<li data-hveid=\"CAEIDRAB\" data-complete=\"true\" data-sae=\"\"><span class=\"T286Pc\" data-sfc-cp=\"\" data-complete=\"true\"><strong class=\"Yjhzub\" data-complete=\"true\">Personalizaci\u00f3n Premium:<\/strong>\u00a0Incluye un medall\u00f3n de madera adherido con tu logo grabado en l\u00e1ser (a partir de 12 unidades).<\/span><\/li>\n<li data-hveid=\"CAEIDRAC\" data-complete=\"true\" data-sae=\"\"><span class=\"T286Pc\" data-sfc-cp=\"\" data-complete=\"true\"><strong class=\"Yjhzub\" data-complete=\"true\">Tama\u00f1o:<\/strong> 25 cm aproximadamente.<\/span><\/li>\n<li data-hveid=\"CAEIDRAC\" data-complete=\"true\" data-sae=\"\"><\/li>\n<\/ul>\n<div class=\"Y3BBE\" data-sfc-cp=\"\" data-hveid=\"CAEIDhAA\" data-complete=\"true\" data-processed=\"true\"><strong class=\"Yjhzub\" data-complete=\"true\" data-processed=\"true\">\u00a1Regalar un bons\u00e1i es regalar una experiencia de vida y un compromiso tangible con un futuro m\u00e1s verde!<\/strong><\/div>\n<div class=\"Fsg96\" data-sfc-cp=\"\" data-complete=\"true\" data-processed=\"true\"><\/div>\n\n<h5>OPCI\u00d3N <a href=\"https:\/\/eco-regalos.com\/movil\/los-5-mejores-regalos-ecologicos-para-regalar-en-toda-ocasion\/\">eco regalos \u00ae<\/a> SIMILARES<\/h5>\n<p style=\"text-align: center;\">Los bons\u00e1i se encuentran disponibles tambi\u00e9n en<strong>\u00a0bonsai<\/strong> tama\u00f1o: 35 cm &#8211; 45 cm aprox.<\/p>\n","protected":false},"excerpt":{"rendered":"<h4 data-hveid=\"CAEIBRAA\" data-complete=\"true\" data-processed=\"true\"><strong class=\"Yjhzub\" data-complete=\"true\" data-processed=\"true\" aria-owns=\"action-menu-parent-container\">Bons\u00e1i en Matera de Barro: Regalo Corporativo Sostenible y Vivo<\/strong><\/h4>\n<div class=\"Y3BBE\" data-sfc-cp=\"\" data-hveid=\"CAEIBRAA\" data-complete=\"true\" data-processed=\"true\">Regala vida y permanencia con nuestro exclusivo\u00a0<strong class=\"Yjhzub\" data-complete=\"true\" data-processed=\"true\">Bons\u00e1i en Matera de Barro<\/strong>. Un <b>regalos ecol\u00f3gico corporativo<\/b>\u00a0responsable, ideal para fortalecer la\u00a0<strong class=\"Yjhzub\" data-complete=\"true\" data-processed=\"true\">reputaci\u00f3n de marca<\/strong>\u00a0y el\u00a0<strong class=\"Yjhzub\" data-complete=\"true\" data-processed=\"true\">bienestar<\/strong> de tus clientes. I<\/div>\n<div class=\"Y3BBE\" data-sfc-cp=\"\" data-hveid=\"CAEIBRAA\" data-complete=\"true\" data-processed=\"true\">ncluye especies como Guayac\u00e1n, sembrado en matera de barro cocido y presentado en un <strong class=\"Yjhzub\" data-complete=\"true\" data-processed=\"true\">guacal de pino<\/strong> para transporte seguro a nivel nacional.<\/div>\n<div class=\"Y3BBE\" data-sfc-cp=\"\" data-hveid=\"CAEIBRAA\" data-complete=\"true\" data-processed=\"true\">Personaliza el medall\u00f3n de madera con tu logo y asocia tu marca con la naturaleza y el crecimiento a largo plazo.<\/div>\n<div class=\"Fsg96\" data-sfc-cp=\"\" data-complete=\"true\" data-processed=\"true\"><\/div>\n","protected":false},"featured_media":7107,"comment_status":"open","ping_status":"closed","template":"","meta":{"_sitemap_exclude":false,"_sitemap_priority":"","_sitemap_frequency":""},"product_brand":[],"product_cat":[582],"product_tag":[],"class_list":{"0":"post-4525","1":"product","2":"type-product","3":"status-publish","4":"has-post-thumbnail","6":"product_cat-bonsai-y-plantas-vivas","8":"first","9":"instock","10":"taxable","11":"shipping-taxable","12":"purchasable","13":"product-type-simple"},"yoast_head":"<!-- This site is optimized with the Yoast SEO Premium plugin v27.4 (Yoast SEO v27.4) - https:\/\/yoast.com\/product\/yoast-seo-premium-wordpress\/ -->\n<title>Bonsai en matera de barro con medall\u00f3n de madera marcado.<\/title>\n<meta name=\"description\" content=\"Bonsai en matera de barro con medall\u00f3n de madera marcado con logo para regalos corporativos. Guayac\u00e1n, Carbonero, Caucho, Cedro y otros.\" \/>\n<meta name=\"robots\" content=\"index, follow, max-snippet:-1, max-image-preview:large, max-video-preview:-1\" \/>\n<link rel=\"canonical\" href=\"https:\/\/eco-regalos.com\/Colombia\/producto\/bonsai-en-matera-de-barro-con-medallon-de-madera-marcado\/\" \/>\n<meta property=\"og:locale\" content=\"es_ES\" \/>\n<meta property=\"og:type\" content=\"article\" \/>\n<meta property=\"og:title\" content=\"Bons\u00e1i en matera de barro con guacal\" \/>\n<meta property=\"og:description\" content=\"Bonsai en matera de barro con medall\u00f3n de madera marcado con logo para regalos corporativos. Guayac\u00e1n, Carbonero, Caucho, Cedro y otros.\" \/>\n<meta property=\"og:url\" content=\"https:\/\/eco-regalos.com\/Colombia\/producto\/bonsai-en-matera-de-barro-con-medallon-de-madera-marcado\/\" \/>\n<meta property=\"og:site_name\" content=\"Productos Germinables y papel semilla\" \/>\n<meta property=\"article:modified_time\" content=\"2026-02-25T05:59:24+00:00\" \/>\n<meta property=\"og:image\" content=\"https:\/\/eco-regalos.com\/Colombia\/wp-content\/uploads\/2026\/02\/bonsai-personalizado_regalo_ecologico-corporativo-arbol-navidad.png\" \/>\n\t<meta property=\"og:image:width\" content=\"400\" \/>\n\t<meta property=\"og:image:height\" content=\"340\" \/>\n\t<meta property=\"og:image:type\" content=\"image\/png\" \/>\n<meta name=\"twitter:card\" content=\"summary_large_image\" \/>\n<meta name=\"twitter:label1\" content=\"Tiempo de lectura\" \/>\n\t<meta name=\"twitter:data1\" content=\"2 minutos\" \/>\n<script type=\"application\/ld+json\" class=\"yoast-schema-graph\">{\"@context\":\"https:\\\/\\\/schema.org\",\"@graph\":[{\"@type\":\"WebPage\",\"@id\":\"https:\\\/\\\/eco-regalos.com\\\/Colombia\\\/producto\\\/bonsai-en-matera-de-barro-con-medallon-de-madera-marcado\\\/\",\"url\":\"https:\\\/\\\/eco-regalos.com\\\/Colombia\\\/producto\\\/bonsai-en-matera-de-barro-con-medallon-de-madera-marcado\\\/\",\"name\":\"Bonsai en matera de barro con medall\u00f3n de madera marcado.\",\"isPartOf\":{\"@id\":\"https:\\\/\\\/eco-regalos.com\\\/Colombia\\\/#website\"},\"primaryImageOfPage\":{\"@id\":\"https:\\\/\\\/eco-regalos.com\\\/Colombia\\\/producto\\\/bonsai-en-matera-de-barro-con-medallon-de-madera-marcado\\\/#primaryimage\"},\"image\":{\"@id\":\"https:\\\/\\\/eco-regalos.com\\\/Colombia\\\/producto\\\/bonsai-en-matera-de-barro-con-medallon-de-madera-marcado\\\/#primaryimage\"},\"thumbnailUrl\":\"https:\\\/\\\/eco-regalos.com\\\/Colombia\\\/wp-content\\\/uploads\\\/2026\\\/02\\\/bonsai-personalizado_regalo_ecologico-corporativo-arbol-navidad.png\",\"datePublished\":\"2021-10-09T16:01:27+00:00\",\"dateModified\":\"2026-02-25T05:59:24+00:00\",\"description\":\"Bonsai en matera de barro con medall\u00f3n de madera marcado con logo para regalos corporativos. Guayac\u00e1n, Carbonero, Caucho, Cedro y otros.\",\"breadcrumb\":{\"@id\":\"https:\\\/\\\/eco-regalos.com\\\/Colombia\\\/producto\\\/bonsai-en-matera-de-barro-con-medallon-de-madera-marcado\\\/#breadcrumb\"},\"inLanguage\":\"es\",\"potentialAction\":[{\"@type\":\"ReadAction\",\"target\":[\"https:\\\/\\\/eco-regalos.com\\\/Colombia\\\/producto\\\/bonsai-en-matera-de-barro-con-medallon-de-madera-marcado\\\/\"]}]},{\"@type\":\"ImageObject\",\"inLanguage\":\"es\",\"@id\":\"https:\\\/\\\/eco-regalos.com\\\/Colombia\\\/producto\\\/bonsai-en-matera-de-barro-con-medallon-de-madera-marcado\\\/#primaryimage\",\"url\":\"https:\\\/\\\/eco-regalos.com\\\/Colombia\\\/wp-content\\\/uploads\\\/2026\\\/02\\\/bonsai-personalizado_regalo_ecologico-corporativo-arbol-navidad.png\",\"contentUrl\":\"https:\\\/\\\/eco-regalos.com\\\/Colombia\\\/wp-content\\\/uploads\\\/2026\\\/02\\\/bonsai-personalizado_regalo_ecologico-corporativo-arbol-navidad.png\",\"width\":400,\"height\":340},{\"@type\":\"BreadcrumbList\",\"@id\":\"https:\\\/\\\/eco-regalos.com\\\/Colombia\\\/producto\\\/bonsai-en-matera-de-barro-con-medallon-de-madera-marcado\\\/#breadcrumb\",\"itemListElement\":[{\"@type\":\"ListItem\",\"position\":1,\"name\":\"Portada\",\"item\":\"https:\\\/\\\/eco-regalos.com\\\/Colombia\\\/\"},{\"@type\":\"ListItem\",\"position\":2,\"name\":\"Productos germinables para campa\u00f1as ambientalmente responsables\",\"item\":\"https:\\\/\\\/eco-regalos.com\\\/Colombia\\\/catalogo_eco_regalos\\\/\"},{\"@type\":\"ListItem\",\"position\":3,\"name\":\"Bons\u00e1i en matera de barro con guacal\"}]},{\"@type\":\"WebSite\",\"@id\":\"https:\\\/\\\/eco-regalos.com\\\/Colombia\\\/#website\",\"url\":\"https:\\\/\\\/eco-regalos.com\\\/Colombia\\\/\",\"name\":\"Eco Regalos - Merchandising Ecol\u00f3gico\",\"description\":\"\",\"publisher\":{\"@id\":\"https:\\\/\\\/eco-regalos.com\\\/Colombia\\\/#organization\"},\"alternateName\":\"eco-regalos.com\",\"potentialAction\":[{\"@type\":\"SearchAction\",\"target\":{\"@type\":\"EntryPoint\",\"urlTemplate\":\"https:\\\/\\\/eco-regalos.com\\\/Colombia\\\/?s={search_term_string}\"},\"query-input\":{\"@type\":\"PropertyValueSpecification\",\"valueRequired\":true,\"valueName\":\"search_term_string\"}}],\"inLanguage\":\"es\"},{\"@type\":[\"Organization\",\"Place\"],\"@id\":\"https:\\\/\\\/eco-regalos.com\\\/Colombia\\\/#organization\",\"name\":\"Eco Regalos\",\"url\":\"https:\\\/\\\/eco-regalos.com\\\/Colombia\\\/\",\"logo\":{\"@id\":\"https:\\\/\\\/eco-regalos.com\\\/Colombia\\\/producto\\\/bonsai-en-matera-de-barro-con-medallon-de-madera-marcado\\\/#local-main-organization-logo\"},\"image\":{\"@id\":\"https:\\\/\\\/eco-regalos.com\\\/Colombia\\\/producto\\\/bonsai-en-matera-de-barro-con-medallon-de-madera-marcado\\\/#local-main-organization-logo\"},\"telephone\":[],\"openingHoursSpecification\":[{\"@type\":\"OpeningHoursSpecification\",\"dayOfWeek\":[\"Sunday\",\"Monday\",\"Tuesday\",\"Wednesday\",\"Thursday\",\"Friday\",\"Saturday\"],\"opens\":\"09:00\",\"closes\":\"17:00\"}]},{\"@type\":\"ImageObject\",\"inLanguage\":\"es\",\"@id\":\"https:\\\/\\\/eco-regalos.com\\\/Colombia\\\/producto\\\/bonsai-en-matera-de-barro-con-medallon-de-madera-marcado\\\/#local-main-organization-logo\",\"url\":\"https:\\\/\\\/eco-regalos.com\\\/Colombia\\\/wp-content\\\/uploads\\\/2020\\\/08\\\/logo-2015-con-slogan.jpg\",\"contentUrl\":\"https:\\\/\\\/eco-regalos.com\\\/Colombia\\\/wp-content\\\/uploads\\\/2020\\\/08\\\/logo-2015-con-slogan.jpg\",\"width\":1461,\"height\":1121,\"caption\":\"Eco Regalos\"}]}<\/script>\n<!-- \/ Yoast SEO Premium plugin. -->","yoast_head_json":{"title":"Bonsai en matera de barro con medall\u00f3n de madera marcado.","description":"Bonsai en matera de barro con medall\u00f3n de madera marcado con logo para regalos corporativos. Guayac\u00e1n, Carbonero, Caucho, Cedro y otros.","robots":{"index":"index","follow":"follow","max-snippet":"max-snippet:-1","max-image-preview":"max-image-preview:large","max-video-preview":"max-video-preview:-1"},"canonical":"https:\/\/eco-regalos.com\/Colombia\/producto\/bonsai-en-matera-de-barro-con-medallon-de-madera-marcado\/","og_locale":"es_ES","og_type":"article","og_title":"Bons\u00e1i en matera de barro con guacal","og_description":"Bonsai en matera de barro con medall\u00f3n de madera marcado con logo para regalos corporativos. Guayac\u00e1n, Carbonero, Caucho, Cedro y otros.","og_url":"https:\/\/eco-regalos.com\/Colombia\/producto\/bonsai-en-matera-de-barro-con-medallon-de-madera-marcado\/","og_site_name":"Productos Germinables y papel semilla","article_modified_time":"2026-02-25T05:59:24+00:00","og_image":[{"width":400,"height":340,"url":"https:\/\/eco-regalos.com\/Colombia\/wp-content\/uploads\/2026\/02\/bonsai-personalizado_regalo_ecologico-corporativo-arbol-navidad.png","type":"image\/png"}],"twitter_card":"summary_large_image","twitter_misc":{"Tiempo de lectura":"2 minutos"},"schema":{"@context":"https:\/\/schema.org","@graph":[{"@type":"WebPage","@id":"https:\/\/eco-regalos.com\/Colombia\/producto\/bonsai-en-matera-de-barro-con-medallon-de-madera-marcado\/","url":"https:\/\/eco-regalos.com\/Colombia\/producto\/bonsai-en-matera-de-barro-con-medallon-de-madera-marcado\/","name":"Bonsai en matera de barro con medall\u00f3n de madera marcado.","isPartOf":{"@id":"https:\/\/eco-regalos.com\/Colombia\/#website"},"primaryImageOfPage":{"@id":"https:\/\/eco-regalos.com\/Colombia\/producto\/bonsai-en-matera-de-barro-con-medallon-de-madera-marcado\/#primaryimage"},"image":{"@id":"https:\/\/eco-regalos.com\/Colombia\/producto\/bonsai-en-matera-de-barro-con-medallon-de-madera-marcado\/#primaryimage"},"thumbnailUrl":"https:\/\/eco-regalos.com\/Colombia\/wp-content\/uploads\/2026\/02\/bonsai-personalizado_regalo_ecologico-corporativo-arbol-navidad.png","datePublished":"2021-10-09T16:01:27+00:00","dateModified":"2026-02-25T05:59:24+00:00","description":"Bonsai en matera de barro con medall\u00f3n de madera marcado con logo para regalos corporativos. Guayac\u00e1n, Carbonero, Caucho, Cedro y otros.","breadcrumb":{"@id":"https:\/\/eco-regalos.com\/Colombia\/producto\/bonsai-en-matera-de-barro-con-medallon-de-madera-marcado\/#breadcrumb"},"inLanguage":"es","potentialAction":[{"@type":"ReadAction","target":["https:\/\/eco-regalos.com\/Colombia\/producto\/bonsai-en-matera-de-barro-con-medallon-de-madera-marcado\/"]}]},{"@type":"ImageObject","inLanguage":"es","@id":"https:\/\/eco-regalos.com\/Colombia\/producto\/bonsai-en-matera-de-barro-con-medallon-de-madera-marcado\/#primaryimage","url":"https:\/\/eco-regalos.com\/Colombia\/wp-content\/uploads\/2026\/02\/bonsai-personalizado_regalo_ecologico-corporativo-arbol-navidad.png","contentUrl":"https:\/\/eco-regalos.com\/Colombia\/wp-content\/uploads\/2026\/02\/bonsai-personalizado_regalo_ecologico-corporativo-arbol-navidad.png","width":400,"height":340},{"@type":"BreadcrumbList","@id":"https:\/\/eco-regalos.com\/Colombia\/producto\/bonsai-en-matera-de-barro-con-medallon-de-madera-marcado\/#breadcrumb","itemListElement":[{"@type":"ListItem","position":1,"name":"Portada","item":"https:\/\/eco-regalos.com\/Colombia\/"},{"@type":"ListItem","position":2,"name":"Productos germinables para campa\u00f1as ambientalmente responsables","item":"https:\/\/eco-regalos.com\/Colombia\/catalogo_eco_regalos\/"},{"@type":"ListItem","position":3,"name":"Bons\u00e1i en matera de barro con guacal"}]},{"@type":"WebSite","@id":"https:\/\/eco-regalos.com\/Colombia\/#website","url":"https:\/\/eco-regalos.com\/Colombia\/","name":"Eco Regalos - Merchandising Ecol\u00f3gico","description":"","publisher":{"@id":"https:\/\/eco-regalos.com\/Colombia\/#organization"},"alternateName":"eco-regalos.com","potentialAction":[{"@type":"SearchAction","target":{"@type":"EntryPoint","urlTemplate":"https:\/\/eco-regalos.com\/Colombia\/?s={search_term_string}"},"query-input":{"@type":"PropertyValueSpecification","valueRequired":true,"valueName":"search_term_string"}}],"inLanguage":"es"},{"@type":["Organization","Place"],"@id":"https:\/\/eco-regalos.com\/Colombia\/#organization","name":"Eco Regalos","url":"https:\/\/eco-regalos.com\/Colombia\/","logo":{"@id":"https:\/\/eco-regalos.com\/Colombia\/producto\/bonsai-en-matera-de-barro-con-medallon-de-madera-marcado\/#local-main-organization-logo"},"image":{"@id":"https:\/\/eco-regalos.com\/Colombia\/producto\/bonsai-en-matera-de-barro-con-medallon-de-madera-marcado\/#local-main-organization-logo"},"telephone":[],"openingHoursSpecification":[{"@type":"OpeningHoursSpecification","dayOfWeek":["Sunday","Monday","Tuesday","Wednesday","Thursday","Friday","Saturday"],"opens":"09:00","closes":"17:00"}]},{"@type":"ImageObject","inLanguage":"es","@id":"https:\/\/eco-regalos.com\/Colombia\/producto\/bonsai-en-matera-de-barro-con-medallon-de-madera-marcado\/#local-main-organization-logo","url":"https:\/\/eco-regalos.com\/Colombia\/wp-content\/uploads\/2020\/08\/logo-2015-con-slogan.jpg","contentUrl":"https:\/\/eco-regalos.com\/Colombia\/wp-content\/uploads\/2020\/08\/logo-2015-con-slogan.jpg","width":1461,"height":1121,"caption":"Eco Regalos"}]}},"_links":{"self":[{"href":"https:\/\/eco-regalos.com\/Colombia\/wp-json\/wp\/v2\/product\/4525","targetHints":{"allow":["GET"]}}],"collection":[{"href":"https:\/\/eco-regalos.com\/Colombia\/wp-json\/wp\/v2\/product"}],"about":[{"href":"https:\/\/eco-regalos.com\/Colombia\/wp-json\/wp\/v2\/types\/product"}],"replies":[{"embeddable":true,"href":"https:\/\/eco-regalos.com\/Colombia\/wp-json\/wp\/v2\/comments?post=4525"}],"wp:featuredmedia":[{"embeddable":true,"href":"https:\/\/eco-regalos.com\/Colombia\/wp-json\/wp\/v2\/media\/7107"}],"wp:attachment":[{"href":"https:\/\/eco-regalos.com\/Colombia\/wp-json\/wp\/v2\/media?parent=4525"}],"wp:term":[{"taxonomy":"product_brand","embeddable":true,"href":"https:\/\/eco-regalos.com\/Colombia\/wp-json\/wp\/v2\/product_brand?post=4525"},{"taxonomy":"product_cat","embeddable":true,"href":"https:\/\/eco-regalos.com\/Colombia\/wp-json\/wp\/v2\/product_cat?post=4525"},{"taxonomy":"product_tag","embeddable":true,"href":"https:\/\/eco-regalos.com\/Colombia\/wp-json\/wp\/v2\/product_tag?post=4525"}],"curies":[{"name":"wp","href":"https:\/\/api.w.org\/{rel}","templated":true}]}}