{"id":486,"date":"2018-08-07T14:33:56","date_gmt":"2018-08-07T19:33:56","guid":{"rendered":"http:\/\/eco-regalos.com\/colombia\/?post_type=product&#038;p=486"},"modified":"2026-02-23T09:58:50","modified_gmt":"2026-02-23T14:58:50","slug":"suculenta-en-cajita-de-regalo-matera-la-cajita-es-a-la-vez-la-matera9","status":"publish","type":"product","link":"https:\/\/eco-regalos.com\/Colombia\/producto\/suculenta-en-cajita-de-regalo-matera-la-cajita-es-a-la-vez-la-matera9\/","title":{"rendered":"Suculenta en mini cajita de regalo matera"},"content":{"rendered":"<p><strong>Suculenta en cajita de regalo matera<\/strong><\/p>\n<p>Mini cajita de regalo matero que contiene una planta viva. La cajita de regalo es al mismo tiempo el matero.<\/p>\n<p>La cajita se usa como matera. Al abrir la caja encuentras una planta viva (Suculenta) que puedes sembrar en la misma cajita de regalo. Solo debes colocar la tapa como base para formar una matera. Para finalizar debes agregar tierra alrededor. Se debe regar una vez a la semana.<\/p>\n<p>Un regalo muy ecol\u00f3gico porque el empaque se utiliza como matera. Es resistente al riego y mantiene muy bien la planta.<\/p>\n<p>Puedes ubicarla en tu escritorio o en el computador.<\/p>\n<p>La duraci\u00f3n de la matera es aproximadamente dos o tres meses, de ah\u00ed se debe trasplantas a una matera m\u00e1s grande.<\/p>\n<p>Tama\u00f1o de la planta: 3 -4 cm<\/p>\n<p>La suculenta es una planta \u00f3ptima para oficina, se adapta muy bien, no es exigente con la luz ni con el riego. La luz puede ser a trav\u00e9s de una ventana y el riego semanal.<\/p>\n<p><strong>Suculenta en cajita de regalo matera<\/strong><\/p>\n<p><strong>OPCIONES DE PERSONALIZACI\u00d3N:<\/strong><\/p>\n<p>full color en la tapa de la cajita de regalo.<\/p>\n<p><a href=\"https:\/\/eco-regalos.com\/movil\/wp-content\/uploads\/2018\/08\/suculenta_en_mini_cajita3.jpg\"><img loading=\"lazy\" decoding=\"async\" loading=\"lazy\" class=\"eco-fade-img\" class=\"alignnone size-medium wp-image-487 aligncenter\" src=\"https:\/\/eco-regalos.com\/movil\/wp-content\/uploads\/2018\/08\/suculenta_en_mini_cajita3-300x215.jpg\" alt=\"\" width=\"300\" height=\"215\" srcset=\"https:\/\/eco-regalos.com\/Colombia\/wp-content\/uploads\/2018\/08\/suculenta_en_mini_cajita3-300x215.jpg 300w, https:\/\/eco-regalos.com\/Colombia\/wp-content\/uploads\/2018\/08\/suculenta_en_mini_cajita3.jpg 400w\" sizes=\"auto, (max-width: 300px) 100vw, 300px\" \/><\/a> <a href=\"https:\/\/eco-regalos.com\/movil\/wp-content\/uploads\/2018\/08\/suculenta_en_mini_cajita5.jpg\"><img loading=\"lazy\" decoding=\"async\" loading=\"lazy\" class=\"eco-fade-img\" class=\"alignnone size-medium wp-image-488 aligncenter\" src=\"https:\/\/eco-regalos.com\/movil\/wp-content\/uploads\/2018\/08\/suculenta_en_mini_cajita5-300x219.jpg\" alt=\"\" width=\"300\" height=\"219\" srcset=\"https:\/\/eco-regalos.com\/Colombia\/wp-content\/uploads\/2018\/08\/suculenta_en_mini_cajita5-300x219.jpg 300w, https:\/\/eco-regalos.com\/Colombia\/wp-content\/uploads\/2018\/08\/suculenta_en_mini_cajita5.jpg 400w\" sizes=\"auto, (max-width: 300px) 100vw, 300px\" \/><\/a><\/p>\n<p style=\"text-align: center;\"><strong><a href=\"http:\/\/caem.org.co\/ConveniosCARCAEM\/huellacarbono\/\">Te invitamos a cuidar el planeta, haz clic y calcula tu huella de carbono para que cada d\u00eda la reduzcas con conciencia.<\/a><\/strong><\/p>\n","protected":false},"excerpt":{"rendered":"<p><strong>Suculenta en mini cajita de regalo matera<\/strong><\/p>\n<p>Mini cajita de regalo matero que contiene una planta viva.\u00a0 La cajita de regalo es al mismo tiempo el matero.<\/p>\n<p>La cajita se usa como matera.\u00a0 Al abrir la cajita de regalo encuentras una planta viva (Suculenta) que puedes sembrar en la misma cajita.\u00a0 \u00a0Solo debes colocar la tapa como base para formar una matera.\u00a0 Para finalizar debes agregar tierra alrededor.\u00a0 Se debe regar una vez a la semana.<\/p>\n<p>La cajita de regalo est\u00e1 impermeabilizada para servir de soporte a la planta.<\/p>\n<p><strong>ACERCA DE LAS SUCULENTAS<\/strong><\/p>\n<p>Las plantas son muy adaptativas.<\/p>\n<p>Se comportan muy similar a un cactus, puede ubicarse en el escritorio al lado del computador.<\/p>\n<p>El riego puede ser una vez por semana con cuchara o gotero.<\/p>\n<p>Pueden permanecer en exterior e interior porque se adaptan con facilidad a cualquier condici\u00f3n.<\/p>\n<p>El color de la planta depende de la exposici\u00f3n a la luz.<\/p>\n<p>Crecen r\u00e1pidamente.<\/p>\n<p>Es muy importante que permanezcan en un lugar ventilado.<\/p>\n","protected":false},"featured_media":7980,"comment_status":"open","ping_status":"closed","template":"","meta":{"_sitemap_exclude":false,"_sitemap_priority":"","_sitemap_frequency":""},"product_brand":[],"product_cat":[582],"product_tag":[],"class_list":{"0":"post-486","1":"product","2":"type-product","3":"status-publish","4":"has-post-thumbnail","6":"product_cat-bonsai-y-plantas-vivas","8":"first","9":"instock","10":"taxable","11":"shipping-taxable","12":"purchasable","13":"product-type-simple"},"yoast_head":"<!-- This site is optimized with the Yoast SEO Premium plugin v27.5 (Yoast SEO v27.5) - https:\/\/yoast.com\/product\/yoast-seo-premium-wordpress\/ -->\n<title>Suculenta en cajita de regalo matera. La cajita es a la vez la matera<\/title>\n<meta name=\"description\" content=\"Suculenta en cajita de regalo matera. La cajita de regalo es a la vez la matera. Agrega un poco de tierra y agua y la planta se desarrolla..\" \/>\n<meta name=\"robots\" content=\"index, follow, max-snippet:-1, max-image-preview:large, max-video-preview:-1\" \/>\n<link rel=\"canonical\" href=\"https:\/\/eco-regalos.com\/Colombia\/producto\/suculenta-en-cajita-de-regalo-matera-la-cajita-es-a-la-vez-la-matera9\/\" \/>\n<meta property=\"og:locale\" content=\"es_ES\" \/>\n<meta property=\"og:type\" content=\"article\" \/>\n<meta property=\"og:title\" content=\"Suculenta en mini cajita de regalo matera\" \/>\n<meta property=\"og:description\" content=\"Suculenta en cajita de regalo matera. La cajita de regalo es a la vez la matera. Agrega un poco de tierra y agua y la planta se desarrolla..\" \/>\n<meta property=\"og:url\" content=\"https:\/\/eco-regalos.com\/Colombia\/producto\/suculenta-en-cajita-de-regalo-matera-la-cajita-es-a-la-vez-la-matera9\/\" \/>\n<meta property=\"og:site_name\" content=\"Merchandising Ecol\u00f3gico\" \/>\n<meta property=\"article:modified_time\" content=\"2026-02-23T14:58:50+00:00\" \/>\n<meta property=\"og:image\" content=\"https:\/\/eco-regalos.com\/Colombia\/wp-content\/uploads\/2026\/02\/suculenta_personalizada_eventos_corporativo_eco-regalos.jpg\" \/>\n\t<meta property=\"og:image:width\" content=\"400\" \/>\n\t<meta property=\"og:image:height\" content=\"301\" \/>\n\t<meta property=\"og:image:type\" content=\"image\/jpeg\" \/>\n<meta name=\"twitter:card\" content=\"summary_large_image\" \/>\n<meta name=\"twitter:label1\" content=\"Tiempo de lectura\" \/>\n\t<meta name=\"twitter:data1\" content=\"2 minutos\" \/>\n<script type=\"application\/ld+json\" class=\"yoast-schema-graph\">{\"@context\":\"https:\\\/\\\/schema.org\",\"@graph\":[{\"@type\":\"WebPage\",\"@id\":\"https:\\\/\\\/eco-regalos.com\\\/Colombia\\\/producto\\\/suculenta-en-cajita-de-regalo-matera-la-cajita-es-a-la-vez-la-matera9\\\/\",\"url\":\"https:\\\/\\\/eco-regalos.com\\\/Colombia\\\/producto\\\/suculenta-en-cajita-de-regalo-matera-la-cajita-es-a-la-vez-la-matera9\\\/\",\"name\":\"Suculenta en cajita de regalo matera. La cajita es a la vez la matera\",\"isPartOf\":{\"@id\":\"https:\\\/\\\/eco-regalos.com\\\/Colombia\\\/#website\"},\"primaryImageOfPage\":{\"@id\":\"https:\\\/\\\/eco-regalos.com\\\/Colombia\\\/producto\\\/suculenta-en-cajita-de-regalo-matera-la-cajita-es-a-la-vez-la-matera9\\\/#primaryimage\"},\"image\":{\"@id\":\"https:\\\/\\\/eco-regalos.com\\\/Colombia\\\/producto\\\/suculenta-en-cajita-de-regalo-matera-la-cajita-es-a-la-vez-la-matera9\\\/#primaryimage\"},\"thumbnailUrl\":\"https:\\\/\\\/eco-regalos.com\\\/Colombia\\\/wp-content\\\/uploads\\\/2026\\\/02\\\/suculenta_personalizada_eventos_corporativo_eco-regalos.jpg\",\"datePublished\":\"2018-08-07T19:33:56+00:00\",\"dateModified\":\"2026-02-23T14:58:50+00:00\",\"description\":\"Suculenta en cajita de regalo matera. La cajita de regalo es a la vez la matera. Agrega un poco de tierra y agua y la planta se desarrolla..\",\"breadcrumb\":{\"@id\":\"https:\\\/\\\/eco-regalos.com\\\/Colombia\\\/producto\\\/suculenta-en-cajita-de-regalo-matera-la-cajita-es-a-la-vez-la-matera9\\\/#breadcrumb\"},\"inLanguage\":\"es\",\"potentialAction\":[{\"@type\":\"ReadAction\",\"target\":[\"https:\\\/\\\/eco-regalos.com\\\/Colombia\\\/producto\\\/suculenta-en-cajita-de-regalo-matera-la-cajita-es-a-la-vez-la-matera9\\\/\"]}]},{\"@type\":\"ImageObject\",\"inLanguage\":\"es\",\"@id\":\"https:\\\/\\\/eco-regalos.com\\\/Colombia\\\/producto\\\/suculenta-en-cajita-de-regalo-matera-la-cajita-es-a-la-vez-la-matera9\\\/#primaryimage\",\"url\":\"https:\\\/\\\/eco-regalos.com\\\/Colombia\\\/wp-content\\\/uploads\\\/2026\\\/02\\\/suculenta_personalizada_eventos_corporativo_eco-regalos.jpg\",\"contentUrl\":\"https:\\\/\\\/eco-regalos.com\\\/Colombia\\\/wp-content\\\/uploads\\\/2026\\\/02\\\/suculenta_personalizada_eventos_corporativo_eco-regalos.jpg\",\"width\":400,\"height\":301},{\"@type\":\"BreadcrumbList\",\"@id\":\"https:\\\/\\\/eco-regalos.com\\\/Colombia\\\/producto\\\/suculenta-en-cajita-de-regalo-matera-la-cajita-es-a-la-vez-la-matera9\\\/#breadcrumb\",\"itemListElement\":[{\"@type\":\"ListItem\",\"position\":1,\"name\":\"Portada\",\"item\":\"https:\\\/\\\/eco-regalos.com\\\/Colombia\\\/\"},{\"@type\":\"ListItem\",\"position\":2,\"name\":\"Productos germinables para campa\u00f1as ambientalmente responsables\",\"item\":\"https:\\\/\\\/eco-regalos.com\\\/Colombia\\\/catalogo_eco_regalos\\\/\"},{\"@type\":\"ListItem\",\"position\":3,\"name\":\"Suculenta en mini cajita de regalo matera\"}]},{\"@type\":\"WebSite\",\"@id\":\"https:\\\/\\\/eco-regalos.com\\\/Colombia\\\/#website\",\"url\":\"https:\\\/\\\/eco-regalos.com\\\/Colombia\\\/\",\"name\":\"Eco Regalos - Merchandising Ecol\u00f3gico\",\"description\":\"Papel Semilla\",\"publisher\":{\"@id\":\"https:\\\/\\\/eco-regalos.com\\\/Colombia\\\/#organization\"},\"alternateName\":\"eco-regalos.com\",\"potentialAction\":[{\"@type\":\"SearchAction\",\"target\":{\"@type\":\"EntryPoint\",\"urlTemplate\":\"https:\\\/\\\/eco-regalos.com\\\/Colombia\\\/?s={search_term_string}\"},\"query-input\":{\"@type\":\"PropertyValueSpecification\",\"valueRequired\":true,\"valueName\":\"search_term_string\"}}],\"inLanguage\":\"es\"},{\"@type\":[\"Organization\",\"Place\"],\"@id\":\"https:\\\/\\\/eco-regalos.com\\\/Colombia\\\/#organization\",\"name\":\"Eco Regalos\",\"url\":\"https:\\\/\\\/eco-regalos.com\\\/Colombia\\\/\",\"logo\":{\"@id\":\"https:\\\/\\\/eco-regalos.com\\\/Colombia\\\/producto\\\/suculenta-en-cajita-de-regalo-matera-la-cajita-es-a-la-vez-la-matera9\\\/#local-main-organization-logo\"},\"image\":{\"@id\":\"https:\\\/\\\/eco-regalos.com\\\/Colombia\\\/producto\\\/suculenta-en-cajita-de-regalo-matera-la-cajita-es-a-la-vez-la-matera9\\\/#local-main-organization-logo\"},\"telephone\":[],\"openingHoursSpecification\":[{\"@type\":\"OpeningHoursSpecification\",\"dayOfWeek\":[\"Sunday\",\"Monday\",\"Tuesday\",\"Wednesday\",\"Thursday\",\"Friday\",\"Saturday\"],\"opens\":\"09:00\",\"closes\":\"17:00\"}]},{\"@type\":\"ImageObject\",\"inLanguage\":\"es\",\"@id\":\"https:\\\/\\\/eco-regalos.com\\\/Colombia\\\/producto\\\/suculenta-en-cajita-de-regalo-matera-la-cajita-es-a-la-vez-la-matera9\\\/#local-main-organization-logo\",\"url\":\"https:\\\/\\\/eco-regalos.com\\\/Colombia\\\/wp-content\\\/uploads\\\/2020\\\/08\\\/logo-2015-con-slogan.jpg\",\"contentUrl\":\"https:\\\/\\\/eco-regalos.com\\\/Colombia\\\/wp-content\\\/uploads\\\/2020\\\/08\\\/logo-2015-con-slogan.jpg\",\"width\":1461,\"height\":1121,\"caption\":\"Eco Regalos\"}]}<\/script>\n<!-- \/ Yoast SEO Premium plugin. -->","yoast_head_json":{"title":"Suculenta en cajita de regalo matera. La cajita es a la vez la matera","description":"Suculenta en cajita de regalo matera. La cajita de regalo es a la vez la matera. Agrega un poco de tierra y agua y la planta se desarrolla..","robots":{"index":"index","follow":"follow","max-snippet":"max-snippet:-1","max-image-preview":"max-image-preview:large","max-video-preview":"max-video-preview:-1"},"canonical":"https:\/\/eco-regalos.com\/Colombia\/producto\/suculenta-en-cajita-de-regalo-matera-la-cajita-es-a-la-vez-la-matera9\/","og_locale":"es_ES","og_type":"article","og_title":"Suculenta en mini cajita de regalo matera","og_description":"Suculenta en cajita de regalo matera. La cajita de regalo es a la vez la matera. Agrega un poco de tierra y agua y la planta se desarrolla..","og_url":"https:\/\/eco-regalos.com\/Colombia\/producto\/suculenta-en-cajita-de-regalo-matera-la-cajita-es-a-la-vez-la-matera9\/","og_site_name":"Merchandising Ecol\u00f3gico","article_modified_time":"2026-02-23T14:58:50+00:00","og_image":[{"width":400,"height":301,"url":"https:\/\/eco-regalos.com\/Colombia\/wp-content\/uploads\/2026\/02\/suculenta_personalizada_eventos_corporativo_eco-regalos.jpg","type":"image\/jpeg"}],"twitter_card":"summary_large_image","twitter_misc":{"Tiempo de lectura":"2 minutos"},"schema":{"@context":"https:\/\/schema.org","@graph":[{"@type":"WebPage","@id":"https:\/\/eco-regalos.com\/Colombia\/producto\/suculenta-en-cajita-de-regalo-matera-la-cajita-es-a-la-vez-la-matera9\/","url":"https:\/\/eco-regalos.com\/Colombia\/producto\/suculenta-en-cajita-de-regalo-matera-la-cajita-es-a-la-vez-la-matera9\/","name":"Suculenta en cajita de regalo matera. La cajita es a la vez la matera","isPartOf":{"@id":"https:\/\/eco-regalos.com\/Colombia\/#website"},"primaryImageOfPage":{"@id":"https:\/\/eco-regalos.com\/Colombia\/producto\/suculenta-en-cajita-de-regalo-matera-la-cajita-es-a-la-vez-la-matera9\/#primaryimage"},"image":{"@id":"https:\/\/eco-regalos.com\/Colombia\/producto\/suculenta-en-cajita-de-regalo-matera-la-cajita-es-a-la-vez-la-matera9\/#primaryimage"},"thumbnailUrl":"https:\/\/eco-regalos.com\/Colombia\/wp-content\/uploads\/2026\/02\/suculenta_personalizada_eventos_corporativo_eco-regalos.jpg","datePublished":"2018-08-07T19:33:56+00:00","dateModified":"2026-02-23T14:58:50+00:00","description":"Suculenta en cajita de regalo matera. La cajita de regalo es a la vez la matera. Agrega un poco de tierra y agua y la planta se desarrolla..","breadcrumb":{"@id":"https:\/\/eco-regalos.com\/Colombia\/producto\/suculenta-en-cajita-de-regalo-matera-la-cajita-es-a-la-vez-la-matera9\/#breadcrumb"},"inLanguage":"es","potentialAction":[{"@type":"ReadAction","target":["https:\/\/eco-regalos.com\/Colombia\/producto\/suculenta-en-cajita-de-regalo-matera-la-cajita-es-a-la-vez-la-matera9\/"]}]},{"@type":"ImageObject","inLanguage":"es","@id":"https:\/\/eco-regalos.com\/Colombia\/producto\/suculenta-en-cajita-de-regalo-matera-la-cajita-es-a-la-vez-la-matera9\/#primaryimage","url":"https:\/\/eco-regalos.com\/Colombia\/wp-content\/uploads\/2026\/02\/suculenta_personalizada_eventos_corporativo_eco-regalos.jpg","contentUrl":"https:\/\/eco-regalos.com\/Colombia\/wp-content\/uploads\/2026\/02\/suculenta_personalizada_eventos_corporativo_eco-regalos.jpg","width":400,"height":301},{"@type":"BreadcrumbList","@id":"https:\/\/eco-regalos.com\/Colombia\/producto\/suculenta-en-cajita-de-regalo-matera-la-cajita-es-a-la-vez-la-matera9\/#breadcrumb","itemListElement":[{"@type":"ListItem","position":1,"name":"Portada","item":"https:\/\/eco-regalos.com\/Colombia\/"},{"@type":"ListItem","position":2,"name":"Productos germinables para campa\u00f1as ambientalmente responsables","item":"https:\/\/eco-regalos.com\/Colombia\/catalogo_eco_regalos\/"},{"@type":"ListItem","position":3,"name":"Suculenta en mini cajita de regalo matera"}]},{"@type":"WebSite","@id":"https:\/\/eco-regalos.com\/Colombia\/#website","url":"https:\/\/eco-regalos.com\/Colombia\/","name":"Eco Regalos - Merchandising Ecol\u00f3gico","description":"Papel Semilla","publisher":{"@id":"https:\/\/eco-regalos.com\/Colombia\/#organization"},"alternateName":"eco-regalos.com","potentialAction":[{"@type":"SearchAction","target":{"@type":"EntryPoint","urlTemplate":"https:\/\/eco-regalos.com\/Colombia\/?s={search_term_string}"},"query-input":{"@type":"PropertyValueSpecification","valueRequired":true,"valueName":"search_term_string"}}],"inLanguage":"es"},{"@type":["Organization","Place"],"@id":"https:\/\/eco-regalos.com\/Colombia\/#organization","name":"Eco Regalos","url":"https:\/\/eco-regalos.com\/Colombia\/","logo":{"@id":"https:\/\/eco-regalos.com\/Colombia\/producto\/suculenta-en-cajita-de-regalo-matera-la-cajita-es-a-la-vez-la-matera9\/#local-main-organization-logo"},"image":{"@id":"https:\/\/eco-regalos.com\/Colombia\/producto\/suculenta-en-cajita-de-regalo-matera-la-cajita-es-a-la-vez-la-matera9\/#local-main-organization-logo"},"telephone":[],"openingHoursSpecification":[{"@type":"OpeningHoursSpecification","dayOfWeek":["Sunday","Monday","Tuesday","Wednesday","Thursday","Friday","Saturday"],"opens":"09:00","closes":"17:00"}]},{"@type":"ImageObject","inLanguage":"es","@id":"https:\/\/eco-regalos.com\/Colombia\/producto\/suculenta-en-cajita-de-regalo-matera-la-cajita-es-a-la-vez-la-matera9\/#local-main-organization-logo","url":"https:\/\/eco-regalos.com\/Colombia\/wp-content\/uploads\/2020\/08\/logo-2015-con-slogan.jpg","contentUrl":"https:\/\/eco-regalos.com\/Colombia\/wp-content\/uploads\/2020\/08\/logo-2015-con-slogan.jpg","width":1461,"height":1121,"caption":"Eco Regalos"}]}},"_links":{"self":[{"href":"https:\/\/eco-regalos.com\/Colombia\/wp-json\/wp\/v2\/product\/486","targetHints":{"allow":["GET"]}}],"collection":[{"href":"https:\/\/eco-regalos.com\/Colombia\/wp-json\/wp\/v2\/product"}],"about":[{"href":"https:\/\/eco-regalos.com\/Colombia\/wp-json\/wp\/v2\/types\/product"}],"replies":[{"embeddable":true,"href":"https:\/\/eco-regalos.com\/Colombia\/wp-json\/wp\/v2\/comments?post=486"}],"wp:featuredmedia":[{"embeddable":true,"href":"https:\/\/eco-regalos.com\/Colombia\/wp-json\/wp\/v2\/media\/7980"}],"wp:attachment":[{"href":"https:\/\/eco-regalos.com\/Colombia\/wp-json\/wp\/v2\/media?parent=486"}],"wp:term":[{"taxonomy":"product_brand","embeddable":true,"href":"https:\/\/eco-regalos.com\/Colombia\/wp-json\/wp\/v2\/product_brand?post=486"},{"taxonomy":"product_cat","embeddable":true,"href":"https:\/\/eco-regalos.com\/Colombia\/wp-json\/wp\/v2\/product_cat?post=486"},{"taxonomy":"product_tag","embeddable":true,"href":"https:\/\/eco-regalos.com\/Colombia\/wp-json\/wp\/v2\/product_tag?post=486"}],"curies":[{"name":"wp","href":"https:\/\/api.w.org\/{rel}","templated":true}]}}