{"id":50,"date":"2018-08-05T12:32:05","date_gmt":"2018-08-05T17:32:05","guid":{"rendered":"http:\/\/eco-regalos.com\/colombia\/?post_type=product&#038;p=50"},"modified":"2026-02-25T20:39:13","modified_gmt":"2026-02-26T01:39:13","slug":"kit-bonsai-en-matera-de-coco-con-faja-personalizada","status":"publish","type":"product","link":"https:\/\/eco-regalos.com\/Colombia\/producto\/kit-bonsai-en-matera-de-coco-con-faja-personalizada\/","title":{"rendered":"Kit de siembra bons\u00e1i en matera de coco con faja"},"content":{"rendered":"<div class=\"otQkpb\" role=\"heading\" aria-level=\"3\" data-animation-nesting=\"\" data-sfc-cp=\"\" data-complete=\"true\" data-processed=\"true\" data-sae=\"\"><strong class=\"Yjhzub\" data-complete=\"true\">Kit de Siembra Bons\u00e1i en Matera de Coco: El Legado Corporativo Residuo Cero.<\/strong><\/div>\n<div class=\"Y3BBE\" data-sfc-cp=\"\" data-hveid=\"CAEIBBAA\" data-complete=\"true\" data-processed=\"true\">Ofrece un regalo que perdura y genera conciencia. Nuestro\u00a0<strong class=\"Yjhzub\" data-complete=\"true\" data-processed=\"true\">Kit de Siembra Bons\u00e1i en Matera de Coco<\/strong>\u00a0es la soluci\u00f3n definitiva de\u00a0<strong class=\"Yjhzub\" data-complete=\"true\" data-processed=\"true\">merchandising ecol\u00f3gico<\/strong>, dise\u00f1ada para marcas que lideran la\u00a0<strong class=\"Yjhzub\" data-complete=\"true\" data-processed=\"true\">econom\u00eda circular<\/strong>\u00a0y la sostenibilidad.<\/div>\n<div class=\"Y3BBE\" data-sfc-cp=\"\" data-hveid=\"CAEIBBAA\" data-complete=\"true\" data-processed=\"true\">Este kit permite a tus clientes y colaboradores germinar \u00e1rboles nativos (Guayac\u00e1n, Pino, Acacia) o huertas, transformando un obsequio corporativo en un activo ambiental tangible.<\/div>\n<div data-sfc-cp=\"\" data-hveid=\"CAEIBBAA\" data-complete=\"true\" data-processed=\"true\"><\/div>\n<figure id=\"attachment_4527\" aria-describedby=\"caption-attachment-4527\" style=\"width: 300px\" class=\"wp-caption aligncenter\"><a href=\"https:\/\/eco-regalos.com\/movil\/wp-content\/uploads\/2018\/08\/epm_kit.jpg\"><img loading=\"lazy\" decoding=\"async\" loading=\"lazy\" class=\"eco-fade-img\" class=\"wp-image-4527 size-medium\" src=\"https:\/\/eco-regalos.com\/movil\/wp-content\/uploads\/2018\/08\/epm_kit-300x225.jpg\" alt=\"Kit de siembra EPM\" width=\"300\" height=\"225\" srcset=\"https:\/\/eco-regalos.com\/Colombia\/wp-content\/uploads\/2018\/08\/epm_kit-300x225.jpg 300w, https:\/\/eco-regalos.com\/Colombia\/wp-content\/uploads\/2018\/08\/epm_kit.jpg 404w\" sizes=\"auto, (max-width: 300px) 100vw, 300px\" \/><\/a><figcaption id=\"caption-attachment-4527\" class=\"wp-caption-text\"><strong>Regalos ecologicos corporativos EPM, kit de siembra<\/strong><\/figcaption><\/figure>\n<div class=\"Y3BBE\" data-sfc-cp=\"\" data-hveid=\"CAEIBRAA\" data-complete=\"true\" data-processed=\"true\"><strong class=\"Yjhzub\" data-complete=\"true\" data-processed=\"true\">Beneficios Estrat\u00e9gicos y de Marca:<\/strong><\/div>\n<div data-sfc-cp=\"\" data-hveid=\"CAEIBRAA\" data-complete=\"true\" data-processed=\"true\"><\/div>\n<ul class=\"KsbFXc U6u95\" data-complete=\"true\" data-processed=\"true\">\n<li data-hveid=\"CAEIBhAA\" data-complete=\"true\" data-sae=\"\"><span class=\"T286Pc\" data-sfc-cp=\"\" data-complete=\"true\"><strong class=\"Yjhzub\" data-complete=\"true\">Econom\u00eda Circular y Compostabilidad Total:<\/strong>\u00a0Cada elemento, desde la matera de fibra de coco hasta el sustrato, es\u00a0<strong class=\"Yjhzub\" data-complete=\"true\">100% compostable y biodegradable<\/strong>. Garantizamos una soluci\u00f3n\u00a0<strong class=\"Yjhzub\" data-complete=\"true\">residuo cero<\/strong>\u00a0que impacta positivamente tus informes de gesti\u00f3n ambiental (ESG).<\/span><\/li>\n<li data-hveid=\"CAEIBhAA\" data-complete=\"true\" data-sae=\"\"><\/li>\n<li data-hveid=\"CAEIBhAB\" data-complete=\"true\" data-sae=\"\"><span class=\"T286Pc\" data-sfc-cp=\"\" data-complete=\"true\"><strong class=\"Yjhzub\" data-complete=\"true\">Germinaci\u00f3n Garantizada y Sencilla:<\/strong>\u00a0Gracias a nuestro\u00a0<strong class=\"Yjhzub\" data-complete=\"true\">ecogerminador<\/strong>\u00a0con semillas pre-plantadas, aseguramos una alta tasa de \u00e9xito. El proceso es f\u00e1cil (\u00absolo agrega agua y listo\u00bb), evitando frustraciones y garantizando una experiencia de marca positiva.<\/span><\/li>\n<li data-hveid=\"CAEIBhAB\" data-complete=\"true\" data-sae=\"\"><\/li>\n<li data-hveid=\"CAEIBhAC\" data-complete=\"true\" data-sae=\"\"><span class=\"T286Pc\" data-sfc-cp=\"\" data-complete=\"true\"><strong class=\"Yjhzub\" data-complete=\"true\">Reputaci\u00f3n y Conexi\u00f3n Duradera:<\/strong>\u00a0Un bons\u00e1i o un \u00e1rbol es un s\u00edmbolo de paciencia, crecimiento y visi\u00f3n a largo plazo. Tu marca se asocia con estos valores, generando una conexi\u00f3n emocional que perdura por a\u00f1os y trasciende la publicidad convencional.<\/span><\/li>\n<li data-hveid=\"CAEIBhAC\" data-complete=\"true\" data-sae=\"\"><\/li>\n<li data-hveid=\"CAEIBhAD\" data-complete=\"true\" data-sae=\"\"><span class=\"T286Pc\" data-sfc-cp=\"\" data-complete=\"true\"><strong class=\"Yjhzub\" data-complete=\"true\">Personalizaci\u00f3n de Alto Impacto:<\/strong> La faja publicitaria personalizada full color asegura que tu mensaje de sostenibilidad sea visible desde el primer momento, reforzando tu compromiso con el planeta.<\/span><\/li>\n<li data-hveid=\"CAEIBhAD\" data-complete=\"true\" data-sae=\"\"><\/li>\n<\/ul>\n<div class=\"Y3BBE\" data-sfc-cp=\"\" data-hveid=\"CAEIBxAA\" data-complete=\"true\" data-processed=\"true\"><strong class=\"Yjhzub\" data-complete=\"true\" data-processed=\"true\">Contenido del Kit de Siembra Eco Regalos\u00ae:<\/strong><\/div>\n<ul class=\"KsbFXc U6u95\" data-complete=\"true\" data-processed=\"true\">\n<li data-hveid=\"CAEICBAA\" data-complete=\"true\" data-sae=\"\"><span class=\"T286Pc\" data-sfc-cp=\"\" data-complete=\"true\">Matera en fibra de coco 100% natural.<\/span><\/li>\n<li data-hveid=\"CAEICBAB\" data-complete=\"true\" data-sae=\"\"><span class=\"T286Pc\" data-sfc-cp=\"\" data-complete=\"true\">Bandeja de riego.<\/span><\/li>\n<li data-hveid=\"CAEICBAC\" data-complete=\"true\" data-sae=\"\"><span class=\"T286Pc\" data-sfc-cp=\"\" data-complete=\"true\">Ecogerminador con semillas (\u00e1rbol, flores, especias u arom\u00e1ticas).<\/span><\/li>\n<li data-hveid=\"CAEICBAD\" data-complete=\"true\" data-sae=\"\"><span class=\"T286Pc\" data-sfc-cp=\"\" data-complete=\"true\">Sustrato para germinaci\u00f3n.<\/span><\/li>\n<li data-hveid=\"CAEICBAE\" data-complete=\"true\" data-sae=\"\"><span class=\"T286Pc\" data-sfc-cp=\"\" data-complete=\"true\" aria-owns=\"action-menu-parent-container\">Faja publicitaria personalizada full color<\/span><\/li>\n<\/ul>\n\n<h5><strong>Importante<\/strong>:<\/h5>\n<p>Las semillas las manejamos pre plantadas en un ecogerminador.<br \/>\nEsto por la seguridad del usuario debido a que la semilla tiene fungicidas y por la seguridad del producto para garantizar su germinaci\u00f3n. Con la semilla pre plantada el usuario no manipula la semilla.<\/p>\n<p>Adicional, la semilla es fija.\u00a0 En la mayor\u00eda de lo casos la germinaci\u00f3n no es exitosa debido a que la semilla se va al fondo y se pudre porque no logra recibir luz y calor suficiente para su germinaci\u00f3n.<\/p>\n<h5>Eco-regalos similares al <strong>kit de siembra eco regalos \u00ae<\/strong>:<\/h5>\n<p><a href=\"https:\/\/eco-regalos.com\/movil\/producto\/bonsai-en-caja-de-regalo-en-kit-personalizado-regalos-corporativos\/\"><strong>Bonsai en kit de siembra en caja de regalo<\/strong> <\/a>I <strong><a href=\"https:\/\/eco-regalos.com\/movil\/producto\/bonsai-en-cajita-germinadora-caja-de-regalo-es-un-germinador\/\">Bonsai en mini cajita de regalo<\/a> <\/strong>I<\/p>\n<p><iframe title=\"kit de siembra en matera de coco en colombia: www.eco-regalos.com\/movil\" width=\"640\" height=\"480\" src=\"https:\/\/www.youtube.com\/embed\/v4p8N8_0_qA?feature=oembed\" frameborder=\"0\" allow=\"accelerometer; autoplay; clipboard-write; encrypted-media; gyroscope; picture-in-picture; web-share\" referrerpolicy=\"strict-origin-when-cross-origin\" allowfullscreen><\/iframe><\/p>\n<p style=\"text-align: center;\"><strong><a href=\"http:\/\/caem.org.co\/ConveniosCARCAEM\/huellacarbono\/\">Te invitamos a cuidar el planeta, haz clic y calcula tu huella de carbono para que cada d\u00eda la reduzcas con conciencia.<\/a><\/strong><\/p>\n","protected":false},"excerpt":{"rendered":"<div class=\"otQkpb\" role=\"heading\" aria-level=\"3\" data-animation-nesting=\"\" data-sfc-cp=\"\" data-complete=\"true\" data-processed=\"true\" data-sae=\"\"><strong class=\"Yjhzub\" data-complete=\"true\">Kit de Siembra Bons\u00e1i: El Regalo Corporativo Residuo Cero.<\/strong><\/div>\n<div class=\"Y3BBE\" data-sfc-cp=\"\" data-hveid=\"CAEIBBAA\" data-complete=\"true\" data-processed=\"true\">Ofrece un regalo que perdura y genera conciencia. Nuestro\u00a0<strong class=\"Yjhzub\" data-complete=\"true\" data-processed=\"true\">Kit de Siembra Bons\u00e1i en Matera de Coco<\/strong>\u00a0es la soluci\u00f3n definitiva de\u00a0<strong class=\"Yjhzub\" data-complete=\"true\" data-processed=\"true\">merchandising ecol\u00f3gico<\/strong>, dise\u00f1ada para marcas que lideran la\u00a0<strong class=\"Yjhzub\" data-complete=\"true\" data-processed=\"true\">econom\u00eda circular<\/strong> y la sostenibilidad. Este kit permite a tus clientes y colaboradores germinar \u00e1rboles nativos (Guayac\u00e1n) o huertas, transformando un obsequio corporativo en un activo ambiental tangible y <strong class=\"Yjhzub\" data-complete=\"true\" data-processed=\"true\">100% compostable<\/strong>.<\/div>\n<div class=\"Y3BBE\" data-sfc-cp=\"\" data-hveid=\"CAEIBRAA\" data-complete=\"true\" data-processed=\"true\"><strong class=\"Yjhzub\" data-complete=\"true\" data-processed=\"true\">Beneficios Estrat\u00e9gicos: <\/strong><\/div>\n<div class=\"Y3BBE\" data-sfc-cp=\"\" data-hveid=\"CAEIBRAA\" data-complete=\"true\" data-processed=\"true\"><span class=\"T286Pc\" data-sfc-cp=\"\" data-complete=\"true\"><strong class=\"Yjhzub\" data-complete=\"true\">Econom\u00eda Circular y Compostabilidad:<\/strong>\u00a0Garantizamos una soluci\u00f3n\u00a0<strong class=\"Yjhzub\" data-complete=\"true\">residuo cero<\/strong>\u00a0que impacta positivamente tus informes de gesti\u00f3n ambiental (ESG).<\/span><\/div>\n<ul class=\"KsbFXc U6u95\" data-complete=\"true\" data-processed=\"true\">\n<li data-hveid=\"CAEIBhAB\" data-complete=\"true\" data-sae=\"\"><span class=\"T286Pc\" data-sfc-cp=\"\" data-complete=\"true\"><strong class=\"Yjhzub\" data-complete=\"true\">Germinaci\u00f3n Garantizada y Sencilla:<\/strong>\u00a0Gracias a nuestro\u00a0<strong class=\"Yjhzub\" data-complete=\"true\">ecogerminador<\/strong>\u00a0con semillas pre-plantadas, aseguramos una alta tasa de \u00e9xito.<\/span><\/li>\n<li data-hveid=\"CAEIBhAC\" data-complete=\"true\" data-sae=\"\"><span class=\"T286Pc\" data-sfc-cp=\"\" data-complete=\"true\"><strong class=\"Yjhzub\" data-complete=\"true\">Reputaci\u00f3n y Conexi\u00f3n Duradera:<\/strong>\u00a0Un bons\u00e1i es un s\u00edmbolo de paciencia y crecimiento. Tu marca se asocia con estos valores por a\u00f1os.<\/span><\/li>\n<\/ul>\n<div class=\"Y3BBE\" data-sfc-cp=\"\" data-hveid=\"CAEIBxAA\" data-complete=\"true\" data-processed=\"true\"><strong class=\"Yjhzub\" data-complete=\"true\" data-processed=\"true\">\u00a1Siembra un legado de sostenibilidad con tu marca!.<\/strong><\/div>\n<div class=\"Fsg96\" data-sfc-cp=\"\" data-complete=\"true\" data-processed=\"true\"><\/div>\n","protected":false},"featured_media":7632,"comment_status":"open","ping_status":"closed","template":"","meta":{"_sitemap_exclude":false,"_sitemap_priority":"","_sitemap_frequency":""},"product_brand":[],"product_cat":[584],"product_tag":[],"class_list":{"0":"post-50","1":"product","2":"type-product","3":"status-publish","4":"has-post-thumbnail","6":"product_cat-kits-de-siembra","8":"first","9":"instock","10":"taxable","11":"shipping-taxable","12":"purchasable","13":"product-type-simple"},"yoast_head":"<!-- This site is optimized with the Yoast SEO Premium plugin v27.4 (Yoast SEO v27.4) - https:\/\/yoast.com\/product\/yoast-seo-premium-wordpress\/ -->\n<title>Kit de siembra en matera de coco con faja personalizada.<\/title>\n<meta name=\"description\" content=\"Kit de siembra eco regalos \u00ae, en matera de coco con faja personalizada. Fabricantes directos de regalos ecologicos corporativos.\" \/>\n<meta name=\"robots\" content=\"index, follow, max-snippet:-1, max-image-preview:large, max-video-preview:-1\" \/>\n<link rel=\"canonical\" href=\"https:\/\/eco-regalos.com\/Colombia\/producto\/kit-bonsai-en-matera-de-coco-con-faja-personalizada\/\" \/>\n<meta property=\"og:locale\" content=\"es_ES\" \/>\n<meta property=\"og:type\" content=\"article\" \/>\n<meta property=\"og:title\" content=\"Kit de siembra personalizado con matera de coco\" \/>\n<meta property=\"og:description\" content=\"Kit de siembra personalizado ideal para regalos ecol\u00f3gicos. Germinar arboles y cultiva un decorativo y muy entretenido bonsai. El kit de siembra bonsai en matera de coco tambi\u00e9n est\u00e1 disponible para la germinaci\u00f3n de flores o huertas. El manejo del kit bonsai es f\u00e1cil y al armarlo es muy decorativo.\" \/>\n<meta property=\"og:url\" content=\"https:\/\/eco-regalos.com\/Colombia\/producto\/kit-bonsai-en-matera-de-coco-con-faja-personalizada\/\" \/>\n<meta property=\"og:site_name\" content=\"Productos Germinables y papel semilla\" \/>\n<meta property=\"article:modified_time\" content=\"2026-02-26T01:39:13+00:00\" \/>\n<meta property=\"og:image\" content=\"https:\/\/eco-regalos.com\/Colombia\/wp-content\/uploads\/2026\/02\/kit-matera-de-coco-parque-de-la-vida.jpg\" \/>\n\t<meta property=\"og:image:width\" content=\"400\" \/>\n\t<meta property=\"og:image:height\" content=\"301\" \/>\n\t<meta property=\"og:image:type\" content=\"image\/jpeg\" \/>\n<meta name=\"twitter:card\" content=\"summary_large_image\" \/>\n<meta name=\"twitter:title\" content=\"Kit de siembra personalizado con matera de coco\" \/>\n<meta name=\"twitter:description\" content=\"Kit de siembra personalizado ideal para regalos ecol\u00f3gicos. Germinar arboles y cultiva un decorativo y muy entretenido bonsai. El kit de siembra bonsai en matera de coco tambi\u00e9n est\u00e1 disponible para la germinaci\u00f3n de flores o huertas. El manejo del kit bonsai es f\u00e1cil y al armarlo es muy decorativo.\" \/>\n<meta name=\"twitter:label1\" content=\"Tiempo de lectura\" \/>\n\t<meta name=\"twitter:data1\" content=\"3 minutos\" \/>\n<script type=\"application\/ld+json\" class=\"yoast-schema-graph\">{\"@context\":\"https:\\\/\\\/schema.org\",\"@graph\":[{\"@type\":\"WebPage\",\"@id\":\"https:\\\/\\\/eco-regalos.com\\\/Colombia\\\/producto\\\/kit-bonsai-en-matera-de-coco-con-faja-personalizada\\\/\",\"url\":\"https:\\\/\\\/eco-regalos.com\\\/Colombia\\\/producto\\\/kit-bonsai-en-matera-de-coco-con-faja-personalizada\\\/\",\"name\":\"Kit de siembra en matera de coco con faja personalizada.\",\"isPartOf\":{\"@id\":\"https:\\\/\\\/eco-regalos.com\\\/Colombia\\\/#website\"},\"primaryImageOfPage\":{\"@id\":\"https:\\\/\\\/eco-regalos.com\\\/Colombia\\\/producto\\\/kit-bonsai-en-matera-de-coco-con-faja-personalizada\\\/#primaryimage\"},\"image\":{\"@id\":\"https:\\\/\\\/eco-regalos.com\\\/Colombia\\\/producto\\\/kit-bonsai-en-matera-de-coco-con-faja-personalizada\\\/#primaryimage\"},\"thumbnailUrl\":\"https:\\\/\\\/eco-regalos.com\\\/Colombia\\\/wp-content\\\/uploads\\\/2026\\\/02\\\/kit-matera-de-coco-parque-de-la-vida.jpg\",\"datePublished\":\"2018-08-05T17:32:05+00:00\",\"dateModified\":\"2026-02-26T01:39:13+00:00\",\"description\":\"Kit de siembra eco regalos \u00ae, en matera de coco con faja personalizada. Fabricantes directos de regalos ecologicos corporativos.\",\"breadcrumb\":{\"@id\":\"https:\\\/\\\/eco-regalos.com\\\/Colombia\\\/producto\\\/kit-bonsai-en-matera-de-coco-con-faja-personalizada\\\/#breadcrumb\"},\"inLanguage\":\"es\",\"potentialAction\":[{\"@type\":\"ReadAction\",\"target\":[\"https:\\\/\\\/eco-regalos.com\\\/Colombia\\\/producto\\\/kit-bonsai-en-matera-de-coco-con-faja-personalizada\\\/\"]}]},{\"@type\":\"ImageObject\",\"inLanguage\":\"es\",\"@id\":\"https:\\\/\\\/eco-regalos.com\\\/Colombia\\\/producto\\\/kit-bonsai-en-matera-de-coco-con-faja-personalizada\\\/#primaryimage\",\"url\":\"https:\\\/\\\/eco-regalos.com\\\/Colombia\\\/wp-content\\\/uploads\\\/2026\\\/02\\\/kit-matera-de-coco-parque-de-la-vida.jpg\",\"contentUrl\":\"https:\\\/\\\/eco-regalos.com\\\/Colombia\\\/wp-content\\\/uploads\\\/2026\\\/02\\\/kit-matera-de-coco-parque-de-la-vida.jpg\",\"width\":400,\"height\":301},{\"@type\":\"BreadcrumbList\",\"@id\":\"https:\\\/\\\/eco-regalos.com\\\/Colombia\\\/producto\\\/kit-bonsai-en-matera-de-coco-con-faja-personalizada\\\/#breadcrumb\",\"itemListElement\":[{\"@type\":\"ListItem\",\"position\":1,\"name\":\"Portada\",\"item\":\"https:\\\/\\\/eco-regalos.com\\\/Colombia\\\/\"},{\"@type\":\"ListItem\",\"position\":2,\"name\":\"Productos germinables para campa\u00f1as ambientalmente responsables\",\"item\":\"https:\\\/\\\/eco-regalos.com\\\/Colombia\\\/catalogo_eco_regalos\\\/\"},{\"@type\":\"ListItem\",\"position\":3,\"name\":\"Kit de siembra bons\u00e1i en matera de coco con faja\"}]},{\"@type\":\"WebSite\",\"@id\":\"https:\\\/\\\/eco-regalos.com\\\/Colombia\\\/#website\",\"url\":\"https:\\\/\\\/eco-regalos.com\\\/Colombia\\\/\",\"name\":\"Eco Regalos - Merchandising Ecol\u00f3gico\",\"description\":\"\",\"publisher\":{\"@id\":\"https:\\\/\\\/eco-regalos.com\\\/Colombia\\\/#organization\"},\"alternateName\":\"eco-regalos.com\",\"potentialAction\":[{\"@type\":\"SearchAction\",\"target\":{\"@type\":\"EntryPoint\",\"urlTemplate\":\"https:\\\/\\\/eco-regalos.com\\\/Colombia\\\/?s={search_term_string}\"},\"query-input\":{\"@type\":\"PropertyValueSpecification\",\"valueRequired\":true,\"valueName\":\"search_term_string\"}}],\"inLanguage\":\"es\"},{\"@type\":[\"Organization\",\"Place\"],\"@id\":\"https:\\\/\\\/eco-regalos.com\\\/Colombia\\\/#organization\",\"name\":\"Eco Regalos\",\"url\":\"https:\\\/\\\/eco-regalos.com\\\/Colombia\\\/\",\"logo\":{\"@id\":\"https:\\\/\\\/eco-regalos.com\\\/Colombia\\\/producto\\\/kit-bonsai-en-matera-de-coco-con-faja-personalizada\\\/#local-main-organization-logo\"},\"image\":{\"@id\":\"https:\\\/\\\/eco-regalos.com\\\/Colombia\\\/producto\\\/kit-bonsai-en-matera-de-coco-con-faja-personalizada\\\/#local-main-organization-logo\"},\"telephone\":[],\"openingHoursSpecification\":[{\"@type\":\"OpeningHoursSpecification\",\"dayOfWeek\":[\"Sunday\",\"Monday\",\"Tuesday\",\"Wednesday\",\"Thursday\",\"Friday\",\"Saturday\"],\"opens\":\"09:00\",\"closes\":\"17:00\"}]},{\"@type\":\"ImageObject\",\"inLanguage\":\"es\",\"@id\":\"https:\\\/\\\/eco-regalos.com\\\/Colombia\\\/producto\\\/kit-bonsai-en-matera-de-coco-con-faja-personalizada\\\/#local-main-organization-logo\",\"url\":\"https:\\\/\\\/eco-regalos.com\\\/Colombia\\\/wp-content\\\/uploads\\\/2020\\\/08\\\/logo-2015-con-slogan.jpg\",\"contentUrl\":\"https:\\\/\\\/eco-regalos.com\\\/Colombia\\\/wp-content\\\/uploads\\\/2020\\\/08\\\/logo-2015-con-slogan.jpg\",\"width\":1461,\"height\":1121,\"caption\":\"Eco Regalos\"}]}<\/script>\n<!-- \/ Yoast SEO Premium plugin. -->","yoast_head_json":{"title":"Kit de siembra en matera de coco con faja personalizada.","description":"Kit de siembra eco regalos \u00ae, en matera de coco con faja personalizada. Fabricantes directos de regalos ecologicos corporativos.","robots":{"index":"index","follow":"follow","max-snippet":"max-snippet:-1","max-image-preview":"max-image-preview:large","max-video-preview":"max-video-preview:-1"},"canonical":"https:\/\/eco-regalos.com\/Colombia\/producto\/kit-bonsai-en-matera-de-coco-con-faja-personalizada\/","og_locale":"es_ES","og_type":"article","og_title":"Kit de siembra personalizado con matera de coco","og_description":"Kit de siembra personalizado ideal para regalos ecol\u00f3gicos. Germinar arboles y cultiva un decorativo y muy entretenido bonsai. El kit de siembra bonsai en matera de coco tambi\u00e9n est\u00e1 disponible para la germinaci\u00f3n de flores o huertas. El manejo del kit bonsai es f\u00e1cil y al armarlo es muy decorativo.","og_url":"https:\/\/eco-regalos.com\/Colombia\/producto\/kit-bonsai-en-matera-de-coco-con-faja-personalizada\/","og_site_name":"Productos Germinables y papel semilla","article_modified_time":"2026-02-26T01:39:13+00:00","og_image":[{"width":400,"height":301,"url":"https:\/\/eco-regalos.com\/Colombia\/wp-content\/uploads\/2026\/02\/kit-matera-de-coco-parque-de-la-vida.jpg","type":"image\/jpeg"}],"twitter_card":"summary_large_image","twitter_title":"Kit de siembra personalizado con matera de coco","twitter_description":"Kit de siembra personalizado ideal para regalos ecol\u00f3gicos. Germinar arboles y cultiva un decorativo y muy entretenido bonsai. El kit de siembra bonsai en matera de coco tambi\u00e9n est\u00e1 disponible para la germinaci\u00f3n de flores o huertas. El manejo del kit bonsai es f\u00e1cil y al armarlo es muy decorativo.","twitter_misc":{"Tiempo de lectura":"3 minutos"},"schema":{"@context":"https:\/\/schema.org","@graph":[{"@type":"WebPage","@id":"https:\/\/eco-regalos.com\/Colombia\/producto\/kit-bonsai-en-matera-de-coco-con-faja-personalizada\/","url":"https:\/\/eco-regalos.com\/Colombia\/producto\/kit-bonsai-en-matera-de-coco-con-faja-personalizada\/","name":"Kit de siembra en matera de coco con faja personalizada.","isPartOf":{"@id":"https:\/\/eco-regalos.com\/Colombia\/#website"},"primaryImageOfPage":{"@id":"https:\/\/eco-regalos.com\/Colombia\/producto\/kit-bonsai-en-matera-de-coco-con-faja-personalizada\/#primaryimage"},"image":{"@id":"https:\/\/eco-regalos.com\/Colombia\/producto\/kit-bonsai-en-matera-de-coco-con-faja-personalizada\/#primaryimage"},"thumbnailUrl":"https:\/\/eco-regalos.com\/Colombia\/wp-content\/uploads\/2026\/02\/kit-matera-de-coco-parque-de-la-vida.jpg","datePublished":"2018-08-05T17:32:05+00:00","dateModified":"2026-02-26T01:39:13+00:00","description":"Kit de siembra eco regalos \u00ae, en matera de coco con faja personalizada. Fabricantes directos de regalos ecologicos corporativos.","breadcrumb":{"@id":"https:\/\/eco-regalos.com\/Colombia\/producto\/kit-bonsai-en-matera-de-coco-con-faja-personalizada\/#breadcrumb"},"inLanguage":"es","potentialAction":[{"@type":"ReadAction","target":["https:\/\/eco-regalos.com\/Colombia\/producto\/kit-bonsai-en-matera-de-coco-con-faja-personalizada\/"]}]},{"@type":"ImageObject","inLanguage":"es","@id":"https:\/\/eco-regalos.com\/Colombia\/producto\/kit-bonsai-en-matera-de-coco-con-faja-personalizada\/#primaryimage","url":"https:\/\/eco-regalos.com\/Colombia\/wp-content\/uploads\/2026\/02\/kit-matera-de-coco-parque-de-la-vida.jpg","contentUrl":"https:\/\/eco-regalos.com\/Colombia\/wp-content\/uploads\/2026\/02\/kit-matera-de-coco-parque-de-la-vida.jpg","width":400,"height":301},{"@type":"BreadcrumbList","@id":"https:\/\/eco-regalos.com\/Colombia\/producto\/kit-bonsai-en-matera-de-coco-con-faja-personalizada\/#breadcrumb","itemListElement":[{"@type":"ListItem","position":1,"name":"Portada","item":"https:\/\/eco-regalos.com\/Colombia\/"},{"@type":"ListItem","position":2,"name":"Productos germinables para campa\u00f1as ambientalmente responsables","item":"https:\/\/eco-regalos.com\/Colombia\/catalogo_eco_regalos\/"},{"@type":"ListItem","position":3,"name":"Kit de siembra bons\u00e1i en matera de coco con faja"}]},{"@type":"WebSite","@id":"https:\/\/eco-regalos.com\/Colombia\/#website","url":"https:\/\/eco-regalos.com\/Colombia\/","name":"Eco Regalos - Merchandising Ecol\u00f3gico","description":"","publisher":{"@id":"https:\/\/eco-regalos.com\/Colombia\/#organization"},"alternateName":"eco-regalos.com","potentialAction":[{"@type":"SearchAction","target":{"@type":"EntryPoint","urlTemplate":"https:\/\/eco-regalos.com\/Colombia\/?s={search_term_string}"},"query-input":{"@type":"PropertyValueSpecification","valueRequired":true,"valueName":"search_term_string"}}],"inLanguage":"es"},{"@type":["Organization","Place"],"@id":"https:\/\/eco-regalos.com\/Colombia\/#organization","name":"Eco Regalos","url":"https:\/\/eco-regalos.com\/Colombia\/","logo":{"@id":"https:\/\/eco-regalos.com\/Colombia\/producto\/kit-bonsai-en-matera-de-coco-con-faja-personalizada\/#local-main-organization-logo"},"image":{"@id":"https:\/\/eco-regalos.com\/Colombia\/producto\/kit-bonsai-en-matera-de-coco-con-faja-personalizada\/#local-main-organization-logo"},"telephone":[],"openingHoursSpecification":[{"@type":"OpeningHoursSpecification","dayOfWeek":["Sunday","Monday","Tuesday","Wednesday","Thursday","Friday","Saturday"],"opens":"09:00","closes":"17:00"}]},{"@type":"ImageObject","inLanguage":"es","@id":"https:\/\/eco-regalos.com\/Colombia\/producto\/kit-bonsai-en-matera-de-coco-con-faja-personalizada\/#local-main-organization-logo","url":"https:\/\/eco-regalos.com\/Colombia\/wp-content\/uploads\/2020\/08\/logo-2015-con-slogan.jpg","contentUrl":"https:\/\/eco-regalos.com\/Colombia\/wp-content\/uploads\/2020\/08\/logo-2015-con-slogan.jpg","width":1461,"height":1121,"caption":"Eco Regalos"}]}},"_links":{"self":[{"href":"https:\/\/eco-regalos.com\/Colombia\/wp-json\/wp\/v2\/product\/50","targetHints":{"allow":["GET"]}}],"collection":[{"href":"https:\/\/eco-regalos.com\/Colombia\/wp-json\/wp\/v2\/product"}],"about":[{"href":"https:\/\/eco-regalos.com\/Colombia\/wp-json\/wp\/v2\/types\/product"}],"replies":[{"embeddable":true,"href":"https:\/\/eco-regalos.com\/Colombia\/wp-json\/wp\/v2\/comments?post=50"}],"wp:featuredmedia":[{"embeddable":true,"href":"https:\/\/eco-regalos.com\/Colombia\/wp-json\/wp\/v2\/media\/7632"}],"wp:attachment":[{"href":"https:\/\/eco-regalos.com\/Colombia\/wp-json\/wp\/v2\/media?parent=50"}],"wp:term":[{"taxonomy":"product_brand","embeddable":true,"href":"https:\/\/eco-regalos.com\/Colombia\/wp-json\/wp\/v2\/product_brand?post=50"},{"taxonomy":"product_cat","embeddable":true,"href":"https:\/\/eco-regalos.com\/Colombia\/wp-json\/wp\/v2\/product_cat?post=50"},{"taxonomy":"product_tag","embeddable":true,"href":"https:\/\/eco-regalos.com\/Colombia\/wp-json\/wp\/v2\/product_tag?post=50"}],"curies":[{"name":"wp","href":"https:\/\/api.w.org\/{rel}","templated":true}]}}