{"id":5078,"date":"2022-09-30T13:46:13","date_gmt":"2022-09-30T18:46:13","guid":{"rendered":"http:\/\/eco-regalos.com\/colombia\/?post_type=product&#038;p=5078"},"modified":"2026-02-23T09:48:27","modified_gmt":"2026-02-23T14:48:27","slug":"sobre-germinable-para-tarjeta-postal","status":"publish","type":"product","link":"https:\/\/eco-regalos.com\/Colombia\/producto\/sobre-germinable-para-tarjeta-postal\/","title":{"rendered":"Sobres germinables para tarjetas"},"content":{"rendered":"<h4 class=\"Y3BBE\" data-hveid=\"CAEIAxAA\" data-complete=\"true\" data-processed=\"true\"><strong class=\"Yjhzub\" data-complete=\"true\" data-processed=\"true\">Sobre Germinable: Papeler\u00eda de Econom\u00eda Circular para Marcas Responsables<\/strong><\/h4>\n<div class=\"Y3BBE\" data-sfc-cp=\"\" data-hveid=\"CAEICBAA\" data-complete=\"true\" data-processed=\"true\"><strong class=\"Yjhzub\" data-complete=\"true\" data-processed=\"true\">Sobres Ecol\u00f3gicos Germinables: El Futuro de la Comunicaci\u00f3n Sostenible<\/strong><br data-serialized-params=\"[]\" data-complete=\"true\" data-processed=\"true\" \/>\u00bfBuscas una forma innovadora de que tu empresa sea percibida como l\u00edder en\u00a0<strong class=\"Yjhzub\" data-complete=\"true\" data-processed=\"true\">sostenibilidad<\/strong>? Los sobres germinables transforman la correspondencia tradicional en un\u00a0<strong class=\"Yjhzub\" data-complete=\"true\" data-processed=\"true\">oasis verde<\/strong>. Es papeler\u00eda funcional que, tras cumplir su prop\u00f3sito, se convierte en ox\u00edgeno.<\/div>\n<div data-sfc-cp=\"\" data-hveid=\"CAEICBAA\" data-complete=\"true\" data-processed=\"true\"><\/div>\n<figure id=\"attachment_5082\" aria-describedby=\"caption-attachment-5082\" style=\"width: 300px\" class=\"wp-caption aligncenter\"><a href=\"https:\/\/eco-regalos.com\/movil\/wp-content\/uploads\/2022\/09\/sobre_germinable3.jpg\"><img loading=\"lazy\" decoding=\"async\" loading=\"lazy\" class=\"eco-fade-img\" class=\"wp-image-5082 size-medium\" title=\"Sobre ecol\u00f3gico germinable\" src=\"https:\/\/eco-regalos.com\/movil\/wp-content\/uploads\/2022\/09\/sobre_germinable3-300x225.jpg\" alt=\"Sobre ecol\u00f3gico germinable\" width=\"300\" height=\"225\" srcset=\"https:\/\/eco-regalos.com\/Colombia\/wp-content\/uploads\/2022\/09\/sobre_germinable3-300x225.jpg 300w, https:\/\/eco-regalos.com\/Colombia\/wp-content\/uploads\/2022\/09\/sobre_germinable3.jpg 400w\" sizes=\"auto, (max-width: 300px) 100vw, 300px\" \/><\/a><figcaption id=\"caption-attachment-5082\" class=\"wp-caption-text\"><strong>Sobre ecol\u00f3gico germinable\u00a0<\/strong><\/figcaption><\/figure>\n<div class=\"Y3BBE\" data-sfc-cp=\"\" data-hveid=\"CAEICxAA\" data-complete=\"true\" data-processed=\"true\"><strong class=\"Yjhzub\" data-complete=\"true\" data-processed=\"true\">Usos Estrat\u00e9gicos:<\/strong><\/div>\n<ul class=\"KsbFXc U6u95\" data-complete=\"true\" data-processed=\"true\">\n<li data-hveid=\"CAEIDBAA\" data-complete=\"true\" data-sae=\"\"><span class=\"T286Pc\" data-sfc-cp=\"\" data-complete=\"true\"><strong class=\"Yjhzub\" data-complete=\"true\">Invitaciones Corporativas:<\/strong>\u00a0Haz que tu evento comience con un mensaje eco-amigable.<\/span><\/li>\n<li data-hveid=\"CAEIDBAB\" data-complete=\"true\" data-sae=\"\"><span class=\"T286Pc\" data-sfc-cp=\"\" data-complete=\"true\"><strong class=\"Yjhzub\" data-complete=\"true\">Tarjetas de Agradecimiento:<\/strong>\u00a0Un detalle que crece junto a la relaci\u00f3n con tu cliente.<\/span><\/li>\n<li data-hveid=\"CAEIDBAC\" data-complete=\"true\" data-sae=\"\"><span class=\"T286Pc\" data-sfc-cp=\"\" data-complete=\"true\"><strong class=\"Yjhzub\" data-complete=\"true\">Marketing Directo:<\/strong> Merchandising l\u00fadico que los clientes querr\u00e1n conservar y sembrar.<\/span><\/li>\n<\/ul>\n<ul>\n<li><\/li>\n<\/ul>\n<figure id=\"attachment_5081\" aria-describedby=\"caption-attachment-5081\" style=\"width: 300px\" class=\"wp-caption aligncenter\"><a href=\"https:\/\/eco-regalos.com\/movil\/wp-content\/uploads\/2022\/09\/sobre_germinable4.jpg\"><img loading=\"lazy\" decoding=\"async\" loading=\"lazy\" class=\"eco-fade-img\" class=\"wp-image-5081 size-medium\" title=\"Sobre germinable para tarjetas tama\u00f1o postal\" src=\"https:\/\/eco-regalos.com\/movil\/wp-content\/uploads\/2022\/09\/sobre_germinable4-300x225.jpg\" alt=\"Sobre germinable para tarjetas tama\u00f1o postal\" width=\"300\" height=\"225\" srcset=\"https:\/\/eco-regalos.com\/Colombia\/wp-content\/uploads\/2022\/09\/sobre_germinable4-300x225.jpg 300w, https:\/\/eco-regalos.com\/Colombia\/wp-content\/uploads\/2022\/09\/sobre_germinable4.jpg 400w\" sizes=\"auto, (max-width: 300px) 100vw, 300px\" \/><\/a><figcaption id=\"caption-attachment-5081\" class=\"wp-caption-text\"><strong>Sobre germinable para tarjetas tama\u00f1o postal<\/strong><\/figcaption><\/figure>\n<h5 class=\"Y3BBE\" data-hveid=\"CAEICRAA\" data-complete=\"true\" data-processed=\"true\"><strong class=\"Yjhzub\" data-complete=\"true\" data-processed=\"true\">Impacto y Beneficios de Marca:<\/strong><\/h5>\n<ul class=\"KsbFXc U6u95\" data-complete=\"true\" data-processed=\"true\">\n<li data-hveid=\"CAEIChAA\" data-complete=\"true\" data-sae=\"\"><span class=\"T286Pc\" data-sfc-cp=\"\" data-complete=\"true\"><strong class=\"Yjhzub\" data-complete=\"true\">Econom\u00eda Circular Real:<\/strong>\u00a0A diferencia del sobre com\u00fan, este es 100%\u00a0<strong class=\"Yjhzub\" data-complete=\"true\">compostable y sembrable<\/strong>. Elimina el desperdicio y cierra el ciclo de vida del producto devolviendo nutrientes a la tierra.<\/span><\/li>\n<li data-hveid=\"CAEIChAB\" data-complete=\"true\" data-sae=\"\"><span class=\"T286Pc\" data-sfc-cp=\"\" data-complete=\"true\"><strong class=\"Yjhzub\" data-complete=\"true\">Reputaci\u00f3n y Conciencia:<\/strong>\u00a0Entregar una invitaci\u00f3n en un sobre vivo genera una percepci\u00f3n de\u00a0<strong class=\"Yjhzub\" data-complete=\"true\">marca responsable<\/strong>\u00a0e innovadora. Es un mensaje de cuidado ambiental que perdura mucho despu\u00e9s de la lectura.<\/span><\/li>\n<li data-hveid=\"CAEIChAC\" data-complete=\"true\" data-sae=\"\"><span class=\"T286Pc\" data-sfc-cp=\"\" data-complete=\"true\"><strong class=\"Yjhzub\" data-complete=\"true\">Versatilidad de Especies:<\/strong> Elige entre una huerta fresca (cilantro, albahaca, zanahoria) o \u00e1rboles nativos y decorativos (Guayac\u00e1n, Pino, Acacia) para conectar con el prop\u00f3sito de tu evento.<\/span><\/li>\n<li data-hveid=\"CAEIChAC\" data-complete=\"true\" data-sae=\"\"><\/li>\n<\/ul>\n<h5 class=\"otQkpb\" role=\"heading\" aria-level=\"3\" data-complete=\"true\" data-processed=\"true\">Especificaciones T\u00e9cnicas y Variedades<\/h5>\n<ul class=\"KsbFXc U6u95\" data-complete=\"true\" data-processed=\"true\">\n<li data-hveid=\"CAEIDxAA\" data-complete=\"true\" data-sae=\"\"><span class=\"T286Pc\" data-sfc-cp=\"\" data-complete=\"true\"><strong class=\"Yjhzub\" data-complete=\"true\">Sistema de Cierre:<\/strong>\u00a0Cierre frontal con germinaci\u00f3n optimizada en la base.<\/span><\/li>\n<li data-hveid=\"CAEIDxAB\" data-complete=\"true\" data-sae=\"\"><span class=\"T286Pc\" data-sfc-cp=\"\" data-complete=\"true\"><strong class=\"Yjhzub\" data-complete=\"true\">Tama\u00f1os Disponibles:<\/strong><\/span>\n<ul class=\"KsbFXc U6u95\" data-complete=\"true\">\n<li data-hveid=\"CAEIDxAD\" data-complete=\"true\" data-sae=\"\"><span class=\"T286Pc\" data-sfc-cp=\"\" data-complete=\"true\"><strong class=\"Yjhzub\" data-complete=\"true\">Postal:<\/strong>\u00a010 cm x 13 cm (Perfecto para invitaciones y recordatorios).<\/span><\/li>\n<\/ul>\n<\/li>\n<li data-hveid=\"CAEIDxAE\" data-complete=\"true\" data-sae=\"\"><span class=\"T286Pc\" data-sfc-cp=\"\" data-complete=\"true\"><strong class=\"Yjhzub\" data-complete=\"true\">Personalizaci\u00f3n:<\/strong>\u00a0Impresi\u00f3n externa full color disponible para resaltar tu identidad corporativa.<\/span><\/li>\n<li data-hveid=\"CAEIDxAE\" data-complete=\"true\" data-sae=\"\"><\/li>\n<li data-hveid=\"CAEIDxAF\" data-complete=\"true\" data-sae=\"\"><span class=\"T286Pc\" data-sfc-cp=\"\" data-complete=\"true\"><strong class=\"Yjhzub\" data-complete=\"true\">Especies disponibles:<\/strong><\/span>\n<ul class=\"KsbFXc U6u95\" data-complete=\"true\">\n<li data-hveid=\"CAEIDxAG\" data-complete=\"true\" data-sae=\"\"><span class=\"T286Pc\" data-sfc-cp=\"\" data-complete=\"true\"><strong class=\"Yjhzub\" data-complete=\"true\">Huerta:<\/strong>\u00a0Lechuga, zanahoria, albahaca, cilantro, perejil.<\/span><\/li>\n<li data-hveid=\"CAEIDxAH\" data-complete=\"true\" data-sae=\"\"><span class=\"T286Pc\" data-sfc-cp=\"\" data-complete=\"true\"><strong class=\"Yjhzub\" data-complete=\"true\">\u00c1rboles:<\/strong> Guayac\u00e1n (especie nativa), acacia y pino navide\u00f1o.<\/span><\/li>\n<li data-hveid=\"CAEIDxAH\" data-complete=\"true\" data-sae=\"\"><\/li>\n<\/ul>\n<\/li>\n<\/ul>\n<p><strong>Eco-regalos<\/strong>\u00a0relacionados:<\/p>\n<p style=\"text-align: center;\"><a href=\"https:\/\/eco-regalos.com\/movil\/producto\/bolsas-ecologicas-plantables-y-germinables-para-regalo\/\">Bolsas germinables<\/a>\u00a0I\u00a0<a href=\"https:\/\/eco-regalos.com\/movil\/categoria-producto\/tarjetas-etiquetas-papel-semilla\/\">Etiquetas para regalos germinables<\/a>\u00a0I<\/p>\n<p style=\"text-align: center;\"><strong><a href=\"http:\/\/caem.org.co\/ConveniosCARCAEM\/huellacarbono\/\">Te invitamos a cuidar el planeta, haz clic y calcula tu huella de carbono para que cada d\u00eda la reduzcas con conciencia.<\/a><\/strong><\/p>\n<p>&nbsp;<\/p>\n<p>&nbsp;<\/p>\n","protected":false},"excerpt":{"rendered":"<h4 class=\"Y3BBE\" data-hveid=\"CAEIAxAA\" data-complete=\"true\" data-processed=\"true\"><strong class=\"Yjhzub\" data-complete=\"true\" data-processed=\"true\">Sobre Germinable: Papeler\u00eda de Econom\u00eda Circular para Marcas Responsables<\/strong><\/h4>\n<p><strong class=\"Yjhzub\" data-complete=\"true\" data-processed=\"true\">Convierte tus mensajes en vida.<\/strong>\u00a0Nuestros sobres en papel ecol\u00f3gico germinable son la evoluci\u00f3n de la papeler\u00eda corporativa. Dise\u00f1ados bajo un modelo de\u00a0<strong class=\"Yjhzub\" data-complete=\"true\" data-processed=\"true\">cero residuos<\/strong>, estos sobres no terminan en la basura: se siembran completos para dar vida a \u00e1rboles o huertas. Ideales para invitaciones y tarjetas de agradecimiento, son la herramienta definitiva para fortalecer la\u00a0<strong class=\"Yjhzub\" data-complete=\"true\" data-processed=\"true\">reputaci\u00f3n de tu marca<\/strong>\u00a0con un compromiso ambiental tangible y sorprendente.<\/p>\n","protected":false},"featured_media":7916,"comment_status":"open","ping_status":"closed","template":"","meta":{"_sitemap_exclude":false,"_sitemap_priority":"","_sitemap_frequency":""},"product_brand":[],"product_cat":[580],"product_tag":[],"class_list":{"0":"post-5078","1":"product","2":"type-product","3":"status-publish","4":"has-post-thumbnail","6":"product_cat-empaques-germinables","8":"first","9":"instock","10":"taxable","11":"shipping-taxable","12":"purchasable","13":"product-type-simple"},"yoast_head":"<!-- This site is optimized with the Yoast SEO Premium plugin v27.4 (Yoast SEO v27.4) - https:\/\/yoast.com\/product\/yoast-seo-premium-wordpress\/ -->\n<title>Sobre germinable para tarjeta postal<\/title>\n<meta name=\"description\" content=\"Sobre germinable para tarjeta en tama\u00f1o postal. Regala vida con tu invitaci\u00f3n.\u00a0 Siembra el sobre y germina \u00e1rboles o huertas.\u00a0\" \/>\n<meta name=\"robots\" content=\"index, follow, max-snippet:-1, max-image-preview:large, max-video-preview:-1\" \/>\n<link rel=\"canonical\" href=\"https:\/\/eco-regalos.com\/Colombia\/producto\/sobre-germinable-para-tarjeta-postal\/\" \/>\n<meta property=\"og:locale\" content=\"es_ES\" \/>\n<meta property=\"og:type\" content=\"article\" \/>\n<meta property=\"og:title\" content=\"Sobres germinables para tarjetas\" \/>\n<meta property=\"og:description\" content=\"Sobre germinable para tarjeta en tama\u00f1o postal. Regala vida con tu invitaci\u00f3n.\u00a0 Siembra el sobre y germina \u00e1rboles o huertas.\u00a0\" \/>\n<meta property=\"og:url\" content=\"https:\/\/eco-regalos.com\/Colombia\/producto\/sobre-germinable-para-tarjeta-postal\/\" \/>\n<meta property=\"og:site_name\" content=\"Merchandising Ecol\u00f3gico\" \/>\n<meta property=\"article:modified_time\" content=\"2026-02-23T14:48:27+00:00\" \/>\n<meta property=\"og:image\" content=\"https:\/\/eco-regalos.com\/Colombia\/wp-content\/uploads\/2026\/02\/sobre_germinable_semillas_tarjetas_plantables-ecologico-01.jpg\" \/>\n\t<meta property=\"og:image:width\" content=\"2081\" \/>\n\t<meta property=\"og:image:height\" content=\"1681\" \/>\n\t<meta property=\"og:image:type\" content=\"image\/jpeg\" \/>\n<meta name=\"twitter:card\" content=\"summary_large_image\" \/>\n<meta name=\"twitter:label1\" content=\"Tiempo de lectura\" \/>\n\t<meta name=\"twitter:data1\" content=\"2 minutos\" \/>\n<script type=\"application\/ld+json\" class=\"yoast-schema-graph\">{\"@context\":\"https:\\\/\\\/schema.org\",\"@graph\":[{\"@type\":\"WebPage\",\"@id\":\"https:\\\/\\\/eco-regalos.com\\\/Colombia\\\/producto\\\/sobre-germinable-para-tarjeta-postal\\\/\",\"url\":\"https:\\\/\\\/eco-regalos.com\\\/Colombia\\\/producto\\\/sobre-germinable-para-tarjeta-postal\\\/\",\"name\":\"Sobre germinable para tarjeta postal\",\"isPartOf\":{\"@id\":\"https:\\\/\\\/eco-regalos.com\\\/Colombia\\\/#website\"},\"primaryImageOfPage\":{\"@id\":\"https:\\\/\\\/eco-regalos.com\\\/Colombia\\\/producto\\\/sobre-germinable-para-tarjeta-postal\\\/#primaryimage\"},\"image\":{\"@id\":\"https:\\\/\\\/eco-regalos.com\\\/Colombia\\\/producto\\\/sobre-germinable-para-tarjeta-postal\\\/#primaryimage\"},\"thumbnailUrl\":\"https:\\\/\\\/eco-regalos.com\\\/Colombia\\\/wp-content\\\/uploads\\\/2026\\\/02\\\/sobre_germinable_semillas_tarjetas_plantables-ecologico-01.jpg\",\"datePublished\":\"2022-09-30T18:46:13+00:00\",\"dateModified\":\"2026-02-23T14:48:27+00:00\",\"description\":\"Sobre germinable para tarjeta en tama\u00f1o postal. Regala vida con tu invitaci\u00f3n.\u00a0 Siembra el sobre y germina \u00e1rboles o huertas.\u00a0\",\"breadcrumb\":{\"@id\":\"https:\\\/\\\/eco-regalos.com\\\/Colombia\\\/producto\\\/sobre-germinable-para-tarjeta-postal\\\/#breadcrumb\"},\"inLanguage\":\"es\",\"potentialAction\":[{\"@type\":\"ReadAction\",\"target\":[\"https:\\\/\\\/eco-regalos.com\\\/Colombia\\\/producto\\\/sobre-germinable-para-tarjeta-postal\\\/\"]}]},{\"@type\":\"ImageObject\",\"inLanguage\":\"es\",\"@id\":\"https:\\\/\\\/eco-regalos.com\\\/Colombia\\\/producto\\\/sobre-germinable-para-tarjeta-postal\\\/#primaryimage\",\"url\":\"https:\\\/\\\/eco-regalos.com\\\/Colombia\\\/wp-content\\\/uploads\\\/2026\\\/02\\\/sobre_germinable_semillas_tarjetas_plantables-ecologico-01.jpg\",\"contentUrl\":\"https:\\\/\\\/eco-regalos.com\\\/Colombia\\\/wp-content\\\/uploads\\\/2026\\\/02\\\/sobre_germinable_semillas_tarjetas_plantables-ecologico-01.jpg\",\"width\":2081,\"height\":1681},{\"@type\":\"BreadcrumbList\",\"@id\":\"https:\\\/\\\/eco-regalos.com\\\/Colombia\\\/producto\\\/sobre-germinable-para-tarjeta-postal\\\/#breadcrumb\",\"itemListElement\":[{\"@type\":\"ListItem\",\"position\":1,\"name\":\"Portada\",\"item\":\"https:\\\/\\\/eco-regalos.com\\\/Colombia\\\/\"},{\"@type\":\"ListItem\",\"position\":2,\"name\":\"Productos germinables para campa\u00f1as ambientalmente responsables\",\"item\":\"https:\\\/\\\/eco-regalos.com\\\/Colombia\\\/catalogo_eco_regalos\\\/\"},{\"@type\":\"ListItem\",\"position\":3,\"name\":\"Sobres germinables para tarjetas\"}]},{\"@type\":\"WebSite\",\"@id\":\"https:\\\/\\\/eco-regalos.com\\\/Colombia\\\/#website\",\"url\":\"https:\\\/\\\/eco-regalos.com\\\/Colombia\\\/\",\"name\":\"Eco Regalos - Merchandising Ecol\u00f3gico\",\"description\":\"Papel Semilla\",\"publisher\":{\"@id\":\"https:\\\/\\\/eco-regalos.com\\\/Colombia\\\/#organization\"},\"alternateName\":\"eco-regalos.com\",\"potentialAction\":[{\"@type\":\"SearchAction\",\"target\":{\"@type\":\"EntryPoint\",\"urlTemplate\":\"https:\\\/\\\/eco-regalos.com\\\/Colombia\\\/?s={search_term_string}\"},\"query-input\":{\"@type\":\"PropertyValueSpecification\",\"valueRequired\":true,\"valueName\":\"search_term_string\"}}],\"inLanguage\":\"es\"},{\"@type\":[\"Organization\",\"Place\"],\"@id\":\"https:\\\/\\\/eco-regalos.com\\\/Colombia\\\/#organization\",\"name\":\"Eco Regalos\",\"url\":\"https:\\\/\\\/eco-regalos.com\\\/Colombia\\\/\",\"logo\":{\"@id\":\"https:\\\/\\\/eco-regalos.com\\\/Colombia\\\/producto\\\/sobre-germinable-para-tarjeta-postal\\\/#local-main-organization-logo\"},\"image\":{\"@id\":\"https:\\\/\\\/eco-regalos.com\\\/Colombia\\\/producto\\\/sobre-germinable-para-tarjeta-postal\\\/#local-main-organization-logo\"},\"telephone\":[],\"openingHoursSpecification\":[{\"@type\":\"OpeningHoursSpecification\",\"dayOfWeek\":[\"Sunday\",\"Monday\",\"Tuesday\",\"Wednesday\",\"Thursday\",\"Friday\",\"Saturday\"],\"opens\":\"09:00\",\"closes\":\"17:00\"}]},{\"@type\":\"ImageObject\",\"inLanguage\":\"es\",\"@id\":\"https:\\\/\\\/eco-regalos.com\\\/Colombia\\\/producto\\\/sobre-germinable-para-tarjeta-postal\\\/#local-main-organization-logo\",\"url\":\"https:\\\/\\\/eco-regalos.com\\\/Colombia\\\/wp-content\\\/uploads\\\/2020\\\/08\\\/logo-2015-con-slogan.jpg\",\"contentUrl\":\"https:\\\/\\\/eco-regalos.com\\\/Colombia\\\/wp-content\\\/uploads\\\/2020\\\/08\\\/logo-2015-con-slogan.jpg\",\"width\":1461,\"height\":1121,\"caption\":\"Eco Regalos\"}]}<\/script>\n<!-- \/ Yoast SEO Premium plugin. -->","yoast_head_json":{"title":"Sobre germinable para tarjeta postal","description":"Sobre germinable para tarjeta en tama\u00f1o postal. Regala vida con tu invitaci\u00f3n.\u00a0 Siembra el sobre y germina \u00e1rboles o huertas.\u00a0","robots":{"index":"index","follow":"follow","max-snippet":"max-snippet:-1","max-image-preview":"max-image-preview:large","max-video-preview":"max-video-preview:-1"},"canonical":"https:\/\/eco-regalos.com\/Colombia\/producto\/sobre-germinable-para-tarjeta-postal\/","og_locale":"es_ES","og_type":"article","og_title":"Sobres germinables para tarjetas","og_description":"Sobre germinable para tarjeta en tama\u00f1o postal. Regala vida con tu invitaci\u00f3n.\u00a0 Siembra el sobre y germina \u00e1rboles o huertas.\u00a0","og_url":"https:\/\/eco-regalos.com\/Colombia\/producto\/sobre-germinable-para-tarjeta-postal\/","og_site_name":"Merchandising Ecol\u00f3gico","article_modified_time":"2026-02-23T14:48:27+00:00","og_image":[{"width":2081,"height":1681,"url":"https:\/\/eco-regalos.com\/Colombia\/wp-content\/uploads\/2026\/02\/sobre_germinable_semillas_tarjetas_plantables-ecologico-01.jpg","type":"image\/jpeg"}],"twitter_card":"summary_large_image","twitter_misc":{"Tiempo de lectura":"2 minutos"},"schema":{"@context":"https:\/\/schema.org","@graph":[{"@type":"WebPage","@id":"https:\/\/eco-regalos.com\/Colombia\/producto\/sobre-germinable-para-tarjeta-postal\/","url":"https:\/\/eco-regalos.com\/Colombia\/producto\/sobre-germinable-para-tarjeta-postal\/","name":"Sobre germinable para tarjeta postal","isPartOf":{"@id":"https:\/\/eco-regalos.com\/Colombia\/#website"},"primaryImageOfPage":{"@id":"https:\/\/eco-regalos.com\/Colombia\/producto\/sobre-germinable-para-tarjeta-postal\/#primaryimage"},"image":{"@id":"https:\/\/eco-regalos.com\/Colombia\/producto\/sobre-germinable-para-tarjeta-postal\/#primaryimage"},"thumbnailUrl":"https:\/\/eco-regalos.com\/Colombia\/wp-content\/uploads\/2026\/02\/sobre_germinable_semillas_tarjetas_plantables-ecologico-01.jpg","datePublished":"2022-09-30T18:46:13+00:00","dateModified":"2026-02-23T14:48:27+00:00","description":"Sobre germinable para tarjeta en tama\u00f1o postal. Regala vida con tu invitaci\u00f3n.\u00a0 Siembra el sobre y germina \u00e1rboles o huertas.\u00a0","breadcrumb":{"@id":"https:\/\/eco-regalos.com\/Colombia\/producto\/sobre-germinable-para-tarjeta-postal\/#breadcrumb"},"inLanguage":"es","potentialAction":[{"@type":"ReadAction","target":["https:\/\/eco-regalos.com\/Colombia\/producto\/sobre-germinable-para-tarjeta-postal\/"]}]},{"@type":"ImageObject","inLanguage":"es","@id":"https:\/\/eco-regalos.com\/Colombia\/producto\/sobre-germinable-para-tarjeta-postal\/#primaryimage","url":"https:\/\/eco-regalos.com\/Colombia\/wp-content\/uploads\/2026\/02\/sobre_germinable_semillas_tarjetas_plantables-ecologico-01.jpg","contentUrl":"https:\/\/eco-regalos.com\/Colombia\/wp-content\/uploads\/2026\/02\/sobre_germinable_semillas_tarjetas_plantables-ecologico-01.jpg","width":2081,"height":1681},{"@type":"BreadcrumbList","@id":"https:\/\/eco-regalos.com\/Colombia\/producto\/sobre-germinable-para-tarjeta-postal\/#breadcrumb","itemListElement":[{"@type":"ListItem","position":1,"name":"Portada","item":"https:\/\/eco-regalos.com\/Colombia\/"},{"@type":"ListItem","position":2,"name":"Productos germinables para campa\u00f1as ambientalmente responsables","item":"https:\/\/eco-regalos.com\/Colombia\/catalogo_eco_regalos\/"},{"@type":"ListItem","position":3,"name":"Sobres germinables para tarjetas"}]},{"@type":"WebSite","@id":"https:\/\/eco-regalos.com\/Colombia\/#website","url":"https:\/\/eco-regalos.com\/Colombia\/","name":"Eco Regalos - Merchandising Ecol\u00f3gico","description":"Papel Semilla","publisher":{"@id":"https:\/\/eco-regalos.com\/Colombia\/#organization"},"alternateName":"eco-regalos.com","potentialAction":[{"@type":"SearchAction","target":{"@type":"EntryPoint","urlTemplate":"https:\/\/eco-regalos.com\/Colombia\/?s={search_term_string}"},"query-input":{"@type":"PropertyValueSpecification","valueRequired":true,"valueName":"search_term_string"}}],"inLanguage":"es"},{"@type":["Organization","Place"],"@id":"https:\/\/eco-regalos.com\/Colombia\/#organization","name":"Eco Regalos","url":"https:\/\/eco-regalos.com\/Colombia\/","logo":{"@id":"https:\/\/eco-regalos.com\/Colombia\/producto\/sobre-germinable-para-tarjeta-postal\/#local-main-organization-logo"},"image":{"@id":"https:\/\/eco-regalos.com\/Colombia\/producto\/sobre-germinable-para-tarjeta-postal\/#local-main-organization-logo"},"telephone":[],"openingHoursSpecification":[{"@type":"OpeningHoursSpecification","dayOfWeek":["Sunday","Monday","Tuesday","Wednesday","Thursday","Friday","Saturday"],"opens":"09:00","closes":"17:00"}]},{"@type":"ImageObject","inLanguage":"es","@id":"https:\/\/eco-regalos.com\/Colombia\/producto\/sobre-germinable-para-tarjeta-postal\/#local-main-organization-logo","url":"https:\/\/eco-regalos.com\/Colombia\/wp-content\/uploads\/2020\/08\/logo-2015-con-slogan.jpg","contentUrl":"https:\/\/eco-regalos.com\/Colombia\/wp-content\/uploads\/2020\/08\/logo-2015-con-slogan.jpg","width":1461,"height":1121,"caption":"Eco Regalos"}]}},"_links":{"self":[{"href":"https:\/\/eco-regalos.com\/Colombia\/wp-json\/wp\/v2\/product\/5078","targetHints":{"allow":["GET"]}}],"collection":[{"href":"https:\/\/eco-regalos.com\/Colombia\/wp-json\/wp\/v2\/product"}],"about":[{"href":"https:\/\/eco-regalos.com\/Colombia\/wp-json\/wp\/v2\/types\/product"}],"replies":[{"embeddable":true,"href":"https:\/\/eco-regalos.com\/Colombia\/wp-json\/wp\/v2\/comments?post=5078"}],"wp:featuredmedia":[{"embeddable":true,"href":"https:\/\/eco-regalos.com\/Colombia\/wp-json\/wp\/v2\/media\/7916"}],"wp:attachment":[{"href":"https:\/\/eco-regalos.com\/Colombia\/wp-json\/wp\/v2\/media?parent=5078"}],"wp:term":[{"taxonomy":"product_brand","embeddable":true,"href":"https:\/\/eco-regalos.com\/Colombia\/wp-json\/wp\/v2\/product_brand?post=5078"},{"taxonomy":"product_cat","embeddable":true,"href":"https:\/\/eco-regalos.com\/Colombia\/wp-json\/wp\/v2\/product_cat?post=5078"},{"taxonomy":"product_tag","embeddable":true,"href":"https:\/\/eco-regalos.com\/Colombia\/wp-json\/wp\/v2\/product_tag?post=5078"}],"curies":[{"name":"wp","href":"https:\/\/api.w.org\/{rel}","templated":true}]}}