{"id":525,"date":"2018-08-07T15:09:52","date_gmt":"2018-08-07T20:09:52","guid":{"rendered":"http:\/\/eco-regalos.com\/colombia\/?post_type=product&#038;p=525"},"modified":"2026-03-05T11:01:53","modified_gmt":"2026-03-05T16:01:53","slug":"suculentas-para-regalos-corporativos-en-caja-personalizada","status":"publish","type":"product","link":"https:\/\/eco-regalos.com\/Colombia\/producto\/suculentas-para-regalos-corporativos-en-caja-personalizada\/","title":{"rendered":"Suculentas beb\u00e9s"},"content":{"rendered":"<h4 class=\"otQkpb\" role=\"heading\" aria-level=\"3\" data-complete=\"true\" data-processed=\"true\">Eco-Regalos\u00ae: Suculentas en Caja Personalizada para Conectar con Vida<\/h4>\n<h4 class=\"Y3BBE\" data-hveid=\"CAEIBBAA\" data-complete=\"true\" data-processed=\"true\">Fomenta el\u00a0<strong class=\"Yjhzub\" data-complete=\"true\" data-processed=\"true\">bienestar laboral<\/strong>\u00a0y la armon\u00eda con un detalle que respira.<\/h4>\n<div class=\"Y3BBE\" data-sfc-cp=\"\" data-hveid=\"CAEIBBAA\" data-complete=\"true\" data-processed=\"true\">Nuestras\u00a0<strong class=\"Yjhzub\" data-complete=\"true\" data-processed=\"true\">Suculentas en Caja Personalizada<\/strong>\u00a0son el inicio de una historia: peque\u00f1as plantas beb\u00e9 con un sistema radicular fuerte, listas para ser trasplantadas y crecer junto a tus clientes y colaboradores.<button class=\"rBl3me\" tabindex=\"0\" data-amic=\"true\" data-icl-uuid=\"fb07e11b-443f-487b-9d42-569d80cde840\" aria-label=\"Ver v\u00ednculos relacionados\" data-wiz-attrbind=\"disabled=U2xOgd_s\/C5gNJc;aria-label=U2xOgd_s\/bOjMyf;class=U2xOgd_s\/UpSNec\" data-ved=\"2ahUKEwji3c-GuPOSAxXMRDABHWJCBccQye0OegYIAQgEEAE\"><\/button><\/div>\n<div class=\"Y3BBE\" data-sfc-cp=\"\" data-hveid=\"CAEIBRAA\" data-complete=\"true\" data-processed=\"true\">Este kit est\u00e1 dise\u00f1ado para crear una\u00a0<strong class=\"Yjhzub\" data-complete=\"true\" data-processed=\"true\">conexi\u00f3n emocional<\/strong> duradera, convirti\u00e9ndose en un s\u00edmbolo de crecimiento y cuidado en cualquier entorno de trabajo.<\/div>\n<div class=\"Fsg96\" data-sfc-cp=\"\" data-complete=\"true\" data-processed=\"true\"><\/div>\n<h5 class=\"otQkpb\" role=\"heading\" aria-level=\"3\" data-complete=\"true\" data-processed=\"true\">M\u00e1xima Facilidad de Transporte y Protecci\u00f3n<\/h5>\n<div class=\"Y3BBE\" data-sfc-cp=\"\" data-hveid=\"CAEIBxAA\" data-complete=\"true\" data-processed=\"true\">Sabemos que la log\u00edstica es clave. Por eso, este producto destaca por su\u00a0<strong class=\"Yjhzub\" data-complete=\"true\" data-processed=\"true\">facilidad de transporte<\/strong>. La caja individual ha sido dise\u00f1ada para proteger la integridad de la suculenta, permitiendo su env\u00edo a trav\u00e9s de\u00a0<strong class=\"Yjhzub\" data-complete=\"true\" data-processed=\"true\">correo, mensajer\u00eda o incluso en sobres de manila<\/strong>. El lateral descubierto garantiza que la planta respire y sea visible, mientras que su estructura robusta evita que sufra da\u00f1os durante el trayecto.<button class=\"rBl3me\" tabindex=\"0\" data-amic=\"true\" data-icl-uuid=\"ac86fcf1-178d-4c81-b3f8-68c6ee801bd0\" aria-label=\"Ver v\u00ednculos relacionados\" data-wiz-attrbind=\"disabled=U2xOgd_18\/C5gNJc;aria-label=U2xOgd_18\/bOjMyf;class=U2xOgd_18\/UpSNec\" data-ved=\"2ahUKEwji3c-GuPOSAxXMRDABHWJCBccQye0OegYIAQgHEAE\"><\/button><\/div>\n<div class=\"Fsg96\" data-sfc-cp=\"\" data-complete=\"true\" data-processed=\"true\"><\/div>\n<h5 class=\"otQkpb\" role=\"heading\" aria-level=\"3\" data-processed=\"true\" data-complete=\"true\">Caracter\u00edsticas del Kit de Siembra Miniatura:<\/h5>\n<ul class=\"KsbFXc U6u95\" data-complete=\"true\" data-processed=\"true\">\n<li class=\"dF3vjf\" data-hveid=\"CAEICRAA\" data-complete=\"true\" data-sae=\"\"><span class=\"T286Pc\" data-sfc-cp=\"\" data-complete=\"true\"><strong class=\"Yjhzub\" data-complete=\"true\">Ser Vivo Adaptable:<\/strong>\u00a0Suculentas miniatura (algunas florecidas) con ra\u00edces desarrolladas para un trasplante exitoso y r\u00e1pido crecimiento.<\/span><\/li>\n<li class=\"dF3vjf\" data-hveid=\"CAEICRAB\" data-complete=\"true\" data-sae=\"\"><span class=\"T286Pc\" data-sfc-cp=\"\" data-complete=\"true\"><strong class=\"Yjhzub\" data-complete=\"true\">Empaque Inteligente:<\/strong>\u00a0Caja protectora que funciona como vitrina y sistema de ventilaci\u00f3n.<\/span><\/li>\n<li class=\"dF3vjf\" data-hveid=\"CAEICRAC\" data-complete=\"true\" data-sae=\"\"><span class=\"T286Pc\" data-sfc-cp=\"\" data-complete=\"true\"><strong class=\"Yjhzub\" data-complete=\"true\">Versatilidad:<\/strong>\u00a0Un regalo que se adapta tanto a interiores como exteriores, ideal para colocar al lado del computador.<\/span><\/li>\n<li class=\"dF3vjf\" data-hveid=\"CAEICRAD\" data-complete=\"true\" data-sae=\"\"><span class=\"T286Pc\" data-sfc-cp=\"\" data-complete=\"true\"><strong class=\"Yjhzub\" data-complete=\"true\">Recordaci\u00f3n de Marca:<\/strong> Personalizaci\u00f3n de alto impacto que mantiene tu identidad presente en el proceso de siembra.<\/span><\/li>\n<\/ul>\n<div class=\"Fsg96\" data-sfc-cp=\"\" data-complete=\"true\" data-processed=\"true\"><\/div>\n<h5 class=\"otQkpb\" role=\"heading\" aria-level=\"3\" data-complete=\"true\" data-processed=\"true\">Especificaciones y Personalizaci\u00f3n<\/h5>\n<div class=\"Y3BBE\" data-sfc-cp=\"\" data-hveid=\"CAEIDBAA\" data-complete=\"true\" data-processed=\"true\">Haz que tu marca sea parte de este proceso de vida con nuestros\u00a0<strong class=\"Yjhzub\" data-complete=\"true\" data-processed=\"true\">Eco-Regalos\u00ae<\/strong>:<\/div>\n<div data-sfc-cp=\"\" data-hveid=\"CAEIDBAA\" data-complete=\"true\" data-processed=\"true\"><\/div>\n<ul class=\"KsbFXc U6u95\" data-complete=\"true\" data-processed=\"true\">\n<li class=\"dF3vjf\" data-hveid=\"CAEIDRAA\" data-complete=\"true\" data-sae=\"\">\n<h5><span class=\"T286Pc\" data-sfc-cp=\"\" data-complete=\"true\"><strong class=\"Yjhzub\" data-complete=\"true\">Personalizaci\u00f3n Full Color:<\/strong><\/span><\/h5>\n<ul class=\"KsbFXc U6u95\" data-complete=\"true\">\n<li class=\"dF3vjf\" data-hveid=\"CAEIDRAB\" data-complete=\"true\" data-sae=\"\"><span class=\"T286Pc\" data-sfc-cp=\"\" data-complete=\"true\">A partir de 20 unidades: 2 caras personalizadas.<\/span><\/li>\n<li class=\"dF3vjf\" data-hveid=\"CAEIDRAC\" data-complete=\"true\" data-sae=\"\"><span class=\"T286Pc\" data-sfc-cp=\"\" data-complete=\"true\">A partir de 100 unidades: Caja totalmente personalizada con tu dise\u00f1o.<\/span><\/li>\n<\/ul>\n<\/li>\n<li class=\"dF3vjf\" data-hveid=\"CAEIDRAD\" data-complete=\"true\" data-sae=\"\"><span class=\"T286Pc\" data-sfc-cp=\"\" data-complete=\"true\"><strong class=\"Yjhzub\" data-complete=\"true\">Dimensiones:<\/strong>\u00a0Tama\u00f1o ideal para env\u00edos masivos y distribuci\u00f3n \u00e1gil.<\/span><\/li>\n<li data-hveid=\"CAEIDRAD\" data-complete=\"true\" data-sae=\"\"><\/li>\n<li class=\"dF3vjf\" data-hveid=\"CAEIDRAE\" data-complete=\"true\" data-sae=\"\"><span class=\"T286Pc\" data-sfc-cp=\"\" data-complete=\"true\"><strong class=\"Yjhzub\" data-complete=\"true\">Nota Importante:<\/strong>\u00a0Este producto est\u00e1 dise\u00f1ado para ser trasplantado;\u00a0<strong class=\"Yjhzub\" data-complete=\"true\">no incluye matera<\/strong>, permitiendo que el usuario elija el hogar definitivo para su nueva planta.<\/span><\/li>\n<\/ul>\n<div class=\"Fsg96\" data-sfc-cp=\"\" data-complete=\"true\" data-processed=\"true\"><\/div>\n<h5 class=\"otQkpb\" role=\"heading\" aria-level=\"3\" data-complete=\"true\" data-processed=\"true\">Gu\u00eda de Cuidado y Bienestar: Despu\u00e9s de la Siembra<\/h5>\n<div class=\"Y3BBE\" data-sfc-cp=\"\" data-hveid=\"CAEIEBAA\" data-complete=\"true\" data-processed=\"true\">La interacci\u00f3n con la naturaleza reduce el estr\u00e9s. Sigue estos pasos para que tu suculenta prospere:<\/div>\n<ol class=\"IaGLZe VimKh\" data-complete=\"true\" data-processed=\"true\">\n<li class=\"dF3vjf\" data-hveid=\"CAEIERAA\" data-complete=\"true\" data-sae=\"\"><span class=\"T286Pc\" data-sfc-cp=\"\" data-complete=\"true\"><strong class=\"Yjhzub\" data-complete=\"true\">Trasplante:<\/strong>\u00a0Siembra en un matero con tierra abonada y piedras blancas (cal).<\/span><\/li>\n<li class=\"dF3vjf\" data-hveid=\"CAEIERAB\" data-complete=\"true\" data-sae=\"\"><span class=\"T286Pc\" data-sfc-cp=\"\" data-complete=\"true\"><strong class=\"Yjhzub\" data-complete=\"true\">Luz y Color:<\/strong>\u00a0Su tonalidad cambiar\u00e1 seg\u00fan la exposici\u00f3n a la luz; prefiere lugares ventilados y semi-sombra.<\/span><\/li>\n<li class=\"dF3vjf\" data-hveid=\"CAEIERAC\" data-complete=\"true\" data-sae=\"\"><span class=\"T286Pc\" data-sfc-cp=\"\" data-complete=\"true\"><strong class=\"Yjhzub\" data-complete=\"true\">Riego Consciente:<\/strong>\u00a0Al comportarse como un cactus, solo necesita agua 2 veces por semana.<\/span><\/li>\n<li class=\"dF3vjf\" data-hveid=\"CAEIERAD\" data-complete=\"true\" data-sae=\"\"><span class=\"T286Pc\" data-sfc-cp=\"\" data-complete=\"true\" aria-owns=\"action-menu-parent-container\"><strong class=\"Yjhzub\" data-complete=\"true\">Ubicaci\u00f3n:<\/strong>\u00a0Perfectas para el escritorio, aportando frescura a la jornada laboral<\/span><\/li>\n<\/ol>\n<p><strong>eco regalos \u00ae SIMILARES<\/strong><\/p>\n<p style=\"text-align: center;\"><a href=\"https:\/\/eco-regalos.com\/movil\/producto\/suculenta-en-mini-matera-de-madera-con-caja-en-cartulina-de-cana\/\">Suculenta en mini matera de madera<\/a> I <a href=\"https:\/\/eco-regalos.com\/movil\/producto\/suculenta-en-cajita-de-regalo-matera-la-cajita-es-a-la-vez-la-matera9\/\">Suculenta en cajita de regalo<\/a> I<\/p>\n<p><iframe title=\"Mini jard\u00edn de suculentas\" width=\"640\" height=\"360\" src=\"https:\/\/www.youtube.com\/embed\/EuoENPF9bKI?feature=oembed\" frameborder=\"0\" allow=\"accelerometer; autoplay; clipboard-write; encrypted-media; gyroscope; picture-in-picture; web-share\" referrerpolicy=\"strict-origin-when-cross-origin\" allowfullscreen><\/iframe><\/p>\n<p>&nbsp;<\/p>\n","protected":false},"excerpt":{"rendered":"<h4 class=\"Y3BBE\" data-hveid=\"CAEIFBAA\" data-complete=\"true\" data-processed=\"true\"><strong class=\"Yjhzub\" data-complete=\"true\" data-processed=\"true\">Suculenta en Caja Personalizada: El Eco-Regalo\u00ae Ideal para Env\u00edos Masivos<\/strong><\/h4>\n<div class=\"Y3BBE\" data-sfc-cp=\"\" data-hveid=\"CAEIFRAA\" data-complete=\"true\" data-processed=\"true\">Lleva\u00a0<strong class=\"Yjhzub\" data-complete=\"true\" data-processed=\"true\">bienestar<\/strong>\u00a0y vida a cualquier rinc\u00f3n con nuestra suculenta miniatura en caja de protecci\u00f3n. Dise\u00f1ada para una\u00a0<strong class=\"Yjhzub\" data-complete=\"true\" data-processed=\"true\">facilidad de transporte<\/strong>\u00a0total, esta planta beb\u00e9 puede enviarse por correo o sobre de manila sin riesgo. Es el detalle perfecto para generar\u00a0<strong class=\"Yjhzub\" data-complete=\"true\" data-processed=\"true\">conexi\u00f3n con tus clientes<\/strong> a trav\u00e9s de un ser vivo que crece y perdura.<\/div>\n<div class=\"Y3BBE\" data-sfc-cp=\"\" data-hveid=\"CAEIFhAA\" data-complete=\"true\" data-processed=\"true\"><strong class=\"Yjhzub\" data-complete=\"true\" data-processed=\"true\">El contenido incluye:<\/strong><\/div>\n<ul class=\"KsbFXc U6u95\" data-complete=\"true\" data-processed=\"true\">\n<li class=\"dF3vjf\" data-hveid=\"CAEIFxAA\" data-complete=\"true\" data-sae=\"\"><span class=\"T286Pc\" data-sfc-cp=\"\" data-complete=\"true\"><strong class=\"Yjhzub\" data-complete=\"true\">Suculenta miniatura viva:<\/strong>\u00a0Con ra\u00edz desarrollada, lista para trasplantar.<\/span><\/li>\n<li class=\"dF3vjf\" data-hveid=\"CAEIFxAB\" data-complete=\"true\" data-sae=\"\"><span class=\"T286Pc\" data-sfc-cp=\"\" data-complete=\"true\"><strong class=\"Yjhzub\" data-complete=\"true\">Caja protectora respirable:<\/strong>\u00a0Dise\u00f1o que permite la observaci\u00f3n y ventilaci\u00f3n.<\/span><\/li>\n<li class=\"dF3vjf\" data-hveid=\"CAEIFxAC\" data-complete=\"true\" data-sae=\"\"><span class=\"T286Pc\" data-sfc-cp=\"\" data-complete=\"true\"><strong class=\"Yjhzub\" data-complete=\"true\">Personalizaci\u00f3n Full Color:<\/strong>\u00a0Tu marca en un empaque de alto impacto visual.<\/span><\/li>\n<\/ul>\n","protected":false},"featured_media":8032,"comment_status":"open","ping_status":"closed","template":"","meta":{"_sitemap_exclude":false,"_sitemap_priority":"","_sitemap_frequency":""},"product_brand":[],"product_cat":[582],"product_tag":[],"class_list":{"0":"post-525","1":"product","2":"type-product","3":"status-publish","4":"has-post-thumbnail","6":"product_cat-bonsai-y-plantas-vivas","8":"first","9":"instock","10":"taxable","11":"shipping-taxable","12":"purchasable","13":"product-type-simple"},"yoast_head":"<!-- This site is optimized with the Yoast SEO Premium plugin v27.3 (Yoast SEO v27.3) - https:\/\/yoast.com\/product\/yoast-seo-premium-wordpress\/ -->\n<title>Suculentas para regalos corporativos en caja personalizada.<\/title>\n<meta name=\"description\" content=\"Suculentas para regalos corporativos en caja personalizada. Retira la suculenta de la caja y siembra. Especies variadas para hacer un jard\u00edn.\" \/>\n<meta name=\"robots\" content=\"index, follow, max-snippet:-1, max-image-preview:large, max-video-preview:-1\" \/>\n<link rel=\"canonical\" href=\"https:\/\/eco-regalos.com\/Colombia\/producto\/suculentas-para-regalos-corporativos-en-caja-personalizada\/\" \/>\n<meta property=\"og:locale\" content=\"es_ES\" \/>\n<meta property=\"og:type\" content=\"article\" \/>\n<meta property=\"og:title\" content=\"Suculentas beb\u00e9s\" \/>\n<meta property=\"og:description\" content=\"Suculentas para regalos corporativos en caja personalizada. Retira la suculenta de la caja y siembra. Especies variadas para hacer un jard\u00edn.\" \/>\n<meta property=\"og:url\" content=\"https:\/\/eco-regalos.com\/Colombia\/producto\/suculentas-para-regalos-corporativos-en-caja-personalizada\/\" \/>\n<meta property=\"og:site_name\" content=\"Productos Germinables y papel semilla\" \/>\n<meta property=\"article:modified_time\" content=\"2026-03-05T16:01:53+00:00\" \/>\n<meta property=\"og:image\" content=\"https:\/\/eco-regalos.com\/Colombia\/wp-content\/uploads\/2026\/02\/SUCULENTAS-BEBE_al_por_mayor_personalizadas_eventos.jpg\" \/>\n\t<meta property=\"og:image:width\" content=\"401\" \/>\n\t<meta property=\"og:image:height\" content=\"301\" \/>\n\t<meta property=\"og:image:type\" content=\"image\/jpeg\" \/>\n<meta name=\"twitter:card\" content=\"summary_large_image\" \/>\n<meta name=\"twitter:label1\" content=\"Tiempo de lectura\" \/>\n\t<meta name=\"twitter:data1\" content=\"2 minutos\" \/>\n<script type=\"application\/ld+json\" class=\"yoast-schema-graph\">{\"@context\":\"https:\\\/\\\/schema.org\",\"@graph\":[{\"@type\":\"WebPage\",\"@id\":\"https:\\\/\\\/eco-regalos.com\\\/Colombia\\\/producto\\\/suculentas-para-regalos-corporativos-en-caja-personalizada\\\/\",\"url\":\"https:\\\/\\\/eco-regalos.com\\\/Colombia\\\/producto\\\/suculentas-para-regalos-corporativos-en-caja-personalizada\\\/\",\"name\":\"Suculentas para regalos corporativos en caja personalizada.\",\"isPartOf\":{\"@id\":\"https:\\\/\\\/eco-regalos.com\\\/Colombia\\\/#website\"},\"primaryImageOfPage\":{\"@id\":\"https:\\\/\\\/eco-regalos.com\\\/Colombia\\\/producto\\\/suculentas-para-regalos-corporativos-en-caja-personalizada\\\/#primaryimage\"},\"image\":{\"@id\":\"https:\\\/\\\/eco-regalos.com\\\/Colombia\\\/producto\\\/suculentas-para-regalos-corporativos-en-caja-personalizada\\\/#primaryimage\"},\"thumbnailUrl\":\"https:\\\/\\\/eco-regalos.com\\\/Colombia\\\/wp-content\\\/uploads\\\/2026\\\/02\\\/SUCULENTAS-BEBE_al_por_mayor_personalizadas_eventos.jpg\",\"datePublished\":\"2018-08-07T20:09:52+00:00\",\"dateModified\":\"2026-03-05T16:01:53+00:00\",\"description\":\"Suculentas para regalos corporativos en caja personalizada. Retira la suculenta de la caja y siembra. Especies variadas para hacer un jard\u00edn.\",\"breadcrumb\":{\"@id\":\"https:\\\/\\\/eco-regalos.com\\\/Colombia\\\/producto\\\/suculentas-para-regalos-corporativos-en-caja-personalizada\\\/#breadcrumb\"},\"inLanguage\":\"es\",\"potentialAction\":[{\"@type\":\"ReadAction\",\"target\":[\"https:\\\/\\\/eco-regalos.com\\\/Colombia\\\/producto\\\/suculentas-para-regalos-corporativos-en-caja-personalizada\\\/\"]}]},{\"@type\":\"ImageObject\",\"inLanguage\":\"es\",\"@id\":\"https:\\\/\\\/eco-regalos.com\\\/Colombia\\\/producto\\\/suculentas-para-regalos-corporativos-en-caja-personalizada\\\/#primaryimage\",\"url\":\"https:\\\/\\\/eco-regalos.com\\\/Colombia\\\/wp-content\\\/uploads\\\/2026\\\/02\\\/SUCULENTAS-BEBE_al_por_mayor_personalizadas_eventos.jpg\",\"contentUrl\":\"https:\\\/\\\/eco-regalos.com\\\/Colombia\\\/wp-content\\\/uploads\\\/2026\\\/02\\\/SUCULENTAS-BEBE_al_por_mayor_personalizadas_eventos.jpg\",\"width\":401,\"height\":301},{\"@type\":\"BreadcrumbList\",\"@id\":\"https:\\\/\\\/eco-regalos.com\\\/Colombia\\\/producto\\\/suculentas-para-regalos-corporativos-en-caja-personalizada\\\/#breadcrumb\",\"itemListElement\":[{\"@type\":\"ListItem\",\"position\":1,\"name\":\"Portada\",\"item\":\"https:\\\/\\\/eco-regalos.com\\\/Colombia\\\/\"},{\"@type\":\"ListItem\",\"position\":2,\"name\":\"Productos germinables para campa\u00f1as ambientalmente responsables\",\"item\":\"https:\\\/\\\/eco-regalos.com\\\/Colombia\\\/catalogo_eco_regalos\\\/\"},{\"@type\":\"ListItem\",\"position\":3,\"name\":\"Suculentas beb\u00e9s\"}]},{\"@type\":\"WebSite\",\"@id\":\"https:\\\/\\\/eco-regalos.com\\\/Colombia\\\/#website\",\"url\":\"https:\\\/\\\/eco-regalos.com\\\/Colombia\\\/\",\"name\":\"Eco Regalos - Merchandising Ecol\u00f3gico\",\"description\":\"\",\"publisher\":{\"@id\":\"https:\\\/\\\/eco-regalos.com\\\/Colombia\\\/#organization\"},\"alternateName\":\"eco-regalos.com\",\"potentialAction\":[{\"@type\":\"SearchAction\",\"target\":{\"@type\":\"EntryPoint\",\"urlTemplate\":\"https:\\\/\\\/eco-regalos.com\\\/Colombia\\\/?s={search_term_string}\"},\"query-input\":{\"@type\":\"PropertyValueSpecification\",\"valueRequired\":true,\"valueName\":\"search_term_string\"}}],\"inLanguage\":\"es\"},{\"@type\":[\"Organization\",\"Place\"],\"@id\":\"https:\\\/\\\/eco-regalos.com\\\/Colombia\\\/#organization\",\"name\":\"Eco Regalos\",\"url\":\"https:\\\/\\\/eco-regalos.com\\\/Colombia\\\/\",\"logo\":{\"@id\":\"https:\\\/\\\/eco-regalos.com\\\/Colombia\\\/producto\\\/suculentas-para-regalos-corporativos-en-caja-personalizada\\\/#local-main-organization-logo\"},\"image\":{\"@id\":\"https:\\\/\\\/eco-regalos.com\\\/Colombia\\\/producto\\\/suculentas-para-regalos-corporativos-en-caja-personalizada\\\/#local-main-organization-logo\"},\"telephone\":[],\"openingHoursSpecification\":[{\"@type\":\"OpeningHoursSpecification\",\"dayOfWeek\":[\"Sunday\",\"Monday\",\"Tuesday\",\"Wednesday\",\"Thursday\",\"Friday\",\"Saturday\"],\"opens\":\"09:00\",\"closes\":\"17:00\"}]},{\"@type\":\"ImageObject\",\"inLanguage\":\"es\",\"@id\":\"https:\\\/\\\/eco-regalos.com\\\/Colombia\\\/producto\\\/suculentas-para-regalos-corporativos-en-caja-personalizada\\\/#local-main-organization-logo\",\"url\":\"https:\\\/\\\/eco-regalos.com\\\/Colombia\\\/wp-content\\\/uploads\\\/2020\\\/08\\\/logo-2015-con-slogan.jpg\",\"contentUrl\":\"https:\\\/\\\/eco-regalos.com\\\/Colombia\\\/wp-content\\\/uploads\\\/2020\\\/08\\\/logo-2015-con-slogan.jpg\",\"width\":1461,\"height\":1121,\"caption\":\"Eco Regalos\"}]}<\/script>\n<!-- \/ Yoast SEO Premium plugin. -->","yoast_head_json":{"title":"Suculentas para regalos corporativos en caja personalizada.","description":"Suculentas para regalos corporativos en caja personalizada. Retira la suculenta de la caja y siembra. Especies variadas para hacer un jard\u00edn.","robots":{"index":"index","follow":"follow","max-snippet":"max-snippet:-1","max-image-preview":"max-image-preview:large","max-video-preview":"max-video-preview:-1"},"canonical":"https:\/\/eco-regalos.com\/Colombia\/producto\/suculentas-para-regalos-corporativos-en-caja-personalizada\/","og_locale":"es_ES","og_type":"article","og_title":"Suculentas beb\u00e9s","og_description":"Suculentas para regalos corporativos en caja personalizada. Retira la suculenta de la caja y siembra. Especies variadas para hacer un jard\u00edn.","og_url":"https:\/\/eco-regalos.com\/Colombia\/producto\/suculentas-para-regalos-corporativos-en-caja-personalizada\/","og_site_name":"Productos Germinables y papel semilla","article_modified_time":"2026-03-05T16:01:53+00:00","og_image":[{"width":401,"height":301,"url":"https:\/\/eco-regalos.com\/Colombia\/wp-content\/uploads\/2026\/02\/SUCULENTAS-BEBE_al_por_mayor_personalizadas_eventos.jpg","type":"image\/jpeg"}],"twitter_card":"summary_large_image","twitter_misc":{"Tiempo de lectura":"2 minutos"},"schema":{"@context":"https:\/\/schema.org","@graph":[{"@type":"WebPage","@id":"https:\/\/eco-regalos.com\/Colombia\/producto\/suculentas-para-regalos-corporativos-en-caja-personalizada\/","url":"https:\/\/eco-regalos.com\/Colombia\/producto\/suculentas-para-regalos-corporativos-en-caja-personalizada\/","name":"Suculentas para regalos corporativos en caja personalizada.","isPartOf":{"@id":"https:\/\/eco-regalos.com\/Colombia\/#website"},"primaryImageOfPage":{"@id":"https:\/\/eco-regalos.com\/Colombia\/producto\/suculentas-para-regalos-corporativos-en-caja-personalizada\/#primaryimage"},"image":{"@id":"https:\/\/eco-regalos.com\/Colombia\/producto\/suculentas-para-regalos-corporativos-en-caja-personalizada\/#primaryimage"},"thumbnailUrl":"https:\/\/eco-regalos.com\/Colombia\/wp-content\/uploads\/2026\/02\/SUCULENTAS-BEBE_al_por_mayor_personalizadas_eventos.jpg","datePublished":"2018-08-07T20:09:52+00:00","dateModified":"2026-03-05T16:01:53+00:00","description":"Suculentas para regalos corporativos en caja personalizada. Retira la suculenta de la caja y siembra. Especies variadas para hacer un jard\u00edn.","breadcrumb":{"@id":"https:\/\/eco-regalos.com\/Colombia\/producto\/suculentas-para-regalos-corporativos-en-caja-personalizada\/#breadcrumb"},"inLanguage":"es","potentialAction":[{"@type":"ReadAction","target":["https:\/\/eco-regalos.com\/Colombia\/producto\/suculentas-para-regalos-corporativos-en-caja-personalizada\/"]}]},{"@type":"ImageObject","inLanguage":"es","@id":"https:\/\/eco-regalos.com\/Colombia\/producto\/suculentas-para-regalos-corporativos-en-caja-personalizada\/#primaryimage","url":"https:\/\/eco-regalos.com\/Colombia\/wp-content\/uploads\/2026\/02\/SUCULENTAS-BEBE_al_por_mayor_personalizadas_eventos.jpg","contentUrl":"https:\/\/eco-regalos.com\/Colombia\/wp-content\/uploads\/2026\/02\/SUCULENTAS-BEBE_al_por_mayor_personalizadas_eventos.jpg","width":401,"height":301},{"@type":"BreadcrumbList","@id":"https:\/\/eco-regalos.com\/Colombia\/producto\/suculentas-para-regalos-corporativos-en-caja-personalizada\/#breadcrumb","itemListElement":[{"@type":"ListItem","position":1,"name":"Portada","item":"https:\/\/eco-regalos.com\/Colombia\/"},{"@type":"ListItem","position":2,"name":"Productos germinables para campa\u00f1as ambientalmente responsables","item":"https:\/\/eco-regalos.com\/Colombia\/catalogo_eco_regalos\/"},{"@type":"ListItem","position":3,"name":"Suculentas beb\u00e9s"}]},{"@type":"WebSite","@id":"https:\/\/eco-regalos.com\/Colombia\/#website","url":"https:\/\/eco-regalos.com\/Colombia\/","name":"Eco Regalos - Merchandising Ecol\u00f3gico","description":"","publisher":{"@id":"https:\/\/eco-regalos.com\/Colombia\/#organization"},"alternateName":"eco-regalos.com","potentialAction":[{"@type":"SearchAction","target":{"@type":"EntryPoint","urlTemplate":"https:\/\/eco-regalos.com\/Colombia\/?s={search_term_string}"},"query-input":{"@type":"PropertyValueSpecification","valueRequired":true,"valueName":"search_term_string"}}],"inLanguage":"es"},{"@type":["Organization","Place"],"@id":"https:\/\/eco-regalos.com\/Colombia\/#organization","name":"Eco Regalos","url":"https:\/\/eco-regalos.com\/Colombia\/","logo":{"@id":"https:\/\/eco-regalos.com\/Colombia\/producto\/suculentas-para-regalos-corporativos-en-caja-personalizada\/#local-main-organization-logo"},"image":{"@id":"https:\/\/eco-regalos.com\/Colombia\/producto\/suculentas-para-regalos-corporativos-en-caja-personalizada\/#local-main-organization-logo"},"telephone":[],"openingHoursSpecification":[{"@type":"OpeningHoursSpecification","dayOfWeek":["Sunday","Monday","Tuesday","Wednesday","Thursday","Friday","Saturday"],"opens":"09:00","closes":"17:00"}]},{"@type":"ImageObject","inLanguage":"es","@id":"https:\/\/eco-regalos.com\/Colombia\/producto\/suculentas-para-regalos-corporativos-en-caja-personalizada\/#local-main-organization-logo","url":"https:\/\/eco-regalos.com\/Colombia\/wp-content\/uploads\/2020\/08\/logo-2015-con-slogan.jpg","contentUrl":"https:\/\/eco-regalos.com\/Colombia\/wp-content\/uploads\/2020\/08\/logo-2015-con-slogan.jpg","width":1461,"height":1121,"caption":"Eco Regalos"}]}},"_links":{"self":[{"href":"https:\/\/eco-regalos.com\/Colombia\/wp-json\/wp\/v2\/product\/525","targetHints":{"allow":["GET"]}}],"collection":[{"href":"https:\/\/eco-regalos.com\/Colombia\/wp-json\/wp\/v2\/product"}],"about":[{"href":"https:\/\/eco-regalos.com\/Colombia\/wp-json\/wp\/v2\/types\/product"}],"replies":[{"embeddable":true,"href":"https:\/\/eco-regalos.com\/Colombia\/wp-json\/wp\/v2\/comments?post=525"}],"wp:featuredmedia":[{"embeddable":true,"href":"https:\/\/eco-regalos.com\/Colombia\/wp-json\/wp\/v2\/media\/8032"}],"wp:attachment":[{"href":"https:\/\/eco-regalos.com\/Colombia\/wp-json\/wp\/v2\/media?parent=525"}],"wp:term":[{"taxonomy":"product_brand","embeddable":true,"href":"https:\/\/eco-regalos.com\/Colombia\/wp-json\/wp\/v2\/product_brand?post=525"},{"taxonomy":"product_cat","embeddable":true,"href":"https:\/\/eco-regalos.com\/Colombia\/wp-json\/wp\/v2\/product_cat?post=525"},{"taxonomy":"product_tag","embeddable":true,"href":"https:\/\/eco-regalos.com\/Colombia\/wp-json\/wp\/v2\/product_tag?post=525"}],"curies":[{"name":"wp","href":"https:\/\/api.w.org\/{rel}","templated":true}]}}