{"id":5536,"date":"2023-11-29T12:34:03","date_gmt":"2023-11-29T17:34:03","guid":{"rendered":"http:\/\/eco-regalos.com\/colombia\/?post_type=product&#038;p=5536"},"modified":"2026-02-25T00:43:27","modified_gmt":"2026-02-25T05:43:27","slug":"libreta-ecologica-germinable-personalizada","status":"publish","type":"product","link":"https:\/\/eco-regalos.com\/Colombia\/producto\/libreta-ecologica-germinable-personalizada\/","title":{"rendered":"Libreta Ecologica Germinable Personalizada"},"content":{"rendered":"<ul>\n<li class=\"otQkpb\" role=\"heading\" aria-level=\"3\" data-complete=\"true\" data-processed=\"true\"><strong class=\"Yjhzub\" data-complete=\"true\">Libreta Ecol\u00f3gica Germinable: Productividad que Cultiva Bienestar y Sostenibilidad.<\/strong><\/li>\n<\/ul>\n<div role=\"heading\" aria-level=\"3\" data-animation-nesting=\"\" data-sfc-cp=\"\" data-complete=\"true\" data-processed=\"true\" data-sae=\"\"><\/div>\n<div class=\"Y3BBE\" data-sfc-cp=\"\" data-hveid=\"CAEIBBAA\" data-complete=\"true\" data-processed=\"true\">Ampl\u00eda la experiencia de tus colaboradores y clientes con nuestra <strong class=\"Yjhzub\" data-complete=\"true\" data-processed=\"true\">Libreta Ecol\u00f3gica Germinable Personalizada<\/strong>. M\u00e1s que un bloque de notas, es una soluci\u00f3n de\u00a0<strong class=\"Yjhzub\" data-complete=\"true\" data-processed=\"true\">merchandising consciente<\/strong>\u00a0que integra la utilidad de la oficina con la magia de la naturaleza.<\/div>\n<div style=\"text-align: center;\" data-sfc-cp=\"\" data-hveid=\"CAEIBBAA\" data-complete=\"true\" data-processed=\"true\">\n<figure id=\"attachment_5550\" aria-describedby=\"caption-attachment-5550\" style=\"width: 300px\" class=\"wp-caption aligncenter\"><a href=\"https:\/\/eco-regalos.com\/movil\/wp-content\/uploads\/2023\/11\/libreta_ecologica4.jpg\"><img loading=\"lazy\" decoding=\"async\" loading=\"lazy\" class=\"eco-fade-img\" class=\"wp-image-5550 size-medium\" src=\"https:\/\/eco-regalos.com\/Colombia\/wp-content\/uploads\/2023\/11\/libreta_ecologica4-300x225.jpg\" alt=\"Regalos Ecologicos Corporativos\" width=\"300\" height=\"225\" srcset=\"https:\/\/eco-regalos.com\/Colombia\/wp-content\/uploads\/2023\/11\/libreta_ecologica4-300x225.jpg 300w, https:\/\/eco-regalos.com\/Colombia\/wp-content\/uploads\/2023\/11\/libreta_ecologica4.jpg 400w\" sizes=\"auto, (max-width: 300px) 100vw, 300px\" \/><\/a><figcaption id=\"caption-attachment-5550\" class=\"wp-caption-text\"><strong>Regalos Ecologicos Corporativos<\/strong><\/figcaption><\/figure>\n<\/div>\n<div class=\"Y3BBE\" data-sfc-cp=\"\" data-hveid=\"CAEIBBAA\" data-complete=\"true\" data-processed=\"true\">Es un <strong>regalo corporativo<\/strong> dise\u00f1ado bajo principios de <strong class=\"Yjhzub\" data-complete=\"true\" data-processed=\"true\">econom\u00eda circular<\/strong>, esta libreta permite que tus ideas no solo se escriban, sino que germinen en una huerta real de zanahoria, lechuga y perejil.<\/div>\n<div data-sfc-cp=\"\" data-hveid=\"CAEIBBAA\" data-complete=\"true\" data-processed=\"true\"><\/div>\n<div class=\"Y3BBE\" data-sfc-cp=\"\" data-hveid=\"CAEIBRAA\" data-processed=\"true\" data-complete=\"true\"><strong class=\"Yjhzub\" data-complete=\"true\" data-processed=\"true\">Valor Estrat\u00e9gico y Reputaci\u00f3n de Marca:<\/strong><\/div>\n<div data-sfc-cp=\"\" data-hveid=\"CAEIBRAA\" data-processed=\"true\" data-complete=\"true\"><\/div>\n<ul class=\"KsbFXc U6u95\" data-complete=\"true\" data-processed=\"true\">\n<li data-hveid=\"CAEIBhAA\" data-complete=\"true\" data-sae=\"\"><span class=\"T286Pc\" data-sfc-cp=\"\" data-complete=\"true\"><strong class=\"Yjhzub\" data-complete=\"true\">Compromiso Residuo Cero:<\/strong>\u00a0<\/span><\/li>\n<li data-hveid=\"CAEIBhAA\" data-complete=\"true\" data-sae=\"\"><span class=\"T286Pc\" data-sfc-cp=\"\" data-complete=\"true\">Al incluir hojas en\u00a0<strong class=\"Yjhzub\" data-complete=\"true\">papel semilla premium<\/strong>, transformas un producto de oficina en una acci\u00f3n ambiental tangible. Al finalizar su uso, las p\u00e1ginas se siembran, eliminando desechos y aportando ox\u00edgeno.<\/span><\/li>\n<li data-hveid=\"CAEIBhAA\" data-complete=\"true\" data-sae=\"\"><\/li>\n<li data-hveid=\"CAEIBhAB\" data-complete=\"true\" data-sae=\"\"><span class=\"T286Pc\" data-sfc-cp=\"\" data-complete=\"true\"><strong class=\"Yjhzub\" data-complete=\"true\">Fomento del Bienestar Laboral:<\/strong>\u00a0El acto de sembrar y cuidar una huerta reduce el estr\u00e9s, mejora la salud mental y fortalece la paciencia, asociando tu marca con el\u00a0<strong class=\"Yjhzub\" data-complete=\"true\">cuidado integral<\/strong>\u00a0y el desarrollo humano.<\/span><\/li>\n<li data-hveid=\"CAEIBhAB\" data-complete=\"true\" data-sae=\"\"><\/li>\n<li data-hveid=\"CAEIBhAC\" data-complete=\"true\" data-sae=\"\"><span class=\"T286Pc\" data-sfc-cp=\"\" data-complete=\"true\"><strong class=\"Yjhzub\" data-complete=\"true\">Impacto en Informes de Gesti\u00f3n:<\/strong>\u00a0Es el regalo ideal para eventos y programas corporativos que buscan documentar pr\u00e1cticas de\u00a0<strong class=\"Yjhzub\" data-complete=\"true\">sostenibilidad y educaci\u00f3n ambiental<\/strong> medibles.<\/span><\/li>\n<li data-hveid=\"CAEIBhAC\" data-complete=\"true\" data-sae=\"\"><\/li>\n<\/ul>\n<p style=\"text-align: center;\"><a href=\"https:\/\/eco-regalos.com\/movil\/wp-content\/uploads\/2023\/11\/libreta_ecologica4.jpg\">\u00a0 <\/a><a href=\"https:\/\/eco-regalos.com\/movil\/wp-content\/uploads\/2023\/11\/libreta_ecologica6.jpg\"><img loading=\"lazy\" decoding=\"async\" loading=\"lazy\" class=\"eco-fade-img\" class=\"alignnone size-medium wp-image-5586\" src=\"https:\/\/eco-regalos.com\/movil\/wp-content\/uploads\/2023\/11\/libreta_ecologica6-300x224.jpg\" alt=\"\" width=\"300\" height=\"224\" srcset=\"https:\/\/eco-regalos.com\/Colombia\/wp-content\/uploads\/2023\/11\/libreta_ecologica6-300x225.jpg 300w, https:\/\/eco-regalos.com\/Colombia\/wp-content\/uploads\/2023\/11\/libreta_ecologica6.jpg 400w\" sizes=\"auto, (max-width: 300px) 100vw, 300px\" \/><\/a><\/p>\n<div class=\"Y3BBE\" data-sfc-cp=\"\" data-hveid=\"CAEIBxAA\" data-complete=\"true\" data-processed=\"true\"><strong class=\"Yjhzub\" data-complete=\"true\" data-processed=\"true\">Especificaciones T\u00e9cnicas y Personalizaci\u00f3n:<\/strong><\/div>\n<div data-sfc-cp=\"\" data-hveid=\"CAEIBxAA\" data-complete=\"true\" data-processed=\"true\"><\/div>\n<ul class=\"KsbFXc U6u95\" data-complete=\"true\" data-processed=\"true\">\n<li data-hveid=\"CAEICBAA\" data-complete=\"true\" data-sae=\"\"><span class=\"T286Pc\" data-sfc-cp=\"\" data-complete=\"true\"><strong class=\"Yjhzub\" data-complete=\"true\">Tama\u00f1o Ideal:<\/strong>\u00a010 cm x 13 cm, perfecto para uso diario o souvenir en congresos.<\/span><\/li>\n<li data-hveid=\"CAEICBAB\" data-complete=\"true\" data-sae=\"\"><span class=\"T286Pc\" data-sfc-cp=\"\" data-complete=\"true\"><strong class=\"Yjhzub\" data-complete=\"true\">Contenido Ecol\u00f3gico:<\/strong>\u00a053 hojas internas en papel reciclado (106 p\u00e1ginas) + 3 hojas especiales en\u00a0<strong class=\"Yjhzub\" data-complete=\"true\">papel semilla de zanahoria, lechuga y perejil<\/strong>.<\/span><\/li>\n<li data-hveid=\"CAEICBAC\" data-complete=\"true\" data-sae=\"\"><span class=\"T286Pc\" data-sfc-cp=\"\" data-complete=\"true\" aria-owns=\"action-menu-parent-container\"><strong class=\"Yjhzub\" data-complete=\"true\">Branding Total:<\/strong>\u00a0Personalizaci\u00f3n de car\u00e1tula desde 20 unidades y de todas las p\u00e1ginas internas desde 50 unidades. Un recordatorio constante de tus valores en cada nota<\/span><\/li>\n<li data-hveid=\"CAEICBAC\" data-complete=\"true\" data-sae=\"\"><\/li>\n<\/ul>\n<h5><strong>Productos relacionados:<\/strong><\/h5>\n<p><a href=\"https:\/\/eco-regalos.com\/movil\/categoria-producto\/papel-semilla-germinable-y-papel-ecologico-para-imprimir\/\">Papel semilla para imprimir<\/a> I <a href=\"https:\/\/eco-regalos.com\/movil\/producto\/bolsas-ecologicas-plantables-para-regalo-siembra-y-germina-plantas\/\">Bolsas germinables para eventos<\/a> I <a href=\"https:\/\/eco-regalos.com\/movil\/producto\/sobre-germinable-para-tarjeta-postal\/\">Sobres germinables<\/a> I<\/p>\n","protected":false},"excerpt":{"rendered":"<h4 class=\"otQkpb\" role=\"heading\" aria-level=\"3\" data-complete=\"true\" data-processed=\"true\"><strong class=\"Yjhzub\" data-complete=\"true\">Libreta Germinable Personalizada: Donde tus Ideas Echan Ra\u00edces.<\/strong><\/h4>\n<div class=\"Y3BBE\" data-sfc-cp=\"\" data-hveid=\"CAEIBBAA\" data-complete=\"true\" data-processed=\"true\">La\u00a0<strong class=\"Yjhzub\" data-complete=\"true\" data-processed=\"true\">Libreta Germinable<\/strong>\u00a0es la evoluci\u00f3n sostenible de la <strong>papeler\u00eda corporativa<\/strong>. Dise\u00f1ada para empresas que buscan liderar la\u00a0<strong class=\"Yjhzub\" data-complete=\"true\" data-processed=\"true\">econom\u00eda circular.\u00a0 E<\/strong>sta pieza de <strong class=\"Yjhzub\" data-complete=\"true\" data-processed=\"true\">merchandising ecol\u00f3gico residuo cero<\/strong>\u00a0transforma tus notas en una huerta real de zanahoria, lechuga y perejil. Es la herramienta perfecta para fortalecer el\u00a0<strong class=\"Yjhzub\" data-complete=\"true\" data-processed=\"true\">buen ambiente laboral<\/strong>\u00a0y demostrar un compromiso tangible en tus\u00a0<strong class=\"Yjhzub\" data-complete=\"true\" data-processed=\"true\">informes de gesti\u00f3n ambiental<\/strong>. <span class=\"T286Pc\" data-sfc-cp=\"\" data-complete=\"true\"><strong class=\"Yjhzub\" data-complete=\"true\">Circularidad y residuo cero, b<\/strong><\/span><span class=\"T286Pc\" data-sfc-cp=\"\" data-complete=\"true\"><strong class=\"Yjhzub\" data-complete=\"true\">ienestar y cuidado Humano y r<\/strong><\/span><span class=\"T286Pc\" data-sfc-cp=\"\" data-complete=\"true\" aria-owns=\"action-menu-parent-container\"><strong class=\"Yjhzub\" data-complete=\"true\">eputaci\u00f3n de marca de alto impacto entre otros.<\/strong><\/span><\/div>\n","protected":false},"featured_media":7671,"comment_status":"open","ping_status":"closed","template":"","meta":{"_sitemap_exclude":false,"_sitemap_priority":"","_sitemap_frequency":""},"product_brand":[],"product_cat":[581],"product_tag":[],"class_list":{"0":"post-5536","1":"product","2":"type-product","3":"status-publish","4":"has-post-thumbnail","6":"product_cat-papeleria-germinable","8":"first","9":"instock","10":"taxable","11":"shipping-taxable","12":"purchasable","13":"product-type-simple"},"yoast_head":"<!-- This site is optimized with the Yoast SEO Premium plugin v27.4 (Yoast SEO v27.4) - https:\/\/yoast.com\/product\/yoast-seo-premium-wordpress\/ -->\n<title>Libreta Ecologica Germinable Personalizada<\/title>\n<meta name=\"description\" content=\"Libreta Ecologica Germinable Personalizada. Libreta de notas de oficina y para eventos con papel semilla de Zanahoria, perejil y lechuga.\" \/>\n<meta name=\"robots\" content=\"index, follow, max-snippet:-1, max-image-preview:large, max-video-preview:-1\" \/>\n<link rel=\"canonical\" href=\"https:\/\/eco-regalos.com\/Colombia\/producto\/libreta-ecologica-germinable-personalizada\/\" \/>\n<meta property=\"og:locale\" content=\"es_ES\" \/>\n<meta property=\"og:type\" content=\"article\" \/>\n<meta property=\"og:title\" content=\"Libreta Ecologica Germinable Personalizada\" \/>\n<meta property=\"og:description\" content=\"Libreta Ecologica Germinable Personalizada. Libreta de notas de oficina y para eventos con papel semilla de Zanahoria, perejil y lechuga.\" \/>\n<meta property=\"og:url\" content=\"https:\/\/eco-regalos.com\/Colombia\/producto\/libreta-ecologica-germinable-personalizada\/\" \/>\n<meta property=\"og:site_name\" content=\"Merchandising Ecol\u00f3gico\" \/>\n<meta property=\"article:modified_time\" content=\"2026-02-25T05:43:27+00:00\" \/>\n<meta property=\"og:image\" content=\"https:\/\/eco-regalos.com\/Colombia\/wp-content\/uploads\/2026\/02\/libretas_ecologicas_personalizadas_semillas-2-01-scaled-1.jpg\" \/>\n\t<meta property=\"og:image:width\" content=\"2560\" \/>\n\t<meta property=\"og:image:height\" content=\"1678\" \/>\n\t<meta property=\"og:image:type\" content=\"image\/jpeg\" \/>\n<meta name=\"twitter:card\" content=\"summary_large_image\" \/>\n<meta name=\"twitter:label1\" content=\"Tiempo de lectura\" \/>\n\t<meta name=\"twitter:data1\" content=\"2 minutos\" \/>\n<script type=\"application\/ld+json\" class=\"yoast-schema-graph\">{\"@context\":\"https:\\\/\\\/schema.org\",\"@graph\":[{\"@type\":\"WebPage\",\"@id\":\"https:\\\/\\\/eco-regalos.com\\\/Colombia\\\/producto\\\/libreta-ecologica-germinable-personalizada\\\/\",\"url\":\"https:\\\/\\\/eco-regalos.com\\\/Colombia\\\/producto\\\/libreta-ecologica-germinable-personalizada\\\/\",\"name\":\"Libreta Ecologica Germinable Personalizada\",\"isPartOf\":{\"@id\":\"https:\\\/\\\/eco-regalos.com\\\/Colombia\\\/#website\"},\"primaryImageOfPage\":{\"@id\":\"https:\\\/\\\/eco-regalos.com\\\/Colombia\\\/producto\\\/libreta-ecologica-germinable-personalizada\\\/#primaryimage\"},\"image\":{\"@id\":\"https:\\\/\\\/eco-regalos.com\\\/Colombia\\\/producto\\\/libreta-ecologica-germinable-personalizada\\\/#primaryimage\"},\"thumbnailUrl\":\"https:\\\/\\\/eco-regalos.com\\\/Colombia\\\/wp-content\\\/uploads\\\/2026\\\/02\\\/libretas_ecologicas_personalizadas_semillas-2-01-scaled-1.jpg\",\"datePublished\":\"2023-11-29T17:34:03+00:00\",\"dateModified\":\"2026-02-25T05:43:27+00:00\",\"description\":\"Libreta Ecologica Germinable Personalizada. Libreta de notas de oficina y para eventos con papel semilla de Zanahoria, perejil y lechuga.\",\"breadcrumb\":{\"@id\":\"https:\\\/\\\/eco-regalos.com\\\/Colombia\\\/producto\\\/libreta-ecologica-germinable-personalizada\\\/#breadcrumb\"},\"inLanguage\":\"es\",\"potentialAction\":[{\"@type\":\"ReadAction\",\"target\":[\"https:\\\/\\\/eco-regalos.com\\\/Colombia\\\/producto\\\/libreta-ecologica-germinable-personalizada\\\/\"]}]},{\"@type\":\"ImageObject\",\"inLanguage\":\"es\",\"@id\":\"https:\\\/\\\/eco-regalos.com\\\/Colombia\\\/producto\\\/libreta-ecologica-germinable-personalizada\\\/#primaryimage\",\"url\":\"https:\\\/\\\/eco-regalos.com\\\/Colombia\\\/wp-content\\\/uploads\\\/2026\\\/02\\\/libretas_ecologicas_personalizadas_semillas-2-01-scaled-1.jpg\",\"contentUrl\":\"https:\\\/\\\/eco-regalos.com\\\/Colombia\\\/wp-content\\\/uploads\\\/2026\\\/02\\\/libretas_ecologicas_personalizadas_semillas-2-01-scaled-1.jpg\",\"width\":2560,\"height\":1678},{\"@type\":\"BreadcrumbList\",\"@id\":\"https:\\\/\\\/eco-regalos.com\\\/Colombia\\\/producto\\\/libreta-ecologica-germinable-personalizada\\\/#breadcrumb\",\"itemListElement\":[{\"@type\":\"ListItem\",\"position\":1,\"name\":\"Portada\",\"item\":\"https:\\\/\\\/eco-regalos.com\\\/Colombia\\\/\"},{\"@type\":\"ListItem\",\"position\":2,\"name\":\"Productos germinables para campa\u00f1as ambientalmente responsables\",\"item\":\"https:\\\/\\\/eco-regalos.com\\\/Colombia\\\/catalogo_eco_regalos\\\/\"},{\"@type\":\"ListItem\",\"position\":3,\"name\":\"Libreta Ecologica Germinable Personalizada\"}]},{\"@type\":\"WebSite\",\"@id\":\"https:\\\/\\\/eco-regalos.com\\\/Colombia\\\/#website\",\"url\":\"https:\\\/\\\/eco-regalos.com\\\/Colombia\\\/\",\"name\":\"Eco Regalos - Merchandising Ecol\u00f3gico\",\"description\":\"Papel Semilla\",\"publisher\":{\"@id\":\"https:\\\/\\\/eco-regalos.com\\\/Colombia\\\/#organization\"},\"alternateName\":\"eco-regalos.com\",\"potentialAction\":[{\"@type\":\"SearchAction\",\"target\":{\"@type\":\"EntryPoint\",\"urlTemplate\":\"https:\\\/\\\/eco-regalos.com\\\/Colombia\\\/?s={search_term_string}\"},\"query-input\":{\"@type\":\"PropertyValueSpecification\",\"valueRequired\":true,\"valueName\":\"search_term_string\"}}],\"inLanguage\":\"es\"},{\"@type\":[\"Organization\",\"Place\"],\"@id\":\"https:\\\/\\\/eco-regalos.com\\\/Colombia\\\/#organization\",\"name\":\"Eco Regalos\",\"url\":\"https:\\\/\\\/eco-regalos.com\\\/Colombia\\\/\",\"logo\":{\"@id\":\"https:\\\/\\\/eco-regalos.com\\\/Colombia\\\/producto\\\/libreta-ecologica-germinable-personalizada\\\/#local-main-organization-logo\"},\"image\":{\"@id\":\"https:\\\/\\\/eco-regalos.com\\\/Colombia\\\/producto\\\/libreta-ecologica-germinable-personalizada\\\/#local-main-organization-logo\"},\"telephone\":[],\"openingHoursSpecification\":[{\"@type\":\"OpeningHoursSpecification\",\"dayOfWeek\":[\"Sunday\",\"Monday\",\"Tuesday\",\"Wednesday\",\"Thursday\",\"Friday\",\"Saturday\"],\"opens\":\"09:00\",\"closes\":\"17:00\"}]},{\"@type\":\"ImageObject\",\"inLanguage\":\"es\",\"@id\":\"https:\\\/\\\/eco-regalos.com\\\/Colombia\\\/producto\\\/libreta-ecologica-germinable-personalizada\\\/#local-main-organization-logo\",\"url\":\"https:\\\/\\\/eco-regalos.com\\\/Colombia\\\/wp-content\\\/uploads\\\/2020\\\/08\\\/logo-2015-con-slogan.jpg\",\"contentUrl\":\"https:\\\/\\\/eco-regalos.com\\\/Colombia\\\/wp-content\\\/uploads\\\/2020\\\/08\\\/logo-2015-con-slogan.jpg\",\"width\":1461,\"height\":1121,\"caption\":\"Eco Regalos\"}]}<\/script>\n<!-- \/ Yoast SEO Premium plugin. -->","yoast_head_json":{"title":"Libreta Ecologica Germinable Personalizada","description":"Libreta Ecologica Germinable Personalizada. Libreta de notas de oficina y para eventos con papel semilla de Zanahoria, perejil y lechuga.","robots":{"index":"index","follow":"follow","max-snippet":"max-snippet:-1","max-image-preview":"max-image-preview:large","max-video-preview":"max-video-preview:-1"},"canonical":"https:\/\/eco-regalos.com\/Colombia\/producto\/libreta-ecologica-germinable-personalizada\/","og_locale":"es_ES","og_type":"article","og_title":"Libreta Ecologica Germinable Personalizada","og_description":"Libreta Ecologica Germinable Personalizada. Libreta de notas de oficina y para eventos con papel semilla de Zanahoria, perejil y lechuga.","og_url":"https:\/\/eco-regalos.com\/Colombia\/producto\/libreta-ecologica-germinable-personalizada\/","og_site_name":"Merchandising Ecol\u00f3gico","article_modified_time":"2026-02-25T05:43:27+00:00","og_image":[{"width":2560,"height":1678,"url":"https:\/\/eco-regalos.com\/Colombia\/wp-content\/uploads\/2026\/02\/libretas_ecologicas_personalizadas_semillas-2-01-scaled-1.jpg","type":"image\/jpeg"}],"twitter_card":"summary_large_image","twitter_misc":{"Tiempo de lectura":"2 minutos"},"schema":{"@context":"https:\/\/schema.org","@graph":[{"@type":"WebPage","@id":"https:\/\/eco-regalos.com\/Colombia\/producto\/libreta-ecologica-germinable-personalizada\/","url":"https:\/\/eco-regalos.com\/Colombia\/producto\/libreta-ecologica-germinable-personalizada\/","name":"Libreta Ecologica Germinable Personalizada","isPartOf":{"@id":"https:\/\/eco-regalos.com\/Colombia\/#website"},"primaryImageOfPage":{"@id":"https:\/\/eco-regalos.com\/Colombia\/producto\/libreta-ecologica-germinable-personalizada\/#primaryimage"},"image":{"@id":"https:\/\/eco-regalos.com\/Colombia\/producto\/libreta-ecologica-germinable-personalizada\/#primaryimage"},"thumbnailUrl":"https:\/\/eco-regalos.com\/Colombia\/wp-content\/uploads\/2026\/02\/libretas_ecologicas_personalizadas_semillas-2-01-scaled-1.jpg","datePublished":"2023-11-29T17:34:03+00:00","dateModified":"2026-02-25T05:43:27+00:00","description":"Libreta Ecologica Germinable Personalizada. Libreta de notas de oficina y para eventos con papel semilla de Zanahoria, perejil y lechuga.","breadcrumb":{"@id":"https:\/\/eco-regalos.com\/Colombia\/producto\/libreta-ecologica-germinable-personalizada\/#breadcrumb"},"inLanguage":"es","potentialAction":[{"@type":"ReadAction","target":["https:\/\/eco-regalos.com\/Colombia\/producto\/libreta-ecologica-germinable-personalizada\/"]}]},{"@type":"ImageObject","inLanguage":"es","@id":"https:\/\/eco-regalos.com\/Colombia\/producto\/libreta-ecologica-germinable-personalizada\/#primaryimage","url":"https:\/\/eco-regalos.com\/Colombia\/wp-content\/uploads\/2026\/02\/libretas_ecologicas_personalizadas_semillas-2-01-scaled-1.jpg","contentUrl":"https:\/\/eco-regalos.com\/Colombia\/wp-content\/uploads\/2026\/02\/libretas_ecologicas_personalizadas_semillas-2-01-scaled-1.jpg","width":2560,"height":1678},{"@type":"BreadcrumbList","@id":"https:\/\/eco-regalos.com\/Colombia\/producto\/libreta-ecologica-germinable-personalizada\/#breadcrumb","itemListElement":[{"@type":"ListItem","position":1,"name":"Portada","item":"https:\/\/eco-regalos.com\/Colombia\/"},{"@type":"ListItem","position":2,"name":"Productos germinables para campa\u00f1as ambientalmente responsables","item":"https:\/\/eco-regalos.com\/Colombia\/catalogo_eco_regalos\/"},{"@type":"ListItem","position":3,"name":"Libreta Ecologica Germinable Personalizada"}]},{"@type":"WebSite","@id":"https:\/\/eco-regalos.com\/Colombia\/#website","url":"https:\/\/eco-regalos.com\/Colombia\/","name":"Eco Regalos - Merchandising Ecol\u00f3gico","description":"Papel Semilla","publisher":{"@id":"https:\/\/eco-regalos.com\/Colombia\/#organization"},"alternateName":"eco-regalos.com","potentialAction":[{"@type":"SearchAction","target":{"@type":"EntryPoint","urlTemplate":"https:\/\/eco-regalos.com\/Colombia\/?s={search_term_string}"},"query-input":{"@type":"PropertyValueSpecification","valueRequired":true,"valueName":"search_term_string"}}],"inLanguage":"es"},{"@type":["Organization","Place"],"@id":"https:\/\/eco-regalos.com\/Colombia\/#organization","name":"Eco Regalos","url":"https:\/\/eco-regalos.com\/Colombia\/","logo":{"@id":"https:\/\/eco-regalos.com\/Colombia\/producto\/libreta-ecologica-germinable-personalizada\/#local-main-organization-logo"},"image":{"@id":"https:\/\/eco-regalos.com\/Colombia\/producto\/libreta-ecologica-germinable-personalizada\/#local-main-organization-logo"},"telephone":[],"openingHoursSpecification":[{"@type":"OpeningHoursSpecification","dayOfWeek":["Sunday","Monday","Tuesday","Wednesday","Thursday","Friday","Saturday"],"opens":"09:00","closes":"17:00"}]},{"@type":"ImageObject","inLanguage":"es","@id":"https:\/\/eco-regalos.com\/Colombia\/producto\/libreta-ecologica-germinable-personalizada\/#local-main-organization-logo","url":"https:\/\/eco-regalos.com\/Colombia\/wp-content\/uploads\/2020\/08\/logo-2015-con-slogan.jpg","contentUrl":"https:\/\/eco-regalos.com\/Colombia\/wp-content\/uploads\/2020\/08\/logo-2015-con-slogan.jpg","width":1461,"height":1121,"caption":"Eco Regalos"}]}},"_links":{"self":[{"href":"https:\/\/eco-regalos.com\/Colombia\/wp-json\/wp\/v2\/product\/5536","targetHints":{"allow":["GET"]}}],"collection":[{"href":"https:\/\/eco-regalos.com\/Colombia\/wp-json\/wp\/v2\/product"}],"about":[{"href":"https:\/\/eco-regalos.com\/Colombia\/wp-json\/wp\/v2\/types\/product"}],"replies":[{"embeddable":true,"href":"https:\/\/eco-regalos.com\/Colombia\/wp-json\/wp\/v2\/comments?post=5536"}],"wp:featuredmedia":[{"embeddable":true,"href":"https:\/\/eco-regalos.com\/Colombia\/wp-json\/wp\/v2\/media\/7671"}],"wp:attachment":[{"href":"https:\/\/eco-regalos.com\/Colombia\/wp-json\/wp\/v2\/media?parent=5536"}],"wp:term":[{"taxonomy":"product_brand","embeddable":true,"href":"https:\/\/eco-regalos.com\/Colombia\/wp-json\/wp\/v2\/product_brand?post=5536"},{"taxonomy":"product_cat","embeddable":true,"href":"https:\/\/eco-regalos.com\/Colombia\/wp-json\/wp\/v2\/product_cat?post=5536"},{"taxonomy":"product_tag","embeddable":true,"href":"https:\/\/eco-regalos.com\/Colombia\/wp-json\/wp\/v2\/product_tag?post=5536"}],"curies":[{"name":"wp","href":"https:\/\/api.w.org\/{rel}","templated":true}]}}