{"id":5538,"date":"2023-12-01T12:27:06","date_gmt":"2023-12-01T17:27:06","guid":{"rendered":"http:\/\/eco-regalos.com\/colombia\/?post_type=product&#038;p=5538"},"modified":"2026-04-07T12:11:13","modified_gmt":"2026-04-07T17:11:13","slug":"boligrafo-germinable-de-papel-ecologico","status":"publish","type":"product","link":"https:\/\/eco-regalos.com\/Colombia\/producto\/boligrafo-germinable-de-papel-ecologico\/","title":{"rendered":"Boligrafo Germinable en Papel Ecol\u00f3gico"},"content":{"rendered":"<div class=\"contenedor-detalles-eco\"><div class=\"fila-semilla-reestructurada\"><div class=\"eco-titulo-fila\"><h3>Boligrafo Germinable sin estuche<\/h3><\/div><div class=\"eco-cuerpo-fila\"><div class=\"eco-col-galeria\">    <div class=\"eco-galeria-solo-fotos\" id=\"eco_69e0653d69415\">\n        <div class=\"eco-track-fotos\">\n                            <div class=\"eco-slide-foto\">\n                    <img decoding=\"async\" src=\"https:\/\/eco-regalos.com\/Colombia\/wp-content\/uploads\/2026\/02\/lapicero_boligrafo_esfero_ecologico_regalo_corporativo_personalizado_plantable_germinable_sembrable_personalizado_marcado-01-e1739475923648-300x172.jpg\" alt=\"Semilla\">\n                <\/div>\n                            <div class=\"eco-slide-foto\">\n                    <img decoding=\"async\" src=\"https:\/\/eco-regalos.com\/Colombia\/wp-content\/uploads\/2026\/02\/esfero_germinable2-300x158.jpg\" alt=\"Semilla\">\n                <\/div>\n                            <div class=\"eco-slide-foto\">\n                    <img decoding=\"async\" src=\"https:\/\/eco-regalos.com\/Colombia\/wp-content\/uploads\/2026\/02\/Agricultura-PAG8-300x203.jpg\" alt=\"Semilla\">\n                <\/div>\n                            <div class=\"eco-slide-foto\">\n                    <img decoding=\"async\" src=\"https:\/\/eco-regalos.com\/Colombia\/wp-content\/uploads\/2026\/02\/lavanda2_especia-300x253.jpg\" alt=\"Semilla\">\n                <\/div>\n                            <div class=\"eco-slide-foto\">\n                    <img decoding=\"async\" src=\"https:\/\/eco-regalos.com\/Colombia\/wp-content\/uploads\/2026\/02\/Corporativos-095-300x225.jpg\" alt=\"Semilla\">\n                <\/div>\n                            <div class=\"eco-slide-foto\">\n                    <img decoding=\"async\" src=\"https:\/\/eco-regalos.com\/Colombia\/wp-content\/uploads\/2026\/02\/Boligrafo_ecologico_plantable2-300x185.jpg\" alt=\"Semilla\">\n                <\/div>\n                            <div class=\"eco-slide-foto\">\n                    <img decoding=\"async\" src=\"https:\/\/eco-regalos.com\/Colombia\/wp-content\/uploads\/2026\/02\/Boligrafo_ecologico_plantable3-300x226.jpg\" alt=\"Semilla\">\n                <\/div>\n                            <div class=\"eco-slide-foto\">\n                    <img decoding=\"async\" src=\"https:\/\/eco-regalos.com\/Colombia\/wp-content\/uploads\/2026\/02\/Boligrafo_ecologico_plantable4-300x188.jpg\" alt=\"Semilla\">\n                <\/div>\n                            <div class=\"eco-slide-foto\">\n                    <img decoding=\"async\" src=\"https:\/\/eco-regalos.com\/Colombia\/wp-content\/uploads\/2026\/02\/Screenshot_20241217-190711_Picsart-300x168.jpg\" alt=\"Semilla\">\n                <\/div>\n                            <div class=\"eco-slide-foto\">\n                    <img decoding=\"async\" src=\"https:\/\/eco-regalos.com\/Colombia\/wp-content\/uploads\/2026\/02\/boligrafo_lapicero_ecologico_semillas-300x150.jpg\" alt=\"Semilla\">\n                <\/div>\n                            <div class=\"eco-slide-foto\">\n                    <img decoding=\"async\" src=\"https:\/\/eco-regalos.com\/Colombia\/wp-content\/uploads\/2026\/02\/Boligrafo_ecologico_plantable2-1-300x185.jpg\" alt=\"Semilla\">\n                <\/div>\n                            <div class=\"eco-slide-foto\">\n                    <img decoding=\"async\" src=\"https:\/\/eco-regalos.com\/Colombia\/wp-content\/uploads\/2026\/02\/eco-friendly-pen-138x300.jpeg\" alt=\"Semilla\">\n                <\/div>\n                    <\/div>\n        \n        <!-- Flechas de navegaci\u00f3n -->\n        <button class=\"eco-prev\" onclick=\"moveSlide('eco_69e0653d69415', -1)\">&#10094;<\/button>\n        <button class=\"eco-next\" onclick=\"moveSlide('eco_69e0653d69415', 1)\">&#10095;<\/button>\n\n        <script>\n        var eco_69e0653d69415_index = 0;\n        function moveSlide(id, step) {\n            var $track = jQuery('#' + id + ' .eco-track-fotos');\n            var total = $track.children().length;\n            window[id + '_index'] += step;\n            if (window[id + '_index'] >= total) window[id + '_index'] = 0;\n            if (window[id + '_index'] < 0) window[id + '_index'] = total - 1;\n            $track.css('transform', 'translateX(' + (-window[id + '_index'] * 100) + '%)');\n        }\n\n        (function($) {\n            $(window).on('load', function() {\n                var total = $('#eco_69e0653d69415 .eco-track-fotos').children().length;\n                if (total > 1) {\n                    setInterval(function() {\n                        moveSlide('eco_69e0653d69415', 1);\n                    }, 4000); \/\/ 4 segundos para dar tiempo a usar las flechas\n                }\n            });\n        })(jQuery);\n        <\/script>\n    <\/div>\n    <\/div><div class=\"eco-col-info\"><div class=\"eco-desc-corta\"><h4 class=\"otQkpb\" role=\"heading\" aria-level=\"3\" data-complete=\"true\" data-processed=\"true\"><strong class=\"Yjhzub\" data-complete=\"true\">Bol\u00edgrafo Germinable en Papel Ecol\u00f3gico: Escritura que Transforma tu Marca en Vida.<\/strong><\/h4>\r\n<div class=\"Y3BBE\" data-sfc-cp=\"\" data-hveid=\"CAEIBBAA\" data-complete=\"true\" data-processed=\"true\" aria-owns=\"action-menu-parent-container\">Reemplaza el pl\u00e1stico convencional en tu oficina y eventos con nuestro\u00a0<strong class=\"Yjhzub\" data-complete=\"true\" data-processed=\"true\">Bol\u00edgrafo Germinable de Papel Ecol\u00f3gico<\/strong>. Este innovador esfero adem\u00e1s que es una herramienta de escritura, es una confirmaci\u00f3n <strong class=\"Yjhzub\" data-complete=\"true\" data-processed=\"true\">de sostenibilidad<\/strong> que al finalizar su vida \u00fatil debido a que se siembra para dar vida a plantas de huerta.<\/div><\/div><button type=\"button\" class=\"btn-abrir-popup-eco\" data-id=\"8646\">Ver detalles de este producto<\/button><\/div><\/div><\/div><\/div>\n","protected":false},"excerpt":{"rendered":"<h4 class=\"otQkpb\" role=\"heading\" aria-level=\"3\" data-complete=\"true\" data-processed=\"true\"><strong class=\"Yjhzub\" data-complete=\"true\">Bol\u00edgrafo Germinable en Papel Ecol\u00f3gico: Escritura que Transforma tu Marca en Vida.<\/strong><\/h4>\n<div class=\"Y3BBE\" data-sfc-cp=\"\" data-hveid=\"CAEIBBAA\" data-complete=\"true\" data-processed=\"true\" aria-owns=\"action-menu-parent-container\">Reemplaza el pl\u00e1stico convencional en tu oficina y eventos con nuestro\u00a0<strong class=\"Yjhzub\" data-complete=\"true\" data-processed=\"true\">Bol\u00edgrafo Germinable de Papel Ecol\u00f3gico<\/strong>.\u00a0 Este innovador esfero es una herramienta de escritura de alta calidad y un <strong class=\"Yjhzub\" data-complete=\"true\" data-processed=\"true\">representante de sostenibilidad<\/strong> que, al finalizar su vida \u00fatil, se siembra para dar vida a plantas de huerta.<\/div>\n<div data-sfc-cp=\"\" data-hveid=\"CAEIBBAA\" data-complete=\"true\" data-processed=\"true\" aria-owns=\"action-menu-parent-container\">Este <strong>bol\u00edgrafo germinable<\/strong> se entrega personalizado individual o con soporte de cart\u00f3n.<\/div>\n","protected":false},"featured_media":7061,"comment_status":"open","ping_status":"closed","template":"","meta":{"_sitemap_exclude":false,"_sitemap_priority":"","_sitemap_frequency":""},"product_brand":[],"product_cat":[581],"product_tag":[],"class_list":{"0":"post-5538","1":"product","2":"type-product","3":"status-publish","4":"has-post-thumbnail","6":"product_cat-papeleria-germinable","8":"first","9":"instock","10":"sale","11":"taxable","12":"shipping-taxable","13":"purchasable","14":"product-type-simple"},"yoast_head":"<!-- This site is optimized with the Yoast SEO Premium plugin v27.4 (Yoast SEO v27.4) - https:\/\/yoast.com\/product\/yoast-seo-premium-wordpress\/ -->\n<title>Bol\u00edgrafo Germinable de Papel Ecol\u00f3gico<\/title>\n<meta name=\"description\" content=\"Bol\u00edgrafo Germinable de Papel Ecol\u00f3gico para regalos personalizados. Siembra y germina \u00e1rboles o huertas. Esfero ecol\u00f3gico que aporta ox\u00edgeno.\" \/>\n<meta name=\"robots\" content=\"index, follow, max-snippet:-1, max-image-preview:large, max-video-preview:-1\" \/>\n<link rel=\"canonical\" href=\"https:\/\/eco-regalos.com\/movil\" \/>\n<meta property=\"og:locale\" content=\"es_ES\" \/>\n<meta property=\"og:type\" content=\"article\" \/>\n<meta property=\"og:title\" content=\"L\u00e1piz germinable personalizado\" \/>\n<meta property=\"og:description\" content=\"L\u00e1piz germinable en madera. Se entrega personalizado. Siembra y germina arboles, flores o huertas.\" \/>\n<meta property=\"og:url\" content=\"https:\/\/eco-regalos.com\/movil\" \/>\n<meta property=\"og:site_name\" content=\"Productos Germinables y papel semilla\" \/>\n<meta property=\"article:modified_time\" content=\"2026-04-07T17:11:13+00:00\" \/>\n<meta property=\"og:image\" content=\"https:\/\/eco-regalos.com\/Colombia\/wp-content\/uploads\/2026\/02\/lapicero_boligrafo_esfero_ecologico_regalo_corporativo_personalizado_plantable_germinable_sembrable_personalizado_marcado-01-e1739475923648.jpg\" \/>\n\t<meta property=\"og:image:width\" content=\"1970\" \/>\n\t<meta property=\"og:image:height\" content=\"1132\" \/>\n\t<meta property=\"og:image:type\" content=\"image\/jpeg\" \/>\n<meta name=\"twitter:card\" content=\"summary_large_image\" \/>\n<meta name=\"twitter:title\" content=\"L\u00e1piz germinable personalizado\" \/>\n<meta name=\"twitter:description\" content=\"L\u00e1piz germinable en madera. Se entrega personalizado. Siembra y germina arboles, flores o huertas.\" \/>\n<meta name=\"twitter:image\" content=\"https:\/\/eco-regalos.com\/Colombia\/wp-content\/uploads\/2018\/10\/lapiz_germinable_plantable1.jpeg\" \/>\n<meta name=\"twitter:label1\" content=\"Tiempo de lectura\" \/>\n\t<meta name=\"twitter:data1\" content=\"1 minuto\" \/>\n<script type=\"application\/ld+json\" class=\"yoast-schema-graph\">{\"@context\":\"https:\\\/\\\/schema.org\",\"@graph\":[{\"@type\":\"WebPage\",\"@id\":\"https:\\\/\\\/eco-regalos.com\\\/Colombia\\\/producto\\\/boligrafo-germinable-de-papel-ecologico\\\/\",\"url\":\"https:\\\/\\\/eco-regalos.com\\\/movil\",\"name\":\"Bol\u00edgrafo Germinable de Papel Ecol\u00f3gico\",\"isPartOf\":{\"@id\":\"https:\\\/\\\/eco-regalos.com\\\/Colombia\\\/#website\"},\"primaryImageOfPage\":{\"@id\":\"https:\\\/\\\/eco-regalos.com\\\/movil#primaryimage\"},\"image\":{\"@id\":\"https:\\\/\\\/eco-regalos.com\\\/movil#primaryimage\"},\"thumbnailUrl\":\"https:\\\/\\\/eco-regalos.com\\\/Colombia\\\/wp-content\\\/uploads\\\/2026\\\/02\\\/lapicero_boligrafo_esfero_ecologico_regalo_corporativo_personalizado_plantable_germinable_sembrable_personalizado_marcado-01-e1739475923648.jpg\",\"datePublished\":\"2023-12-01T17:27:06+00:00\",\"dateModified\":\"2026-04-07T17:11:13+00:00\",\"description\":\"Bol\u00edgrafo Germinable de Papel Ecol\u00f3gico para regalos personalizados. Siembra y germina \u00e1rboles o huertas. Esfero ecol\u00f3gico que aporta ox\u00edgeno.\",\"breadcrumb\":{\"@id\":\"https:\\\/\\\/eco-regalos.com\\\/movil#breadcrumb\"},\"inLanguage\":\"es\",\"potentialAction\":[{\"@type\":\"ReadAction\",\"target\":[\"https:\\\/\\\/eco-regalos.com\\\/movil\"]}]},{\"@type\":\"ImageObject\",\"inLanguage\":\"es\",\"@id\":\"https:\\\/\\\/eco-regalos.com\\\/movil#primaryimage\",\"url\":\"https:\\\/\\\/eco-regalos.com\\\/Colombia\\\/wp-content\\\/uploads\\\/2026\\\/02\\\/lapicero_boligrafo_esfero_ecologico_regalo_corporativo_personalizado_plantable_germinable_sembrable_personalizado_marcado-01-e1739475923648.jpg\",\"contentUrl\":\"https:\\\/\\\/eco-regalos.com\\\/Colombia\\\/wp-content\\\/uploads\\\/2026\\\/02\\\/lapicero_boligrafo_esfero_ecologico_regalo_corporativo_personalizado_plantable_germinable_sembrable_personalizado_marcado-01-e1739475923648.jpg\",\"width\":1970,\"height\":1132},{\"@type\":\"BreadcrumbList\",\"@id\":\"https:\\\/\\\/eco-regalos.com\\\/movil#breadcrumb\",\"itemListElement\":[{\"@type\":\"ListItem\",\"position\":1,\"name\":\"Portada\",\"item\":\"https:\\\/\\\/eco-regalos.com\\\/Colombia\\\/\"},{\"@type\":\"ListItem\",\"position\":2,\"name\":\"Productos germinables para campa\u00f1as ambientalmente responsables\",\"item\":\"https:\\\/\\\/eco-regalos.com\\\/Colombia\\\/catalogo_eco_regalos\\\/\"},{\"@type\":\"ListItem\",\"position\":3,\"name\":\"Boligrafo Germinable en Papel Ecol\u00f3gico\"}]},{\"@type\":\"WebSite\",\"@id\":\"https:\\\/\\\/eco-regalos.com\\\/Colombia\\\/#website\",\"url\":\"https:\\\/\\\/eco-regalos.com\\\/Colombia\\\/\",\"name\":\"Eco Regalos - Merchandising Ecol\u00f3gico\",\"description\":\"\",\"publisher\":{\"@id\":\"https:\\\/\\\/eco-regalos.com\\\/Colombia\\\/#organization\"},\"alternateName\":\"eco-regalos.com\",\"potentialAction\":[{\"@type\":\"SearchAction\",\"target\":{\"@type\":\"EntryPoint\",\"urlTemplate\":\"https:\\\/\\\/eco-regalos.com\\\/Colombia\\\/?s={search_term_string}\"},\"query-input\":{\"@type\":\"PropertyValueSpecification\",\"valueRequired\":true,\"valueName\":\"search_term_string\"}}],\"inLanguage\":\"es\"},{\"@type\":[\"Organization\",\"Place\"],\"@id\":\"https:\\\/\\\/eco-regalos.com\\\/Colombia\\\/#organization\",\"name\":\"Eco Regalos\",\"url\":\"https:\\\/\\\/eco-regalos.com\\\/Colombia\\\/\",\"logo\":{\"@id\":\"https:\\\/\\\/eco-regalos.com\\\/movil#local-main-organization-logo\"},\"image\":{\"@id\":\"https:\\\/\\\/eco-regalos.com\\\/movil#local-main-organization-logo\"},\"telephone\":[],\"openingHoursSpecification\":[{\"@type\":\"OpeningHoursSpecification\",\"dayOfWeek\":[\"Sunday\",\"Monday\",\"Tuesday\",\"Wednesday\",\"Thursday\",\"Friday\",\"Saturday\"],\"opens\":\"09:00\",\"closes\":\"17:00\"}]},{\"@type\":\"ImageObject\",\"inLanguage\":\"es\",\"@id\":\"https:\\\/\\\/eco-regalos.com\\\/movil#local-main-organization-logo\",\"url\":\"https:\\\/\\\/eco-regalos.com\\\/Colombia\\\/wp-content\\\/uploads\\\/2020\\\/08\\\/logo-2015-con-slogan.jpg\",\"contentUrl\":\"https:\\\/\\\/eco-regalos.com\\\/Colombia\\\/wp-content\\\/uploads\\\/2020\\\/08\\\/logo-2015-con-slogan.jpg\",\"width\":1461,\"height\":1121,\"caption\":\"Eco Regalos\"}]}<\/script>\n<!-- \/ Yoast SEO Premium plugin. -->","yoast_head_json":{"title":"Bol\u00edgrafo Germinable de Papel Ecol\u00f3gico","description":"Bol\u00edgrafo Germinable de Papel Ecol\u00f3gico para regalos personalizados. Siembra y germina \u00e1rboles o huertas. Esfero ecol\u00f3gico que aporta ox\u00edgeno.","robots":{"index":"index","follow":"follow","max-snippet":"max-snippet:-1","max-image-preview":"max-image-preview:large","max-video-preview":"max-video-preview:-1"},"canonical":"https:\/\/eco-regalos.com\/movil","og_locale":"es_ES","og_type":"article","og_title":"L\u00e1piz germinable personalizado","og_description":"L\u00e1piz germinable en madera. Se entrega personalizado. Siembra y germina arboles, flores o huertas.","og_url":"https:\/\/eco-regalos.com\/movil","og_site_name":"Productos Germinables y papel semilla","article_modified_time":"2026-04-07T17:11:13+00:00","og_image":[{"width":1970,"height":1132,"url":"https:\/\/eco-regalos.com\/Colombia\/wp-content\/uploads\/2026\/02\/lapicero_boligrafo_esfero_ecologico_regalo_corporativo_personalizado_plantable_germinable_sembrable_personalizado_marcado-01-e1739475923648.jpg","type":"image\/jpeg"}],"twitter_card":"summary_large_image","twitter_title":"L\u00e1piz germinable personalizado","twitter_description":"L\u00e1piz germinable en madera. Se entrega personalizado. Siembra y germina arboles, flores o huertas.","twitter_image":"https:\/\/eco-regalos.com\/Colombia\/wp-content\/uploads\/2018\/10\/lapiz_germinable_plantable1.jpeg","twitter_misc":{"Tiempo de lectura":"1 minuto"},"schema":{"@context":"https:\/\/schema.org","@graph":[{"@type":"WebPage","@id":"https:\/\/eco-regalos.com\/Colombia\/producto\/boligrafo-germinable-de-papel-ecologico\/","url":"https:\/\/eco-regalos.com\/movil","name":"Bol\u00edgrafo Germinable de Papel Ecol\u00f3gico","isPartOf":{"@id":"https:\/\/eco-regalos.com\/Colombia\/#website"},"primaryImageOfPage":{"@id":"https:\/\/eco-regalos.com\/movil#primaryimage"},"image":{"@id":"https:\/\/eco-regalos.com\/movil#primaryimage"},"thumbnailUrl":"https:\/\/eco-regalos.com\/Colombia\/wp-content\/uploads\/2026\/02\/lapicero_boligrafo_esfero_ecologico_regalo_corporativo_personalizado_plantable_germinable_sembrable_personalizado_marcado-01-e1739475923648.jpg","datePublished":"2023-12-01T17:27:06+00:00","dateModified":"2026-04-07T17:11:13+00:00","description":"Bol\u00edgrafo Germinable de Papel Ecol\u00f3gico para regalos personalizados. Siembra y germina \u00e1rboles o huertas. Esfero ecol\u00f3gico que aporta ox\u00edgeno.","breadcrumb":{"@id":"https:\/\/eco-regalos.com\/movil#breadcrumb"},"inLanguage":"es","potentialAction":[{"@type":"ReadAction","target":["https:\/\/eco-regalos.com\/movil"]}]},{"@type":"ImageObject","inLanguage":"es","@id":"https:\/\/eco-regalos.com\/movil#primaryimage","url":"https:\/\/eco-regalos.com\/Colombia\/wp-content\/uploads\/2026\/02\/lapicero_boligrafo_esfero_ecologico_regalo_corporativo_personalizado_plantable_germinable_sembrable_personalizado_marcado-01-e1739475923648.jpg","contentUrl":"https:\/\/eco-regalos.com\/Colombia\/wp-content\/uploads\/2026\/02\/lapicero_boligrafo_esfero_ecologico_regalo_corporativo_personalizado_plantable_germinable_sembrable_personalizado_marcado-01-e1739475923648.jpg","width":1970,"height":1132},{"@type":"BreadcrumbList","@id":"https:\/\/eco-regalos.com\/movil#breadcrumb","itemListElement":[{"@type":"ListItem","position":1,"name":"Portada","item":"https:\/\/eco-regalos.com\/Colombia\/"},{"@type":"ListItem","position":2,"name":"Productos germinables para campa\u00f1as ambientalmente responsables","item":"https:\/\/eco-regalos.com\/Colombia\/catalogo_eco_regalos\/"},{"@type":"ListItem","position":3,"name":"Boligrafo Germinable en Papel Ecol\u00f3gico"}]},{"@type":"WebSite","@id":"https:\/\/eco-regalos.com\/Colombia\/#website","url":"https:\/\/eco-regalos.com\/Colombia\/","name":"Eco Regalos - Merchandising Ecol\u00f3gico","description":"","publisher":{"@id":"https:\/\/eco-regalos.com\/Colombia\/#organization"},"alternateName":"eco-regalos.com","potentialAction":[{"@type":"SearchAction","target":{"@type":"EntryPoint","urlTemplate":"https:\/\/eco-regalos.com\/Colombia\/?s={search_term_string}"},"query-input":{"@type":"PropertyValueSpecification","valueRequired":true,"valueName":"search_term_string"}}],"inLanguage":"es"},{"@type":["Organization","Place"],"@id":"https:\/\/eco-regalos.com\/Colombia\/#organization","name":"Eco Regalos","url":"https:\/\/eco-regalos.com\/Colombia\/","logo":{"@id":"https:\/\/eco-regalos.com\/movil#local-main-organization-logo"},"image":{"@id":"https:\/\/eco-regalos.com\/movil#local-main-organization-logo"},"telephone":[],"openingHoursSpecification":[{"@type":"OpeningHoursSpecification","dayOfWeek":["Sunday","Monday","Tuesday","Wednesday","Thursday","Friday","Saturday"],"opens":"09:00","closes":"17:00"}]},{"@type":"ImageObject","inLanguage":"es","@id":"https:\/\/eco-regalos.com\/movil#local-main-organization-logo","url":"https:\/\/eco-regalos.com\/Colombia\/wp-content\/uploads\/2020\/08\/logo-2015-con-slogan.jpg","contentUrl":"https:\/\/eco-regalos.com\/Colombia\/wp-content\/uploads\/2020\/08\/logo-2015-con-slogan.jpg","width":1461,"height":1121,"caption":"Eco Regalos"}]}},"_links":{"self":[{"href":"https:\/\/eco-regalos.com\/Colombia\/wp-json\/wp\/v2\/product\/5538","targetHints":{"allow":["GET"]}}],"collection":[{"href":"https:\/\/eco-regalos.com\/Colombia\/wp-json\/wp\/v2\/product"}],"about":[{"href":"https:\/\/eco-regalos.com\/Colombia\/wp-json\/wp\/v2\/types\/product"}],"replies":[{"embeddable":true,"href":"https:\/\/eco-regalos.com\/Colombia\/wp-json\/wp\/v2\/comments?post=5538"}],"wp:featuredmedia":[{"embeddable":true,"href":"https:\/\/eco-regalos.com\/Colombia\/wp-json\/wp\/v2\/media\/7061"}],"wp:attachment":[{"href":"https:\/\/eco-regalos.com\/Colombia\/wp-json\/wp\/v2\/media?parent=5538"}],"wp:term":[{"taxonomy":"product_brand","embeddable":true,"href":"https:\/\/eco-regalos.com\/Colombia\/wp-json\/wp\/v2\/product_brand?post=5538"},{"taxonomy":"product_cat","embeddable":true,"href":"https:\/\/eco-regalos.com\/Colombia\/wp-json\/wp\/v2\/product_cat?post=5538"},{"taxonomy":"product_tag","embeddable":true,"href":"https:\/\/eco-regalos.com\/Colombia\/wp-json\/wp\/v2\/product_tag?post=5538"}],"curies":[{"name":"wp","href":"https:\/\/api.w.org\/{rel}","templated":true}]}}