{"id":566,"date":"2018-08-07T16:25:37","date_gmt":"2018-08-07T21:25:37","guid":{"rendered":"http:\/\/eco-regalos.com\/colombia\/?post_type=product&#038;p=566"},"modified":"2026-02-23T09:57:28","modified_gmt":"2026-02-23T14:57:28","slug":"bonsai-personalizados-en-matera-de-barro-con-corteza-marcada","status":"publish","type":"product","link":"https:\/\/eco-regalos.com\/Colombia\/producto\/bonsai-personalizados-en-matera-de-barro-con-corteza-marcada\/","title":{"rendered":"Bons\u00e1i PREMIUM en matera de barro con guacal"},"content":{"rendered":"<h4>Bonsai personalizados en matera de barro.<\/h4>\n<p><strong>Bonsai<\/strong> personalizados para <strong>regalos ecologicos corporativos<\/strong>: Guayac\u00e1n, carbonero, pino y otros; sembrado en matera de barro cosido, con una corteza de madera adherida y marcada con el logo en l\u00e1ser.\u00a0 Esta es la opci\u00f3n ideal para regalos empresariales personalizados con mayor longevidad.<\/p>\n<p>Se entrega en guacal de pino para ser transportado en todo el territorio nacional.<\/p>\n<p>Este es un <strong>regalo ecol\u00f3gico<\/strong> muy especial y lleno de vida.\u00a0 El regalo se personaliza con su logo marcado en un medall\u00f3n de madera adherido a la planta.<\/p>\n<p>El guacal que transporta al <strong>bonsai<\/strong> tiene un dise\u00f1o muy original y pr\u00e1ctico avalado por todas las empresas transportadoras.\u00a0 Esto hace que sea un regalo ideal para distribuci\u00f3n nacional con un <strong>empaque<\/strong> muy <strong>ecol\u00f3gico.<\/strong><\/p>\n<h5 style=\"text-align: left;\">Regalar una planta viva es permanecer.<\/h5>\n<p>Un bonsai es un <strong>regalo ecologico<\/strong>\u00a0que perdura debido a la conexi\u00f3n que se establece entre el \u00e1rbol y su due\u00f1o.<\/p>\n<p>Los bonsai generan una experiencia personal que brinda bienestar y salud.<\/p>\n<p><strong>El bonsai en matera de barro <\/strong>incluye un medall\u00f3n de madera marcado.\u00a0 Adicional, se entrega en un guacal en madera.<\/p>\n<p>Tama\u00f1o: 35-40 cm<\/p>\n<h5><strong>Bonsai personalizados para regalos ecologicos corporativos<\/strong><\/h5>\n<p>Se personaliza a partir de 10 unidades para cantidades inferiores no tiene medall\u00f3n.<\/p>\n<p><strong>El bonsai<\/strong> en matera de barro prolonga la recordaci\u00f3n de la marca, por esta raz\u00f3n se personaliza con su logo marcado en un medall\u00f3n de madera adherido a la planta y son ideales para regalos empresariales.\u00a0 La planta debe ser cuidada a diario lo que genera un v\u00ednculo importante y una recordaci\u00f3n positiva de la marca.<\/p>\n<p>Regalar un bonsai es regalar una experiencia de vida.<\/p>\n\n<h5>OPCI\u00d3N SIMILAR<\/h5>\n<p>Otra opci\u00f3n para Bonsai personalizados para regalos empresariales, son los mini bonsai.\u00a0 Son \u00e1rboles de menor edad que se encuentran en desarrollo.<\/p>\n<p style=\"text-align: center;\">Los bons\u00e1i se encuentran disponibles tambi\u00e9n en <strong>Mini bonsai<\/strong> tama\u00f1o: 20 cm &#8211; 25 cm aprox.<\/p>\n<p style=\"text-align: center;\"><strong>Precio: 70.000 + IVA.\u00a0 (Edicion limitada)<\/strong><\/p>\n<figure id=\"attachment_4524\" aria-describedby=\"caption-attachment-4524\" style=\"width: 300px\" class=\"wp-caption aligncenter\"><a href=\"https:\/\/eco-regalos.com\/movil\/wp-content\/uploads\/2018\/08\/bonsai.jpg\"><img loading=\"lazy\" decoding=\"async\" loading=\"lazy\" class=\"eco-fade-img\" class=\"wp-image-4524 size-medium\" src=\"https:\/\/eco-regalos.com\/movil\/wp-content\/uploads\/2018\/08\/bonsai-300x225.jpg\" alt=\"Bonsai personalizados para regalos corporativos\" width=\"300\" height=\"225\" srcset=\"https:\/\/eco-regalos.com\/Colombia\/wp-content\/uploads\/2018\/08\/bonsai-300x225.jpg 300w, https:\/\/eco-regalos.com\/Colombia\/wp-content\/uploads\/2018\/08\/bonsai.jpg 400w\" sizes=\"auto, (max-width: 300px) 100vw, 300px\" \/><\/a><figcaption id=\"caption-attachment-4524\" class=\"wp-caption-text\">Bonsai personalizados para regalos corporativos<\/figcaption><\/figure>\n<p><a href=\"https:\/\/www.youtube.com\/shorts\/tC9a63Ihiyw\">https:\/\/www.youtube.com\/shorts\/tC9a63Ihiyw<\/a><\/p>\n<h5>eco regalos \u00ae relacionados:<\/h5>\n<p><strong><a href=\"https:\/\/eco-regalos.com\/movil\/producto\/regalos-ecologicos-para-eventos-y-campanas-de-merchandising\/\">Bonsai en saco de Yute<\/a>\u00a0I <a href=\"https:\/\/eco-regalos.com\/movil\/producto\/pino-y-bonsai-en-saco-de-yute-en-caja-regalos-navidenos-personalizados\/\">Bonsai en caja de cart\u00f3n microcorrugado<\/a> I<\/strong><\/p>\n<p style=\"text-align: center;\"><strong><a href=\"http:\/\/caem.org.co\/ConveniosCARCAEM\/huellacarbono\/\">Te invitamos a cuidar el planeta, haz clic y calcula tu huella de carbono para que cada d\u00eda la reduzcas con conciencia.<\/a><\/strong><\/p>\n","protected":false},"excerpt":{"rendered":"<p>Bonsai personalizados en matera de barro. Bonsai personalizados para regalos ecologicos corporativos: Guayac\u00e1n, carbonero, pino y otros; sembrado en matera de barro cosido, con una corteza de madera adherida y marcada con el logo en l\u00e1ser.\u00a0 Esta es la opci\u00f3n ideal para regalos empresariales personalizados con mayor longevidad. Se entrega en guacal de pino para ser transportado en todo el territorio nacional. Este es un regalo ecol\u00f3gico muy especial y lleno de vida.\u00a0 El regalo se personaliza con su logo marcado en un medall\u00f3n de madera adherido a la planta.&hellip;<\/p>\n","protected":false},"featured_media":7137,"comment_status":"open","ping_status":"closed","template":"","meta":{"_sitemap_exclude":false,"_sitemap_priority":"","_sitemap_frequency":""},"product_brand":[],"product_cat":[582],"product_tag":[],"class_list":{"0":"post-566","1":"product","2":"type-product","3":"status-publish","4":"has-post-thumbnail","6":"product_cat-bonsai-y-plantas-vivas","8":"first","9":"instock","10":"taxable","11":"shipping-taxable","12":"purchasable","13":"product-type-simple"},"yoast_head":"<!-- This site is optimized with the Yoast SEO Premium plugin v27.3 (Yoast SEO v27.3) - https:\/\/yoast.com\/product\/yoast-seo-premium-wordpress\/ -->\n<title>Bonsai personalizados en matera de barro con corteza marcada<\/title>\n<meta name=\"description\" content=\"Bonsai personalizados en matera de barro con medall\u00f3n de madera marcado para regalos ecologicos corporativos y empresariales.\" \/>\n<meta name=\"robots\" content=\"index, follow, max-snippet:-1, max-image-preview:large, max-video-preview:-1\" \/>\n<link rel=\"canonical\" href=\"https:\/\/eco-regalos.com\/movil\/producto\/bonsai-en-matera-de-barro-con-medallon-de-madera-marcado-con-logo\/\" \/>\n<meta property=\"og:locale\" content=\"es_ES\" \/>\n<meta property=\"og:type\" content=\"article\" \/>\n<meta property=\"og:title\" content=\"Bons\u00e1i PREMIUM en matera de barro con guacal\" \/>\n<meta property=\"og:description\" content=\"Bonsai personalizados en matera de barro con medall\u00f3n de madera marcado para regalos ecologicos corporativos y empresariales.\" \/>\n<meta property=\"og:url\" content=\"https:\/\/eco-regalos.com\/movil\/producto\/bonsai-en-matera-de-barro-con-medallon-de-madera-marcado-con-logo\/\" \/>\n<meta property=\"og:site_name\" content=\"Productos Germinables y papel semilla\" \/>\n<meta property=\"article:modified_time\" content=\"2026-02-23T14:57:28+00:00\" \/>\n<meta property=\"og:image\" content=\"https:\/\/eco-regalos.com\/Colombia\/wp-content\/uploads\/2026\/02\/bonsai-personalizado_regalo_ecologico-corporativo.png\" \/>\n\t<meta property=\"og:image:width\" content=\"400\" \/>\n\t<meta property=\"og:image:height\" content=\"308\" \/>\n\t<meta property=\"og:image:type\" content=\"image\/png\" \/>\n<meta name=\"twitter:card\" content=\"summary_large_image\" \/>\n<meta name=\"twitter:label1\" content=\"Tiempo de lectura\" \/>\n\t<meta name=\"twitter:data1\" content=\"3 minutos\" \/>\n<script type=\"application\/ld+json\" class=\"yoast-schema-graph\">{\"@context\":\"https:\\\/\\\/schema.org\",\"@graph\":[{\"@type\":\"WebPage\",\"@id\":\"https:\\\/\\\/eco-regalos.com\\\/Colombia\\\/producto\\\/bonsai-personalizados-en-matera-de-barro-con-corteza-marcada\\\/\",\"url\":\"https:\\\/\\\/eco-regalos.com\\\/movil\\\/producto\\\/bonsai-en-matera-de-barro-con-medallon-de-madera-marcado-con-logo\\\/\",\"name\":\"Bonsai personalizados en matera de barro con corteza marcada\",\"isPartOf\":{\"@id\":\"https:\\\/\\\/eco-regalos.com\\\/Colombia\\\/#website\"},\"primaryImageOfPage\":{\"@id\":\"https:\\\/\\\/eco-regalos.com\\\/movil\\\/producto\\\/bonsai-en-matera-de-barro-con-medallon-de-madera-marcado-con-logo\\\/#primaryimage\"},\"image\":{\"@id\":\"https:\\\/\\\/eco-regalos.com\\\/movil\\\/producto\\\/bonsai-en-matera-de-barro-con-medallon-de-madera-marcado-con-logo\\\/#primaryimage\"},\"thumbnailUrl\":\"https:\\\/\\\/eco-regalos.com\\\/Colombia\\\/wp-content\\\/uploads\\\/2026\\\/02\\\/bonsai-personalizado_regalo_ecologico-corporativo.png\",\"datePublished\":\"2018-08-07T21:25:37+00:00\",\"dateModified\":\"2026-02-23T14:57:28+00:00\",\"description\":\"Bonsai personalizados en matera de barro con medall\u00f3n de madera marcado para regalos ecologicos corporativos y empresariales.\",\"breadcrumb\":{\"@id\":\"https:\\\/\\\/eco-regalos.com\\\/movil\\\/producto\\\/bonsai-en-matera-de-barro-con-medallon-de-madera-marcado-con-logo\\\/#breadcrumb\"},\"inLanguage\":\"es\",\"potentialAction\":[{\"@type\":\"ReadAction\",\"target\":[\"https:\\\/\\\/eco-regalos.com\\\/movil\\\/producto\\\/bonsai-en-matera-de-barro-con-medallon-de-madera-marcado-con-logo\\\/\"]}]},{\"@type\":\"ImageObject\",\"inLanguage\":\"es\",\"@id\":\"https:\\\/\\\/eco-regalos.com\\\/movil\\\/producto\\\/bonsai-en-matera-de-barro-con-medallon-de-madera-marcado-con-logo\\\/#primaryimage\",\"url\":\"https:\\\/\\\/eco-regalos.com\\\/Colombia\\\/wp-content\\\/uploads\\\/2026\\\/02\\\/bonsai-personalizado_regalo_ecologico-corporativo.png\",\"contentUrl\":\"https:\\\/\\\/eco-regalos.com\\\/Colombia\\\/wp-content\\\/uploads\\\/2026\\\/02\\\/bonsai-personalizado_regalo_ecologico-corporativo.png\",\"width\":400,\"height\":308},{\"@type\":\"BreadcrumbList\",\"@id\":\"https:\\\/\\\/eco-regalos.com\\\/movil\\\/producto\\\/bonsai-en-matera-de-barro-con-medallon-de-madera-marcado-con-logo\\\/#breadcrumb\",\"itemListElement\":[{\"@type\":\"ListItem\",\"position\":1,\"name\":\"Portada\",\"item\":\"https:\\\/\\\/eco-regalos.com\\\/Colombia\\\/\"},{\"@type\":\"ListItem\",\"position\":2,\"name\":\"Productos germinables para campa\u00f1as ambientalmente responsables\",\"item\":\"https:\\\/\\\/eco-regalos.com\\\/Colombia\\\/catalogo_eco_regalos\\\/\"},{\"@type\":\"ListItem\",\"position\":3,\"name\":\"Bons\u00e1i PREMIUM en matera de barro con guacal\"}]},{\"@type\":\"WebSite\",\"@id\":\"https:\\\/\\\/eco-regalos.com\\\/Colombia\\\/#website\",\"url\":\"https:\\\/\\\/eco-regalos.com\\\/Colombia\\\/\",\"name\":\"Eco Regalos - Merchandising Ecol\u00f3gico\",\"description\":\"\",\"publisher\":{\"@id\":\"https:\\\/\\\/eco-regalos.com\\\/Colombia\\\/#organization\"},\"alternateName\":\"eco-regalos.com\",\"potentialAction\":[{\"@type\":\"SearchAction\",\"target\":{\"@type\":\"EntryPoint\",\"urlTemplate\":\"https:\\\/\\\/eco-regalos.com\\\/Colombia\\\/?s={search_term_string}\"},\"query-input\":{\"@type\":\"PropertyValueSpecification\",\"valueRequired\":true,\"valueName\":\"search_term_string\"}}],\"inLanguage\":\"es\"},{\"@type\":[\"Organization\",\"Place\"],\"@id\":\"https:\\\/\\\/eco-regalos.com\\\/Colombia\\\/#organization\",\"name\":\"Eco Regalos\",\"url\":\"https:\\\/\\\/eco-regalos.com\\\/Colombia\\\/\",\"logo\":{\"@id\":\"https:\\\/\\\/eco-regalos.com\\\/movil\\\/producto\\\/bonsai-en-matera-de-barro-con-medallon-de-madera-marcado-con-logo\\\/#local-main-organization-logo\"},\"image\":{\"@id\":\"https:\\\/\\\/eco-regalos.com\\\/movil\\\/producto\\\/bonsai-en-matera-de-barro-con-medallon-de-madera-marcado-con-logo\\\/#local-main-organization-logo\"},\"telephone\":[],\"openingHoursSpecification\":[{\"@type\":\"OpeningHoursSpecification\",\"dayOfWeek\":[\"Sunday\",\"Monday\",\"Tuesday\",\"Wednesday\",\"Thursday\",\"Friday\",\"Saturday\"],\"opens\":\"09:00\",\"closes\":\"17:00\"}]},{\"@type\":\"ImageObject\",\"inLanguage\":\"es\",\"@id\":\"https:\\\/\\\/eco-regalos.com\\\/movil\\\/producto\\\/bonsai-en-matera-de-barro-con-medallon-de-madera-marcado-con-logo\\\/#local-main-organization-logo\",\"url\":\"https:\\\/\\\/eco-regalos.com\\\/Colombia\\\/wp-content\\\/uploads\\\/2020\\\/08\\\/logo-2015-con-slogan.jpg\",\"contentUrl\":\"https:\\\/\\\/eco-regalos.com\\\/Colombia\\\/wp-content\\\/uploads\\\/2020\\\/08\\\/logo-2015-con-slogan.jpg\",\"width\":1461,\"height\":1121,\"caption\":\"Eco Regalos\"}]}<\/script>\n<!-- \/ Yoast SEO Premium plugin. -->","yoast_head_json":{"title":"Bonsai personalizados en matera de barro con corteza marcada","description":"Bonsai personalizados en matera de barro con medall\u00f3n de madera marcado para regalos ecologicos corporativos y empresariales.","robots":{"index":"index","follow":"follow","max-snippet":"max-snippet:-1","max-image-preview":"max-image-preview:large","max-video-preview":"max-video-preview:-1"},"canonical":"https:\/\/eco-regalos.com\/movil\/producto\/bonsai-en-matera-de-barro-con-medallon-de-madera-marcado-con-logo\/","og_locale":"es_ES","og_type":"article","og_title":"Bons\u00e1i PREMIUM en matera de barro con guacal","og_description":"Bonsai personalizados en matera de barro con medall\u00f3n de madera marcado para regalos ecologicos corporativos y empresariales.","og_url":"https:\/\/eco-regalos.com\/movil\/producto\/bonsai-en-matera-de-barro-con-medallon-de-madera-marcado-con-logo\/","og_site_name":"Productos Germinables y papel semilla","article_modified_time":"2026-02-23T14:57:28+00:00","og_image":[{"width":400,"height":308,"url":"https:\/\/eco-regalos.com\/Colombia\/wp-content\/uploads\/2026\/02\/bonsai-personalizado_regalo_ecologico-corporativo.png","type":"image\/png"}],"twitter_card":"summary_large_image","twitter_misc":{"Tiempo de lectura":"3 minutos"},"schema":{"@context":"https:\/\/schema.org","@graph":[{"@type":"WebPage","@id":"https:\/\/eco-regalos.com\/Colombia\/producto\/bonsai-personalizados-en-matera-de-barro-con-corteza-marcada\/","url":"https:\/\/eco-regalos.com\/movil\/producto\/bonsai-en-matera-de-barro-con-medallon-de-madera-marcado-con-logo\/","name":"Bonsai personalizados en matera de barro con corteza marcada","isPartOf":{"@id":"https:\/\/eco-regalos.com\/Colombia\/#website"},"primaryImageOfPage":{"@id":"https:\/\/eco-regalos.com\/movil\/producto\/bonsai-en-matera-de-barro-con-medallon-de-madera-marcado-con-logo\/#primaryimage"},"image":{"@id":"https:\/\/eco-regalos.com\/movil\/producto\/bonsai-en-matera-de-barro-con-medallon-de-madera-marcado-con-logo\/#primaryimage"},"thumbnailUrl":"https:\/\/eco-regalos.com\/Colombia\/wp-content\/uploads\/2026\/02\/bonsai-personalizado_regalo_ecologico-corporativo.png","datePublished":"2018-08-07T21:25:37+00:00","dateModified":"2026-02-23T14:57:28+00:00","description":"Bonsai personalizados en matera de barro con medall\u00f3n de madera marcado para regalos ecologicos corporativos y empresariales.","breadcrumb":{"@id":"https:\/\/eco-regalos.com\/movil\/producto\/bonsai-en-matera-de-barro-con-medallon-de-madera-marcado-con-logo\/#breadcrumb"},"inLanguage":"es","potentialAction":[{"@type":"ReadAction","target":["https:\/\/eco-regalos.com\/movil\/producto\/bonsai-en-matera-de-barro-con-medallon-de-madera-marcado-con-logo\/"]}]},{"@type":"ImageObject","inLanguage":"es","@id":"https:\/\/eco-regalos.com\/movil\/producto\/bonsai-en-matera-de-barro-con-medallon-de-madera-marcado-con-logo\/#primaryimage","url":"https:\/\/eco-regalos.com\/Colombia\/wp-content\/uploads\/2026\/02\/bonsai-personalizado_regalo_ecologico-corporativo.png","contentUrl":"https:\/\/eco-regalos.com\/Colombia\/wp-content\/uploads\/2026\/02\/bonsai-personalizado_regalo_ecologico-corporativo.png","width":400,"height":308},{"@type":"BreadcrumbList","@id":"https:\/\/eco-regalos.com\/movil\/producto\/bonsai-en-matera-de-barro-con-medallon-de-madera-marcado-con-logo\/#breadcrumb","itemListElement":[{"@type":"ListItem","position":1,"name":"Portada","item":"https:\/\/eco-regalos.com\/Colombia\/"},{"@type":"ListItem","position":2,"name":"Productos germinables para campa\u00f1as ambientalmente responsables","item":"https:\/\/eco-regalos.com\/Colombia\/catalogo_eco_regalos\/"},{"@type":"ListItem","position":3,"name":"Bons\u00e1i PREMIUM en matera de barro con guacal"}]},{"@type":"WebSite","@id":"https:\/\/eco-regalos.com\/Colombia\/#website","url":"https:\/\/eco-regalos.com\/Colombia\/","name":"Eco Regalos - Merchandising Ecol\u00f3gico","description":"","publisher":{"@id":"https:\/\/eco-regalos.com\/Colombia\/#organization"},"alternateName":"eco-regalos.com","potentialAction":[{"@type":"SearchAction","target":{"@type":"EntryPoint","urlTemplate":"https:\/\/eco-regalos.com\/Colombia\/?s={search_term_string}"},"query-input":{"@type":"PropertyValueSpecification","valueRequired":true,"valueName":"search_term_string"}}],"inLanguage":"es"},{"@type":["Organization","Place"],"@id":"https:\/\/eco-regalos.com\/Colombia\/#organization","name":"Eco Regalos","url":"https:\/\/eco-regalos.com\/Colombia\/","logo":{"@id":"https:\/\/eco-regalos.com\/movil\/producto\/bonsai-en-matera-de-barro-con-medallon-de-madera-marcado-con-logo\/#local-main-organization-logo"},"image":{"@id":"https:\/\/eco-regalos.com\/movil\/producto\/bonsai-en-matera-de-barro-con-medallon-de-madera-marcado-con-logo\/#local-main-organization-logo"},"telephone":[],"openingHoursSpecification":[{"@type":"OpeningHoursSpecification","dayOfWeek":["Sunday","Monday","Tuesday","Wednesday","Thursday","Friday","Saturday"],"opens":"09:00","closes":"17:00"}]},{"@type":"ImageObject","inLanguage":"es","@id":"https:\/\/eco-regalos.com\/movil\/producto\/bonsai-en-matera-de-barro-con-medallon-de-madera-marcado-con-logo\/#local-main-organization-logo","url":"https:\/\/eco-regalos.com\/Colombia\/wp-content\/uploads\/2020\/08\/logo-2015-con-slogan.jpg","contentUrl":"https:\/\/eco-regalos.com\/Colombia\/wp-content\/uploads\/2020\/08\/logo-2015-con-slogan.jpg","width":1461,"height":1121,"caption":"Eco Regalos"}]}},"_links":{"self":[{"href":"https:\/\/eco-regalos.com\/Colombia\/wp-json\/wp\/v2\/product\/566","targetHints":{"allow":["GET"]}}],"collection":[{"href":"https:\/\/eco-regalos.com\/Colombia\/wp-json\/wp\/v2\/product"}],"about":[{"href":"https:\/\/eco-regalos.com\/Colombia\/wp-json\/wp\/v2\/types\/product"}],"replies":[{"embeddable":true,"href":"https:\/\/eco-regalos.com\/Colombia\/wp-json\/wp\/v2\/comments?post=566"}],"wp:featuredmedia":[{"embeddable":true,"href":"https:\/\/eco-regalos.com\/Colombia\/wp-json\/wp\/v2\/media\/7137"}],"wp:attachment":[{"href":"https:\/\/eco-regalos.com\/Colombia\/wp-json\/wp\/v2\/media?parent=566"}],"wp:term":[{"taxonomy":"product_brand","embeddable":true,"href":"https:\/\/eco-regalos.com\/Colombia\/wp-json\/wp\/v2\/product_brand?post=566"},{"taxonomy":"product_cat","embeddable":true,"href":"https:\/\/eco-regalos.com\/Colombia\/wp-json\/wp\/v2\/product_cat?post=566"},{"taxonomy":"product_tag","embeddable":true,"href":"https:\/\/eco-regalos.com\/Colombia\/wp-json\/wp\/v2\/product_tag?post=566"}],"curies":[{"name":"wp","href":"https:\/\/api.w.org\/{rel}","templated":true}]}}