{"id":6089,"date":"2024-12-20T19:32:44","date_gmt":"2024-12-21T00:32:44","guid":{"rendered":"http:\/\/eco-regalos.com\/colombia\/?post_type=product&#038;p=6089"},"modified":"2026-02-23T09:45:58","modified_gmt":"2026-02-23T14:45:58","slug":"kit-de-bienvenida-corporativo-e-institucional","status":"publish","type":"product","link":"https:\/\/eco-regalos.com\/Colombia\/producto\/kit-de-bienvenida-corporativo-e-institucional\/","title":{"rendered":"Kit de Bienvenida Corporativo e Institucional"},"content":{"rendered":"<h3>Kit de Bienvenida Corporativo e Institucional<\/h3>\n<p><strong>Kit de Bienvenida Corporativo<\/strong> e Institucional 100% ecol\u00f3gico.<\/p>\n<p>Deja una huella duradera en tus colaboradores, empleados, usuarios y clientes con nuestros Kits de Bienvenida personalizados.<\/p>\n<p>Dise\u00f1ados a medida para cada empresa, nuestros kits incluyen una selecci\u00f3n de productos ecol\u00f3gicos y sostenibles.<\/p>\n<p><strong>Kit de Bienvenida Corporativo:<\/strong> Inspira y Conecta<\/p>\n<p>Deja una huella duradera en tus colaboradores, empleados, usuarios y clientes con nuestros Kits de Bienvenida personalizados. Dise\u00f1ados a medida para cada empresa, nuestros kits incluyen una selecci\u00f3n de productos ecol\u00f3gicos y sostenibles.<\/p>\n<p>Cada producto est\u00e1 personalizado con la imagen de tu empresa, creando una experiencia \u00fanica y memorable. \u00a1Refuerza tu marca y demuestra tu compromiso con ellos!<\/p>\n<p style=\"padding-left: 40px;\"><strong>Opci\u00f3n 1<\/strong><\/p>\n<p style=\"padding-left: 40px;\">&#8211; Bol\u00edgrafo Germinable personalizado full color:\u00a0 <a href=\"https:\/\/eco-regalos.com\/movil\/producto\/boligrafo-germinable-en-papel-ecologico-para-regalo\/\"><strong>ver detalles<\/strong><\/a><\/p>\n<p style=\"padding-left: 40px;\">&#8211; Libreta Germinable Personalizada:\u00a0 <a href=\"https:\/\/eco-regalos.com\/movil\/producto\/libreta-ecologica-germinable-personalizada\/\"><strong>ver detalles<\/strong><\/a><br \/>\n&#8211; Bolsa de yute con tu marca (17 x 23 cm): <a href=\"https:\/\/eco-regalos.com\/movil\/producto\/bolsa-en-tela-de-yute-marcada\/\"><strong>ver detalles<\/strong><\/a><br \/>\n&#8211; Maceta org\u00e1nica y compostable de coco: <a href=\"https:\/\/eco-regalos.com\/movil\/producto\/matera-en-fibra-natural-de-coco-para-suculentas-y-germinacion-de-plantas\/\"><strong>ver detalles<\/strong><\/a><\/p>\n<p style=\"padding-left: 40px;\"><strong>Opci\u00f3n 2<\/strong><\/p>\n<p style=\"padding-left: 40px;\">&#8211; Carpeta germinable para informes, personalizada: <a href=\"https:\/\/eco-regalos.com\/movil\/producto\/caratulas-y-carpetas-germinables-entre-otros-articulos-de-oficina\/\"><strong>ver detalles<\/strong><\/a><br \/>\n&#8211; Bolsa de yute con tu marca (20x13cm):\u00a0 <a href=\"https:\/\/eco-regalos.com\/movil\/producto\/bolsa-en-tela-de-yute-marcada\/\"><strong>ver detalles<\/strong><\/a><br \/>\n&#8211; Maceta org\u00e1nica y compostable de coco:\u00a0 <a href=\"https:\/\/eco-regalos.com\/movil\/producto\/matera-en-fibra-natural-de-coco-para-suculentas-y-germinacion-de-plantas\/\"><strong>ver detalles<\/strong><\/a><\/p>\n<p style=\"padding-left: 40px;\"><strong>Opci\u00f3n 3<\/strong><\/p>\n<p style=\"padding-left: 40px;\">&#8211; Planta con mensaje al nacer:\u00a0 <a href=\"https:\/\/eco-regalos.com\/movil\/producto\/planta-que-nace-con-un-mensaje-escrito-en-su-primer-retono\/\"><strong>ver detalles<\/strong><\/a><br \/>\n&#8211; Bol\u00edgrafo Germinable personalizado full color:\u00a0 <a href=\"https:\/\/eco-regalos.com\/movil\/producto\/boligrafo-germinable-en-papel-ecologico-para-regalo\/\"><strong>ver detalles<\/strong><\/a><br \/>\n&#8211; Bolsa de yute con tu marca (17 x 23 cm):\u00a0 \u00a0<a href=\"https:\/\/eco-regalos.com\/movil\/producto\/bolsa-en-tela-de-yute-marcada\/\"><strong>ver detalles<\/strong><\/a><\/p>\n<p>&nbsp;<\/p>\n<div><span style=\"color: #333333;\"><span style=\"font-size: large;\"><b>ARMA TU KIT\u00a0<\/b><\/span><b><img loading=\"lazy\" decoding=\"async\" loading=\"lazy\" class=\"eco-fade-img\" class=\"an1\" draggable=\"false\" src=\"https:\/\/fonts.gstatic.com\/s\/e\/notoemoji\/16.0\/1f33f\/32.png\" alt=\"\ud83c\udf3f\" width=\"22\" height=\"22\" data-emoji=\"\ud83c\udf3f\" aria-label=\"\ud83c\udf3f\" \/><\/b><\/span><\/div>\n<div>Tambi\u00e9n puedes armar tu Kit de Bienvenida a la medida. <span style=\"color: #333333;\">Seleccionando los art\u00edculos ecol\u00f3gicos que lo conforman.<\/span><\/div>\n<div><\/div>\n<p><strong>Beneficios<\/strong><br \/>\n&#8211; Refuerza tu marca y mensaje<br \/>\n&#8211; Inspira la conciencia ambiental<br \/>\n&#8211; Fomenta la conexi\u00f3n con la naturaleza<br \/>\n&#8211; Regala una experiencia \u00fanica y memorable<\/p>\n<p><strong>\u00bfPor qu\u00e9 elegir nuestro Kit de Bienvenida?<\/strong><br \/>\n&#8211; Innovador y ecol\u00f3gico<br \/>\n&#8211; Personalizado con tu marca<br \/>\n&#8211; Experiencia interactiva y divertida<br \/>\n&#8211; Ideal para eventos, regalos corporativos y programas de fidelidad<\/p>\n<p>Comienza a inspirar y conectar con nuestro Kit de Bienvenida Corporativo.<\/p>\n<p>Opciones m\u00e1s ecol\u00f3gicas y responsables con el medioambiente.<\/p>\n<p><a href=\"https:\/\/eco-regalos.com\/movil\/producto\/lapiz-semilla-personalizado-germinable-para-regalo\/\">Lapiz germinable<\/a> I <a href=\"https:\/\/eco-regalos.com\/movil\/producto\/agenda-ecologica-germinable-personalizada\/\">Agenda germinable<\/a> I <a href=\"https:\/\/eco-regalos.com\/movil\/producto\/libreta-ecologica-germinable-personalizada\/\">Libreta germinable<\/a> I<\/p>\n<p>&nbsp;<\/p>\n","protected":false},"excerpt":{"rendered":"<h4 class=\"otQkpb\" role=\"heading\" aria-level=\"3\" data-complete=\"true\" data-processed=\"true\"><strong class=\"Yjhzub\" data-complete=\"true\">Kits de Bienvenida Corporativos: Sembrando Bienestar y Crecimiento Laboral<\/strong><\/h4>\n<div class=\"Y3BBE\" data-sfc-cp=\"\" data-hveid=\"CAEIBBAA\" data-complete=\"true\" data-processed=\"true\" aria-owns=\"action-menu-parent-container\">Potencia tu cultura organizacional con nuestro\u00a0<strong class=\"Yjhzub\" data-complete=\"true\" data-processed=\"true\">Kit de Bienvenida \u00abInspira y Conecta\u00bb<\/strong>, la herramienta definitiva de\u00a0<strong class=\"Yjhzub\" data-complete=\"true\" data-processed=\"true\">Onboarding sostenible<\/strong>. Dise\u00f1ados para empresas que priorizan el\u00a0<strong class=\"Yjhzub\" data-complete=\"true\" data-processed=\"true\">buen ambiente, el cuidado y el desarrollo<\/strong>\u00a0de su equipo, estos kits transforman el primer d\u00eda de un colaborador en una experiencia de vida. Al entregar productos que germinan, tu marca comunica un mensaje de crecimiento mutuo y compromiso con el futuro.<\/div>\n","protected":false},"featured_media":7590,"comment_status":"open","ping_status":"closed","template":"","meta":{"_sitemap_exclude":false,"_sitemap_priority":"","_sitemap_frequency":""},"product_brand":[],"product_cat":[583],"product_tag":[],"class_list":{"0":"post-6089","1":"product","2":"type-product","3":"status-publish","4":"has-post-thumbnail","6":"product_cat-compensa-tu-huella-de-carbono","8":"first","9":"instock","10":"taxable","11":"shipping-taxable","12":"purchasable","13":"product-type-simple"},"yoast_head":"<!-- This site is optimized with the Yoast SEO Premium plugin v27.4 (Yoast SEO v27.4) - https:\/\/yoast.com\/product\/yoast-seo-premium-wordpress\/ -->\n<title>Kit de Bienvenida Corporativo e Institucional<\/title>\n<meta name=\"description\" content=\"Kit de Bienvenida Corporativo e Institucional 100% ecol\u00f3gico. Regalos con semillas, suculentas, bonsai. Lapiz y libretas germinables. Agenda ecol\u00f3gica.\" \/>\n<meta name=\"robots\" content=\"index, follow, max-snippet:-1, max-image-preview:large, max-video-preview:-1\" \/>\n<link rel=\"canonical\" href=\"https:\/\/eco-regalos.com\/Colombia\/producto\/kit-de-bienvenida-corporativo-e-institucional\/\" \/>\n<meta property=\"og:locale\" content=\"es_ES\" \/>\n<meta property=\"og:type\" content=\"article\" \/>\n<meta property=\"og:title\" content=\"Kit de Bienvenida Corporativo e Institucional\" \/>\n<meta property=\"og:description\" content=\"Kit de Bienvenida Corporativo e Institucional 100% ecol\u00f3gico. Regalos con semillas, suculentas, bonsai. Lapiz y libretas germinables. Agenda ecol\u00f3gica.\" \/>\n<meta property=\"og:url\" content=\"https:\/\/eco-regalos.com\/Colombia\/producto\/kit-de-bienvenida-corporativo-e-institucional\/\" \/>\n<meta property=\"og:site_name\" content=\"Merchandising Ecol\u00f3gico\" \/>\n<meta property=\"article:modified_time\" content=\"2026-02-23T14:45:58+00:00\" \/>\n<meta property=\"og:image\" content=\"https:\/\/eco-regalos.com\/Colombia\/wp-content\/uploads\/2026\/02\/regalo-eco-tarjetas-plantables_kit-germinables_ecologico-personalizado-BIENVENIDA-01-scaled-1.jpg\" \/>\n\t<meta property=\"og:image:width\" content=\"2560\" \/>\n\t<meta property=\"og:image:height\" content=\"2366\" \/>\n\t<meta property=\"og:image:type\" content=\"image\/jpeg\" \/>\n<meta name=\"twitter:card\" content=\"summary_large_image\" \/>\n<meta name=\"twitter:label1\" content=\"Tiempo de lectura\" \/>\n\t<meta name=\"twitter:data1\" content=\"2 minutos\" \/>\n<script type=\"application\/ld+json\" class=\"yoast-schema-graph\">{\"@context\":\"https:\\\/\\\/schema.org\",\"@graph\":[{\"@type\":\"WebPage\",\"@id\":\"https:\\\/\\\/eco-regalos.com\\\/Colombia\\\/producto\\\/kit-de-bienvenida-corporativo-e-institucional\\\/\",\"url\":\"https:\\\/\\\/eco-regalos.com\\\/Colombia\\\/producto\\\/kit-de-bienvenida-corporativo-e-institucional\\\/\",\"name\":\"Kit de Bienvenida Corporativo e Institucional\",\"isPartOf\":{\"@id\":\"https:\\\/\\\/eco-regalos.com\\\/Colombia\\\/#website\"},\"primaryImageOfPage\":{\"@id\":\"https:\\\/\\\/eco-regalos.com\\\/Colombia\\\/producto\\\/kit-de-bienvenida-corporativo-e-institucional\\\/#primaryimage\"},\"image\":{\"@id\":\"https:\\\/\\\/eco-regalos.com\\\/Colombia\\\/producto\\\/kit-de-bienvenida-corporativo-e-institucional\\\/#primaryimage\"},\"thumbnailUrl\":\"https:\\\/\\\/eco-regalos.com\\\/Colombia\\\/wp-content\\\/uploads\\\/2026\\\/02\\\/regalo-eco-tarjetas-plantables_kit-germinables_ecologico-personalizado-BIENVENIDA-01-scaled-1.jpg\",\"datePublished\":\"2024-12-21T00:32:44+00:00\",\"dateModified\":\"2026-02-23T14:45:58+00:00\",\"description\":\"Kit de Bienvenida Corporativo e Institucional 100% ecol\u00f3gico. Regalos con semillas, suculentas, bonsai. Lapiz y libretas germinables. Agenda ecol\u00f3gica.\",\"breadcrumb\":{\"@id\":\"https:\\\/\\\/eco-regalos.com\\\/Colombia\\\/producto\\\/kit-de-bienvenida-corporativo-e-institucional\\\/#breadcrumb\"},\"inLanguage\":\"es\",\"potentialAction\":[{\"@type\":\"ReadAction\",\"target\":[\"https:\\\/\\\/eco-regalos.com\\\/Colombia\\\/producto\\\/kit-de-bienvenida-corporativo-e-institucional\\\/\"]}]},{\"@type\":\"ImageObject\",\"inLanguage\":\"es\",\"@id\":\"https:\\\/\\\/eco-regalos.com\\\/Colombia\\\/producto\\\/kit-de-bienvenida-corporativo-e-institucional\\\/#primaryimage\",\"url\":\"https:\\\/\\\/eco-regalos.com\\\/Colombia\\\/wp-content\\\/uploads\\\/2026\\\/02\\\/regalo-eco-tarjetas-plantables_kit-germinables_ecologico-personalizado-BIENVENIDA-01-scaled-1.jpg\",\"contentUrl\":\"https:\\\/\\\/eco-regalos.com\\\/Colombia\\\/wp-content\\\/uploads\\\/2026\\\/02\\\/regalo-eco-tarjetas-plantables_kit-germinables_ecologico-personalizado-BIENVENIDA-01-scaled-1.jpg\",\"width\":2560,\"height\":2366},{\"@type\":\"BreadcrumbList\",\"@id\":\"https:\\\/\\\/eco-regalos.com\\\/Colombia\\\/producto\\\/kit-de-bienvenida-corporativo-e-institucional\\\/#breadcrumb\",\"itemListElement\":[{\"@type\":\"ListItem\",\"position\":1,\"name\":\"Portada\",\"item\":\"https:\\\/\\\/eco-regalos.com\\\/Colombia\\\/\"},{\"@type\":\"ListItem\",\"position\":2,\"name\":\"Productos germinables para campa\u00f1as ambientalmente responsables\",\"item\":\"https:\\\/\\\/eco-regalos.com\\\/Colombia\\\/catalogo_eco_regalos\\\/\"},{\"@type\":\"ListItem\",\"position\":3,\"name\":\"Kit de Bienvenida Corporativo e Institucional\"}]},{\"@type\":\"WebSite\",\"@id\":\"https:\\\/\\\/eco-regalos.com\\\/Colombia\\\/#website\",\"url\":\"https:\\\/\\\/eco-regalos.com\\\/Colombia\\\/\",\"name\":\"Eco Regalos - Merchandising Ecol\u00f3gico\",\"description\":\"Papel Semilla\",\"publisher\":{\"@id\":\"https:\\\/\\\/eco-regalos.com\\\/Colombia\\\/#organization\"},\"alternateName\":\"eco-regalos.com\",\"potentialAction\":[{\"@type\":\"SearchAction\",\"target\":{\"@type\":\"EntryPoint\",\"urlTemplate\":\"https:\\\/\\\/eco-regalos.com\\\/Colombia\\\/?s={search_term_string}\"},\"query-input\":{\"@type\":\"PropertyValueSpecification\",\"valueRequired\":true,\"valueName\":\"search_term_string\"}}],\"inLanguage\":\"es\"},{\"@type\":[\"Organization\",\"Place\"],\"@id\":\"https:\\\/\\\/eco-regalos.com\\\/Colombia\\\/#organization\",\"name\":\"Eco Regalos\",\"url\":\"https:\\\/\\\/eco-regalos.com\\\/Colombia\\\/\",\"logo\":{\"@id\":\"https:\\\/\\\/eco-regalos.com\\\/Colombia\\\/producto\\\/kit-de-bienvenida-corporativo-e-institucional\\\/#local-main-organization-logo\"},\"image\":{\"@id\":\"https:\\\/\\\/eco-regalos.com\\\/Colombia\\\/producto\\\/kit-de-bienvenida-corporativo-e-institucional\\\/#local-main-organization-logo\"},\"telephone\":[],\"openingHoursSpecification\":[{\"@type\":\"OpeningHoursSpecification\",\"dayOfWeek\":[\"Sunday\",\"Monday\",\"Tuesday\",\"Wednesday\",\"Thursday\",\"Friday\",\"Saturday\"],\"opens\":\"09:00\",\"closes\":\"17:00\"}]},{\"@type\":\"ImageObject\",\"inLanguage\":\"es\",\"@id\":\"https:\\\/\\\/eco-regalos.com\\\/Colombia\\\/producto\\\/kit-de-bienvenida-corporativo-e-institucional\\\/#local-main-organization-logo\",\"url\":\"https:\\\/\\\/eco-regalos.com\\\/Colombia\\\/wp-content\\\/uploads\\\/2020\\\/08\\\/logo-2015-con-slogan.jpg\",\"contentUrl\":\"https:\\\/\\\/eco-regalos.com\\\/Colombia\\\/wp-content\\\/uploads\\\/2020\\\/08\\\/logo-2015-con-slogan.jpg\",\"width\":1461,\"height\":1121,\"caption\":\"Eco Regalos\"}]}<\/script>\n<!-- \/ Yoast SEO Premium plugin. -->","yoast_head_json":{"title":"Kit de Bienvenida Corporativo e Institucional","description":"Kit de Bienvenida Corporativo e Institucional 100% ecol\u00f3gico. Regalos con semillas, suculentas, bonsai. Lapiz y libretas germinables. Agenda ecol\u00f3gica.","robots":{"index":"index","follow":"follow","max-snippet":"max-snippet:-1","max-image-preview":"max-image-preview:large","max-video-preview":"max-video-preview:-1"},"canonical":"https:\/\/eco-regalos.com\/Colombia\/producto\/kit-de-bienvenida-corporativo-e-institucional\/","og_locale":"es_ES","og_type":"article","og_title":"Kit de Bienvenida Corporativo e Institucional","og_description":"Kit de Bienvenida Corporativo e Institucional 100% ecol\u00f3gico. Regalos con semillas, suculentas, bonsai. Lapiz y libretas germinables. Agenda ecol\u00f3gica.","og_url":"https:\/\/eco-regalos.com\/Colombia\/producto\/kit-de-bienvenida-corporativo-e-institucional\/","og_site_name":"Merchandising Ecol\u00f3gico","article_modified_time":"2026-02-23T14:45:58+00:00","og_image":[{"width":2560,"height":2366,"url":"https:\/\/eco-regalos.com\/Colombia\/wp-content\/uploads\/2026\/02\/regalo-eco-tarjetas-plantables_kit-germinables_ecologico-personalizado-BIENVENIDA-01-scaled-1.jpg","type":"image\/jpeg"}],"twitter_card":"summary_large_image","twitter_misc":{"Tiempo de lectura":"2 minutos"},"schema":{"@context":"https:\/\/schema.org","@graph":[{"@type":"WebPage","@id":"https:\/\/eco-regalos.com\/Colombia\/producto\/kit-de-bienvenida-corporativo-e-institucional\/","url":"https:\/\/eco-regalos.com\/Colombia\/producto\/kit-de-bienvenida-corporativo-e-institucional\/","name":"Kit de Bienvenida Corporativo e Institucional","isPartOf":{"@id":"https:\/\/eco-regalos.com\/Colombia\/#website"},"primaryImageOfPage":{"@id":"https:\/\/eco-regalos.com\/Colombia\/producto\/kit-de-bienvenida-corporativo-e-institucional\/#primaryimage"},"image":{"@id":"https:\/\/eco-regalos.com\/Colombia\/producto\/kit-de-bienvenida-corporativo-e-institucional\/#primaryimage"},"thumbnailUrl":"https:\/\/eco-regalos.com\/Colombia\/wp-content\/uploads\/2026\/02\/regalo-eco-tarjetas-plantables_kit-germinables_ecologico-personalizado-BIENVENIDA-01-scaled-1.jpg","datePublished":"2024-12-21T00:32:44+00:00","dateModified":"2026-02-23T14:45:58+00:00","description":"Kit de Bienvenida Corporativo e Institucional 100% ecol\u00f3gico. Regalos con semillas, suculentas, bonsai. Lapiz y libretas germinables. Agenda ecol\u00f3gica.","breadcrumb":{"@id":"https:\/\/eco-regalos.com\/Colombia\/producto\/kit-de-bienvenida-corporativo-e-institucional\/#breadcrumb"},"inLanguage":"es","potentialAction":[{"@type":"ReadAction","target":["https:\/\/eco-regalos.com\/Colombia\/producto\/kit-de-bienvenida-corporativo-e-institucional\/"]}]},{"@type":"ImageObject","inLanguage":"es","@id":"https:\/\/eco-regalos.com\/Colombia\/producto\/kit-de-bienvenida-corporativo-e-institucional\/#primaryimage","url":"https:\/\/eco-regalos.com\/Colombia\/wp-content\/uploads\/2026\/02\/regalo-eco-tarjetas-plantables_kit-germinables_ecologico-personalizado-BIENVENIDA-01-scaled-1.jpg","contentUrl":"https:\/\/eco-regalos.com\/Colombia\/wp-content\/uploads\/2026\/02\/regalo-eco-tarjetas-plantables_kit-germinables_ecologico-personalizado-BIENVENIDA-01-scaled-1.jpg","width":2560,"height":2366},{"@type":"BreadcrumbList","@id":"https:\/\/eco-regalos.com\/Colombia\/producto\/kit-de-bienvenida-corporativo-e-institucional\/#breadcrumb","itemListElement":[{"@type":"ListItem","position":1,"name":"Portada","item":"https:\/\/eco-regalos.com\/Colombia\/"},{"@type":"ListItem","position":2,"name":"Productos germinables para campa\u00f1as ambientalmente responsables","item":"https:\/\/eco-regalos.com\/Colombia\/catalogo_eco_regalos\/"},{"@type":"ListItem","position":3,"name":"Kit de Bienvenida Corporativo e Institucional"}]},{"@type":"WebSite","@id":"https:\/\/eco-regalos.com\/Colombia\/#website","url":"https:\/\/eco-regalos.com\/Colombia\/","name":"Eco Regalos - Merchandising Ecol\u00f3gico","description":"Papel Semilla","publisher":{"@id":"https:\/\/eco-regalos.com\/Colombia\/#organization"},"alternateName":"eco-regalos.com","potentialAction":[{"@type":"SearchAction","target":{"@type":"EntryPoint","urlTemplate":"https:\/\/eco-regalos.com\/Colombia\/?s={search_term_string}"},"query-input":{"@type":"PropertyValueSpecification","valueRequired":true,"valueName":"search_term_string"}}],"inLanguage":"es"},{"@type":["Organization","Place"],"@id":"https:\/\/eco-regalos.com\/Colombia\/#organization","name":"Eco Regalos","url":"https:\/\/eco-regalos.com\/Colombia\/","logo":{"@id":"https:\/\/eco-regalos.com\/Colombia\/producto\/kit-de-bienvenida-corporativo-e-institucional\/#local-main-organization-logo"},"image":{"@id":"https:\/\/eco-regalos.com\/Colombia\/producto\/kit-de-bienvenida-corporativo-e-institucional\/#local-main-organization-logo"},"telephone":[],"openingHoursSpecification":[{"@type":"OpeningHoursSpecification","dayOfWeek":["Sunday","Monday","Tuesday","Wednesday","Thursday","Friday","Saturday"],"opens":"09:00","closes":"17:00"}]},{"@type":"ImageObject","inLanguage":"es","@id":"https:\/\/eco-regalos.com\/Colombia\/producto\/kit-de-bienvenida-corporativo-e-institucional\/#local-main-organization-logo","url":"https:\/\/eco-regalos.com\/Colombia\/wp-content\/uploads\/2020\/08\/logo-2015-con-slogan.jpg","contentUrl":"https:\/\/eco-regalos.com\/Colombia\/wp-content\/uploads\/2020\/08\/logo-2015-con-slogan.jpg","width":1461,"height":1121,"caption":"Eco Regalos"}]}},"_links":{"self":[{"href":"https:\/\/eco-regalos.com\/Colombia\/wp-json\/wp\/v2\/product\/6089","targetHints":{"allow":["GET"]}}],"collection":[{"href":"https:\/\/eco-regalos.com\/Colombia\/wp-json\/wp\/v2\/product"}],"about":[{"href":"https:\/\/eco-regalos.com\/Colombia\/wp-json\/wp\/v2\/types\/product"}],"replies":[{"embeddable":true,"href":"https:\/\/eco-regalos.com\/Colombia\/wp-json\/wp\/v2\/comments?post=6089"}],"wp:featuredmedia":[{"embeddable":true,"href":"https:\/\/eco-regalos.com\/Colombia\/wp-json\/wp\/v2\/media\/7590"}],"wp:attachment":[{"href":"https:\/\/eco-regalos.com\/Colombia\/wp-json\/wp\/v2\/media?parent=6089"}],"wp:term":[{"taxonomy":"product_brand","embeddable":true,"href":"https:\/\/eco-regalos.com\/Colombia\/wp-json\/wp\/v2\/product_brand?post=6089"},{"taxonomy":"product_cat","embeddable":true,"href":"https:\/\/eco-regalos.com\/Colombia\/wp-json\/wp\/v2\/product_cat?post=6089"},{"taxonomy":"product_tag","embeddable":true,"href":"https:\/\/eco-regalos.com\/Colombia\/wp-json\/wp\/v2\/product_tag?post=6089"}],"curies":[{"name":"wp","href":"https:\/\/api.w.org\/{rel}","templated":true}]}}