{"id":70,"date":"2018-08-05T12:32:05","date_gmt":"2018-08-05T17:32:05","guid":{"rendered":"http:\/\/eco-regalos.com\/colombia\/?post_type=product&#038;p=70"},"modified":"2026-02-23T10:04:00","modified_gmt":"2026-02-23T15:04:00","slug":"cajita-jardin-con-plantas-naturales-arboles-y-flores","status":"publish","type":"product","link":"https:\/\/eco-regalos.com\/Colombia\/producto\/cajita-jardin-con-plantas-naturales-arboles-y-flores\/","title":{"rendered":"Cajita jard\u00edn animada con plantas naturales"},"content":{"rendered":"<ol>\n<li><strong>Cajita jard\u00edn con plantas naturales \u00e1rboles y flores.<\/strong><\/li>\n<\/ol>\n<p>Cajita Jard\u00edn Pop Up de escritorio. \u00a0Incre\u00edble Eco regalo!!!<\/p>\n<ol>\n<li>Al abrirla forma un lindo paisaje en 3D.<\/li>\n<li>Al regarlo comienzan a crecer plantas en diferentes lugares de la cajita Pop Up, generando un nuevo paisaje vivo y natural.<\/li>\n<li>Luego puedes sembrarlo con la cajita para que las plantas contin\u00faen su proceso \u00a1\u00a1Un lindo jard\u00edn en tu escritorio!!<\/li>\n<\/ol>\n<p><img loading=\"lazy\" decoding=\"async\" loading=\"lazy\" class=\"eco-fade-img\" class=\"aligncenter\" src=\"http:\/\/eco-regalos.com\/imagenesAcontent\/caji9.jpg\" alt=\"\" width=\"400\" height=\"300\" \/><\/p>\n<p style=\"text-align: center;\" align=\"justify\"><span style=\"color: #333333; font-family: Arial, Helvetica, sans-serif; font-size: small;\"><strong><span style=\"color: #009900;\"><u>OPCIONES DE PERSONALIZACI\u00d3N:<\/u><\/span><\/strong><br \/>\n<\/span><\/p>\n<p style=\"text-align: left;\"><span style=\"color: #333333; font-family: Arial, Helvetica, sans-serif; font-size: small;\"><strong>Personalizaci\u00f3n\u00a0<\/strong><\/span><\/p>\n<p style=\"text-align: left;\">1. Tu logo, texto e imagen en el frente de la caja y en la tapa externa (incluida en el precio).<\/p>\n<p style=\"text-align: left;\">Disponemos de varios dise\u00f1os para que elijas el dise\u00f1o que deseas personalizar. (ver modelos disponibles al final).<\/p>\n<p style=\"text-align: center;\">. \u00a0<img loading=\"lazy\" decoding=\"async\" loading=\"lazy\" class=\"eco-fade-img\" src=\"http:\/\/eco-regalos.com\/imagenesAcontent\/caji12.JPG\" alt=\"\" width=\"400\" height=\"300\" \/>\u00a0\u00a0<img loading=\"lazy\" decoding=\"async\" loading=\"lazy\" class=\"eco-fade-img\" src=\"http:\/\/eco-regalos.com\/imagenesAcontent\/caji14.JPG\" alt=\"\" width=\"400\" height=\"300\" \/><\/p>\n<p style=\"text-align: center;\"><img loading=\"lazy\" decoding=\"async\" loading=\"lazy\" class=\"eco-fade-img\" src=\"http:\/\/eco-regalos.com\/imagenesAcontent\/caja%20jardin%20team.jpg\" alt=\"\" width=\"400\" height=\"300\" \/><\/p>\n<p style=\"text-align: center;\">\u00a0 \u00a0 \u00a0 \u00a0 \u00a0 \u00a0 \u00a0\u00a0<img loading=\"lazy\" decoding=\"async\" loading=\"lazy\" class=\"eco-fade-img\" src=\"http:\/\/eco-regalos.com\/imagenesAcontent\/caji11(2).jpg\" alt=\"\" width=\"0\" height=\"0\" \/><\/p>\n<p style=\"text-align: left;\">2.\u00a0<strong>Paisaje 3D con personalizaci\u00f3n completa.:<\/strong><\/p>\n<p style=\"text-align: left;\">Se personaliza toda la caja full color con tu proyecto en 3d partir de 300 unidades.<\/p>\n<p style=\"text-align: left;\">El valor es $ 7.900 antes de IVA.<\/p>\n<p style=\"text-align: center;\"><img loading=\"lazy\" decoding=\"async\" loading=\"lazy\" class=\"eco-fade-img\" src=\"http:\/\/eco-regalos.com\/imagenesAcontent\/paisaje%20animado1.jpg\" alt=\"\" width=\"400\" height=\"300\" \/><\/p>\n<p style=\"text-align: center;\"><img loading=\"lazy\" decoding=\"async\" loading=\"lazy\" class=\"eco-fade-img\" src=\"http:\/\/eco-regalos.com\/imagenesAcontent\/caja_jardin_cosechas(2).jpg\" alt=\"\" width=\"400\" height=\"296\" \/><\/p>\n<p style=\"text-align: center;\"><img loading=\"lazy\" decoding=\"async\" loading=\"lazy\" class=\"eco-fade-img\" src=\"http:\/\/eco-regalos.com\/imagenesAcontent\/caja_jardin_isagen.jpg\" alt=\"\" width=\"400\" height=\"300\" \/><\/p>\n<p style=\"text-align: center;\"><img loading=\"lazy\" decoding=\"async\" loading=\"lazy\" class=\"eco-fade-img\" src=\"http:\/\/eco-regalos.com\/imagenesAcontent\/caja_jardin_recordar(1).jpg\" alt=\"\" width=\"400\" height=\"304\" \/><\/p>\n<p><strong>Cajita jard\u00edn con plantas naturales \u00e1rboles y flores.<\/strong><\/p>\n<p style=\"text-align: left;\">\u00a0<strong>Tenemos un catalogo de formas disponibles para que elijas en cual de ellas ubicas tu proyecto. \u00a0<\/strong><\/p>\n<p style=\"text-align: left;\"><strong>Si deseas una forma diferente el troquel es adicional.<\/strong><\/p>\n<p style=\"text-align: left;\"><strong>PERSONALIZACI\u00d3N EN EL FRENTE DE LA CAJA Y EN LA TAPA EXTERNA.<\/strong><\/p>\n<p style=\"text-align: left;\">(hasta 299 unidades, de ah\u00ed en adelante se personaliza 100% en toda la caja).<\/p>\n<p style=\"text-align: left;\">\u00a0Tambi\u00e9n contamos con los siguientes dise\u00f1os si deseas cantidades peque\u00f1as.<\/p>\n<p style=\"text-align: left;\">La personalizaci\u00f3n es en la franja del frente de la caja y en la tapa externa.<\/p>\n<h5><strong>Importante<\/strong>:<\/h5>\n<p>Las semillas las manejamos pre plantadas en un ecogerminador.<br \/>\nEsto por la seguridad del usuario debido a que la semilla tiene fungicidas y por la seguridad del producto para garantizar su germinaci\u00f3n. Con la semilla pre plantada el usuario no manipula la semilla.<\/p>\n<p>Adicional, la semilla es fija.\u00a0 En la mayor\u00eda de lo casos la germinaci\u00f3n no es exitosa debido a que la semilla se va al fondo y se pudre porque no logra recibir luz y calor suficiente para su germinaci\u00f3n.<\/p>\n<p style=\"text-align: center;\"><strong>Dise\u00f1os predeterminados disponibles:<\/strong><\/p>\n<p style=\"text-align: center;\">Bons\u00e1i.<\/p>\n<p style=\"text-align: center;\"><img loading=\"lazy\" decoding=\"async\" loading=\"lazy\" class=\"eco-fade-img\" src=\"http:\/\/eco-regalos.com\/imagenesAcontent\/_MG_1099.jpg\" alt=\"\" width=\"400\" height=\"267\" \/><\/p>\n<p style=\"text-align: center;\">Jard\u00edn de flores<\/p>\n<p style=\"text-align: center;\"><img loading=\"lazy\" decoding=\"async\" loading=\"lazy\" class=\"eco-fade-img\" src=\"http:\/\/eco-regalos.com\/imagenesAcontent\/caja%20jardin%20flores.jpg\" alt=\"\" width=\"400\" height=\"294\" \/><\/p>\n<p style=\"text-align: center;\">Matrimonio.<\/p>\n<p style=\"text-align: center;\"><img loading=\"lazy\" decoding=\"async\" loading=\"lazy\" class=\"eco-fade-img\" src=\"http:\/\/eco-regalos.com\/imagenesAcontent\/matrimonio1.jpg\" alt=\"\" width=\"400\" height=\"293\" \/><\/p>\n<p style=\"text-align: center;\">Baby shower &#8211; Nacimiento<\/p>\n<p style=\"text-align: center;\"><img loading=\"lazy\" decoding=\"async\" loading=\"lazy\" class=\"eco-fade-img\" src=\"http:\/\/eco-regalos.com\/imagenesAcontent\/caja%20jardin%20nacimiento(1).jpg\" alt=\"\" width=\"400\" height=\"317\" \/><\/p>\n<p style=\"text-align: center;\">Pesebre Navide\u00f1o.<\/p>\n<p style=\"text-align: center;\"><img loading=\"lazy\" decoding=\"async\" loading=\"lazy\" class=\"eco-fade-img\" class=\"aligncenter\" src=\"http:\/\/eco-regalos.com\/imagenesAcontent\/caja%20pesebre.jpg\" alt=\"\" width=\"400\" height=\"303\" \/><\/p>\n<p style=\"text-align: center;\">Jard\u00edn Pi\u00f1atas.<\/p>\n<p><img loading=\"lazy\" decoding=\"async\" loading=\"lazy\" class=\"eco-fade-img\" class=\"aligncenter\" src=\"http:\/\/eco-regalos.com\/imagenesAcontent\/caja%20jardin%20flores1.jpg\" alt=\"\" width=\"350\" height=\"266\" \/><\/p>\n<p style=\"text-align: center;\"><strong style=\"text-align: center;\">Mejor regala vida!!<\/strong><\/p>\n\n<p style=\"text-align: center;\"><strong><a href=\"http:\/\/caem.org.co\/ConveniosCARCAEM\/huellacarbono\/\">Te invitamos a cuidar el planeta, haz clic y calcula tu huella de carbono para que cada d\u00eda la reduzcas con conciencia.<\/a><\/strong><\/p>\n","protected":false},"excerpt":{"rendered":"<div class=\"Y3BBE\" data-sfc-cp=\"\" data-hveid=\"CAEIAhAA\" data-complete=\"true\" data-processed=\"true\"><strong class=\"Yjhzub\" data-complete=\"true\" data-processed=\"true\" aria-owns=\"action-menu-parent-container\">Cajita Jard\u00edn Pop Up: El Eco-Regalo 3D que Cobra Vida.<\/strong><\/div>\n<div class=\"Y3BBE\" data-sfc-cp=\"\" data-hveid=\"CAEIAxAA\" data-complete=\"true\" data-processed=\"true\">\u00a1Un jard\u00edn vivo y natural en tu escritorio! Esta incre\u00edble cajita se abre para revelar un paisaje en 3D. Al regarla, comienzan a crecer plantas naturales, \u00e1rboles y flores. Luego, puedes sembrar la cajita completa para un ciclo de vida circular. Ideal para fomentar el\u00a0<strong class=\"Yjhzub\" data-complete=\"true\" data-processed=\"true\">bienestar<\/strong>\u00a0y asociar tu\u00a0<strong class=\"Yjhzub\" data-complete=\"true\" data-processed=\"true\">marca<\/strong>\u00a0con la\u00a0<strong class=\"Yjhzub\" data-complete=\"true\" data-processed=\"true\">sostenibilidad<\/strong>.<\/div>\n","protected":false},"featured_media":7253,"comment_status":"open","ping_status":"closed","template":"","meta":{"_sitemap_exclude":false,"_sitemap_priority":"","_sitemap_frequency":""},"product_brand":[],"product_cat":[584],"product_tag":[],"class_list":{"0":"post-70","1":"product","2":"type-product","3":"status-publish","4":"has-post-thumbnail","6":"product_cat-kits-de-siembra","8":"first","9":"instock","10":"taxable","11":"shipping-taxable","12":"purchasable","13":"product-type-simple"},"yoast_head":"<!-- This site is optimized with the Yoast SEO Premium plugin v27.5 (Yoast SEO v27.5) - https:\/\/yoast.com\/product\/yoast-seo-premium-wordpress\/ -->\n<title>Cajita jard\u00edn con plantas naturales \u00e1rboles y flores.<\/title>\n<meta name=\"description\" content=\"Cajita jard\u00edn con plantas naturales \u00e1rboles y flores. Caja personalizada con tu dise\u00f1o en 3\u00b0 dimensi\u00f3n para germinar \u00e1rboles y flores.\" \/>\n<meta name=\"robots\" content=\"index, follow, max-snippet:-1, max-image-preview:large, max-video-preview:-1\" \/>\n<link rel=\"canonical\" href=\"https:\/\/eco-regalos.com\/Colombia\/producto\/cajita-jardin-con-plantas-naturales-arboles-y-flores\/\" \/>\n<meta property=\"og:locale\" content=\"es_ES\" \/>\n<meta property=\"og:type\" content=\"article\" \/>\n<meta property=\"og:title\" content=\"Cajita jard\u00edn animada con plantas naturales\" \/>\n<meta property=\"og:description\" content=\"Cajita jard\u00edn con plantas naturales \u00e1rboles y flores. Caja personalizada con tu dise\u00f1o en 3\u00b0 dimensi\u00f3n para germinar \u00e1rboles y flores.\" \/>\n<meta property=\"og:url\" content=\"https:\/\/eco-regalos.com\/Colombia\/producto\/cajita-jardin-con-plantas-naturales-arboles-y-flores\/\" \/>\n<meta property=\"og:site_name\" content=\"Merchandising Ecol\u00f3gico\" \/>\n<meta property=\"article:modified_time\" content=\"2026-02-23T15:04:00+00:00\" \/>\n<meta property=\"og:image\" content=\"https:\/\/eco-regalos.com\/Colombia\/wp-content\/uploads\/2026\/02\/regalos_corpotativos_ecologicos_eco_friendly_personalizados_eco-regalos.jpg\" \/>\n\t<meta property=\"og:image:width\" content=\"320\" \/>\n\t<meta property=\"og:image:height\" content=\"320\" \/>\n\t<meta property=\"og:image:type\" content=\"image\/jpeg\" \/>\n<meta name=\"twitter:card\" content=\"summary_large_image\" \/>\n<meta name=\"twitter:label1\" content=\"Tiempo de lectura\" \/>\n\t<meta name=\"twitter:data1\" content=\"5 minutos\" \/>\n<script type=\"application\/ld+json\" class=\"yoast-schema-graph\">{\"@context\":\"https:\\\/\\\/schema.org\",\"@graph\":[{\"@type\":\"WebPage\",\"@id\":\"https:\\\/\\\/eco-regalos.com\\\/Colombia\\\/producto\\\/cajita-jardin-con-plantas-naturales-arboles-y-flores\\\/\",\"url\":\"https:\\\/\\\/eco-regalos.com\\\/Colombia\\\/producto\\\/cajita-jardin-con-plantas-naturales-arboles-y-flores\\\/\",\"name\":\"Cajita jard\u00edn con plantas naturales \u00e1rboles y flores.\",\"isPartOf\":{\"@id\":\"https:\\\/\\\/eco-regalos.com\\\/Colombia\\\/#website\"},\"primaryImageOfPage\":{\"@id\":\"https:\\\/\\\/eco-regalos.com\\\/Colombia\\\/producto\\\/cajita-jardin-con-plantas-naturales-arboles-y-flores\\\/#primaryimage\"},\"image\":{\"@id\":\"https:\\\/\\\/eco-regalos.com\\\/Colombia\\\/producto\\\/cajita-jardin-con-plantas-naturales-arboles-y-flores\\\/#primaryimage\"},\"thumbnailUrl\":\"https:\\\/\\\/eco-regalos.com\\\/Colombia\\\/wp-content\\\/uploads\\\/2026\\\/02\\\/regalos_corpotativos_ecologicos_eco_friendly_personalizados_eco-regalos.jpg\",\"datePublished\":\"2018-08-05T17:32:05+00:00\",\"dateModified\":\"2026-02-23T15:04:00+00:00\",\"description\":\"Cajita jard\u00edn con plantas naturales \u00e1rboles y flores. Caja personalizada con tu dise\u00f1o en 3\u00b0 dimensi\u00f3n para germinar \u00e1rboles y flores.\",\"breadcrumb\":{\"@id\":\"https:\\\/\\\/eco-regalos.com\\\/Colombia\\\/producto\\\/cajita-jardin-con-plantas-naturales-arboles-y-flores\\\/#breadcrumb\"},\"inLanguage\":\"es\",\"potentialAction\":[{\"@type\":\"ReadAction\",\"target\":[\"https:\\\/\\\/eco-regalos.com\\\/Colombia\\\/producto\\\/cajita-jardin-con-plantas-naturales-arboles-y-flores\\\/\"]}]},{\"@type\":\"ImageObject\",\"inLanguage\":\"es\",\"@id\":\"https:\\\/\\\/eco-regalos.com\\\/Colombia\\\/producto\\\/cajita-jardin-con-plantas-naturales-arboles-y-flores\\\/#primaryimage\",\"url\":\"https:\\\/\\\/eco-regalos.com\\\/Colombia\\\/wp-content\\\/uploads\\\/2026\\\/02\\\/regalos_corpotativos_ecologicos_eco_friendly_personalizados_eco-regalos.jpg\",\"contentUrl\":\"https:\\\/\\\/eco-regalos.com\\\/Colombia\\\/wp-content\\\/uploads\\\/2026\\\/02\\\/regalos_corpotativos_ecologicos_eco_friendly_personalizados_eco-regalos.jpg\",\"width\":320,\"height\":320},{\"@type\":\"BreadcrumbList\",\"@id\":\"https:\\\/\\\/eco-regalos.com\\\/Colombia\\\/producto\\\/cajita-jardin-con-plantas-naturales-arboles-y-flores\\\/#breadcrumb\",\"itemListElement\":[{\"@type\":\"ListItem\",\"position\":1,\"name\":\"Portada\",\"item\":\"https:\\\/\\\/eco-regalos.com\\\/Colombia\\\/\"},{\"@type\":\"ListItem\",\"position\":2,\"name\":\"Productos germinables para campa\u00f1as ambientalmente responsables\",\"item\":\"https:\\\/\\\/eco-regalos.com\\\/Colombia\\\/catalogo_eco_regalos\\\/\"},{\"@type\":\"ListItem\",\"position\":3,\"name\":\"Cajita jard\u00edn animada con plantas naturales\"}]},{\"@type\":\"WebSite\",\"@id\":\"https:\\\/\\\/eco-regalos.com\\\/Colombia\\\/#website\",\"url\":\"https:\\\/\\\/eco-regalos.com\\\/Colombia\\\/\",\"name\":\"Eco Regalos - Merchandising Ecol\u00f3gico\",\"description\":\"Papel Semilla\",\"publisher\":{\"@id\":\"https:\\\/\\\/eco-regalos.com\\\/Colombia\\\/#organization\"},\"alternateName\":\"eco-regalos.com\",\"potentialAction\":[{\"@type\":\"SearchAction\",\"target\":{\"@type\":\"EntryPoint\",\"urlTemplate\":\"https:\\\/\\\/eco-regalos.com\\\/Colombia\\\/?s={search_term_string}\"},\"query-input\":{\"@type\":\"PropertyValueSpecification\",\"valueRequired\":true,\"valueName\":\"search_term_string\"}}],\"inLanguage\":\"es\"},{\"@type\":[\"Organization\",\"Place\"],\"@id\":\"https:\\\/\\\/eco-regalos.com\\\/Colombia\\\/#organization\",\"name\":\"Eco Regalos\",\"url\":\"https:\\\/\\\/eco-regalos.com\\\/Colombia\\\/\",\"logo\":{\"@id\":\"https:\\\/\\\/eco-regalos.com\\\/Colombia\\\/producto\\\/cajita-jardin-con-plantas-naturales-arboles-y-flores\\\/#local-main-organization-logo\"},\"image\":{\"@id\":\"https:\\\/\\\/eco-regalos.com\\\/Colombia\\\/producto\\\/cajita-jardin-con-plantas-naturales-arboles-y-flores\\\/#local-main-organization-logo\"},\"telephone\":[],\"openingHoursSpecification\":[{\"@type\":\"OpeningHoursSpecification\",\"dayOfWeek\":[\"Sunday\",\"Monday\",\"Tuesday\",\"Wednesday\",\"Thursday\",\"Friday\",\"Saturday\"],\"opens\":\"09:00\",\"closes\":\"17:00\"}]},{\"@type\":\"ImageObject\",\"inLanguage\":\"es\",\"@id\":\"https:\\\/\\\/eco-regalos.com\\\/Colombia\\\/producto\\\/cajita-jardin-con-plantas-naturales-arboles-y-flores\\\/#local-main-organization-logo\",\"url\":\"https:\\\/\\\/eco-regalos.com\\\/Colombia\\\/wp-content\\\/uploads\\\/2020\\\/08\\\/logo-2015-con-slogan.jpg\",\"contentUrl\":\"https:\\\/\\\/eco-regalos.com\\\/Colombia\\\/wp-content\\\/uploads\\\/2020\\\/08\\\/logo-2015-con-slogan.jpg\",\"width\":1461,\"height\":1121,\"caption\":\"Eco Regalos\"}]}<\/script>\n<!-- \/ Yoast SEO Premium plugin. -->","yoast_head_json":{"title":"Cajita jard\u00edn con plantas naturales \u00e1rboles y flores.","description":"Cajita jard\u00edn con plantas naturales \u00e1rboles y flores. Caja personalizada con tu dise\u00f1o en 3\u00b0 dimensi\u00f3n para germinar \u00e1rboles y flores.","robots":{"index":"index","follow":"follow","max-snippet":"max-snippet:-1","max-image-preview":"max-image-preview:large","max-video-preview":"max-video-preview:-1"},"canonical":"https:\/\/eco-regalos.com\/Colombia\/producto\/cajita-jardin-con-plantas-naturales-arboles-y-flores\/","og_locale":"es_ES","og_type":"article","og_title":"Cajita jard\u00edn animada con plantas naturales","og_description":"Cajita jard\u00edn con plantas naturales \u00e1rboles y flores. Caja personalizada con tu dise\u00f1o en 3\u00b0 dimensi\u00f3n para germinar \u00e1rboles y flores.","og_url":"https:\/\/eco-regalos.com\/Colombia\/producto\/cajita-jardin-con-plantas-naturales-arboles-y-flores\/","og_site_name":"Merchandising Ecol\u00f3gico","article_modified_time":"2026-02-23T15:04:00+00:00","og_image":[{"width":320,"height":320,"url":"https:\/\/eco-regalos.com\/Colombia\/wp-content\/uploads\/2026\/02\/regalos_corpotativos_ecologicos_eco_friendly_personalizados_eco-regalos.jpg","type":"image\/jpeg"}],"twitter_card":"summary_large_image","twitter_misc":{"Tiempo de lectura":"5 minutos"},"schema":{"@context":"https:\/\/schema.org","@graph":[{"@type":"WebPage","@id":"https:\/\/eco-regalos.com\/Colombia\/producto\/cajita-jardin-con-plantas-naturales-arboles-y-flores\/","url":"https:\/\/eco-regalos.com\/Colombia\/producto\/cajita-jardin-con-plantas-naturales-arboles-y-flores\/","name":"Cajita jard\u00edn con plantas naturales \u00e1rboles y flores.","isPartOf":{"@id":"https:\/\/eco-regalos.com\/Colombia\/#website"},"primaryImageOfPage":{"@id":"https:\/\/eco-regalos.com\/Colombia\/producto\/cajita-jardin-con-plantas-naturales-arboles-y-flores\/#primaryimage"},"image":{"@id":"https:\/\/eco-regalos.com\/Colombia\/producto\/cajita-jardin-con-plantas-naturales-arboles-y-flores\/#primaryimage"},"thumbnailUrl":"https:\/\/eco-regalos.com\/Colombia\/wp-content\/uploads\/2026\/02\/regalos_corpotativos_ecologicos_eco_friendly_personalizados_eco-regalos.jpg","datePublished":"2018-08-05T17:32:05+00:00","dateModified":"2026-02-23T15:04:00+00:00","description":"Cajita jard\u00edn con plantas naturales \u00e1rboles y flores. Caja personalizada con tu dise\u00f1o en 3\u00b0 dimensi\u00f3n para germinar \u00e1rboles y flores.","breadcrumb":{"@id":"https:\/\/eco-regalos.com\/Colombia\/producto\/cajita-jardin-con-plantas-naturales-arboles-y-flores\/#breadcrumb"},"inLanguage":"es","potentialAction":[{"@type":"ReadAction","target":["https:\/\/eco-regalos.com\/Colombia\/producto\/cajita-jardin-con-plantas-naturales-arboles-y-flores\/"]}]},{"@type":"ImageObject","inLanguage":"es","@id":"https:\/\/eco-regalos.com\/Colombia\/producto\/cajita-jardin-con-plantas-naturales-arboles-y-flores\/#primaryimage","url":"https:\/\/eco-regalos.com\/Colombia\/wp-content\/uploads\/2026\/02\/regalos_corpotativos_ecologicos_eco_friendly_personalizados_eco-regalos.jpg","contentUrl":"https:\/\/eco-regalos.com\/Colombia\/wp-content\/uploads\/2026\/02\/regalos_corpotativos_ecologicos_eco_friendly_personalizados_eco-regalos.jpg","width":320,"height":320},{"@type":"BreadcrumbList","@id":"https:\/\/eco-regalos.com\/Colombia\/producto\/cajita-jardin-con-plantas-naturales-arboles-y-flores\/#breadcrumb","itemListElement":[{"@type":"ListItem","position":1,"name":"Portada","item":"https:\/\/eco-regalos.com\/Colombia\/"},{"@type":"ListItem","position":2,"name":"Productos germinables para campa\u00f1as ambientalmente responsables","item":"https:\/\/eco-regalos.com\/Colombia\/catalogo_eco_regalos\/"},{"@type":"ListItem","position":3,"name":"Cajita jard\u00edn animada con plantas naturales"}]},{"@type":"WebSite","@id":"https:\/\/eco-regalos.com\/Colombia\/#website","url":"https:\/\/eco-regalos.com\/Colombia\/","name":"Eco Regalos - Merchandising Ecol\u00f3gico","description":"Papel Semilla","publisher":{"@id":"https:\/\/eco-regalos.com\/Colombia\/#organization"},"alternateName":"eco-regalos.com","potentialAction":[{"@type":"SearchAction","target":{"@type":"EntryPoint","urlTemplate":"https:\/\/eco-regalos.com\/Colombia\/?s={search_term_string}"},"query-input":{"@type":"PropertyValueSpecification","valueRequired":true,"valueName":"search_term_string"}}],"inLanguage":"es"},{"@type":["Organization","Place"],"@id":"https:\/\/eco-regalos.com\/Colombia\/#organization","name":"Eco Regalos","url":"https:\/\/eco-regalos.com\/Colombia\/","logo":{"@id":"https:\/\/eco-regalos.com\/Colombia\/producto\/cajita-jardin-con-plantas-naturales-arboles-y-flores\/#local-main-organization-logo"},"image":{"@id":"https:\/\/eco-regalos.com\/Colombia\/producto\/cajita-jardin-con-plantas-naturales-arboles-y-flores\/#local-main-organization-logo"},"telephone":[],"openingHoursSpecification":[{"@type":"OpeningHoursSpecification","dayOfWeek":["Sunday","Monday","Tuesday","Wednesday","Thursday","Friday","Saturday"],"opens":"09:00","closes":"17:00"}]},{"@type":"ImageObject","inLanguage":"es","@id":"https:\/\/eco-regalos.com\/Colombia\/producto\/cajita-jardin-con-plantas-naturales-arboles-y-flores\/#local-main-organization-logo","url":"https:\/\/eco-regalos.com\/Colombia\/wp-content\/uploads\/2020\/08\/logo-2015-con-slogan.jpg","contentUrl":"https:\/\/eco-regalos.com\/Colombia\/wp-content\/uploads\/2020\/08\/logo-2015-con-slogan.jpg","width":1461,"height":1121,"caption":"Eco Regalos"}]}},"_links":{"self":[{"href":"https:\/\/eco-regalos.com\/Colombia\/wp-json\/wp\/v2\/product\/70","targetHints":{"allow":["GET"]}}],"collection":[{"href":"https:\/\/eco-regalos.com\/Colombia\/wp-json\/wp\/v2\/product"}],"about":[{"href":"https:\/\/eco-regalos.com\/Colombia\/wp-json\/wp\/v2\/types\/product"}],"replies":[{"embeddable":true,"href":"https:\/\/eco-regalos.com\/Colombia\/wp-json\/wp\/v2\/comments?post=70"}],"wp:featuredmedia":[{"embeddable":true,"href":"https:\/\/eco-regalos.com\/Colombia\/wp-json\/wp\/v2\/media\/7253"}],"wp:attachment":[{"href":"https:\/\/eco-regalos.com\/Colombia\/wp-json\/wp\/v2\/media?parent=70"}],"wp:term":[{"taxonomy":"product_brand","embeddable":true,"href":"https:\/\/eco-regalos.com\/Colombia\/wp-json\/wp\/v2\/product_brand?post=70"},{"taxonomy":"product_cat","embeddable":true,"href":"https:\/\/eco-regalos.com\/Colombia\/wp-json\/wp\/v2\/product_cat?post=70"},{"taxonomy":"product_tag","embeddable":true,"href":"https:\/\/eco-regalos.com\/Colombia\/wp-json\/wp\/v2\/product_tag?post=70"}],"curies":[{"name":"wp","href":"https:\/\/api.w.org\/{rel}","templated":true}]}}