{"id":8249,"date":"2026-02-11T17:40:02","date_gmt":"2026-02-11T22:40:02","guid":{"rendered":"https:\/\/eco-regalos.com\/colombia\/?post_type=product&#038;p=8249"},"modified":"2026-02-23T09:41:43","modified_gmt":"2026-02-23T14:41:43","slug":"lapices-semilla-germinables","status":"publish","type":"product","link":"https:\/\/eco-regalos.com\/Colombia\/producto\/lapices-semilla-germinables\/","title":{"rendered":"L\u00e1piz Semilla Germinables"},"content":{"rendered":"<div class=\"contenedor-detalles-eco\"><div class=\"fila-semilla-reestructurada\"><div class=\"eco-titulo-fila\"><h3>L\u00e1piz Semilla Germinable<\/h3><\/div><div class=\"eco-cuerpo-fila\"><div class=\"eco-col-galeria\">    <div class=\"eco-galeria-solo-fotos\" id=\"eco_69e0656b8458b\">\n        <div class=\"eco-track-fotos\">\n                            <div class=\"eco-slide-foto\">\n                    <img decoding=\"async\" src=\"https:\/\/eco-regalos.com\/Colombia\/wp-content\/uploads\/2026\/02\/lapiz_semilla_sembrable_eco_regalos_corporativos-01-scaled-1-259x300.jpg\" alt=\"Semilla\">\n                <\/div>\n                            <div class=\"eco-slide-foto\">\n                    <img decoding=\"async\" src=\"https:\/\/eco-regalos.com\/Colombia\/wp-content\/uploads\/2026\/02\/lapiz3-300x225.jpg\" alt=\"Semilla\">\n                <\/div>\n                            <div class=\"eco-slide-foto\">\n                    <img decoding=\"async\" src=\"https:\/\/eco-regalos.com\/Colombia\/wp-content\/uploads\/2026\/02\/lapiz4-300x225.jpg\" alt=\"Semilla\">\n                <\/div>\n                            <div class=\"eco-slide-foto\">\n                    <img decoding=\"async\" src=\"https:\/\/eco-regalos.com\/Colombia\/wp-content\/uploads\/2026\/02\/lapiz5-1-300x225.jpg\" alt=\"Semilla\">\n                <\/div>\n                            <div class=\"eco-slide-foto\">\n                    <img decoding=\"async\" src=\"https:\/\/eco-regalos.com\/Colombia\/wp-content\/uploads\/2026\/02\/WhatsApp-Image-2019-08-24-at-1.50.05-PM-300x225.jpeg\" alt=\"Semilla\">\n                <\/div>\n                            <div class=\"eco-slide-foto\">\n                    <img decoding=\"async\" src=\"https:\/\/eco-regalos.com\/Colombia\/wp-content\/uploads\/2026\/02\/WhatsApp-Image-2019-08-24-at-1.50.39-PM-2-300x225.jpeg\" alt=\"Semilla\">\n                <\/div>\n                            <div class=\"eco-slide-foto\">\n                    <img decoding=\"async\" src=\"https:\/\/eco-regalos.com\/Colombia\/wp-content\/uploads\/2026\/02\/WhatsApp-Image-2019-08-24-at-1.50.38-PM-300x225.jpeg\" alt=\"Semilla\">\n                <\/div>\n                            <div class=\"eco-slide-foto\">\n                    <img decoding=\"async\" src=\"https:\/\/eco-regalos.com\/Colombia\/wp-content\/uploads\/2026\/02\/lapiz_germinable1-300x228.jpg\" alt=\"Semilla\">\n                <\/div>\n                            <div class=\"eco-slide-foto\">\n                    <img decoding=\"async\" src=\"https:\/\/eco-regalos.com\/Colombia\/wp-content\/uploads\/2026\/02\/WhatsApp-Image-2019-08-24-at-1.50.39-PM-1-300x225.jpeg\" alt=\"Semilla\">\n                <\/div>\n                            <div class=\"eco-slide-foto\">\n                    <img decoding=\"async\" src=\"https:\/\/eco-regalos.com\/Colombia\/wp-content\/uploads\/2026\/02\/WhatsApp-Image-2019-08-24-at-1.50.39-PM-225x300.jpeg\" alt=\"Semilla\">\n                <\/div>\n                            <div class=\"eco-slide-foto\">\n                    <img decoding=\"async\" src=\"https:\/\/eco-regalos.com\/Colombia\/wp-content\/uploads\/2026\/02\/WhatsApp-Image-2019-08-24-at-1.50.38-PM-1-225x300.jpeg\" alt=\"Semilla\">\n                <\/div>\n                            <div class=\"eco-slide-foto\">\n                    <img decoding=\"async\" src=\"https:\/\/eco-regalos.com\/Colombia\/wp-content\/uploads\/2026\/02\/WhatsApp-Image-2019-08-24-at-1.48.03-PM-1-225x300.jpeg\" alt=\"Semilla\">\n                <\/div>\n                            <div class=\"eco-slide-foto\">\n                    <img decoding=\"async\" src=\"https:\/\/eco-regalos.com\/Colombia\/wp-content\/uploads\/2026\/02\/WhatsApp-Image-2019-08-24-at-1.48.04-PM-300x225.jpeg\" alt=\"Semilla\">\n                <\/div>\n                            <div class=\"eco-slide-foto\">\n                    <img decoding=\"async\" src=\"https:\/\/eco-regalos.com\/Colombia\/wp-content\/uploads\/2026\/02\/lapiz_semilla2-262x300.jpg\" alt=\"Semilla\">\n                <\/div>\n                            <div class=\"eco-slide-foto\">\n                    <img decoding=\"async\" src=\"https:\/\/eco-regalos.com\/Colombia\/wp-content\/uploads\/2026\/02\/lapiz_semilla3-300x224.jpg\" alt=\"Semilla\">\n                <\/div>\n                            <div class=\"eco-slide-foto\">\n                    <img decoding=\"async\" src=\"https:\/\/eco-regalos.com\/Colombia\/wp-content\/uploads\/2026\/02\/lapiz_semilla4-300x227.jpg\" alt=\"Semilla\">\n                <\/div>\n                            <div class=\"eco-slide-foto\">\n                    <img decoding=\"async\" src=\"https:\/\/eco-regalos.com\/Colombia\/wp-content\/uploads\/2026\/02\/lapiz_semilla5-300x218.jpg\" alt=\"Semilla\">\n                <\/div>\n                            <div class=\"eco-slide-foto\">\n                    <img decoding=\"async\" src=\"https:\/\/eco-regalos.com\/Colombia\/wp-content\/uploads\/2026\/02\/lapiz_semilla6-300x222.jpg\" alt=\"Semilla\">\n                <\/div>\n                            <div class=\"eco-slide-foto\">\n                    <img decoding=\"async\" src=\"https:\/\/eco-regalos.com\/Colombia\/wp-content\/uploads\/2026\/02\/lapiz_semilla7-300x225.jpg\" alt=\"Semilla\">\n                <\/div>\n                            <div class=\"eco-slide-foto\">\n                    <img decoding=\"async\" src=\"https:\/\/eco-regalos.com\/Colombia\/wp-content\/uploads\/2026\/02\/lapiz_semilla8-300x218.jpg\" alt=\"Semilla\">\n                <\/div>\n                            <div class=\"eco-slide-foto\">\n                    <img decoding=\"async\" src=\"https:\/\/eco-regalos.com\/Colombia\/wp-content\/uploads\/2026\/02\/lapiz_semilla9-300x225.jpg\" alt=\"Semilla\">\n                <\/div>\n                    <\/div>\n        \n        <!-- Flechas de navegaci\u00f3n -->\n        <button class=\"eco-prev\" onclick=\"moveSlide('eco_69e0656b8458b', -1)\">&#10094;<\/button>\n        <button class=\"eco-next\" onclick=\"moveSlide('eco_69e0656b8458b', 1)\">&#10095;<\/button>\n\n        <script>\n        var eco_69e0656b8458b_index = 0;\n        function moveSlide(id, step) {\n            var $track = jQuery('#' + id + ' .eco-track-fotos');\n            var total = $track.children().length;\n            window[id + '_index'] += step;\n            if (window[id + '_index'] >= total) window[id + '_index'] = 0;\n            if (window[id + '_index'] < 0) window[id + '_index'] = total - 1;\n            $track.css('transform', 'translateX(' + (-window[id + '_index'] * 100) + '%)');\n        }\n\n        (function($) {\n            $(window).on('load', function() {\n                var total = $('#eco_69e0656b8458b .eco-track-fotos').children().length;\n                if (total > 1) {\n                    setInterval(function() {\n                        moveSlide('eco_69e0656b8458b', 1);\n                    }, 4000); \/\/ 4 segundos para dar tiempo a usar las flechas\n                }\n            });\n        })(jQuery);\n        <\/script>\n    <\/div>\n    <\/div><div class=\"eco-col-info\"><div class=\"eco-desc-corta\"><h4 class=\"otQkpb\" role=\"heading\" aria-level=\"3\" data-complete=\"true\" data-processed=\"true\"><strong class=\"Yjhzub\" data-complete=\"true\">L\u00e1piz Germinable Personalizado: Escribe tu Historia, Siembra tu Marca.<\/strong><\/h4>\r\n<div class=\"Y3BBE\" data-sfc-cp=\"\" data-hveid=\"CAEIBBAA\" data-complete=\"true\" data-processed=\"true\">Lleva la sostenibilidad a las manos de tus clientes con nuestro\u00a0<strong class=\"Yjhzub\" data-complete=\"true\">l\u00e1piz germinable<\/strong>, la herramienta de escritura que desaf\u00eda el concepto de residuo. Dise\u00f1ado para marcas con visi\u00f3n de futuro, este l\u00e1piz contiene una c\u00e1psula ecol\u00f3gica con semillas. Cuando el l\u00e1piz llega al final de su vida \u00fatil, se siembra para transformarse en una planta, cerrando el ciclo de manera <strong class=\"Yjhzub\" data-complete=\"true\">100% ecol\u00f3gica<\/strong>.<\/div><\/div><button type=\"button\" class=\"btn-abrir-popup-eco\" data-id=\"8648\">Ver detalles de este producto<\/button><\/div><\/div><\/div><\/div>\n","protected":false},"excerpt":{"rendered":"<div class=\"otQkpb\" role=\"heading\" aria-level=\"3\" data-animation-nesting=\"\" data-sfc-cp=\"\" data-complete=\"true\" data-processed=\"true\" data-sae=\"\"><strong class=\"Yjhzub\" data-complete=\"true\">L\u00e1piz Germinable Personalizado: Escribe tu Historia, Siembra tu Futuro.<\/strong><\/div>\n<div class=\"Y3BBE\" data-sfc-cp=\"\" data-hveid=\"CAEIBBAA\" data-complete=\"true\" data-processed=\"true\">Lleva la sostenibilidad a las manos de tus clientes con nuestro\u00a0<strong class=\"Yjhzub\" data-complete=\"true\">l\u00e1piz germinable<\/strong>, la herramienta de escritura que desaf\u00eda el concepto de residuo. Dise\u00f1ado para marcas con visi\u00f3n de futuro, este l\u00e1piz sustituye la tradicional borrador por una c\u00e1psula biodegradable con semillas. Cuando el l\u00e1piz llega al final de su vida \u00fatil, se siembra para transformarse en una planta, cerrando el ciclo de manera <strong class=\"Yjhzub\" data-complete=\"true\">100% ecol\u00f3gica<\/strong>.<\/div>\n","protected":false},"featured_media":7701,"comment_status":"open","ping_status":"closed","template":"","meta":{"_sitemap_exclude":false,"_sitemap_priority":"","_sitemap_frequency":""},"product_brand":[],"product_cat":[581],"product_tag":[],"class_list":{"0":"post-8249","1":"product","2":"type-product","3":"status-publish","4":"has-post-thumbnail","6":"product_cat-papeleria-germinable","8":"first","9":"instock","10":"taxable","11":"shipping-taxable","12":"purchasable","13":"product-type-simple"},"yoast_head":"<!-- This site is optimized with the Yoast SEO Premium plugin v27.4 (Yoast SEO v27.4) - https:\/\/yoast.com\/product\/yoast-seo-premium-wordpress\/ -->\n<title>L\u00e1piz semilla personalizado germinable para regalo.<\/title>\n<meta name=\"description\" content=\"L\u00e1piz semilla personalizado germinable para regalo. Se siembra y germinan \u00e1rboles o huertas. L\u00e1piz ecol\u00f3gico que aporta ox\u00edgeno.\" \/>\n<meta name=\"robots\" content=\"index, follow, max-snippet:-1, max-image-preview:large, max-video-preview:-1\" \/>\n<link rel=\"canonical\" href=\"https:\/\/eco-regalos.com\/movil\" \/>\n<meta property=\"og:locale\" content=\"es_ES\" \/>\n<meta property=\"og:type\" content=\"article\" \/>\n<meta property=\"og:title\" content=\"L\u00e1piz germinable personalizado\" \/>\n<meta property=\"og:description\" content=\"L\u00e1piz germinable en madera. Se entrega personalizado. Siembra y germina arboles, flores o huertas.\" \/>\n<meta property=\"og:url\" content=\"https:\/\/eco-regalos.com\/movil\" \/>\n<meta property=\"og:site_name\" content=\"Productos Germinables y papel semilla\" \/>\n<meta property=\"article:modified_time\" content=\"2026-02-23T14:41:43+00:00\" \/>\n<meta property=\"og:image\" content=\"https:\/\/eco-regalos.com\/Colombia\/wp-content\/uploads\/2026\/02\/lapiz_semilla_sembrable_eco_regalos_corporativos-01-scaled-1.jpg\" \/>\n\t<meta property=\"og:image:width\" content=\"2207\" \/>\n\t<meta property=\"og:image:height\" content=\"2560\" \/>\n\t<meta property=\"og:image:type\" content=\"image\/jpeg\" \/>\n<meta name=\"twitter:card\" content=\"summary_large_image\" \/>\n<meta name=\"twitter:title\" content=\"L\u00e1piz germinable personalizado\" \/>\n<meta name=\"twitter:description\" content=\"L\u00e1piz germinable en madera. Se entrega personalizado. Siembra y germina arboles, flores o huertas.\" \/>\n<meta name=\"twitter:image\" content=\"https:\/\/eco-regalos.com\/Colombia\/wp-content\/uploads\/2018\/10\/lapiz_germinable_plantable1.jpeg\" \/>\n<meta name=\"twitter:label1\" content=\"Tiempo de lectura\" \/>\n\t<meta name=\"twitter:data1\" content=\"1 minuto\" \/>\n<script type=\"application\/ld+json\" class=\"yoast-schema-graph\">{\"@context\":\"https:\\\/\\\/schema.org\",\"@graph\":[{\"@type\":\"WebPage\",\"@id\":\"https:\\\/\\\/eco-regalos.com\\\/Colombia\\\/producto\\\/lapices-semilla-germinables\\\/\",\"url\":\"https:\\\/\\\/eco-regalos.com\\\/movil\",\"name\":\"L\u00e1piz semilla personalizado germinable para regalo.\",\"isPartOf\":{\"@id\":\"https:\\\/\\\/eco-regalos.com\\\/Colombia\\\/#website\"},\"primaryImageOfPage\":{\"@id\":\"https:\\\/\\\/eco-regalos.com\\\/movil#primaryimage\"},\"image\":{\"@id\":\"https:\\\/\\\/eco-regalos.com\\\/movil#primaryimage\"},\"thumbnailUrl\":\"https:\\\/\\\/eco-regalos.com\\\/Colombia\\\/wp-content\\\/uploads\\\/2026\\\/02\\\/lapiz_semilla_sembrable_eco_regalos_corporativos-01-scaled-1.jpg\",\"datePublished\":\"2026-02-11T22:40:02+00:00\",\"dateModified\":\"2026-02-23T14:41:43+00:00\",\"description\":\"L\u00e1piz semilla personalizado germinable para regalo. Se siembra y germinan \u00e1rboles o huertas. L\u00e1piz ecol\u00f3gico que aporta ox\u00edgeno.\",\"breadcrumb\":{\"@id\":\"https:\\\/\\\/eco-regalos.com\\\/movil#breadcrumb\"},\"inLanguage\":\"es\",\"potentialAction\":[{\"@type\":\"ReadAction\",\"target\":[\"https:\\\/\\\/eco-regalos.com\\\/movil\"]}]},{\"@type\":\"ImageObject\",\"inLanguage\":\"es\",\"@id\":\"https:\\\/\\\/eco-regalos.com\\\/movil#primaryimage\",\"url\":\"https:\\\/\\\/eco-regalos.com\\\/Colombia\\\/wp-content\\\/uploads\\\/2026\\\/02\\\/lapiz_semilla_sembrable_eco_regalos_corporativos-01-scaled-1.jpg\",\"contentUrl\":\"https:\\\/\\\/eco-regalos.com\\\/Colombia\\\/wp-content\\\/uploads\\\/2026\\\/02\\\/lapiz_semilla_sembrable_eco_regalos_corporativos-01-scaled-1.jpg\",\"width\":2207,\"height\":2560},{\"@type\":\"BreadcrumbList\",\"@id\":\"https:\\\/\\\/eco-regalos.com\\\/movil#breadcrumb\",\"itemListElement\":[{\"@type\":\"ListItem\",\"position\":1,\"name\":\"Portada\",\"item\":\"https:\\\/\\\/eco-regalos.com\\\/Colombia\\\/\"},{\"@type\":\"ListItem\",\"position\":2,\"name\":\"Productos germinables para campa\u00f1as ambientalmente responsables\",\"item\":\"https:\\\/\\\/eco-regalos.com\\\/Colombia\\\/catalogo_eco_regalos\\\/\"},{\"@type\":\"ListItem\",\"position\":3,\"name\":\"L\u00e1piz Semilla Germinables\"}]},{\"@type\":\"WebSite\",\"@id\":\"https:\\\/\\\/eco-regalos.com\\\/Colombia\\\/#website\",\"url\":\"https:\\\/\\\/eco-regalos.com\\\/Colombia\\\/\",\"name\":\"Eco Regalos - Merchandising Ecol\u00f3gico\",\"description\":\"\",\"publisher\":{\"@id\":\"https:\\\/\\\/eco-regalos.com\\\/Colombia\\\/#organization\"},\"alternateName\":\"eco-regalos.com\",\"potentialAction\":[{\"@type\":\"SearchAction\",\"target\":{\"@type\":\"EntryPoint\",\"urlTemplate\":\"https:\\\/\\\/eco-regalos.com\\\/Colombia\\\/?s={search_term_string}\"},\"query-input\":{\"@type\":\"PropertyValueSpecification\",\"valueRequired\":true,\"valueName\":\"search_term_string\"}}],\"inLanguage\":\"es\"},{\"@type\":[\"Organization\",\"Place\"],\"@id\":\"https:\\\/\\\/eco-regalos.com\\\/Colombia\\\/#organization\",\"name\":\"Eco Regalos\",\"url\":\"https:\\\/\\\/eco-regalos.com\\\/Colombia\\\/\",\"logo\":{\"@id\":\"https:\\\/\\\/eco-regalos.com\\\/movil#local-main-organization-logo\"},\"image\":{\"@id\":\"https:\\\/\\\/eco-regalos.com\\\/movil#local-main-organization-logo\"},\"telephone\":[],\"openingHoursSpecification\":[{\"@type\":\"OpeningHoursSpecification\",\"dayOfWeek\":[\"Sunday\",\"Monday\",\"Tuesday\",\"Wednesday\",\"Thursday\",\"Friday\",\"Saturday\"],\"opens\":\"09:00\",\"closes\":\"17:00\"}]},{\"@type\":\"ImageObject\",\"inLanguage\":\"es\",\"@id\":\"https:\\\/\\\/eco-regalos.com\\\/movil#local-main-organization-logo\",\"url\":\"https:\\\/\\\/eco-regalos.com\\\/Colombia\\\/wp-content\\\/uploads\\\/2020\\\/08\\\/logo-2015-con-slogan.jpg\",\"contentUrl\":\"https:\\\/\\\/eco-regalos.com\\\/Colombia\\\/wp-content\\\/uploads\\\/2020\\\/08\\\/logo-2015-con-slogan.jpg\",\"width\":1461,\"height\":1121,\"caption\":\"Eco Regalos\"}]}<\/script>\n<!-- \/ Yoast SEO Premium plugin. -->","yoast_head_json":{"title":"L\u00e1piz semilla personalizado germinable para regalo.","description":"L\u00e1piz semilla personalizado germinable para regalo. Se siembra y germinan \u00e1rboles o huertas. L\u00e1piz ecol\u00f3gico que aporta ox\u00edgeno.","robots":{"index":"index","follow":"follow","max-snippet":"max-snippet:-1","max-image-preview":"max-image-preview:large","max-video-preview":"max-video-preview:-1"},"canonical":"https:\/\/eco-regalos.com\/movil","og_locale":"es_ES","og_type":"article","og_title":"L\u00e1piz germinable personalizado","og_description":"L\u00e1piz germinable en madera. Se entrega personalizado. Siembra y germina arboles, flores o huertas.","og_url":"https:\/\/eco-regalos.com\/movil","og_site_name":"Productos Germinables y papel semilla","article_modified_time":"2026-02-23T14:41:43+00:00","og_image":[{"width":2207,"height":2560,"url":"https:\/\/eco-regalos.com\/Colombia\/wp-content\/uploads\/2026\/02\/lapiz_semilla_sembrable_eco_regalos_corporativos-01-scaled-1.jpg","type":"image\/jpeg"}],"twitter_card":"summary_large_image","twitter_title":"L\u00e1piz germinable personalizado","twitter_description":"L\u00e1piz germinable en madera. Se entrega personalizado. Siembra y germina arboles, flores o huertas.","twitter_image":"https:\/\/eco-regalos.com\/Colombia\/wp-content\/uploads\/2018\/10\/lapiz_germinable_plantable1.jpeg","twitter_misc":{"Tiempo de lectura":"1 minuto"},"schema":{"@context":"https:\/\/schema.org","@graph":[{"@type":"WebPage","@id":"https:\/\/eco-regalos.com\/Colombia\/producto\/lapices-semilla-germinables\/","url":"https:\/\/eco-regalos.com\/movil","name":"L\u00e1piz semilla personalizado germinable para regalo.","isPartOf":{"@id":"https:\/\/eco-regalos.com\/Colombia\/#website"},"primaryImageOfPage":{"@id":"https:\/\/eco-regalos.com\/movil#primaryimage"},"image":{"@id":"https:\/\/eco-regalos.com\/movil#primaryimage"},"thumbnailUrl":"https:\/\/eco-regalos.com\/Colombia\/wp-content\/uploads\/2026\/02\/lapiz_semilla_sembrable_eco_regalos_corporativos-01-scaled-1.jpg","datePublished":"2026-02-11T22:40:02+00:00","dateModified":"2026-02-23T14:41:43+00:00","description":"L\u00e1piz semilla personalizado germinable para regalo. Se siembra y germinan \u00e1rboles o huertas. L\u00e1piz ecol\u00f3gico que aporta ox\u00edgeno.","breadcrumb":{"@id":"https:\/\/eco-regalos.com\/movil#breadcrumb"},"inLanguage":"es","potentialAction":[{"@type":"ReadAction","target":["https:\/\/eco-regalos.com\/movil"]}]},{"@type":"ImageObject","inLanguage":"es","@id":"https:\/\/eco-regalos.com\/movil#primaryimage","url":"https:\/\/eco-regalos.com\/Colombia\/wp-content\/uploads\/2026\/02\/lapiz_semilla_sembrable_eco_regalos_corporativos-01-scaled-1.jpg","contentUrl":"https:\/\/eco-regalos.com\/Colombia\/wp-content\/uploads\/2026\/02\/lapiz_semilla_sembrable_eco_regalos_corporativos-01-scaled-1.jpg","width":2207,"height":2560},{"@type":"BreadcrumbList","@id":"https:\/\/eco-regalos.com\/movil#breadcrumb","itemListElement":[{"@type":"ListItem","position":1,"name":"Portada","item":"https:\/\/eco-regalos.com\/Colombia\/"},{"@type":"ListItem","position":2,"name":"Productos germinables para campa\u00f1as ambientalmente responsables","item":"https:\/\/eco-regalos.com\/Colombia\/catalogo_eco_regalos\/"},{"@type":"ListItem","position":3,"name":"L\u00e1piz Semilla Germinables"}]},{"@type":"WebSite","@id":"https:\/\/eco-regalos.com\/Colombia\/#website","url":"https:\/\/eco-regalos.com\/Colombia\/","name":"Eco Regalos - Merchandising Ecol\u00f3gico","description":"","publisher":{"@id":"https:\/\/eco-regalos.com\/Colombia\/#organization"},"alternateName":"eco-regalos.com","potentialAction":[{"@type":"SearchAction","target":{"@type":"EntryPoint","urlTemplate":"https:\/\/eco-regalos.com\/Colombia\/?s={search_term_string}"},"query-input":{"@type":"PropertyValueSpecification","valueRequired":true,"valueName":"search_term_string"}}],"inLanguage":"es"},{"@type":["Organization","Place"],"@id":"https:\/\/eco-regalos.com\/Colombia\/#organization","name":"Eco Regalos","url":"https:\/\/eco-regalos.com\/Colombia\/","logo":{"@id":"https:\/\/eco-regalos.com\/movil#local-main-organization-logo"},"image":{"@id":"https:\/\/eco-regalos.com\/movil#local-main-organization-logo"},"telephone":[],"openingHoursSpecification":[{"@type":"OpeningHoursSpecification","dayOfWeek":["Sunday","Monday","Tuesday","Wednesday","Thursday","Friday","Saturday"],"opens":"09:00","closes":"17:00"}]},{"@type":"ImageObject","inLanguage":"es","@id":"https:\/\/eco-regalos.com\/movil#local-main-organization-logo","url":"https:\/\/eco-regalos.com\/Colombia\/wp-content\/uploads\/2020\/08\/logo-2015-con-slogan.jpg","contentUrl":"https:\/\/eco-regalos.com\/Colombia\/wp-content\/uploads\/2020\/08\/logo-2015-con-slogan.jpg","width":1461,"height":1121,"caption":"Eco Regalos"}]}},"_links":{"self":[{"href":"https:\/\/eco-regalos.com\/Colombia\/wp-json\/wp\/v2\/product\/8249","targetHints":{"allow":["GET"]}}],"collection":[{"href":"https:\/\/eco-regalos.com\/Colombia\/wp-json\/wp\/v2\/product"}],"about":[{"href":"https:\/\/eco-regalos.com\/Colombia\/wp-json\/wp\/v2\/types\/product"}],"replies":[{"embeddable":true,"href":"https:\/\/eco-regalos.com\/Colombia\/wp-json\/wp\/v2\/comments?post=8249"}],"wp:featuredmedia":[{"embeddable":true,"href":"https:\/\/eco-regalos.com\/Colombia\/wp-json\/wp\/v2\/media\/7701"}],"wp:attachment":[{"href":"https:\/\/eco-regalos.com\/Colombia\/wp-json\/wp\/v2\/media?parent=8249"}],"wp:term":[{"taxonomy":"product_brand","embeddable":true,"href":"https:\/\/eco-regalos.com\/Colombia\/wp-json\/wp\/v2\/product_brand?post=8249"},{"taxonomy":"product_cat","embeddable":true,"href":"https:\/\/eco-regalos.com\/Colombia\/wp-json\/wp\/v2\/product_cat?post=8249"},{"taxonomy":"product_tag","embeddable":true,"href":"https:\/\/eco-regalos.com\/Colombia\/wp-json\/wp\/v2\/product_tag?post=8249"}],"curies":[{"name":"wp","href":"https:\/\/api.w.org\/{rel}","templated":true}]}}