{"id":8589,"date":"2026-02-18T23:53:29","date_gmt":"2026-02-19T04:53:29","guid":{"rendered":"https:\/\/eco-regalos.com\/Colombia\/?post_type=product&#038;p=8589"},"modified":"2026-04-07T11:49:15","modified_gmt":"2026-04-07T16:49:15","slug":"separador-de-libros-germinable","status":"publish","type":"product","link":"https:\/\/eco-regalos.com\/Colombia\/producto\/separador-de-libros-germinable\/","title":{"rendered":"Separador de Libros Germinable Personalizado"},"content":{"rendered":"<div class=\"contenedor-detalles-eco\"><div class=\"fila-semilla-reestructurada\"><div class=\"eco-titulo-fila\"><h3>Separador de libros germinable PREMIUM<\/h3><\/div><div class=\"eco-cuerpo-fila\"><div class=\"eco-col-galeria\">    <div class=\"eco-galeria-solo-fotos\" id=\"eco_69e91bff6018b\">\n        <div class=\"eco-track-fotos\">\n                            <div class=\"eco-slide-foto\">\n                    <img decoding=\"async\" src=\"https:\/\/eco-regalos.com\/Colombia\/wp-content\/uploads\/2026\/02\/separador_libros_sembrable20-1-300x227.jpg\" alt=\"Semilla\">\n                <\/div>\n                            <div class=\"eco-slide-foto\">\n                    <img decoding=\"async\" src=\"https:\/\/eco-regalos.com\/Colombia\/wp-content\/uploads\/2026\/02\/separador_libros_sembrable20-300x227.jpg\" alt=\"Semilla\">\n                <\/div>\n                            <div class=\"eco-slide-foto\">\n                    <img decoding=\"async\" src=\"https:\/\/eco-regalos.com\/Colombia\/wp-content\/uploads\/2026\/02\/separador_libros_sembrable14-300x224.jpg\" alt=\"Semilla\">\n                <\/div>\n                            <div class=\"eco-slide-foto\">\n                    <img decoding=\"async\" src=\"https:\/\/eco-regalos.com\/Colombia\/wp-content\/uploads\/2026\/02\/papel_germinado3-300x224.jpg\" alt=\"Semilla\">\n                <\/div>\n                            <div class=\"eco-slide-foto\">\n                    <img decoding=\"async\" src=\"https:\/\/eco-regalos.com\/Colombia\/wp-content\/uploads\/2026\/02\/separador_libros_germinable1-300x227.jpg\" alt=\"Semilla\">\n                <\/div>\n                            <div class=\"eco-slide-foto\">\n                    <img decoding=\"async\" src=\"https:\/\/eco-regalos.com\/Colombia\/wp-content\/uploads\/2026\/02\/separador_libros_germinable2-300x225.jpg\" alt=\"Semilla\">\n                <\/div>\n                            <div class=\"eco-slide-foto\">\n                    <img decoding=\"async\" src=\"https:\/\/eco-regalos.com\/Colombia\/wp-content\/uploads\/2026\/02\/separador_libros_sembrable19-300x229.jpg\" alt=\"Semilla\">\n                <\/div>\n                            <div class=\"eco-slide-foto\">\n                    <img decoding=\"async\" src=\"https:\/\/eco-regalos.com\/Colombia\/wp-content\/uploads\/2026\/02\/semilla_germinado14-1-300x225.jpg\" alt=\"Semilla\">\n                <\/div>\n                            <div class=\"eco-slide-foto\">\n                    <img decoding=\"async\" src=\"https:\/\/eco-regalos.com\/Colombia\/wp-content\/uploads\/2026\/02\/separador_libros_germinable3-300x225.jpg\" alt=\"Semilla\">\n                <\/div>\n                            <div class=\"eco-slide-foto\">\n                    <img decoding=\"async\" src=\"https:\/\/eco-regalos.com\/Colombia\/wp-content\/uploads\/2026\/02\/separador_libros_germinable5-300x225.jpg\" alt=\"Semilla\">\n                <\/div>\n                            <div class=\"eco-slide-foto\">\n                    <img decoding=\"async\" src=\"https:\/\/eco-regalos.com\/Colombia\/wp-content\/uploads\/2026\/02\/papel_plantable_germinando3-300x225.jpg\" alt=\"Semilla\">\n                <\/div>\n                            <div class=\"eco-slide-foto\">\n                    <img decoding=\"async\" src=\"https:\/\/eco-regalos.com\/Colombia\/wp-content\/uploads\/2026\/02\/papel_plantable_germinando4-300x225.jpg\" alt=\"Semilla\">\n                <\/div>\n                            <div class=\"eco-slide-foto\">\n                    <img decoding=\"async\" src=\"https:\/\/eco-regalos.com\/Colombia\/wp-content\/uploads\/2026\/02\/semilla_germinado9-2-300x225.jpg\" alt=\"Semilla\">\n                <\/div>\n                            <div class=\"eco-slide-foto\">\n                    <img decoding=\"async\" src=\"https:\/\/eco-regalos.com\/Colombia\/wp-content\/uploads\/2026\/02\/papel_plantable_germinando2-300x225.jpg\" alt=\"Semilla\">\n                <\/div>\n                            <div class=\"eco-slide-foto\">\n                    <img decoding=\"async\" src=\"https:\/\/eco-regalos.com\/Colombia\/wp-content\/uploads\/2026\/02\/separador_libros_germinable8-300x225.jpg\" alt=\"Semilla\">\n                <\/div>\n                            <div class=\"eco-slide-foto\">\n                    <img decoding=\"async\" src=\"https:\/\/eco-regalos.com\/Colombia\/wp-content\/uploads\/2026\/02\/papel_plantable_germinando1-300x225.jpg\" alt=\"Semilla\">\n                <\/div>\n                            <div class=\"eco-slide-foto\">\n                    <img decoding=\"async\" src=\"https:\/\/eco-regalos.com\/Colombia\/wp-content\/uploads\/2026\/02\/separador_libros_germinable6-300x222.jpg\" alt=\"Semilla\">\n                <\/div>\n                            <div class=\"eco-slide-foto\">\n                    <img decoding=\"async\" src=\"https:\/\/eco-regalos.com\/Colombia\/wp-content\/uploads\/2026\/02\/semilla_germinado4-300x224.jpg\" alt=\"Semilla\">\n                <\/div>\n                            <div class=\"eco-slide-foto\">\n                    <img decoding=\"async\" src=\"https:\/\/eco-regalos.com\/Colombia\/wp-content\/uploads\/2026\/02\/separador_libros_sembrable16-300x227.jpg\" alt=\"Semilla\">\n                <\/div>\n                            <div class=\"eco-slide-foto\">\n                    <img decoding=\"async\" src=\"https:\/\/eco-regalos.com\/Colombia\/wp-content\/uploads\/2026\/02\/separador_libros_sembrable18-300x222.jpg\" alt=\"Semilla\">\n                <\/div>\n                            <div class=\"eco-slide-foto\">\n                    <img decoding=\"async\" src=\"https:\/\/eco-regalos.com\/Colombia\/wp-content\/uploads\/2026\/02\/separador_libros_sembrable21-300x224.jpg\" alt=\"Semilla\">\n                <\/div>\n                            <div class=\"eco-slide-foto\">\n                    <img decoding=\"async\" src=\"https:\/\/eco-regalos.com\/Colombia\/wp-content\/uploads\/2026\/02\/separador_libros_sembrable22-300x230.jpg\" alt=\"Semilla\">\n                <\/div>\n                            <div class=\"eco-slide-foto\">\n                    <img decoding=\"async\" src=\"https:\/\/eco-regalos.com\/Colombia\/wp-content\/uploads\/2026\/02\/separador_libros_germinable9-300x225.jpg\" alt=\"Semilla\">\n                <\/div>\n                            <div class=\"eco-slide-foto\">\n                    <img decoding=\"async\" src=\"https:\/\/eco-regalos.com\/Colombia\/wp-content\/uploads\/2026\/02\/separador_libros_germinable4-300x221.jpg\" alt=\"Semilla\">\n                <\/div>\n                            <div class=\"eco-slide-foto\">\n                    <img decoding=\"async\" src=\"https:\/\/eco-regalos.com\/Colombia\/wp-content\/uploads\/2026\/02\/semilla_germinado11-300x226.jpg\" alt=\"Semilla\">\n                <\/div>\n                            <div class=\"eco-slide-foto\">\n                    <img decoding=\"async\" src=\"https:\/\/eco-regalos.com\/Colombia\/wp-content\/uploads\/2026\/02\/semilla_germinado1-300x225.jpg\" alt=\"Semilla\">\n                <\/div>\n                    <\/div>\n        \n        <!-- Flechas de navegaci\u00f3n -->\n        <button class=\"eco-prev\" onclick=\"moveSlide('eco_69e91bff6018b', -1)\">&#10094;<\/button>\n        <button class=\"eco-next\" onclick=\"moveSlide('eco_69e91bff6018b', 1)\">&#10095;<\/button>\n\n        <script>\n        var eco_69e91bff6018b_index = 0;\n        function moveSlide(id, step) {\n            var $track = jQuery('#' + id + ' .eco-track-fotos');\n            var total = $track.children().length;\n            window[id + '_index'] += step;\n            if (window[id + '_index'] >= total) window[id + '_index'] = 0;\n            if (window[id + '_index'] < 0) window[id + '_index'] = total - 1;\n            $track.css('transform', 'translateX(' + (-window[id + '_index'] * 100) + '%)');\n        }\n\n        (function($) {\n            $(window).on('load', function() {\n                var total = $('#eco_69e91bff6018b .eco-track-fotos').children().length;\n                if (total > 1) {\n                    setInterval(function() {\n                        moveSlide('eco_69e91bff6018b', 1);\n                    }, 4000); \/\/ 4 segundos para dar tiempo a usar las flechas\n                }\n            });\n        })(jQuery);\n        <\/script>\n    <\/div>\n    <\/div><div class=\"eco-col-info\"><div class=\"eco-desc-corta\"><h4><strong>Separador de libros en papel germinable PREMIUM<\/strong><\/h4>\r\n<div class=\"otQkpb\" role=\"heading\" aria-level=\"3\" data-animation-nesting=\"\" data-sfc-cp=\"\" data-complete=\"true\" data-processed=\"true\" data-sae=\"\"><strong class=\"Yjhzub\" data-complete=\"true\">Separador de Libros en papel germinable PREMIUM: Marca tu lectura, siembra un futuro.<\/strong><\/div>\r\n<div class=\"Y3BBE\" data-sfc-cp=\"\" data-hveid=\"CAEIAxAA\" data-processed=\"true\" data-complete=\"true\">Eleva la reputaci\u00f3n de tu empresa con un producto que une cultura y naturaleza. Este\u00a0<strong class=\"Yjhzub\" data-complete=\"true\">separador de libros en papel semilla Premium<\/strong>\u00a0es m\u00e1s que un art\u00edculo promocional; es un s\u00edmbolo de crecimiento. Dise\u00f1ado estrat\u00e9gicamente, permite a tus clientes desprender una parte del papel para\u00a0<strong class=\"Yjhzub\" data-complete=\"true\">sembrar flores, especias o \u00e1rboles <\/strong>mientras conservan el cuerpo principal como un marcador permanente con tu marca.<\/div>\r\n<ul>\r\n \t<li><\/li>\r\n \t<li><\/li>\r\n<\/ul>\r\n&nbsp;<\/div><button type=\"button\" class=\"btn-abrir-popup-eco\" data-id=\"383\">Ver detalles de este producto<\/button><\/div><\/div><\/div><\/div>\n<p>&nbsp;<\/p>\n","protected":false},"excerpt":{"rendered":"<h4 data-hveid=\"CAEIAxAA\" data-complete=\"true\" data-processed=\"true\"><strong class=\"Yjhzub\" data-complete=\"true\" aria-owns=\"action-menu-parent-container\">Separador de Libros Germinable: El Marcador de P\u00e1ginas que Cobra Vida<\/strong><\/h4>\n<div class=\"Y3BBE\" data-sfc-cp=\"\" data-hveid=\"CAEIAxAA\" data-complete=\"true\" data-processed=\"true\">Lleva la lectura a una dimensi\u00f3n org\u00e1nica con el <strong class=\"Yjhzub\" data-complete=\"true\" data-processed=\"true\">Separador de Libros Germinable<\/strong>, desarrollado por<strong class=\"Yjhzub\" data-complete=\"true\" data-processed=\"true\">\u00a0Eco-Regalos\u00ae<\/strong>. Este obsequio sustentable es la herramienta de\u00a0<strong class=\"Yjhzub\" data-complete=\"true\" data-processed=\"true\">merchandising interactivo<\/strong>\u00a0ideal para empresas que buscan una\u00a0<strong class=\"Yjhzub\" data-complete=\"true\" data-processed=\"true\">recordaci\u00f3n de marca<\/strong>\u00a0profunda y una conexi\u00f3n real con el\u00a0<strong class=\"Yjhzub\" data-complete=\"true\" data-processed=\"true\">bienestar<\/strong>\u00a0de sus clientes y colaboradores.<\/div>\n<div data-sfc-cp=\"\" data-hveid=\"CAEIAxAA\" data-complete=\"true\" data-processed=\"true\"><\/div>\n<div class=\"Y3BBE\" data-sfc-cp=\"\" data-hveid=\"CAEIBBAA\" data-complete=\"true\" data-processed=\"true\">Es un <strong>regalo corporativo<\/strong>\u00a0<strong class=\"Yjhzub\" data-complete=\"true\" data-processed=\"true\">novedoso y vivo<\/strong>\u00a0que ofrece tres experiencias de siembra en un solo producto:<\/div>\n<ol class=\"IaGLZe VimKh\" data-complete=\"true\" data-processed=\"true\">\n<li class=\"dF3vjf\" data-hveid=\"CAEIBRAA\" data-complete=\"true\" data-sae=\"\"><span class=\"T286Pc\" data-sfc-cp=\"\" data-complete=\"true\"><strong class=\"Yjhzub\" data-complete=\"true\">Siembra Total:<\/strong> El <strong class=\"Yjhzub\" data-complete=\"true\" data-processed=\"true\">Separador de Libros Germinable <\/strong>completo se planta para transformarse en una huerta o \u00e1rboles.<\/span><\/li>\n<li class=\"dF3vjf\" data-hveid=\"CAEIBRAB\" data-complete=\"true\" data-sae=\"\"><span class=\"T286Pc\" data-sfc-cp=\"\" data-complete=\"true\"><strong class=\"Yjhzub\" data-complete=\"true\">Sistema Desprendible:<\/strong>\u00a0Permite separar una secci\u00f3n germinable y conservar el marcador.<\/span><\/li>\n<li class=\"dF3vjf\" data-hveid=\"CAEIBRAC\" data-complete=\"true\" data-sae=\"\"><span class=\"T286Pc\" data-sfc-cp=\"\" data-complete=\"true\"><strong class=\"Yjhzub\" data-complete=\"true\">Con Inserto Semilla:<\/strong>\u00a0Incluye un elemento plantable adicional para una\u00a0<strong class=\"Yjhzub\" data-complete=\"true\">interacci\u00f3n prolongada<\/strong>.<\/span><\/li>\n<\/ol>\n<div class=\"Y3BBE\" data-sfc-cp=\"\" data-hveid=\"CAEIBhAA\" data-complete=\"true\" data-processed=\"true\">Al integrar estos\u00a0<strong class=\"Yjhzub\" data-complete=\"true\" data-processed=\"true\">Eco-Regalos\u00ae<\/strong>\u00a0en tus campa\u00f1as, eliminas el desperdicio, generas\u00a0<strong class=\"Yjhzub\" data-complete=\"true\" data-processed=\"true\">ox\u00edgeno<\/strong>\u00a0y\u00a0<strong class=\"Yjhzub\" data-complete=\"true\" data-processed=\"true\">elevas los indicadores de tu Sistema de Gesti\u00f3n Ambiental (SGA)<\/strong>\u00a0bajo el modelo de\u00a0<strong class=\"Yjhzub\" data-complete=\"true\" data-processed=\"true\">econom\u00eda circular<\/strong>. Un detalle\u00a0<strong class=\"Yjhzub\" data-complete=\"true\" data-processed=\"true\">cero residuos<\/strong>\u00a0que asegura que tu mensaje no solo se lea, sino que crezca y florezca.<\/div>\n","protected":false},"featured_media":7900,"comment_status":"open","ping_status":"closed","template":"","meta":{"_sitemap_exclude":false,"_sitemap_priority":"","_sitemap_frequency":""},"product_brand":[],"product_cat":[581,579],"product_tag":[],"class_list":{"0":"post-8589","1":"product","2":"type-product","3":"status-publish","4":"has-post-thumbnail","6":"product_cat-papeleria-germinable","7":"product_cat-papel-semilla","9":"first","10":"instock","11":"taxable","12":"shipping-taxable","13":"purchasable","14":"product-type-simple"},"yoast_head":"<!-- This site is optimized with the Yoast SEO Premium plugin v27.4 (Yoast SEO v27.4) - https:\/\/yoast.com\/product\/yoast-seo-premium-wordpress\/ -->\n<title>Separador de Libros Germinable<\/title>\n<meta name=\"description\" content=\"Separador de Libros Germinable personalizado elaborado en papel semilla. Siembra y cultiva una planta. Conserva el separador.\" \/>\n<meta name=\"robots\" content=\"index, follow, max-snippet:-1, max-image-preview:large, max-video-preview:-1\" \/>\n<link rel=\"canonical\" href=\"https:\/\/eco-regalos.com\/movil\" \/>\n<meta property=\"og:locale\" content=\"es_ES\" \/>\n<meta property=\"og:type\" content=\"article\" \/>\n<meta property=\"og:title\" content=\"Separador de Libros Germinable Personalizado\" \/>\n<meta property=\"og:description\" content=\"Separador de Libros Germinable personalizado elaborado en papel semilla. Siembra y cultiva una planta. Conserva el separador.\" \/>\n<meta property=\"og:url\" content=\"https:\/\/eco-regalos.com\/movil\" \/>\n<meta property=\"og:site_name\" content=\"Merchandising Ecol\u00f3gico\" \/>\n<meta property=\"article:modified_time\" content=\"2026-04-07T16:49:15+00:00\" \/>\n<meta property=\"og:image\" content=\"https:\/\/eco-regalos.com\/Colombia\/wp-content\/uploads\/2026\/02\/separador_libros_sembrable20-1.jpg\" \/>\n\t<meta property=\"og:image:width\" content=\"400\" \/>\n\t<meta property=\"og:image:height\" content=\"302\" \/>\n\t<meta property=\"og:image:type\" content=\"image\/jpeg\" \/>\n<meta name=\"twitter:card\" content=\"summary_large_image\" \/>\n<meta name=\"twitter:label1\" content=\"Tiempo de lectura\" \/>\n\t<meta name=\"twitter:data1\" content=\"1 minuto\" \/>\n<script type=\"application\/ld+json\" class=\"yoast-schema-graph\">{\"@context\":\"https:\\\/\\\/schema.org\",\"@graph\":[{\"@type\":\"WebPage\",\"@id\":\"https:\\\/\\\/eco-regalos.com\\\/Colombia\\\/producto\\\/separador-de-libros-germinable\\\/\",\"url\":\"https:\\\/\\\/eco-regalos.com\\\/movil\",\"name\":\"Separador de Libros Germinable\",\"isPartOf\":{\"@id\":\"https:\\\/\\\/eco-regalos.com\\\/Colombia\\\/#website\"},\"primaryImageOfPage\":{\"@id\":\"https:\\\/\\\/eco-regalos.com\\\/movil#primaryimage\"},\"image\":{\"@id\":\"https:\\\/\\\/eco-regalos.com\\\/movil#primaryimage\"},\"thumbnailUrl\":\"https:\\\/\\\/eco-regalos.com\\\/Colombia\\\/wp-content\\\/uploads\\\/2026\\\/02\\\/separador_libros_sembrable20-1.jpg\",\"datePublished\":\"2026-02-19T04:53:29+00:00\",\"dateModified\":\"2026-04-07T16:49:15+00:00\",\"description\":\"Separador de Libros Germinable personalizado elaborado en papel semilla. Siembra y cultiva una planta. Conserva el separador.\",\"breadcrumb\":{\"@id\":\"https:\\\/\\\/eco-regalos.com\\\/movil#breadcrumb\"},\"inLanguage\":\"es\",\"potentialAction\":[{\"@type\":\"ReadAction\",\"target\":[\"https:\\\/\\\/eco-regalos.com\\\/movil\"]}]},{\"@type\":\"ImageObject\",\"inLanguage\":\"es\",\"@id\":\"https:\\\/\\\/eco-regalos.com\\\/movil#primaryimage\",\"url\":\"https:\\\/\\\/eco-regalos.com\\\/Colombia\\\/wp-content\\\/uploads\\\/2026\\\/02\\\/separador_libros_sembrable20-1.jpg\",\"contentUrl\":\"https:\\\/\\\/eco-regalos.com\\\/Colombia\\\/wp-content\\\/uploads\\\/2026\\\/02\\\/separador_libros_sembrable20-1.jpg\",\"width\":400,\"height\":302,\"caption\":\"Marca paginas germinable\"},{\"@type\":\"BreadcrumbList\",\"@id\":\"https:\\\/\\\/eco-regalos.com\\\/movil#breadcrumb\",\"itemListElement\":[{\"@type\":\"ListItem\",\"position\":1,\"name\":\"Portada\",\"item\":\"https:\\\/\\\/eco-regalos.com\\\/Colombia\\\/\"},{\"@type\":\"ListItem\",\"position\":2,\"name\":\"Productos germinables para campa\u00f1as ambientalmente responsables\",\"item\":\"https:\\\/\\\/eco-regalos.com\\\/Colombia\\\/catalogo_eco_regalos\\\/\"},{\"@type\":\"ListItem\",\"position\":3,\"name\":\"Separador de Libros Germinable Personalizado\"}]},{\"@type\":\"WebSite\",\"@id\":\"https:\\\/\\\/eco-regalos.com\\\/Colombia\\\/#website\",\"url\":\"https:\\\/\\\/eco-regalos.com\\\/Colombia\\\/\",\"name\":\"Eco Regalos - Merchandising Ecol\u00f3gico\",\"description\":\"Papel Semilla\",\"publisher\":{\"@id\":\"https:\\\/\\\/eco-regalos.com\\\/Colombia\\\/#organization\"},\"alternateName\":\"eco-regalos.com\",\"potentialAction\":[{\"@type\":\"SearchAction\",\"target\":{\"@type\":\"EntryPoint\",\"urlTemplate\":\"https:\\\/\\\/eco-regalos.com\\\/Colombia\\\/?s={search_term_string}\"},\"query-input\":{\"@type\":\"PropertyValueSpecification\",\"valueRequired\":true,\"valueName\":\"search_term_string\"}}],\"inLanguage\":\"es\"},{\"@type\":[\"Organization\",\"Place\"],\"@id\":\"https:\\\/\\\/eco-regalos.com\\\/Colombia\\\/#organization\",\"name\":\"Eco Regalos\",\"url\":\"https:\\\/\\\/eco-regalos.com\\\/Colombia\\\/\",\"logo\":{\"@id\":\"https:\\\/\\\/eco-regalos.com\\\/movil#local-main-organization-logo\"},\"image\":{\"@id\":\"https:\\\/\\\/eco-regalos.com\\\/movil#local-main-organization-logo\"},\"telephone\":[],\"openingHoursSpecification\":[{\"@type\":\"OpeningHoursSpecification\",\"dayOfWeek\":[\"Sunday\",\"Monday\",\"Tuesday\",\"Wednesday\",\"Thursday\",\"Friday\",\"Saturday\"],\"opens\":\"09:00\",\"closes\":\"17:00\"}]},{\"@type\":\"ImageObject\",\"inLanguage\":\"es\",\"@id\":\"https:\\\/\\\/eco-regalos.com\\\/movil#local-main-organization-logo\",\"url\":\"https:\\\/\\\/eco-regalos.com\\\/Colombia\\\/wp-content\\\/uploads\\\/2020\\\/08\\\/logo-2015-con-slogan.jpg\",\"contentUrl\":\"https:\\\/\\\/eco-regalos.com\\\/Colombia\\\/wp-content\\\/uploads\\\/2020\\\/08\\\/logo-2015-con-slogan.jpg\",\"width\":1461,\"height\":1121,\"caption\":\"Eco Regalos\"}]}<\/script>\n<!-- \/ Yoast SEO Premium plugin. -->","yoast_head_json":{"title":"Separador de Libros Germinable","description":"Separador de Libros Germinable personalizado elaborado en papel semilla. Siembra y cultiva una planta. Conserva el separador.","robots":{"index":"index","follow":"follow","max-snippet":"max-snippet:-1","max-image-preview":"max-image-preview:large","max-video-preview":"max-video-preview:-1"},"canonical":"https:\/\/eco-regalos.com\/movil","og_locale":"es_ES","og_type":"article","og_title":"Separador de Libros Germinable Personalizado","og_description":"Separador de Libros Germinable personalizado elaborado en papel semilla. Siembra y cultiva una planta. Conserva el separador.","og_url":"https:\/\/eco-regalos.com\/movil","og_site_name":"Merchandising Ecol\u00f3gico","article_modified_time":"2026-04-07T16:49:15+00:00","og_image":[{"width":400,"height":302,"url":"https:\/\/eco-regalos.com\/Colombia\/wp-content\/uploads\/2026\/02\/separador_libros_sembrable20-1.jpg","type":"image\/jpeg"}],"twitter_card":"summary_large_image","twitter_misc":{"Tiempo de lectura":"1 minuto"},"schema":{"@context":"https:\/\/schema.org","@graph":[{"@type":"WebPage","@id":"https:\/\/eco-regalos.com\/Colombia\/producto\/separador-de-libros-germinable\/","url":"https:\/\/eco-regalos.com\/movil","name":"Separador de Libros Germinable","isPartOf":{"@id":"https:\/\/eco-regalos.com\/Colombia\/#website"},"primaryImageOfPage":{"@id":"https:\/\/eco-regalos.com\/movil#primaryimage"},"image":{"@id":"https:\/\/eco-regalos.com\/movil#primaryimage"},"thumbnailUrl":"https:\/\/eco-regalos.com\/Colombia\/wp-content\/uploads\/2026\/02\/separador_libros_sembrable20-1.jpg","datePublished":"2026-02-19T04:53:29+00:00","dateModified":"2026-04-07T16:49:15+00:00","description":"Separador de Libros Germinable personalizado elaborado en papel semilla. Siembra y cultiva una planta. Conserva el separador.","breadcrumb":{"@id":"https:\/\/eco-regalos.com\/movil#breadcrumb"},"inLanguage":"es","potentialAction":[{"@type":"ReadAction","target":["https:\/\/eco-regalos.com\/movil"]}]},{"@type":"ImageObject","inLanguage":"es","@id":"https:\/\/eco-regalos.com\/movil#primaryimage","url":"https:\/\/eco-regalos.com\/Colombia\/wp-content\/uploads\/2026\/02\/separador_libros_sembrable20-1.jpg","contentUrl":"https:\/\/eco-regalos.com\/Colombia\/wp-content\/uploads\/2026\/02\/separador_libros_sembrable20-1.jpg","width":400,"height":302,"caption":"Marca paginas germinable"},{"@type":"BreadcrumbList","@id":"https:\/\/eco-regalos.com\/movil#breadcrumb","itemListElement":[{"@type":"ListItem","position":1,"name":"Portada","item":"https:\/\/eco-regalos.com\/Colombia\/"},{"@type":"ListItem","position":2,"name":"Productos germinables para campa\u00f1as ambientalmente responsables","item":"https:\/\/eco-regalos.com\/Colombia\/catalogo_eco_regalos\/"},{"@type":"ListItem","position":3,"name":"Separador de Libros Germinable Personalizado"}]},{"@type":"WebSite","@id":"https:\/\/eco-regalos.com\/Colombia\/#website","url":"https:\/\/eco-regalos.com\/Colombia\/","name":"Eco Regalos - Merchandising Ecol\u00f3gico","description":"Papel Semilla","publisher":{"@id":"https:\/\/eco-regalos.com\/Colombia\/#organization"},"alternateName":"eco-regalos.com","potentialAction":[{"@type":"SearchAction","target":{"@type":"EntryPoint","urlTemplate":"https:\/\/eco-regalos.com\/Colombia\/?s={search_term_string}"},"query-input":{"@type":"PropertyValueSpecification","valueRequired":true,"valueName":"search_term_string"}}],"inLanguage":"es"},{"@type":["Organization","Place"],"@id":"https:\/\/eco-regalos.com\/Colombia\/#organization","name":"Eco Regalos","url":"https:\/\/eco-regalos.com\/Colombia\/","logo":{"@id":"https:\/\/eco-regalos.com\/movil#local-main-organization-logo"},"image":{"@id":"https:\/\/eco-regalos.com\/movil#local-main-organization-logo"},"telephone":[],"openingHoursSpecification":[{"@type":"OpeningHoursSpecification","dayOfWeek":["Sunday","Monday","Tuesday","Wednesday","Thursday","Friday","Saturday"],"opens":"09:00","closes":"17:00"}]},{"@type":"ImageObject","inLanguage":"es","@id":"https:\/\/eco-regalos.com\/movil#local-main-organization-logo","url":"https:\/\/eco-regalos.com\/Colombia\/wp-content\/uploads\/2020\/08\/logo-2015-con-slogan.jpg","contentUrl":"https:\/\/eco-regalos.com\/Colombia\/wp-content\/uploads\/2020\/08\/logo-2015-con-slogan.jpg","width":1461,"height":1121,"caption":"Eco Regalos"}]}},"_links":{"self":[{"href":"https:\/\/eco-regalos.com\/Colombia\/wp-json\/wp\/v2\/product\/8589","targetHints":{"allow":["GET"]}}],"collection":[{"href":"https:\/\/eco-regalos.com\/Colombia\/wp-json\/wp\/v2\/product"}],"about":[{"href":"https:\/\/eco-regalos.com\/Colombia\/wp-json\/wp\/v2\/types\/product"}],"replies":[{"embeddable":true,"href":"https:\/\/eco-regalos.com\/Colombia\/wp-json\/wp\/v2\/comments?post=8589"}],"wp:featuredmedia":[{"embeddable":true,"href":"https:\/\/eco-regalos.com\/Colombia\/wp-json\/wp\/v2\/media\/7900"}],"wp:attachment":[{"href":"https:\/\/eco-regalos.com\/Colombia\/wp-json\/wp\/v2\/media?parent=8589"}],"wp:term":[{"taxonomy":"product_brand","embeddable":true,"href":"https:\/\/eco-regalos.com\/Colombia\/wp-json\/wp\/v2\/product_brand?post=8589"},{"taxonomy":"product_cat","embeddable":true,"href":"https:\/\/eco-regalos.com\/Colombia\/wp-json\/wp\/v2\/product_cat?post=8589"},{"taxonomy":"product_tag","embeddable":true,"href":"https:\/\/eco-regalos.com\/Colombia\/wp-json\/wp\/v2\/product_tag?post=8589"}],"curies":[{"name":"wp","href":"https:\/\/api.w.org\/{rel}","templated":true}]}}