{"id":8648,"date":"2026-02-19T22:25:15","date_gmt":"2026-02-20T03:25:15","guid":{"rendered":"https:\/\/eco-regalos.com\/Colombia\/?post_type=product&#038;p=8648"},"modified":"2026-04-28T18:05:52","modified_gmt":"2026-04-28T23:05:52","slug":"lapiz-semilla-germinable","status":"publish","type":"product","link":"https:\/\/eco-regalos.com\/Colombia\/producto\/lapiz-semilla-germinable\/","title":{"rendered":"L\u00e1piz Semilla Germinable"},"content":{"rendered":"<h4 class=\"otQkpb\" role=\"heading\" aria-level=\"3\" data-complete=\"true\" data-processed=\"true\">L\u00e1piz Semilla para Eventos: El Souvenir Corporativo que Germina tu Marca<\/h4>\n<div class=\"Y3BBE\" data-sfc-cp=\"\" data-hveid=\"CAEIBBAA\" data-complete=\"true\" data-processed=\"true\">Lleva la\u00a0<strong class=\"Yjhzub\" data-complete=\"true\" data-processed=\"true\">sostenibilidad<\/strong> de tus congresos, lanzamientos, regalos y eventos al siguiente nivel con el <strong class=\"Yjhzub\" data-complete=\"true\" data-processed=\"true\">L\u00e1piz Semilla<\/strong>, dise\u00f1ado para sustituir los l\u00e1pices de un solo uso.\u00a0 Este instrumento de escritura es la soluci\u00f3n definitiva de <strong class=\"Yjhzub\" data-complete=\"true\" data-processed=\"true\">comunicaci\u00f3n circular<\/strong>: una vez finaliza, el usuario lo siembra para dar vida a una huerta o un \u00e1rbol nativo.<\/div>\n<div data-sfc-cp=\"\" data-hveid=\"CAEIBBAA\" data-complete=\"true\" data-processed=\"true\"><\/div>\n<ul>\n<li style=\"text-align: center;\" data-hveid=\"CAEIBBAA\" data-complete=\"true\" data-processed=\"true\"><a href=\"https:\/\/eco-regalos.com\/movil\/wp-content\/uploads\/2018\/10\/lapiz_semilla1.jpg\"><img loading=\"lazy\" decoding=\"async\" loading=\"lazy\" class=\"eco-fade-img\" class=\"size-medium wp-image-4918\" src=\"https:\/\/eco-regalos.com\/movil\/wp-content\/uploads\/2018\/10\/lapiz_semilla1-300x228.jpg\" alt=\"L\u00e1piz semilla germinable\" width=\"300\" height=\"228\" srcset=\"https:\/\/eco-regalos.com\/Colombia\/wp-content\/uploads\/2018\/10\/lapiz_semilla1-300x228.jpg 300w, https:\/\/eco-regalos.com\/Colombia\/wp-content\/uploads\/2018\/10\/lapiz_semilla1.jpg 400w\" sizes=\"auto, (max-width: 300px) 100vw, 300px\" \/><\/a><\/li>\n<\/ul>\n<div data-sfc-cp=\"\" data-hveid=\"CAEIBBAA\" data-complete=\"true\" data-processed=\"true\"><\/div>\n<ul>\n<li>\n<h5>Lapiz germinable para sembrar y germinar huertas o arboles.<\/h5>\n<ul>\n<li style=\"list-style-type: none;\">\n<ul>\n<li style=\"text-align: center;\"><span style=\"font-weight: bold;\">Incluye:<\/span><\/li>\n<li style=\"text-align: center;\">Lapiz\u00a0 en madera que puede ser natural esmaltada o de color corporativo.<br \/>\nSoporte de cart\u00f3n (opcional)<\/li>\n<li style=\"text-align: center;\"><strong>Medidas<\/strong>:<\/li>\n<li style=\"text-align: center;\"><strong>Individual<\/strong>: 17.6<\/li>\n<li style=\"text-align: center;\"><strong>Con soporte:<\/strong> 20 cm x 5 cm<\/li>\n<li style=\"text-align: center;\"><strong>Personalizaci\u00f3n adicional:<\/strong><\/li>\n<li style=\"text-align: center;\">1. En el soporte<\/li>\n<li style=\"text-align: center;\">2. Tampograf\u00eda sobre el l\u00e1piz<\/li>\n<li style=\"text-align: center;\"><strong>Cantidad m\u00ednima:<\/strong><\/li>\n<li style=\"text-align: center;\">Caja x 40 unidades sin personalizar<br \/>\n100 Unidades personalizado.<\/li>\n<li style=\"text-align: center;\"><strong>Semillas Disponibles<\/strong><\/li>\n<li style=\"text-align: center;\">Zanahoria, lechuga, albahaca<\/li>\n<li style=\"text-align: center;\">Acacia<\/li>\n<li style=\"text-align: center;\"><img loading=\"lazy\" decoding=\"async\" loading=\"lazy\" class=\"eco-fade-img\" class=\"alignnone size-medium wp-image-9957\" src=\"https:\/\/eco-regalos.com\/Colombia\/wp-content\/uploads\/2026\/02\/lapiz-eco-regalos-286x300.jpg\" alt=\"Regalos Corporativos\" width=\"286\" height=\"300\" srcset=\"https:\/\/eco-regalos.com\/Colombia\/wp-content\/uploads\/2026\/02\/lapiz-eco-regalos-286x300.jpg 286w, https:\/\/eco-regalos.com\/Colombia\/wp-content\/uploads\/2026\/02\/lapiz-eco-regalos-600x630.jpg 600w, https:\/\/eco-regalos.com\/Colombia\/wp-content\/uploads\/2026\/02\/lapiz-eco-regalos.jpg 732w\" sizes=\"auto, (max-width: 286px) 100vw, 286px\" \/><\/li>\n<\/ul>\n<\/li>\n<\/ul>\n<\/li>\n<li style=\"text-align: center;\" data-hveid=\"CAEIBBAA\" data-complete=\"true\" data-processed=\"true\"><\/li>\n<\/ul>\n<div class=\"Y3BBE\" data-sfc-cp=\"\" data-hveid=\"CAEIBRAA\" data-complete=\"true\" data-processed=\"true\">Al integrar estos <strong>e<\/strong><strong class=\"Yjhzub\" data-complete=\"true\" data-processed=\"true\">co-regalos\u00ae<\/strong> en tus <strong>regalos corporativos<\/strong>, entregas una herramienta \u00fatil y al mismo tiempo que <strong class=\"Yjhzub\" data-complete=\"true\" data-processed=\"true\">elevas los indicadores de tu Sistema de Gesti\u00f3n Ambiental (SGA)<\/strong>\u00a0y cumples con los est\u00e1ndares de\u00a0<strong class=\"Yjhzub\" data-complete=\"true\" data-processed=\"true\">Eventos Cero Residuos<\/strong>.<\/div>\n<div data-sfc-cp=\"\" data-hveid=\"CAEIBRAA\" data-complete=\"true\" data-processed=\"true\"><\/div>\n<div class=\"Y3BBE\" data-sfc-cp=\"\" data-hveid=\"CAEIBRAA\" data-complete=\"true\" data-processed=\"true\">Es una confirmaci\u00f3n de responsabilidad clim\u00e1tica que genera <strong class=\"Yjhzub\" data-complete=\"true\" data-processed=\"true\">ox\u00edgeno<\/strong>\u00a0y una\u00a0<strong class=\"Yjhzub\" data-complete=\"true\" data-processed=\"true\">interacci\u00f3n prolongada<\/strong> con tu marca mucho despu\u00e9s de que el evento haya terminado.<\/div>\n<div class=\"Fsg96\" data-sfc-cp=\"\" data-complete=\"true\" data-processed=\"true\"><\/div>\n<h5 class=\"otQkpb\" role=\"heading\" aria-level=\"3\" data-complete=\"true\" data-processed=\"true\">Branding Vivo: Recordaci\u00f3n de Marca en el Escritorio<\/h5>\n<div class=\"Y3BBE\" data-sfc-cp=\"\" data-hveid=\"CAEIBxAA\" data-complete=\"true\" data-processed=\"true\">La\u00a0<strong class=\"Yjhzub\" data-complete=\"true\" data-processed=\"true\">recordaci\u00f3n de marca<\/strong> ha sido cr\u00edtica en el entorno <strong>corporativo<\/strong>. El\u00a0<strong class=\"Yjhzub\" data-complete=\"true\" data-processed=\"true\">L\u00e1piz Semilla<\/strong> garantiza que tu logo o frase inspiradora, grabados en la madera, permanezcan visibles durante el uso diario para que cobren una nueva dimensi\u00f3n al momento de la siembra.\u00a0 Es un <strong class=\"Yjhzub\" data-complete=\"true\" data-processed=\"true\">merchandising verde e interactivo<\/strong> que asocia tu empresa con el bienestar y el crecimiento.<\/div>\n<div class=\"Fsg96\" data-sfc-cp=\"\" data-complete=\"true\" data-processed=\"true\"><\/div>\n<div data-sfc-cp=\"\" data-complete=\"true\" data-processed=\"true\"><img loading=\"lazy\" decoding=\"async\" loading=\"lazy\" class=\"eco-fade-img\" class=\"size-medium wp-image-9923 aligncenter\" src=\"https:\/\/eco-regalos.com\/Colombia\/wp-content\/uploads\/2026\/04\/lapiz-eco-regalos-300x183.jpg\" alt=\"Lapiz Ecol\u00f3gico Germinable\" width=\"300\" height=\"183\" srcset=\"https:\/\/eco-regalos.com\/Colombia\/wp-content\/uploads\/2026\/04\/lapiz-eco-regalos-300x183.jpg 300w, https:\/\/eco-regalos.com\/Colombia\/wp-content\/uploads\/2026\/04\/lapiz-eco-regalos-768x469.jpg 768w, https:\/\/eco-regalos.com\/Colombia\/wp-content\/uploads\/2026\/04\/lapiz-eco-regalos-600x366.jpg 600w, https:\/\/eco-regalos.com\/Colombia\/wp-content\/uploads\/2026\/04\/lapiz-eco-regalos.jpg 958w\" sizes=\"auto, (max-width: 300px) 100vw, 300px\" \/><\/div>\n<h5 role=\"heading\" aria-level=\"3\" data-complete=\"true\" data-processed=\"true\"><\/h5>\n<h5 class=\"otQkpb\" role=\"heading\" aria-level=\"3\" data-complete=\"true\" data-processed=\"true\">Caracter\u00edsticas del<a href=\"https:\/\/eco-regalos.com\/Colombia\/wp-admin\/post.php?post=9921&amp;action=edit\"> L\u00e1piz Semilla<\/a> para el Sector Corporativo:<\/h5>\n<ul class=\"KsbFXc U6u95\" data-complete=\"true\" data-processed=\"true\">\n<li class=\"dF3vjf\" data-hveid=\"CAEICRAA\" data-complete=\"true\" data-sae=\"\"><span class=\"T286Pc\" data-sfc-cp=\"\" data-complete=\"true\"><strong class=\"Yjhzub\" data-complete=\"true\">Variedad de Dise\u00f1o:<\/strong>\u00a0Elige entre madera natural pulida para un look\u00a0<em class=\"eujQNb\" data-complete=\"true\">eco-premium<\/em>\u00a0o colores <strong>corporativos<\/strong> por identidad de marca (negro, blanco, azul, verde, etc.).<\/span><\/li>\n<li class=\"dF3vjf\" data-hveid=\"CAEICRAB\" data-complete=\"true\" data-sae=\"\"><span class=\"T286Pc\" data-sfc-cp=\"\" data-complete=\"true\"><strong class=\"Yjhzub\" data-complete=\"true\">Soporte Personalizado Full Color:<\/strong> El l\u00e1piz se encuentra disponible con un cart\u00f3n soporte que sirve como pieza informativa adicional, ideal para agendas de eventos o c\u00f3digos QR de descarga.<\/span><\/li>\n<li class=\"dF3vjf\" data-hveid=\"CAEICRAC\" data-complete=\"true\" data-sae=\"\"><span class=\"T286Pc\" data-sfc-cp=\"\" data-complete=\"true\"><strong class=\"Yjhzub\" data-complete=\"true\">Semillas con Prop\u00f3sito:<\/strong> Variedades de huerta (albahaca, zanahoria) o \u00e1rboles para bons\u00e1i que simbolizan la longevidad de las relaciones comerciales.<\/span><\/li>\n<li class=\"dF3vjf\" data-hveid=\"CAEICRAD\" data-complete=\"true\" data-sae=\"\"><span class=\"T286Pc\" data-sfc-cp=\"\" data-complete=\"true\"><strong class=\"Yjhzub\" data-complete=\"true\">Log\u00edstica Eficiente:<\/strong>\u00a0Por su tama\u00f1o y ligereza, ofrece una\u00a0<strong class=\"Yjhzub\" data-complete=\"true\">facilidad de transporte<\/strong> total para eventos nacionales.<\/span><\/li>\n<li data-hveid=\"CAEICRAD\" data-complete=\"true\" data-sae=\"\"><\/li>\n<\/ul>\n<p style=\"text-align: center;\"><a href=\"https:\/\/eco-regalos.com\/Colombia\/wp-admin\/post.php?post=9921&amp;action=edit\"><strong>L\u00e1piz semilla germinable<\/strong><\/a><\/p>\n<figure id=\"attachment_4920\" aria-describedby=\"caption-attachment-4920\" style=\"width: 300px\" class=\"wp-caption aligncenter\"><a href=\"https:\/\/eco-regalos.com\/movil\/wp-content\/uploads\/2018\/10\/lapiz_semilla3.jpg\"><img loading=\"lazy\" decoding=\"async\" loading=\"lazy\" class=\"eco-fade-img\" class=\"size-medium wp-image-4920\" src=\"https:\/\/eco-regalos.com\/movil\/wp-content\/uploads\/2018\/10\/lapiz_semilla3-300x224.jpg\" alt=\"L\u00e1piz semilla germinable\" width=\"300\" height=\"224\" srcset=\"https:\/\/eco-regalos.com\/Colombia\/wp-content\/uploads\/2018\/10\/lapiz_semilla3-300x225.jpg 300w, https:\/\/eco-regalos.com\/Colombia\/wp-content\/uploads\/2018\/10\/lapiz_semilla3.jpg 400w\" sizes=\"auto, (max-width: 300px) 100vw, 300px\" \/><\/a><figcaption id=\"caption-attachment-4920\" class=\"wp-caption-text\"><strong>Regalos Ecologicos Corporativos<\/strong><\/figcaption><\/figure>\n<h5 class=\"otQkpb\" role=\"heading\" aria-level=\"3\" data-complete=\"true\" data-processed=\"true\">Del evento a la Huerta: Gu\u00eda de Experiencia<\/h5>\n<div class=\"Y3BBE\" data-sfc-cp=\"\" data-hveid=\"CAEIDBAA\" data-complete=\"true\" data-processed=\"true\">Motiva a tus asistentes a hacer la diferencia:<\/div>\n<ol class=\"IaGLZe VimKh\" data-complete=\"true\" data-processed=\"true\">\n<li class=\"dF3vjf\" data-hveid=\"CAEIDRAA\" data-complete=\"true\" data-sae=\"\"><span class=\"T286Pc\" data-sfc-cp=\"\" data-complete=\"true\"><strong class=\"Yjhzub\" data-complete=\"true\">Uso en el Evento:<\/strong>\u00a0Toma notas y plasma ideas con un l\u00e1piz 100% biodegradable.<\/span><\/li>\n<li class=\"dF3vjf\" data-hveid=\"CAEIDRAB\" data-complete=\"true\" data-sae=\"\"><span class=\"T286Pc\" data-sfc-cp=\"\" data-complete=\"true\"><strong class=\"Yjhzub\" data-complete=\"true\">Siembra Pos-Evento:<\/strong> Al llegar a casa u oficina, deposita en una matera con tierra.<\/span><\/li>\n<li class=\"dF3vjf\" data-hveid=\"CAEIDRAC\" data-complete=\"true\" data-sae=\"\"><span class=\"T286Pc\" data-sfc-cp=\"\" data-complete=\"true\"><strong class=\"Yjhzub\" data-complete=\"true\">Cosecha de Resultados:<\/strong> En 3-4 semanas, la germinaci\u00f3n inicia, transformando un recuerdo del evento en una experiencia de vida y bienestar.<\/span><\/li>\n<\/ol>\n<p><iframe title=\"l\u00e1piz germinable personalizado en Colombia! www.eco-regalos.com\/movil\" width=\"640\" height=\"480\" src=\"https:\/\/www.youtube.com\/embed\/yqq_rDHuezw?feature=oembed\" frameborder=\"0\" allow=\"accelerometer; autoplay; clipboard-write; encrypted-media; gyroscope; picture-in-picture; web-share\" referrerpolicy=\"strict-origin-when-cross-origin\" allowfullscreen><\/iframe><\/p>\n<p>&nbsp;<\/p>\n<p style=\"text-align: center;\"><strong><a href=\"https:\/\/eco-regalos.com\/movil\/producto\/bolas-navidenas-germinables-para-el-arbol-de-navidad\/\">\u00a0<\/a><\/strong><a style=\"font-weight: bold;\" href=\"https:\/\/eco-regalos.com\/movil\/producto\/boton-publicitario-germinable-para-eventos-siembra-y-germina-plantas\/\">I Bot\u00f3n publicitario germinable<\/a><b>\u00a0I\u00a0<\/b><a style=\"font-weight: bold;\" href=\"https:\/\/eco-regalos.com\/movil\/producto\/etiquetas-semilla-plantables-y-germinables-para-productos\/\">Etiquetas germinables<\/a><b> I <a href=\"https:\/\/eco-regalos.com\/movil\/producto\/boligrafo-sembrable-y-germinable-para-regalo-corporativo-y-eventos\/\">Calendarios plantables y germinables<\/a> I <a href=\"https:\/\/eco-regalos.com\/movil\/producto\/boligrafo-sembrable-y-germinable-para-regalo-corporativo-y-eventos\/\">Lapicero Org\u00e1nico germinable<\/a> I<\/b><\/p>\n<ul>\n<li>\n<p style=\"text-align: center;\"><strong><a href=\"http:\/\/caem.org.co\/ConveniosCARCAEM\/huellacarbono\/\">Te invitamos a cuidar el planeta, haz clic y calcula tu huella de carbono para que cada d\u00eda la reduzcas con conciencia.<\/a><\/strong><\/p>\n<\/li>\n<li><\/li>\n<li><\/li>\n<\/ul>\n","protected":false},"excerpt":{"rendered":"<h4 class=\"otQkpb\" role=\"heading\" aria-level=\"3\" data-complete=\"true\" data-processed=\"true\"><strong class=\"Yjhzub\" data-complete=\"true\">L\u00e1piz Germinable Personalizado: Escribe tu Historia, Siembra tu Marca.<\/strong><\/h4>\n<div class=\"Y3BBE\" data-sfc-cp=\"\" data-hveid=\"CAEIBBAA\" data-complete=\"true\" data-processed=\"true\">Lleva la sostenibilidad a las manos de tus clientes con nuestro\u00a0<strong class=\"Yjhzub\" data-complete=\"true\">l\u00e1piz germinable<\/strong>, la herramienta de escritura que desaf\u00eda el concepto de residuo. Dise\u00f1ado para marcas con visi\u00f3n de futuro, este l\u00e1piz contiene una c\u00e1psula ecol\u00f3gica con semillas. Cuando el l\u00e1piz llega al final de su vida \u00fatil, se siembra para transformarse en una planta, cerrando el ciclo de manera <strong class=\"Yjhzub\" data-complete=\"true\">100% ecol\u00f3gica<\/strong>.<\/div>\n","protected":false},"featured_media":9938,"comment_status":"open","ping_status":"closed","template":"","meta":{"_sitemap_exclude":false,"_sitemap_priority":"","_sitemap_frequency":""},"product_brand":[],"product_cat":[581],"product_tag":[],"class_list":{"0":"post-8648","1":"product","2":"type-product","3":"status-publish","4":"has-post-thumbnail","6":"product_cat-papeleria-germinable","8":"first","9":"instock","10":"taxable","11":"shipping-taxable","12":"purchasable","13":"product-type-simple"},"yoast_head":"<!-- This site is optimized with the Yoast SEO Premium plugin v27.5 (Yoast SEO v27.5) - https:\/\/yoast.com\/product\/yoast-seo-premium-wordpress\/ -->\n<title>L\u00e1piz semilla personalizado germinable para regalo.<\/title>\n<meta name=\"description\" content=\"L\u00e1piz semilla personalizado germinable para merchandising. Se siembra y germina \u00e1rboles o huertas. L\u00e1piz ecol\u00f3gico que aporta ox\u00edgeno y reputaci\u00f3n de marca.\" \/>\n<meta name=\"robots\" content=\"index, follow, max-snippet:-1, max-image-preview:large, max-video-preview:-1\" \/>\n<link rel=\"canonical\" href=\"https:\/\/eco-regalos.com\/movil\" \/>\n<meta property=\"og:locale\" content=\"es_ES\" \/>\n<meta property=\"og:type\" content=\"article\" \/>\n<meta property=\"og:title\" content=\"L\u00e1piz germinable personalizado\" \/>\n<meta property=\"og:description\" content=\"L\u00e1piz germinable en madera. Se entrega personalizado. Siembra y germina arboles, flores o huertas.\" \/>\n<meta property=\"og:url\" content=\"https:\/\/eco-regalos.com\/movil\" \/>\n<meta property=\"og:site_name\" content=\"Merchandising Ecol\u00f3gico\" \/>\n<meta property=\"article:modified_time\" content=\"2026-04-28T23:05:52+00:00\" \/>\n<meta property=\"og:image\" content=\"https:\/\/eco-regalos.com\/Colombia\/wp-content\/uploads\/2026\/04\/lapiz-germinable-eco-regalos1.jpg\" \/>\n\t<meta property=\"og:image:width\" content=\"894\" \/>\n\t<meta property=\"og:image:height\" content=\"709\" \/>\n\t<meta property=\"og:image:type\" content=\"image\/jpeg\" \/>\n<meta name=\"twitter:card\" content=\"summary_large_image\" \/>\n<meta name=\"twitter:title\" content=\"L\u00e1piz germinable personalizado\" \/>\n<meta name=\"twitter:description\" content=\"L\u00e1piz germinable en madera. Se entrega personalizado. Siembra y germina arboles, flores o huertas.\" \/>\n<meta name=\"twitter:image\" content=\"https:\/\/eco-regalos.com\/Colombia\/wp-content\/uploads\/2018\/10\/lapiz_germinable_plantable1.jpeg\" \/>\n<meta name=\"twitter:label1\" content=\"Tiempo de lectura\" \/>\n\t<meta name=\"twitter:data1\" content=\"4 minutos\" \/>\n<script type=\"application\/ld+json\" class=\"yoast-schema-graph\">{\"@context\":\"https:\\\/\\\/schema.org\",\"@graph\":[{\"@type\":\"WebPage\",\"@id\":\"https:\\\/\\\/eco-regalos.com\\\/Colombia\\\/producto\\\/lapiz-semilla-germinable\\\/\",\"url\":\"https:\\\/\\\/eco-regalos.com\\\/movil\",\"name\":\"L\u00e1piz semilla personalizado germinable para regalo.\",\"isPartOf\":{\"@id\":\"https:\\\/\\\/eco-regalos.com\\\/Colombia\\\/#website\"},\"primaryImageOfPage\":{\"@id\":\"https:\\\/\\\/eco-regalos.com\\\/movil#primaryimage\"},\"image\":{\"@id\":\"https:\\\/\\\/eco-regalos.com\\\/movil#primaryimage\"},\"thumbnailUrl\":\"https:\\\/\\\/eco-regalos.com\\\/Colombia\\\/wp-content\\\/uploads\\\/2026\\\/04\\\/lapiz-germinable-eco-regalos1.jpg\",\"datePublished\":\"2026-02-20T03:25:15+00:00\",\"dateModified\":\"2026-04-28T23:05:52+00:00\",\"description\":\"L\u00e1piz semilla personalizado germinable para merchandising. Se siembra y germina \u00e1rboles o huertas. L\u00e1piz ecol\u00f3gico que aporta ox\u00edgeno y reputaci\u00f3n de marca.\",\"breadcrumb\":{\"@id\":\"https:\\\/\\\/eco-regalos.com\\\/movil#breadcrumb\"},\"inLanguage\":\"es\",\"potentialAction\":[{\"@type\":\"ReadAction\",\"target\":[\"https:\\\/\\\/eco-regalos.com\\\/movil\"]}]},{\"@type\":\"ImageObject\",\"inLanguage\":\"es\",\"@id\":\"https:\\\/\\\/eco-regalos.com\\\/movil#primaryimage\",\"url\":\"https:\\\/\\\/eco-regalos.com\\\/Colombia\\\/wp-content\\\/uploads\\\/2026\\\/04\\\/lapiz-germinable-eco-regalos1.jpg\",\"contentUrl\":\"https:\\\/\\\/eco-regalos.com\\\/Colombia\\\/wp-content\\\/uploads\\\/2026\\\/04\\\/lapiz-germinable-eco-regalos1.jpg\",\"width\":894,\"height\":709,\"caption\":\"Regalos Corporativos Colombia\"},{\"@type\":\"BreadcrumbList\",\"@id\":\"https:\\\/\\\/eco-regalos.com\\\/movil#breadcrumb\",\"itemListElement\":[{\"@type\":\"ListItem\",\"position\":1,\"name\":\"Portada\",\"item\":\"https:\\\/\\\/eco-regalos.com\\\/Colombia\\\/\"},{\"@type\":\"ListItem\",\"position\":2,\"name\":\"Productos germinables para campa\u00f1as ambientalmente responsables\",\"item\":\"https:\\\/\\\/eco-regalos.com\\\/Colombia\\\/catalogo_eco_regalos\\\/\"},{\"@type\":\"ListItem\",\"position\":3,\"name\":\"L\u00e1piz Semilla Germinable\"}]},{\"@type\":\"WebSite\",\"@id\":\"https:\\\/\\\/eco-regalos.com\\\/Colombia\\\/#website\",\"url\":\"https:\\\/\\\/eco-regalos.com\\\/Colombia\\\/\",\"name\":\"Eco Regalos - Merchandising Ecol\u00f3gico\",\"description\":\"Papel Semilla\",\"publisher\":{\"@id\":\"https:\\\/\\\/eco-regalos.com\\\/Colombia\\\/#organization\"},\"alternateName\":\"eco-regalos.com\",\"potentialAction\":[{\"@type\":\"SearchAction\",\"target\":{\"@type\":\"EntryPoint\",\"urlTemplate\":\"https:\\\/\\\/eco-regalos.com\\\/Colombia\\\/?s={search_term_string}\"},\"query-input\":{\"@type\":\"PropertyValueSpecification\",\"valueRequired\":true,\"valueName\":\"search_term_string\"}}],\"inLanguage\":\"es\"},{\"@type\":[\"Organization\",\"Place\"],\"@id\":\"https:\\\/\\\/eco-regalos.com\\\/Colombia\\\/#organization\",\"name\":\"Eco Regalos\",\"url\":\"https:\\\/\\\/eco-regalos.com\\\/Colombia\\\/\",\"logo\":{\"@id\":\"https:\\\/\\\/eco-regalos.com\\\/movil#local-main-organization-logo\"},\"image\":{\"@id\":\"https:\\\/\\\/eco-regalos.com\\\/movil#local-main-organization-logo\"},\"telephone\":[],\"openingHoursSpecification\":[{\"@type\":\"OpeningHoursSpecification\",\"dayOfWeek\":[\"Sunday\",\"Monday\",\"Tuesday\",\"Wednesday\",\"Thursday\",\"Friday\",\"Saturday\"],\"opens\":\"09:00\",\"closes\":\"17:00\"}]},{\"@type\":\"ImageObject\",\"inLanguage\":\"es\",\"@id\":\"https:\\\/\\\/eco-regalos.com\\\/movil#local-main-organization-logo\",\"url\":\"https:\\\/\\\/eco-regalos.com\\\/Colombia\\\/wp-content\\\/uploads\\\/2020\\\/08\\\/logo-2015-con-slogan.jpg\",\"contentUrl\":\"https:\\\/\\\/eco-regalos.com\\\/Colombia\\\/wp-content\\\/uploads\\\/2020\\\/08\\\/logo-2015-con-slogan.jpg\",\"width\":1461,\"height\":1121,\"caption\":\"Eco Regalos\"}]}<\/script>\n<!-- \/ Yoast SEO Premium plugin. -->","yoast_head_json":{"title":"L\u00e1piz semilla personalizado germinable para regalo.","description":"L\u00e1piz semilla personalizado germinable para merchandising. Se siembra y germina \u00e1rboles o huertas. L\u00e1piz ecol\u00f3gico que aporta ox\u00edgeno y reputaci\u00f3n de marca.","robots":{"index":"index","follow":"follow","max-snippet":"max-snippet:-1","max-image-preview":"max-image-preview:large","max-video-preview":"max-video-preview:-1"},"canonical":"https:\/\/eco-regalos.com\/movil","og_locale":"es_ES","og_type":"article","og_title":"L\u00e1piz germinable personalizado","og_description":"L\u00e1piz germinable en madera. Se entrega personalizado. Siembra y germina arboles, flores o huertas.","og_url":"https:\/\/eco-regalos.com\/movil","og_site_name":"Merchandising Ecol\u00f3gico","article_modified_time":"2026-04-28T23:05:52+00:00","og_image":[{"width":894,"height":709,"url":"https:\/\/eco-regalos.com\/Colombia\/wp-content\/uploads\/2026\/04\/lapiz-germinable-eco-regalos1.jpg","type":"image\/jpeg"}],"twitter_card":"summary_large_image","twitter_title":"L\u00e1piz germinable personalizado","twitter_description":"L\u00e1piz germinable en madera. Se entrega personalizado. Siembra y germina arboles, flores o huertas.","twitter_image":"https:\/\/eco-regalos.com\/Colombia\/wp-content\/uploads\/2018\/10\/lapiz_germinable_plantable1.jpeg","twitter_misc":{"Tiempo de lectura":"4 minutos"},"schema":{"@context":"https:\/\/schema.org","@graph":[{"@type":"WebPage","@id":"https:\/\/eco-regalos.com\/Colombia\/producto\/lapiz-semilla-germinable\/","url":"https:\/\/eco-regalos.com\/movil","name":"L\u00e1piz semilla personalizado germinable para regalo.","isPartOf":{"@id":"https:\/\/eco-regalos.com\/Colombia\/#website"},"primaryImageOfPage":{"@id":"https:\/\/eco-regalos.com\/movil#primaryimage"},"image":{"@id":"https:\/\/eco-regalos.com\/movil#primaryimage"},"thumbnailUrl":"https:\/\/eco-regalos.com\/Colombia\/wp-content\/uploads\/2026\/04\/lapiz-germinable-eco-regalos1.jpg","datePublished":"2026-02-20T03:25:15+00:00","dateModified":"2026-04-28T23:05:52+00:00","description":"L\u00e1piz semilla personalizado germinable para merchandising. Se siembra y germina \u00e1rboles o huertas. L\u00e1piz ecol\u00f3gico que aporta ox\u00edgeno y reputaci\u00f3n de marca.","breadcrumb":{"@id":"https:\/\/eco-regalos.com\/movil#breadcrumb"},"inLanguage":"es","potentialAction":[{"@type":"ReadAction","target":["https:\/\/eco-regalos.com\/movil"]}]},{"@type":"ImageObject","inLanguage":"es","@id":"https:\/\/eco-regalos.com\/movil#primaryimage","url":"https:\/\/eco-regalos.com\/Colombia\/wp-content\/uploads\/2026\/04\/lapiz-germinable-eco-regalos1.jpg","contentUrl":"https:\/\/eco-regalos.com\/Colombia\/wp-content\/uploads\/2026\/04\/lapiz-germinable-eco-regalos1.jpg","width":894,"height":709,"caption":"Regalos Corporativos Colombia"},{"@type":"BreadcrumbList","@id":"https:\/\/eco-regalos.com\/movil#breadcrumb","itemListElement":[{"@type":"ListItem","position":1,"name":"Portada","item":"https:\/\/eco-regalos.com\/Colombia\/"},{"@type":"ListItem","position":2,"name":"Productos germinables para campa\u00f1as ambientalmente responsables","item":"https:\/\/eco-regalos.com\/Colombia\/catalogo_eco_regalos\/"},{"@type":"ListItem","position":3,"name":"L\u00e1piz Semilla Germinable"}]},{"@type":"WebSite","@id":"https:\/\/eco-regalos.com\/Colombia\/#website","url":"https:\/\/eco-regalos.com\/Colombia\/","name":"Eco Regalos - Merchandising Ecol\u00f3gico","description":"Papel Semilla","publisher":{"@id":"https:\/\/eco-regalos.com\/Colombia\/#organization"},"alternateName":"eco-regalos.com","potentialAction":[{"@type":"SearchAction","target":{"@type":"EntryPoint","urlTemplate":"https:\/\/eco-regalos.com\/Colombia\/?s={search_term_string}"},"query-input":{"@type":"PropertyValueSpecification","valueRequired":true,"valueName":"search_term_string"}}],"inLanguage":"es"},{"@type":["Organization","Place"],"@id":"https:\/\/eco-regalos.com\/Colombia\/#organization","name":"Eco Regalos","url":"https:\/\/eco-regalos.com\/Colombia\/","logo":{"@id":"https:\/\/eco-regalos.com\/movil#local-main-organization-logo"},"image":{"@id":"https:\/\/eco-regalos.com\/movil#local-main-organization-logo"},"telephone":[],"openingHoursSpecification":[{"@type":"OpeningHoursSpecification","dayOfWeek":["Sunday","Monday","Tuesday","Wednesday","Thursday","Friday","Saturday"],"opens":"09:00","closes":"17:00"}]},{"@type":"ImageObject","inLanguage":"es","@id":"https:\/\/eco-regalos.com\/movil#local-main-organization-logo","url":"https:\/\/eco-regalos.com\/Colombia\/wp-content\/uploads\/2020\/08\/logo-2015-con-slogan.jpg","contentUrl":"https:\/\/eco-regalos.com\/Colombia\/wp-content\/uploads\/2020\/08\/logo-2015-con-slogan.jpg","width":1461,"height":1121,"caption":"Eco Regalos"}]}},"_links":{"self":[{"href":"https:\/\/eco-regalos.com\/Colombia\/wp-json\/wp\/v2\/product\/8648","targetHints":{"allow":["GET"]}}],"collection":[{"href":"https:\/\/eco-regalos.com\/Colombia\/wp-json\/wp\/v2\/product"}],"about":[{"href":"https:\/\/eco-regalos.com\/Colombia\/wp-json\/wp\/v2\/types\/product"}],"replies":[{"embeddable":true,"href":"https:\/\/eco-regalos.com\/Colombia\/wp-json\/wp\/v2\/comments?post=8648"}],"wp:featuredmedia":[{"embeddable":true,"href":"https:\/\/eco-regalos.com\/Colombia\/wp-json\/wp\/v2\/media\/9938"}],"wp:attachment":[{"href":"https:\/\/eco-regalos.com\/Colombia\/wp-json\/wp\/v2\/media?parent=8648"}],"wp:term":[{"taxonomy":"product_brand","embeddable":true,"href":"https:\/\/eco-regalos.com\/Colombia\/wp-json\/wp\/v2\/product_brand?post=8648"},{"taxonomy":"product_cat","embeddable":true,"href":"https:\/\/eco-regalos.com\/Colombia\/wp-json\/wp\/v2\/product_cat?post=8648"},{"taxonomy":"product_tag","embeddable":true,"href":"https:\/\/eco-regalos.com\/Colombia\/wp-json\/wp\/v2\/product_tag?post=8648"}],"curies":[{"name":"wp","href":"https:\/\/api.w.org\/{rel}","templated":true}]}}