{"id":2420,"date":"2019-07-29T00:25:36","date_gmt":"2019-07-29T05:25:36","guid":{"rendered":"http:\/\/eco-regalos.com\/movilpe\/?page_id=2420"},"modified":"2022-02-24T07:46:28","modified_gmt":"2022-02-24T12:46:28","slug":"quienes-somos","status":"publish","type":"page","link":"https:\/\/eco-regalos.com\/movilpe\/quienes-somos\/","title":{"rendered":"Quienes somos"},"content":{"rendered":"<p><span style=\"color: #808080;\"><b>ECO REGALOS<\/b> es<strong>\u00a0proveedor y <span style=\"color: #008080;\">fabricante l\u00edder del<\/span><\/strong><span style=\"color: #008080;\">\u00a0<\/span><strong><span style=\"color: #008080;\">papel semilla<\/span>, un papel ecol\u00f3gico y 100% elaborado de materiales post consumo<\/strong>\u00a0 que se puede convertir en flores, \u00e1rboles, vegetales o arom\u00e1ticas al sembrarlo.\u00a0<\/span><\/p>\n<p><span style=\"color: #808080;\">Con casi 20 a\u00f1os de experiencia en la <strong>fabricaci\u00f3n de papel semilla<\/strong> en nuestro haber, <strong>desarrollamos,\u00a0<\/strong><strong>fabricamos y dise\u00f1amos<\/strong> una variedad de productos que incluyen <strong><span style=\"color: #008080;\">recordatorios, promocionales, empaques, tarjetas, tags y productos\u00a0 ecol\u00f3gicos<\/span>,<\/strong> que al acabar su vida \u00fatil <strong><span style=\"color: #008080;\">se CONVIERTEN EN PLANTAS,<\/span> <\/strong>que\u00a0aportan ox\u00edgeno al planeta y env\u00edan un mensaje de responsabilidad social y ambiental. Adem\u00e1s regalan una experiencia satisfactoria con la marca.\u00a0<\/span><\/p>\n<p style=\"text-align: left;\"><span style=\"color: #808080;\"><!--more--><\/span><\/p>\n<p style=\"text-align: left;\"><span style=\"color: #808080;\"><strong>\u00a1REGALA VIDA!<\/strong><\/span><\/p>\n<p style=\"text-align: left;\"><span style=\"color: #808080;\">Las campa\u00f1as son totalmente exitosas debido al mensaje y a la interacci\u00f3n con el producto.\u00a0 <strong>El usuario vive una experiencia permanente<\/strong> germinando y cuidando una planta.\u00a0 <\/span><\/p>\n<p style=\"text-align: left;\"><span style=\"color: #808080;\"><strong>La recordaci\u00f3n de la marca se extiende en el tiempo a trav\u00e9s de esta experiencia.\u00a0<\/strong> Es por esto que desde esa perspectiva hemos desarrollado tambi\u00e9n kits de siembra, huertos y plantas mascota.\u00a0 El prop\u00f3sito es vivir una experiencia inolvidable a la vez que se va posicionando la marca como una marca positiva para el medio ambiente.<\/span><\/p>\n","protected":false},"excerpt":{"rendered":"<p>ECO REGALOS es\u00a0proveedor y fabricante l\u00edder del\u00a0papel semilla, un papel ecol\u00f3gico y 100% elaborado de materiales post consumo\u00a0 que se puede convertir en flores, \u00e1rboles, vegetales o arom\u00e1ticas al sembrarlo.\u00a0 Con casi 20 a\u00f1os de experiencia en la fabricaci\u00f3n de papel semilla en nuestro haber, desarrollamos,\u00a0fabricamos y dise\u00f1amos una variedad de productos que incluyen recordatorios, [&hellip;]<\/p>\n","protected":false},"author":5,"featured_media":1553,"parent":0,"menu_order":1,"comment_status":"closed","ping_status":"closed","template":"","meta":{"footnotes":""},"class_list":["post-2420","page","type-page","status-publish","has-post-thumbnail","hentry"],"_links":{"self":[{"href":"https:\/\/eco-regalos.com\/movilpe\/wp-json\/wp\/v2\/pages\/2420","targetHints":{"allow":["GET"]}}],"collection":[{"href":"https:\/\/eco-regalos.com\/movilpe\/wp-json\/wp\/v2\/pages"}],"about":[{"href":"https:\/\/eco-regalos.com\/movilpe\/wp-json\/wp\/v2\/types\/page"}],"author":[{"embeddable":true,"href":"https:\/\/eco-regalos.com\/movilpe\/wp-json\/wp\/v2\/users\/5"}],"replies":[{"embeddable":true,"href":"https:\/\/eco-regalos.com\/movilpe\/wp-json\/wp\/v2\/comments?post=2420"}],"version-history":[{"count":10,"href":"https:\/\/eco-regalos.com\/movilpe\/wp-json\/wp\/v2\/pages\/2420\/revisions"}],"predecessor-version":[{"id":4611,"href":"https:\/\/eco-regalos.com\/movilpe\/wp-json\/wp\/v2\/pages\/2420\/revisions\/4611"}],"wp:featuredmedia":[{"embeddable":true,"href":"https:\/\/eco-regalos.com\/movilpe\/wp-json\/wp\/v2\/media\/1553"}],"wp:attachment":[{"href":"https:\/\/eco-regalos.com\/movilpe\/wp-json\/wp\/v2\/media?parent=2420"}],"curies":[{"name":"wp","href":"https:\/\/api.w.org\/{rel}","templated":true}]}}