{"id":1099,"date":"2018-10-09T22:29:42","date_gmt":"2018-10-10T03:29:42","guid":{"rendered":"http:\/\/eco-regalos.com\/movilpe\/?post_type=product&#038;p=1099"},"modified":"2023-11-27T16:44:37","modified_gmt":"2023-11-27T21:44:37","slug":"328","status":"publish","type":"product","link":"https:\/\/eco-regalos.com\/movilpe\/producto\/328\/","title":{"rendered":"L\u00e1piz Semilla Plantable Grabado con tu logo <br><font size=\"2\"> Cantidad min\u00edma: 500 Unidades <\/font>"},"content":{"rendered":"<p><span style=\"color: #808080;\"><em>Solicita la plantilla de dise\u00f1o para elaborar el arte con tu marca, dise\u00f1o o evento.<\/em><\/span><\/p>\n<p><span style=\"color: #808080;\"><em>Consultar stock.\u00a0<\/em><\/span><\/p>\n","protected":false},"excerpt":{"rendered":"<p style=\"padding-left: 60px; text-align: left;\"><span style=\"color: #808080;\"><b>L\u00c1PIZ QUE DA VIDA!\u00a0<\/b>Contiene SEMILLAS\u00a0y al sembrarlos se convierten en lindas plantas\u00a0<\/span><\/p>\n<p><span style=\"color: #808080;\">Cuando el l\u00e1piz acaba su vida \u00fatil y se pone peque\u00f1o,\u00a0<strong style=\"color: #808080;\">lo sembramos <\/strong>en una maceta\u00a0o jard\u00edn para ver crecer unas hermosas plantas, que pueden ser <b style=\"color: #808080;\">lindas flores, hermosos \u00e1rboles <\/b><b>bons\u00e1i<\/b><b style=\"color: #808080;\">\u00a0o deliciosos vegetales.<\/b><\/span><\/p>\n<p><span style=\"color: #808080;\"><strong><span style=\"color: #008080;\">Incluye:\u00a0<\/span><\/strong>Grabado de tu logo o mensaje a 1 color.<\/span><\/p>\n<p><span style=\"color: #008080;\"><strong><em>Un promocional muy original, con sentido ecol\u00f3gico y que aporta oxigeno al planeta.<\/em><\/strong><\/span><\/p>\n<p style=\"padding-left: 30px;\"><strong><span style=\"color: #008080;\">Semillas disponibles:<\/span>\u00a0\u00a0<\/strong><span style=\"color: #0000ff;\"><a style=\"color: #0000ff;\" href=\"https:\/\/eco-regalos.com\/movilpe_old_old\/semillas-de-temporada\/\" target=\"_blank\" rel=\"noopener\">Ver lista de especies de temporada<\/a><\/span><\/p>\n<p><em><span style=\"color: #808080;\">A continuaci\u00f3n selecciona la cantidad de tu inter\u00e9s para conocer su costo.<\/span><\/em><\/p>\n","protected":false},"featured_media":2230,"comment_status":"open","ping_status":"closed","template":"","meta":[],"product_brand":[],"product_cat":[127,150,9,547],"product_tag":[278,265,275,282,288,167,262,263,289,164,274,299,306,166,295,313,314,297,296,209,310,311,312,309,234,233,300,160,171,301,200,290,165,267,162,277,291,286,285,261,284,260,307,269,305,304,298,280,168,303,302,169,281,294,308,293,292,270,273,272,283,279,259,287,276,271],"class_list":{"0":"post-1099","1":"product","2":"type-product","3":"status-publish","4":"has-post-thumbnail","6":"product_cat-ecologicos-oficina","7":"product_cat-productos-ecologicos-eventos","8":"product_cat-promocionales-ecologicos","9":"product_cat-lapiz_semilla","10":"product_tag-biodegradable","11":"product_tag-degradables","12":"product_tag-eco-tarjetas-plantables","13":"product_tag-eco-papel","14":"product_tag-eco-regalos","15":"product_tag-ecologico","16":"product_tag-ecologicos","17":"product_tag-ecologicos-peru","18":"product_tag-ecoregalos","19":"product_tag-tags","20":"product_tag-etiquetas-ecologicas","21":"product_tag-flores-regalo","22":"product_tag-flores-y-maceta","23":"product_tag-germinables","24":"product_tag-kit-de-siembra","25":"product_tag-kit-huerta","26":"product_tag-kit-huertos","27":"product_tag-kits-eco","28":"product_tag-kits-ecologicos","29":"product_tag-lapicero-ecologico","30":"product_tag-lapicero-con-semilla","31":"product_tag-lapicero-plantable","32":"product_tag-lapicero-semilla","33":"product_tag-lapiz-con-semilla","34":"product_tag-lapiz-plantable","35":"product_tag-lapiz-semilla","36":"product_tag-maceta-ecologica","37":"product_tag-macetas","38":"product_tag-macetero","39":"product_tag-maceteros-ecologicos","40":"product_tag-merch","41":"product_tag-merch-ecologico","42":"product_tag-merchandising","43":"product_tag-merchandising-ecologico","44":"product_tag-huertos","45":"product_tag-papel-con-semillas","46":"product_tag-papel-con-semillas-imprimir","47":"product_tag-papel-eco","48":"product_tag-papel-ecologico","49":"product_tag-papel-plantable","50":"product_tag-papel-sembrable","51":"product_tag-papel-semilla","52":"product_tag-papel-y-semilla","53":"product_tag-personalizados","54":"product_tag-planta-con-mensaje","55":"product_tag-planta-magica","56":"product_tag-plantas","57":"product_tag-productos-ecologicos","58":"product_tag-promocionales","59":"product_tag-regalar-plantas","60":"product_tag-regalar-semillas","61":"product_tag-regalos","62":"product_tag-regalos-corporativos","63":"product_tag-regalos-empresas","64":"product_tag-regalos-germinables","65":"product_tag-regalos-novedosos","66":"product_tag-regalos-originales","67":"product_tag-regalos-personalizados","68":"product_tag-regalos-sustentables","69":"product_tag-semillas","70":"product_tag-siembra-papel","71":"product_tag-sustentables","72":"product_tag-tarjetas-ecologicas","73":"product_tag-tarjetas-personalizadas","74":"product_tag-tarjetas-sembrables","75":"product_tag-tarjetas-semilla","77":"first","78":"instock","79":"sale","80":"featured","81":"taxable","82":"shipping-taxable","83":"purchasable","84":"product-type-variable"},"_links":{"self":[{"href":"https:\/\/eco-regalos.com\/movilpe\/wp-json\/wp\/v2\/product\/1099","targetHints":{"allow":["GET"]}}],"collection":[{"href":"https:\/\/eco-regalos.com\/movilpe\/wp-json\/wp\/v2\/product"}],"about":[{"href":"https:\/\/eco-regalos.com\/movilpe\/wp-json\/wp\/v2\/types\/product"}],"replies":[{"embeddable":true,"href":"https:\/\/eco-regalos.com\/movilpe\/wp-json\/wp\/v2\/comments?post=1099"}],"wp:featuredmedia":[{"embeddable":true,"href":"https:\/\/eco-regalos.com\/movilpe\/wp-json\/wp\/v2\/media\/2230"}],"wp:attachment":[{"href":"https:\/\/eco-regalos.com\/movilpe\/wp-json\/wp\/v2\/media?parent=1099"}],"wp:term":[{"taxonomy":"product_brand","embeddable":true,"href":"https:\/\/eco-regalos.com\/movilpe\/wp-json\/wp\/v2\/product_brand?post=1099"},{"taxonomy":"product_cat","embeddable":true,"href":"https:\/\/eco-regalos.com\/movilpe\/wp-json\/wp\/v2\/product_cat?post=1099"},{"taxonomy":"product_tag","embeddable":true,"href":"https:\/\/eco-regalos.com\/movilpe\/wp-json\/wp\/v2\/product_tag?post=1099"}],"curies":[{"name":"wp","href":"https:\/\/api.w.org\/{rel}","templated":true}]}}