{"id":1107,"date":"2018-10-11T18:14:30","date_gmt":"2018-10-11T23:14:30","guid":{"rendered":"http:\/\/eco-regalos.com\/movilpe\/?post_type=product&#038;p=1107"},"modified":"2024-07-30T15:48:38","modified_gmt":"2024-07-30T20:48:38","slug":"340","status":"publish","type":"product","link":"https:\/\/eco-regalos.com\/movilpe\/producto\/340\/","title":{"rendered":"Tag Ecol\u00f3gico + Tag Plantable <br><font size=\"2\"> Cantidad min\u00edma: 1000 Unidades <\/font>"},"content":{"rendered":"<h5><span style=\"color: #999999;\"><span style=\"color: #808080;\">Cord\u00f3n en fibra natural de yute adicional.<\/span><\/span><\/h5>\n<h5><span style=\"color: #999999;\"><strong>Solicita la plantilla de dise\u00f1o para elaborar el arte con tu marca o dise\u00f1o.<\/strong><\/span><\/h5>\n<h5><span style=\"color: #0000ff;\"><a style=\"color: #0000ff;\" href=\"https:\/\/eco-regalos.com\/movilpe_old_old\/wp-content\/uploads\/2021\/02\/Especificaciones-y-recomendaciones-papel-plantable-01.jpg\" target=\"_blank\" rel=\"noopener\">Ver especificaciones t\u00e9cnicas y recomendaciones de dise\u00f1o dando click aqu\u00ed.<\/a><\/span><\/h5>\n<h5><span style=\"color: #999999;\"><em>Este producto es elaborado con papel semilla (Capacidad germinativa: 70<\/em>%<em>\u00a0a 90<\/em>%<em>\u00a0)<\/em><em>\u00a0Impreso con tintas ecol\u00f3gicas\u00a0a base de soya.<\/em><\/span><\/h5>\n<p><!--more--> <span style=\"color: #808080;\"><em>Consultar disponibilidad.<\/em><\/span><\/p>\n","protected":false},"excerpt":{"rendered":"<p><span style=\"color: #808080;\"><span style=\"font-family: Arial; font-size: medium;\">Tarjeta Ecol\u00f3gica acompa\u00f1ada de una figurita de papel germinable para sembrar.<\/span> <span style=\"font-family: Arial; font-size: medium;\">Desprendes <span style=\"color: #008080;\"><strong>el papel germinable y lo siembras para cultivar<\/strong>\u00a0<strong>hermosas plantitas<\/strong><\/span><\/span><span style=\"font-family: Arial; font-size: medium;\">. La tarjeta la conservas como recuerdo. <\/span> <span style=\"font-family: Arial; font-size: medium;\">Puedes escoger entre\u00a0<\/span><strong><span style=\"font-family: Arial; font-size: medium;\">FLORES, UN BONS\u00c1I o VEGETALES.<\/span><\/strong> <span style=\"color: #008080;\"><strong><em><span style=\"font-family: Arial; font-size: medium;\">Solo agregamos agua y crecen las plantas!<\/span><\/em><\/strong><\/span><\/span><\/p>\n<p><span style=\"color: #808080;\"><span style=\"color: #008080;\"><strong>Tama\u00f1o:\u00a0<\/strong> <\/span><\/span><\/p>\n<p><span style=\"color: #808080;\"><strong>Tarjeta Ecol\u00f3gica<\/strong>: Hasta 5.0 cm<\/span><\/p>\n<p><span style=\"color: #808080;\"><strong>Formas en Papel Germinable<\/strong>: Hasta 5.0 cm (Ver catalogo de formas)\u00a0<\/span><\/p>\n<p><span style=\"color: #808080;\"><em>Las medidas pueden variar seg\u00fan la forma elegida<\/em><\/span><\/p>\n<p><span style=\"color: #008080;\"><strong>Personalizaci\u00f3n Incluida:<\/strong><\/span><\/p>\n<p><span style=\"color: #808080;\">\u2013 Tu marca, dise\u00f1o o mensaje\u00a0<strong>full color<\/strong>\u00a0en la tarjeta Ecol\u00f3gica\u00a0<em>(1 cara)<\/em><\/span><\/p>\n<p><span style=\"color: #808080;\">\u2013 Tu logo\u00a0<strong>full color<\/strong>\u00a0en la moneda plantable.\u00a0<em>(a partir de 5000 unidades)<\/em><\/span><\/p>\n<h6><span style=\"color: #008080;\"><strong><i>Env\u00edanos<\/i><em>\u00a0tu dise\u00f1o, recuerda reservar un espacio para las instrucciones de siembra.<\/em><\/strong><\/span><\/h6>\n<p><span style=\"color: #008080;\"><strong>Semillas disponibles:\u00a0\u00a0<\/strong><\/span><a href=\"https:\/\/eco-regalos.com\/movilpe_old_old\/semillas-de-temporada\/\" target=\"_blank\" rel=\"noopener\">Ver lista de especies de temporada<\/a><\/p>\n","protected":false},"featured_media":2240,"comment_status":"open","ping_status":"closed","template":"","meta":[],"product_brand":[],"product_cat":[149,126,11],"product_tag":[278,265,275,282,288,262,263,289,164,274,200,290,165,267,277,291,286,285,261,284,260,269,280,281,294,293,292,270,273,272,283,279,259,287,276,271],"class_list":{"0":"post-1107","1":"product","2":"type-product","3":"status-publish","4":"has-post-thumbnail","6":"product_cat-empaques-ecologicos-germinables","7":"product_cat-regalos-navidad","8":"product_cat-tarjetas-ecologicas-plantable","9":"product_tag-biodegradable","10":"product_tag-degradables","11":"product_tag-eco-tarjetas-plantables","12":"product_tag-eco-papel","13":"product_tag-eco-regalos","14":"product_tag-ecologicos","15":"product_tag-ecologicos-peru","16":"product_tag-ecoregalos","17":"product_tag-tags","18":"product_tag-etiquetas-ecologicas","19":"product_tag-merch","20":"product_tag-merch-ecologico","21":"product_tag-merchandising","22":"product_tag-merchandising-ecologico","23":"product_tag-papel-con-semillas","24":"product_tag-papel-con-semillas-imprimir","25":"product_tag-papel-eco","26":"product_tag-papel-ecologico","27":"product_tag-papel-plantable","28":"product_tag-papel-sembrable","29":"product_tag-papel-semilla","30":"product_tag-personalizados","31":"product_tag-productos-ecologicos","32":"product_tag-regalos-corporativos","33":"product_tag-regalos-empresas","34":"product_tag-regalos-novedosos","35":"product_tag-regalos-originales","36":"product_tag-regalos-personalizados","37":"product_tag-regalos-sustentables","38":"product_tag-semillas","39":"product_tag-siembra-papel","40":"product_tag-sustentables","41":"product_tag-tarjetas-ecologicas","42":"product_tag-tarjetas-personalizadas","43":"product_tag-tarjetas-sembrables","44":"product_tag-tarjetas-semilla","46":"first","47":"instock","48":"taxable","49":"shipping-taxable","50":"purchasable","51":"product-type-simple"},"_links":{"self":[{"href":"https:\/\/eco-regalos.com\/movilpe\/wp-json\/wp\/v2\/product\/1107","targetHints":{"allow":["GET"]}}],"collection":[{"href":"https:\/\/eco-regalos.com\/movilpe\/wp-json\/wp\/v2\/product"}],"about":[{"href":"https:\/\/eco-regalos.com\/movilpe\/wp-json\/wp\/v2\/types\/product"}],"replies":[{"embeddable":true,"href":"https:\/\/eco-regalos.com\/movilpe\/wp-json\/wp\/v2\/comments?post=1107"}],"wp:featuredmedia":[{"embeddable":true,"href":"https:\/\/eco-regalos.com\/movilpe\/wp-json\/wp\/v2\/media\/2240"}],"wp:attachment":[{"href":"https:\/\/eco-regalos.com\/movilpe\/wp-json\/wp\/v2\/media?parent=1107"}],"wp:term":[{"taxonomy":"product_brand","embeddable":true,"href":"https:\/\/eco-regalos.com\/movilpe\/wp-json\/wp\/v2\/product_brand?post=1107"},{"taxonomy":"product_cat","embeddable":true,"href":"https:\/\/eco-regalos.com\/movilpe\/wp-json\/wp\/v2\/product_cat?post=1107"},{"taxonomy":"product_tag","embeddable":true,"href":"https:\/\/eco-regalos.com\/movilpe\/wp-json\/wp\/v2\/product_tag?post=1107"}],"curies":[{"name":"wp","href":"https:\/\/api.w.org\/{rel}","templated":true}]}}