{"id":1120,"date":"2018-10-11T23:42:37","date_gmt":"2018-10-12T04:42:37","guid":{"rendered":"http:\/\/eco-regalos.com\/movilpe\/?post_type=product&#038;p=1120"},"modified":"2023-10-05T14:15:19","modified_gmt":"2023-10-05T19:15:19","slug":"339","status":"publish","type":"product","link":"https:\/\/eco-regalos.com\/movilpe\/producto\/339\/","title":{"rendered":"Tarjeta larga + Figura Plantable <br><font size=\"2\"> Cantidad min\u00edma: 500 Unidades <\/font>"},"content":{"rendered":"<h5>Cantidades menores a 5.000 unidades sujetas a stock.<\/h5>\n<h5><strong><span style=\"color: #808080;\">Solicita la plantilla de dise\u00f1o para elaborar el arte con tu marca o dise\u00f1o.<\/span><\/strong><\/h5>\n<h5><a href=\"https:\/\/eco-regalos.com\/movilpe_old_old\/wp-content\/uploads\/2021\/02\/Especificaciones-y-recomendaciones-papel-plantable-01.jpg\" target=\"_blank\" rel=\"noopener\"><span style=\"color: #0000ff;\">Ver especificaciones t\u00e9cnicas y recomendaciones de dise\u00f1o dando click aqu\u00ed.<\/span><\/a><\/h5>\n<h5><em><span style=\"color: #808080;\">Este producto es elaborado con papel semilla (Capacidad germinativa: 70<\/span><\/em><span style=\"color: #808080;\">%<\/span><em><span style=\"color: #808080;\"> a 90<\/span><\/em><span style=\"color: #808080;\">%<\/span><em><span style=\"color: #808080;\"> )<\/span><\/em><em><span style=\"color: #808080;\"> Impreso con tintas ecol\u00f3gicas\u00a0a base de soya.<\/span><\/em><\/h5>\n","protected":false},"excerpt":{"rendered":"<p><span style=\"color: #808080;\"><b style=\"color: #808080;\"><strong>[xyz-ips snippet=\"solicitarcotizacion\"]<\/strong><\/b><\/span><\/p>\n<p><span style=\"color: #808080;\">Tarjeta alargada tipo separador de libros\u00a0acompa\u00f1ada de una figura elaborada en PAPEL DE SEMILLA! Plantable!\u00a0<\/span><span style=\"color: #808080;\">un material elaborado de materiales post consumo que siembras para germinar hermosas plantas.<\/span><\/p>\n<p><span style=\"color: #008080;\"><strong>Desprendes el papel semilla y lo siembras para cultivar flores o vegetales.\u00a0La tarjeta la conservas como recuerdo.<\/strong><\/span><\/p>\n<p><span style=\"color: #008080;\"><strong>Tama\u00f1o:\u00a0<\/strong><\/span><\/p>\n<p><b style=\"color: #808080;\">Tarjeta <\/b><span style=\"color: #808080;\"><b>ecol\u00f3gica<\/b><\/span><b style=\"color: #808080;\">:<\/b><span style=\"color: #808080;\"> 19.5 cm\u00a0 x 6.5 cm\u00a0<\/span><\/p>\n<p><span style=\"color: #808080;\"><strong>Figura plantable:<\/strong> 5.0 x 5.0 cm\u00a0<\/span><\/p>\n<p><span style=\"color: #008080;\"><strong>Semillas disponibles:\u00a0\u00a0<\/strong><\/span><span style=\"color: #0000ff;\"><a style=\"color: #0000ff;\" href=\"https:\/\/eco-regalos.com\/movilpe_old_old\/semillas-de-temporada\/\" target=\"_blank\" rel=\"noopener\">Ver lista de especies de temporada<\/a><\/span><\/p>\n<p><span style=\"color: #008080;\"><strong>Personalizaci\u00f3n Incluida:<\/strong><\/span><\/p>\n<p><span style=\"color: #808080;\">&#8211; Tu marca, dise\u00f1o o mensaje a<strong> 2 colores<\/strong> en la tarjeta Ecol\u00f3gica <em>\u00a0(a partir de 500 unidades)<\/em><\/span><\/p>\n<p><span style=\"color: #808080;\">&#8211; Tu marca, dise\u00f1o o mensaje <strong>full color<\/strong> en la tarjeta Ecol\u00f3gica <em>\u00a0(a partir de 1000 unidades)<\/em><\/span><\/p>\n<p><span style=\"color: #808080;\">&#8211; Tu logo full color en la figura plantable.\u00a0<em>(a partir de 5000 unidades)<\/em><\/span><\/p>\n<h6><span style=\"color: #008080;\"><strong><i>Env\u00edanos<\/i><em>\u00a0tu dise\u00f1o, recuerda reservar un espacio para las instrucciones de siembra.<\/em><\/strong><\/span><\/h6>\n","protected":false},"featured_media":2191,"comment_status":"open","ping_status":"closed","template":"","meta":[],"product_brand":[],"product_cat":[128,126,11],"product_tag":[278,396,406,405,404,265,275,282,288,262,263,289,164,274,200,290,165,267,277,291,286,285,261,284,260,269,280,281,294,293,292,270,273,272,283,279,259,287,276,271],"class_list":{"0":"post-1120","1":"product","2":"type-product","3":"status-publish","4":"has-post-thumbnail","6":"product_cat-calendarios","7":"product_cat-regalos-navidad","8":"product_cat-tarjetas-ecologicas-plantable","9":"product_tag-biodegradable","10":"product_tag-calendario","11":"product_tag-calendarios-2020","12":"product_tag-calendarios-personalizados","13":"product_tag-calensario-ecologicos","14":"product_tag-degradables","15":"product_tag-eco-tarjetas-plantables","16":"product_tag-eco-papel","17":"product_tag-eco-regalos","18":"product_tag-ecologicos","19":"product_tag-ecologicos-peru","20":"product_tag-ecoregalos","21":"product_tag-tags","22":"product_tag-etiquetas-ecologicas","23":"product_tag-merch","24":"product_tag-merch-ecologico","25":"product_tag-merchandising","26":"product_tag-merchandising-ecologico","27":"product_tag-papel-con-semillas","28":"product_tag-papel-con-semillas-imprimir","29":"product_tag-papel-eco","30":"product_tag-papel-ecologico","31":"product_tag-papel-plantable","32":"product_tag-papel-sembrable","33":"product_tag-papel-semilla","34":"product_tag-personalizados","35":"product_tag-productos-ecologicos","36":"product_tag-regalos-corporativos","37":"product_tag-regalos-empresas","38":"product_tag-regalos-novedosos","39":"product_tag-regalos-originales","40":"product_tag-regalos-personalizados","41":"product_tag-regalos-sustentables","42":"product_tag-semillas","43":"product_tag-siembra-papel","44":"product_tag-sustentables","45":"product_tag-tarjetas-ecologicas","46":"product_tag-tarjetas-personalizadas","47":"product_tag-tarjetas-sembrables","48":"product_tag-tarjetas-semilla","50":"first","51":"instock","52":"taxable","53":"shipping-taxable","54":"purchasable","55":"product-type-simple"},"_links":{"self":[{"href":"https:\/\/eco-regalos.com\/movilpe\/wp-json\/wp\/v2\/product\/1120","targetHints":{"allow":["GET"]}}],"collection":[{"href":"https:\/\/eco-regalos.com\/movilpe\/wp-json\/wp\/v2\/product"}],"about":[{"href":"https:\/\/eco-regalos.com\/movilpe\/wp-json\/wp\/v2\/types\/product"}],"replies":[{"embeddable":true,"href":"https:\/\/eco-regalos.com\/movilpe\/wp-json\/wp\/v2\/comments?post=1120"}],"wp:featuredmedia":[{"embeddable":true,"href":"https:\/\/eco-regalos.com\/movilpe\/wp-json\/wp\/v2\/media\/2191"}],"wp:attachment":[{"href":"https:\/\/eco-regalos.com\/movilpe\/wp-json\/wp\/v2\/media?parent=1120"}],"wp:term":[{"taxonomy":"product_brand","embeddable":true,"href":"https:\/\/eco-regalos.com\/movilpe\/wp-json\/wp\/v2\/product_brand?post=1120"},{"taxonomy":"product_cat","embeddable":true,"href":"https:\/\/eco-regalos.com\/movilpe\/wp-json\/wp\/v2\/product_cat?post=1120"},{"taxonomy":"product_tag","embeddable":true,"href":"https:\/\/eco-regalos.com\/movilpe\/wp-json\/wp\/v2\/product_tag?post=1120"}],"curies":[{"name":"wp","href":"https:\/\/api.w.org\/{rel}","templated":true}]}}