{"id":1140,"date":"2018-10-12T01:46:46","date_gmt":"2018-10-12T06:46:46","guid":{"rendered":"http:\/\/eco-regalos.com\/movilpe\/?post_type=product&#038;p=1140"},"modified":"2024-05-15T09:48:33","modified_gmt":"2024-05-15T14:48:33","slug":"331","status":"publish","type":"product","link":"https:\/\/eco-regalos.com\/movilpe\/producto\/331\/","title":{"rendered":"L\u00e1piz Semilla Plantable+ Porta l\u00e1piz Ecol\u00f3gico<br><font size=\"2\"> Cantidad min\u00edma: 200 Unidades <\/font>"},"content":{"rendered":"<p><em><span style=\"color: #808080;\">Elecci\u00f3n del modelo de l\u00e1piz y\/o porta l\u00e1piz a partir de 1000 unidades. Cantidades menores sujetas a <\/span><span style=\"color: #808080;\">inventario.\u00a0<\/span><span style=\"color: #808080;\">Consulte stock.\u00a0<\/span><\/em><\/p>\n<p><span style=\"color: #808080;\"><em>Solicita la plantilla de dise\u00f1o para elaborar el arte con tu marca, dise\u00f1o o evento.<\/em><\/span><\/p>\n<p>&nbsp;<\/p>\n<p>&nbsp;<\/p>\n","protected":false},"excerpt":{"rendered":"<p><span style=\"color: #808080;\"><b>L\u00c1PIZ QUE DA VIDA!\u00a0<\/b>Contiene SEMILLAS\u00a0y al sembrarlos se convierten en lindas plantas\u00a0<\/span><\/p>\n<p><span style=\"color: #808080;\">Cuando el l\u00e1piz acaba su vida \u00fatil y se pone peque\u00f1o,\u00a0<strong style=\"color: #808080;\">lo sembramos <\/strong>en una maceta\u00a0o jard\u00edn para ver crecer unas hermosas plantas, que pueden ser <b style=\"color: #808080;\">lindas flores, hermosos \u00e1rboles <\/b><b>bons\u00e1i<\/b><b style=\"color: #808080;\">\u00a0o deliciosos vegetales.<\/b><\/span><\/p>\n<p><span style=\"color: #808080;\"><strong style=\"color: #808080;\"><span style=\"color: #008080;\">Incluye:<\/span> <\/strong><span style=\"color: #808080;\">Porta l\u00e1piz ecol\u00f3gico<\/span> <strong style=\"color: #808080;\">personalizado full color<\/strong><span style=\"color: #808080;\"> con tu marca o dise\u00f1o. <\/span><em><span style=\"color: #808080;\">(a partir de 500 unidades en adelante, cantidades menores sale sin personalizaci\u00f3n, con porta l\u00e1piz gen\u00e9rico de dise\u00f1o ambiental)<\/span><\/em><\/span><\/p>\n<p><span style=\"color: #008080;\"><strong><em>Un promocional muy original, con sentido ecol\u00f3gico y que aporta oxigeno al planeta.<\/em><\/strong><\/span><\/p>\n<p style=\"padding-left: 30px;\"><strong><span style=\"color: #008080;\">Semillas disponibles:<\/span>\u00a0\u00a0<\/strong><span style=\"color: #0000ff;\"><a style=\"color: #0000ff;\" href=\"https:\/\/eco-regalos.com\/movilpe_old_old\/semillas-de-temporada\/\" target=\"_blank\" rel=\"noopener\">Ver lista de especies de temporada<\/a><\/span><\/p>\n<p><em><span style=\"color: #808080;\">A continuaci\u00f3n selecciona la cantidad de tu inter\u00e9s para conocer su costo.<\/span><\/em><\/p>\n","protected":false},"featured_media":2199,"comment_status":"open","ping_status":"closed","template":"","meta":[],"product_brand":[],"product_cat":[127,128,547],"product_tag":[324,326,265,275,331,282,288,262,263,289,164,274,325,330,233,200,290,165,267,327,277,291,286,285,261,284,260,269,280,328,281,294,293,292,270,273,272,283,279,323,259,287,276,271],"class_list":{"0":"post-1140","1":"product","2":"type-product","3":"status-publish","4":"has-post-thumbnail","6":"product_cat-ecologicos-oficina","7":"product_cat-calendarios","8":"product_cat-lapiz_semilla","9":"product_tag-articulos-eco-para-oficina","10":"product_tag-calendarios-ecologicos","11":"product_tag-degradables","12":"product_tag-eco-tarjetas-plantables","13":"product_tag-eco-lapiz","14":"product_tag-eco-papel","15":"product_tag-eco-regalos","16":"product_tag-ecologicos","17":"product_tag-ecologicos-peru","18":"product_tag-ecoregalos","19":"product_tag-tags","20":"product_tag-etiquetas-ecologicas","21":"product_tag-germinables-publicitarios","22":"product_tag-lapiz-platable","23":"product_tag-lapiz-semilla","24":"product_tag-merch","25":"product_tag-merch-ecologico","26":"product_tag-merchandising","27":"product_tag-merchandising-ecologico","28":"product_tag-navidad-y-fin-de-ano","29":"product_tag-papel-con-semillas","30":"product_tag-papel-con-semillas-imprimir","31":"product_tag-papel-eco","32":"product_tag-papel-ecologico","33":"product_tag-papel-plantable","34":"product_tag-papel-sembrable","35":"product_tag-papel-semilla","36":"product_tag-personalizados","37":"product_tag-productos-ecologicos","38":"product_tag-promociones-etiquetas-biodegradable","39":"product_tag-regalos-corporativos","40":"product_tag-regalos-empresas","41":"product_tag-regalos-novedosos","42":"product_tag-regalos-originales","43":"product_tag-regalos-personalizados","44":"product_tag-regalos-sustentables","45":"product_tag-semillas","46":"product_tag-siembra-papel","47":"product_tag-sustentables","48":"product_tag-tarjetas-plantables-con-semillas","49":"product_tag-tarjetas-ecologicas","50":"product_tag-tarjetas-personalizadas","51":"product_tag-tarjetas-sembrables","52":"product_tag-tarjetas-semilla","54":"first","55":"instock","56":"sale","57":"taxable","58":"shipping-taxable","59":"purchasable","60":"product-type-variable"},"_links":{"self":[{"href":"https:\/\/eco-regalos.com\/movilpe\/wp-json\/wp\/v2\/product\/1140","targetHints":{"allow":["GET"]}}],"collection":[{"href":"https:\/\/eco-regalos.com\/movilpe\/wp-json\/wp\/v2\/product"}],"about":[{"href":"https:\/\/eco-regalos.com\/movilpe\/wp-json\/wp\/v2\/types\/product"}],"replies":[{"embeddable":true,"href":"https:\/\/eco-regalos.com\/movilpe\/wp-json\/wp\/v2\/comments?post=1140"}],"wp:featuredmedia":[{"embeddable":true,"href":"https:\/\/eco-regalos.com\/movilpe\/wp-json\/wp\/v2\/media\/2199"}],"wp:attachment":[{"href":"https:\/\/eco-regalos.com\/movilpe\/wp-json\/wp\/v2\/media?parent=1140"}],"wp:term":[{"taxonomy":"product_brand","embeddable":true,"href":"https:\/\/eco-regalos.com\/movilpe\/wp-json\/wp\/v2\/product_brand?post=1140"},{"taxonomy":"product_cat","embeddable":true,"href":"https:\/\/eco-regalos.com\/movilpe\/wp-json\/wp\/v2\/product_cat?post=1140"},{"taxonomy":"product_tag","embeddable":true,"href":"https:\/\/eco-regalos.com\/movilpe\/wp-json\/wp\/v2\/product_tag?post=1140"}],"curies":[{"name":"wp","href":"https:\/\/api.w.org\/{rel}","templated":true}]}}