{"id":1142,"date":"2018-10-12T01:53:00","date_gmt":"2018-10-12T06:53:00","guid":{"rendered":"http:\/\/eco-regalos.com\/movilpe\/?post_type=product&#038;p=1142"},"modified":"2024-11-17T20:35:53","modified_gmt":"2024-11-18T01:35:53","slug":"332","status":"publish","type":"product","link":"https:\/\/eco-regalos.com\/movilpe\/producto\/332\/","title":{"rendered":"L\u00e1piz Semilla Plantable Grabado + Porta l\u00e1piz Personalizado <br><font size=\"2\"> Cantidad min\u00edma: 500 Unidades <\/font>"},"content":{"rendered":"<p><span style=\"color: #808080;\"><em><strong>Elecci\u00f3n del modelo de l\u00e1piz y\/o porta l\u00e1piz a partir de 1000 unidades. Cantidades menores sujetas a stock.\u00a0<\/strong><\/em><\/span><\/p>\n<p><span style=\"color: #808080;\"><em>Solicita la plantilla de dise\u00f1o para elaborar el arte con tu marca, dise\u00f1o o evento.<\/em><\/span><\/p>\n<p><span style=\"color: #808080;\"><em>Consultar stock.\u00a0<\/em><\/span><\/p>\n<p>&nbsp;<\/p>\n","protected":false},"excerpt":{"rendered":"<p><span style=\"color: #808080;\"><b>L\u00c1PIZ QUE DA VIDA!\u00a0<\/b><span style=\"color: #808080;\">Contiene SEMILLAS\u00a0<\/span>y al sembrarlos se convierten en lindas plantas\u00a0<\/span><\/p>\n<p><span style=\"color: #808080;\"><span style=\"color: #808080;\">Cuando el l\u00e1piz acaba su vida \u00fatil y se pone peque\u00f1o,\u00a0<\/span><strong style=\"color: #808080;\">lo sembramos <\/strong><span style=\"color: #808080;\">en una maceta\u00a0o jard\u00edn para ver crecer unas hermosas plantas, que pueden ser <\/span><b style=\"color: #808080;\">lindas flores, hermosos \u00e1rboles <\/b><span style=\"color: #808080;\"><b>bons\u00e1i<\/b><\/span><b style=\"color: #808080;\">\u00a0o deliciosos vegetales.<\/b><\/span><\/p>\n<p><span style=\"color: #808080;\"><strong><span style=\"color: #008080;\">Incluye:<\/span> <\/strong><\/span><\/p>\n<p><span style=\"color: #808080;\">-Grabado de tu logo o mensaje a 1 color.<\/span><\/p>\n<p><span style=\"color: #808080;\">-Porta l\u00e1piz <strong>ecol\u00f3gico<\/strong> personalizado<strong> full color<\/strong> con tu marca o dise\u00f1o. <em>(1 cara)<\/em><\/span><\/p>\n<p><span style=\"color: #808080;\">Opci\u00f3n tajado o sin tajar.\u00a0<em> (seg\u00fan disponibilidad)<\/em><\/span><\/p>\n<p><span style=\"color: #008080;\"><strong><em>Un promocional muy original, con sentido ecol\u00f3gico y que aporta oxigeno al planeta.<\/em><\/strong><\/span><\/p>\n<p style=\"padding-left: 30px;\"><strong><span style=\"color: #008080;\">Semillas disponibles:<\/span>\u00a0\u00a0<\/strong><span style=\"color: #0000ff;\"><a style=\"color: #0000ff;\" href=\"https:\/\/eco-regalos.com\/movilpe_old_old\/semillas-de-temporada\/\" target=\"_blank\" rel=\"noopener\">Ver lista de especies de temporada<\/a><\/span><\/p>\n<p><em><span style=\"color: #808080;\">A continuaci\u00f3n selecciona la cantidad de tu inter\u00e9s para conocer su costo.<\/span><\/em><\/p>\n","protected":false},"featured_media":4885,"comment_status":"open","ping_status":"closed","template":"","meta":[],"product_brand":[],"product_cat":[127,9,547,126],"product_tag":[324,174,265,275,331,282,288,262,333,263,289,164,274,161,299,306,166,325,175,295,313,314,297,296,209,310,311,312,309,234,545,546,233,544,300,160,171,301,200,290,165,267,162,277,291,286,285,261,284,260,307,269,305,304,298,280,168,328,303,302,169,281,294,308,293,292,270,273,272,283,279,259,287,276,271],"class_list":{"0":"post-1142","1":"product","2":"type-product","3":"status-publish","4":"has-post-thumbnail","6":"product_cat-ecologicos-oficina","7":"product_cat-promocionales-ecologicos","8":"product_cat-lapiz_semilla","9":"product_cat-regalos-navidad","10":"product_tag-articulos-eco-para-oficina","11":"product_tag-bonsai","12":"product_tag-degradables","13":"product_tag-eco-tarjetas-plantables","14":"product_tag-eco-lapiz","15":"product_tag-eco-papel","16":"product_tag-eco-regalos","17":"product_tag-ecologicos","18":"product_tag-ecologicos-para-eventos","19":"product_tag-ecologicos-peru","20":"product_tag-ecoregalos","21":"product_tag-tags","22":"product_tag-etiquetas-ecologicas","23":"product_tag-flores","24":"product_tag-flores-regalo","25":"product_tag-flores-y-maceta","26":"product_tag-germinables","27":"product_tag-germinables-publicitarios","28":"product_tag-huertas-y-aromaticas","29":"product_tag-kit-de-siembra","30":"product_tag-kit-huerta","31":"product_tag-kit-huertos","32":"product_tag-kits-eco","33":"product_tag-kits-ecologicos","34":"product_tag-lapicero-ecologico","35":"product_tag-lapicero-con-semilla","36":"product_tag-lapicero-plantable","37":"product_tag-lapicero-semilla","38":"product_tag-lapiz-con-semilla","39":"product_tag-lapiz-plantable","40":"product_tag-lapiz-plantable-peru","41":"product_tag-lapiz-sembrable","42":"product_tag-lapiz-semilla","43":"product_tag-lapiz-semilla-peru","44":"product_tag-maceta-ecologica","45":"product_tag-macetas","46":"product_tag-macetero","47":"product_tag-maceteros-ecologicos","48":"product_tag-merch","49":"product_tag-merch-ecologico","50":"product_tag-merchandising","51":"product_tag-merchandising-ecologico","52":"product_tag-huertos","53":"product_tag-papel-con-semillas","54":"product_tag-papel-con-semillas-imprimir","55":"product_tag-papel-eco","56":"product_tag-papel-ecologico","57":"product_tag-papel-plantable","58":"product_tag-papel-sembrable","59":"product_tag-papel-semilla","60":"product_tag-papel-y-semilla","61":"product_tag-personalizados","62":"product_tag-planta-con-mensaje","63":"product_tag-planta-magica","64":"product_tag-plantas","65":"product_tag-productos-ecologicos","66":"product_tag-promocionales","67":"product_tag-promociones-etiquetas-biodegradable","68":"product_tag-regalar-plantas","69":"product_tag-regalar-semillas","70":"product_tag-regalos","71":"product_tag-regalos-corporativos","72":"product_tag-regalos-empresas","73":"product_tag-regalos-germinables","74":"product_tag-regalos-novedosos","75":"product_tag-regalos-originales","76":"product_tag-regalos-personalizados","77":"product_tag-regalos-sustentables","78":"product_tag-semillas","79":"product_tag-siembra-papel","80":"product_tag-sustentables","81":"product_tag-tarjetas-ecologicas","82":"product_tag-tarjetas-personalizadas","83":"product_tag-tarjetas-sembrables","84":"product_tag-tarjetas-semilla","86":"first","87":"instock","88":"sale","89":"featured","90":"taxable","91":"shipping-taxable","92":"purchasable","93":"product-type-variable"},"_links":{"self":[{"href":"https:\/\/eco-regalos.com\/movilpe\/wp-json\/wp\/v2\/product\/1142","targetHints":{"allow":["GET"]}}],"collection":[{"href":"https:\/\/eco-regalos.com\/movilpe\/wp-json\/wp\/v2\/product"}],"about":[{"href":"https:\/\/eco-regalos.com\/movilpe\/wp-json\/wp\/v2\/types\/product"}],"replies":[{"embeddable":true,"href":"https:\/\/eco-regalos.com\/movilpe\/wp-json\/wp\/v2\/comments?post=1142"}],"wp:featuredmedia":[{"embeddable":true,"href":"https:\/\/eco-regalos.com\/movilpe\/wp-json\/wp\/v2\/media\/4885"}],"wp:attachment":[{"href":"https:\/\/eco-regalos.com\/movilpe\/wp-json\/wp\/v2\/media?parent=1142"}],"wp:term":[{"taxonomy":"product_brand","embeddable":true,"href":"https:\/\/eco-regalos.com\/movilpe\/wp-json\/wp\/v2\/product_brand?post=1142"},{"taxonomy":"product_cat","embeddable":true,"href":"https:\/\/eco-regalos.com\/movilpe\/wp-json\/wp\/v2\/product_cat?post=1142"},{"taxonomy":"product_tag","embeddable":true,"href":"https:\/\/eco-regalos.com\/movilpe\/wp-json\/wp\/v2\/product_tag?post=1142"}],"curies":[{"name":"wp","href":"https:\/\/api.w.org\/{rel}","templated":true}]}}