{"id":1275,"date":"2019-02-04T10:40:16","date_gmt":"2019-02-04T15:40:16","guid":{"rendered":"http:\/\/eco-regalos.com\/movilpe\/?post_type=product&#038;p=1275"},"modified":"2024-07-30T15:46:24","modified_gmt":"2024-07-30T20:46:24","slug":"296","status":"publish","type":"product","link":"https:\/\/eco-regalos.com\/movilpe\/producto\/296\/","title":{"rendered":"Escarapelas, botones y Pines Sembrables <br><font size=\"2\"> Cantidad min\u00edma: 1000 Unidades <\/font>"},"content":{"rendered":"<h5>Cantidades menores a 5.000 unidades sujetas a stock.<\/h5>\n<h5><strong><span style=\"color: #808080;\">Solicita la plantilla de dise\u00f1o para elaborar el arte con tu marca o dise\u00f1o.<\/span><\/strong><\/h5>\n<h5><a href=\"https:\/\/eco-regalos.com\/movilpe_old_old\/wp-content\/uploads\/2021\/02\/Especificaciones-y-recomendaciones-papel-plantable-01.jpg\" target=\"_blank\" rel=\"noopener\"><span style=\"color: #0000ff;\">Ver especificaciones t\u00e9cnicas y recomendaciones de dise\u00f1o dando click aqu\u00ed.<\/span><\/a><\/h5>\n<h5><em><span style=\"color: #808080;\">Este producto es elaborado con papel semilla (Capacidad germinativa: 70<\/span><\/em><span style=\"color: #808080;\">%<\/span><em><span style=\"color: #808080;\"> a 90<\/span><\/em><span style=\"color: #808080;\">%<\/span><em><span style=\"color: #808080;\"> )<\/span><\/em><em><span style=\"color: #808080;\"> Impreso con tintas ecol\u00f3gicas\u00a0a base de soya.<\/span><\/em><\/h5>\n<h5><span style=\"color: #808080;\">El tama\u00f1o final es de 5.0 x 5.0 cm aproximadamente. Puede variar seg\u00fan la forma elegida.\u00a0\u00a0<\/span><\/h5>\n<h5><span style=\"color: #808080;\">*Este producto incluye cord\u00f3n natural de yute o sujetador imperdible suelto, sin colocaci\u00f3n.\u00a0<\/span><\/h5>\n","protected":false},"excerpt":{"rendered":"<p><span style=\"color: #808080;\">Escarapelas, botones y Pines Publicitarios para<strong>\u00a0sembrar y germinar \u00e1rboles, flores\u00a0<\/strong>o hermosas plantas\u00a0<\/span><\/p>\n<p><span style=\"color: #808080;\"><em>Vienen 100% personalizados con tu dise\u00f1o o marca.<\/em><\/span><\/p>\n<p><strong><span style=\"color: #808080;\">Ideal para acciones de\u00a0marketing y publicidad\u00a0por su gran impacto en el p\u00fablico y su espectacular originalidad.<\/span><\/strong><\/p>\n<p><span style=\"color: #008080;\"><strong>Tama\u00f1o:<\/strong><\/span> <span style=\"color: #808080;\">Hasta 5.0 cm <strong>(solicita el cat\u00e1logo de formas disponibles)<\/strong><\/span><\/p>\n<p><span style=\"color: #008080;\"><strong>Impresi\u00f3n incluida:\u00a0\u00a0<\/strong><\/span><span style=\"color: #808080;\">Tu marca o dise\u00f1o\u00a0<strong>Full color.<\/strong>\u00a0<em>(a partir de 5000 unidades)<\/em><\/span><\/p>\n<h6><span style=\"color: #008080;\"><strong><i>Env\u00edanos<\/i><em>\u00a0tu dise\u00f1o, recuerda reservar un espacio para las instrucciones de siembra.<\/em><\/strong><\/span><\/h6>\n<p><!--more--><\/p>\n<p><span style=\"color: #008080;\"><strong><span style=\"color: #808080;\"><span style=\"color: #008080;\">Adicional:\u00a0<\/span>\u00a0<\/span><\/strong><span style=\"color: #808080;\">Cord\u00f3n de fibra natural de yute o sujetador imperdible.<\/span><\/span><\/p>\n<p><span style=\"color: #008080;\"><strong>Semillas disponibles:\u00a0\u00a0<\/strong><\/span><span style=\"color: #0000ff;\"><a style=\"color: #0000ff;\" href=\"https:\/\/eco-regalos.com\/movilpe_old_old\/semillas-de-temporada\/\" target=\"_blank\" rel=\"noopener\">Ver lista de especies de temporada<\/a><\/span><\/p>\n","protected":false},"featured_media":2245,"comment_status":"open","ping_status":"closed","template":"","meta":[],"product_brand":[],"product_cat":[150,9,11],"product_tag":[278,265,275,282,288,262,263,289,217,218,164,274,200,290,165,267,221,277,291,286,285,261,284,260,269,219,220,280,281,294,293,292,270,273,272,283,279,259,287,276,271],"class_list":{"0":"post-1275","1":"product","2":"type-product","3":"status-publish","4":"has-post-thumbnail","6":"product_cat-productos-ecologicos-eventos","7":"product_cat-promocionales-ecologicos","8":"product_cat-tarjetas-ecologicas-plantable","9":"product_tag-biodegradable","10":"product_tag-degradables","11":"product_tag-eco-tarjetas-plantables","12":"product_tag-eco-papel","13":"product_tag-eco-regalos","14":"product_tag-ecologicos","15":"product_tag-ecologicos-peru","16":"product_tag-ecoregalos","17":"product_tag-escarapelas","18":"product_tag-escarapelasecologicas","19":"product_tag-tags","20":"product_tag-etiquetas-ecologicas","21":"product_tag-merch","22":"product_tag-merch-ecologico","23":"product_tag-merchandising","24":"product_tag-merchandising-ecologico","25":"product_tag-merchandisingecologico","26":"product_tag-papel-con-semillas","27":"product_tag-papel-con-semillas-imprimir","28":"product_tag-papel-eco","29":"product_tag-papel-ecologico","30":"product_tag-papel-plantable","31":"product_tag-papel-sembrable","32":"product_tag-papel-semilla","33":"product_tag-personalizados","34":"product_tag-pines","35":"product_tag-pines-ecologicos","36":"product_tag-productos-ecologicos","37":"product_tag-regalos-corporativos","38":"product_tag-regalos-empresas","39":"product_tag-regalos-novedosos","40":"product_tag-regalos-originales","41":"product_tag-regalos-personalizados","42":"product_tag-regalos-sustentables","43":"product_tag-semillas","44":"product_tag-siembra-papel","45":"product_tag-sustentables","46":"product_tag-tarjetas-ecologicas","47":"product_tag-tarjetas-personalizadas","48":"product_tag-tarjetas-sembrables","49":"product_tag-tarjetas-semilla","51":"first","52":"instock","53":"taxable","54":"shipping-taxable","55":"purchasable","56":"product-type-simple"},"_links":{"self":[{"href":"https:\/\/eco-regalos.com\/movilpe\/wp-json\/wp\/v2\/product\/1275","targetHints":{"allow":["GET"]}}],"collection":[{"href":"https:\/\/eco-regalos.com\/movilpe\/wp-json\/wp\/v2\/product"}],"about":[{"href":"https:\/\/eco-regalos.com\/movilpe\/wp-json\/wp\/v2\/types\/product"}],"replies":[{"embeddable":true,"href":"https:\/\/eco-regalos.com\/movilpe\/wp-json\/wp\/v2\/comments?post=1275"}],"wp:featuredmedia":[{"embeddable":true,"href":"https:\/\/eco-regalos.com\/movilpe\/wp-json\/wp\/v2\/media\/2245"}],"wp:attachment":[{"href":"https:\/\/eco-regalos.com\/movilpe\/wp-json\/wp\/v2\/media?parent=1275"}],"wp:term":[{"taxonomy":"product_brand","embeddable":true,"href":"https:\/\/eco-regalos.com\/movilpe\/wp-json\/wp\/v2\/product_brand?post=1275"},{"taxonomy":"product_cat","embeddable":true,"href":"https:\/\/eco-regalos.com\/movilpe\/wp-json\/wp\/v2\/product_cat?post=1275"},{"taxonomy":"product_tag","embeddable":true,"href":"https:\/\/eco-regalos.com\/movilpe\/wp-json\/wp\/v2\/product_tag?post=1275"}],"curies":[{"name":"wp","href":"https:\/\/api.w.org\/{rel}","templated":true}]}}