{"id":1351,"date":"2019-02-07T21:35:34","date_gmt":"2019-02-08T02:35:34","guid":{"rendered":"http:\/\/eco-regalos.com\/movilpe\/?post_type=product&#038;p=1351"},"modified":"2023-10-23T13:11:06","modified_gmt":"2023-10-23T18:11:06","slug":"334","status":"publish","type":"product","link":"https:\/\/eco-regalos.com\/movilpe\/producto\/334\/","title":{"rendered":"Volantes con Semillas <br><font size=\"2\"> Cantidad min\u00edma: 1000 Unidades <\/font>"},"content":{"rendered":"<h5>Cantidades menores a 5.000 unidades sujetas a stock.<\/h5>\n<h5><strong><span style=\"color: #808080;\">Solicita la plantilla de dise\u00f1o para elaborar el arte con tu marca o dise\u00f1o.<\/span><\/strong><\/h5>\n<h5><a href=\"https:\/\/eco-regalos.com\/movilpe_old_old\/wp-content\/uploads\/2021\/02\/Especificaciones-y-recomendaciones-papel-plantable-01.jpg\" target=\"_blank\" rel=\"noopener\"><span style=\"color: #0000ff;\">Ver especificaciones t\u00e9cnicas y recomendaciones de dise\u00f1o dando click aqu\u00ed.<\/span><\/a><\/h5>\n<h5><\/h5>\n<p>&nbsp;<\/p>\n","protected":false},"excerpt":{"rendered":"[xyz-ips snippet=\"solicitarcotizacion\"]\n<p><span style=\"color: #808080;\"><strong>Volantes<\/strong><strong>\u00a0full color con semillas desprendibles\u00a0<\/strong><strong>para sembrar y germinar<\/strong> un hermoso \u00c1RBOL, UNAS FLORES O UNOS VEGETALES!<\/span><\/p>\n<p><span style=\"color: #008080;\"><b>Desde el primer impacto ser\u00e1 vinculada tu marca con un mensaje de responsabilidad ambiental. Sembrar y cosechar\u00a0el logo habla muy bien de la marca.<\/b><\/span><\/p>\n<p><em><span style=\"color: #808080;\">Puedes elegir entre las plantas disponibles, puede ser una flor, bons\u00e1i, arom\u00e1tica o huerta \u00a1\u00a1tu eliges!!<\/span><\/em><\/p>\n<p><span style=\"color: #808080;\"><strong>Regala flores o arboles con tus volantes!\u00a0<\/strong><\/span><\/p>\n<p><span style=\"color: #008080;\"><strong>Tama\u00f1o:<\/strong> <\/span><\/p>\n<p><span style=\"color: #808080;\">A6<\/span><\/p>\n<p><span style=\"color: #008080;\"><strong>Personalizaci\u00f3n incluida:\u00a0<\/strong><\/span><\/p>\n<p>&#8211;<span style=\"color: #808080;\"> Tu dise\u00f1o o marca<strong> full color<\/strong> sobre el volante.<\/span><\/p>\n<p><span style=\"color: #808080;\">&#8211; Tu logo en la moneda plantable germinable <em>(desde 5000 unidades en adelante)<\/em><\/span><\/p>\n<p><span style=\"color: #008080;\"><strong>Semillas disponibles:\u00a0\u00a0<\/strong><\/span><span style=\"color: #0000ff;\"><a style=\"color: #0000ff;\" href=\"https:\/\/eco-regalos.com\/movilpe_old_old\/semillas-de-temporada\/\" target=\"_blank\" rel=\"noopener\">Ver lista de especies de temporada<\/a><\/span><\/p>\n","protected":false},"featured_media":2200,"comment_status":"open","ping_status":"closed","template":"","meta":[],"product_brand":[],"product_cat":[150,11],"product_tag":[324,326,265,275,331,282,288,167,262,333,263,289,164,274,336,166,325,330,233,200,290,165,267,327,277,291,286,285,261,284,260,269,280,168,328,281,294,293,292,270,273,272,283,279,323,259,287,276,271,334,335],"class_list":{"0":"post-1351","1":"product","2":"type-product","3":"status-publish","4":"has-post-thumbnail","6":"product_cat-productos-ecologicos-eventos","7":"product_cat-tarjetas-ecologicas-plantable","8":"product_tag-articulos-eco-para-oficina","9":"product_tag-calendarios-ecologicos","10":"product_tag-degradables","11":"product_tag-eco-tarjetas-plantables","12":"product_tag-eco-lapiz","13":"product_tag-eco-papel","14":"product_tag-eco-regalos","15":"product_tag-ecologico","16":"product_tag-ecologicos","17":"product_tag-ecologicos-para-eventos","18":"product_tag-ecologicos-peru","19":"product_tag-ecoregalos","20":"product_tag-tags","21":"product_tag-etiquetas-ecologicas","22":"product_tag-flyer-ecologico","23":"product_tag-germinables","24":"product_tag-germinables-publicitarios","25":"product_tag-lapiz-platable","26":"product_tag-lapiz-semilla","27":"product_tag-merch","28":"product_tag-merch-ecologico","29":"product_tag-merchandising","30":"product_tag-merchandising-ecologico","31":"product_tag-navidad-y-fin-de-ano","32":"product_tag-papel-con-semillas","33":"product_tag-papel-con-semillas-imprimir","34":"product_tag-papel-eco","35":"product_tag-papel-ecologico","36":"product_tag-papel-plantable","37":"product_tag-papel-sembrable","38":"product_tag-papel-semilla","39":"product_tag-personalizados","40":"product_tag-productos-ecologicos","41":"product_tag-promocionales","42":"product_tag-promociones-etiquetas-biodegradable","43":"product_tag-regalos-corporativos","44":"product_tag-regalos-empresas","45":"product_tag-regalos-novedosos","46":"product_tag-regalos-originales","47":"product_tag-regalos-personalizados","48":"product_tag-regalos-sustentables","49":"product_tag-semillas","50":"product_tag-siembra-papel","51":"product_tag-sustentables","52":"product_tag-tarjetas-plantables-con-semillas","53":"product_tag-tarjetas-ecologicas","54":"product_tag-tarjetas-personalizadas","55":"product_tag-tarjetas-sembrables","56":"product_tag-tarjetas-semilla","57":"product_tag-volantes","58":"product_tag-volantes-ecologicos","60":"first","61":"instock","62":"taxable","63":"shipping-taxable","64":"purchasable","65":"product-type-simple"},"_links":{"self":[{"href":"https:\/\/eco-regalos.com\/movilpe\/wp-json\/wp\/v2\/product\/1351","targetHints":{"allow":["GET"]}}],"collection":[{"href":"https:\/\/eco-regalos.com\/movilpe\/wp-json\/wp\/v2\/product"}],"about":[{"href":"https:\/\/eco-regalos.com\/movilpe\/wp-json\/wp\/v2\/types\/product"}],"replies":[{"embeddable":true,"href":"https:\/\/eco-regalos.com\/movilpe\/wp-json\/wp\/v2\/comments?post=1351"}],"wp:featuredmedia":[{"embeddable":true,"href":"https:\/\/eco-regalos.com\/movilpe\/wp-json\/wp\/v2\/media\/2200"}],"wp:attachment":[{"href":"https:\/\/eco-regalos.com\/movilpe\/wp-json\/wp\/v2\/media?parent=1351"}],"wp:term":[{"taxonomy":"product_brand","embeddable":true,"href":"https:\/\/eco-regalos.com\/movilpe\/wp-json\/wp\/v2\/product_brand?post=1351"},{"taxonomy":"product_cat","embeddable":true,"href":"https:\/\/eco-regalos.com\/movilpe\/wp-json\/wp\/v2\/product_cat?post=1351"},{"taxonomy":"product_tag","embeddable":true,"href":"https:\/\/eco-regalos.com\/movilpe\/wp-json\/wp\/v2\/product_tag?post=1351"}],"curies":[{"name":"wp","href":"https:\/\/api.w.org\/{rel}","templated":true}]}}