{"id":1634,"date":"2019-04-01T14:54:14","date_gmt":"2019-04-01T19:54:14","guid":{"rendered":"http:\/\/eco-regalos.com\/movilpe\/?post_type=product&#038;p=1634"},"modified":"2022-11-16T18:27:22","modified_gmt":"2022-11-16T23:27:22","slug":"202","status":"publish","type":"product","link":"https:\/\/eco-regalos.com\/movilpe\/producto\/202\/","title":{"rendered":"Plantas beb\u00e9s <br><font size=\"2\"> Cantidad min\u00edma: 1000 Unidades <\/font>"},"content":{"rendered":"<p><strong>Consulte disponibilidad o stock<\/strong><\/p>\n<p><span style=\"color: #808080;\">Solicita la plantilla de dise\u00f1o para elaborar el arte con tu marca, dise\u00f1o o evento.<\/span><\/p>\n","protected":false},"excerpt":{"rendered":"<p><span style=\"color: #808080;\">Plantas miniaturas. \u00a0Se entregan en una caja individual que protege la planta y permite enviarla por cualquier medio de transporte o correo.<\/span><\/p>\n<p><span style=\"color: #808080;\"><strong>Suculentas\u00a0miniatura. \u00a0<\/strong><\/span><\/p>\n<p><em><span style=\"color: #808080;\">Estas plantitas beb\u00e9s al recibirlas se siembran en maceta o jard\u00edn y contin\u00faan su desarrollo. Se entregan con todo su sistema radicular desarrollado, por esta raz\u00f3n las plantas se adaptar\u00e1n r\u00e1pidamente al nuevo macetero.<\/span><\/em><\/p>\n<p><span style=\"color: #33cccc;\"><strong>Personalizaci\u00f3n incluida:<\/strong><\/span><\/p>\n<p><span style=\"color: #808080;\">Caja Personalizada full color\u00a0<\/span><\/p>\n<p><span style=\"color: #33cccc;\"><strong>Tama\u00f1o Cajita :\u00a0<\/strong><\/span><\/p>\n","protected":false},"featured_media":2187,"comment_status":"open","ping_status":"closed","template":"","meta":[],"product_brand":[],"product_cat":[126,31],"product_tag":[278,265,275,282,288,167,262,263,289,173,164,274,161,299,306,166,316,175,295,297,296,300,160,171,301,200,290,165,267,162,277,291,286,285,261,284,260,307,269,305,304,298,280,168,303,302,169,281,294,293,292,270,273,272,283,172,385,279,259,287,276,271],"class_list":{"0":"post-1634","1":"product","2":"type-product","3":"status-publish","4":"has-post-thumbnail","6":"product_cat-regalos-navidad","7":"product_cat-plantas-para-regalar","8":"product_tag-biodegradable","9":"product_tag-degradables","10":"product_tag-eco-tarjetas-plantables","11":"product_tag-eco-papel","12":"product_tag-eco-regalos","13":"product_tag-ecologico","14":"product_tag-ecologicos","15":"product_tag-ecologicos-peru","16":"product_tag-ecoregalos","17":"product_tag-empaques","18":"product_tag-tags","19":"product_tag-etiquetas-ecologicas","20":"product_tag-flores","21":"product_tag-flores-regalo","22":"product_tag-flores-y-maceta","23":"product_tag-germinables","24":"product_tag-huertas","25":"product_tag-huertas-y-aromaticas","26":"product_tag-kit-de-siembra","27":"product_tag-kits-eco","28":"product_tag-kits-ecologicos","29":"product_tag-maceta-ecologica","30":"product_tag-macetas","31":"product_tag-macetero","32":"product_tag-maceteros-ecologicos","33":"product_tag-merch","34":"product_tag-merch-ecologico","35":"product_tag-merchandising","36":"product_tag-merchandising-ecologico","37":"product_tag-huertos","38":"product_tag-papel-con-semillas","39":"product_tag-papel-con-semillas-imprimir","40":"product_tag-papel-eco","41":"product_tag-papel-ecologico","42":"product_tag-papel-plantable","43":"product_tag-papel-sembrable","44":"product_tag-papel-semilla","45":"product_tag-papel-y-semilla","46":"product_tag-personalizados","47":"product_tag-planta-con-mensaje","48":"product_tag-planta-magica","49":"product_tag-plantas","50":"product_tag-productos-ecologicos","51":"product_tag-promocionales","52":"product_tag-regalar-plantas","53":"product_tag-regalar-semillas","54":"product_tag-regalos","55":"product_tag-regalos-corporativos","56":"product_tag-regalos-empresas","57":"product_tag-regalos-novedosos","58":"product_tag-regalos-originales","59":"product_tag-regalos-personalizados","60":"product_tag-regalos-sustentables","61":"product_tag-semillas","62":"product_tag-siembra-papel","63":"product_tag-suculetas","64":"product_tag-suculetas-suculetas-regalo-suculenta-personalizada","65":"product_tag-sustentables","66":"product_tag-tarjetas-ecologicas","67":"product_tag-tarjetas-personalizadas","68":"product_tag-tarjetas-sembrables","69":"product_tag-tarjetas-semilla","71":"first","72":"instock","73":"taxable","74":"shipping-taxable","75":"purchasable","76":"product-type-simple"},"_links":{"self":[{"href":"https:\/\/eco-regalos.com\/movilpe\/wp-json\/wp\/v2\/product\/1634","targetHints":{"allow":["GET"]}}],"collection":[{"href":"https:\/\/eco-regalos.com\/movilpe\/wp-json\/wp\/v2\/product"}],"about":[{"href":"https:\/\/eco-regalos.com\/movilpe\/wp-json\/wp\/v2\/types\/product"}],"replies":[{"embeddable":true,"href":"https:\/\/eco-regalos.com\/movilpe\/wp-json\/wp\/v2\/comments?post=1634"}],"wp:featuredmedia":[{"embeddable":true,"href":"https:\/\/eco-regalos.com\/movilpe\/wp-json\/wp\/v2\/media\/2187"}],"wp:attachment":[{"href":"https:\/\/eco-regalos.com\/movilpe\/wp-json\/wp\/v2\/media?parent=1634"}],"wp:term":[{"taxonomy":"product_brand","embeddable":true,"href":"https:\/\/eco-regalos.com\/movilpe\/wp-json\/wp\/v2\/product_brand?post=1634"},{"taxonomy":"product_cat","embeddable":true,"href":"https:\/\/eco-regalos.com\/movilpe\/wp-json\/wp\/v2\/product_cat?post=1634"},{"taxonomy":"product_tag","embeddable":true,"href":"https:\/\/eco-regalos.com\/movilpe\/wp-json\/wp\/v2\/product_tag?post=1634"}],"curies":[{"name":"wp","href":"https:\/\/api.w.org\/{rel}","templated":true}]}}