{"id":1664,"date":"2019-04-23T23:44:39","date_gmt":"2019-04-24T04:44:39","guid":{"rendered":"http:\/\/eco-regalos.com\/movilpe\/?post_type=product&#038;p=1664"},"modified":"2022-09-13T15:35:16","modified_gmt":"2022-09-13T20:35:16","slug":"375","status":"publish","type":"product","link":"https:\/\/eco-regalos.com\/movilpe\/producto\/375\/","title":{"rendered":"Rompecabezas Sembrables<br><font size=\"2\"> Cantidad min\u00edma: 1000 Unidades <\/font>"},"content":{"rendered":"<p><span style=\"color: #808080;\"><span style=\"color: #008080;\"><b>Adicional:<\/b><\/span>\u00a0Tapa<\/span><span style=\"color: #808080;\">\u00a0con sistema abre f\u00e1cil\u00a0\u00a0<\/span><!--more--><\/p>\n<h5><strong><span style=\"color: #808080;\">Solicita la plantilla de dise\u00f1o para elaborar el arte con tu marca o dise\u00f1o.<\/span><\/strong><\/h5>\n<h5><a href=\"https:\/\/eco-regalos.com\/movilpe_old_old\/wp-content\/uploads\/2022\/03\/Especificaciones_PAPEL_SEMILLA.jpg\" target=\"_blank\" rel=\"noopener\"><span style=\"color: #0000ff;\">Ver especificaciones t\u00e9cnicas y recomendaciones de dise\u00f1o dando click aqu\u00ed.<\/span><\/a><\/h5>\n<h5><\/h5>\n","protected":false},"excerpt":{"rendered":"<p><span style=\"color: #808080;\">[xyz-ips snippet=\"solicitarcotizacion\"]<\/span><\/p>\n<p><span style=\"color: #808080;\">Rompecabezas publicitarios con tu imagen o mensaje en el envase ecol\u00f3gico degradable y en el rompecabezas plantable.<\/span><\/p>\n<p><span style=\"color: #008080;\"><strong>Las piezas del rompecabezas se siembran y germinan en plantas que pueden ser flores, hortalizas o un \u00e1rboles<\/strong><\/span><\/p>\n<p><span style=\"color: #808080;\">Desarrollamos rompecabezas personalizados como herramienta de fidelizaci\u00f3n de clientes con fines publicitarios, corporativos o como invitaciones para eventos sociales y empresariales.<\/span><\/p>\n<p><span style=\"color: #808080;\"><span style=\"color: #008080;\"><strong>Rompecabezas plantable<\/strong>: <\/span>12 piezas<\/span><\/p>\n<p><span style=\"color: #808080;\"><span style=\"color: #008080;\"><strong>Tama\u00f1o rompecabezas:<\/strong><\/span> 13 cm x 10 cm<\/span><\/p>\n<p><span style=\"color: #808080;\"><span style=\"color: #008080;\"><strong>Tama\u00f1o del envase degradable:<\/strong> <\/span>6.0 x 6,3 cm<\/span><\/p>\n<p><span style=\"color: #008080;\"><strong>Personalizaci\u00f3n incluida:<\/strong><\/span><\/p>\n<p><span style=\"color: #808080;\">-Tu marca o dise\u00f1o<strong> full color en el rompecabezas<\/strong> con semillas.<\/span><\/p>\n<p><span style=\"color: #808080;\">-Tu marca o dise\u00f1o <strong>full color en el envase<\/strong> ecol\u00f3gico degradable.<\/span><\/p>\n","protected":false},"featured_media":400,"comment_status":"open","ping_status":"closed","template":"","meta":[],"product_brand":[],"product_cat":[150,9,126],"product_tag":[265,275,282,288,167,262,263,289,164,274,325,178,342,160,343,171,200,290,165,267,344,277,291,286,285,261,284,260,269,280,395,281,294,293,292,270,273,272,283,279,259,287,276,271],"class_list":{"0":"post-1664","1":"product","2":"type-product","3":"status-publish","4":"has-post-thumbnail","6":"product_cat-productos-ecologicos-eventos","7":"product_cat-promocionales-ecologicos","8":"product_cat-regalos-navidad","9":"product_tag-degradables","10":"product_tag-eco-tarjetas-plantables","11":"product_tag-eco-papel","12":"product_tag-eco-regalos","13":"product_tag-ecologico","14":"product_tag-ecologicos","15":"product_tag-ecologicos-peru","16":"product_tag-ecoregalos","17":"product_tag-tags","18":"product_tag-etiquetas-ecologicas","19":"product_tag-germinables-publicitarios","20":"product_tag-kitdesiembra","21":"product_tag-kits-de-siembra-promocionales","22":"product_tag-macetas","23":"product_tag-macetas-y-maceteros","24":"product_tag-macetero","25":"product_tag-merch","26":"product_tag-merch-ecologico","27":"product_tag-merchandising","28":"product_tag-merchandising-ecologico","29":"product_tag-navidad-y-fin-de-ano-etiquetas-biodegradable","30":"product_tag-papel-con-semillas","31":"product_tag-papel-con-semillas-imprimir","32":"product_tag-papel-eco","33":"product_tag-papel-ecologico","34":"product_tag-papel-plantable","35":"product_tag-papel-sembrable","36":"product_tag-papel-semilla","37":"product_tag-personalizados","38":"product_tag-productos-ecologicos","39":"product_tag-puzzle","40":"product_tag-regalos-corporativos","41":"product_tag-regalos-empresas","42":"product_tag-regalos-novedosos","43":"product_tag-regalos-originales","44":"product_tag-regalos-personalizados","45":"product_tag-regalos-sustentables","46":"product_tag-semillas","47":"product_tag-siembra-papel","48":"product_tag-sustentables","49":"product_tag-tarjetas-ecologicas","50":"product_tag-tarjetas-personalizadas","51":"product_tag-tarjetas-sembrables","52":"product_tag-tarjetas-semilla","54":"first","55":"onbackorder","56":"taxable","57":"shipping-taxable","58":"purchasable","59":"product-type-simple"},"_links":{"self":[{"href":"https:\/\/eco-regalos.com\/movilpe\/wp-json\/wp\/v2\/product\/1664","targetHints":{"allow":["GET"]}}],"collection":[{"href":"https:\/\/eco-regalos.com\/movilpe\/wp-json\/wp\/v2\/product"}],"about":[{"href":"https:\/\/eco-regalos.com\/movilpe\/wp-json\/wp\/v2\/types\/product"}],"replies":[{"embeddable":true,"href":"https:\/\/eco-regalos.com\/movilpe\/wp-json\/wp\/v2\/comments?post=1664"}],"wp:featuredmedia":[{"embeddable":true,"href":"https:\/\/eco-regalos.com\/movilpe\/wp-json\/wp\/v2\/media\/400"}],"wp:attachment":[{"href":"https:\/\/eco-regalos.com\/movilpe\/wp-json\/wp\/v2\/media?parent=1664"}],"wp:term":[{"taxonomy":"product_brand","embeddable":true,"href":"https:\/\/eco-regalos.com\/movilpe\/wp-json\/wp\/v2\/product_brand?post=1664"},{"taxonomy":"product_cat","embeddable":true,"href":"https:\/\/eco-regalos.com\/movilpe\/wp-json\/wp\/v2\/product_cat?post=1664"},{"taxonomy":"product_tag","embeddable":true,"href":"https:\/\/eco-regalos.com\/movilpe\/wp-json\/wp\/v2\/product_tag?post=1664"}],"curies":[{"name":"wp","href":"https:\/\/api.w.org\/{rel}","templated":true}]}}