{"id":1792,"date":"2019-05-22T00:07:33","date_gmt":"2019-05-22T05:07:33","guid":{"rendered":"http:\/\/eco-regalos.com\/movilpe\/?post_type=product&#038;p=1792"},"modified":"2022-09-20T15:04:01","modified_gmt":"2022-09-20T20:04:01","slug":"387","status":"publish","type":"product","link":"https:\/\/eco-regalos.com\/movilpe\/producto\/387\/","title":{"rendered":"BOLSAS ECOL\u00d3GICAS CON TAG PLANTABLE<br><font size=\"2\"> Cantidad min\u00edma: 5000 Unidades <\/font>"},"content":{"rendered":"<p><span style=\"color: #808080;\">Solicitar la plantilla de dise\u00f1o para la elaboraci\u00f3n del arte del tag germinable.<\/span><\/p>\n<p><span style=\"color: #999999;\"><em>Consultar disponibilidad<\/em><\/span><\/p>\n","protected":false},"excerpt":{"rendered":"<p><span style=\"color: #808080;\"><strong>Sab\u00edas que la bolsa de tu evento es un excelente soporte para enrraizar y permitir el desarrollo de una planta ???<\/strong><\/span><\/p>\n<p><span style=\"color: #808080;\">Tu bolsa es mucho m\u00e1s \u00fatil de lo que te imaginas\u2026 !!!\u00a0\u00a0Germina una planta en tu bolsa y cuida al planeta.<\/span><\/p>\n<p><span style=\"color: #808080;\">Es muy f\u00e1cil!!\u2026\u00a0<\/span><strong><span style=\"color: #808080;\">Al regresar de tu evento t<\/span><span style=\"color: #808080;\">oma la bolsa y ll\u00e9nala de tierra abonada y siembra el tag ecol\u00f3gico que est\u00e1 adherido.<\/span><\/strong><\/p>\n<p><span style=\"color: #808080;\">En poco tiempo germinar\u00e1 tu planta!!!\u00a0 La puedes conservar en la bolsa hasta cosechar o\u00a0 trasplantarlo cuando est\u00e9 desarrollado y volver a utilizar la bolsa para otra siembra!!.<\/span><\/p>\n<p><span style=\"color: #808080;\"><span style=\"color: #33cccc;\"><strong>Personalizaci\u00f3n incluida:<\/strong><\/span><\/span><\/p>\n<p><span style=\"color: #808080;\">&#8211; Tu logo a 1 color sobre la bolsa eco<\/span><\/p>\n<p><span style=\"color: #808080;\">&#8211; Tu logo o dise\u00f1o full color en el Tag germinable.<\/span><\/p>\n<p><strong><span style=\"color: #808080;\">Incluye cord\u00f3n natural en yute.\u00a0<\/span><\/strong><\/p>\n<p><span style=\"color: #808080;\"><strong><span style=\"color: #33cccc;\">Material a elecci\u00f3n:<\/span> <\/strong>Tocuyo o TNT\u00a0 \/ Telas no tejidas<\/span><\/p>\n<p><strong><em><span style=\"color: #808080;\">Costo seg\u00fan tama\u00f1o y material final.<\/span><\/em><\/strong><\/p>\n<p>&nbsp;<\/p>\n","protected":false},"featured_media":2188,"comment_status":"open","ping_status":"closed","template":"","meta":[],"product_brand":[],"product_cat":[150,149,9],"product_tag":[224,223,227,226,288,289,316,317,165,169,318,319,320,321,281,270,225],"class_list":{"0":"post-1792","1":"product","2":"type-product","3":"status-publish","4":"has-post-thumbnail","6":"product_cat-productos-ecologicos-eventos","7":"product_cat-empaques-ecologicos-germinables","8":"product_cat-promocionales-ecologicos","9":"product_tag-bolsaseco","10":"product_tag-bolsasecologicas","11":"product_tag-bolsatocuyo","12":"product_tag-bolsosecologicos","13":"product_tag-eco-regalos","14":"product_tag-ecoregalos","15":"product_tag-huertas","16":"product_tag-kits-de-siembra","17":"product_tag-merchandising","18":"product_tag-regalos","19":"product_tag-regalos-ecologicos","20":"product_tag-regalos-ecologicos-corporativos","21":"product_tag-regalos-especiales","22":"product_tag-regalos-navidad","23":"product_tag-regalos-corporativos","24":"product_tag-regalos-personalizados","25":"product_tag-tocuyo","27":"first","28":"instock","29":"taxable","30":"shipping-taxable","31":"product-type-simple"},"_links":{"self":[{"href":"https:\/\/eco-regalos.com\/movilpe\/wp-json\/wp\/v2\/product\/1792","targetHints":{"allow":["GET"]}}],"collection":[{"href":"https:\/\/eco-regalos.com\/movilpe\/wp-json\/wp\/v2\/product"}],"about":[{"href":"https:\/\/eco-regalos.com\/movilpe\/wp-json\/wp\/v2\/types\/product"}],"replies":[{"embeddable":true,"href":"https:\/\/eco-regalos.com\/movilpe\/wp-json\/wp\/v2\/comments?post=1792"}],"wp:featuredmedia":[{"embeddable":true,"href":"https:\/\/eco-regalos.com\/movilpe\/wp-json\/wp\/v2\/media\/2188"}],"wp:attachment":[{"href":"https:\/\/eco-regalos.com\/movilpe\/wp-json\/wp\/v2\/media?parent=1792"}],"wp:term":[{"taxonomy":"product_brand","embeddable":true,"href":"https:\/\/eco-regalos.com\/movilpe\/wp-json\/wp\/v2\/product_brand?post=1792"},{"taxonomy":"product_cat","embeddable":true,"href":"https:\/\/eco-regalos.com\/movilpe\/wp-json\/wp\/v2\/product_cat?post=1792"},{"taxonomy":"product_tag","embeddable":true,"href":"https:\/\/eco-regalos.com\/movilpe\/wp-json\/wp\/v2\/product_tag?post=1792"}],"curies":[{"name":"wp","href":"https:\/\/api.w.org\/{rel}","templated":true}]}}