{"id":1799,"date":"2022-03-29T21:39:43","date_gmt":"2022-03-30T02:39:43","guid":{"rendered":"http:\/\/eco-regalos.com\/movilpe\/?post_type=product&#038;p=1799"},"modified":"2024-12-05T15:28:23","modified_gmt":"2024-12-05T20:28:23","slug":"354","status":"publish","type":"product","link":"https:\/\/eco-regalos.com\/movilpe\/producto\/354\/","title":{"rendered":"L\u00e1piz Semilla Plantable <br><font size=\"2\"> Cantidad min\u00edma: 50 Unidades <\/font>"},"content":{"rendered":"<p><span style=\"color: #808080;\">*Opci\u00f3n tajado o sin tajar (Consultar disponibilidad antes de la compra)<\/span><\/p>\n<p><span style=\"color: #808080;\">*Opci\u00f3n de elecci\u00f3n del color del compartimento (desde 3000 unidades)<\/span><\/p>\n<p><span style=\"color: #808080;\">* Opci\u00f3n de personalizaci\u00f3n adicional.\u00a0 <a style=\"color: #808080;\" href=\"https:\/\/eco-regalos.com\/movilpe\/categoria-producto\/lapiz_semilla\/\" target=\"_blank\" rel=\"noopener\">Ver aqui<\/a><\/span><\/p>\n<p><span style=\"color: #808080;\">*Porta l\u00e1piz desde 500 unidades en adelante.\u00a0 Cantidades menores disponible sin porta l\u00e1piz y sin personalizaci\u00f3n.\u00a0<\/span><\/p>\n","protected":false},"excerpt":{"rendered":"<p><span style=\"color: #808080;\"><b>L\u00c1PIZ QUE DA VIDA!\u00a0<\/b>Contiene SEMILLAS\u00a0y al sembrarlos se convierten en lindas plantas\u00a0<\/span><\/p>\n<p><span style=\"color: #808080;\">Cuando el l\u00e1piz acaba su vida \u00fatil y se pone peque\u00f1o,\u00a0<strong>lo sembramos <\/strong>en una maceta\u00a0o jard\u00edn para ver crecer unas hermosas plantas, que pueden ser <strong>lindas flores, hermosos \u00e1rboles o deliciosos vegetales.<\/strong><\/span><\/p>\n<p><span style=\"color: #008080;\"><strong><em>Un promocional muy original, con sentido ecol\u00f3gico y que aporta oxigeno al planeta.<\/em><\/strong><\/span><\/p>\n<p style=\"padding-left: 30px;\"><strong><span style=\"color: #008080;\">Semillas disponibles:<\/span>\u00a0\u00a0<\/strong><span style=\"color: #0000ff;\"><a style=\"color: #0000ff;\" href=\"https:\/\/eco-regalos.com\/movilpe\/semillas-de-temporada\/\" target=\"_blank\" rel=\"noopener\">Ver lista de especies de temporada<\/a><\/span><\/p>\n<p><span style=\"color: #808080;\">*Color del l\u00e1piz sujeto a disponibilidad de inventario. Por favor especif\u00edquelo antes de realizar la compra.<\/span><\/p>\n<p><em><span style=\"color: #808080;\"><span style=\"color: #808080;\">A continuaci\u00f3n selecciona la cantidad de tu inter\u00e9s para conocer su costo.\u00a0<\/span><\/span><\/em><\/p>\n","protected":false},"featured_media":2197,"comment_status":"open","ping_status":"closed","template":"","meta":[],"product_brand":[],"product_cat":[127,150,9,547],"product_tag":[278,174,265,275,331,282,288,262,263,289,164,274,161,299,306,166,325,175,295,313,314,297,296,209,310,311,312,309,234,233,544,300,160,171,301,200,290,165,267,162,277,291,286,285,261,284,260,307,269,305,304,298,280,168,303,302,169,281,294,308,293,292,270,273,272,283,279,259,287,276,271],"class_list":{"0":"post-1799","1":"product","2":"type-product","3":"status-publish","4":"has-post-thumbnail","6":"product_cat-ecologicos-oficina","7":"product_cat-productos-ecologicos-eventos","8":"product_cat-promocionales-ecologicos","9":"product_cat-lapiz_semilla","10":"product_tag-biodegradable","11":"product_tag-bonsai","12":"product_tag-degradables","13":"product_tag-eco-tarjetas-plantables","14":"product_tag-eco-lapiz","15":"product_tag-eco-papel","16":"product_tag-eco-regalos","17":"product_tag-ecologicos","18":"product_tag-ecologicos-peru","19":"product_tag-ecoregalos","20":"product_tag-tags","21":"product_tag-etiquetas-ecologicas","22":"product_tag-flores","23":"product_tag-flores-regalo","24":"product_tag-flores-y-maceta","25":"product_tag-germinables","26":"product_tag-germinables-publicitarios","27":"product_tag-huertas-y-aromaticas","28":"product_tag-kit-de-siembra","29":"product_tag-kit-huerta","30":"product_tag-kit-huertos","31":"product_tag-kits-eco","32":"product_tag-kits-ecologicos","33":"product_tag-lapicero-ecologico","34":"product_tag-lapicero-con-semilla","35":"product_tag-lapicero-plantable","36":"product_tag-lapicero-semilla","37":"product_tag-lapiz-con-semilla","38":"product_tag-lapiz-plantable","39":"product_tag-lapiz-semilla","40":"product_tag-lapiz-semilla-peru","41":"product_tag-maceta-ecologica","42":"product_tag-macetas","43":"product_tag-macetero","44":"product_tag-maceteros-ecologicos","45":"product_tag-merch","46":"product_tag-merch-ecologico","47":"product_tag-merchandising","48":"product_tag-merchandising-ecologico","49":"product_tag-huertos","50":"product_tag-papel-con-semillas","51":"product_tag-papel-con-semillas-imprimir","52":"product_tag-papel-eco","53":"product_tag-papel-ecologico","54":"product_tag-papel-plantable","55":"product_tag-papel-sembrable","56":"product_tag-papel-semilla","57":"product_tag-papel-y-semilla","58":"product_tag-personalizados","59":"product_tag-planta-con-mensaje","60":"product_tag-planta-magica","61":"product_tag-plantas","62":"product_tag-productos-ecologicos","63":"product_tag-promocionales","64":"product_tag-regalar-plantas","65":"product_tag-regalar-semillas","66":"product_tag-regalos","67":"product_tag-regalos-corporativos","68":"product_tag-regalos-empresas","69":"product_tag-regalos-germinables","70":"product_tag-regalos-novedosos","71":"product_tag-regalos-originales","72":"product_tag-regalos-personalizados","73":"product_tag-regalos-sustentables","74":"product_tag-semillas","75":"product_tag-siembra-papel","76":"product_tag-sustentables","77":"product_tag-tarjetas-ecologicas","78":"product_tag-tarjetas-personalizadas","79":"product_tag-tarjetas-sembrables","80":"product_tag-tarjetas-semilla","82":"first","83":"instock","84":"sale","85":"taxable","86":"shipping-taxable","87":"purchasable","88":"product-type-variable","89":"has-default-attributes"},"_links":{"self":[{"href":"https:\/\/eco-regalos.com\/movilpe\/wp-json\/wp\/v2\/product\/1799","targetHints":{"allow":["GET"]}}],"collection":[{"href":"https:\/\/eco-regalos.com\/movilpe\/wp-json\/wp\/v2\/product"}],"about":[{"href":"https:\/\/eco-regalos.com\/movilpe\/wp-json\/wp\/v2\/types\/product"}],"replies":[{"embeddable":true,"href":"https:\/\/eco-regalos.com\/movilpe\/wp-json\/wp\/v2\/comments?post=1799"}],"wp:featuredmedia":[{"embeddable":true,"href":"https:\/\/eco-regalos.com\/movilpe\/wp-json\/wp\/v2\/media\/2197"}],"wp:attachment":[{"href":"https:\/\/eco-regalos.com\/movilpe\/wp-json\/wp\/v2\/media?parent=1799"}],"wp:term":[{"taxonomy":"product_brand","embeddable":true,"href":"https:\/\/eco-regalos.com\/movilpe\/wp-json\/wp\/v2\/product_brand?post=1799"},{"taxonomy":"product_cat","embeddable":true,"href":"https:\/\/eco-regalos.com\/movilpe\/wp-json\/wp\/v2\/product_cat?post=1799"},{"taxonomy":"product_tag","embeddable":true,"href":"https:\/\/eco-regalos.com\/movilpe\/wp-json\/wp\/v2\/product_tag?post=1799"}],"curies":[{"name":"wp","href":"https:\/\/api.w.org\/{rel}","templated":true}]}}