{"id":2008,"date":"2019-11-06T18:14:49","date_gmt":"2019-11-06T23:14:49","guid":{"rendered":"http:\/\/eco-regalos.com\/movilpe\/?post_type=product&#038;p=2008"},"modified":"2023-04-11T10:10:40","modified_gmt":"2023-04-11T15:10:40","slug":"429","status":"publish","type":"product","link":"https:\/\/eco-regalos.com\/movilpe\/producto\/429\/","title":{"rendered":"Bonsai Aj\u00ed Natural en Yute<br><font size=\"2\"> Cantidad min\u00edma: 500 Unidades <\/font>"},"content":{"rendered":"<p><span style=\"color: #808080;\">Solicita plantilla de dise\u00f1o para la elaboraci\u00f3n del arte.<\/span><\/p>\n<p><strong><span style=\"color: #808080;\">La especie, el color y la cantidad de frutos depender\u00e1 de la temporada.<\/span><\/strong><\/p>\n<p><span style=\"color: #808080;\">Consulta disponibilidad en stock<\/span><\/p>\n","protected":false},"excerpt":{"rendered":"<p><span style=\"color: #808080;\">Hermoso bonsai de aj\u00ed amarillo o limo acompa\u00f1ado de una bolsa ecol\u00f3gica de yute.\u00a0<\/span><\/p>\n<p><span style=\"color: #33cccc;\"><strong>Personalizaci\u00f3n inclu\u00edda:\u00a0<\/strong><\/span><\/p>\n<p><span style=\"color: #808080;\">&#8211; Tu logo o dise\u00f1o full color en el Tag Ecol\u00f3gico (Tira)<\/span><\/p>\n<p><span style=\"color: #808080;\"><strong><span style=\"color: #33cccc;\">Medidas:<\/span><\/strong><\/span><\/p>\n<p><span style=\"color: #808080;\"><strong>Tama\u00f1o Bonsai aj\u00ed<\/strong>: Entre 8 a 15 cm\u00a0<\/span><\/p>\n<p><span style=\"color: #808080;\"><strong>Tama\u00f1o Tag ecol\u00f3gico:<\/strong> 5.0 cm x 5.0 cm<\/span><\/p>\n<p><strong><span style=\"color: #33cccc;\">Personalizaci\u00f3n adicional:\u00a0<\/span><\/strong><\/p>\n<p><span style=\"color: #808080;\">Medall\u00f3n de madera con tu logo a un color<\/span><\/p>\n","protected":false},"featured_media":2306,"comment_status":"open","ping_status":"closed","template":"","meta":[],"product_brand":[],"product_cat":[126,31],"product_tag":[278,174,265,262,263,161,299,306,166,175,295,313,314,297,296,309,234,233,300,160,171,301,200,290,165,267,162,277,285,261,269,305,304,298,280,168,303,302,169,281,294,308,293,292,270,273,272,279,259],"class_list":{"0":"post-2008","1":"product","2":"type-product","3":"status-publish","4":"has-post-thumbnail","6":"product_cat-regalos-navidad","7":"product_cat-plantas-para-regalar","8":"product_tag-biodegradable","9":"product_tag-bonsai","10":"product_tag-degradables","11":"product_tag-ecologicos","12":"product_tag-ecologicos-peru","13":"product_tag-flores","14":"product_tag-flores-regalo","15":"product_tag-flores-y-maceta","16":"product_tag-germinables","17":"product_tag-huertas-y-aromaticas","18":"product_tag-kit-de-siembra","19":"product_tag-kit-huerta","20":"product_tag-kit-huertos","21":"product_tag-kits-eco","22":"product_tag-kits-ecologicos","23":"product_tag-lapiz-con-semilla","24":"product_tag-lapiz-plantable","25":"product_tag-lapiz-semilla","26":"product_tag-maceta-ecologica","27":"product_tag-macetas","28":"product_tag-macetero","29":"product_tag-maceteros-ecologicos","30":"product_tag-merch","31":"product_tag-merch-ecologico","32":"product_tag-merchandising","33":"product_tag-merchandising-ecologico","34":"product_tag-huertos","35":"product_tag-papel-con-semillas","36":"product_tag-papel-ecologico","37":"product_tag-papel-plantable","38":"product_tag-personalizados","39":"product_tag-planta-con-mensaje","40":"product_tag-planta-magica","41":"product_tag-plantas","42":"product_tag-productos-ecologicos","43":"product_tag-promocionales","44":"product_tag-regalar-plantas","45":"product_tag-regalar-semillas","46":"product_tag-regalos","47":"product_tag-regalos-corporativos","48":"product_tag-regalos-empresas","49":"product_tag-regalos-germinables","50":"product_tag-regalos-novedosos","51":"product_tag-regalos-originales","52":"product_tag-regalos-personalizados","53":"product_tag-regalos-sustentables","54":"product_tag-semillas","55":"product_tag-sustentables","56":"product_tag-tarjetas-ecologicas","58":"first","59":"instock","60":"taxable","61":"shipping-taxable","62":"purchasable","63":"product-type-simple"},"_links":{"self":[{"href":"https:\/\/eco-regalos.com\/movilpe\/wp-json\/wp\/v2\/product\/2008","targetHints":{"allow":["GET"]}}],"collection":[{"href":"https:\/\/eco-regalos.com\/movilpe\/wp-json\/wp\/v2\/product"}],"about":[{"href":"https:\/\/eco-regalos.com\/movilpe\/wp-json\/wp\/v2\/types\/product"}],"replies":[{"embeddable":true,"href":"https:\/\/eco-regalos.com\/movilpe\/wp-json\/wp\/v2\/comments?post=2008"}],"wp:featuredmedia":[{"embeddable":true,"href":"https:\/\/eco-regalos.com\/movilpe\/wp-json\/wp\/v2\/media\/2306"}],"wp:attachment":[{"href":"https:\/\/eco-regalos.com\/movilpe\/wp-json\/wp\/v2\/media?parent=2008"}],"wp:term":[{"taxonomy":"product_brand","embeddable":true,"href":"https:\/\/eco-regalos.com\/movilpe\/wp-json\/wp\/v2\/product_brand?post=2008"},{"taxonomy":"product_cat","embeddable":true,"href":"https:\/\/eco-regalos.com\/movilpe\/wp-json\/wp\/v2\/product_cat?post=2008"},{"taxonomy":"product_tag","embeddable":true,"href":"https:\/\/eco-regalos.com\/movilpe\/wp-json\/wp\/v2\/product_tag?post=2008"}],"curies":[{"name":"wp","href":"https:\/\/api.w.org\/{rel}","templated":true}]}}