{"id":2028,"date":"2019-11-07T22:48:27","date_gmt":"2019-11-08T03:48:27","guid":{"rendered":"http:\/\/eco-regalos.com\/movilpe\/?post_type=product&#038;p=2028"},"modified":"2023-11-17T10:35:19","modified_gmt":"2023-11-17T15:35:19","slug":"283","status":"publish","type":"product","link":"https:\/\/eco-regalos.com\/movilpe\/producto\/283\/","title":{"rendered":"Colgantes Navide\u00f1os Plantables Paquete x10 <br><font size=\"2\"> Cantidad min\u00edma: 500 Unidades <\/font>"},"content":{"rendered":"<p>Consulte stock.<\/p>\n<p>&nbsp;<\/p>\n","protected":false},"excerpt":{"rendered":"<p><span style=\"color: #808080; font-family: Arial; font-size: medium;\">[xyz-ips snippet=\"solicitarcotizacion\"]<\/span><\/p>\n<p><span style=\"color: #808080; font-family: Arial; font-size: medium;\">Decorativos navide\u00f1os de papel con semillas para sembrar y<\/span><span style=\"color: #808080; font-family: Arial; font-size: medium;\">\u00a0germinar <\/span><span style=\"color: #808080; font-family: Arial; font-size: medium;\">\u00a0arboles y flores.<\/span><\/p>\n<p><strong><span style=\"color: #808080; font-family: Arial; font-size: medium;\">Ideal para decorar eventos, fiestas o el \u00e1rbol\u00a0navide\u00f1o para luego sembrar y cultivar lindos deseos.<\/span><\/strong><\/p>\n<p><span style=\"color: #808080;\"><span style=\"color: #33cccc;\"><span style=\"color: #008080;\"><strong>Incluye<\/strong><\/span>:<\/span>\u00a0<\/span><\/p>\n<p><span style=\"color: #808080;\">&#8211; Paquete x 10 Colgantes Decorativos plantables\u00a0<\/span><\/p>\n<p><span style=\"color: #33cccc;\"><b><span style=\"color: #008080;\">Solicite el cat\u00e1logo de formas, tama\u00f1os, dise\u00f1os y colores disponibles<\/span> <\/b><\/span><\/p>\n<p><span style=\"color: #008080;\"><strong>Personalizaci\u00f3n incluida:<\/strong><\/span><\/p>\n<p><span style=\"color: #808080;\">&#8211; Tu logo full color en los decorativos plantables<\/span><\/p>\n<p><span style=\"color: #008080;\"><strong>Personalizaci\u00f3n Adicional:<\/strong><\/span><\/p>\n<p><span style=\"color: #808080;\">&#8211; Tu marca Full color en la etiqueta del paquete x 10 unids<\/span><\/p>\n","protected":false},"featured_media":2329,"comment_status":"open","ping_status":"closed","template":"","meta":[],"product_brand":[],"product_cat":[150,126,11],"product_tag":[278,388,237,389,265,275,282,288,167,262,263,289,164,274,200,290,165,267,238,277,291,286,285,261,284,260,269,280,281,294,293,292,270,273,272,283,279,259,287,276,271],"class_list":{"0":"post-2028","1":"product","2":"type-product","3":"status-publish","4":"has-post-thumbnail","6":"product_cat-productos-ecologicos-eventos","7":"product_cat-regalos-navidad","8":"product_cat-tarjetas-ecologicas-plantable","9":"product_tag-biodegradable","10":"product_tag-colgates-navidenos","11":"product_tag-decoracion","12":"product_tag-decorativos-navidenos","13":"product_tag-degradables","14":"product_tag-eco-tarjetas-plantables","15":"product_tag-eco-papel","16":"product_tag-eco-regalos","17":"product_tag-ecologico","18":"product_tag-ecologicos","19":"product_tag-ecologicos-peru","20":"product_tag-ecoregalos","21":"product_tag-tags","22":"product_tag-etiquetas-ecologicas","23":"product_tag-merch","24":"product_tag-merch-ecologico","25":"product_tag-merchandising","26":"product_tag-merchandising-ecologico","27":"product_tag-navidena","28":"product_tag-papel-con-semillas","29":"product_tag-papel-con-semillas-imprimir","30":"product_tag-papel-eco","31":"product_tag-papel-ecologico","32":"product_tag-papel-plantable","33":"product_tag-papel-sembrable","34":"product_tag-papel-semilla","35":"product_tag-personalizados","36":"product_tag-productos-ecologicos","37":"product_tag-regalos-corporativos","38":"product_tag-regalos-empresas","39":"product_tag-regalos-novedosos","40":"product_tag-regalos-originales","41":"product_tag-regalos-personalizados","42":"product_tag-regalos-sustentables","43":"product_tag-semillas","44":"product_tag-siembra-papel","45":"product_tag-sustentables","46":"product_tag-tarjetas-ecologicas","47":"product_tag-tarjetas-personalizadas","48":"product_tag-tarjetas-sembrables","49":"product_tag-tarjetas-semilla","51":"first","52":"instock","53":"taxable","54":"shipping-taxable","55":"purchasable","56":"product-type-simple"},"_links":{"self":[{"href":"https:\/\/eco-regalos.com\/movilpe\/wp-json\/wp\/v2\/product\/2028","targetHints":{"allow":["GET"]}}],"collection":[{"href":"https:\/\/eco-regalos.com\/movilpe\/wp-json\/wp\/v2\/product"}],"about":[{"href":"https:\/\/eco-regalos.com\/movilpe\/wp-json\/wp\/v2\/types\/product"}],"replies":[{"embeddable":true,"href":"https:\/\/eco-regalos.com\/movilpe\/wp-json\/wp\/v2\/comments?post=2028"}],"wp:featuredmedia":[{"embeddable":true,"href":"https:\/\/eco-regalos.com\/movilpe\/wp-json\/wp\/v2\/media\/2329"}],"wp:attachment":[{"href":"https:\/\/eco-regalos.com\/movilpe\/wp-json\/wp\/v2\/media?parent=2028"}],"wp:term":[{"taxonomy":"product_brand","embeddable":true,"href":"https:\/\/eco-regalos.com\/movilpe\/wp-json\/wp\/v2\/product_brand?post=2028"},{"taxonomy":"product_cat","embeddable":true,"href":"https:\/\/eco-regalos.com\/movilpe\/wp-json\/wp\/v2\/product_cat?post=2028"},{"taxonomy":"product_tag","embeddable":true,"href":"https:\/\/eco-regalos.com\/movilpe\/wp-json\/wp\/v2\/product_tag?post=2028"}],"curies":[{"name":"wp","href":"https:\/\/api.w.org\/{rel}","templated":true}]}}