{"id":2069,"date":"2019-11-08T18:52:45","date_gmt":"2019-11-08T23:52:45","guid":{"rendered":"http:\/\/eco-regalos.com\/movilpe\/?post_type=product&#038;p=2069"},"modified":"2023-09-12T20:56:02","modified_gmt":"2023-09-13T01:56:02","slug":"402","status":"publish","type":"product","link":"https:\/\/eco-regalos.com\/movilpe\/producto\/402\/","title":{"rendered":"Kit Siembra un \u00c1rbol en Macetero Degradable <br><font size=\"2\"> Cantidad min\u00edma: 500 Unidades <\/font>"},"content":{"rendered":"<p><em><span style=\"color: #808080;\">Solicita la plantilla de dise\u00f1o para elaborar el arte con tu marca, dise\u00f1o o evento.<\/span><\/em><\/p>\n<p><strong>Consulte disponibilidad o stock<\/strong><\/p>\n<p>&nbsp;<\/p>\n","protected":false},"excerpt":{"rendered":"[xyz-ips snippet=\"solicitarcotizacion\"]\n<p><span style=\"color: #808080;\"><b>Kit para sembrar un \u00e1rbol, que puede ser un lindo bons\u00e1i o crecer en un jard\u00edn o bosque.<\/b><\/span><\/p>\n<p><span style=\"color: #33cccc;\"><strong>Solo agregas agua\u00a0 para que tu \u00e1rbol comience a germinar.\u00a0<\/strong><\/span><\/p>\n<p><span style=\"color: #808080;\">El macetero es la aleaci\u00f3n de varios minerales. \u00a0En su proceso de degradaci\u00f3n los minerales vuelven a la naturaleza y se convierten en nutrientes para la planta.<\/span><\/p>\n<p style=\"text-align: left;\"><span style=\"color: #33cccc;\"><strong style=\"color: #33cccc;\">El macetero e<\/strong><b style=\"color: #33cccc;\">s 100% <\/b><span style=\"color: #33cccc;\"><b>ecol\u00f3gico<\/b><\/span><b style=\"color: #33cccc;\">\u00a0y degradable. <\/b><span style=\"color: #33cccc;\"><em>(No es reciclado)<\/em><\/span><\/span><\/p>\n<p><span style=\"color: #808080;\"><b>Un eco regalo que aporta ox\u00edgeno al planeta.<\/b><\/span><\/p>\n<p><strong><span style=\"color: #33cccc;\">Personalizaci\u00f3n incluida:<\/span><\/strong><\/p>\n<p><span style=\"color: #808080;\">&#8211; Tu dise\u00f1o o marca<strong> full color<\/strong> en la etiqueta ecol\u00f3gica al rededor de la ecolata macetero degradable.<\/span><\/p>\n<p style=\"text-align: left;\"><span style=\"color: #808080;\"><em>Podemos incluir el CALENDARIO 2020 EN LA etiqueta CON TU LOGO<\/em><\/span><\/p>\n<p><strong><span style=\"color: #33cccc;\">Tama\u00f1o: <\/span><\/strong><span style=\"color: #33cccc;\"><span style=\"color: #808080;\">6.2 cm x 6.2 cm\u00a0<\/span><\/span><\/p>\n<p><span style=\"color: #808080;\"><em>El macetero se entrega totalmente sellado, esto garantiza la conservaci\u00f3n y germinaci\u00f3n de la semilla.<\/em><\/span><\/p>\n<p><span style=\"color: #808080;\">Sistema abre f\u00e1cil, adicional.<\/span><\/p>\n<p>&nbsp;<\/p>\n","protected":false},"featured_media":2339,"comment_status":"open","ping_status":"closed","template":"","meta":[],"product_brand":[],"product_cat":[127,128,150,9,548,151,126],"product_tag":[278,174,265,275,282,288,262,263,289,164,274,161,299,306,166,175,295,313,314,297,296,209,310,311,312,309,234,233,300,160,171,301,200,290,165,267,162,277,291,286,285,261,284,260,307,269,305,304,298,280,168,303,302,169,281,294,308,293,292,270,273,272,283,279,259,287,276,271],"class_list":{"0":"post-2069","1":"product","2":"type-product","3":"status-publish","4":"has-post-thumbnail","6":"product_cat-ecologicos-oficina","7":"product_cat-calendarios","8":"product_cat-productos-ecologicos-eventos","9":"product_cat-promocionales-ecologicos","10":"product_cat-kits_siembre_eco","11":"product_cat-macetas-ecologicas","12":"product_cat-regalos-navidad","13":"product_tag-biodegradable","14":"product_tag-bonsai","15":"product_tag-degradables","16":"product_tag-eco-tarjetas-plantables","17":"product_tag-eco-papel","18":"product_tag-eco-regalos","19":"product_tag-ecologicos","20":"product_tag-ecologicos-peru","21":"product_tag-ecoregalos","22":"product_tag-tags","23":"product_tag-etiquetas-ecologicas","24":"product_tag-flores","25":"product_tag-flores-regalo","26":"product_tag-flores-y-maceta","27":"product_tag-germinables","28":"product_tag-huertas-y-aromaticas","29":"product_tag-kit-de-siembra","30":"product_tag-kit-huerta","31":"product_tag-kit-huertos","32":"product_tag-kits-eco","33":"product_tag-kits-ecologicos","34":"product_tag-lapicero-ecologico","35":"product_tag-lapicero-con-semilla","36":"product_tag-lapicero-plantable","37":"product_tag-lapicero-semilla","38":"product_tag-lapiz-con-semilla","39":"product_tag-lapiz-plantable","40":"product_tag-lapiz-semilla","41":"product_tag-maceta-ecologica","42":"product_tag-macetas","43":"product_tag-macetero","44":"product_tag-maceteros-ecologicos","45":"product_tag-merch","46":"product_tag-merch-ecologico","47":"product_tag-merchandising","48":"product_tag-merchandising-ecologico","49":"product_tag-huertos","50":"product_tag-papel-con-semillas","51":"product_tag-papel-con-semillas-imprimir","52":"product_tag-papel-eco","53":"product_tag-papel-ecologico","54":"product_tag-papel-plantable","55":"product_tag-papel-sembrable","56":"product_tag-papel-semilla","57":"product_tag-papel-y-semilla","58":"product_tag-personalizados","59":"product_tag-planta-con-mensaje","60":"product_tag-planta-magica","61":"product_tag-plantas","62":"product_tag-productos-ecologicos","63":"product_tag-promocionales","64":"product_tag-regalar-plantas","65":"product_tag-regalar-semillas","66":"product_tag-regalos","67":"product_tag-regalos-corporativos","68":"product_tag-regalos-empresas","69":"product_tag-regalos-germinables","70":"product_tag-regalos-novedosos","71":"product_tag-regalos-originales","72":"product_tag-regalos-personalizados","73":"product_tag-regalos-sustentables","74":"product_tag-semillas","75":"product_tag-siembra-papel","76":"product_tag-sustentables","77":"product_tag-tarjetas-ecologicas","78":"product_tag-tarjetas-personalizadas","79":"product_tag-tarjetas-sembrables","80":"product_tag-tarjetas-semilla","82":"first","83":"instock","84":"taxable","85":"shipping-taxable","86":"purchasable","87":"product-type-simple"},"_links":{"self":[{"href":"https:\/\/eco-regalos.com\/movilpe\/wp-json\/wp\/v2\/product\/2069","targetHints":{"allow":["GET"]}}],"collection":[{"href":"https:\/\/eco-regalos.com\/movilpe\/wp-json\/wp\/v2\/product"}],"about":[{"href":"https:\/\/eco-regalos.com\/movilpe\/wp-json\/wp\/v2\/types\/product"}],"replies":[{"embeddable":true,"href":"https:\/\/eco-regalos.com\/movilpe\/wp-json\/wp\/v2\/comments?post=2069"}],"wp:featuredmedia":[{"embeddable":true,"href":"https:\/\/eco-regalos.com\/movilpe\/wp-json\/wp\/v2\/media\/2339"}],"wp:attachment":[{"href":"https:\/\/eco-regalos.com\/movilpe\/wp-json\/wp\/v2\/media?parent=2069"}],"wp:term":[{"taxonomy":"product_brand","embeddable":true,"href":"https:\/\/eco-regalos.com\/movilpe\/wp-json\/wp\/v2\/product_brand?post=2069"},{"taxonomy":"product_cat","embeddable":true,"href":"https:\/\/eco-regalos.com\/movilpe\/wp-json\/wp\/v2\/product_cat?post=2069"},{"taxonomy":"product_tag","embeddable":true,"href":"https:\/\/eco-regalos.com\/movilpe\/wp-json\/wp\/v2\/product_tag?post=2069"}],"curies":[{"name":"wp","href":"https:\/\/api.w.org\/{rel}","templated":true}]}}