{"id":2300,"date":"2020-06-09T21:51:20","date_gmt":"2020-06-10T02:51:20","guid":{"rendered":"http:\/\/eco-regalos.com\/movilpe\/?post_type=product&#038;p=2300"},"modified":"2023-09-12T17:58:14","modified_gmt":"2023-09-12T22:58:14","slug":"457","status":"publish","type":"product","link":"https:\/\/eco-regalos.com\/movilpe\/producto\/457\/","title":{"rendered":"Bandeja Germinable para Desayunos"},"content":{"rendered":"<p><span style=\"color: #808080;\"><strong>Cantidad M\u00ednima de venta:\u00a0<\/strong>\u00a01000 unidades<\/span><\/p>\n<p><span style=\"color: #808080;\"><em>Consultar disponibilidad.<\/em><\/span><\/p>\n","protected":false},"excerpt":{"rendered":"<p><span style=\"color: #808080;\">[xyz-ips snippet=\"solicitarcotizacion\"]<\/span><\/p>\n<p><span style=\"color: #808080;\">Bandeja\u00a0<strong>GERMINABLE<\/strong>\u00a0para entrega de desayunos a domicilio y otros.<\/span><\/p>\n<p><span style=\"color: #808080;\">La bandeja luego de utilizarla se convierte en una caja macetera germinadora gracias a su fondo germinable que contiene semillas.<\/span><\/p>\n<p><span style=\"color: #808080;\">Solo debes agregar agua y tierra y comienzan a germinar las plantas<\/span><\/p>\n<p><span style=\"color: #808080;\">Con el desayuno est\u00e1s regalando una huerta o un bosque de bons\u00e1i ademas de una linda e inolvidable experiencia que perdurar\u00e1 en el tiempo.<\/span><\/p>\n<p><span style=\"color: #808080;\">Despu\u00e9s de disfrutar de un rico desayuno\u2026.A SEMBRAR !!<\/span><\/p>\n<p><span style=\"color: #33cccc;\"><strong>Personalizaci\u00f3n adicional:<\/strong><\/span><\/p>\n<p><span style=\"color: #808080;\">Tu logo en la base de la bandeja.<\/span><\/p>\n<p><strong><span style=\"color: #33cccc;\">Medidas:<\/span><\/strong><\/p>\n<p><span style=\"color: #808080;\">22 cm\u00a0 x\u00a0 16 cm x 6 cm.<\/span><\/p>\n<p><strong><span style=\"color: #33cccc;\">Otros tama\u00f1os disponibles:<\/span><\/strong><\/p>\n<p><span style=\"color: #808080;\">Grande: 32 cm\u00a0 x\u00a0 22 cm x 9 cm. <a href=\"https:\/\/eco-regalos.com\/movilpe_old_old\/producto\/459\/\" target=\"_blank\" rel=\"noopener\"><strong>Ver aqu\u00ed<\/strong><\/a><\/span><\/p>\n<p><span style=\"color: #808080;\"><strong>Disponible tambi\u00e9n bandeja, NO germinable<\/strong><\/span><\/p>\n<form class=\"cart\" action=\"http:\/\/www.ecopromocionales.com\/movil\/producto\/363\" enctype=\"multipart\/form-data\" method=\"post\">\n<div class=\"quantity\"><span style=\"color: #808080;\">Este producto es elaborado con un sustrato de Germinaci\u00f3n. Garantizamos 100% su germinaci\u00f3n.<\/span><\/div>\n<\/form>\n","protected":false},"featured_media":2302,"comment_status":"open","ping_status":"closed","template":"","meta":[],"product_brand":[],"product_cat":[149,126],"product_tag":[371,370,372,393,394,373,392,173,374,240],"class_list":{"0":"post-2300","1":"product","2":"type-product","3":"status-publish","4":"has-post-thumbnail","6":"product_cat-empaques-ecologicos-germinables","7":"product_cat-regalos-navidad","8":"product_tag-bandeja-desayunos","9":"product_tag-bandeja-ecologica","10":"product_tag-caja-para-desayunos","11":"product_tag-cajas","12":"product_tag-cajas-ecologicas","13":"product_tag-empaque-ecologicos","14":"product_tag-empaque-sustentable","15":"product_tag-empaques","16":"product_tag-empaques-desayunos","17":"product_tag-empaques-ecologicos","19":"first","20":"instock","21":"taxable","22":"shipping-taxable","23":"purchasable","24":"product-type-simple"},"_links":{"self":[{"href":"https:\/\/eco-regalos.com\/movilpe\/wp-json\/wp\/v2\/product\/2300","targetHints":{"allow":["GET"]}}],"collection":[{"href":"https:\/\/eco-regalos.com\/movilpe\/wp-json\/wp\/v2\/product"}],"about":[{"href":"https:\/\/eco-regalos.com\/movilpe\/wp-json\/wp\/v2\/types\/product"}],"replies":[{"embeddable":true,"href":"https:\/\/eco-regalos.com\/movilpe\/wp-json\/wp\/v2\/comments?post=2300"}],"wp:featuredmedia":[{"embeddable":true,"href":"https:\/\/eco-regalos.com\/movilpe\/wp-json\/wp\/v2\/media\/2302"}],"wp:attachment":[{"href":"https:\/\/eco-regalos.com\/movilpe\/wp-json\/wp\/v2\/media?parent=2300"}],"wp:term":[{"taxonomy":"product_brand","embeddable":true,"href":"https:\/\/eco-regalos.com\/movilpe\/wp-json\/wp\/v2\/product_brand?post=2300"},{"taxonomy":"product_cat","embeddable":true,"href":"https:\/\/eco-regalos.com\/movilpe\/wp-json\/wp\/v2\/product_cat?post=2300"},{"taxonomy":"product_tag","embeddable":true,"href":"https:\/\/eco-regalos.com\/movilpe\/wp-json\/wp\/v2\/product_tag?post=2300"}],"curies":[{"name":"wp","href":"https:\/\/api.w.org\/{rel}","templated":true}]}}