{"id":2341,"date":"2020-06-15T04:24:09","date_gmt":"2020-06-15T09:24:09","guid":{"rendered":"http:\/\/eco-regalos.com\/movilpe\/?post_type=product&#038;p=2341"},"modified":"2022-11-16T18:51:45","modified_gmt":"2022-11-16T23:51:45","slug":"estuche-ecologico","status":"publish","type":"product","link":"https:\/\/eco-regalos.com\/movilpe\/producto\/estuche-ecologico\/","title":{"rendered":"Estuche Germinable <br><font size=\"2\"> Cantidad min\u00edma: 5000 Unidades <\/font>"},"content":{"rendered":"<p>&nbsp;<\/p>\n<p><strong>Consulte disponibilidad o stock<\/strong><\/p>\n","protected":false},"excerpt":{"rendered":"<p><span style=\"color: #808080;\">[xyz-ips snippet=\"solicitarcotizacion\"]<\/span><\/p>\n<p><span style=\"color: #808080;\">Estuche para empacar tus obsequios, joyas, dulces bisuter\u00eda y regalos peque\u00f1os.<\/span><\/p>\n<p><span style=\"color: #808080;\">El estuche lo siembras y germinan varias plantas.\u00a0 El estuche es tambi\u00e9n un regalo y\u00a0una linda experiencia que va a perdurar en el tiempo.<\/span><\/p>\n<p><span style=\"color: #808080;\">Con este lindo estuche est\u00e1s regalando una huerta, un bosque de bons\u00e1i o un jard\u00edn de flores.<\/span><\/p>\n<p><span style=\"color: #808080;\">Solo agregas tierra y agua y comienzan a germinar tus plantas<\/span><\/p>\n<p><span style=\"color: #808080;\"><em>Tu empaque no es basura.\u00a0 Tu empaque es una planta que aporta ox\u00edgeno.<\/em><\/span><\/p>\n<p><span style=\"color: #33cccc;\"><strong>Colores:<\/strong><\/span><span style=\"color: #808080;\">\u00a0<\/span><em style=\"color: #808080;\">\u00a0Blanco o natural.<\/em><\/p>\n<div class=\"woocommerce-tabs wc-tabs-wrapper\">\n<div id=\"tab-description\" class=\"woocommerce-Tabs-panel woocommerce-Tabs-panel--description panel entry-content wc-tab\" role=\"tabpanel\" aria-labelledby=\"tab-title-description\">\n<p>&nbsp;<\/p>\n<\/div>\n<\/div>\n","protected":false},"featured_media":2342,"comment_status":"open","ping_status":"closed","template":"","meta":[],"product_brand":[],"product_cat":[149],"product_tag":[265,275,282,288,262,263,289,274,200,290,165,267,277,291,286,285,261,284,260,269,280,281,294,293,292,270,273,272,283,279,259,287,276,271],"class_list":{"0":"post-2341","1":"product","2":"type-product","3":"status-publish","4":"has-post-thumbnail","6":"product_cat-empaques-ecologicos-germinables","7":"product_tag-degradables","8":"product_tag-eco-tarjetas-plantables","9":"product_tag-eco-papel","10":"product_tag-eco-regalos","11":"product_tag-ecologicos","12":"product_tag-ecologicos-peru","13":"product_tag-ecoregalos","14":"product_tag-etiquetas-ecologicas","15":"product_tag-merch","16":"product_tag-merch-ecologico","17":"product_tag-merchandising","18":"product_tag-merchandising-ecologico","19":"product_tag-papel-con-semillas","20":"product_tag-papel-con-semillas-imprimir","21":"product_tag-papel-eco","22":"product_tag-papel-ecologico","23":"product_tag-papel-plantable","24":"product_tag-papel-sembrable","25":"product_tag-papel-semilla","26":"product_tag-personalizados","27":"product_tag-productos-ecologicos","28":"product_tag-regalos-corporativos","29":"product_tag-regalos-empresas","30":"product_tag-regalos-novedosos","31":"product_tag-regalos-originales","32":"product_tag-regalos-personalizados","33":"product_tag-regalos-sustentables","34":"product_tag-semillas","35":"product_tag-siembra-papel","36":"product_tag-sustentables","37":"product_tag-tarjetas-ecologicas","38":"product_tag-tarjetas-personalizadas","39":"product_tag-tarjetas-sembrables","40":"product_tag-tarjetas-semilla","42":"first","43":"instock","44":"taxable","45":"shipping-taxable","46":"purchasable","47":"product-type-simple"},"_links":{"self":[{"href":"https:\/\/eco-regalos.com\/movilpe\/wp-json\/wp\/v2\/product\/2341","targetHints":{"allow":["GET"]}}],"collection":[{"href":"https:\/\/eco-regalos.com\/movilpe\/wp-json\/wp\/v2\/product"}],"about":[{"href":"https:\/\/eco-regalos.com\/movilpe\/wp-json\/wp\/v2\/types\/product"}],"replies":[{"embeddable":true,"href":"https:\/\/eco-regalos.com\/movilpe\/wp-json\/wp\/v2\/comments?post=2341"}],"wp:featuredmedia":[{"embeddable":true,"href":"https:\/\/eco-regalos.com\/movilpe\/wp-json\/wp\/v2\/media\/2342"}],"wp:attachment":[{"href":"https:\/\/eco-regalos.com\/movilpe\/wp-json\/wp\/v2\/media?parent=2341"}],"wp:term":[{"taxonomy":"product_brand","embeddable":true,"href":"https:\/\/eco-regalos.com\/movilpe\/wp-json\/wp\/v2\/product_brand?post=2341"},{"taxonomy":"product_cat","embeddable":true,"href":"https:\/\/eco-regalos.com\/movilpe\/wp-json\/wp\/v2\/product_cat?post=2341"},{"taxonomy":"product_tag","embeddable":true,"href":"https:\/\/eco-regalos.com\/movilpe\/wp-json\/wp\/v2\/product_tag?post=2341"}],"curies":[{"name":"wp","href":"https:\/\/api.w.org\/{rel}","templated":true}]}}