{"id":2394,"date":"2020-07-27T16:31:56","date_gmt":"2020-07-27T21:31:56","guid":{"rendered":"http:\/\/eco-regalos.com\/movilpe\/?post_type=product&#038;p=2394"},"modified":"2023-09-06T13:44:32","modified_gmt":"2023-09-06T18:44:32","slug":"464","status":"publish","type":"product","link":"https:\/\/eco-regalos.com\/movilpe\/producto\/464\/","title":{"rendered":"Calendario de Escritorio Plantable Grande<br><font size=\"2\"> Cantidad min\u00edma: 500 Unidades <\/font>"},"content":{"rendered":"<h5><span style=\"color: #808080;\">Elecci\u00f3n de color y modelo de la caja a partir de 5000 unidades.\u00a0<\/span>Cantidades menores a 5.000 unidades sujetas a stock.<\/h5>\n<h5><strong><span style=\"color: #808080;\">Solicita la plantilla de dise\u00f1o para elaborar el arte con tu marca o dise\u00f1o.<\/span><\/strong><\/h5>\n<h5><a href=\"https:\/\/eco-regalos.com\/movilpe_old_old\/wp-content\/uploads\/2021\/02\/Especificaciones-y-recomendaciones-papel-plantable-01.jpg\" target=\"_blank\" rel=\"noopener\"><span style=\"color: #0000ff;\">Ver especificaciones t\u00e9cnicas y recomendaciones de dise\u00f1o dando click aqu\u00ed.<\/span><\/a><\/h5>\n<h5><em><span style=\"color: #808080;\">Este producto es elaborado con papel semilla (Capacidad germinativa: 70<\/span><\/em><span style=\"color: #808080;\">%<\/span><em><span style=\"color: #808080;\"> a 90<\/span><\/em><span style=\"color: #808080;\">%<\/span><em><span style=\"color: #808080;\"> )<\/span><\/em><em><span style=\"color: #808080;\"> Impreso con tintas ecol\u00f3gicas\u00a0a base de soya.<\/span><\/em><\/h5>\n","protected":false},"excerpt":{"rendered":"<p style=\"text-align: left;\"><span style=\"color: #808080;\"><b style=\"color: #808080;\"><strong>[xyz-ips snippet=\"solicitarcotizacion\"]<\/strong><\/b><\/span><\/p>\n<p><span style=\"color: #808080;\">Hermoso\u00a0calendario ecol\u00f3gico de escritorio que se siembra para cultivar hermosas plantas.<\/span><\/p>\n<p><span style=\"color: #808080;\">Contiene las tarjetas sembrables por cada mes y un hermoso empaque\u00a0 y soporte para portar en escritorio.<\/span><\/p>\n<p><span style=\"color: #808080;\">\u00a1Cada mes siembras una nueva planta!\u00a0<\/span><\/p>\n<p><span style=\"color: #808080;\"><em><strong>Cultiva y cosecha un nuevo a\u00f1o lleno de oportunidades.<\/strong><\/em><\/span><\/p>\n<p><span style=\"color: #008080;\"><strong>Personalizaci\u00f3n incluida:<\/strong><\/span><\/p>\n<p><span style=\"color: #808080;\">Tu dise\u00f1o full color en todos los meses.<\/span><\/p>\n<p><span style=\"color: #008080;\"><strong>Tama\u00f1o:\u00a0<\/strong><\/span><\/p>\n<p><span style=\"color: #808080;\">10.5 x 13.5 cm (Cerrado)<\/span><\/p>\n","protected":false},"featured_media":2395,"comment_status":"open","ping_status":"closed","template":"","meta":[],"product_brand":[],"product_cat":[127,128],"product_tag":[324,396,402,399,397,398,403,401,400,159,326,265,275,282,288,262,263,289,164,274,325,200,290,165,267,327,277,291,286,285,261,284,260,269,280,328,281,294,293,292,270,273,272,283,279,323,259,287,276,271],"class_list":{"0":"post-2394","1":"product","2":"type-product","3":"status-publish","4":"has-post-thumbnail","6":"product_cat-ecologicos-oficina","7":"product_cat-calendarios","8":"product_tag-articulos-eco-para-oficina","9":"product_tag-calendario","10":"product_tag-calendario-2020","11":"product_tag-calendario-eco","12":"product_tag-calendario-ecologico","13":"product_tag-calendario-escritorio","14":"product_tag-calendario-personalizado","15":"product_tag-calendario-peru","16":"product_tag-calendario-sustentable","17":"product_tag-calendarios","18":"product_tag-calendarios-ecologicos","19":"product_tag-degradables","20":"product_tag-eco-tarjetas-plantables","21":"product_tag-eco-papel","22":"product_tag-eco-regalos","23":"product_tag-ecologicos","24":"product_tag-ecologicos-peru","25":"product_tag-ecoregalos","26":"product_tag-tags","27":"product_tag-etiquetas-ecologicas","28":"product_tag-germinables-publicitarios","29":"product_tag-merch","30":"product_tag-merch-ecologico","31":"product_tag-merchandising","32":"product_tag-merchandising-ecologico","33":"product_tag-navidad-y-fin-de-ano","34":"product_tag-papel-con-semillas","35":"product_tag-papel-con-semillas-imprimir","36":"product_tag-papel-eco","37":"product_tag-papel-ecologico","38":"product_tag-papel-plantable","39":"product_tag-papel-sembrable","40":"product_tag-papel-semilla","41":"product_tag-personalizados","42":"product_tag-productos-ecologicos","43":"product_tag-promociones-etiquetas-biodegradable","44":"product_tag-regalos-corporativos","45":"product_tag-regalos-empresas","46":"product_tag-regalos-novedosos","47":"product_tag-regalos-originales","48":"product_tag-regalos-personalizados","49":"product_tag-regalos-sustentables","50":"product_tag-semillas","51":"product_tag-siembra-papel","52":"product_tag-sustentables","53":"product_tag-tarjetas-plantables-con-semillas","54":"product_tag-tarjetas-ecologicas","55":"product_tag-tarjetas-personalizadas","56":"product_tag-tarjetas-sembrables","57":"product_tag-tarjetas-semilla","59":"first","60":"instock","61":"taxable","62":"shipping-taxable","63":"purchasable","64":"product-type-simple"},"_links":{"self":[{"href":"https:\/\/eco-regalos.com\/movilpe\/wp-json\/wp\/v2\/product\/2394","targetHints":{"allow":["GET"]}}],"collection":[{"href":"https:\/\/eco-regalos.com\/movilpe\/wp-json\/wp\/v2\/product"}],"about":[{"href":"https:\/\/eco-regalos.com\/movilpe\/wp-json\/wp\/v2\/types\/product"}],"replies":[{"embeddable":true,"href":"https:\/\/eco-regalos.com\/movilpe\/wp-json\/wp\/v2\/comments?post=2394"}],"wp:featuredmedia":[{"embeddable":true,"href":"https:\/\/eco-regalos.com\/movilpe\/wp-json\/wp\/v2\/media\/2395"}],"wp:attachment":[{"href":"https:\/\/eco-regalos.com\/movilpe\/wp-json\/wp\/v2\/media?parent=2394"}],"wp:term":[{"taxonomy":"product_brand","embeddable":true,"href":"https:\/\/eco-regalos.com\/movilpe\/wp-json\/wp\/v2\/product_brand?post=2394"},{"taxonomy":"product_cat","embeddable":true,"href":"https:\/\/eco-regalos.com\/movilpe\/wp-json\/wp\/v2\/product_cat?post=2394"},{"taxonomy":"product_tag","embeddable":true,"href":"https:\/\/eco-regalos.com\/movilpe\/wp-json\/wp\/v2\/product_tag?post=2394"}],"curies":[{"name":"wp","href":"https:\/\/api.w.org\/{rel}","templated":true}]}}