{"id":2609,"date":"2020-08-31T04:17:56","date_gmt":"2020-08-31T09:17:56","guid":{"rendered":"http:\/\/eco-regalos.com\/movilpe\/?post_type=product&#038;p=2609"},"modified":"2022-01-26T20:06:21","modified_gmt":"2022-01-27T01:06:21","slug":"455","status":"publish","type":"product","link":"https:\/\/eco-regalos.com\/movilpe\/producto\/455\/","title":{"rendered":"Tags de Papel Reciclado"},"content":{"rendered":"<h5><span style=\"color: #999999;\"><strong>Solicita la plantilla de dise\u00f1o para elaborar el arte con tu marca o dise\u00f1o.<\/strong><\/span><\/h5>\n<h5><span style=\"color: #0000ff;\"><a style=\"color: #0000ff;\" href=\"https:\/\/eco-regalos.com\/movilpe_old_old\/wp-content\/uploads\/2021\/02\/Especificaciones-y-recomendaciones-papel-plantable-01.jpg\" target=\"_blank\" rel=\"noopener\">Ver especificaciones t\u00e9cnicas y recomendaciones de dise\u00f1o dando click aqu\u00ed.<\/a><\/span><\/h5>\n","protected":false},"excerpt":{"rendered":"<div class=\"gmail_default\"><span style=\"color: #808080;\">Tags ecol\u00f3gicos elaborados en papel 100% reciclado.<\/span><\/div>\n<div><\/div>\n<div><span style=\"color: #808080;\"><strong>Para la elaboraci\u00f3n de estas tarjetas, etiquetas o tags no se cortaron \u00e1rboles, son elaboradas 100% con papel reciclado, restante de las oficinas y de la industria en general.<\/strong><\/span><\/div>\n<p><!--more--><\/p>\n<p><span style=\"color: #808080;\"><span style=\"color: #339966;\"><strong>Personalizaci\u00f3n Incluida:<\/strong>\u00a0<\/span>\u00a0<\/span><span style=\"color: #808080;\">Impresi\u00f3n full color.<\/span><\/p>\n<p><span style=\"color: #339966;\"><strong>Diferentes tama\u00f1os y formas disponibles.<\/strong><\/span><\/p>\n<p><a href=\"https:\/\/eco-regalos.com\/movilpe_old_old\/producto\/tags-ecologicas\/\"><strong><span style=\"color: #0000ff;\">Ver precios y descuentos por volumen aqu\u00ed<\/span><\/strong><\/a><\/p>\n","protected":false},"featured_media":2616,"comment_status":"open","ping_status":"closed","template":"","meta":[],"product_brand":[],"product_cat":[149,126,11],"product_tag":[425],"class_list":{"0":"post-2609","1":"product","2":"type-product","3":"status-publish","4":"has-post-thumbnail","6":"product_cat-empaques-ecologicos-germinables","7":"product_cat-regalos-navidad","8":"product_cat-tarjetas-ecologicas-plantable","9":"product_tag-tags-etiquetas","11":"first","12":"instock","13":"taxable","14":"shipping-taxable","15":"product-type-simple"},"_links":{"self":[{"href":"https:\/\/eco-regalos.com\/movilpe\/wp-json\/wp\/v2\/product\/2609","targetHints":{"allow":["GET"]}}],"collection":[{"href":"https:\/\/eco-regalos.com\/movilpe\/wp-json\/wp\/v2\/product"}],"about":[{"href":"https:\/\/eco-regalos.com\/movilpe\/wp-json\/wp\/v2\/types\/product"}],"replies":[{"embeddable":true,"href":"https:\/\/eco-regalos.com\/movilpe\/wp-json\/wp\/v2\/comments?post=2609"}],"wp:featuredmedia":[{"embeddable":true,"href":"https:\/\/eco-regalos.com\/movilpe\/wp-json\/wp\/v2\/media\/2616"}],"wp:attachment":[{"href":"https:\/\/eco-regalos.com\/movilpe\/wp-json\/wp\/v2\/media?parent=2609"}],"wp:term":[{"taxonomy":"product_brand","embeddable":true,"href":"https:\/\/eco-regalos.com\/movilpe\/wp-json\/wp\/v2\/product_brand?post=2609"},{"taxonomy":"product_cat","embeddable":true,"href":"https:\/\/eco-regalos.com\/movilpe\/wp-json\/wp\/v2\/product_cat?post=2609"},{"taxonomy":"product_tag","embeddable":true,"href":"https:\/\/eco-regalos.com\/movilpe\/wp-json\/wp\/v2\/product_tag?post=2609"}],"curies":[{"name":"wp","href":"https:\/\/api.w.org\/{rel}","templated":true}]}}