{"id":2636,"date":"2020-09-03T01:15:35","date_gmt":"2020-09-03T06:15:35","guid":{"rendered":"http:\/\/eco-regalos.com\/movilpe\/?post_type=product&#038;p=2636"},"modified":"2023-10-03T00:26:17","modified_gmt":"2023-10-03T05:26:17","slug":"470","status":"publish","type":"product","link":"https:\/\/eco-regalos.com\/movilpe\/producto\/470\/","title":{"rendered":"Caja de Regalo Ecol\u00f3gica <br><font size=\"2\"> Cantidad min\u00edma: 200 Unidades <\/font>"},"content":{"rendered":"<h5>Cantidades menores a 5.000 unidades sujetas a stock.<\/h5>\n<h5><strong><span style=\"color: #808080;\">Solicita la plantilla de dise\u00f1o para elaborar el arte con tu marca o dise\u00f1o.<\/span><\/strong><\/h5>\n<h5><a href=\"https:\/\/eco-regalos.com\/movilpe_old_old\/wp-content\/uploads\/2021\/02\/Especificaciones-y-recomendaciones-papel-plantable-01.jpg\" target=\"_blank\" rel=\"noopener\"><span style=\"color: #0000ff;\">Ver especificaciones t\u00e9cnicas y recomendaciones de dise\u00f1o dando click aqu\u00ed.<\/span><\/a><\/h5>\n<h5><\/h5>\n","protected":false},"excerpt":{"rendered":"[xyz-ips snippet=\"solicitarcotizacion\"]\n<p><span style=\"color: #808080;\">Hermosa caja de regalo o empaque elaborada en material ecol\u00f3gico.<\/span><\/p>\n<p><span style=\"color: #808080;\"><b style=\"color: #808080;\">Fabricar tus <\/b><span style=\"color: #808080;\"><b>empaques<\/b><\/span><b style=\"color: #808080;\">\u00a0en materiales ecol\u00f3gicos es una verdadera acci\u00f3n verde que contribuye al cuidado del planeta y reduce tu huella de carbono.<\/b><span style=\"color: #808080;\">\u00a0\u00a0\u00a0<\/span><\/span><\/p>\n<p><strong><span style=\"color: #33cccc;\">Tama\u00f1o:\u00a0<\/span><\/strong><\/p>\n<p><span style=\"color: #808080;\">4.0 cm x 8.5 cm x 8.5 cm.<\/span><\/p>\n<p><strong><span style=\"color: #33cccc;\">Personalizaci\u00f3n incluida:<\/span><\/strong><\/p>\n<p><span style=\"color: #808080;\">&#8211; Tu dise\u00f1o, marca o mensaje <strong>full color<\/strong> en la Caja de regalo ecol\u00f3gica.\u00a0<\/span><\/p>\n<p><em><span style=\"color: #808080;\">No incluye cord\u00f3n en fibra natural.<\/span><\/em><\/p>\n","protected":false},"featured_media":2210,"comment_status":"open","ping_status":"closed","template":"","meta":[],"product_brand":[],"product_cat":[149,126],"product_tag":[278,174,265,275,282,288,262,263,289,164,274,161,299,306,166,175,295,313,314,297,296,209,310,311,312,309,234,233,300,160,171,301,200,290,165,267,162,277,291,286,285,261,284,260,307,269,305,304,298,280,168,303,302,169,281,294,308,293,292,270,273,272,283,279,259,287,276,271],"class_list":{"0":"post-2636","1":"product","2":"type-product","3":"status-publish","4":"has-post-thumbnail","6":"product_cat-empaques-ecologicos-germinables","7":"product_cat-regalos-navidad","8":"product_tag-biodegradable","9":"product_tag-bonsai","10":"product_tag-degradables","11":"product_tag-eco-tarjetas-plantables","12":"product_tag-eco-papel","13":"product_tag-eco-regalos","14":"product_tag-ecologicos","15":"product_tag-ecologicos-peru","16":"product_tag-ecoregalos","17":"product_tag-tags","18":"product_tag-etiquetas-ecologicas","19":"product_tag-flores","20":"product_tag-flores-regalo","21":"product_tag-flores-y-maceta","22":"product_tag-germinables","23":"product_tag-huertas-y-aromaticas","24":"product_tag-kit-de-siembra","25":"product_tag-kit-huerta","26":"product_tag-kit-huertos","27":"product_tag-kits-eco","28":"product_tag-kits-ecologicos","29":"product_tag-lapicero-ecologico","30":"product_tag-lapicero-con-semilla","31":"product_tag-lapicero-plantable","32":"product_tag-lapicero-semilla","33":"product_tag-lapiz-con-semilla","34":"product_tag-lapiz-plantable","35":"product_tag-lapiz-semilla","36":"product_tag-maceta-ecologica","37":"product_tag-macetas","38":"product_tag-macetero","39":"product_tag-maceteros-ecologicos","40":"product_tag-merch","41":"product_tag-merch-ecologico","42":"product_tag-merchandising","43":"product_tag-merchandising-ecologico","44":"product_tag-huertos","45":"product_tag-papel-con-semillas","46":"product_tag-papel-con-semillas-imprimir","47":"product_tag-papel-eco","48":"product_tag-papel-ecologico","49":"product_tag-papel-plantable","50":"product_tag-papel-sembrable","51":"product_tag-papel-semilla","52":"product_tag-papel-y-semilla","53":"product_tag-personalizados","54":"product_tag-planta-con-mensaje","55":"product_tag-planta-magica","56":"product_tag-plantas","57":"product_tag-productos-ecologicos","58":"product_tag-promocionales","59":"product_tag-regalar-plantas","60":"product_tag-regalar-semillas","61":"product_tag-regalos","62":"product_tag-regalos-corporativos","63":"product_tag-regalos-empresas","64":"product_tag-regalos-germinables","65":"product_tag-regalos-novedosos","66":"product_tag-regalos-originales","67":"product_tag-regalos-personalizados","68":"product_tag-regalos-sustentables","69":"product_tag-semillas","70":"product_tag-siembra-papel","71":"product_tag-sustentables","72":"product_tag-tarjetas-ecologicas","73":"product_tag-tarjetas-personalizadas","74":"product_tag-tarjetas-sembrables","75":"product_tag-tarjetas-semilla","77":"first","78":"instock","79":"virtual","80":"taxable","81":"purchasable","82":"product-type-simple"},"_links":{"self":[{"href":"https:\/\/eco-regalos.com\/movilpe\/wp-json\/wp\/v2\/product\/2636","targetHints":{"allow":["GET"]}}],"collection":[{"href":"https:\/\/eco-regalos.com\/movilpe\/wp-json\/wp\/v2\/product"}],"about":[{"href":"https:\/\/eco-regalos.com\/movilpe\/wp-json\/wp\/v2\/types\/product"}],"replies":[{"embeddable":true,"href":"https:\/\/eco-regalos.com\/movilpe\/wp-json\/wp\/v2\/comments?post=2636"}],"wp:featuredmedia":[{"embeddable":true,"href":"https:\/\/eco-regalos.com\/movilpe\/wp-json\/wp\/v2\/media\/2210"}],"wp:attachment":[{"href":"https:\/\/eco-regalos.com\/movilpe\/wp-json\/wp\/v2\/media?parent=2636"}],"wp:term":[{"taxonomy":"product_brand","embeddable":true,"href":"https:\/\/eco-regalos.com\/movilpe\/wp-json\/wp\/v2\/product_brand?post=2636"},{"taxonomy":"product_cat","embeddable":true,"href":"https:\/\/eco-regalos.com\/movilpe\/wp-json\/wp\/v2\/product_cat?post=2636"},{"taxonomy":"product_tag","embeddable":true,"href":"https:\/\/eco-regalos.com\/movilpe\/wp-json\/wp\/v2\/product_tag?post=2636"}],"curies":[{"name":"wp","href":"https:\/\/api.w.org\/{rel}","templated":true}]}}