{"id":3043,"date":"2018-05-09T21:34:35","date_gmt":"2018-05-10T02:34:35","guid":{"rendered":"http:\/\/eco-regalos.com\/movilpe\/?post_type=product&#038;p=3043"},"modified":"2024-07-30T15:35:41","modified_gmt":"2024-07-30T20:35:41","slug":"tarjetas-plantables","status":"publish","type":"product","link":"https:\/\/eco-regalos.com\/movilpe\/producto\/tarjetas-plantables\/","title":{"rendered":"Tarjetas Plantables &#8211; Tama\u00f1os <br><font size=\"2\"> Cantidad min\u00edma: 1000 Unidades <\/font>"},"content":{"rendered":"<h5><strong><span style=\"color: #808080;\">Solicita la plantilla de dise\u00f1o para elaborar el arte con tu marca o dise\u00f1o.<\/span><\/strong><\/h5>\n<h5><a href=\"https:\/\/eco-regalos.com\/movilpe_old_old\/wp-content\/uploads\/2022\/03\/Especificaciones_PAPEL_SEMILLA.jpg\" target=\"_blank\" rel=\"noopener\"><span style=\"color: #0000ff;\">Ver especificaciones t\u00e9cnicas y recomendaciones de dise\u00f1o dando click aqu\u00ed.<\/span><\/a><\/h5>\n<h5><em><span style=\"color: #808080;\">Este producto es elaborado con papel semilla (Capacidad germinativa: 70<\/span><\/em><span style=\"color: #808080;\">%<\/span><em><span style=\"color: #808080;\"> a 90<\/span><\/em><span style=\"color: #808080;\">%<\/span><em><span style=\"color: #808080;\"> )<\/span><\/em><em><span style=\"color: #808080;\">\u00a0<\/span><\/em><\/h5>\n","protected":false},"excerpt":{"rendered":"<p><span style=\"color: #808080;\">Tarjetas\u00a0 plantables elaboradas de papel semilla.\u00a0 <\/span><span style=\"color: #808080;\"><strong>\u00a1Las siembras para germinar\u00a0 flores, arboles o vegetales!<\/strong><\/span><\/p>\n<h5><span style=\"color: #008080;\"><strong>\ud83c\udf31Generan vida.\u00a0\u00a0<\/strong><\/span><span style=\"color: #008080;\"><strong>\u00a0<\/strong><\/span><\/h5>\n<h5><span style=\"color: #008080;\"><strong>\ud83c\udf43Aportan ox\u00edgeno al planeta.\u00a0 <\/strong><\/span><\/h5>\n<h5><span style=\"color: #008080;\"><strong>\u00a0<\/strong><\/span><span style=\"color: #008080;\"><strong>\ud83c\udf0eNo producen basura.\u00a0 \u00a0\u00a0<\/strong><\/span><\/h5>\n<h5><span style=\"color: #008080;\"><strong>\ud83c\udf33Relacionan tu marca con un pensamiento ecol\u00f3gico.<\/strong><\/span><\/h5>\n<p><!--more--><\/p>\n<p><span style=\"color: #008080;\"><strong>Impresi\u00f3n incluida:\u00a0\u00a0<\/strong><\/span><span style=\"color: #808080;\">Tu marca o dise\u00f1o\u00a0<strong>Full color.<\/strong>\u00a0<em>(a partir de 5000 unidades)<\/em><\/span><\/p>\n<h6><span style=\"color: #008080;\"><strong><i>Env\u00edanos<\/i><em>\u00a0tu dise\u00f1o, recuerda reservar un espacio para las instrucciones de siembra.<\/em><\/strong><\/span><\/h6>\n<p><!--more--><\/p>\n<p><span style=\"color: #008080;\"><strong>Semillas disponibles:\u00a0\u00a0<\/strong><\/span><span style=\"color: #0000ff;\"><a style=\"color: #0000ff;\" href=\"https:\/\/eco-regalos.com\/movilpe_old_old\/semillas-de-temporada\/\" target=\"_blank\" rel=\"noopener\">Ver lista de especies de temporada<\/a><\/span><!--more--><\/p>\n<p><span style=\"color: #808080;\"><span style=\"color: #008080;\"><strong>Valor:<\/strong><\/span> Visualiza el valor por tama\u00f1o aqu\u00ed:<\/span><\/p>\n","protected":false},"featured_media":2157,"comment_status":"open","ping_status":"closed","template":"","meta":[],"product_brand":[],"product_cat":[150,9,126,11],"product_tag":[278,282,288,262,263,481,482,170,494,450,453,492,274,499,449,423,504,485,468,473,448,472,471,474,467,475,447,489,466,469,470,501,500,503,200,290,267,484,277,291,286,285,261,496,284,260,280,281,294,293,292,270,273,283,480,479,451,478,464,452,477,465,239,498,488,476,420,502,483,487,457,455,495,486,490,493,259,491,497,456,287,454,276,271],"class_list":{"0":"post-3043","1":"product","2":"type-product","3":"status-publish","4":"has-post-thumbnail","6":"product_cat-productos-ecologicos-eventos","7":"product_cat-promocionales-ecologicos","8":"product_cat-regalos-navidad","9":"product_cat-tarjetas-ecologicas-plantable","10":"product_tag-biodegradable","11":"product_tag-eco-papel","12":"product_tag-eco-regalos","13":"product_tag-ecologicos","14":"product_tag-ecologicos-peru","15":"product_tag-etiqueta-biodegradable","16":"product_tag-etiqueta-papel-semilla","17":"product_tag-etiquetas","18":"product_tag-etiquetas-craft","19":"product_tag-etiquetas-creativas","20":"product_tag-etiquetas-degradable","21":"product_tag-etiquetas-ecofriendly","22":"product_tag-etiquetas-ecologicas","23":"product_tag-etiquetas-papel-reciclado","24":"product_tag-etiquetas-para-ropa","25":"product_tag-etiquetas-plantables","26":"product_tag-etiquetas-semilla","27":"product_tag-hang-tags-creativas","28":"product_tag-hang-tag-degradable","29":"product_tag-hang-tag-papel-semilla","30":"product_tag-hang-tags","31":"product_tag-hang-tags-biodegradable","32":"product_tag-hang-tags-con-semillas","33":"product_tag-hang-tags-craft","34":"product_tag-hang-tags-creativos","35":"product_tag-hang-tags-ecofriendly","36":"product_tag-hang-tags-ecologicos","37":"product_tag-hang-tags-papel-semilla","38":"product_tag-hang-tags-para-ropa","39":"product_tag-hang-tags-plantable","40":"product_tag-hang-tags-sembrables","41":"product_tag-hangtags-papel-eclogico","42":"product_tag-hangtags-papel-reciclado","43":"product_tag-hantags-semilla","44":"product_tag-merch","45":"product_tag-merch-ecologico","46":"product_tag-merchandising-ecologico","47":"product_tag-papel-biodegradable","48":"product_tag-papel-con-semillas","49":"product_tag-papel-con-semillas-imprimir","50":"product_tag-papel-eco","51":"product_tag-papel-ecologico","52":"product_tag-papel-plantable","53":"product_tag-papel-reciclado","54":"product_tag-papel-sembrable","55":"product_tag-papel-semilla","56":"product_tag-productos-ecologicos","57":"product_tag-regalos-corporativos","58":"product_tag-regalos-empresas","59":"product_tag-regalos-novedosos","60":"product_tag-regalos-originales","61":"product_tag-regalos-personalizados","62":"product_tag-regalos-sustentables","63":"product_tag-siembra-papel","64":"product_tag-tag-biodegradable","65":"product_tag-tag-papel-semilla","66":"product_tag-tags_creativos","67":"product_tag-tags-craft","68":"product_tag-tags-creativos","69":"product_tag-tags-degradables","70":"product_tag-tags-ecofriendly","71":"product_tag-tags-ecologicas","72":"product_tag-tags-ecologicos","73":"product_tag-tags-papel-reciclado","74":"product_tag-tags-papel-semilla","75":"product_tag-tags-para-ropa","76":"product_tag-tags-plantables","77":"product_tag-tags-semilla","78":"product_tag-tarjeta-biodegradable","79":"product_tag-tarjeta-papel-semilla","80":"product_tag-tarjetas-biodegradable","81":"product_tag-tarjetas-con-semillas","82":"product_tag-tarjetas-craft","83":"product_tag-tarjetas-creativas","84":"product_tag-tarjetas-de-agradecimiento","85":"product_tag-tarjetas-ecofriendly","86":"product_tag-tarjetas-ecologicas","87":"product_tag-tarjetas-gracias-por-tu-comra","88":"product_tag-tarjetas-papel-reciclado","89":"product_tag-tarjetas-papel-semilla","90":"product_tag-tarjetas-personalizadas","91":"product_tag-tarjetas-plantables","92":"product_tag-tarjetas-sembrables","93":"product_tag-tarjetas-semilla","95":"first","96":"instock","97":"featured","98":"taxable","99":"shipping-taxable","100":"purchasable","101":"product-type-variable","102":"has-default-attributes"},"_links":{"self":[{"href":"https:\/\/eco-regalos.com\/movilpe\/wp-json\/wp\/v2\/product\/3043","targetHints":{"allow":["GET"]}}],"collection":[{"href":"https:\/\/eco-regalos.com\/movilpe\/wp-json\/wp\/v2\/product"}],"about":[{"href":"https:\/\/eco-regalos.com\/movilpe\/wp-json\/wp\/v2\/types\/product"}],"replies":[{"embeddable":true,"href":"https:\/\/eco-regalos.com\/movilpe\/wp-json\/wp\/v2\/comments?post=3043"}],"wp:featuredmedia":[{"embeddable":true,"href":"https:\/\/eco-regalos.com\/movilpe\/wp-json\/wp\/v2\/media\/2157"}],"wp:attachment":[{"href":"https:\/\/eco-regalos.com\/movilpe\/wp-json\/wp\/v2\/media?parent=3043"}],"wp:term":[{"taxonomy":"product_brand","embeddable":true,"href":"https:\/\/eco-regalos.com\/movilpe\/wp-json\/wp\/v2\/product_brand?post=3043"},{"taxonomy":"product_cat","embeddable":true,"href":"https:\/\/eco-regalos.com\/movilpe\/wp-json\/wp\/v2\/product_cat?post=3043"},{"taxonomy":"product_tag","embeddable":true,"href":"https:\/\/eco-regalos.com\/movilpe\/wp-json\/wp\/v2\/product_tag?post=3043"}],"curies":[{"name":"wp","href":"https:\/\/api.w.org\/{rel}","templated":true}]}}