{"id":306,"date":"2018-08-07T09:22:00","date_gmt":"2018-08-07T14:22:00","guid":{"rendered":"http:\/\/eco-regalos.com\/movilpe\/?post_type=product&#038;p=306"},"modified":"2023-09-12T20:48:42","modified_gmt":"2023-09-13T01:48:42","slug":"145","status":"publish","type":"product","link":"https:\/\/eco-regalos.com\/movilpe\/producto\/145\/","title":{"rendered":"Kit Mini HUERTO con empaque Publicitario<br><font size=\"2\"> Cantidad min\u00edma: 1000 Unidades <\/font>"},"content":{"rendered":"<p><span style=\"color: #808080;\">Solicita la plantilla de dise\u00f1o para elaborar el arte con tu marca, dise\u00f1o o evento.<\/span><\/p>\n<p><span style=\"color: #999999;\"><em>Consultar disponibilidad<\/em><\/span><\/p>\n<p>&nbsp;<\/p>\n","protected":false},"excerpt":{"rendered":"[xyz-ips snippet=\"solicitarcotizacion\"]\n<p><span style=\"color: #808080;\">Pr\u00e1ctico y l\u00fadico kit <strong>para agricultura urbana o huertos en casa o espacios interiores.\u00a0 <\/strong><\/span><\/p>\n<p><strong><span style=\"color: #33cccc;\">Con este kit puedes hacer una huerta en tu cocina, oficina, ventana o en espacios peque\u00f1os con diferentes especias.<\/span><\/strong><\/p>\n<p><span style=\"color: #808080;\"><strong>Viene con un hermoso empaque full color con tu imagen o dise\u00f1o.<\/strong><\/span><\/p>\n<p><span style=\"color: #808080;\">Cada vez m\u00e1s personas se animan a montar un mini huerto urbano en su casa. Un balc\u00f3n o una ventana en la cocina pueden ser un lugar de cultivo de todo tipo de frutas, verduras y hortalizas. Para ello, no hace falta ser un agricultor profesional solo tener mucho \u00e1nimo y buenos elementos.<\/span><\/p>\n<p><strong><span style=\"color: #808080;\">El kit de mini huertas caseras\u00a0es muy sencillo de usar, solo se agrega agua a la bandeja de riego y listo. Comienzan a germinar tus plantas.<\/span><\/strong><\/p>\n<p><strong><span style=\"color: #33cccc;\">El Kit Incluye:<\/span><\/strong><\/p>\n<p><span style=\"color: #808080;\">&#8211; Empaque Ecol\u00f3gico personalizado con tu imagen full color<\/span><\/p>\n<p><span style=\"color: #808080;\">&#8211; 6 eco-germinadores por especie (Tu eliges la semilla)<\/span><br \/>\n<span style=\"color: #808080;\">&#8211; 1 bandeja de germinaci\u00f3n<\/span><\/p>\n<p><span style=\"color: #808080;\">&#8211; 1 bandeja de riego<\/span><\/p>\n<p><span style=\"color: #808080;\">&#8211; Soporte t\u00e9cnico especializado<\/span><\/p>\n<p><strong><span style=\"color: #33cccc;\">Este producto es ideal para campa\u00f1as de sensibilizaci\u00f3n ambiental, celebraci\u00f3n de fechas ambientales, recordatorios de eventos relacionados con el agro y el cuidado del ambiente y para campa\u00f1as con fines educativos y pedag\u00f3gicos.<\/span><\/strong><\/p>\n<p><span style=\"color: #33cccc;\"><strong>Personalizaci\u00f3n incluida:<\/strong><\/span><\/p>\n<p><span style=\"color: #808080;\">Empaque ecol\u00f3gico tipo faja<strong> full color<\/strong> con tu dise\u00f1o, marca o mensaje\u00a0<\/span><\/p>\n","protected":false},"featured_media":976,"comment_status":"open","ping_status":"closed","template":"","meta":[],"product_brand":[],"product_cat":[9,548,151,126],"product_tag":[278,174,265,275,282,288,262,263,289,164,274,161,299,306,166,175,295,313,314,297,296,209,310,311,312,309,234,233,300,160,171,301,200,290,165,267,162,277,291,286,285,261,284,260,307,269,305,304,298,280,168,303,302,169,281,294,308,293,292,270,273,272,283,279,259,287,276,271],"class_list":{"0":"post-306","1":"product","2":"type-product","3":"status-publish","4":"has-post-thumbnail","6":"product_cat-promocionales-ecologicos","7":"product_cat-kits_siembre_eco","8":"product_cat-macetas-ecologicas","9":"product_cat-regalos-navidad","10":"product_tag-biodegradable","11":"product_tag-bonsai","12":"product_tag-degradables","13":"product_tag-eco-tarjetas-plantables","14":"product_tag-eco-papel","15":"product_tag-eco-regalos","16":"product_tag-ecologicos","17":"product_tag-ecologicos-peru","18":"product_tag-ecoregalos","19":"product_tag-tags","20":"product_tag-etiquetas-ecologicas","21":"product_tag-flores","22":"product_tag-flores-regalo","23":"product_tag-flores-y-maceta","24":"product_tag-germinables","25":"product_tag-huertas-y-aromaticas","26":"product_tag-kit-de-siembra","27":"product_tag-kit-huerta","28":"product_tag-kit-huertos","29":"product_tag-kits-eco","30":"product_tag-kits-ecologicos","31":"product_tag-lapicero-ecologico","32":"product_tag-lapicero-con-semilla","33":"product_tag-lapicero-plantable","34":"product_tag-lapicero-semilla","35":"product_tag-lapiz-con-semilla","36":"product_tag-lapiz-plantable","37":"product_tag-lapiz-semilla","38":"product_tag-maceta-ecologica","39":"product_tag-macetas","40":"product_tag-macetero","41":"product_tag-maceteros-ecologicos","42":"product_tag-merch","43":"product_tag-merch-ecologico","44":"product_tag-merchandising","45":"product_tag-merchandising-ecologico","46":"product_tag-huertos","47":"product_tag-papel-con-semillas","48":"product_tag-papel-con-semillas-imprimir","49":"product_tag-papel-eco","50":"product_tag-papel-ecologico","51":"product_tag-papel-plantable","52":"product_tag-papel-sembrable","53":"product_tag-papel-semilla","54":"product_tag-papel-y-semilla","55":"product_tag-personalizados","56":"product_tag-planta-con-mensaje","57":"product_tag-planta-magica","58":"product_tag-plantas","59":"product_tag-productos-ecologicos","60":"product_tag-promocionales","61":"product_tag-regalar-plantas","62":"product_tag-regalar-semillas","63":"product_tag-regalos","64":"product_tag-regalos-corporativos","65":"product_tag-regalos-empresas","66":"product_tag-regalos-germinables","67":"product_tag-regalos-novedosos","68":"product_tag-regalos-originales","69":"product_tag-regalos-personalizados","70":"product_tag-regalos-sustentables","71":"product_tag-semillas","72":"product_tag-siembra-papel","73":"product_tag-sustentables","74":"product_tag-tarjetas-ecologicas","75":"product_tag-tarjetas-personalizadas","76":"product_tag-tarjetas-sembrables","77":"product_tag-tarjetas-semilla","79":"first","80":"instock","81":"taxable","82":"shipping-taxable","83":"purchasable","84":"product-type-simple"},"_links":{"self":[{"href":"https:\/\/eco-regalos.com\/movilpe\/wp-json\/wp\/v2\/product\/306","targetHints":{"allow":["GET"]}}],"collection":[{"href":"https:\/\/eco-regalos.com\/movilpe\/wp-json\/wp\/v2\/product"}],"about":[{"href":"https:\/\/eco-regalos.com\/movilpe\/wp-json\/wp\/v2\/types\/product"}],"replies":[{"embeddable":true,"href":"https:\/\/eco-regalos.com\/movilpe\/wp-json\/wp\/v2\/comments?post=306"}],"wp:featuredmedia":[{"embeddable":true,"href":"https:\/\/eco-regalos.com\/movilpe\/wp-json\/wp\/v2\/media\/976"}],"wp:attachment":[{"href":"https:\/\/eco-regalos.com\/movilpe\/wp-json\/wp\/v2\/media?parent=306"}],"wp:term":[{"taxonomy":"product_brand","embeddable":true,"href":"https:\/\/eco-regalos.com\/movilpe\/wp-json\/wp\/v2\/product_brand?post=306"},{"taxonomy":"product_cat","embeddable":true,"href":"https:\/\/eco-regalos.com\/movilpe\/wp-json\/wp\/v2\/product_cat?post=306"},{"taxonomy":"product_tag","embeddable":true,"href":"https:\/\/eco-regalos.com\/movilpe\/wp-json\/wp\/v2\/product_tag?post=306"}],"curies":[{"name":"wp","href":"https:\/\/api.w.org\/{rel}","templated":true}]}}