{"id":311,"date":"2018-08-07T09:31:00","date_gmt":"2018-08-07T14:31:00","guid":{"rendered":"http:\/\/eco-regalos.com\/movilpe\/?post_type=product&#038;p=311"},"modified":"2024-07-08T11:53:35","modified_gmt":"2024-07-08T16:53:35","slug":"143","status":"publish","type":"product","link":"https:\/\/eco-regalos.com\/movilpe\/producto\/143\/","title":{"rendered":"Kit Huerta o jard\u00edn en Caja de Regalo<br><font size=\"2\"> Cantidad min\u00edma: 1000 Unidades <\/font>"},"content":{"rendered":"<p><span style=\"color: #808080;\">Solicita la plantilla de dise\u00f1o para elaborar el arte con tu marca, dise\u00f1o o evento.<\/span><\/p>\n<p><span style=\"color: #808080;\"><strong>Personalizaci\u00f3n incluida:\u00a0<\/strong><\/span><\/p>\n<p><span style=\"color: #808080;\">Tu dise\u00f1o, marca o mensaje <strong>full color<\/strong> en la caja de regalo.<\/span><\/p>\n<p><span style=\"color: #808080;\">(4 laterales de 10.5 x 4 cm) a partir de 50 unidades.<\/span><\/p>\n<p><span style=\"color: #808080;\">(4 laterales de 10.5 x 4 cm y tapa superior) a partir de 500 unidades.<\/span><\/p>\n<p><span style=\"color: #999999;\"><strong>Consultar disponibilidad<\/strong><\/span><\/p>\n","protected":false},"excerpt":{"rendered":"<p><span style=\"color: #808080;\"><strong>KIT PARA GERMINAR\u00a0 UN JARD\u00cdN DE FLORES O UNA HUERTA.<\/strong><\/span><\/p>\n<p><span style=\"color: #33cccc;\"><strong>1. Jard\u00edn de flores en caja de regalo:<\/strong><\/span><\/p>\n<p><span style=\"color: #808080;\">Esta caja de regalo contiene <strong>un hermoso jard\u00edn con variedades de plantas para germinar<\/strong>, caracter\u00edsticas que hacen que este jard\u00edn sea variado y est\u00e9tico.<\/span><\/p>\n<p><span style=\"color: #808080;\"><strong>Contiene SEMILLAS DE FLORES:<\/strong><\/span><\/p>\n<p><span style=\"color: #808080;\"><strong>Campanilla:<\/strong>\u00a0Enredadera de flor az\u00fal que florece todos los d\u00edas<\/span><\/p>\n<p><span style=\"color: #808080;\"><strong>Dalhia<\/strong>: Flor sin centro que se propaga f\u00e1cilmente.<\/span><\/p>\n<p><span style=\"color: #808080;\"><strong>Zinnia:<\/strong>\u00a0Flores de colores variados.<\/span><\/p>\n<p><span style=\"color: #808080;\">De esta manera obtendr\u00e1s un lindo jard\u00edn que proviene de esta hermosa caja de regalo.\u00a0 En total son 18 ecogerminadores; es decir, 18 plantas que van extendiendo el jard\u00edn.<\/span><\/p>\n<p><strong><span style=\"color: #33cccc;\">El kit incluye:<\/span><\/strong><\/p>\n<p><span style=\"color: #808080;\">&#8211; Etiqueta personalizada full color<\/span><\/p>\n<p><span style=\"color: #808080;\">&#8211; Caja de regalo<\/span><\/p>\n<p><span style=\"color: #808080;\">&#8211; 3 bandejas de germinaci\u00f3n (Campanilla, zinnia y dalhia)<\/span><\/p>\n<p><span style=\"color: #808080;\">&#8211; 18 ecogerminadores<\/span><\/p>\n<p><span style=\"color: #808080;\">&#8211; 3 bandejas de riego<\/span><\/p>\n<p><strong><span style=\"color: #33cccc;\">2. Huerta de especias:<\/span><\/strong><\/p>\n<p><span style=\"color: #808080;\"><strong>Contiene aj\u00ed amarillo, culantro y perej\u00edl.<\/strong>\u00a0 Los ingredientes ideales para mantener frescos en tu balc\u00f3n o cocina.\u00a0 Son f\u00e1ciles de cultivar y tenerlas presente a la hora de cocinar, es una experiencia para compartir.<\/span><\/p>\n<p><span style=\"color: #808080;\">En total son 18 ecogerminadores; es decir, 18 plantas que van extendiendo la huerta casera.<\/span><\/p>\n<p><strong><span style=\"color: #33cccc;\">El kit incluye:<\/span><\/strong><\/p>\n<p><span style=\"color: #808080;\">&#8211; Etiqueta personalizada full color<\/span><\/p>\n<p><span style=\"color: #808080;\">&#8211; Caja de regalo<\/span><\/p>\n<p><span style=\"color: #808080;\">&#8211; 3 bandejas de germinaci\u00f3n\u00a0<\/span><\/p>\n<p><span style=\"color: #808080;\">&#8211; 18 ecogerminadores<\/span><\/p>\n<p><span style=\"color: #808080;\">&#8211; 3 bandejas de riego<\/span><\/p>\n<p><span style=\"color: #33cccc;\"><b style=\"color: #33cccc;\">5. Bons\u00e1i Cedro Rosado, el <\/b><span style=\"color: #33cccc;\"><b>\u00e1rbol<\/b><\/span><b style=\"color: #33cccc;\">\u00a0de la vida.<\/b><\/span><\/p>\n<p><span style=\"color: #808080;\"><strong>Contiene: <\/strong>Semillas de bons\u00e1i Cedro Rosado para germinar un bosque de arboles.<\/span><\/p>\n<p><strong><span style=\"color: #33cccc;\">El kit incluye:<\/span><\/strong><\/p>\n<p><span style=\"color: #808080;\">&#8211; Etiqueta personalizada full color<\/span><\/p>\n<p><span style=\"color: #808080;\">&#8211; Caja de regalo<\/span><\/p>\n<p><span style=\"color: #808080;\">&#8211; 3 bandejas de germinaci\u00f3n\u00a0<\/span><\/p>\n<p><span style=\"color: #808080;\">&#8211; 18 ecogerminadores (Semillas a elecci\u00f3n)<\/span><\/p>\n<p><span style=\"color: #808080;\">&#8211; 3 bandejas de riego<\/span><\/p>\n<p><strong><span style=\"color: #33cccc;\">Personalizaci\u00f3n incluida:\u00a0<\/span><\/strong><\/p>\n<p><span style=\"color: #808080;\">Tu dise\u00f1o, marca o mensaje <strong>full color<\/strong> en la caja de regalo.<\/span><\/p>\n<p><span style=\"color: #808080;\"><strong><span style=\"color: #33cccc;\">Incluye:<\/span><\/strong> List\u00f3n o cintilla de regalo.<\/span><\/p>\n<p><strong><span style=\"color: #33cccc;\">Tama\u00f1o caja de regalo:<\/span><\/strong><\/p>\n<p><span style=\"color: #808080;\"><strong>Cerrada:<\/strong> 9 cm de altura x 10.5 de ancho\u00a0<\/span><\/p>\n<p><strong><span style=\"color: #808080;\">Abierta: <\/span><\/strong><span style=\"color: #808080;\">18 cm de altura por 10.5 de ancho<\/span><\/p>\n","protected":false},"featured_media":314,"comment_status":"open","ping_status":"closed","template":"","meta":[],"product_brand":[],"product_cat":[9,548],"product_tag":[],"class_list":{"0":"post-311","1":"product","2":"type-product","3":"status-publish","4":"has-post-thumbnail","6":"product_cat-promocionales-ecologicos","7":"product_cat-kits_siembre_eco","9":"first","10":"instock","11":"taxable","12":"shipping-taxable","13":"purchasable","14":"product-type-simple"},"_links":{"self":[{"href":"https:\/\/eco-regalos.com\/movilpe\/wp-json\/wp\/v2\/product\/311","targetHints":{"allow":["GET"]}}],"collection":[{"href":"https:\/\/eco-regalos.com\/movilpe\/wp-json\/wp\/v2\/product"}],"about":[{"href":"https:\/\/eco-regalos.com\/movilpe\/wp-json\/wp\/v2\/types\/product"}],"replies":[{"embeddable":true,"href":"https:\/\/eco-regalos.com\/movilpe\/wp-json\/wp\/v2\/comments?post=311"}],"wp:featuredmedia":[{"embeddable":true,"href":"https:\/\/eco-regalos.com\/movilpe\/wp-json\/wp\/v2\/media\/314"}],"wp:attachment":[{"href":"https:\/\/eco-regalos.com\/movilpe\/wp-json\/wp\/v2\/media?parent=311"}],"wp:term":[{"taxonomy":"product_brand","embeddable":true,"href":"https:\/\/eco-regalos.com\/movilpe\/wp-json\/wp\/v2\/product_brand?post=311"},{"taxonomy":"product_cat","embeddable":true,"href":"https:\/\/eco-regalos.com\/movilpe\/wp-json\/wp\/v2\/product_cat?post=311"},{"taxonomy":"product_tag","embeddable":true,"href":"https:\/\/eco-regalos.com\/movilpe\/wp-json\/wp\/v2\/product_tag?post=311"}],"curies":[{"name":"wp","href":"https:\/\/api.w.org\/{rel}","templated":true}]}}