{"id":339,"date":"2018-08-07T11:28:25","date_gmt":"2018-08-07T16:28:25","guid":{"rendered":"http:\/\/eco-regalos.com\/movilpe\/?post_type=product&#038;p=339"},"modified":"2024-08-16T21:03:26","modified_gmt":"2024-08-17T02:03:26","slug":"242","status":"publish","type":"product","link":"https:\/\/eco-regalos.com\/movilpe\/producto\/242\/","title":{"rendered":"Tarjeta de presentaci\u00f3n Plantable <br><font size=\"2\"> Cantidad min\u00edma: 1000 Unidades <\/font>"},"content":{"rendered":"<h5>Fotos referenciales.<br \/>\nCantidades menores a 5.000 unidades sujetas a stock.<\/h5>\n<h5><strong><span style=\"color: #808080;\">Solicita la plantilla de dise\u00f1o para elaborar el arte con tu marca o dise\u00f1o.<\/span><\/strong><\/h5>\n<h5><a href=\"https:\/\/eco-regalos.com\/movilpe_old_old\/wp-content\/uploads\/2021\/02\/Especificaciones-y-recomendaciones-papel-plantable-01.jpg\" target=\"_blank\" rel=\"noopener\"><span style=\"color: #0000ff;\">Ver especificaciones t\u00e9cnicas y recomendaciones de dise\u00f1o dando click aqu\u00ed.<\/span><\/a><\/h5>\n<h5><em><span style=\"color: #808080;\">Este producto es elaborado con papel semilla (Capacidad germinativa: 70<\/span><\/em><span style=\"color: #808080;\">%<\/span><em><span style=\"color: #808080;\"> a 90<\/span><\/em><span style=\"color: #808080;\">%<\/span><em><span style=\"color: #808080;\"> )<\/span><\/em><em><span style=\"color: #808080;\"> Impreso con tintas ecol\u00f3gicas\u00a0a base de soya.<\/span><\/em><\/h5>\n","protected":false},"excerpt":{"rendered":"<p><span style=\"color: #808080;\"><strong>La Eco Business Card<\/strong>\u00a0es una\u00a0tarjeta de presentaci\u00f3n sembrable y germinable. Elaboradas en Papel Semilla<strong><span style=\"color: #33cccc;\">\u00a0<\/span>que se siembran para germina plantas.<\/strong>\u00a0El sustrato papel plantable viene personalizado con toda tu imagen publicitaria a color.<\/span><\/p>\n<p><span style=\"color: #808080;\">Puede contener un\u00a0<strong>c\u00f3digo QR<\/strong>\u00a0con toda tu informaci\u00f3n de contacto.\u00a0\u00a0<\/span><\/p>\n<p><span style=\"color: #008080;\"><strong>Es la mejor opci\u00f3n de presentaci\u00f3n:\u00a0ecol\u00f3gica, \u00a0tecnol\u00f3gica y eficaz; \u00a0esto debido a que tus datos se guardan directamente en el celular solo con escanear el c\u00f3digo para luego sembrarla<\/strong><\/span><\/p>\n<p><span style=\"color: #808080;\"><strong>Una manera creativa, memorable y ecol\u00f3gica para presentar tu empresa y reflejar tu compromiso con la naturaleza.<\/strong><\/span><\/p>\n<p><span style=\"color: #808080;\"><span style=\"color: #008080;\"><strong>Tama\u00f1o:<\/strong><\/span>\u00a08.5 cm x 4.7 cm\u00a0<em>aprox.<\/em><\/span><\/p>\n<p><span style=\"color: #008080;\"><strong>Impresi\u00f3n incluida:\u00a0\u00a0<\/strong><\/span><span style=\"color: #808080;\"><span style=\"color: #808080;\">Tu marca o dise\u00f1o\u00a0<\/span><strong style=\"color: #808080;\">full color <\/strong><span style=\"color: #808080;\">x 1 cara. <\/span><em><span style=\"color: #808080;\">(a partir de 5000 unidades, cantidades menores sale en color natural sin impresi\u00f3n)<\/span><\/em><\/span><\/p>\n<h6><span style=\"color: #008080;\"><strong><i>Env\u00edanos<\/i><em>\u00a0tu dise\u00f1o, recuerda reservar un espacio para las instrucciones de siembra.<\/em><\/strong><\/span><\/h6>\n<p><span style=\"color: #008080;\"><strong>Semillas disponibles:\u00a0\u00a0<\/strong><\/span><span style=\"color: #0000ff;\"><a style=\"color: #0000ff;\" href=\"https:\/\/eco-regalos.com\/movilpe_old_old\/semillas-de-temporada\/\" target=\"_blank\" rel=\"noopener\">Ver lista de especies de temporada<\/a><\/span><\/p>\n","protected":false},"featured_media":704,"comment_status":"open","ping_status":"closed","template":"","meta":[],"product_brand":[],"product_cat":[150,9,11],"product_tag":[278,265,275,282,288,262,263,289,164,274,200,290,165,267,277,291,286,285,261,284,260,269,280,281,294,293,292,270,273,272,283,279,259,287,276,271],"class_list":{"0":"post-339","1":"product","2":"type-product","3":"status-publish","4":"has-post-thumbnail","6":"product_cat-productos-ecologicos-eventos","7":"product_cat-promocionales-ecologicos","8":"product_cat-tarjetas-ecologicas-plantable","9":"product_tag-biodegradable","10":"product_tag-degradables","11":"product_tag-eco-tarjetas-plantables","12":"product_tag-eco-papel","13":"product_tag-eco-regalos","14":"product_tag-ecologicos","15":"product_tag-ecologicos-peru","16":"product_tag-ecoregalos","17":"product_tag-tags","18":"product_tag-etiquetas-ecologicas","19":"product_tag-merch","20":"product_tag-merch-ecologico","21":"product_tag-merchandising","22":"product_tag-merchandising-ecologico","23":"product_tag-papel-con-semillas","24":"product_tag-papel-con-semillas-imprimir","25":"product_tag-papel-eco","26":"product_tag-papel-ecologico","27":"product_tag-papel-plantable","28":"product_tag-papel-sembrable","29":"product_tag-papel-semilla","30":"product_tag-personalizados","31":"product_tag-productos-ecologicos","32":"product_tag-regalos-corporativos","33":"product_tag-regalos-empresas","34":"product_tag-regalos-novedosos","35":"product_tag-regalos-originales","36":"product_tag-regalos-personalizados","37":"product_tag-regalos-sustentables","38":"product_tag-semillas","39":"product_tag-siembra-papel","40":"product_tag-sustentables","41":"product_tag-tarjetas-ecologicas","42":"product_tag-tarjetas-personalizadas","43":"product_tag-tarjetas-sembrables","44":"product_tag-tarjetas-semilla","46":"first","47":"instock","48":"taxable","49":"shipping-taxable","50":"purchasable","51":"product-type-simple"},"_links":{"self":[{"href":"https:\/\/eco-regalos.com\/movilpe\/wp-json\/wp\/v2\/product\/339","targetHints":{"allow":["GET"]}}],"collection":[{"href":"https:\/\/eco-regalos.com\/movilpe\/wp-json\/wp\/v2\/product"}],"about":[{"href":"https:\/\/eco-regalos.com\/movilpe\/wp-json\/wp\/v2\/types\/product"}],"replies":[{"embeddable":true,"href":"https:\/\/eco-regalos.com\/movilpe\/wp-json\/wp\/v2\/comments?post=339"}],"wp:featuredmedia":[{"embeddable":true,"href":"https:\/\/eco-regalos.com\/movilpe\/wp-json\/wp\/v2\/media\/704"}],"wp:attachment":[{"href":"https:\/\/eco-regalos.com\/movilpe\/wp-json\/wp\/v2\/media?parent=339"}],"wp:term":[{"taxonomy":"product_brand","embeddable":true,"href":"https:\/\/eco-regalos.com\/movilpe\/wp-json\/wp\/v2\/product_brand?post=339"},{"taxonomy":"product_cat","embeddable":true,"href":"https:\/\/eco-regalos.com\/movilpe\/wp-json\/wp\/v2\/product_cat?post=339"},{"taxonomy":"product_tag","embeddable":true,"href":"https:\/\/eco-regalos.com\/movilpe\/wp-json\/wp\/v2\/product_tag?post=339"}],"curies":[{"name":"wp","href":"https:\/\/api.w.org\/{rel}","templated":true}]}}